{"id":7172,"date":"2024-12-19T11:48:50","date_gmt":"2024-12-19T11:48:50","guid":{"rendered":"https:\/\/www.controltecnica.com\/test\/?post_type=product&#038;p=7172"},"modified":"2025-05-09T06:51:37","modified_gmt":"2025-05-09T06:51:37","slug":"incubadoras-de-co2-serie-cbf-260","status":"publish","type":"product","link":"https:\/\/www.controltecnica.com\/test\/producto\/incubadoras-de-co2-serie-cbf-260\/","title":{"rendered":"Incubadoras de <span style=\"color:green;\">CO2<\/span> serie CBF 260"},"content":{"rendered":"<div class=\"wpb-content-wrapper\"><p>[vc_row row_height_percent=\u00bb0&#8243; override_padding=\u00bbyes\u00bb h_padding=\u00bb2&#8243; top_padding=\u00bb2&#8243; bottom_padding=\u00bb4&#8243; back_color=\u00bbcolor-xsdn\u00bb overlay_alpha=\u00bb50&#8243; gutter_size=\u00bb4&#8243; column_width_percent=\u00bb100&#8243; shift_y=\u00bb0&#8243; z_index=\u00bb0&#8243; inverted_device_order=\u00bbyes\u00bb uncode_shortcode_id=\u00bb120445&#8243; back_color_type=\u00bbuncode-palette\u00bb el_class=\u00bbnormalise-top-padding-mobile\u00bb][vc_column column_width_percent=\u00bb100&#8243; gutter_size=\u00bb1&#8243; override_padding=\u00bbyes\u00bb column_padding=\u00bb0&#8243; overlay_alpha=\u00bb50&#8243; shift_x=\u00bb0&#8243; shift_y=\u00bb0&#8243; shift_y_down=\u00bb0&#8243; z_index=\u00bb0&#8243; medium_width=\u00bb0&#8243; mobile_width=\u00bb0&#8243; width=\u00bb1\/2&#8243; uncode_shortcode_id=\u00bb127372&#8243;][vc_single_image dynamic=\u00bbyes\u00bb media_width_percent=\u00bb100&#8243; uncode_shortcode_id=\u00bb357305&#8243;][vc_gallery el_id=\u00bbgallery-499119&#8243; type=\u00bbcarousel\u00bb dynamic=\u00bbyes\u00bb carousel_lg=\u00bb2&#8243; carousel_md=\u00bb2&#8243; carousel_sm=\u00bb1&#8243; gutter_size=\u00bb3&#8243; carousel_interval=\u00bb3000&#8243; carousel_navspeed=\u00bb200&#8243; carousel_loop=\u00bbyes\u00bb carousel_nav=\u00bbyes\u00bb carousel_nav_mobile=\u00bbyes\u00bb stage_padding=\u00bb0&#8243; single_overlay_opacity=\u00bb50&#8243; single_padding=\u00bb2&#8243; uncode_shortcode_id=\u00bb157775&#8243;][\/vc_column][vc_column column_width_percent=\u00bb100&#8243; gutter_size=\u00bb2&#8243; overlay_alpha=\u00bb50&#8243; shift_x=\u00bb0&#8243; shift_y=\u00bb0&#8243; shift_y_down=\u00bb0&#8243; z_index=\u00bb0&#8243; medium_width=\u00bb0&#8243; mobile_width=\u00bb0&#8243; sticky=\u00bbyes\u00bb width=\u00bb1\/2&#8243; uncode_shortcode_id=\u00bb577386&#8243;][uncode_breadcrumbs text_lead=\u00bbsmall\u00bb wc_breadcrumbs=\u00bbyes\u00bb][vc_row_inner limit_content=\u00bb\u00bb][vc_column_inner column_width_percent=\u00bb100&#8243; gutter_size=\u00bb2&#8243; overlay_alpha=\u00bb50&#8243; shift_x=\u00bb0&#8243; shift_y=\u00bb0&#8243; shift_y_down=\u00bb0&#8243; z_index=\u00bb0&#8243; medium_width=\u00bb5&#8243; mobile_width=\u00bb0&#8243; width=\u00bb1\/1&#8243; uncode_shortcode_id=\u00bb839507&#8243;][vc_custom_heading auto_text=\u00bbyes\u00bb heading_semantic=\u00bbh1&#8243; text_size=\u00bbh1&#8243; uncode_shortcode_id=\u00bb644777&#8243;]This is a custom heading element.[\/vc_custom_heading][vc_custom_heading auto_text=\u00bbprice\u00bb heading_semantic=\u00bbh6&#8243; uncode_shortcode_id=\u00bb212952&#8243;]This is a custom heading element.[\/vc_custom_heading][\/vc_column_inner][\/vc_row_inner][vc_column_text auto_text=\u00bbexcerpt\u00bb uncode_shortcode_id=\u00bb147315&#8243;]I am text block. Click edit button to change this text. Lorem ipsum dolor sit amet, consectetur adipiscing elit. Ut elit tellus, luctus nec ullamcorper mattis, pulvinar dapibus leo.[\/vc_column_text][vc_button dynamic=\u00bbadd-to-cart\u00bb quantity=\u00bbvariation\u00bb button_color=\u00bbcolor-azulct\u00bb size=\u00bbbtn-lg\u00bb radius=\u00bbbtn-round\u00bb custom_typo=\u00bbyes\u00bb font_family=\u00bbfont-555555&#8243; font_weight=\u00bb500&#8243; border_width=\u00bb0&#8243; scale_mobile=\u00bbno\u00bb uncode_shortcode_id=\u00bb149789&#8243; button_color_type=\u00bbuncode-palette\u00bb]Text on the button[\/vc_button][uncode_block id=\u00bb141939&#8243; inside_column=\u00bbyes\u00bb][vc_separator sep_color=\u00bb,Default\u00bb][uncode_single_product_meta][vc_button button_color=\u00bbaccent\u00bb size=\u00bbbtn-sm\u00bb radius=\u00bbbtn-round\u00bb border_width=\u00bb0&#8243; scale_mobile=\u00bbno\u00bb link=\u00bburl:%23&#8243; button_color_type=\u00bbuncode-palette\u00bb el_class=\u00bbpopmake-142179&#8243; uncode_shortcode_id=\u00bb182647&#8243;]VER VIDEO[\/vc_button][\/vc_column][\/vc_row][vc_row row_height_percent=\u00bb0&#8243; override_padding=\u00bbyes\u00bb h_padding=\u00bb2&#8243; top_padding=\u00bb3&#8243; bottom_padding=\u00bb3&#8243; back_color=\u00bbcolor-lxmt\u00bb overlay_alpha=\u00bb50&#8243; gutter_size=\u00bb3&#8243; column_width_percent=\u00bb100&#8243; shift_y=\u00bb0&#8243; z_index=\u00bb0&#8243; uncode_shortcode_id=\u00bb731349&#8243; back_color_type=\u00bbuncode-palette\u00bb][vc_column column_width_use_pixel=\u00bbyes\u00bb gutter_size=\u00bb2&#8243; overlay_alpha=\u00bb50&#8243; shift_x=\u00bb0&#8243; shift_y=\u00bb0&#8243; shift_y_down=\u00bb0&#8243; z_index=\u00bb0&#8243; medium_width=\u00bb0&#8243; mobile_width=\u00bb0&#8243; width=\u00bb1\/1&#8243; uncode_shortcode_id=\u00bb348789&#8243;][vc_tabs tab_scrolling=\u00bbyes\u00bb typography=\u00bbyes\u00bb border_100=\u00bbyes\u00bb product_from_builder=\u00bbyes\u00bb][vc_tab icon=\u00bbfa fa-play\u00bb icon_size=\u00bbmd\u00bb gutter_size=\u00bb2&#8243; column_padding=\u00bb3&#8243; title=\u00bbModelos y Dimensiones\u00bb tab_id=\u00bb8596f1d3-cbcd17266528609841727094070509172726470442617307234396101730983540000173098444135217309847541221734607983188173737451842617376216024361737623419796&#8243; product_from_builder=\u00bbyes\u00bb][vc_row_inner limit_content=\u00bb\u00bb][vc_column_inner column_width_use_pixel=\u00bbyes\u00bb gutter_size=\u00bb3&#8243; overlay_alpha=\u00bb50&#8243; shift_x=\u00bb0&#8243; shift_y=\u00bb0&#8243; shift_y_down=\u00bb0&#8243; z_index=\u00bb0&#8243; medium_width=\u00bb0&#8243; mobile_width=\u00bb0&#8243; width=\u00bb1\/1&#8243; uncode_shortcode_id=\u00bb106164&#8243; column_width_pixel=\u00bb800&#8243;][vc_raw_html]JTNDZGl2JTIwc3R5bGUlM0QlMjJvdmVyZmxvdy14JTNBJTIwYXV0byUzQiUyMiUzRSUwQSUzQ3RhYmxlJTIwY2xhc3MlM0QlMjJ0YWJsZSUyMHRhYmxlLWNvbmRlbnNlZCUyMiUyMHN0eWxlJTNEJTIyZm9udC1zaXplJTNBJTIwMTJweCUzQmxpbmUtaGVpZ2h0JTNBJTIwMS4xJTIyJTNFJTBBJTNDdGJvZHklM0UlMEElM0N0ciUyMGNsYXNzJTNEJTIyaW5mbyUyMiUyMHN0eWxlJTNEJTIyYmFja2dyb3VuZC1jb2xvciUzQSUyMHdoaXRlJTNCJTIyJTNFJTBBJTNDdGQlMjBjbGFzcyUzRCUyMnRhYmxlX3ByYWwlMjIlM0UlM0NiJTNFTW9kZWxvJTNDJTJGYiUzRSUzQyUyRnRkJTNFJTBBJTNDdGQlMjBjbGFzcyUzRCUyMnRkX3ByYWwlMjIlM0VEaW1lbnNpb25lcyUyMGRlJTIwY2FyY2FzYSUyMHNpbiUyMGNvbXBvbmVudGVzJTIwbmklMjBjb25leGlvbmVzJTBBQW4lMjB4JTIwQWwlMjB4JTIwRiUyMCU1Qm1tJTVEJTNDJTJGdGQlM0UlMEElM0N0ZCUyMGNsYXNzJTNEJTIydGRfcHJhbCUyMiUzRURpbWVuc2lvbmVzJTIwaW50ZXJpb3JlcyUwQUFuJTIweCUyMEFsJTIweCUyMEYlMjAlNUJtbSU1RCUzQyUyRnRkJTNFJTBBJTNDdGQlMjBjbGFzcyUzRCUyMnRkX3ByYWwlMjIlM0VQZXNvJTIwbmV0byUwQSU1QmtnJTVEJTNDJTJGdGQlM0UlMEElM0N0ZCUyMGNsYXNzJTNEJTIydGRfcHJhbCUyMiUzRVZvbHVtZW4lMjBpbnRlcmlvciUwQSU1QkwlNUQlM0MlMkZ0ZCUzRSUwQSUzQ3RkJTIwY2xhc3MlM0QlMjJ0ZF9wcmFsJTIyJTNFRG9jdW1lbnRhY2klQzMlQjNuJTNDJTJGdGQlM0UlMEElM0MlMkZ0ciUzRSUwQSUzQ3RyJTIwY2xhc3MlM0QlMjJ0YWJsZV9jb2wyJTIyJTNFJTBBJTNDdGQlMjBjbGFzcyUzRCUyMnRhYmxlX3ByYWwlMjIlM0UlM0NhJTIwaHJlZiUzRCUyMmh0dHBzJTNBJTJGJTJGd3d3LmNvbnRyb2x0ZWNuaWNhLmNvbSUyRnRlc3QlMkZwcm9kdWN0byUyRmluY3ViYWRvcmFzLWRlLWNvMi1zZXJpZS1jYmYtMjYwJTJGJTIyJTNFQ0JGJTIwMjYwJTNDJTJGYSUzRSUzQyUyRnRkJTNFJTBBJTNDdGQlMjBjbGFzcyUzRCUyMnRkX25vcm1hbCUyMiUzRTc0MCUyMHglMjAxMDIwJTIweCUyMDc4NSUzQyUyRnRkJTNFJTBBJTNDdGQlMjBjbGFzcyUzRCUyMnRkX25vcm1hbCUyMiUzRTYyMCUyMHglMjA3NTAlMjB4JTIwNTc1JTNDJTJGdGQlM0UlMEElM0N0ZCUyMGNsYXNzJTNEJTIydGRfbm9ybWFsJTIyJTNFMTI1JTNDJTJGdGQlM0UlMEElM0N0ZCUyMGNsYXNzJTNEJTIydGRfbm9ybWFsJTIyJTNFMjY3JTNDJTJGdGQlM0UlMEElM0N0ZCUyMGNsYXNzJTNEJTIydGRfbm9ybWFsJTIyJTNFJTNDYSUyMGhyZWYlM0QlMjJodHRwcyUzQSUyRiUyRnd3dy5jb250cm9sdGVjbmljYS5jb20lMkZ0ZXN0JTJGd3AtY29udGVudCUyRnVwbG9hZHMlMkZEYXRhLVNoZWV0LU1vZGVsLUNCRi0yNjAtZXMucGRmJTIyJTNFcGRmJTIwdCVDMyVBOWNuaWNvJTNDJTJGYSUzRSUzQyUyRnRkJTNFJTBBJTNDJTJGdHIlM0UlMEElM0MlMkZ0Ym9keSUzRSUwQSUzQyUyRnRhYmxlJTNFJTBBJTNDJTJGZGl2JTNF[\/vc_raw_html][\/vc_column_inner][\/vc_row_inner][\/vc_tab][vc_tab icon=\u00bbfa fa-play\u00bb icon_size=\u00bbmd\u00bb gutter_size=\u00bb2&#8243; column_padding=\u00bb2&#8243; title=\u00bbDescripci\u00f3n\u00bb tab_id=\u00bb596f1d3-cbcd17266528609841727094070509172726470442617307234396101730983540000173098444135217309847541221734607983188173737451842617376216024361737623419796&#8243; product_from_builder=\u00bbyes\u00bb][vc_row_inner][vc_column_inner width=\u00bb1\/2&#8243;][vc_column_text funiter_custom_id=\u00bbfuniter_custom_5e43f8994e28e\u00bb text_larger=\u00bbno\u00bb]Todas las incubadoras de CO\u2082 de BINDER garantizan unas condiciones de crecimiento \u00f3ptimas y reproducibles para el cultivo de c\u00e9lulas. El nuevo sistema de calentamiento de envoltura de silicona se encarga, junto con la tecnolog\u00eda Permadry, de que no haya condensaci\u00f3n. Gracias a la esterilizaci\u00f3n por aire caliente a 180 \u00b0C, se eliminan con fiabilidad las bacterias y esporas cuando es necesario.<\/p>\n<p>La extraordinaria c\u00e1mara interna de una pieza, sin estructuras inc\u00f3modas, hace que la limpieza sea muy sencilla. Las incubadoras de CO\u2082de las series C y CB ofrecen grandes ventajas para el cultivo celular y de tejidos con una calidad constante.[\/vc_column_text][\/vc_column_inner][vc_column_inner width=\u00bb1\/2&#8243;][uncode_list icon=\u00bbfa fa-play\u00bb icon_color=\u00bbcolor-azulct\u00bb uncode_shortcode_id=\u00bb533373&#8243; icon_color_type=\u00bbuncode-palette\u00bb]<\/p>\n<ul>\n<li>Evaporaci\u00f3n del medio reducida al m\u00ednimo gracias a la alta humedad y r\u00e1pido tiempo de recuperaci\u00f3n.<\/li>\n<li>M\u00e1ximo espacio \u00fatil con la m\u00ednima superficie y un buen manejo<\/li>\n<li>Riesgo m\u00ednimo de contaminaci\u00f3n gracias a la esterilizaci\u00f3n por aire caliente<\/li>\n<li>Interior higi\u00e9nico y sin ventilador, de f\u00e1cil limpieza, sin estructuras<\/li>\n<li>Valores de pH estables gracias a la tecnolog\u00eda de sensores de CO\u2082 por infrarrojos sin deriva<\/li>\n<li>Rango de temperatura: desde 6 \u00b0C por encima de la temperatura ambiente hasta 60 \u00b0C<\/li>\n<li>Rango de humedad: desde 50 hasta 95 % h.r.<\/li>\n<li>Rango de regulaci\u00f3n de CO\u2082: 0-20 % vol. CO\u2082<\/li>\n<li>C\u00f3modo suministro de agua con bolsas flexibles reutilizables<\/li>\n<li>Concepto anticontaminaci\u00f3n probado con esterilizaci\u00f3n por aire caliente a 180 \u00b0C<\/li>\n<li>Sensor de CO\u2082 esterilizable por aire caliente con tecnolog\u00eda de infrarrojos de haz simple<\/li>\n<li>Tobera de mezcla de gas de CO\u2082 con efecto Venturi<\/li>\n<li>Controlador de pantalla t\u00e1ctil de manejo intuitivo<\/li>\n<li>Registro interno de datos de medici\u00f3n legible con formato abierto a trav\u00e9s de interfaz USB<\/li>\n<li>Sistema Fail Safe CO\u2082 para proteger el pH de los cultivos celulares<\/li>\n<li>Sistema DuoDoor\u2122: puerta exterior y puerta de cristal con apertura en un solo movimiento<\/li>\n<li>Puerta interior estanca de vidrio de seguridad<\/li>\n<li>C\u00e1mara interna de acero inoxidable sin soldaduras con acanaladuras como portabandejas<\/li>\n<li>Manilla de la puerta con llave<\/li>\n<li>Bandejas perforadas de acero inoxidable<\/li>\n<li>Interfaces: Ethernet, USB<\/li>\n<li>Contacto de alarma sin voltaje<\/li>\n<li>Equipos apilables mediante adaptador de apilado; la CBF es apta para el apilado con modelos CB Y CB-S del mismo tama\u00f1o<\/li>\n<\/ul>\n<p>[\/uncode_list][uncode_list icon=\u00bbfa fa-play\u00bb icon_color=\u00bbcolor-azulct\u00bb uncode_shortcode_id=\u00bb632084&#8243; icon_color_type=\u00bbuncode-palette\u00bb]<u>Equipamiento opcional:<\/u><\/p>\n<ul>\n<li>Variantes del modelo con rango de regulaci\u00f3n de O2: 0,2-20% vol. O2 o 10-95% vol. O2<\/li>\n<li>Variantes del modelo con rango de regulaci\u00f3n de humedad: 50-95% h.r. mediante humidificaci\u00f3n activa<\/li>\n<li>C\u00f3modo suministro de agua con bolsas flexibles reutilizables, botella de agua de un litro prerrellenada o kit de bidones de agua con soporte magn\u00e9tico, para variantes del modelo con humidificaci\u00f3n activa<\/li>\n<li>Puertas de cristal con m\u00faltiples divisiones y bandejas especiales para separar los experimentos en el espacio<\/li>\n<li>Adaptador de apilado para una instalaci\u00f3n segura y compacta<\/li>\n<li>Cambiador de botellas de gas para conectar dos botellas de gas a hasta dos incubadoras<\/li>\n<li>Agitador de CO2 con componentes resistentes a la corrosi\u00f3n enla carcasa de acero inoxidable<\/li>\n<li>Multi Management Software APT-COM: administraci\u00f3n, registro y documentaci\u00f3n de par\u00e1metros de dispositivos<\/li>\n<li>Servicios: amplios servicios que garantizan el correcto funcionamiento de los dispositivos<\/li>\n<\/ul>\n<p>[\/uncode_list][\/vc_column_inner][\/vc_row_inner][\/vc_tab][vc_tab icon=\u00bbfa fa-play\u00bb icon_size=\u00bbmd\u00bb gutter_size=\u00bb2&#8243; column_padding=\u00bb2&#8243; title=\u00bbMarca\u00bb tab_id=\u00bb28596f1d3-cbcd17266528609841727094070509172726470442617307234396101730983540000173098444135217309847541221734607983188173737451842617376216024361737623419796&#8243; product_from_builder=\u00bbyes\u00bb][vc_row_inner][vc_column_inner width=\u00bb1\/1&#8243;][uncode_block id=\u00bb141669&#8243; inside_column=\u00bbyes\u00bb][\/vc_column_inner][\/vc_row_inner][\/vc_tab][vc_tab icon=\u00bbfa fa-play\u00bb icon_size=\u00bbmd\u00bb gutter_size=\u00bb2&#8243; column_padding=\u00bb2&#8243; title=\u00bbAplicaciones\u00bb tab_id=\u00bb6728596f1d3-cbcd17266528609841727094070509172726470442617307234396101730983540000173098444135217309847541221734607983188173737451842617376216024361737623419796&#8243; product_from_builder=\u00bbyes\u00bb][vc_row_inner][vc_column_inner width=\u00bb1\/1&#8243;][uncode_block id=\u00bb141381&#8243; inside_column=\u00bbyes\u00bb][\/vc_column_inner][\/vc_row_inner][\/vc_tab][\/vc_tabs][vc_empty_space empty_h=\u00bb2&#8243;][vc_custom_heading text_color=\u00bbcolor-azulct\u00bb text_size=\u00bbh4&#8243; uncode_shortcode_id=\u00bb624924&#8243; text_color_type=\u00bbuncode-palette\u00bb]Productos Relacionados[\/vc_custom_heading][uncode_index el_id=\u00bbindex-1014389&#8243; index_type=\u00bbcarousel\u00bb loop=\u00bbsize:All|order_by:rand|order:ASC|post_type:product|tax_query:508|taxonomy_count:10&#8243; carousel_lg=\u00bb4&#8243; carousel_md=\u00bb4&#8243; carousel_sm=\u00bb1&#8243; gutter_size=\u00bb4&#8243; product_items=\u00bbmedia|featured|onpost|original|show-sale|enhanced-atc|inherit-w-atc|atc-typo-column|hide-atc,title\u00bb carousel_interval=\u00bb3000&#8243; carousel_navspeed=\u00bb400&#8243; carousel_loop=\u00bbyes\u00bb stage_padding=\u00bb0&#8243; single_shape=\u00bbround\u00bb radius=\u00bbstd\u00bb single_overlay_color=\u00bbcolor-wvjs\u00bb single_overlay_opacity=\u00bb20&#8243; single_text_anim=\u00bbno\u00bb single_image_anim=\u00bbno\u00bb single_h_align=\u00bbcenter\u00bb single_padding=\u00bb2&#8243; single_title_semantic=\u00bbh2&#8243; single_title_dimension=\u00bbh5&#8243; single_title_weight=\u00bb700&#8243; single_border=\u00bbyes\u00bb uncode_shortcode_id=\u00bb624132&#8243;][\/vc_column][\/vc_row]<\/p>\n<\/div>","protected":false},"excerpt":{"rendered":"<p>Incubadoras de CO2 con esterilizaci\u00f3n por aire caliente y regulaci\u00f3n de la humedad serie CBF. La incubadora BINDER CBF es una CB con regulaci\u00f3n de humedad. Por tanto, es id\u00f3nea para todas las aplicaciones de incubaci\u00f3n delicadas y garantiza resultados uniformes en ensayos con placas microonduladas. Adem\u00e1s, gracias a su amplio abanico de opciones y accesorios, las incubadoras de BINDER tambi\u00e9n permiten realizar cultivos complejos o generar ambientes de crecimiento individuales bajo condiciones hip\u00f3xidas.<\/p>\n<p><strong>Por favor, selecciona si deseas alg\u00fan servicio adicional:<\/strong><\/p>\n","protected":false},"featured_media":6928,"template":"","meta":{"iawp_total_views":38},"product_brand":[],"product_cat":[564],"product_tag":[508],"class_list":{"0":"post-7172","1":"product","2":"type-product","3":"status-publish","4":"has-post-thumbnail","6":"product_cat-incubadoras-co2-serie-cbf","7":"product_tag-tratamientos-termicos","9":"first","10":"instock","11":"taxable","12":"shipping-taxable","13":"purchasable","14":"product-type-variable"},"_links":{"self":[{"href":"https:\/\/www.controltecnica.com\/test\/wp-json\/wp\/v2\/product\/7172","targetHints":{"allow":["GET"]}}],"collection":[{"href":"https:\/\/www.controltecnica.com\/test\/wp-json\/wp\/v2\/product"}],"about":[{"href":"https:\/\/www.controltecnica.com\/test\/wp-json\/wp\/v2\/types\/product"}],"wp:featuredmedia":[{"embeddable":true,"href":"https:\/\/www.controltecnica.com\/test\/wp-json\/wp\/v2\/media\/6928"}],"wp:attachment":[{"href":"https:\/\/www.controltecnica.com\/test\/wp-json\/wp\/v2\/media?parent=7172"}],"wp:term":[{"taxonomy":"product_brand","embeddable":true,"href":"https:\/\/www.controltecnica.com\/test\/wp-json\/wp\/v2\/product_brand?post=7172"},{"taxonomy":"product_cat","embeddable":true,"href":"https:\/\/www.controltecnica.com\/test\/wp-json\/wp\/v2\/product_cat?post=7172"},{"taxonomy":"product_tag","embeddable":true,"href":"https:\/\/www.controltecnica.com\/test\/wp-json\/wp\/v2\/product_tag?post=7172"}],"curies":[{"name":"wp","href":"https:\/\/api.w.org\/{rel}","templated":true}]}}