{"id":6143,"date":"2024-12-19T11:48:14","date_gmt":"2024-12-19T11:48:14","guid":{"rendered":"https:\/\/www.controltecnica.com\/test\/?post_type=product&#038;p=6143"},"modified":"2025-04-15T07:33:40","modified_gmt":"2025-04-15T07:33:40","slug":"estufas-de-secado-de-conveccion-natural-ed-400","status":"publish","type":"product","link":"https:\/\/www.controltecnica.com\/test\/producto\/estufas-de-secado-de-conveccion-natural-ed-400\/","title":{"rendered":"Estufas de secado de convecci\u00f3n natural ED 400"},"content":{"rendered":"<div class=\"wpb-content-wrapper\"><p>[vc_row row_height_percent=\u00bb0&#8243; override_padding=\u00bbyes\u00bb h_padding=\u00bb2&#8243; top_padding=\u00bb2&#8243; bottom_padding=\u00bb4&#8243; back_color=\u00bbcolor-xsdn\u00bb overlay_alpha=\u00bb50&#8243; gutter_size=\u00bb4&#8243; column_width_percent=\u00bb100&#8243; shift_y=\u00bb0&#8243; z_index=\u00bb0&#8243; inverted_device_order=\u00bbyes\u00bb uncode_shortcode_id=\u00bb120445&#8243; back_color_type=\u00bbuncode-palette\u00bb el_class=\u00bbnormalise-top-padding-mobile\u00bb][vc_column column_width_percent=\u00bb100&#8243; align_horizontal=\u00bbalign_center\u00bb gutter_size=\u00bb1&#8243; override_padding=\u00bbyes\u00bb column_padding=\u00bb0&#8243; overlay_alpha=\u00bb50&#8243; shift_x=\u00bb0&#8243; shift_y=\u00bb0&#8243; shift_y_down=\u00bb0&#8243; z_index=\u00bb0&#8243; medium_width=\u00bb0&#8243; mobile_width=\u00bb0&#8243; width=\u00bb1\/2&#8243; uncode_shortcode_id=\u00bb642658&#8243;][vc_single_image dynamic=\u00bbyes\u00bb media_width_percent=\u00bb100&#8243; uncode_shortcode_id=\u00bb357305&#8243;][vc_gallery el_id=\u00bbgallery-499119&#8243; type=\u00bbcarousel\u00bb dynamic=\u00bbyes\u00bb carousel_lg=\u00bb2&#8243; carousel_md=\u00bb2&#8243; carousel_sm=\u00bb1&#8243; gutter_size=\u00bb3&#8243; carousel_interval=\u00bb3000&#8243; carousel_navspeed=\u00bb400&#8243; carousel_loop=\u00bbyes\u00bb stage_padding=\u00bb0&#8243; single_overlay_opacity=\u00bb50&#8243; single_padding=\u00bb2&#8243; uncode_shortcode_id=\u00bb511581&#8243;][vc_button button_color=\u00bbcolor-azulct\u00bb size=\u00bbbtn-sm\u00bb radius=\u00bbbtn-round\u00bb border_width=\u00bb0&#8243; link=\u00bburl:https%3A%2F%2Fwww.controltecnica.com%2Ftest%2Fwp-content%2Fuploads%2FDataSheetModelED400.pdf|target:_blank\u00bb button_color_type=\u00bbuncode-palette\u00bb uncode_shortcode_id=\u00bb789010&#8243;]Ver pdf t\u00e9cnico[\/vc_button][\/vc_column][vc_column column_width_percent=\u00bb100&#8243; gutter_size=\u00bb2&#8243; overlay_alpha=\u00bb50&#8243; shift_x=\u00bb0&#8243; shift_y=\u00bb0&#8243; shift_y_down=\u00bb0&#8243; z_index=\u00bb0&#8243; medium_width=\u00bb0&#8243; mobile_width=\u00bb0&#8243; sticky=\u00bbyes\u00bb width=\u00bb1\/2&#8243; uncode_shortcode_id=\u00bb577386&#8243;][uncode_breadcrumbs text_lead=\u00bbsmall\u00bb wc_breadcrumbs=\u00bbyes\u00bb][vc_row_inner limit_content=\u00bb\u00bb][vc_column_inner column_width_percent=\u00bb100&#8243; gutter_size=\u00bb2&#8243; overlay_alpha=\u00bb50&#8243; shift_x=\u00bb0&#8243; shift_y=\u00bb0&#8243; shift_y_down=\u00bb0&#8243; z_index=\u00bb0&#8243; medium_width=\u00bb5&#8243; mobile_width=\u00bb0&#8243; width=\u00bb1\/1&#8243; uncode_shortcode_id=\u00bb839507&#8243;][vc_custom_heading auto_text=\u00bbyes\u00bb heading_semantic=\u00bbh1&#8243; text_size=\u00bbh1&#8243; uncode_shortcode_id=\u00bb644777&#8243;]This is a custom heading element.[\/vc_custom_heading][vc_custom_heading auto_text=\u00bbprice\u00bb heading_semantic=\u00bbh6&#8243; uncode_shortcode_id=\u00bb212952&#8243;]This is a custom heading element.[\/vc_custom_heading][\/vc_column_inner][\/vc_row_inner][vc_column_text auto_text=\u00bbexcerpt\u00bb uncode_shortcode_id=\u00bb147315&#8243;]I am text block. Click edit button to change this text. Lorem ipsum dolor sit amet, consectetur adipiscing elit. Ut elit tellus, luctus nec ullamcorper mattis, pulvinar dapibus leo.[\/vc_column_text][vc_button dynamic=\u00bbadd-to-cart\u00bb quantity=\u00bbvariation\u00bb button_color=\u00bbcolor-azulct\u00bb size=\u00bbbtn-lg\u00bb radius=\u00bbbtn-round\u00bb custom_typo=\u00bbyes\u00bb font_family=\u00bbfont-555555&#8243; font_weight=\u00bb500&#8243; border_width=\u00bb0&#8243; scale_mobile=\u00bbno\u00bb uncode_shortcode_id=\u00bb149789&#8243; button_color_type=\u00bbuncode-palette\u00bb]Text on the button[\/vc_button][uncode_block id=\u00bb141939&#8243; inside_column=\u00bbyes\u00bb][vc_separator sep_color=\u00bb,Default\u00bb][uncode_single_product_meta][\/vc_column][\/vc_row][vc_row row_height_percent=\u00bb0&#8243; override_padding=\u00bbyes\u00bb h_padding=\u00bb2&#8243; top_padding=\u00bb3&#8243; bottom_padding=\u00bb3&#8243; back_color=\u00bbcolor-lxmt\u00bb overlay_alpha=\u00bb50&#8243; gutter_size=\u00bb3&#8243; column_width_percent=\u00bb100&#8243; shift_y=\u00bb0&#8243; z_index=\u00bb0&#8243; uncode_shortcode_id=\u00bb731349&#8243; back_color_type=\u00bbuncode-palette\u00bb][vc_column column_width_use_pixel=\u00bbyes\u00bb gutter_size=\u00bb2&#8243; overlay_alpha=\u00bb50&#8243; shift_x=\u00bb0&#8243; shift_y=\u00bb0&#8243; shift_y_down=\u00bb0&#8243; z_index=\u00bb0&#8243; medium_width=\u00bb0&#8243; mobile_width=\u00bb0&#8243; width=\u00bb1\/1&#8243; uncode_shortcode_id=\u00bb348789&#8243;][vc_tabs tab_scrolling=\u00bbyes\u00bb typography=\u00bbyes\u00bb border_100=\u00bbyes\u00bb product_from_builder=\u00bbyes\u00bb][vc_tab icon=\u00bbfa fa-play\u00bb icon_size=\u00bbmd\u00bb gutter_size=\u00bb2&#8243; column_padding=\u00bb3&#8243; title=\u00bbModelos y Dimensiones\u00bb tab_id=\u00bb8596f1d3-cbcd172665286098417270940705091727264704426173072343961017309835400001730984441352173098475412217346079831881737373369472&#8243; product_from_builder=\u00bbyes\u00bb][vc_row_inner limit_content=\u00bb\u00bb][vc_column_inner column_width_use_pixel=\u00bbyes\u00bb gutter_size=\u00bb3&#8243; overlay_alpha=\u00bb50&#8243; shift_x=\u00bb0&#8243; shift_y=\u00bb0&#8243; shift_y_down=\u00bb0&#8243; z_index=\u00bb0&#8243; medium_width=\u00bb0&#8243; mobile_width=\u00bb0&#8243; width=\u00bb1\/1&#8243; uncode_shortcode_id=\u00bb106164&#8243; column_width_pixel=\u00bb800&#8243;][vc_raw_html]JTNDZGl2JTIwc3R5bGUlM0QlMjJvdmVyZmxvdy14JTNBJTIwYXV0byUzQiUyMiUzRSUwQSUzQ3RhYmxlJTIwY2xhc3MlM0QlMjJ0YWJsZSUyMHRhYmxlLWNvbmRlbnNlZCUyMiUyMHN0eWxlJTNEJTIyZm9udC1zaXplJTNBJTIwMTJweCUzQmxpbmUtaGVpZ2h0JTNBJTIwMS4xJTIyJTNFJTBBJTNDdGJvZHklM0UlMEElM0N0ciUyMGNsYXNzJTNEJTIyaW5mbyUyMiUyMHN0eWxlJTNEJTIyYmFja2dyb3VuZC1jb2xvciUzQSUyMHdoaXRlJTNCJTIyJTNFJTBBJTNDdGQlMjBjbGFzcyUzRCUyMnRhYmxlX3ByYWwlMjIlM0UlM0NiJTNFTW9kZWxvJTNDJTJGYiUzRSUzQyUyRnRkJTNFJTBBJTNDdGQlMjBjbGFzcyUzRCUyMnRkX3ByYWwlMjIlM0VEaW1lbnNpb25lcyUyMGRlJTIwY2FyY2FzYSUyMHNpbiUyMGNvbXBvbmVudGVzJTIwbmklMjBjb25leGlvbmVzJTBBQW4lMjB4JTIwQWwlMjB4JTIwRiUyMCU1Qm1tJTVEJTNDJTJGdGQlM0UlMEElM0N0ZCUyMGNsYXNzJTNEJTIydGRfcHJhbCUyMiUzRURpbWVuc2lvbmVzJTIwaW50ZXJpb3JlcyUwQUFuJTIweCUyMEFsJTIweCUyMEYlMjAlNUJtbSU1RCUzQyUyRnRkJTNFJTBBJTNDdGQlMjBjbGFzcyUzRCUyMnRkX3ByYWwlMjIlM0VQZXNvJTIwbmV0byUwQSU1QmtnJTVEJTNDJTJGdGQlM0UlMEElM0N0ZCUyMGNsYXNzJTNEJTIydGRfcHJhbCUyMiUzRVZvbHVtZW4lMjBpbnRlcmlvciUwQSU1QkwlNUQlM0MlMkZ0ZCUzRSUwQSUzQ3RkJTIwY2xhc3MlM0QlMjJ0ZF9wcmFsJTIyJTNFRG9jdW1lbnRhY2klQzMlQjNuJTNDJTJGdGQlM0UlMEElM0MlMkZ0ciUzRSUwQSUzQ3RyJTIwY2xhc3MlM0QlMjJ0YWJsZV9jb2wyJTIyJTNFJTBBJTNDdGQlMjBjbGFzcyUzRCUyMnRhYmxlX3ByYWwlMjIlM0UlM0NiJTNFRUQlMjAyMyUzQyUyRmIlM0UlM0MlMkZ0ZCUzRSUwQSUzQ3RkJTIwY2xhc3MlM0QlMjJ0ZF9ub3JtYWwlMjIlM0U0MzUlMjB4JTIwNDk1JTIweCUyMDUyMCUzQyUyRnRkJTNFJTBBJTNDdGQlMjBjbGFzcyUzRCUyMnRkX25vcm1hbCUyMiUzRTIyMiUyMHglMjAzMzAlMjB4JTIwMzAwJTNDJTJGdGQlM0UlMEElM0N0ZCUyMGNsYXNzJTNEJTIydGRfbm9ybWFsJTIyJTNFMjclM0MlMkZ0ZCUzRSUwQSUzQ3RkJTIwY2xhc3MlM0QlMjJ0ZF9ub3JtYWwlMjIlM0UyMCUzQyUyRnRkJTNFJTBBJTNDdGQlMjBjbGFzcyUzRCUyMnRkX25vcm1hbCUyMiUzRSUzQ2ElMjBocmVmJTNEJTIyaHR0cHMlM0ElMkYlMkZ3d3cuY29udHJvbHRlY25pY2EuY29tJTJGdGVzdCUyRndwLWNvbnRlbnQlMkZ1cGxvYWRzJTJGRGF0YVNoZWV0TW9kZWxFRDAyMy5wZGYlMjIlMjB0YXJnZXQlM0QlMjJfYmxhbmslMjIlMjByZWwlM0QlMjJub29wZW5lciUyMiUzRXBkZiUyMHQlQzMlQTljbmljbyUzQyUyRmElM0UlM0MlMkZ0ZCUzRSUwQSUzQyUyRnRyJTNFJTBBJTNDdHIlMjBjbGFzcyUzRCUyMnRhYmxlX2NvbDElMjIlM0UlMEElM0N0ZCUyMGNsYXNzJTNEJTIydGFibGVfcHJhbCUyMiUzRSUzQ2IlM0VFRCUyMDU2JTNDJTJGYiUzRSUzQyUyRnRkJTNFJTBBJTNDdGQlMjBjbGFzcyUzRCUyMnRkX25vcm1hbCUyMiUzRTU2MCUyMHglMjA2MjUlMjB4JTIwNTY1JTNDJTJGdGQlM0UlMEElM0N0ZCUyMGNsYXNzJTNEJTIydGRfbm9ybWFsJTIyJTNFMzYwJTIweCUyMDQyMCUyMHglMjAzODAlM0MlMkZ0ZCUzRSUwQSUzQ3RkJTIwY2xhc3MlM0QlMjJ0ZF9ub3JtYWwlMjIlM0UzOSUzQyUyRnRkJTNFJTBBJTNDdGQlMjBjbGFzcyUzRCUyMnRkX25vcm1hbCUyMiUzRTU3JTNDJTJGdGQlM0UlMEElM0N0ZCUyMGNsYXNzJTNEJTIydGRfbm9ybWFsJTIyJTNFJTNDYSUyMGhyZWYlM0QlMjJodHRwcyUzQSUyRiUyRnd3dy5jb250cm9sdGVjbmljYS5jb20lMkZ0ZXN0JTJGd3AtY29udGVudCUyRnVwbG9hZHMlMkZEYXRhU2hlZXRNb2RlbEVEMDU2LnBkZiUyMiUyMHRhcmdldCUzRCUyMl9ibGFuayUyMiUyMHJlbCUzRCUyMm5vb3BlbmVyJTIyJTNFcGRmJTIwdCVDMyVBOWNuaWNvJTNDJTJGYSUzRSUzQyUyRnRkJTNFJTBBJTNDJTJGdHIlM0UlMEElM0N0ciUyMGNsYXNzJTNEJTIydGFibGVfY29sMiUyMiUzRSUwQSUzQ3RkJTIwY2xhc3MlM0QlMjJ0YWJsZV9wcmFsJTIyJTNFJTNDYiUzRUVEJTIwMTE1JTNDJTJGYiUzRSUzQyUyRnRkJTNFJTBBJTNDdGQlMjBjbGFzcyUzRCUyMnRkX25vcm1hbCUyMiUzRTcxMCUyMHglMjA3MzUlMjB4JTIwNjA1JTNDJTJGdGQlM0UlMEElM0N0ZCUyMGNsYXNzJTNEJTIydGRfbm9ybWFsJTIyJTNFNTEwJTIweCUyMDUzMCUyMHglMjA0MjUlM0MlMkZ0ZCUzRSUwQSUzQ3RkJTIwY2xhc3MlM0QlMjJ0ZF9ub3JtYWwlMjIlM0U1NCUzQyUyRnRkJTNFJTBBJTNDdGQlMjBjbGFzcyUzRCUyMnRkX25vcm1hbCUyMiUzRTExNCUzQyUyRnRkJTNFJTBBJTNDdGQlMjBjbGFzcyUzRCUyMnRkX25vcm1hbCUyMiUzRSUzQ2ElMjBocmVmJTNEJTIyaHR0cHMlM0ElMkYlMkZ3d3cuY29udHJvbHRlY25pY2EuY29tJTJGdGVzdCUyRndwLWNvbnRlbnQlMkZ1cGxvYWRzJTJGRGF0YVNoZWV0TW9kZWxFRDExNS5wZGYlMjIlMjB0YXJnZXQlM0QlMjJfYmxhbmslMjIlMjByZWwlM0QlMjJub29wZW5lciUyMiUzRXBkZiUyMHQlQzMlQTljbmljbyUzQyUyRmElM0UlM0MlMkZ0ZCUzRSUwQSUzQyUyRnRyJTNFJTBBJTNDdHIlMjBjbGFzcyUzRCUyMnRhYmxlX2NvbDElMjIlM0UlMEElM0N0ZCUyMGNsYXNzJTNEJTIydGFibGVfcHJhbCUyMiUzRSUzQ2IlM0VFRCUyMDI2MCUzQyUyRmIlM0UlM0MlMkZ0ZCUzRSUwQSUzQ3RkJTIwY2xhc3MlM0QlMjJ0ZF9ub3JtYWwlMjIlM0U4MTAlMjB4JTIwOTY1JTIweCUyMDc2MCUzQyUyRnRkJTNFJTBBJTNDdGQlMjBjbGFzcyUzRCUyMnRkX25vcm1hbCUyMiUzRTYxMCUyMHglMjA3NjAlMjB4JTIwNTUwJTNDJTJGdGQlM0UlMEElM0N0ZCUyMGNsYXNzJTNEJTIydGRfbm9ybWFsJTIyJTNFODUlM0MlMkZ0ZCUzRSUwQSUzQ3RkJTIwY2xhc3MlM0QlMjJ0ZF9ub3JtYWwlMjIlM0UyNTUlM0MlMkZ0ZCUzRSUwQSUzQ3RkJTIwY2xhc3MlM0QlMjJ0ZF9ub3JtYWwlMjIlM0UlM0NhJTIwaHJlZiUzRCUyMmh0dHBzJTNBJTJGJTJGd3d3LmNvbnRyb2x0ZWNuaWNhLmNvbSUyRnRlc3QlMkZ3cC1jb250ZW50JTJGdXBsb2FkcyUyRkRhdGFTaGVldE1vZGVsRUQyNjAucGRmJTIyJTIwdGFyZ2V0JTNEJTIyX2JsYW5rJTIyJTIwcmVsJTNEJTIybm9vcGVuZXIlMjIlM0VwZGYlMjB0JUMzJUE5Y25pY28lM0MlMkZhJTNFJTNDJTJGdGQlM0UlMEElM0MlMkZ0ciUzRSUwQSUzQ3RyJTIwY2xhc3MlM0QlMjJ0YWJsZV9jb2wyJTIyJTNFJTBBJTNDdGQlMjBjbGFzcyUzRCUyMnRhYmxlX3ByYWwlMjIlM0UlM0NiJTNFRUQlMjA0MDAlM0MlMkZiJTNFJTNDJTJGdGQlM0UlMEElM0N0ZCUyMGNsYXNzJTNEJTIydGRfbm9ybWFsJTIyJTNFMTIzNSUyMHglMjAxMDI1JTIweCUyMDc2NSUzQyUyRnRkJTNFJTBBJTNDdGQlMjBjbGFzcyUzRCUyMnRkX25vcm1hbCUyMiUzRTEwMDAlMjB4JTIwODAwJTIweCUyMDUyMCUzQyUyRnRkJTNFJTBBJTNDdGQlMjBjbGFzcyUzRCUyMnRkX25vcm1hbCUyMiUzRTEyNSUzQyUyRnRkJTNFJTBBJTNDdGQlMjBjbGFzcyUzRCUyMnRkX25vcm1hbCUyMiUzRTQwMCUzQyUyRnRkJTNFJTBBJTNDdGQlMjBjbGFzcyUzRCUyMnRkX25vcm1hbCUyMiUzRSUzQ2ElMjBocmVmJTNEJTIyaHR0cHMlM0ElMkYlMkZ3d3cuY29udHJvbHRlY25pY2EuY29tJTJGdGVzdCUyRndwLWNvbnRlbnQlMkZ1cGxvYWRzJTJGRGF0YVNoZWV0TW9kZWxFRDQwMC5wZGYlMjIlMjB0YXJnZXQlM0QlMjJfYmxhbmslMjIlMjByZWwlM0QlMjJub29wZW5lciUyMiUzRXBkZiUyMHQlQzMlQTljbmljbyUzQyUyRmElM0UlM0MlMkZ0ZCUzRSUwQSUzQyUyRnRyJTNFJTBBJTNDdHIlMjBjbGFzcyUzRCUyMnRhYmxlX2NvbDElMjIlM0UlMEElM0N0ZCUyMGNsYXNzJTNEJTIydGFibGVfcHJhbCUyMiUzRSUzQ2IlM0VFRCUyMDcyMCUzQyUyRmIlM0UlM0MlMkZ0ZCUzRSUwQSUzQ3RkJTIwY2xhc3MlM0QlMjJ0ZF9ub3JtYWwlMjIlM0UxMTY1JTIweCUyMDE1OTAlMjB4JTIwODcwJTNDJTJGdGQlM0UlMEElM0N0ZCUyMGNsYXNzJTNEJTIydGRfbm9ybWFsJTIyJTNFOTYwJTIweCUyMDEyODAlMjB4JTIwNjA1JTNDJTJGdGQlM0UlMEElM0N0ZCUyMGNsYXNzJTNEJTIydGRfbm9ybWFsJTIyJTNFMTY5JTNDJTJGdGQlM0UlMEElM0N0ZCUyMGNsYXNzJTNEJTIydGRfbm9ybWFsJTIyJTNFNzQzJTNDJTJGdGQlM0UlMEElM0N0ZCUyMGNsYXNzJTNEJTIydGRfbm9ybWFsJTIyJTNFJTNDYSUyMGhyZWYlM0QlMjJodHRwcyUzQSUyRiUyRnd3dy5jb250cm9sdGVjbmljYS5jb20lMkZ0ZXN0JTJGd3AtY29udGVudCUyRnVwbG9hZHMlMkZEYXRhU2hlZXRNb2RlbEVENzIwLnBkZiUyMiUyMHRhcmdldCUzRCUyMl9ibGFuayUyMiUyMHJlbCUzRCUyMm5vb3BlbmVyJTIyJTNFcGRmJTIwdCVDMyVBOWNuaWNvJTNDJTJGYSUzRSUzQyUyRnRkJTNFJTBBJTNDJTJGdHIlM0UlMEElM0MlMkZ0Ym9keSUzRSUwQSUzQyUyRnRhYmxlJTNFJTBBJTNDJTJGZGl2JTNF[\/vc_raw_html][\/vc_column_inner][\/vc_row_inner][\/vc_tab][vc_tab icon=\u00bbfa fa-play\u00bb icon_size=\u00bbmd\u00bb gutter_size=\u00bb2&#8243; column_padding=\u00bb2&#8243; title=\u00bbDescripci\u00f3n\u00bb tab_id=\u00bb596f1d3-cbcd172665286098417270940705091727264704426173072343961017309835400001730984441352173098475412217346079831881737373369472&#8243; product_from_builder=\u00bbyes\u00bb][vc_row_inner][vc_column_inner width=\u00bb1\/2&#8243;][vc_column_text funiter_custom_id=\u00bbfuniter_custom_5e43f8994e28e\u00bb text_larger=\u00bbno\u00bb]Una ventaja particular de las estufas de secado de BINDER son sus condiciones de secado homog\u00e9neas: la acreditada tecnolog\u00eda de c\u00e1mara de precalentamiento APT.line\u2122 proporciona una atemperaci\u00f3n homog\u00e9nea gracias a la convecci\u00f3n natural. De esta forma, se ofrecen las mismas condiciones de prueba en la totalidad del espacio \u00fatil, independientemente de la cantidad o el tama\u00f1o de la muestra. Las estufas de laboratorio de la serie ED de BINDER funcionan en un rango de temperatura de 5 \u00b0C a 300 \u00b0. De este modo ofrecen una amplia gama de aplicaciones con grandes reservas de potencia y tiempos breves de calentamiento.[\/vc_column_text][\/vc_column_inner][vc_column_inner width=\u00bb1\/2&#8243;][uncode_list icon=\u00bbfa fa-play\u00bb icon_color=\u00bbcolor-azulct\u00bb uncode_shortcode_id=\u00bb116489&#8243; icon_color_type=\u00bbuncode-palette\u00bb]<\/p>\n<ul>\n<li>Rango de temperatura: desde 5 \u00b0C por encima de la temperatura ambiente hasta 300 \u00b0C<\/li>\n<li>Hasta un 30 % menos de consumo energ\u00e9tico frente a los equipos disponibles en el mercado<\/li>\n<li>Gran precisi\u00f3n de temperatura gracias a la tecnolog\u00eda APT.line\u2122<\/li>\n<li>Convecci\u00f3n natural<\/li>\n<li>Controlador con pantalla LCD<\/li>\n<li>Regulaci\u00f3n de la rejilla de aire de salida por control electromec\u00e1nico<\/li>\n<li>2 rejillas cromadas<\/li>\n<li>Posibilidad de apilar equipos de hasta 115 L<\/li>\n<li>Dispositivo integrado de seguridad de temperatura con ajuste independiente de clase 2 (DIN 12880) y alarma \u00f3ptica<\/li>\n<li>Dise\u00f1o ergon\u00f3mico de la manilla<\/li>\n<li>Conexi\u00f3n USB para el registro de los datos<\/li>\n<\/ul>\n<p>[\/uncode_list][\/vc_column_inner][\/vc_row_inner][\/vc_tab][vc_tab icon=\u00bbfa fa-play\u00bb icon_size=\u00bbmd\u00bb gutter_size=\u00bb2&#8243; column_padding=\u00bb2&#8243; title=\u00bbMarca\u00bb tab_id=\u00bb28596f1d3-cbcd172665286098417270940705091727264704426173072343961017309835400001730984441352173098475412217346079831881737373369472&#8243; product_from_builder=\u00bbyes\u00bb][vc_row_inner][vc_column_inner width=\u00bb1\/1&#8243;][uncode_block id=\u00bb141669&#8243; inside_column=\u00bbyes\u00bb][\/vc_column_inner][\/vc_row_inner][\/vc_tab][vc_tab icon=\u00bbfa fa-play\u00bb icon_size=\u00bbmd\u00bb gutter_size=\u00bb2&#8243; column_padding=\u00bb2&#8243; title=\u00bbAplicaciones\u00bb tab_id=\u00bb6728596f1d3-cbcd172665286098417270940705091727264704426173072343961017309835400001730984441352173098475412217346079831881737373369472&#8243; product_from_builder=\u00bbyes\u00bb][vc_row_inner][vc_column_inner width=\u00bb1\/1&#8243;][uncode_block id=\u00bb141381&#8243; inside_column=\u00bbyes\u00bb][\/vc_column_inner][\/vc_row_inner][\/vc_tab][\/vc_tabs][vc_empty_space empty_h=\u00bb2&#8243;][vc_custom_heading text_color=\u00bbcolor-azulct\u00bb text_size=\u00bbh4&#8243; uncode_shortcode_id=\u00bb624924&#8243; text_color_type=\u00bbuncode-palette\u00bb]Productos Relacionados[\/vc_custom_heading][uncode_index el_id=\u00bbindex-1014389&#8243; index_type=\u00bbcarousel\u00bb loop=\u00bbsize:All|order_by:rand|order:ASC|post_type:product|tax_query:508|taxonomy_count:10&#8243; carousel_lg=\u00bb4&#8243; carousel_md=\u00bb4&#8243; carousel_sm=\u00bb1&#8243; gutter_size=\u00bb4&#8243; product_items=\u00bbmedia|featured|onpost|original|show-sale|enhanced-atc|inherit-w-atc|atc-typo-column|hide-atc,title\u00bb carousel_interval=\u00bb3000&#8243; carousel_navspeed=\u00bb400&#8243; carousel_loop=\u00bbyes\u00bb stage_padding=\u00bb0&#8243; single_shape=\u00bbround\u00bb radius=\u00bbstd\u00bb single_overlay_color=\u00bbcolor-wvjs\u00bb single_overlay_opacity=\u00bb20&#8243; single_text_anim=\u00bbno\u00bb single_image_anim=\u00bbno\u00bb single_h_align=\u00bbcenter\u00bb single_padding=\u00bb2&#8243; single_title_semantic=\u00bbh2&#8243; single_title_dimension=\u00bbh5&#8243; single_title_weight=\u00bb700&#8243; single_border=\u00bbyes\u00bb uncode_shortcode_id=\u00bb624132&#8243;][\/vc_column][\/vc_row]<\/p>\n<\/div>","protected":false},"excerpt":{"rendered":"<p>Para el secado, la esterilizaci\u00f3n y el almacenamiento t\u00e9rmico, BINDER ofrece distintas <strong>estufas de secado con convecci\u00f3n natural<\/strong> que satisfacen elevadas exigencias de calidad y garantizan un alto nivel de seguridad en el proceso. Las estufas de secado se caracterizan por su vers\u00e1til funcionalidad y satisfacen requerimientos diversos. Est\u00e1n indicadas para su uso en investigaci\u00f3n y ciencia, as\u00ed como en el control de calidad y en la industria.<\/p>\n<p><strong>Por favor, selecciona si deseas alg\u00fan servicio adicional:<\/strong><\/p>\n","protected":false},"featured_media":5541,"template":"","meta":{"iawp_total_views":34},"product_brand":[],"product_cat":[548],"product_tag":[508],"class_list":{"0":"post-6143","1":"product","2":"type-product","3":"status-publish","4":"has-post-thumbnail","6":"product_cat-estufas-secado-ed","7":"product_tag-tratamientos-termicos","9":"first","10":"instock","11":"taxable","12":"shipping-taxable","13":"purchasable","14":"product-type-variable"},"_links":{"self":[{"href":"https:\/\/www.controltecnica.com\/test\/wp-json\/wp\/v2\/product\/6143","targetHints":{"allow":["GET"]}}],"collection":[{"href":"https:\/\/www.controltecnica.com\/test\/wp-json\/wp\/v2\/product"}],"about":[{"href":"https:\/\/www.controltecnica.com\/test\/wp-json\/wp\/v2\/types\/product"}],"wp:featuredmedia":[{"embeddable":true,"href":"https:\/\/www.controltecnica.com\/test\/wp-json\/wp\/v2\/media\/5541"}],"wp:attachment":[{"href":"https:\/\/www.controltecnica.com\/test\/wp-json\/wp\/v2\/media?parent=6143"}],"wp:term":[{"taxonomy":"product_brand","embeddable":true,"href":"https:\/\/www.controltecnica.com\/test\/wp-json\/wp\/v2\/product_brand?post=6143"},{"taxonomy":"product_cat","embeddable":true,"href":"https:\/\/www.controltecnica.com\/test\/wp-json\/wp\/v2\/product_cat?post=6143"},{"taxonomy":"product_tag","embeddable":true,"href":"https:\/\/www.controltecnica.com\/test\/wp-json\/wp\/v2\/product_tag?post=6143"}],"curies":[{"name":"wp","href":"https:\/\/api.w.org\/{rel}","templated":true}]}}