{"id":6026,"date":"2020-04-16T09:17:16","date_gmt":"2020-04-16T09:17:16","guid":{"rendered":"https:\/\/www.controltecnica.com\/test\/?post_type=product&#038;p=6026"},"modified":"2025-04-15T08:02:30","modified_gmt":"2025-04-15T08:02:30","slug":"horno-de-secado-de-materiales-que-liberen-disolventes-serie-cdf","status":"publish","type":"product","link":"https:\/\/www.controltecnica.com\/test\/producto\/horno-de-secado-de-materiales-que-liberen-disolventes-serie-cdf\/","title":{"rendered":"Horno de secado de materiales que liberen disolventes serie CDF"},"content":{"rendered":"<div class=\"wpb-content-wrapper\"><p>[vc_row row_height_percent=\u00bb0&#8243; override_padding=\u00bbyes\u00bb h_padding=\u00bb2&#8243; top_padding=\u00bb2&#8243; bottom_padding=\u00bb4&#8243; back_color=\u00bbcolor-xsdn\u00bb overlay_alpha=\u00bb50&#8243; gutter_size=\u00bb4&#8243; column_width_percent=\u00bb100&#8243; shift_y=\u00bb0&#8243; z_index=\u00bb0&#8243; inverted_device_order=\u00bbyes\u00bb uncode_shortcode_id=\u00bb120445&#8243; back_color_type=\u00bbuncode-palette\u00bb el_class=\u00bbnormalise-top-padding-mobile\u00bb][vc_column column_width_percent=\u00bb100&#8243; gutter_size=\u00bb1&#8243; override_padding=\u00bbyes\u00bb column_padding=\u00bb0&#8243; overlay_alpha=\u00bb50&#8243; shift_x=\u00bb0&#8243; shift_y=\u00bb0&#8243; shift_y_down=\u00bb0&#8243; z_index=\u00bb0&#8243; medium_width=\u00bb0&#8243; mobile_width=\u00bb0&#8243; width=\u00bb1\/2&#8243; uncode_shortcode_id=\u00bb127372&#8243;][vc_single_image dynamic=\u00bbyes\u00bb media_width_percent=\u00bb100&#8243; uncode_shortcode_id=\u00bb357305&#8243;][vc_gallery el_id=\u00bbgallery-499119&#8243; type=\u00bbcarousel\u00bb dynamic=\u00bbyes\u00bb carousel_lg=\u00bb1&#8243; carousel_md=\u00bb1&#8243; carousel_sm=\u00bb1&#8243; gutter_size=\u00bb3&#8243; carousel_interval=\u00bb3000&#8243; carousel_navspeed=\u00bb400&#8243; carousel_loop=\u00bbyes\u00bb stage_padding=\u00bb0&#8243; single_overlay_opacity=\u00bb50&#8243; single_padding=\u00bb2&#8243; uncode_shortcode_id=\u00bb804863&#8243;][\/vc_column][vc_column column_width_percent=\u00bb100&#8243; gutter_size=\u00bb2&#8243; overlay_alpha=\u00bb50&#8243; shift_x=\u00bb0&#8243; shift_y=\u00bb0&#8243; shift_y_down=\u00bb0&#8243; z_index=\u00bb0&#8243; medium_width=\u00bb0&#8243; mobile_width=\u00bb0&#8243; sticky=\u00bbyes\u00bb width=\u00bb1\/2&#8243; uncode_shortcode_id=\u00bb577386&#8243;][uncode_breadcrumbs text_lead=\u00bbsmall\u00bb wc_breadcrumbs=\u00bbyes\u00bb][vc_row_inner limit_content=\u00bb\u00bb][vc_column_inner column_width_percent=\u00bb100&#8243; gutter_size=\u00bb2&#8243; overlay_alpha=\u00bb50&#8243; shift_x=\u00bb0&#8243; shift_y=\u00bb0&#8243; shift_y_down=\u00bb0&#8243; z_index=\u00bb0&#8243; medium_width=\u00bb5&#8243; mobile_width=\u00bb0&#8243; width=\u00bb1\/1&#8243; uncode_shortcode_id=\u00bb839507&#8243;][vc_custom_heading auto_text=\u00bbyes\u00bb heading_semantic=\u00bbh1&#8243; text_size=\u00bbh1&#8243; uncode_shortcode_id=\u00bb644777&#8243;]This is a custom heading element.[\/vc_custom_heading][vc_custom_heading auto_text=\u00bbprice\u00bb heading_semantic=\u00bbh6&#8243; uncode_shortcode_id=\u00bb212952&#8243;]This is a custom heading element.[\/vc_custom_heading][\/vc_column_inner][\/vc_row_inner][vc_column_text auto_text=\u00bbexcerpt\u00bb uncode_shortcode_id=\u00bb147315&#8243;]I am text block. Click edit button to change this text. Lorem ipsum dolor sit amet, consectetur adipiscing elit. Ut elit tellus, luctus nec ullamcorper mattis, pulvinar dapibus leo.[\/vc_column_text][vc_button dynamic=\u00bbadd-to-cart\u00bb quantity=\u00bbvariation\u00bb custom_typo=\u00bbyes\u00bb font_weight=\u00bb500&#8243; border_width=\u00bb0&#8243; scale_mobile=\u00bbno\u00bb uncode_shortcode_id=\u00bb212274&#8243;]Text on the button[\/vc_button][vc_separator sep_color=\u00bb,Default\u00bb][uncode_single_product_meta][\/vc_column][\/vc_row][vc_row row_height_percent=\u00bb0&#8243; override_padding=\u00bbyes\u00bb h_padding=\u00bb2&#8243; top_padding=\u00bb3&#8243; bottom_padding=\u00bb3&#8243; back_color=\u00bbcolor-lxmt\u00bb overlay_alpha=\u00bb50&#8243; gutter_size=\u00bb3&#8243; column_width_percent=\u00bb100&#8243; shift_y=\u00bb0&#8243; z_index=\u00bb0&#8243; uncode_shortcode_id=\u00bb731349&#8243; back_color_type=\u00bbuncode-palette\u00bb][vc_column column_width_use_pixel=\u00bbyes\u00bb gutter_size=\u00bb2&#8243; overlay_alpha=\u00bb50&#8243; shift_x=\u00bb0&#8243; shift_y=\u00bb0&#8243; shift_y_down=\u00bb0&#8243; z_index=\u00bb0&#8243; medium_width=\u00bb0&#8243; mobile_width=\u00bb0&#8243; width=\u00bb1\/1&#8243; uncode_shortcode_id=\u00bb348789&#8243;][vc_tabs tab_scrolling=\u00bbyes\u00bb typography=\u00bbyes\u00bb border_100=\u00bbyes\u00bb product_from_builder=\u00bbyes\u00bb][vc_tab icon=\u00bbfa fa-play\u00bb icon_size=\u00bbmd\u00bb gutter_size=\u00bb2&#8243; column_padding=\u00bb3&#8243; title=\u00bbModelos y Normativa\u00bb tab_id=\u00bb8596f1d3-cbcd172665286098417270940705091727265581638&#8243; product_from_builder=\u00bbyes\u00bb][vc_row_inner limit_content=\u00bb\u00bb][vc_column_inner column_width_use_pixel=\u00bbyes\u00bb gutter_size=\u00bb3&#8243; overlay_alpha=\u00bb50&#8243; shift_x=\u00bb0&#8243; shift_y=\u00bb0&#8243; shift_y_down=\u00bb0&#8243; z_index=\u00bb0&#8243; medium_width=\u00bb0&#8243; mobile_width=\u00bb0&#8243; width=\u00bb1\/1&#8243; uncode_shortcode_id=\u00bb106164&#8243; column_width_pixel=\u00bb800&#8243;][vc_raw_html]JTNDZGl2JTIwc3R5bGUlM0QlMjJvdmVyZmxvdy14JTNBJTIwYXV0byUzQiUyMiUzRSUwQSUzQ3RhYmxlJTIwY2xhc3MlM0QlMjJ0YWJsZSUyMHRhYmxlLWNvbmRlbnNlZCUyMiUyMHN0eWxlJTNEJTIyZm9udC1zaXplJTNBJTIwMTJweCUzQiUyMGxpbmUtaGVpZ2h0JTNBJTIwMS4xJTNCJTIyJTNFJTBBJTNDdGJvZHklM0UlMEElM0N0ciUyMGNsYXNzJTNEJTIyaW5mbyUyMiUyMHN0eWxlJTNEJTIyYmFja2dyb3VuZC1jb2xvciUzQSUyMHdoaXRlJTNCJTIyJTNFJTBBJTNDdGQlM0UlM0NiJTNFTW9kZWxvJTNDJTJGYiUzRSUzQyUyRnRkJTNFJTBBJTNDdGQlM0VUJUMyJUFBJTIwJTI4JUMyJUJBQyUyOSUzQyUyRnRkJTNFJTBBJTNDdGQlM0VNZWRpZGFzJTIwSW50ZXJuYXMlM0NiciUzRSUyOG1tJTI5JTNDYnIlM0VhbmNobyUyMHglMjBmb25kbyUyMHglMjBhbHRvJTNDJTJGdGQlM0UlMEElM0N0ZCUzRU1lZGlkYXMlMjBFeHRlcm5hcyUzQ2JyJTNFJTI4bW0lMjklM0NiciUzRWFuY2hvJTIweCUyMGZvbmRvJTIweCUyMGFsdG8lM0MlMkZ0ZCUzRSUwQSUzQ3RkJTNFQ2F1ZGFsJTIwZGUlMjBBaXJlJTNDYnIlM0UlMjhtMyUyRmglMjklM0MlMkZ0ZCUzRSUwQSUzQyUyRnRyJTNFJTBBJTNDdHIlMjBjbGFzcyUzRCUyMmluZm8lMjIlM0UlMEElM0N0ZCUzRUNERiUyMDYwJTJGNjAlMkY2MCUzQyUyRnRkJTNFJTBBJTNDdGQlM0UyMDAlMkYyNTAlMkYzMDAlMkYzNTAlM0MlMkZ0ZCUzRSUwQSUzQ3RkJTNFNjAwJTIweCUyMDYwMCUyMHglMjA2MDAlM0MlMkZ0ZCUzRSUwQSUzQ3RkJTNFMTI0MCUyMHglMjAxMDAwJTIweCUyMDEzMTAlM0MlMkZ0ZCUzRSUwQSUzQ3RkJTNFMTQwMCUzQyUyRnRkJTNFJTBBJTNDJTJGdHIlM0UlMEElM0N0ciUyMGNsYXNzJTNEJTIyaW5mbyUyMiUzRSUwQSUzQ3RkJTNFQ0RGJTIwNjAlMkY2MCUyRjkwJTNDJTJGdGQlM0UlMEElM0N0ZCUzRTIwMCUyRjI1MCUyRjMwMCUyRjM1MCUzQyUyRnRkJTNFJTBBJTNDdGQlM0U2MDAlMjB4JTIwNjAwJTIweCUyMDkwMCUzQyUyRnRkJTNFJTBBJTNDdGQlM0UxMjQwJTIweCUyMDEwMDAlMjB4JTIwMTYxMCUzQyUyRnRkJTNFJTBBJTNDdGQlM0UxNTAwJTNDJTJGdGQlM0UlMEElM0MlMkZ0ciUzRSUwQSUzQ3RyJTIwY2xhc3MlM0QlMjJpbmZvJTIyJTNFJTBBJTNDdGQlM0VDREYlMjA3NSUyRjc1JTJGMTI1JTNDJTJGdGQlM0UlMEElM0N0ZCUzRTIwMCUyRjI1MCUyRjMwMCUyRjM1MCUzQyUyRnRkJTNFJTBBJTNDdGQlM0U3NTAlMjB4JTIwNzUwJTIweCUyMDEyNTAlM0MlMkZ0ZCUzRSUwQSUzQ3RkJTNFMTUxMCUyMHglMjAxMTUwJTIweCUyMDIwNjAlM0MlMkZ0ZCUzRSUwQSUzQ3RkJTNFMjQwMCUzQyUyRnRkJTNFJTBBJTNDJTJGdHIlM0UlMEElM0N0ciUyMGNsYXNzJTNEJTIyaW5mbyUyMiUzRSUwQSUzQ3RkJTNFQ0RGJTIwMTAwJTJGMTAwJTJGMTUwJTNDJTJGdGQlM0UlMEElM0N0ZCUzRTIwMCUyRjI1MCUyRjMwMCUyRjM1MCUzQyUyRnRkJTNFJTBBJTNDdGQlM0UxMDAwJTIweCUyMDEwMDAlMjB4JTIwMTUwMCUzQyUyRnRkJTNFJTBBJTNDdGQlM0UxNzYwJTIweCUyMDE0MDAlMjB4JTIwMjM4MCUzQyUyRnRkJTNFJTBBJTNDdGQlM0U0MDAwJTNDJTJGdGQlM0UlMEElM0MlMkZ0ciUzRSUwQSUzQ3RyJTIwY2xhc3MlM0QlMjJpbmZvJTIyJTNFJTBBJTNDdGQlM0VDREYlMjAxMjUlMkYxMjUlMkYxNTAlM0MlMkZ0ZCUzRSUwQSUzQ3RkJTNFMjAwJTJGMjUwJTJGMzAwJTJGMzUwJTNDJTJGdGQlM0UlMEElM0N0ZCUzRTEyNTAlMjB4JTIwMTI1MCUyMHglMjAxNTAwJTNDJTJGdGQlM0UlMEElM0N0ZCUzRTIwMTAlMjB4JTIwMTY2NSUyMHglMjAyMzgwJTNDJTJGdGQlM0UlMEElM0N0ZCUzRTcyMDAlM0MlMkZ0ZCUzRSUwQSUzQyUyRnRyJTNFJTBBJTNDdHIlMjBjbGFzcyUzRCUyMmluZm8lMjIlM0UlMEElM0N0ZCUzRUNERiUyMDEyNSUyRjEyNSUyRjIwMCUzQyUyRnRkJTNFJTBBJTNDdGQlM0UyMDAlMkYyNTAlMkYzMDAlMkYzNTAlM0MlMkZ0ZCUzRSUwQSUzQ3RkJTNFMTI1MCUyMHglMjAxMjUwJTIweCUyMDIwMDAlM0MlMkZ0ZCUzRSUwQSUzQ3RkJTNFMjAxMCUyMHglMjAxNjY1JTIweCUyMDI4ODAlM0MlMkZ0ZCUzRSUwQSUzQ3RkJTNFNzIwMCUzQyUyRnRkJTNFJTBBJTNDJTJGdHIlM0UlMEElM0N0ciUyMGNsYXNzJTNEJTIyaW5mbyUyMiUzRSUwQSUzQ3RkJTNFQ0RGJTIwMTUwJTJGMTUwJTJGMjAwJTNDJTJGdGQlM0UlMEElM0N0ZCUzRTIwMCUyRjI1MCUyRjMwMCUyRjM1MCUzQyUyRnRkJTNFJTBBJTNDdGQlM0UxNTAwJTIweCUyMDE1MDAlMjB4JTIwMjAwMCUzQyUyRnRkJTNFJTBBJTNDdGQlM0UyMjYwJTIweCUyMDE5MTUlMjB4JTIwMjg4MCUzQyUyRnRkJTNFJTBBJTNDdGQlM0U3NjAwJTNDJTJGdGQlM0UlMEElM0MlMkZ0ciUzRSUwQSUzQ3RyJTIwY2xhc3MlM0QlMjJpbmZvJTIyJTNFJTBBJTNDdGQlM0VDREYlMjAxNzUlMkYxNzUlMkYyMDAlM0MlMkZ0ZCUzRSUwQSUzQ3RkJTNFMjAwJTJGMjUwJTJGMzAwJTJGMzUwJTNDJTJGdGQlM0UlMEElM0N0ZCUzRTE3NTAlMjB4JTIwMTc1MCUyMHglMjAyMDAwJTNDJTJGdGQlM0UlMEElM0N0ZCUzRTI1MTAlMjB4JTIwMjE2NSUyMHglMjAyODgwJTNDJTJGdGQlM0UlMEElM0N0ZCUzRTEwODAwJTNDJTJGdGQlM0UlMEElM0MlMkZ0ciUzRSUwQSUzQ3RyJTIwY2xhc3MlM0QlMjJpbmZvJTIyJTNFJTBBJTNDdGQlM0VDREYlMjAyMDAlMkYyMDAlMkYyMDAlM0MlMkZ0ZCUzRSUwQSUzQ3RkJTNFMjAwJTJGMjUwJTJGMzAwJTJGMzUwJTNDJTJGdGQlM0UlMEElM0N0ZCUzRTIwMDAlMjB4JTIwMjAwMCUyMHglMjAyMDAwJTNDJTJGdGQlM0UlMEElM0N0ZCUzRTI3NjAlMjB4JTIwMjQxNSUyMHglMjAyODgwJTNDJTJGdGQlM0UlMEElM0N0ZCUzRTExNDAwJTNDJTJGdGQlM0UlMEElM0MlMkZ0ciUzRSUwQSUzQyUyRnRib2R5JTNFJTBBJTNDJTJGdGFibGUlM0UlMEElM0MlMkZkaXYlM0U=[\/vc_raw_html][\/vc_column_inner][\/vc_row_inner][\/vc_tab][vc_tab icon=\u00bbfa fa-play\u00bb icon_size=\u00bbmd\u00bb gutter_size=\u00bb2&#8243; column_padding=\u00bb2&#8243; title=\u00bbDescripci\u00f3n\u00bb tab_id=\u00bb596f1d3-cbcd172665286098417270940705091727265581638&#8243; product_from_builder=\u00bbyes\u00bb][vc_row_inner][vc_column_inner width=\u00bb1\/2&#8243;][vc_column_text funiter_custom_id=\u00bbfuniter_custom_5e43f8994e28e\u00bb text_larger=\u00bbno\u00bb]<br \/>\nLa serie CDF est\u00e1 dise\u00f1ada para procesos de secado en los que se liberan sustancias que contienen disolventes durante el proceso y pueden enriquecer el aire que circula por el horno para formar una mezcla explosiva. Cumplimos los requisitos de seguridad de la norma DIN EN 1539, teniendo en cuenta el nivel de rendimiento. Hay disponibles 9 tama\u00f1os de espacio \u00fatiles. Todos los modelos con temperatura nominal hasta +200\u00baC, +250\u00baC, +300\u00baC o +350\u00baC.<\/p>\n<p>Una variedad de opciones suplementarias le permiten adaptar el horno a cualquier procesos de producci\u00f3n. Los rieles en el suelo de la c\u00e1mara, rampas de acceso, refuerzo de suelo, salida de aire controlado e incluso paso inferior que le permite cargar \u00f3ptimamente el horno con su material. El controlador est\u00e1ndar utilizado es Jumo pero adaptamos a nuestro cuadro cualquier controlador que se requiera.<\/p>\n<p>[\/vc_column_text][\/vc_column_inner][vc_column_inner width=\u00bb1\/2&#8243;][vc_column_text funiter_custom_id=\u00bbfuniter_custom_5e43f8994e28e\u00bb text_larger=\u00bbno\u00bb]<br \/>\nUtilizando un intercambiador de calor se pueden condensar los aerosoles liberados durante el proceso de secado y reducir la necesidad de energ\u00eda mediante el precalentamiento del aire fresco necesario.<\/p>\n<p>Se supervisan los flujos de volumen de aire circulante y de salida. Los monitores de flujo apagan la calefacci\u00f3n de forma inmediata y permanente en caso de que se produzcan fallos de funcionamiento (por debajo de las velocidades de flujo requeridas). Un error es se\u00f1alada ac\u00fastica y \u00f3pticamente.<\/p>\n<p>Un potente ventilador asegura una buena mezcla y evita la acumulaci\u00f3n de concentraciones de disolventes Para evitar mezclas explosivas de disolvente\/aire, una cantidad definida de aire caliente se descarga permanentemente al exterior por un ventilador de salida de aire y se sustituye por aire fresco.<br \/>\n[\/vc_column_text][\/vc_column_inner][\/vc_row_inner][\/vc_tab][vc_tab icon=\u00bbfa fa-play\u00bb icon_size=\u00bbmd\u00bb gutter_size=\u00bb2&#8243; column_padding=\u00bb2&#8243; title=\u00bbMarca\u00bb tab_id=\u00bb28596f1d3-cbcd172665286098417270940705091727265581638&#8243; product_from_builder=\u00bbyes\u00bb][vc_row_inner][vc_column_inner width=\u00bb1\/1&#8243;][uncode_block id=\u00bb141378&#8243; inside_column=\u00bbyes\u00bb][\/vc_column_inner][\/vc_row_inner][\/vc_tab][vc_tab icon=\u00bbfa fa-play\u00bb icon_size=\u00bbmd\u00bb gutter_size=\u00bb2&#8243; column_padding=\u00bb2&#8243; title=\u00bbAplicaciones\u00bb tab_id=\u00bb6728596f1d3-cbcd172665286098417270940705091727265581638&#8243; product_from_builder=\u00bbyes\u00bb][vc_row_inner][vc_column_inner width=\u00bb1\/1&#8243;][uncode_block id=\u00bb141381&#8243; inside_column=\u00bbyes\u00bb][\/vc_column_inner][\/vc_row_inner][\/vc_tab][\/vc_tabs][vc_empty_space empty_h=\u00bb2&#8243;][vc_custom_heading text_color=\u00bbcolor-azulct\u00bb text_size=\u00bbh4&#8243; uncode_shortcode_id=\u00bb624924&#8243; text_color_type=\u00bbuncode-palette\u00bb]Productos Relacionados[\/vc_custom_heading][uncode_index el_id=\u00bbindex-1014389&#8243; index_type=\u00bbcarousel\u00bb loop=\u00bbsize:All|order_by:rand|order:ASC|post_type:product|tax_query:508|taxonomy_count:10&#8243; carousel_lg=\u00bb4&#8243; carousel_md=\u00bb4&#8243; carousel_sm=\u00bb1&#8243; gutter_size=\u00bb4&#8243; product_items=\u00bbmedia|featured|onpost|original|show-sale|enhanced-atc|inherit-w-atc|atc-typo-column|hide-atc,title\u00bb carousel_interval=\u00bb3000&#8243; carousel_navspeed=\u00bb400&#8243; carousel_loop=\u00bbyes\u00bb stage_padding=\u00bb0&#8243; single_shape=\u00bbround\u00bb radius=\u00bbstd\u00bb single_overlay_color=\u00bbcolor-wvjs\u00bb single_overlay_opacity=\u00bb20&#8243; single_text_anim=\u00bbno\u00bb single_image_anim=\u00bbno\u00bb single_h_align=\u00bbcenter\u00bb single_padding=\u00bb2&#8243; single_title_semantic=\u00bbh2&#8243; single_title_dimension=\u00bbh5&#8243; single_title_weight=\u00bb700&#8243; single_border=\u00bbyes\u00bb uncode_shortcode_id=\u00bb859305&#8243;][\/vc_column][\/vc_row]<\/p>\n<\/div>","protected":false},"excerpt":{"rendered":"<p>Durante procesos de secado de revestimientos de superficies, de moldes y resinas de impregnaci\u00f3n, los disolventes liberados pueden acumularse con el aire y formar una mezcla explosiva. La presencia simult\u00e1nea de una fuente de ignici\u00f3n puede llevar a una explosi\u00f3n.<\/p>\n<p><strong>La serie CDF<\/strong> permite un control seguro de estos procesos de secado y tratamiento t\u00e9rmico limitando las cantidades de disolvente cumpliendo con los requisitos de seguridad de la norma EN 1539<\/p>\n","protected":false},"featured_media":6027,"template":"","meta":{"iawp_total_views":135},"product_brand":[],"product_cat":[512],"product_tag":[508],"class_list":{"0":"post-6026","1":"product","2":"type-product","3":"status-publish","4":"has-post-thumbnail","6":"product_cat-hornos-industriales","7":"product_tag-tratamientos-termicos","9":"first","10":"instock","11":"taxable","12":"shipping-taxable","13":"product-type-external"},"_links":{"self":[{"href":"https:\/\/www.controltecnica.com\/test\/wp-json\/wp\/v2\/product\/6026","targetHints":{"allow":["GET"]}}],"collection":[{"href":"https:\/\/www.controltecnica.com\/test\/wp-json\/wp\/v2\/product"}],"about":[{"href":"https:\/\/www.controltecnica.com\/test\/wp-json\/wp\/v2\/types\/product"}],"wp:featuredmedia":[{"embeddable":true,"href":"https:\/\/www.controltecnica.com\/test\/wp-json\/wp\/v2\/media\/6027"}],"wp:attachment":[{"href":"https:\/\/www.controltecnica.com\/test\/wp-json\/wp\/v2\/media?parent=6026"}],"wp:term":[{"taxonomy":"product_brand","embeddable":true,"href":"https:\/\/www.controltecnica.com\/test\/wp-json\/wp\/v2\/product_brand?post=6026"},{"taxonomy":"product_cat","embeddable":true,"href":"https:\/\/www.controltecnica.com\/test\/wp-json\/wp\/v2\/product_cat?post=6026"},{"taxonomy":"product_tag","embeddable":true,"href":"https:\/\/www.controltecnica.com\/test\/wp-json\/wp\/v2\/product_tag?post=6026"}],"curies":[{"name":"wp","href":"https:\/\/api.w.org\/{rel}","templated":true}]}}