{"id":6021,"date":"2020-04-16T08:27:17","date_gmt":"2020-04-16T08:27:17","guid":{"rendered":"https:\/\/www.controltecnica.com\/test\/?post_type=product&#038;p=6021"},"modified":"2025-05-09T06:47:59","modified_gmt":"2025-05-09T06:47:59","slug":"horno-de-secado-serie-cd","status":"publish","type":"product","link":"https:\/\/www.controltecnica.com\/test\/producto\/horno-de-secado-serie-cd\/","title":{"rendered":"Horno de secado serie CD"},"content":{"rendered":"<div class=\"wpb-content-wrapper\"><p>[vc_row row_height_percent=\u00bb0&#8243; override_padding=\u00bbyes\u00bb h_padding=\u00bb2&#8243; top_padding=\u00bb2&#8243; bottom_padding=\u00bb4&#8243; back_color=\u00bbcolor-xsdn\u00bb overlay_alpha=\u00bb50&#8243; gutter_size=\u00bb4&#8243; column_width_percent=\u00bb100&#8243; shift_y=\u00bb0&#8243; z_index=\u00bb0&#8243; inverted_device_order=\u00bbyes\u00bb uncode_shortcode_id=\u00bb120445&#8243; back_color_type=\u00bbuncode-palette\u00bb el_class=\u00bbnormalise-top-padding-mobile\u00bb][vc_column column_width_percent=\u00bb100&#8243; gutter_size=\u00bb1&#8243; override_padding=\u00bbyes\u00bb column_padding=\u00bb0&#8243; overlay_alpha=\u00bb50&#8243; shift_x=\u00bb0&#8243; shift_y=\u00bb0&#8243; shift_y_down=\u00bb0&#8243; z_index=\u00bb0&#8243; medium_width=\u00bb0&#8243; mobile_width=\u00bb0&#8243; width=\u00bb1\/2&#8243; uncode_shortcode_id=\u00bb127372&#8243;][vc_single_image dynamic=\u00bbyes\u00bb media_width_percent=\u00bb100&#8243; uncode_shortcode_id=\u00bb357305&#8243;][vc_gallery el_id=\u00bbgallery-499119&#8243; type=\u00bbcarousel\u00bb dynamic=\u00bbyes\u00bb carousel_lg=\u00bb2&#8243; carousel_md=\u00bb2&#8243; carousel_sm=\u00bb1&#8243; gutter_size=\u00bb3&#8243; carousel_interval=\u00bb3000&#8243; carousel_navspeed=\u00bb200&#8243; carousel_loop=\u00bbyes\u00bb carousel_nav=\u00bbyes\u00bb carousel_nav_mobile=\u00bbyes\u00bb stage_padding=\u00bb0&#8243; single_overlay_opacity=\u00bb50&#8243; single_padding=\u00bb2&#8243; uncode_shortcode_id=\u00bb147035&#8243;][\/vc_column][vc_column column_width_percent=\u00bb100&#8243; gutter_size=\u00bb2&#8243; overlay_alpha=\u00bb50&#8243; shift_x=\u00bb0&#8243; shift_y=\u00bb0&#8243; shift_y_down=\u00bb0&#8243; z_index=\u00bb0&#8243; medium_width=\u00bb0&#8243; mobile_width=\u00bb0&#8243; sticky=\u00bbyes\u00bb width=\u00bb1\/2&#8243; uncode_shortcode_id=\u00bb577386&#8243;][uncode_breadcrumbs text_lead=\u00bbsmall\u00bb wc_breadcrumbs=\u00bbyes\u00bb][vc_row_inner limit_content=\u00bb\u00bb][vc_column_inner column_width_percent=\u00bb100&#8243; gutter_size=\u00bb2&#8243; overlay_alpha=\u00bb50&#8243; shift_x=\u00bb0&#8243; shift_y=\u00bb0&#8243; shift_y_down=\u00bb0&#8243; z_index=\u00bb0&#8243; medium_width=\u00bb5&#8243; mobile_width=\u00bb0&#8243; width=\u00bb1\/1&#8243; uncode_shortcode_id=\u00bb839507&#8243;][vc_custom_heading auto_text=\u00bbyes\u00bb heading_semantic=\u00bbh1&#8243; text_size=\u00bbh1&#8243; uncode_shortcode_id=\u00bb644777&#8243;]This is a custom heading element.[\/vc_custom_heading][vc_custom_heading auto_text=\u00bbprice\u00bb heading_semantic=\u00bbh6&#8243; uncode_shortcode_id=\u00bb212952&#8243;]This is a custom heading element.[\/vc_custom_heading][\/vc_column_inner][\/vc_row_inner][vc_column_text auto_text=\u00bbexcerpt\u00bb uncode_shortcode_id=\u00bb147315&#8243;]I am text block. Click edit button to change this text. Lorem ipsum dolor sit amet, consectetur adipiscing elit. Ut elit tellus, luctus nec ullamcorper mattis, pulvinar dapibus leo.[\/vc_column_text][vc_button dynamic=\u00bbadd-to-cart\u00bb quantity=\u00bbvariation\u00bb custom_typo=\u00bbyes\u00bb font_weight=\u00bb500&#8243; border_width=\u00bb0&#8243; scale_mobile=\u00bbno\u00bb uncode_shortcode_id=\u00bb212274&#8243;]Text on the button[\/vc_button][vc_separator sep_color=\u00bb,Default\u00bb][uncode_single_product_meta][\/vc_column][\/vc_row][vc_row row_height_percent=\u00bb0&#8243; override_padding=\u00bbyes\u00bb h_padding=\u00bb2&#8243; top_padding=\u00bb3&#8243; bottom_padding=\u00bb3&#8243; back_color=\u00bbcolor-lxmt\u00bb overlay_alpha=\u00bb50&#8243; gutter_size=\u00bb3&#8243; column_width_percent=\u00bb100&#8243; shift_y=\u00bb0&#8243; z_index=\u00bb0&#8243; uncode_shortcode_id=\u00bb731349&#8243; back_color_type=\u00bbuncode-palette\u00bb][vc_column column_width_use_pixel=\u00bbyes\u00bb gutter_size=\u00bb2&#8243; overlay_alpha=\u00bb50&#8243; shift_x=\u00bb0&#8243; shift_y=\u00bb0&#8243; shift_y_down=\u00bb0&#8243; z_index=\u00bb0&#8243; medium_width=\u00bb0&#8243; mobile_width=\u00bb0&#8243; width=\u00bb1\/1&#8243; uncode_shortcode_id=\u00bb348789&#8243;][vc_tabs tab_scrolling=\u00bbyes\u00bb typography=\u00bbyes\u00bb border_100=\u00bbyes\u00bb product_from_builder=\u00bbyes\u00bb][vc_tab icon=\u00bbfa fa-play\u00bb icon_size=\u00bbmd\u00bb gutter_size=\u00bb2&#8243; column_padding=\u00bb3&#8243; title=\u00bbModelos y Normativa\u00bb tab_id=\u00bb8596f1d3-cbcd172665286098417270940705091727264704426&#8243; product_from_builder=\u00bbyes\u00bb][vc_row_inner limit_content=\u00bb\u00bb][vc_column_inner column_width_use_pixel=\u00bbyes\u00bb gutter_size=\u00bb3&#8243; overlay_alpha=\u00bb50&#8243; shift_x=\u00bb0&#8243; shift_y=\u00bb0&#8243; shift_y_down=\u00bb0&#8243; z_index=\u00bb0&#8243; medium_width=\u00bb0&#8243; mobile_width=\u00bb0&#8243; width=\u00bb1\/1&#8243; uncode_shortcode_id=\u00bb106164&#8243; column_width_pixel=\u00bb800&#8243;][vc_raw_html]JTNDZGl2JTIwc3R5bGUlM0QlMjJvdmVyZmxvdy14JTNBJTIwYXV0byUzQiUyMiUzRSUwQSUzQ3RhYmxlJTIwY2xhc3MlM0QlMjJ0YWJsZSUyMHRhYmxlLWNvbmRlbnNlZCUyMiUyMHN0eWxlJTNEJTIyZm9udC1zaXplJTNBJTIwMTJweCUzQiUyMGxpbmUtaGVpZ2h0JTNBJTIwMS4xJTNCJTIyJTNFJTBBJTNDdGJvZHklM0UlMEElM0N0ciUyMGNsYXNzJTNEJTIyaW5mbyUyMiUyMHN0eWxlJTNEJTIyYmFja2dyb3VuZC1jb2xvciUzQSUyMHdoaXRlJTNCJTIyJTNFJTBBJTNDdGQlM0UlM0NiJTNFTW9kZWxvJTNDJTJGYiUzRSUzQyUyRnRkJTNFJTBBJTNDdGQlM0VUJUMyJUFBJTIwJTI4JUMyJUJBQyUyOSUzQyUyRnRkJTNFJTBBJTNDdGQlM0VNZWRpZGFzJTIwSW50ZXJuYXMlM0NiciUzRSUyOG1tJTI5JTNDYnIlM0VhbmNobyUyMHglMjBmb25kbyUyMHglMjBhbHRvJTNDJTJGdGQlM0UlMEElM0N0ZCUzRU1lZGlkYXMlMjBFeHRlcm5hcyUzQ2JyJTNFJTI4bW0lMjklM0NiciUzRWFuY2hvJTIweCUyMGZvbmRvJTIweCUyMGFsdG8lM0MlMkZ0ZCUzRSUwQSUzQ3RkJTNFQ2F1ZGFsJTIwZGUlMjBBaXJlJTNDYnIlM0UlMjhtMyUyRmglMjklM0MlMkZ0ZCUzRSUwQSUzQyUyRnRyJTNFJTBBJTNDdHIlMjBjbGFzcyUzRCUyMmluZm8lMjIlM0UlMEElM0N0ZCUzRUNEJTIwNjAlMkY2MCUyRjYwJTNDJTJGdGQlM0UlMEElM0N0ZCUzRTIwMCUyRjI1MCUyRjMwMCUyRjM1MCUzQyUyRnRkJTNFJTBBJTNDdGQlM0U2MDAlMjB4JTIwNjAwJTIweCUyMDYwMCUzQyUyRnRkJTNFJTBBJTNDdGQlM0UxMjQwJTIweCUyMDEwMDAlMjB4JTIwMTMxMCUzQyUyRnRkJTNFJTBBJTNDdGQlM0UxNDAwJTNDJTJGdGQlM0UlMEElM0MlMkZ0ciUzRSUwQSUzQ3RyJTIwY2xhc3MlM0QlMjJpbmZvJTIyJTNFJTBBJTNDdGQlM0VDRCUyMDYwJTJGNjAlMkY5MCUzQyUyRnRkJTNFJTBBJTNDdGQlM0UyMDAlMkYyNTAlMkYzMDAlMkYzNTAlM0MlMkZ0ZCUzRSUwQSUzQ3RkJTNFNjAwJTIweCUyMDYwMCUyMHglMjA5MDAlM0MlMkZ0ZCUzRSUwQSUzQ3RkJTNFMTI0MCUyMHglMjAxMDAwJTIweCUyMDE2MTAlM0MlMkZ0ZCUzRSUwQSUzQ3RkJTNFMTUwMCUzQyUyRnRkJTNFJTBBJTNDJTJGdHIlM0UlMEElM0N0ciUyMGNsYXNzJTNEJTIyaW5mbyUyMiUzRSUwQSUzQ3RkJTNFQ0QlMjA3NSUyRjc1JTJGMTI1JTNDJTJGdGQlM0UlMEElM0N0ZCUzRTIwMCUyRjI1MCUyRjMwMCUyRjM1MCUzQyUyRnRkJTNFJTBBJTNDdGQlM0U3NTAlMjB4JTIwNzUwJTIweCUyMDEyNTAlM0MlMkZ0ZCUzRSUwQSUzQ3RkJTNFMTUxMCUyMHglMjAxMTUwJTIweCUyMDIwNjAlM0MlMkZ0ZCUzRSUwQSUzQ3RkJTNFMjQwMCUzQyUyRnRkJTNFJTBBJTNDJTJGdHIlM0UlMEElM0N0ciUyMGNsYXNzJTNEJTIyaW5mbyUyMiUzRSUwQSUzQ3RkJTNFQ0QlMjAxMDAlMkYxMDAlMkYxNTAlM0MlMkZ0ZCUzRSUwQSUzQ3RkJTNFMjAwJTJGMjUwJTJGMzAwJTJGMzUwJTNDJTJGdGQlM0UlMEElM0N0ZCUzRTEwMDAlMjB4JTIwMTAwMCUyMHglMjAxNTAwJTNDJTJGdGQlM0UlMEElM0N0ZCUzRTE3NjAlMjB4JTIwMTQwMCUyMHglMjAyMzgwJTNDJTJGdGQlM0UlMEElM0N0ZCUzRTQwMDAlM0MlMkZ0ZCUzRSUwQSUzQyUyRnRyJTNFJTBBJTNDdHIlMjBjbGFzcyUzRCUyMmluZm8lMjIlM0UlMEElM0N0ZCUzRUNEJTIwMTI1JTJGMTI1JTJGMTUwJTNDJTJGdGQlM0UlMEElM0N0ZCUzRTIwMCUyRjI1MCUyRjMwMCUyRjM1MCUzQyUyRnRkJTNFJTBBJTNDdGQlM0UxMjUwJTIweCUyMDEyNTAlMjB4JTIwMTUwMCUzQyUyRnRkJTNFJTBBJTNDdGQlM0UyMDEwJTIweCUyMDE2NjUlMjB4JTIwMjM4MCUzQyUyRnRkJTNFJTBBJTNDdGQlM0U3MjAwJTNDJTJGdGQlM0UlMEElM0MlMkZ0ciUzRSUwQSUzQ3RyJTIwY2xhc3MlM0QlMjJpbmZvJTIyJTNFJTBBJTNDdGQlM0VDRCUyMDEyNSUyRjEyNSUyRjIwMCUzQyUyRnRkJTNFJTBBJTNDdGQlM0UyMDAlMkYyNTAlMkYzMDAlMkYzNTAlM0MlMkZ0ZCUzRSUwQSUzQ3RkJTNFMTI1MCUyMHglMjAxMjUwJTIweCUyMDIwMDAlM0MlMkZ0ZCUzRSUwQSUzQ3RkJTNFMjAxMCUyMHglMjAxNjY1JTIweCUyMDI4ODAlM0MlMkZ0ZCUzRSUwQSUzQ3RkJTNFNzIwMCUzQyUyRnRkJTNFJTBBJTNDJTJGdHIlM0UlMEElM0N0ciUyMGNsYXNzJTNEJTIyaW5mbyUyMiUzRSUwQSUzQ3RkJTNFQ0QlMjAxNTAlMkYxNTAlMkYyMDAlM0MlMkZ0ZCUzRSUwQSUzQ3RkJTNFMjAwJTJGMjUwJTJGMzAwJTJGMzUwJTNDJTJGdGQlM0UlMEElM0N0ZCUzRTE1MDAlMjB4JTIwMTUwMCUyMHglMjAyMDAwJTNDJTJGdGQlM0UlMEElM0N0ZCUzRTIyNjAlMjB4JTIwMTkxNSUyMHglMjAyODgwJTNDJTJGdGQlM0UlMEElM0N0ZCUzRTc2MDAlM0MlMkZ0ZCUzRSUwQSUzQyUyRnRyJTNFJTBBJTNDdHIlMjBjbGFzcyUzRCUyMmluZm8lMjIlM0UlMEElM0N0ZCUzRUNEJTIwMTc1JTJGMTc1JTJGMjAwJTNDJTJGdGQlM0UlMEElM0N0ZCUzRTIwMCUyRjI1MCUyRjMwMCUyRjM1MCUzQyUyRnRkJTNFJTBBJTNDdGQlM0UxNzUwJTIweCUyMDE3NTAlMjB4JTIwMjAwMCUzQyUyRnRkJTNFJTBBJTNDdGQlM0UyNTEwJTIweCUyMDIxNjUlMjB4JTIwMjg4MCUzQyUyRnRkJTNFJTBBJTNDdGQlM0UxMDgwMCUzQyUyRnRkJTNFJTBBJTNDJTJGdHIlM0UlMEElM0N0ciUyMGNsYXNzJTNEJTIyaW5mbyUyMiUzRSUwQSUzQ3RkJTNFQ0QlMjAyMDAlMkYyMDAlMkYyMDAlM0MlMkZ0ZCUzRSUwQSUzQ3RkJTNFMjAwJTJGMjUwJTJGMzAwJTJGMzUwJTNDJTJGdGQlM0UlMEElM0N0ZCUzRTIwMDAlMjB4JTIwMjAwMCUyMHglMjAyMDAwJTNDJTJGdGQlM0UlMEElM0N0ZCUzRTI3NjAlMjB4JTIwMjQxNSUyMHglMjAyODgwJTNDJTJGdGQlM0UlMEElM0N0ZCUzRTExNDAwJTNDJTJGdGQlM0UlMEElM0MlMkZ0ciUzRSUwQSUzQyUyRnRib2R5JTNFJTBBJTNDJTJGdGFibGUlM0UlMEElM0MlMkZkaXYlM0U=[\/vc_raw_html][\/vc_column_inner][\/vc_row_inner][\/vc_tab][vc_tab icon=\u00bbfa fa-play\u00bb icon_size=\u00bbmd\u00bb gutter_size=\u00bb2&#8243; column_padding=\u00bb2&#8243; title=\u00bbDescripci\u00f3n\u00bb tab_id=\u00bb596f1d3-cbcd172665286098417270940705091727264704426&#8243; product_from_builder=\u00bbyes\u00bb][vc_row_inner][vc_column_inner width=\u00bb1\/2&#8243;][vc_column_text funiter_custom_id=\u00bbfuniter_custom_5e43f8994e28e\u00bb text_larger=\u00bbno\u00bb]<br \/>\nHay disponibles 9 tama\u00f1os de espacio \u00fatiles. Todos los modelos con temperatura nominal hasta +200\u00baC, +250\u00baC, +300\u00baC o +350\u00baC.<\/p>\n<p>Esta serie dispone de un interior fuertemente soldado y una instalaci\u00f3n el\u00e9ctrica sin silicona. El aire del horno y aire fresco son aspirados a trav\u00e9s de una bater\u00eda de calefacci\u00f3n. Se mezclan por medio del ventilador de aire y se devuelven al espacio \u00fatil del horno.<\/p>\n<p>Una variedad de opciones suplementarias le permiten adaptar el horno a cualquier procesos de producci\u00f3n. Los rieles en el suelo de la c\u00e1mara, rampas de acceso, refuerzo de suelo, salida de aire controlado e incluso paso inferior que le permite cargar \u00f3ptimamente el horno con su material. El controlador est\u00e1ndar utilizado es Jumo pero adaptamos a nuestro cuadro cualquier controlador que se requiera.<\/p>\n<p>[\/vc_column_text][\/vc_column_inner][vc_column_inner width=\u00bb1\/2&#8243;][uncode_list icon=\u00bbfa fa-play\u00bb icon_color=\u00bbcolor-azulct\u00bb uncode_shortcode_id=\u00bb204349&#8243; icon_color_type=\u00bbuncode-palette\u00bb]<strong><u>CARACTER\u00cdSTICAS M\u00c1S IMPORTANTES:<\/u><\/strong><\/p>\n<ul>\n<li>Tiempos de proceso cortos debido a los altos vol\u00famenes de aire circulante<\/li>\n<li>Tiempos de recuperaci\u00f3n cortos con calefacci\u00f3n apagada y ventilador de aire circulante<\/li>\n<li>Distribuci\u00f3n homog\u00e9nea de la temperatura debido al flujo de aire dirigido<\/li>\n<li>Flujo de aire orientado a cada aplicaci\u00f3n, horizontal (est\u00e1ndar) y vertical (opcional)<\/li>\n<\/ul>\n<p>En cualquier momento se puede actualizar a la serie CDF, de modo que se pueden llevar a cabo procesos con cantidades limitadas de disolvente. El armario de control integrado en el horno le ofrece hasta un 30% de reserva de espacio para su posterior adaptaci\u00f3n y nos permite tener en cuenta sus especificaciones de f\u00e1brica en cuanto a la instalaci\u00f3n.[\/uncode_list][\/vc_column_inner][\/vc_row_inner][\/vc_tab][vc_tab icon=\u00bbfa fa-play\u00bb icon_size=\u00bbmd\u00bb gutter_size=\u00bb2&#8243; column_padding=\u00bb2&#8243; title=\u00bbMarca\u00bb tab_id=\u00bb28596f1d3-cbcd172665286098417270940705091727264704426&#8243; product_from_builder=\u00bbyes\u00bb][vc_row_inner][vc_column_inner width=\u00bb1\/1&#8243;][uncode_block id=\u00bb141378&#8243; inside_column=\u00bbyes\u00bb][\/vc_column_inner][\/vc_row_inner][\/vc_tab][vc_tab icon=\u00bbfa fa-play\u00bb icon_size=\u00bbmd\u00bb gutter_size=\u00bb2&#8243; column_padding=\u00bb2&#8243; title=\u00bbAplicaciones\u00bb tab_id=\u00bb6728596f1d3-cbcd172665286098417270940705091727264704426&#8243; product_from_builder=\u00bbyes\u00bb][vc_row_inner][vc_column_inner width=\u00bb1\/1&#8243;][uncode_block id=\u00bb141381&#8243; inside_column=\u00bbyes\u00bb][\/vc_column_inner][\/vc_row_inner][\/vc_tab][\/vc_tabs][vc_empty_space empty_h=\u00bb2&#8243;][vc_custom_heading text_color=\u00bbcolor-azulct\u00bb text_size=\u00bbh4&#8243; uncode_shortcode_id=\u00bb624924&#8243; text_color_type=\u00bbuncode-palette\u00bb]Productos Relacionados[\/vc_custom_heading][uncode_index el_id=\u00bbindex-1014389&#8243; index_type=\u00bbcarousel\u00bb loop=\u00bbsize:All|order_by:rand|order:ASC|post_type:product|tax_query:508|taxonomy_count:10&#8243; carousel_lg=\u00bb4&#8243; carousel_md=\u00bb4&#8243; carousel_sm=\u00bb1&#8243; gutter_size=\u00bb4&#8243; product_items=\u00bbmedia|featured|onpost|original|show-sale|enhanced-atc|inherit-w-atc|atc-typo-column|hide-atc,title\u00bb carousel_interval=\u00bb3000&#8243; carousel_navspeed=\u00bb400&#8243; carousel_loop=\u00bbyes\u00bb stage_padding=\u00bb0&#8243; single_shape=\u00bbround\u00bb radius=\u00bbstd\u00bb single_overlay_color=\u00bbcolor-wvjs\u00bb single_overlay_opacity=\u00bb20&#8243; single_text_anim=\u00bbno\u00bb single_image_anim=\u00bbno\u00bb single_h_align=\u00bbcenter\u00bb single_padding=\u00bb2&#8243; single_title_semantic=\u00bbh2&#8243; single_title_dimension=\u00bbh5&#8243; single_title_weight=\u00bb700&#8243; single_border=\u00bbyes\u00bb uncode_shortcode_id=\u00bb704551&#8243;][\/vc_column][\/vc_row]<\/p>\n<\/div>","protected":false},"excerpt":{"rendered":"<p>La amplia gama de producto de <strong>hornos industriales de la serie CD<\/strong> con dimensiones \u00fatiles entre 216 y 8000 litros y temperatura nominal hasta +350\u00b0C se utiliza para cualquier tratamiento t\u00e9rmico de secado de materiales en las que no se liberen disolventes inflamables.<\/p>\n","protected":false},"featured_media":6022,"template":"","meta":{"iawp_total_views":1651},"product_brand":[],"product_cat":[512],"product_tag":[508],"class_list":{"0":"post-6021","1":"product","2":"type-product","3":"status-publish","4":"has-post-thumbnail","6":"product_cat-hornos-industriales","7":"product_tag-tratamientos-termicos","9":"first","10":"instock","11":"taxable","12":"shipping-taxable","13":"product-type-external"},"_links":{"self":[{"href":"https:\/\/www.controltecnica.com\/test\/wp-json\/wp\/v2\/product\/6021","targetHints":{"allow":["GET"]}}],"collection":[{"href":"https:\/\/www.controltecnica.com\/test\/wp-json\/wp\/v2\/product"}],"about":[{"href":"https:\/\/www.controltecnica.com\/test\/wp-json\/wp\/v2\/types\/product"}],"wp:featuredmedia":[{"embeddable":true,"href":"https:\/\/www.controltecnica.com\/test\/wp-json\/wp\/v2\/media\/6022"}],"wp:attachment":[{"href":"https:\/\/www.controltecnica.com\/test\/wp-json\/wp\/v2\/media?parent=6021"}],"wp:term":[{"taxonomy":"product_brand","embeddable":true,"href":"https:\/\/www.controltecnica.com\/test\/wp-json\/wp\/v2\/product_brand?post=6021"},{"taxonomy":"product_cat","embeddable":true,"href":"https:\/\/www.controltecnica.com\/test\/wp-json\/wp\/v2\/product_cat?post=6021"},{"taxonomy":"product_tag","embeddable":true,"href":"https:\/\/www.controltecnica.com\/test\/wp-json\/wp\/v2\/product_tag?post=6021"}],"curies":[{"name":"wp","href":"https:\/\/api.w.org\/{rel}","templated":true}]}}