{"id":5960,"date":"2020-04-15T14:22:49","date_gmt":"2020-04-15T14:22:49","guid":{"rendered":"https:\/\/www.controltecnica.com\/test\/?post_type=product&#038;p=5960"},"modified":"2025-05-09T06:20:06","modified_gmt":"2025-05-09T06:20:06","slug":"mesa-de-vibracion-horizontal","status":"publish","type":"product","link":"https:\/\/www.controltecnica.com\/test\/producto\/mesa-de-vibracion-horizontal\/","title":{"rendered":"Mesa de vibraci\u00f3n horizontal"},"content":{"rendered":"<div class=\"wpb-content-wrapper\"><p>[vc_row row_height_percent=\u00bb0&#8243; override_padding=\u00bbyes\u00bb h_padding=\u00bb2&#8243; top_padding=\u00bb2&#8243; bottom_padding=\u00bb4&#8243; back_color=\u00bbcolor-xsdn\u00bb overlay_alpha=\u00bb50&#8243; gutter_size=\u00bb4&#8243; column_width_percent=\u00bb100&#8243; shift_y=\u00bb0&#8243; z_index=\u00bb0&#8243; inverted_device_order=\u00bbyes\u00bb uncode_shortcode_id=\u00bb120445&#8243; back_color_type=\u00bbuncode-palette\u00bb el_class=\u00bbnormalise-top-padding-mobile\u00bb][vc_column column_width_percent=\u00bb100&#8243; gutter_size=\u00bb1&#8243; override_padding=\u00bbyes\u00bb column_padding=\u00bb0&#8243; overlay_alpha=\u00bb50&#8243; shift_x=\u00bb0&#8243; shift_y=\u00bb0&#8243; shift_y_down=\u00bb0&#8243; z_index=\u00bb0&#8243; medium_width=\u00bb0&#8243; mobile_width=\u00bb0&#8243; width=\u00bb1\/2&#8243; uncode_shortcode_id=\u00bb127372&#8243;][vc_single_image dynamic=\u00bbyes\u00bb media_width_percent=\u00bb100&#8243; uncode_shortcode_id=\u00bb357305&#8243;][vc_gallery el_id=\u00bbgallery-499119&#8243; type=\u00bbcarousel\u00bb dynamic=\u00bbyes\u00bb carousel_lg=\u00bb2&#8243; carousel_md=\u00bb2&#8243; carousel_sm=\u00bb1&#8243; gutter_size=\u00bb3&#8243; carousel_interval=\u00bb3000&#8243; carousel_navspeed=\u00bb200&#8243; carousel_loop=\u00bbyes\u00bb carousel_nav=\u00bbyes\u00bb carousel_nav_mobile=\u00bbyes\u00bb stage_padding=\u00bb0&#8243; single_overlay_opacity=\u00bb50&#8243; single_padding=\u00bb2&#8243; uncode_shortcode_id=\u00bb426876&#8243;][\/vc_column][vc_column column_width_percent=\u00bb100&#8243; gutter_size=\u00bb2&#8243; overlay_alpha=\u00bb50&#8243; shift_x=\u00bb0&#8243; shift_y=\u00bb0&#8243; shift_y_down=\u00bb0&#8243; z_index=\u00bb0&#8243; medium_width=\u00bb0&#8243; mobile_width=\u00bb0&#8243; sticky=\u00bbyes\u00bb width=\u00bb1\/2&#8243; uncode_shortcode_id=\u00bb577386&#8243;][uncode_breadcrumbs text_lead=\u00bbsmall\u00bb wc_breadcrumbs=\u00bbyes\u00bb][vc_row_inner limit_content=\u00bb\u00bb][vc_column_inner column_width_percent=\u00bb100&#8243; gutter_size=\u00bb2&#8243; overlay_alpha=\u00bb50&#8243; shift_x=\u00bb0&#8243; shift_y=\u00bb0&#8243; shift_y_down=\u00bb0&#8243; z_index=\u00bb0&#8243; medium_width=\u00bb5&#8243; mobile_width=\u00bb0&#8243; width=\u00bb1\/1&#8243; uncode_shortcode_id=\u00bb839507&#8243;][vc_custom_heading auto_text=\u00bbyes\u00bb heading_semantic=\u00bbh1&#8243; text_size=\u00bbh1&#8243; uncode_shortcode_id=\u00bb644777&#8243;]This is a custom heading element.[\/vc_custom_heading][vc_custom_heading auto_text=\u00bbprice\u00bb heading_semantic=\u00bbh6&#8243; uncode_shortcode_id=\u00bb212952&#8243;]This is a custom heading element.[\/vc_custom_heading][\/vc_column_inner][\/vc_row_inner][vc_column_text auto_text=\u00bbexcerpt\u00bb uncode_shortcode_id=\u00bb147315&#8243;]I am text block. Click edit button to change this text. Lorem ipsum dolor sit amet, consectetur adipiscing elit. Ut elit tellus, luctus nec ullamcorper mattis, pulvinar dapibus leo.[\/vc_column_text][vc_button dynamic=\u00bbadd-to-cart\u00bb quantity=\u00bbvariation\u00bb custom_typo=\u00bbyes\u00bb font_weight=\u00bb500&#8243; border_width=\u00bb0&#8243; scale_mobile=\u00bbno\u00bb uncode_shortcode_id=\u00bb212274&#8243;]Text on the button[\/vc_button][vc_separator sep_color=\u00bb,Default\u00bb][uncode_single_product_meta][vc_button button_color=\u00bbaccent\u00bb size=\u00bbbtn-sm\u00bb radius=\u00bbbtn-round\u00bb border_width=\u00bb0&#8243; scale_mobile=\u00bbno\u00bb link=\u00bburl:%23&#8243; el_class=\u00bbpopmake-141327&#8243; uncode_shortcode_id=\u00bb113287&#8243; button_color_type=\u00bbuncode-palette\u00bb]Ver video[\/vc_button][\/vc_column][\/vc_row][vc_row row_height_percent=\u00bb0&#8243; override_padding=\u00bbyes\u00bb h_padding=\u00bb2&#8243; top_padding=\u00bb3&#8243; bottom_padding=\u00bb3&#8243; back_color=\u00bbcolor-lxmt\u00bb overlay_alpha=\u00bb50&#8243; gutter_size=\u00bb3&#8243; column_width_percent=\u00bb100&#8243; shift_y=\u00bb0&#8243; z_index=\u00bb0&#8243; uncode_shortcode_id=\u00bb731349&#8243; back_color_type=\u00bbuncode-palette\u00bb][vc_column column_width_use_pixel=\u00bbyes\u00bb gutter_size=\u00bb2&#8243; overlay_alpha=\u00bb50&#8243; shift_x=\u00bb0&#8243; shift_y=\u00bb0&#8243; shift_y_down=\u00bb0&#8243; z_index=\u00bb0&#8243; medium_width=\u00bb0&#8243; mobile_width=\u00bb0&#8243; width=\u00bb1\/1&#8243; uncode_shortcode_id=\u00bb348789&#8243;][vc_tabs tab_scrolling=\u00bbyes\u00bb typography=\u00bbyes\u00bb border_100=\u00bbyes\u00bb product_from_builder=\u00bbyes\u00bb][vc_tab icon=\u00bbfa fa-play\u00bb icon_size=\u00bbmd\u00bb gutter_size=\u00bb2&#8243; column_padding=\u00bb3&#8243; title=\u00bbModelos y Normativa\u00bb tab_id=\u00bb8596f1d3-cbcd17266528609841727093009010&#8243; product_from_builder=\u00bbyes\u00bb][vc_row_inner limit_content=\u00bb\u00bb][vc_column_inner column_width_use_pixel=\u00bbyes\u00bb gutter_size=\u00bb2&#8243; overlay_alpha=\u00bb50&#8243; shift_x=\u00bb0&#8243; shift_y=\u00bb0&#8243; shift_y_down=\u00bb0&#8243; z_index=\u00bb0&#8243; medium_width=\u00bb0&#8243; mobile_width=\u00bb0&#8243; width=\u00bb1\/1&#8243; uncode_shortcode_id=\u00bb197942&#8243; column_width_pixel=\u00bb800&#8243;][vc_column_text uncode_shortcode_id=\u00bb211183&#8243;]Las mesas de serie GT est\u00e1n dise\u00f1adas con cojinetes de ranura en V, combinados con una placa deslizante de magnesio o aluminio. El aceite se suministra a trav\u00e9s de los ojos de buey en la losa de granito y se dispersa por la parte inferior de la placa. La pel\u00edcula de aceite proporciona una superficie de baja fricci\u00f3n, un medio de amortiguaci\u00f3n para la restricci\u00f3n de resonancias, momentos de cabeceo y balanceo. La retenci\u00f3n de la gui\u00f1ada se realiza mediante los cojinetes de gu\u00eda de ranura en V combinados con el sistema de gu\u00eda de la armadura.<\/p>\n<p>El dise\u00f1o de la Serie BT proporciona un alto momento de sobregiro y una sujeci\u00f3n transversal al eje. Este concepto combina un conjunto de mesa deslizante est\u00e1ndar con cojinetes hidrost\u00e1ticos de 3. 000 psi para proporcionar una alta contenci\u00f3n del momento din\u00e1mico mientras se preservan las caracter\u00edsticas de amortiguaci\u00f3n de una pel\u00edcula de aceite. Este sistema permite probar productos pesados con centros de gravedad altos reaccionando momentos a trav\u00e9s de los cojinetes hidrost\u00e1ticos. El movimiento entre ejes est\u00e1 limitado y es t\u00edpicamente menos del 10% de la entrada a frecuencias de hasta 2000 Hz. excepto en la resonancia.<\/p>\n<p><strong>MODELOS:<\/strong>[\/vc_column_text][uncode_list icon=\u00bbfa fa-play\u00bb icon_color=\u00bbcolor-azulct\u00bb uncode_shortcode_id=\u00bb149617&#8243; icon_color_type=\u00bbuncode-palette\u00bb]<\/p>\n<ul>\n<li>GT 300 x 300 a 500 x 500 mm<\/li>\n<li>GT 600 x 600 a 800 x 800 mm<\/li>\n<li>GT 900 x 900 a 1200 x 1200 mm<\/li>\n<li>BT 600 x 600 a 800 a 800 mm<\/li>\n<li>BT 900 x 900 a 1200 x 1200 mm<\/li>\n<li>BT 1300 x 1300 mm a 1500 x 1500 mm<\/li>\n<li>BT 1600 x 1600 mm a 1800 x 1800 mm<\/li>\n<\/ul>\n<p>[\/uncode_list][\/vc_column_inner][\/vc_row_inner][\/vc_tab][vc_tab icon=\u00bbfa fa-play\u00bb icon_size=\u00bbmd\u00bb gutter_size=\u00bb2&#8243; column_padding=\u00bb2&#8243; title=\u00bbDescripci\u00f3n\u00bb tab_id=\u00bb596f1d3-cbcd17266528609841727093009010&#8243; product_from_builder=\u00bbyes\u00bb][vc_row_inner][vc_column_inner width=\u00bb1\/1&#8243;][vc_column_text funiter_custom_id=\u00bbfuniter_custom_5e43f8994e28e\u00bb text_larger=\u00bbno\u00bb]Todos los ensayos de vibraci\u00f3n, tanto los verticales como los horizontales, pueden ser sometidos adem\u00e1s al control de la temperatura y la humedad relativa combinando el ensayo de vibraci\u00f3n con el uso de una c\u00e1mara clim\u00e1tica.<\/p>\n<p>Nuestras c\u00e1maras de vibraci\u00f3n se acoplan a cualquier sistema electrodin\u00e1mico de vibraci\u00f3n, trabajamos con cualquier marca ofreciendo, con total garant\u00eda, un ajuste prefecto de su interface.<\/p>\n<p>Ofrecemos sistemas de vibraci\u00f3n electrodin\u00e1micos, para vibraci\u00f3n vertical y horizontal con mesa de vibraci\u00f3n desde 1 kN, refrigerados por aire, hasta sistemas complejos de vibraci\u00f3n, refrigerados por agua, de 200 kN o m\u00e1s.[\/vc_column_text][\/vc_column_inner][\/vc_row_inner][\/vc_tab][vc_tab icon=\u00bbfa fa-play\u00bb icon_size=\u00bbmd\u00bb gutter_size=\u00bb2&#8243; column_padding=\u00bb2&#8243; title=\u00bbMarca\u00bb tab_id=\u00bb28596f1d3-cbcd17266528609841727093009010&#8243; product_from_builder=\u00bbyes\u00bb][vc_row_inner][vc_column_inner width=\u00bb1\/1&#8243;][uncode_block id=\u00bb141331&#8243; inside_column=\u00bbyes\u00bb][\/vc_column_inner][\/vc_row_inner][\/vc_tab][vc_tab icon=\u00bbfa fa-play\u00bb icon_size=\u00bbmd\u00bb gutter_size=\u00bb2&#8243; column_padding=\u00bb2&#8243; title=\u00bbAplicaciones\u00bb tab_id=\u00bb6728596f1d3-cbcd17266528609841727093009010&#8243; product_from_builder=\u00bbyes\u00bb][vc_row_inner][vc_column_inner width=\u00bb1\/1&#8243;][uncode_block id=\u00bb141340&#8243; inside_column=\u00bbyes\u00bb][\/vc_column_inner][\/vc_row_inner][\/vc_tab][\/vc_tabs][vc_empty_space empty_h=\u00bb2&#8243;][vc_custom_heading text_color=\u00bbcolor-azulct\u00bb text_size=\u00bbh4&#8243; uncode_shortcode_id=\u00bb624924&#8243; text_color_type=\u00bbuncode-palette\u00bb]Productos Relacionados[\/vc_custom_heading][uncode_index el_id=\u00bbindex-1014389&#8243; index_type=\u00bbcarousel\u00bb loop=\u00bbsize:All|order_by:rand|order:ASC|post_type:product|tax_query:59|taxonomy_count:10&#8243; carousel_lg=\u00bb4&#8243; carousel_md=\u00bb4&#8243; carousel_sm=\u00bb1&#8243; gutter_size=\u00bb4&#8243; product_items=\u00bbmedia|featured|onpost|original|show-sale|enhanced-atc|inherit-w-atc|atc-typo-column|hide-atc,title\u00bb carousel_interval=\u00bb3000&#8243; carousel_navspeed=\u00bb400&#8243; carousel_loop=\u00bbyes\u00bb stage_padding=\u00bb0&#8243; single_shape=\u00bbround\u00bb radius=\u00bbstd\u00bb single_overlay_color=\u00bbcolor-wvjs\u00bb single_overlay_opacity=\u00bb20&#8243; single_text_anim=\u00bbno\u00bb single_image_anim=\u00bbno\u00bb single_h_align=\u00bbcenter\u00bb single_padding=\u00bb2&#8243; single_title_semantic=\u00bbh2&#8243; single_title_dimension=\u00bbh5&#8243; single_title_weight=\u00bb700&#8243; single_border=\u00bbyes\u00bb uncode_shortcode_id=\u00bb622490&#8243;][\/vc_column][\/vc_row]<\/p>\n<\/div>","protected":false},"excerpt":{"rendered":"<p>Las <strong>mesas de deslizamiento<\/strong> de ETS Solutions est\u00e1n dise\u00f1adas para proporcionar la plataforma de prueba \u00f3ptima para la prueba horizontal con cualquier combinaci\u00f3n de vibradores. Hay dos tipos de mesa de deslizamiento disponibles para el usuario GT y BT; un concepto Unibase proporciona un cuerpo de acero estructural para alinear el vibrador y la mesa en una plataforma r\u00edgida, mientras que un dise\u00f1o de mesa de deslizamiento independiente permite la viabilidad de cualquier vibrador vertical de ETS o de otros fabricantes para acoplarse al conjunto de la mesa de deslizamiento.<\/p>\n<p>Todas las mesas de deslizamiento est\u00e1n dise\u00f1adas con una losa de granito natural rectificada a precisi\u00f3n, con una selecci\u00f3n de cojinetes de gu\u00eda para satisfacer diferentes aplicaciones y presupuestos.<\/p>\n","protected":false},"featured_media":5885,"template":"","meta":{"iawp_total_views":198},"product_brand":[],"product_cat":[59],"product_tag":[530,531,532,509,513],"class_list":{"0":"post-5960","1":"product","2":"type-product","3":"status-publish","4":"has-post-thumbnail","6":"product_cat-sistemas-electrodinamicos-de-vibracion","7":"product_tag-aeronautica-sve","8":"product_tag-electronica-sve","9":"product_tag-energias-limpias-sve","10":"product_tag-sistemas-de-vibracion","11":"product_tag-automocion-sve","13":"first","14":"instock","15":"taxable","16":"shipping-taxable","17":"product-type-external"},"_links":{"self":[{"href":"https:\/\/www.controltecnica.com\/test\/wp-json\/wp\/v2\/product\/5960","targetHints":{"allow":["GET"]}}],"collection":[{"href":"https:\/\/www.controltecnica.com\/test\/wp-json\/wp\/v2\/product"}],"about":[{"href":"https:\/\/www.controltecnica.com\/test\/wp-json\/wp\/v2\/types\/product"}],"wp:featuredmedia":[{"embeddable":true,"href":"https:\/\/www.controltecnica.com\/test\/wp-json\/wp\/v2\/media\/5885"}],"wp:attachment":[{"href":"https:\/\/www.controltecnica.com\/test\/wp-json\/wp\/v2\/media?parent=5960"}],"wp:term":[{"taxonomy":"product_brand","embeddable":true,"href":"https:\/\/www.controltecnica.com\/test\/wp-json\/wp\/v2\/product_brand?post=5960"},{"taxonomy":"product_cat","embeddable":true,"href":"https:\/\/www.controltecnica.com\/test\/wp-json\/wp\/v2\/product_cat?post=5960"},{"taxonomy":"product_tag","embeddable":true,"href":"https:\/\/www.controltecnica.com\/test\/wp-json\/wp\/v2\/product_tag?post=5960"}],"curies":[{"name":"wp","href":"https:\/\/api.w.org\/{rel}","templated":true}]}}