{"id":5920,"date":"2020-04-14T09:34:29","date_gmt":"2020-04-14T09:34:29","guid":{"rendered":"https:\/\/www.controltecnica.com\/test\/?post_type=product&#038;p=5920"},"modified":"2025-04-15T09:41:44","modified_gmt":"2025-04-15T09:41:44","slug":"csd30-para-el-muestreo-de-olores","status":"publish","type":"product","link":"https:\/\/www.controltecnica.com\/test\/producto\/csd30-para-el-muestreo-de-olores\/","title":{"rendered":"CSD30 para el muestreo de olores"},"content":{"rendered":"<div class=\"wpb-content-wrapper\"><p>[vc_row row_height_percent=\u00bb0&#8243; override_padding=\u00bbyes\u00bb h_padding=\u00bb2&#8243; top_padding=\u00bb2&#8243; bottom_padding=\u00bb4&#8243; back_color=\u00bbcolor-xsdn\u00bb overlay_alpha=\u00bb50&#8243; gutter_size=\u00bb4&#8243; column_width_percent=\u00bb100&#8243; shift_y=\u00bb0&#8243; z_index=\u00bb0&#8243; inverted_device_order=\u00bbyes\u00bb uncode_shortcode_id=\u00bb120445&#8243; back_color_type=\u00bbuncode-palette\u00bb el_class=\u00bbnormalise-top-padding-mobile\u00bb][vc_column column_width_percent=\u00bb100&#8243; gutter_size=\u00bb1&#8243; override_padding=\u00bbyes\u00bb column_padding=\u00bb0&#8243; overlay_alpha=\u00bb50&#8243; shift_x=\u00bb0&#8243; shift_y=\u00bb0&#8243; shift_y_down=\u00bb0&#8243; z_index=\u00bb0&#8243; medium_width=\u00bb0&#8243; mobile_width=\u00bb0&#8243; width=\u00bb1\/2&#8243; uncode_shortcode_id=\u00bb127372&#8243;][vc_single_image dynamic=\u00bbyes\u00bb media_width_percent=\u00bb100&#8243; uncode_shortcode_id=\u00bb357305&#8243;][vc_gallery el_id=\u00bbgallery-499119&#8243; type=\u00bbcarousel\u00bb dynamic=\u00bbyes\u00bb carousel_lg=\u00bb1&#8243; carousel_md=\u00bb1&#8243; carousel_sm=\u00bb1&#8243; gutter_size=\u00bb3&#8243; carousel_interval=\u00bb3000&#8243; carousel_navspeed=\u00bb400&#8243; carousel_loop=\u00bbyes\u00bb stage_padding=\u00bb0&#8243; single_overlay_opacity=\u00bb50&#8243; single_padding=\u00bb2&#8243; uncode_shortcode_id=\u00bb154691&#8243;][\/vc_column][vc_column column_width_percent=\u00bb100&#8243; gutter_size=\u00bb2&#8243; overlay_alpha=\u00bb50&#8243; shift_x=\u00bb0&#8243; shift_y=\u00bb0&#8243; shift_y_down=\u00bb0&#8243; z_index=\u00bb0&#8243; medium_width=\u00bb0&#8243; mobile_width=\u00bb0&#8243; sticky=\u00bbyes\u00bb width=\u00bb1\/2&#8243; uncode_shortcode_id=\u00bb577386&#8243;][uncode_breadcrumbs text_lead=\u00bbsmall\u00bb wc_breadcrumbs=\u00bbyes\u00bb][vc_row_inner limit_content=\u00bb\u00bb][vc_column_inner column_width_percent=\u00bb100&#8243; gutter_size=\u00bb2&#8243; overlay_alpha=\u00bb50&#8243; shift_x=\u00bb0&#8243; shift_y=\u00bb0&#8243; shift_y_down=\u00bb0&#8243; z_index=\u00bb0&#8243; medium_width=\u00bb5&#8243; mobile_width=\u00bb0&#8243; width=\u00bb1\/1&#8243; uncode_shortcode_id=\u00bb839507&#8243;][vc_custom_heading auto_text=\u00bbyes\u00bb heading_semantic=\u00bbh1&#8243; text_size=\u00bbh1&#8243; uncode_shortcode_id=\u00bb644777&#8243;]This is a custom heading element.[\/vc_custom_heading][vc_custom_heading auto_text=\u00bbprice\u00bb heading_semantic=\u00bbh6&#8243; uncode_shortcode_id=\u00bb212952&#8243;]This is a custom heading element.[\/vc_custom_heading][\/vc_column_inner][\/vc_row_inner][vc_column_text auto_text=\u00bbexcerpt\u00bb uncode_shortcode_id=\u00bb147315&#8243;]I am text block. Click edit button to change this text. Lorem ipsum dolor sit amet, consectetur adipiscing elit. Ut elit tellus, luctus nec ullamcorper mattis, pulvinar dapibus leo.[\/vc_column_text][vc_button dynamic=\u00bbadd-to-cart\u00bb quantity=\u00bbvariation\u00bb custom_typo=\u00bbyes\u00bb font_weight=\u00bb500&#8243; border_width=\u00bb0&#8243; scale_mobile=\u00bbno\u00bb uncode_shortcode_id=\u00bb212274&#8243;]Text on the button[\/vc_button][vc_separator sep_color=\u00bb,Default\u00bb][uncode_single_product_meta][\/vc_column][\/vc_row][vc_row row_height_percent=\u00bb0&#8243; override_padding=\u00bbyes\u00bb h_padding=\u00bb2&#8243; top_padding=\u00bb3&#8243; bottom_padding=\u00bb3&#8243; back_color=\u00bbcolor-lxmt\u00bb overlay_alpha=\u00bb50&#8243; gutter_size=\u00bb3&#8243; column_width_percent=\u00bb100&#8243; shift_y=\u00bb0&#8243; z_index=\u00bb0&#8243; uncode_shortcode_id=\u00bb731349&#8243; back_color_type=\u00bbuncode-palette\u00bb][vc_column column_width_use_pixel=\u00bbyes\u00bb gutter_size=\u00bb2&#8243; overlay_alpha=\u00bb50&#8243; shift_x=\u00bb0&#8243; shift_y=\u00bb0&#8243; shift_y_down=\u00bb0&#8243; z_index=\u00bb0&#8243; medium_width=\u00bb0&#8243; mobile_width=\u00bb0&#8243; width=\u00bb1\/1&#8243; uncode_shortcode_id=\u00bb348789&#8243;][vc_tabs tab_scrolling=\u00bbyes\u00bb typography=\u00bbyes\u00bb border_100=\u00bbyes\u00bb product_from_builder=\u00bbyes\u00bb][vc_tab icon=\u00bbfa fa-play\u00bb icon_size=\u00bbmd\u00bb gutter_size=\u00bb2&#8243; column_padding=\u00bb3&#8243; title=\u00bbModelos y Normativa\u00bb tab_id=\u00bb8596f1d3-cbcd172665286098417270940705091727096220038&#8243; product_from_builder=\u00bbyes\u00bb][vc_row_inner limit_content=\u00bb\u00bb][vc_column_inner column_width_use_pixel=\u00bbyes\u00bb gutter_size=\u00bb3&#8243; overlay_alpha=\u00bb50&#8243; shift_x=\u00bb0&#8243; shift_y=\u00bb0&#8243; shift_y_down=\u00bb0&#8243; z_index=\u00bb0&#8243; medium_width=\u00bb0&#8243; mobile_width=\u00bb0&#8243; width=\u00bb1\/1&#8243; uncode_shortcode_id=\u00bb106164&#8243; column_width_pixel=\u00bb800&#8243;][uncode_list icon=\u00bbfa fa-play\u00bb icon_color=\u00bbcolor-azulct\u00bb uncode_shortcode_id=\u00bb586408&#8243; icon_color_type=\u00bbuncode-palette\u00bb]<strong><u>DIMENSI\u00d3N (L x A x A) &#8211; PESO<\/u><\/strong><\/p>\n<ul>\n<li>700 x 190 x 260 mm \u2013 4,8 kg<\/li>\n<\/ul>\n<p><strong><u>ESPECIFICACIONES T\u00c9CNICAS<\/u><\/strong><\/p>\n<ul>\n<li>Volumen de la muestra (tama\u00f1o de la bolsa) 10 l<\/li>\n<li>Tiempo de llenado 30, 15, 10 o 5 minutos<\/li>\n<li>Presi\u00f3n de succi\u00f3n 50 mbar<\/li>\n<li>Bater\u00eda NiCd 6V 5Ah<\/li>\n<\/ul>\n<p>[\/uncode_list][\/vc_column_inner][\/vc_row_inner][\/vc_tab][vc_tab icon=\u00bbfa fa-play\u00bb icon_size=\u00bbmd\u00bb gutter_size=\u00bb2&#8243; column_padding=\u00bb2&#8243; title=\u00bbDescripci\u00f3n\u00bb tab_id=\u00bb596f1d3-cbcd172665286098417270940705091727096220038&#8243; product_from_builder=\u00bbyes\u00bb][vc_row_inner][vc_column_inner width=\u00bb1\/1&#8243;][uncode_list icon=\u00bbfa fa-play\u00bb icon_color=\u00bbcolor-azulct\u00bb uncode_shortcode_id=\u00bb194499&#8243; icon_color_type=\u00bbuncode-palette\u00bb]<strong><u>NORMAS<\/u><\/strong><\/p>\n<p>El dispositivo de muestreo de olores CSD30 cumple totalmente con:<\/p>\n<ul>\n<li>VDI 3880<\/li>\n<li>EN 13725<\/li>\n<\/ul>\n<p><strong><u>DATOS<\/u><\/strong><\/p>\n<ul>\n<li>Bomba controlada por microprocesador, flujo controlado por disco orificio<\/li>\n<li>Muestreo continuo de 5, 10, 15 o 30 minutos<\/li>\n<li>F\u00e1cil de transportar<\/li>\n<li>Se detiene autom\u00e1ticamente<\/li>\n<li>Bater\u00edas recargables de alta calidad (duran alrededor de 16 muestras de 30 minutos)<\/li>\n<\/ul>\n<p>[\/uncode_list][\/vc_column_inner][\/vc_row_inner][\/vc_tab][vc_tab icon=\u00bbfa fa-play\u00bb icon_size=\u00bbmd\u00bb gutter_size=\u00bb2&#8243; column_padding=\u00bb2&#8243; title=\u00bbMarca\u00bb tab_id=\u00bb28596f1d3-cbcd172665286098417270940705091727096220038&#8243; product_from_builder=\u00bbyes\u00bb][vc_row_inner][vc_column_inner width=\u00bb1\/1&#8243;][uncode_block id=\u00bb141361&#8243; inside_column=\u00bbyes\u00bb][\/vc_column_inner][\/vc_row_inner][\/vc_tab][vc_tab icon=\u00bbfa fa-play\u00bb icon_size=\u00bbmd\u00bb gutter_size=\u00bb2&#8243; column_padding=\u00bb2&#8243; title=\u00bbAplicaciones\u00bb tab_id=\u00bb6728596f1d3-cbcd172665286098417270940705091727096220038&#8243; product_from_builder=\u00bbyes\u00bb][vc_row_inner][vc_column_inner width=\u00bb1\/1&#8243;][uncode_block id=\u00bb141365&#8243; inside_column=\u00bbyes\u00bb][\/vc_column_inner][\/vc_row_inner][\/vc_tab][\/vc_tabs][vc_empty_space empty_h=\u00bb2&#8243;][vc_custom_heading text_color=\u00bbcolor-azulct\u00bb text_size=\u00bbh4&#8243; uncode_shortcode_id=\u00bb624924&#8243; text_color_type=\u00bbuncode-palette\u00bb]Productos Relacionados[\/vc_custom_heading][uncode_index el_id=\u00bbindex-1014389&#8243; index_type=\u00bbcarousel\u00bb loop=\u00bbsize:All|order_by:rand|order:ASC|post_type:product|tax_query:301|taxonomy_count:10&#8243; carousel_lg=\u00bb4&#8243; carousel_md=\u00bb4&#8243; carousel_sm=\u00bb1&#8243; gutter_size=\u00bb4&#8243; product_items=\u00bbmedia|featured|onpost|original|show-sale|enhanced-atc|inherit-w-atc|atc-typo-column|hide-atc,title\u00bb carousel_interval=\u00bb3000&#8243; carousel_navspeed=\u00bb400&#8243; carousel_loop=\u00bbyes\u00bb stage_padding=\u00bb0&#8243; single_shape=\u00bbround\u00bb radius=\u00bbstd\u00bb single_overlay_color=\u00bbcolor-wvjs\u00bb single_overlay_opacity=\u00bb20&#8243; single_text_anim=\u00bbno\u00bb single_image_anim=\u00bbno\u00bb single_h_align=\u00bbcenter\u00bb single_padding=\u00bb2&#8243; single_title_semantic=\u00bbh2&#8243; single_title_dimension=\u00bbh5&#8243; single_title_weight=\u00bb700&#8243; single_border=\u00bbyes\u00bb uncode_shortcode_id=\u00bb213071&#8243;][\/vc_column][\/vc_row]<\/p>\n<\/div>","protected":false},"excerpt":{"rendered":"<p><strong>Dispositivo de muestreo de olores CSD30<\/strong><br \/>\nEl CSD30 es un dispositivo de muestreo para recoger muestras de olores en bolsas de muestreo de gas, con una duraci\u00f3n de muestreo de olores por defecto de 30 minutos.<\/p>\n<p>Utilizando el principio de los pulmones, la muestra fluye hacia la bolsa de muestreo de gas s\u00f3lo a trav\u00e9s del tubo de muestreo, sin pasar por las bombas u otros equipos. Los materiales utilizados para las partes \u00abh\u00famedas\u00bb; que est\u00e1n en contacto con el flujo de muestras son PTFE y acero inoxidable, de conformidad con la norma EN 13725.<\/p>\n<p>El flujo de la muestra se regula mediante una boquilla calibrada integrada en el dispositivo de muestreo. Otras boquillas, flujos y tiempos de llenado est\u00e1n disponibles a petici\u00f3n. La tasa de muestreo de los olores es independiente de las condiciones de presi\u00f3n est\u00e1tica en el punto de muestreo si la diferencia de presi\u00f3n es inferior a 150 mbar. El flujo de muestreo se cierra autom\u00e1ticamente una vez que la bolsa de muestreo de gas est\u00e1 llena.<\/p>\n<p>Alternativamente, puede seleccionar una duraci\u00f3n de muestreo m\u00e1s corta utilizando un temporizador de cuenta atr\u00e1s. El dispositivo de muestreo de olores CSD30 funciona con su bater\u00eda recargable de NiCd integrada, por lo que no requiere una conexi\u00f3n de alimentaci\u00f3n de CA. El dispositivo tambi\u00e9n es robusto y f\u00e1cil de manejar.<\/p>\n","protected":false},"featured_media":5922,"template":"","meta":{"iawp_total_views":55},"product_brand":[],"product_cat":[301],"product_tag":[510],"class_list":{"0":"post-5920","1":"product","2":"type-product","3":"status-publish","4":"has-post-thumbnail","6":"product_cat-olfatometria","7":"product_tag-olfatometria","9":"first","10":"instock","11":"taxable","12":"shipping-taxable","13":"product-type-external"},"_links":{"self":[{"href":"https:\/\/www.controltecnica.com\/test\/wp-json\/wp\/v2\/product\/5920","targetHints":{"allow":["GET"]}}],"collection":[{"href":"https:\/\/www.controltecnica.com\/test\/wp-json\/wp\/v2\/product"}],"about":[{"href":"https:\/\/www.controltecnica.com\/test\/wp-json\/wp\/v2\/types\/product"}],"wp:featuredmedia":[{"embeddable":true,"href":"https:\/\/www.controltecnica.com\/test\/wp-json\/wp\/v2\/media\/5922"}],"wp:attachment":[{"href":"https:\/\/www.controltecnica.com\/test\/wp-json\/wp\/v2\/media?parent=5920"}],"wp:term":[{"taxonomy":"product_brand","embeddable":true,"href":"https:\/\/www.controltecnica.com\/test\/wp-json\/wp\/v2\/product_brand?post=5920"},{"taxonomy":"product_cat","embeddable":true,"href":"https:\/\/www.controltecnica.com\/test\/wp-json\/wp\/v2\/product_cat?post=5920"},{"taxonomy":"product_tag","embeddable":true,"href":"https:\/\/www.controltecnica.com\/test\/wp-json\/wp\/v2\/product_tag?post=5920"}],"curies":[{"name":"wp","href":"https:\/\/api.w.org\/{rel}","templated":true}]}}