{"id":5900,"date":"2020-04-14T08:31:26","date_gmt":"2020-04-14T08:31:26","guid":{"rendered":"https:\/\/www.controltecnica.com\/test\/?post_type=product&#038;p=5900"},"modified":"2025-05-08T15:22:41","modified_gmt":"2025-05-08T15:22:41","slug":"olfatometro-to9-evolution","status":"publish","type":"product","link":"https:\/\/www.controltecnica.com\/test\/producto\/olfatometro-to9-evolution\/","title":{"rendered":"Olfat\u00f3metro TO9 evolution"},"content":{"rendered":"<div class=\"wpb-content-wrapper\"><p>[vc_row row_height_percent=\u00bb0&#8243; override_padding=\u00bbyes\u00bb h_padding=\u00bb2&#8243; top_padding=\u00bb2&#8243; bottom_padding=\u00bb4&#8243; back_color=\u00bbcolor-xsdn\u00bb overlay_alpha=\u00bb50&#8243; gutter_size=\u00bb4&#8243; column_width_percent=\u00bb100&#8243; shift_y=\u00bb0&#8243; z_index=\u00bb0&#8243; inverted_device_order=\u00bbyes\u00bb uncode_shortcode_id=\u00bb120445&#8243; back_color_type=\u00bbuncode-palette\u00bb el_class=\u00bbnormalise-top-padding-mobile\u00bb][vc_column column_width_percent=\u00bb100&#8243; gutter_size=\u00bb1&#8243; override_padding=\u00bbyes\u00bb column_padding=\u00bb0&#8243; overlay_alpha=\u00bb50&#8243; shift_x=\u00bb0&#8243; shift_y=\u00bb0&#8243; shift_y_down=\u00bb0&#8243; z_index=\u00bb0&#8243; medium_width=\u00bb0&#8243; mobile_width=\u00bb0&#8243; width=\u00bb1\/2&#8243; uncode_shortcode_id=\u00bb127372&#8243;][vc_single_image dynamic=\u00bbyes\u00bb media_width_percent=\u00bb100&#8243; uncode_shortcode_id=\u00bb357305&#8243;][vc_gallery el_id=\u00bbgallery-499119&#8243; type=\u00bbcarousel\u00bb dynamic=\u00bbyes\u00bb carousel_lg=\u00bb2&#8243; carousel_md=\u00bb2&#8243; carousel_sm=\u00bb1&#8243; gutter_size=\u00bb3&#8243; carousel_interval=\u00bb3000&#8243; carousel_navspeed=\u00bb200&#8243; carousel_loop=\u00bbyes\u00bb carousel_nav=\u00bbyes\u00bb carousel_nav_mobile=\u00bbyes\u00bb stage_padding=\u00bb0&#8243; single_overlay_opacity=\u00bb50&#8243; single_padding=\u00bb2&#8243; uncode_shortcode_id=\u00bb175008&#8243;][\/vc_column][vc_column column_width_percent=\u00bb100&#8243; gutter_size=\u00bb2&#8243; overlay_alpha=\u00bb50&#8243; shift_x=\u00bb0&#8243; shift_y=\u00bb0&#8243; shift_y_down=\u00bb0&#8243; z_index=\u00bb0&#8243; medium_width=\u00bb0&#8243; mobile_width=\u00bb0&#8243; sticky=\u00bbyes\u00bb width=\u00bb1\/2&#8243; uncode_shortcode_id=\u00bb577386&#8243;][uncode_breadcrumbs text_lead=\u00bbsmall\u00bb wc_breadcrumbs=\u00bbyes\u00bb][vc_row_inner limit_content=\u00bb\u00bb][vc_column_inner column_width_percent=\u00bb100&#8243; gutter_size=\u00bb2&#8243; overlay_alpha=\u00bb50&#8243; shift_x=\u00bb0&#8243; shift_y=\u00bb0&#8243; shift_y_down=\u00bb0&#8243; z_index=\u00bb0&#8243; medium_width=\u00bb5&#8243; mobile_width=\u00bb0&#8243; width=\u00bb1\/1&#8243; uncode_shortcode_id=\u00bb839507&#8243;][vc_custom_heading auto_text=\u00bbyes\u00bb heading_semantic=\u00bbh1&#8243; text_size=\u00bbh1&#8243; uncode_shortcode_id=\u00bb644777&#8243;]This is a custom heading element.[\/vc_custom_heading][vc_custom_heading auto_text=\u00bbprice\u00bb heading_semantic=\u00bbh6&#8243; uncode_shortcode_id=\u00bb212952&#8243;]This is a custom heading element.[\/vc_custom_heading][\/vc_column_inner][\/vc_row_inner][vc_column_text auto_text=\u00bbexcerpt\u00bb uncode_shortcode_id=\u00bb147315&#8243;]I am text block. Click edit button to change this text. Lorem ipsum dolor sit amet, consectetur adipiscing elit. Ut elit tellus, luctus nec ullamcorper mattis, pulvinar dapibus leo.[\/vc_column_text][vc_button dynamic=\u00bbadd-to-cart\u00bb quantity=\u00bbvariation\u00bb custom_typo=\u00bbyes\u00bb font_weight=\u00bb500&#8243; border_width=\u00bb0&#8243; scale_mobile=\u00bbno\u00bb uncode_shortcode_id=\u00bb212274&#8243;]Text on the button[\/vc_button][vc_separator sep_color=\u00bb,Default\u00bb][uncode_single_product_meta][\/vc_column][\/vc_row][vc_row row_height_percent=\u00bb0&#8243; override_padding=\u00bbyes\u00bb h_padding=\u00bb2&#8243; top_padding=\u00bb3&#8243; bottom_padding=\u00bb3&#8243; back_color=\u00bbcolor-lxmt\u00bb overlay_alpha=\u00bb50&#8243; gutter_size=\u00bb3&#8243; column_width_percent=\u00bb100&#8243; shift_y=\u00bb0&#8243; z_index=\u00bb0&#8243; uncode_shortcode_id=\u00bb731349&#8243; back_color_type=\u00bbuncode-palette\u00bb][vc_column column_width_use_pixel=\u00bbyes\u00bb gutter_size=\u00bb2&#8243; overlay_alpha=\u00bb50&#8243; shift_x=\u00bb0&#8243; shift_y=\u00bb0&#8243; shift_y_down=\u00bb0&#8243; z_index=\u00bb0&#8243; medium_width=\u00bb0&#8243; mobile_width=\u00bb0&#8243; width=\u00bb1\/1&#8243; uncode_shortcode_id=\u00bb348789&#8243;][vc_tabs tab_scrolling=\u00bbyes\u00bb typography=\u00bbyes\u00bb border_100=\u00bbyes\u00bb product_from_builder=\u00bbyes\u00bb][vc_tab icon=\u00bbfa fa-play\u00bb icon_size=\u00bbmd\u00bb gutter_size=\u00bb2&#8243; column_padding=\u00bb3&#8243; title=\u00bbModelos y Normativa\u00bb tab_id=\u00bb8596f1d3-cbcd172665286098417270940705091727095281580&#8243; product_from_builder=\u00bbyes\u00bb][vc_row_inner limit_content=\u00bb\u00bb][vc_column_inner column_width_use_pixel=\u00bbyes\u00bb gutter_size=\u00bb3&#8243; overlay_alpha=\u00bb50&#8243; shift_x=\u00bb0&#8243; shift_y=\u00bb0&#8243; shift_y_down=\u00bb0&#8243; z_index=\u00bb0&#8243; medium_width=\u00bb0&#8243; mobile_width=\u00bb0&#8243; width=\u00bb1\/2&#8243; uncode_shortcode_id=\u00bb106164&#8243; column_width_pixel=\u00bb800&#8243;][uncode_list icon=\u00bbfa fa-play\u00bb icon_color=\u00bbcolor-azulct\u00bb uncode_shortcode_id=\u00bb110817&#8243; icon_color_type=\u00bbuncode-palette\u00bb]<strong><u>DIMENSI\u00d3N (L x A x A) &#8211; PESO<\/u><\/strong><\/p>\n<ul>\n<li>615 x 615 x 535 mm \u2013 23 kg<\/li>\n<\/ul>\n<p><strong><u>ESPECIFICACIONES T\u00c9CNICAS<\/u><\/strong><\/p>\n<ul>\n<li>Principio de diluci\u00f3n &#8211; Bombas de chorro de gas y orificios de precisi\u00f3n calibrados para la dosificaci\u00f3n de las muestras<\/li>\n<li>Ventilaci\u00f3n para el exceso de olor diluido &#8211; Salida de aire a trav\u00e9s de un filtro de carb\u00f3n activo<\/li>\n<li>Intervalo m\u00e1ximo de calibraci\u00f3n 12 meses (seg\u00fan la norma EN 13725)<\/li>\n<li>N\u00famero de panalistas trabajando simult\u00e1neamente \u2013 2 a 4<\/li>\n<li>Panel t\u00e1ctil Raspberry Pi 7\u201d, 800 x 480 pixel<\/li>\n<li>Tiempo de an\u00e1lisis para una muestra (EN 13725) &#8211; 4 min para 2 an\u00e1lisis \u2013 6 min para 3 an\u00e1lisis<\/li>\n<li>Se requiere aporte de aire a presi\u00f3n min. 180 l\/min a 6 bar<\/li>\n<\/ul>\n<p><strong><u>RANGO DE DILUCI\u00d3N<\/u><\/strong><\/p>\n<ul>\n<li>2\u00b2 (1:4) &#8211; 216 (1:65,536) &#8211; m\u00e9todo s\u00ed\/no<\/li>\n<li>2\u00b3 ( 1:8) &#8211; 217 (1:131,058) &#8211; m\u00e9todo de elecci\u00f3n forzada dual<\/li>\n<li>2\u00b2 (1:4) &#8211; 216 (1:65,536) &#8211; m\u00e9todo de elecci\u00f3n forzada triangular<\/li>\n<\/ul>\n<p>[\/uncode_list][\/vc_column_inner][vc_column_inner width=\u00bb1\/2&#8243;][uncode_list icon=\u00bbfa fa-play\u00bb icon_color=\u00bbcolor-azulct\u00bb uncode_shortcode_id=\u00bb745738&#8243; icon_color_type=\u00bbuncode-palette\u00bb]<strong><u>INTERVALOS DE PASOS<\/u><\/strong><\/p>\n<ul>\n<li>Factor \u221a2 (1. 4) &#8211; 28 pasos de diluci\u00f3n<\/li>\n<li>Factor 2 &#8211; 16 pasos de diluci\u00f3n<\/li>\n<\/ul>\n<p><strong><u>PRECISI\u00d3N DE LA DILUCI\u00d3N<\/u><\/strong><\/p>\n<ul>\n<li>&lt; 5%<\/li>\n<\/ul>\n<p><strong><u>TIEMPO DE RESPUESTA<\/u><\/strong><\/p>\n<ul>\n<li>&lt; 0,1 s<\/li>\n<\/ul>\n<p><strong><u>VOLUMEN DE MUESTRA REQUERIDO<\/u><\/strong><\/p>\n<ul>\n<li>~ 500 OU\/m\u00b3 &#8211; 1l (yes\/no), 3.5l (d-f-c)<\/li>\n<li>~ 64 OU\/m\u00b3 &#8211; 3l (yes\/no), 14.5l (d-f-c)<\/li>\n<li>&lt; 16 OU\/m\u00b3 &#8211; 10l (yes\/no), 54l (d-f-c)<\/li>\n<\/ul>\n<p>[\/uncode_list][\/vc_column_inner][\/vc_row_inner][\/vc_tab][vc_tab icon=\u00bbfa fa-play\u00bb icon_size=\u00bbmd\u00bb gutter_size=\u00bb2&#8243; column_padding=\u00bb2&#8243; title=\u00bbDescripci\u00f3n\u00bb tab_id=\u00bb596f1d3-cbcd172665286098417270940705091727095281580&#8243; product_from_builder=\u00bbyes\u00bb][vc_row_inner][vc_column_inner width=\u00bb1\/2&#8243;][uncode_list icon=\u00bbfa fa-play\u00bb icon_color=\u00bbcolor-azulct\u00bb uncode_shortcode_id=\u00bb834006&#8243; icon_color_type=\u00bbuncode-palette\u00bb]<strong><u>M\u00c9TODOS ADMITIDOS<\/u><\/strong><\/p>\n<ul>\n<li>S\u00ed \/ No (EN 13725)<\/li>\n<li>Elecci\u00f3n forzada triangular (ASTM 679)<\/li>\n<li>Intensidad (VDI 3882 Parte1)<\/li>\n<li>Tono hed\u00f3nico (VDI 3882 Parte2)<\/li>\n<li>Escala tono hed\u00f3nico<\/li>\n<li>Intensidad configurable<\/li>\n<\/ul>\n<p>[\/uncode_list][\/vc_column_inner][vc_column_inner width=\u00bb1\/2&#8243;][uncode_list icon=\u00bbfa fa-play\u00bb icon_color=\u00bbcolor-azulct\u00bb uncode_shortcode_id=\u00bb995853&#8243; icon_color_type=\u00bbuncode-palette\u00bb]<strong><u>DETALLES<\/u><\/strong><\/p>\n<ul>\n<li>Sistema de diluci\u00f3n \u00fanico<\/li>\n<li>Totalmente autom\u00e1tico, 100% conforme a la norma EN 13725:2003<\/li>\n<li>F\u00e1cil de configurar y sencillo de mantener<\/li>\n<li>Tiempo de an\u00e1lisis r\u00e1pido<\/li>\n<li>Sistema de calentamiento integrado y amplias funciones de lavado para evitar la contaminaci\u00f3n<\/li>\n<li>Sistema de gesti\u00f3n de informaci\u00f3n de laboratorio (LIMS) dedicado para laboratorios de olores; totalmente trazable<\/li>\n<li>Dise\u00f1o ergon\u00f3mico con interfaz hombre-m\u00e1quina optimizada<\/li>\n<\/ul>\n<p>[\/uncode_list][\/vc_column_inner][\/vc_row_inner][vc_row_inner][vc_column_inner width=\u00bb1\/1&#8243;][vc_column_text funiter_custom_id=\u00bbfuniter_custom_5e43f8994e28e\u00bb text_larger=\u00bbno\u00bb uncode_shortcode_id=\u00bb694901&#8243;]El software de control de la estaci\u00f3n TO9 evolution es compatible con todas las normas pertinentes, como EN 13725:2003, AS 4323. 1, ASTM 679, VDI 3882 Parte 1 y Parte 2. Con su aspecto moderno y su interfaz amigable, el software TO9 evolution asegura mediciones r\u00e1pidas y confiables sin sobrecargar al usuario con informaci\u00f3n operacional.<\/p>\n<p>Independientemente del nivel de experiencia de sus operadores, desde el principiante hasta el muy experimentado, el software TO9 evolution puede darles la gu\u00eda y la asistencia visual que se necesita para asegurar mediciones de la m\u00e1s alta calidad.[\/vc_column_text][\/vc_column_inner][\/vc_row_inner][\/vc_tab][vc_tab icon=\u00bbfa fa-play\u00bb icon_size=\u00bbmd\u00bb gutter_size=\u00bb2&#8243; column_padding=\u00bb2&#8243; title=\u00bbMarca\u00bb tab_id=\u00bb28596f1d3-cbcd172665286098417270940705091727095281580&#8243; product_from_builder=\u00bbyes\u00bb][vc_row_inner][vc_column_inner width=\u00bb1\/1&#8243;][uncode_block id=\u00bb141361&#8243; inside_column=\u00bbyes\u00bb][\/vc_column_inner][\/vc_row_inner][\/vc_tab][vc_tab icon=\u00bbfa fa-play\u00bb icon_size=\u00bbmd\u00bb gutter_size=\u00bb2&#8243; column_padding=\u00bb2&#8243; title=\u00bbAplicaciones\u00bb tab_id=\u00bb6728596f1d3-cbcd172665286098417270940705091727095281580&#8243; product_from_builder=\u00bbyes\u00bb][vc_row_inner][vc_column_inner width=\u00bb1\/1&#8243;][uncode_block id=\u00bb141365&#8243; inside_column=\u00bbyes\u00bb][\/vc_column_inner][\/vc_row_inner][\/vc_tab][\/vc_tabs][vc_empty_space empty_h=\u00bb2&#8243;][vc_custom_heading text_color=\u00bbcolor-azulct\u00bb text_size=\u00bbh4&#8243; uncode_shortcode_id=\u00bb624924&#8243; text_color_type=\u00bbuncode-palette\u00bb]Productos Relacionados[\/vc_custom_heading][uncode_index el_id=\u00bbindex-1014389&#8243; index_type=\u00bbcarousel\u00bb loop=\u00bbsize:All|order_by:rand|order:ASC|post_type:product|tax_query:301|taxonomy_count:10&#8243; carousel_lg=\u00bb4&#8243; carousel_md=\u00bb4&#8243; carousel_sm=\u00bb1&#8243; gutter_size=\u00bb4&#8243; product_items=\u00bbmedia|featured|onpost|original|show-sale|enhanced-atc|inherit-w-atc|atc-typo-column|hide-atc,title\u00bb carousel_interval=\u00bb3000&#8243; carousel_navspeed=\u00bb400&#8243; carousel_loop=\u00bbyes\u00bb stage_padding=\u00bb0&#8243; single_shape=\u00bbround\u00bb radius=\u00bbstd\u00bb single_overlay_color=\u00bbcolor-wvjs\u00bb single_overlay_opacity=\u00bb20&#8243; single_text_anim=\u00bbno\u00bb single_image_anim=\u00bbno\u00bb single_h_align=\u00bbcenter\u00bb single_padding=\u00bb2&#8243; single_title_semantic=\u00bbh2&#8243; single_title_dimension=\u00bbh5&#8243; single_title_weight=\u00bb700&#8243; single_border=\u00bbyes\u00bb uncode_shortcode_id=\u00bb213071&#8243;][\/vc_column][\/vc_row]<\/p>\n<\/div>","protected":false},"excerpt":{"rendered":"<p>El <strong>olfat\u00f3metro TO9 evolution<\/strong> tiene toda la funcionalidad de equipo TO8 evolution, m\u00e1s el m\u00e9todo de elecci\u00f3n de doble fuerza.<\/p>\n<p>La diluci\u00f3n m\u00e1xima aumenta a 217, lo que permite medir muestras de concentraciones de olor m\u00e1s altas que las posibles con la del TO8 evolution.<\/p>\n<p>Al igual que el TO8, este olfat\u00f3metro puede utilizarse tanto como un laboratorio casero como un laboratorio m\u00f3vil in situ para reducir al m\u00ednimo el tiempo de almacenamiento de las muestras, aumentar la flexibilidad y ofrecer una mayor rapidez en la presentaci\u00f3n de informes.<\/p>\n<p>El WiNose LIMS proporcionado asegura la mejor calidad en todos los sitios de medici\u00f3n de olores, apoy\u00e1ndole en el cumplimiento de los procedimientos esenciales de gesti\u00f3n y control de calidad en su operaci\u00f3n diaria de laboratorio y en la preparaci\u00f3n de auditor\u00edas.<\/p>\n<p>Olfasense dispone tambi\u00e9n de dos nuevos equipos de 6 plazas para completar la familia de olfat\u00f3metros de pr\u00f3xima generaci\u00f3n: El olfat\u00f3metro TO8 EVOLUTION 6P (m\u00e9todo Y\/N, T-F-C) y el olfat\u00f3metro TO9 evolution 6P (m\u00e9todo Y\/N, D-F-C, T-F-C).<\/p>\n<p>Los olfat\u00f3metros TO8 evolution 6P y TO9 evolution 6P cumplen al 100% la norma europea para olfatometr\u00eda EN 13725: 2022.<\/p>\n","protected":false},"featured_media":5901,"template":"","meta":{"iawp_total_views":191},"product_brand":[],"product_cat":[301],"product_tag":[510],"class_list":{"0":"post-5900","1":"product","2":"type-product","3":"status-publish","4":"has-post-thumbnail","6":"product_cat-olfatometria","7":"product_tag-olfatometria","9":"first","10":"instock","11":"taxable","12":"shipping-taxable","13":"product-type-external"},"_links":{"self":[{"href":"https:\/\/www.controltecnica.com\/test\/wp-json\/wp\/v2\/product\/5900","targetHints":{"allow":["GET"]}}],"collection":[{"href":"https:\/\/www.controltecnica.com\/test\/wp-json\/wp\/v2\/product"}],"about":[{"href":"https:\/\/www.controltecnica.com\/test\/wp-json\/wp\/v2\/types\/product"}],"wp:featuredmedia":[{"embeddable":true,"href":"https:\/\/www.controltecnica.com\/test\/wp-json\/wp\/v2\/media\/5901"}],"wp:attachment":[{"href":"https:\/\/www.controltecnica.com\/test\/wp-json\/wp\/v2\/media?parent=5900"}],"wp:term":[{"taxonomy":"product_brand","embeddable":true,"href":"https:\/\/www.controltecnica.com\/test\/wp-json\/wp\/v2\/product_brand?post=5900"},{"taxonomy":"product_cat","embeddable":true,"href":"https:\/\/www.controltecnica.com\/test\/wp-json\/wp\/v2\/product_cat?post=5900"},{"taxonomy":"product_tag","embeddable":true,"href":"https:\/\/www.controltecnica.com\/test\/wp-json\/wp\/v2\/product_tag?post=5900"}],"curies":[{"name":"wp","href":"https:\/\/api.w.org\/{rel}","templated":true}]}}