{"id":5752,"date":"2020-03-27T13:02:06","date_gmt":"2020-03-27T13:02:06","guid":{"rendered":"https:\/\/www.controltecnica.com\/test\/?post_type=product&#038;p=5752"},"modified":"2025-05-08T15:05:49","modified_gmt":"2025-05-08T15:05:49","slug":"camaras-walk-in-de-estabilidad-serie-c","status":"publish","type":"product","link":"https:\/\/www.controltecnica.com\/test\/producto\/camaras-walk-in-de-estabilidad-serie-c\/","title":{"rendered":"C\u00e1maras Walk-In de estabilidad serie C, rango T\u00aa 0\u00baC a +60\u00baC, h.r. 20% al 80%"},"content":{"rendered":"<div class=\"wpb-content-wrapper\"><p>[vc_row row_height_percent=\u00bb0&#8243; override_padding=\u00bbyes\u00bb h_padding=\u00bb2&#8243; top_padding=\u00bb2&#8243; bottom_padding=\u00bb4&#8243; back_color=\u00bbcolor-xsdn\u00bb overlay_alpha=\u00bb50&#8243; gutter_size=\u00bb4&#8243; column_width_percent=\u00bb100&#8243; shift_y=\u00bb0&#8243; z_index=\u00bb0&#8243; inverted_device_order=\u00bbyes\u00bb uncode_shortcode_id=\u00bb120445&#8243; back_color_type=\u00bbuncode-palette\u00bb el_class=\u00bbnormalise-top-padding-mobile\u00bb][vc_column column_width_percent=\u00bb100&#8243; gutter_size=\u00bb1&#8243; override_padding=\u00bbyes\u00bb column_padding=\u00bb0&#8243; overlay_alpha=\u00bb50&#8243; shift_x=\u00bb0&#8243; shift_y=\u00bb0&#8243; shift_y_down=\u00bb0&#8243; z_index=\u00bb0&#8243; medium_width=\u00bb0&#8243; mobile_width=\u00bb0&#8243; width=\u00bb1\/2&#8243; uncode_shortcode_id=\u00bb127372&#8243;][vc_single_image dynamic=\u00bbyes\u00bb media_width_percent=\u00bb100&#8243; uncode_shortcode_id=\u00bb357305&#8243;][vc_gallery el_id=\u00bbgallery-499119&#8243; type=\u00bbcarousel\u00bb dynamic=\u00bbyes\u00bb carousel_lg=\u00bb2&#8243; carousel_md=\u00bb2&#8243; carousel_sm=\u00bb1&#8243; gutter_size=\u00bb3&#8243; carousel_interval=\u00bb3000&#8243; carousel_navspeed=\u00bb200&#8243; carousel_loop=\u00bbyes\u00bb carousel_nav=\u00bbyes\u00bb carousel_nav_mobile=\u00bbyes\u00bb stage_padding=\u00bb0&#8243; single_overlay_opacity=\u00bb50&#8243; single_padding=\u00bb2&#8243; uncode_shortcode_id=\u00bb273747&#8243;][\/vc_column][vc_column column_width_percent=\u00bb100&#8243; gutter_size=\u00bb2&#8243; overlay_alpha=\u00bb50&#8243; shift_x=\u00bb0&#8243; shift_y=\u00bb0&#8243; shift_y_down=\u00bb0&#8243; z_index=\u00bb0&#8243; medium_width=\u00bb0&#8243; mobile_width=\u00bb0&#8243; sticky=\u00bbyes\u00bb width=\u00bb1\/2&#8243; uncode_shortcode_id=\u00bb577386&#8243;][uncode_breadcrumbs text_lead=\u00bbsmall\u00bb wc_breadcrumbs=\u00bbyes\u00bb][vc_row_inner limit_content=\u00bb\u00bb][vc_column_inner column_width_percent=\u00bb100&#8243; gutter_size=\u00bb2&#8243; overlay_alpha=\u00bb50&#8243; shift_x=\u00bb0&#8243; shift_y=\u00bb0&#8243; shift_y_down=\u00bb0&#8243; z_index=\u00bb0&#8243; medium_width=\u00bb5&#8243; mobile_width=\u00bb0&#8243; width=\u00bb1\/1&#8243; uncode_shortcode_id=\u00bb839507&#8243;][vc_custom_heading auto_text=\u00bbyes\u00bb heading_semantic=\u00bbh1&#8243; text_size=\u00bbh1&#8243; uncode_shortcode_id=\u00bb644777&#8243;]This is a custom heading element.[\/vc_custom_heading][vc_custom_heading auto_text=\u00bbprice\u00bb heading_semantic=\u00bbh6&#8243; uncode_shortcode_id=\u00bb212952&#8243;]This is a custom heading element.[\/vc_custom_heading][\/vc_column_inner][\/vc_row_inner][vc_column_text auto_text=\u00bbexcerpt\u00bb uncode_shortcode_id=\u00bb147315&#8243;]I am text block. Click edit button to change this text. Lorem ipsum dolor sit amet, consectetur adipiscing elit. Ut elit tellus, luctus nec ullamcorper mattis, pulvinar dapibus leo.[\/vc_column_text][vc_button dynamic=\u00bbadd-to-cart\u00bb quantity=\u00bbvariation\u00bb custom_typo=\u00bbyes\u00bb font_weight=\u00bb500&#8243; border_width=\u00bb0&#8243; scale_mobile=\u00bbno\u00bb uncode_shortcode_id=\u00bb212274&#8243;]Text on the button[\/vc_button][vc_separator sep_color=\u00bb,Default\u00bb][uncode_single_product_meta][\/vc_column][\/vc_row][vc_row row_height_percent=\u00bb0&#8243; override_padding=\u00bbyes\u00bb h_padding=\u00bb2&#8243; top_padding=\u00bb3&#8243; bottom_padding=\u00bb3&#8243; back_color=\u00bbcolor-lxmt\u00bb overlay_alpha=\u00bb50&#8243; gutter_size=\u00bb3&#8243; column_width_percent=\u00bb100&#8243; shift_y=\u00bb0&#8243; z_index=\u00bb0&#8243; uncode_shortcode_id=\u00bb731349&#8243; back_color_type=\u00bbuncode-palette\u00bb][vc_column column_width_use_pixel=\u00bbyes\u00bb gutter_size=\u00bb2&#8243; overlay_alpha=\u00bb50&#8243; shift_x=\u00bb0&#8243; shift_y=\u00bb0&#8243; shift_y_down=\u00bb0&#8243; z_index=\u00bb0&#8243; medium_width=\u00bb0&#8243; mobile_width=\u00bb0&#8243; width=\u00bb1\/1&#8243; uncode_shortcode_id=\u00bb348789&#8243;][vc_tabs tab_scrolling=\u00bbyes\u00bb typography=\u00bbyes\u00bb border_100=\u00bbyes\u00bb product_from_builder=\u00bbyes\u00bb][vc_tab icon=\u00bbfa fa-play\u00bb icon_size=\u00bbmd\u00bb gutter_size=\u00bb2&#8243; column_padding=\u00bb3&#8243; title=\u00bbModelos y Dimensiones\u00bb tab_id=\u00bb8596f1d3-cbcd1726652860984172709407050917272647044261730723439610173098354000017309844413521731494386154&#8243; product_from_builder=\u00bbyes\u00bb][vc_raw_html]JTNDZGl2JTIwYWxpZ24lM0QlMjJjZW50ZXIlMjIlM0UlMEElM0NkaXYlMjBzdHlsZSUzRCUyMm92ZXJmbG93LXglM0ElMjBhdXRvJTNCJTIyJTNFJTBBJTNDdGFibGUlMjBjbGFzcyUzRCUyMnRhYmxlJTIwdGFibGUtY29uZGVuc2VkJTIyJTIwc3R5bGUlM0QlMjJmb250LXNpemUlM0ElMjAxMnB4JTNCbGluZS1oZWlnaHQlM0ElMjAxLjElMjIlM0UlMEElM0N0Ym9keSUzRSUwQSUzQ3RyJTIwY2xhc3MlM0QlMjJpbmZvJTIyJTIwc3R5bGUlM0QlMjJiYWNrZ3JvdW5kLWNvbG9yJTNBJTIwd2hpdGUlM0IlMjIlM0UlMEElM0N0ZCUyMGNsYXNzJTNEJTIydGFibGVfcHJhbCUyMiUyMHN0eWxlJTNEJTIyd2lkdGglM0ElMjAxNzBweCUyMiUzRSUzQ2IlM0VUSVBPJTNDJTJGYiUzRSUzQyUyRnRkJTNFJTBBJTNDdGQlMjBjbGFzcyUzRCUyMnRkX3ByYWwlMjIlM0VDNCUzQyUyRnRkJTNFJTBBJTNDdGQlMjBjbGFzcyUzRCUyMnRkX3ByYWwlMjIlM0VDNiUzQyUyRnRkJTNFJTBBJTNDdGQlMjBjbGFzcyUzRCUyMnRkX3ByYWwlMjIlM0VDOCUzQyUyRnRkJTNFJTBBJTNDdGQlMjBjbGFzcyUzRCUyMnRkX3ByYWwlMjIlM0VDMTIlM0MlMkZ0ZCUzRSUwQSUzQyUyRnRyJTNFJTBBJTNDdHIlMjBjbGFzcyUzRCUyMnRhYmxlX2NvbDIlMjIlM0UlMEElM0N0ZCUyMGNsYXNzJTNEJTIydGFibGVfcHJhbCUyMiUzRVZvbCVDMyVCQW1lbiUyMGludGVybm8lMjAlMjhtMyUyOSUzQyUyRnRkJTNFJTBBJTNDdGQlMjBjbGFzcyUzRCUyMnRkX25vcm1hbCUyMiUzRTQlM0MlMkZ0ZCUzRSUwQSUzQ3RkJTIwY2xhc3MlM0QlMjJ0ZF9ub3JtYWwlMjIlM0U2JTNDJTJGdGQlM0UlMEElM0N0ZCUyMGNsYXNzJTNEJTIydGRfbm9ybWFsJTIyJTNFOCUzQyUyRnRkJTNFJTBBJTNDdGQlMjBjbGFzcyUzRCUyMnRkX25vcm1hbCUyMiUzRTEyJTNDJTJGdGQlM0UlMEElM0MlMkZ0ciUzRSUwQSUzQ3RyJTIwY2xhc3MlM0QlMjJpbmZvJTIyJTIwc3R5bGUlM0QlMjJiYWNrZ3JvdW5kLWNvbG9yJTNBJTIwd2hpdGUlM0IlMjIlM0UlMEElM0N0ZCUyMGNsYXNzJTNEJTIydGFibGVfcHJhbCUyMiUyMGNvbHNwYW4lM0QlMjI1JTIyJTNFJTNDYiUzRUNhcmFjdGVyJUMzJUFEc3RpY2FzJTIwdCVDMyVBOWNuaWNhcyUyMHBhcmElMjBlbnNheW9zJTIwY2xpbSVDMyVBMXRpY29zJTNDJTJGYiUzRSUzQyUyRnRkJTNFJTBBJTNDJTJGdHIlM0UlMEElM0N0ciUyMGNsYXNzJTNEJTIydGFibGVfY29sMiUyMiUzRSUwQSUzQ3RkJTIwY2xhc3MlM0QlMjJ0YWJsZV9wcmFsJTIyJTNFUmFuZ28lMjBkZSUyMHRlbXBlcmF0dXJhJTIwSUNIJTNDJTJGdGQlM0UlMEElM0N0ZCUyMGNsYXNzJTNEJTIydGRfbm9ybWFsJTIyJTIwY29sc3BhbiUzRCUyMjQlMjIlM0VEZXNkZSUyMCUyQjEwJUMyJUJBQyUyMC4uJTIwJTJCNTAlQzIlQkFDJTNDJTJGdGQlM0UlMEElM0MlMkZ0ciUzRSUwQSUzQ3RyJTIwY2xhc3MlM0QlMjJ0YWJsZV9jb2wyJTIyJTNFJTBBJTNDdGQlMjBjbGFzcyUzRCUyMnRhYmxlX3ByYWwlMjIlM0VSYW5nbyUyMGFtcGxpYWRvJTNDJTJGdGQlM0UlMEElM0N0ZCUyMGNsYXNzJTNEJTIydGRfbm9ybWFsJTIyJTIwY29sc3BhbiUzRCUyMjQlMjIlM0VEZXNkZSUyMC00MCVDMiVCQUMlMjAuLiUyMCUyQjcwJUMyJUJBQyUzQyUyRnRkJTNFJTBBJTNDJTJGdHIlM0UlMEElM0N0ciUyMGNsYXNzJTNEJTIydGFibGVfY29sMiUyMiUzRSUwQSUzQ3RkJTIwY2xhc3MlM0QlMjJ0YWJsZV9wcmFsJTIyJTNFUmFuZ28lMjBjbGltJUMzJUExdGljbyUzQyUyRnRkJTNFJTBBJTNDdGQlMjBjbGFzcyUzRCUyMnRkX25vcm1hbCUyMiUyMGNvbHNwYW4lM0QlMjI0JTIyJTNFZGVzZGUlMjAyMCUyNSUyMGhhc3RhJTIwZWwlMjA4MCUyNSUyMGguci4lM0MlMkZ0ZCUzRSUwQSUzQyUyRnRyJTNFJTBBJTNDdHIlMjBjbGFzcyUzRCUyMnRhYmxlX2NvbCUyMiUzRSUwQSUzQ3RkJTIwY2xhc3MlM0QlMjJ0YWJsZV9wcmFsJTIyJTIwc3R5bGUlM0QlMjJ0ZXh0LWFsaWduJTNBJTIwbGVmdCUyMiUyMGNvbHNwYW4lM0QlMjI1JTIyJTNFRGltZW5zaW9uZXMlMjBpbnRlcm5hcyUyMGFwcm94LiUyMCUyOG1tJTI5JTNBJTNDJTJGdGQlM0UlMEElM0MlMkZ0ciUzRSUwQSUzQ3RyJTIwY2xhc3MlM0QlMjJ0YWJsZV9jb2wyJTIyJTNFJTBBJTNDdGQlMjBjbGFzcyUzRCUyMnRhYmxlX3ByYWwlMjIlM0VBbmNodXJhJTNDJTJGdGQlM0UlMEElM0N0ZCUyMGNsYXNzJTNEJTIydGRfbm9ybWFsJTIyJTNFMTIwMCUzQyUyRnRkJTNFJTBBJTNDdGQlMjBjbGFzcyUzRCUyMnRkX25vcm1hbCUyMiUzRTE2MDAlM0MlMkZ0ZCUzRSUwQSUzQ3RkJTIwY2xhc3MlM0QlMjJ0ZF9ub3JtYWwlMjIlM0UxODAwJTNDJTJGdGQlM0UlMEElM0N0ZCUyMGNsYXNzJTNEJTIydGRfbm9ybWFsJTIyJTNFMjIwMCUzQyUyRnRkJTNFJTBBJTNDJTJGdHIlM0UlMEElM0N0ciUyMGNsYXNzJTNEJTIydGFibGVfY29sMiUyMiUzRSUwQSUzQ3RkJTIwY2xhc3MlM0QlMjJ0YWJsZV9wcmFsJTIyJTNFRm9uZG8lM0MlMkZ0ZCUzRSUwQSUzQ3RkJTIwY2xhc3MlM0QlMjJ0ZF9ub3JtYWwlMjIlM0UxNjAwJTNDJTJGdGQlM0UlMEElM0N0ZCUyMGNsYXNzJTNEJTIydGRfbm9ybWFsJTIyJTNFMTgwMCUzQyUyRnRkJTNFJTBBJTNDdGQlMjBjbGFzcyUzRCUyMnRkX25vcm1hbCUyMiUzRTIwMDAlM0MlMkZ0ZCUzRSUwQSUzQ3RkJTIwY2xhc3MlM0QlMjJ0ZF9ub3JtYWwlMjIlM0UyNDAwJTNDJTJGdGQlM0UlMEElM0MlMkZ0ciUzRSUwQSUzQ3RyJTIwY2xhc3MlM0QlMjJ0YWJsZV9jb2wyJTIyJTNFJTBBJTNDdGQlMjBjbGFzcyUzRCUyMnRhYmxlX3ByYWwlMjIlM0VBbHR1cmElM0MlMkZ0ZCUzRSUwQSUzQ3RkJTIwY2xhc3MlM0QlMjJ0ZF9ub3JtYWwlMjIlM0UyNDAwJTNDJTJGdGQlM0UlMEElM0N0ZCUyMGNsYXNzJTNEJTIydGRfbm9ybWFsJTIyJTNFMjQwMCUzQyUyRnRkJTNFJTBBJTNDdGQlMjBjbGFzcyUzRCUyMnRkX25vcm1hbCUyMiUzRTI0MDAlM0MlMkZ0ZCUzRSUwQSUzQ3RkJTIwY2xhc3MlM0QlMjJ0ZF9ub3JtYWwlMjIlM0UyNDAwJTNDJTJGdGQlM0UlMEElM0MlMkZ0ciUzRSUwQSUzQ3RyJTIwY2xhc3MlM0QlMjJ0YWJsZV9jb2wxJTIyJTNFJTBBJTNDdGQlMjBjbGFzcyUzRCUyMnRhYmxlX3ByYWwlMjIlM0VFc3Blc29yZXMlMjBkZSUyMGxhJTIwcGFyZWQlM0MlMkZ0ZCUzRSUwQSUzQ3RkJTIwY2xhc3MlM0QlMjJ0ZF9ub3JtYWwlMjIlMjBjb2xzcGFuJTNEJTIyNCUyMiUzRTEwNSUyMG1tJTIwZGUlMjBpbnllY2NpJUMzJUIzbiUyMGRlJTIwZXNwdW1hJTIwZGUlMjBwb2xpdXJldGFubyUzQyUyRnRkJTNFJTBBJTNDJTJGdHIlM0UlMEElM0N0ciUyMGNsYXNzJTNEJTIydGFibGVfY29sJTIyJTNFJTBBJTNDdGQlMjBjbGFzcyUzRCUyMnRhYmxlX3ByYWwlMjIlMjBjb2xzcGFuJTNEJTIyNSUyMiUzRURpbWVuc2lvbmVzJTIwZXh0ZXJuYXMlMjBhcHJveC4lMjAlMjhtbSUyOSUzQyUyRnRkJTNFJTBBJTNDJTJGdHIlM0UlMEElM0N0ciUyMGNsYXNzJTNEJTIydGFibGVfY29sMiUyMiUzRSUwQSUzQ3RkJTIwY2xhc3MlM0QlMjJ0YWJsZV9wcmFsJTIyJTNFQW5jaHVyYSUzQyUyRnRkJTNFJTBBJTNDdGQlMjBjbGFzcyUzRCUyMnRkX25vcm1hbCUyMiUzRTE0MTAlM0MlMkZ0ZCUzRSUwQSUzQ3RkJTIwY2xhc3MlM0QlMjJ0ZF9ub3JtYWwlMjIlM0UxODEwJTNDJTJGdGQlM0UlMEElM0N0ZCUyMGNsYXNzJTNEJTIydGRfbm9ybWFsJTIyJTNFMjAxMCUzQyUyRnRkJTNFJTBBJTNDdGQlMjBjbGFzcyUzRCUyMnRkX25vcm1hbCUyMiUzRTI0MTAlM0MlMkZ0ZCUzRSUwQSUzQyUyRnRyJTNFJTBBJTNDdHIlMjBjbGFzcyUzRCUyMnRhYmxlX2NvbDIlMjIlM0UlMEElM0N0ZCUyMGNsYXNzJTNEJTIydGFibGVfcHJhbCUyMiUzRUZvbmRvJTNDJTJGdGQlM0UlMEElM0N0ZCUyMGNsYXNzJTNEJTIydGRfbm9ybWFsJTIyJTNFMTgxMCUzQyUyRnRkJTNFJTBBJTNDdGQlMjBjbGFzcyUzRCUyMnRkX25vcm1hbCUyMiUzRTIwMTAlM0MlMkZ0ZCUzRSUwQSUzQ3RkJTIwY2xhc3MlM0QlMjJ0ZF9ub3JtYWwlMjIlM0UyMjEwJTNDJTJGdGQlM0UlMEElM0N0ZCUyMGNsYXNzJTNEJTIydGRfbm9ybWFsJTIyJTNFMjYxMCUzQyUyRnRkJTNFJTBBJTNDJTJGdHIlM0UlMEElM0N0ciUyMGNsYXNzJTNEJTIydGFibGVfY29sMiUyMiUzRSUwQSUzQ3RkJTIwY2xhc3MlM0QlMjJ0YWJsZV9wcmFsJTIyJTNFQWx0dXJhJTNDJTJGdGQlM0UlMEElM0N0ZCUyMGNsYXNzJTNEJTIydGRfbm9ybWFsJTIyJTNFMjYxMCUzQyUyRnRkJTNFJTBBJTNDdGQlMjBjbGFzcyUzRCUyMnRkX25vcm1hbCUyMiUzRTI2MTAlM0MlMkZ0ZCUzRSUwQSUzQ3RkJTIwY2xhc3MlM0QlMjJ0ZF9ub3JtYWwlMjIlM0UyNjEwJTNDJTJGdGQlM0UlMEElM0N0ZCUyMGNsYXNzJTNEJTIydGRfbm9ybWFsJTIyJTNFMjYxMCUzQyUyRnRkJTNFJTBBJTNDJTJGdHIlM0UlMEElM0N0ciUyMGNsYXNzJTNEJTIyaW5mbyUyMiUyMHN0eWxlJTNEJTIyYmFja2dyb3VuZC1jb2xvciUzQSUyMHdoaXRlJTNCJTIyJTNFJTBBJTNDdGQlMjBjbGFzcyUzRCUyMnRhYmxlX3ByYWwlMjIlMjBjb2xzcGFuJTNEJTIyNSUyMiUzRSUzQyUyRnRkJTNFJTBBJTNDJTJGdHIlM0UlMEElM0N0ciUyMGNsYXNzJTNEJTIydGFibGVfY29sMSUyMiUzRSUwQSUzQ3RkJTIwY2xhc3MlM0QlMjJ0YWJsZV9wcmFsJTIyJTNFQWx0dXJhcyUyMGV4dGVybmFzJTIwZGlzcG9uaWJsZXMlMjAlMjhtbSUyOSUzQyUyRnRkJTNFJTBBJTNDdGQlMjBjbGFzcyUzRCUyMnRkX25vcm1hbCUyMiUyMGNvbHNwYW4lM0QlMjI0JTIyJTNFMjIwMCUyRjI0MDAlMkYyNjAwJTJGMjgwMCUyRjMwMDAlM0MlMkZ0ZCUzRSUwQSUzQyUyRnRyJTNFJTBBJTNDdHIlMjBjbGFzcyUzRCUyMnRhYmxlX2NvbDIlMjIlM0UlMEElM0N0ZCUyMGNsYXNzJTNEJTIydGFibGVfcHJhbCUyMiUzRUNvbmV4aSVDMyVCM24lMjBlbCVDMyVBOWN0cmljYSUzQyUyRnRkJTNFJTBBJTNDdGQlMjBjbGFzcyUzRCUyMnRkX25vcm1hbCUyMiUyMGNvbHNwYW4lM0QlMjI0JTIyJTNFMzgwViUyQjYlMkYxMDAlMjUlMkMzJTJGTiUyQzUwSHolM0MlMkZ0ZCUzRSUwQSUzQyUyRnRyJTNFJTBBJTNDJTJGdGJvZHklM0UlMEElM0MlMkZ0YWJsZSUzRSUwQSUzQ3RhYmxlJTIwY2xhc3MlM0QlMjJ0YWJsZSUyMHRhYmxlLWNvbmRlbnNlZCUyMiUyMHN0eWxlJTNEJTIyZm9udC1zaXplJTNBJTIwMTJweCUzQmxpbmUtaGVpZ2h0JTNBJTIwMS4xJTIyJTNFJTBBJTNDdGJvZHklM0UlMEElM0N0ciUyMGNsYXNzJTNEJTIyaW5mbyUyMiUyMHN0eWxlJTNEJTIyYmFja2dyb3VuZC1jb2xvciUzQSUyMHdoaXRlJTNCJTIyJTNFJTBBJTNDdGQlMjBjbGFzcyUzRCUyMnRhYmxlX3ByYWwlMjIlMjBzdHlsZSUzRCUyMndpZHRoJTNBJTIwMTcwcHglMjIlM0UlM0NiJTNFVElQTyUzQyUyRmIlM0UlM0MlMkZ0ZCUzRSUwQSUzQ3RkJTIwY2xhc3MlM0QlMjJ0ZF9wcmFsJTIyJTNFQzE4JTNDJTJGdGQlM0UlMEElM0N0ZCUyMGNsYXNzJTNEJTIydGRfcHJhbCUyMiUzRUMyNSUzQyUyRnRkJTNFJTBBJTNDdGQlMjBjbGFzcyUzRCUyMnRkX3ByYWwlMjIlM0VDNDAlM0MlMkZ0ZCUzRSUwQSUzQ3RkJTIwY2xhc3MlM0QlMjJ0ZF9wcmFsJTIyJTNFQzUwJTNDJTJGdGQlM0UlMEElM0MlMkZ0ciUzRSUwQSUzQ3RyJTIwY2xhc3MlM0QlMjJ0YWJsZV9jb2wyJTIyJTNFJTBBJTNDdGQlMjBjbGFzcyUzRCUyMnRhYmxlX3ByYWwlMjIlM0VWb2wlQzMlQkFtZW4lMjBpbnRlcm5vJTIwJTI4bTMlMjklM0MlMkZ0ZCUzRSUwQSUzQ3RkJTIwY2xhc3MlM0QlMjJ0ZF9ub3JtYWwlMjIlM0UxOCUzQyUyRnRkJTNFJTBBJTNDdGQlMjBjbGFzcyUzRCUyMnRkX25vcm1hbCUyMiUzRTI1JTNDJTJGdGQlM0UlMEElM0N0ZCUyMGNsYXNzJTNEJTIydGRfbm9ybWFsJTIyJTNFNDAlM0MlMkZ0ZCUzRSUwQSUzQ3RkJTIwY2xhc3MlM0QlMjJ0ZF9ub3JtYWwlMjIlM0U1MCUzQyUyRnRkJTNFJTBBJTNDJTJGdHIlM0UlMEElM0N0ciUyMGNsYXNzJTNEJTIyaW5mbyUyMiUyMHN0eWxlJTNEJTIyYmFja2dyb3VuZC1jb2xvciUzQSUyMHdoaXRlJTNCJTIyJTNFJTBBJTNDdGQlMjBjbGFzcyUzRCUyMnRhYmxlX3ByYWwlMjIlMjBjb2xzcGFuJTNEJTIyNSUyMiUzRSUzQ2IlM0VDYXJhY3RlciVDMyVBRHN0aWNhcyUyMHQlQzMlQTljbmljYXMlMjBwYXJhJTIwZW5zYXlvcyUyMGNsaW0lQzMlQTF0aWNvcyUzQyUyRmIlM0UlM0MlMkZ0ZCUzRSUwQSUzQyUyRnRyJTNFJTBBJTNDdHIlMjBjbGFzcyUzRCUyMnRhYmxlX2NvbDIlMjIlM0UlMEElM0N0ZCUyMGNsYXNzJTNEJTIydGFibGVfcHJhbCUyMiUzRVJhbmdvJTIwZGUlMjB0ZW1wZXJhdHVyYSUyMElDSCUzQyUyRnRkJTNFJTBBJTNDdGQlMjBjbGFzcyUzRCUyMnRkX25vcm1hbCUyMiUyMGNvbHNwYW4lM0QlMjI0JTIyJTNFRGVzZGUlMjAlMkIxMCVDMiVCQUMlMjAuLiUyMCUyQjUwJUMyJUJBQyUzQyUyRnRkJTNFJTBBJTNDJTJGdHIlM0UlMEElM0N0ciUyMGNsYXNzJTNEJTIydGFibGVfY29sMiUyMiUzRSUwQSUzQ3RkJTIwY2xhc3MlM0QlMjJ0YWJsZV9wcmFsJTIyJTNFUmFuZ28lMjBhbXBsaWFkbyUzQyUyRnRkJTNFJTBBJTNDdGQlMjBjbGFzcyUzRCUyMnRkX25vcm1hbCUyMiUyMGNvbHNwYW4lM0QlMjI0JTIyJTNFRGVzZGUlMjAtNDAlQzIlQkFDJTIwLi4lMjAlMkI3MCVDMiVCQUMlM0MlMkZ0ZCUzRSUwQSUzQyUyRnRyJTNFJTBBJTNDdHIlMjBjbGFzcyUzRCUyMnRhYmxlX2NvbDIlMjIlM0UlMEElM0N0ZCUyMGNsYXNzJTNEJTIydGFibGVfcHJhbCUyMiUzRVJhbmdvJTIwY2xpbSVDMyVBMXRpY28lM0MlMkZ0ZCUzRSUwQSUzQ3RkJTIwY2xhc3MlM0QlMjJ0ZF9ub3JtYWwlMjIlMjBjb2xzcGFuJTNEJTIyNCUyMiUzRWRlc2RlJTIwMjAlMjUlMjBoYXN0YSUyMGVsJTIwODAlMjUlMjBoLnIuJTNDJTJGdGQlM0UlMEElM0MlMkZ0ciUzRSUwQSUzQ3RyJTIwY2xhc3MlM0QlMjJ0YWJsZV9jb2wlMjIlM0UlMEElM0N0ZCUyMGNsYXNzJTNEJTIydGFibGVfcHJhbCUyMiUyMHN0eWxlJTNEJTIydGV4dC1hbGlnbiUzQSUyMGxlZnQlMjIlMjBjb2xzcGFuJTNEJTIyNSUyMiUzRURpbWVuc2lvbmVzJTIwaW50ZXJuYXMlMjBhcHJveC4lMjAlMjhtbSUyOSUzQSUzQyUyRnRkJTNFJTBBJTNDJTJGdHIlM0UlMEElM0N0ciUyMGNsYXNzJTNEJTIydGFibGVfY29sMiUyMiUzRSUwQSUzQ3RkJTIwY2xhc3MlM0QlMjJ0YWJsZV9wcmFsJTIyJTNFQW5jaHVyYSUzQyUyRnRkJTNFJTBBJTNDdGQlMjBjbGFzcyUzRCUyMnRkX25vcm1hbCUyMiUzRTI0MDAlM0MlMkZ0ZCUzRSUwQSUzQ3RkJTIwY2xhc3MlM0QlMjJ0ZF9ub3JtYWwlMjIlM0UyODAwJTNDJTJGdGQlM0UlMEElM0N0ZCUyMGNsYXNzJTNEJTIydGRfbm9ybWFsJTIyJTNFMzIwMCUzQyUyRnRkJTNFJTBBJTNDdGQlMjBjbGFzcyUzRCUyMnRkX25vcm1hbCUyMiUzRTM0MDAlM0MlMkZ0ZCUzRSUwQSUzQyUyRnRyJTNFJTBBJTNDdHIlMjBjbGFzcyUzRCUyMnRhYmxlX2NvbDIlMjIlM0UlMEElM0N0ZCUyMGNsYXNzJTNEJTIydGFibGVfcHJhbCUyMiUzRUZvbmRvJTNDJTJGdGQlM0UlMEElM0N0ZCUyMGNsYXNzJTNEJTIydGRfbm9ybWFsJTIyJTNFMzAwJTNDJTJGdGQlM0UlMEElM0N0ZCUyMGNsYXNzJTNEJTIydGRfbm9ybWFsJTIyJTNFMzYwMCUzQyUyRnRkJTNFJTBBJTNDdGQlMjBjbGFzcyUzRCUyMnRkX25vcm1hbCUyMiUzRTUwMDAlM0MlMkZ0ZCUzRSUwQSUzQ3RkJTIwY2xhc3MlM0QlMjJ0ZF9ub3JtYWwlMjIlM0U2MDAwJTNDJTJGdGQlM0UlMEElM0MlMkZ0ciUzRSUwQSUzQ3RyJTIwY2xhc3MlM0QlMjJ0YWJsZV9jb2wyJTIyJTNFJTBBJTNDdGQlMjBjbGFzcyUzRCUyMnRhYmxlX3ByYWwlMjIlM0VBbHR1cmElM0MlMkZ0ZCUzRSUwQSUzQ3RkJTIwY2xhc3MlM0QlMjJ0ZF9ub3JtYWwlMjIlM0UyNDAwJTNDJTJGdGQlM0UlMEElM0N0ZCUyMGNsYXNzJTNEJTIydGRfbm9ybWFsJTIyJTNFMjQwMCUzQyUyRnRkJTNFJTBBJTNDdGQlMjBjbGFzcyUzRCUyMnRkX25vcm1hbCUyMiUzRTI0MDAlM0MlMkZ0ZCUzRSUwQSUzQ3RkJTIwY2xhc3MlM0QlMjJ0ZF9ub3JtYWwlMjIlM0UyNDAwJTNDJTJGdGQlM0UlMEElM0MlMkZ0ciUzRSUwQSUzQ3RyJTIwY2xhc3MlM0QlMjJ0YWJsZV9jb2wxJTIyJTNFJTBBJTNDdGQlMjBjbGFzcyUzRCUyMnRhYmxlX3ByYWwlMjIlM0VFc3Blc29yZXMlMjBkZSUyMGxhJTIwcGFyZWQlM0MlMkZ0ZCUzRSUwQSUzQ3RkJTIwY2xhc3MlM0QlMjJ0ZF9ub3JtYWwlMjIlMjBjb2xzcGFuJTNEJTIyNCUyMiUzRTEwNSUyMG1tJTIwZGUlMjBpbnllY2NpJUMzJUIzbiUyMGRlJTIwZXNwdW1hJTIwZGUlMjBwb2xpdXJldGFubyUzQyUyRnRkJTNFJTBBJTNDJTJGdHIlM0UlMEElM0N0ciUyMGNsYXNzJTNEJTIydGFibGVfY29sJTIyJTNFJTBBJTNDdGQlMjBjbGFzcyUzRCUyMnRhYmxlX3ByYWwlMjIlMjBjb2xzcGFuJTNEJTIyNSUyMiUzRURpbWVuc2lvbmVzJTIwZXh0ZXJuYXMlMjBhcHJveC4lMjAlMjhtbSUyOSUzQyUyRnRkJTNFJTBBJTNDJTJGdHIlM0UlMEElM0N0ciUyMGNsYXNzJTNEJTIydGFibGVfY29sMiUyMiUzRSUwQSUzQ3RkJTIwY2xhc3MlM0QlMjJ0YWJsZV9wcmFsJTIyJTNFQW5jaHVyYSUzQyUyRnRkJTNFJTBBJTNDdGQlMjBjbGFzcyUzRCUyMnRkX25vcm1hbCUyMiUzRTI2MTAlM0MlMkZ0ZCUzRSUwQSUzQ3RkJTIwY2xhc3MlM0QlMjJ0ZF9ub3JtYWwlMjIlM0UzMDEwJTNDJTJGdGQlM0UlMEElM0N0ZCUyMGNsYXNzJTNEJTIydGRfbm9ybWFsJTIyJTNFMzQxMCUzQyUyRnRkJTNFJTBBJTNDdGQlMjBjbGFzcyUzRCUyMnRkX25vcm1hbCUyMiUzRTM2MTAlM0MlMkZ0ZCUzRSUwQSUzQyUyRnRyJTNFJTBBJTNDdHIlMjBjbGFzcyUzRCUyMnRhYmxlX2NvbDIlMjIlM0UlMEElM0N0ZCUyMGNsYXNzJTNEJTIydGFibGVfcHJhbCUyMiUzRUZvbmRvJTNDJTJGdGQlM0UlMEElM0N0ZCUyMGNsYXNzJTNEJTIydGRfbm9ybWFsJTIyJTNFMzIxMCUzQyUyRnRkJTNFJTBBJTNDdGQlMjBjbGFzcyUzRCUyMnRkX25vcm1hbCUyMiUzRTM4MTAlM0MlMkZ0ZCUzRSUwQSUzQ3RkJTIwY2xhc3MlM0QlMjJ0ZF9ub3JtYWwlMjIlM0U1MjEwJTNDJTJGdGQlM0UlMEElM0N0ZCUyMGNsYXNzJTNEJTIydGRfbm9ybWFsJTIyJTNFNjIxMCUzQyUyRnRkJTNFJTBBJTNDJTJGdHIlM0UlMEElM0N0ciUyMGNsYXNzJTNEJTIydGFibGVfY29sMiUyMiUzRSUwQSUzQ3RkJTIwY2xhc3MlM0QlMjJ0YWJsZV9wcmFsJTIyJTNFQWx0dXJhJTNDJTJGdGQlM0UlMEElM0N0ZCUyMGNsYXNzJTNEJTIydGRfbm9ybWFsJTIyJTNFMjYxMCUzQyUyRnRkJTNFJTBBJTNDdGQlMjBjbGFzcyUzRCUyMnRkX25vcm1hbCUyMiUzRTI2MTAlM0MlMkZ0ZCUzRSUwQSUzQ3RkJTIwY2xhc3MlM0QlMjJ0ZF9ub3JtYWwlMjIlM0UyNjEwJTNDJTJGdGQlM0UlMEElM0N0ZCUyMGNsYXNzJTNEJTIydGRfbm9ybWFsJTIyJTNFMjYxMCUzQyUyRnRkJTNFJTBBJTNDJTJGdHIlM0UlMEElM0N0ciUyMGNsYXNzJTNEJTIyaW5mbyUyMiUyMHN0eWxlJTNEJTIyYmFja2dyb3VuZC1jb2xvciUzQSUyMHdoaXRlJTNCJTIyJTNFJTBBJTNDdGQlMjBjbGFzcyUzRCUyMnRhYmxlX3ByYWwlMjIlMjBjb2xzcGFuJTNEJTIyNSUyMiUzRSUzQyUyRnRkJTNFJTBBJTNDJTJGdHIlM0UlMEElM0N0ciUyMGNsYXNzJTNEJTIydGFibGVfY29sMSUyMiUzRSUwQSUzQ3RkJTIwY2xhc3MlM0QlMjJ0YWJsZV9wcmFsJTIyJTNFQWx0dXJhcyUyMGV4dGVybmFzJTIwZGlzcG9uaWJsZXMlMjAlMjhtbSUyOSUzQyUyRnRkJTNFJTBBJTNDdGQlMjBjbGFzcyUzRCUyMnRkX25vcm1hbCUyMiUyMGNvbHNwYW4lM0QlMjI0JTIyJTNFMjIwMCUyRjI0MDAlMkYyNjAwJTJGMjgwMCUyRjMwMDAlM0MlMkZ0ZCUzRSUwQSUzQyUyRnRyJTNFJTBBJTNDdHIlMjBjbGFzcyUzRCUyMnRhYmxlX2NvbDIlMjIlM0UlMEElM0N0ZCUyMGNsYXNzJTNEJTIydGFibGVfcHJhbCUyMiUzRUNvbmV4aSVDMyVCM24lMjBlbCVDMyVBOWN0cmljYSUzQyUyRnRkJTNFJTBBJTNDdGQlMjBjbGFzcyUzRCUyMnRkX25vcm1hbCUyMiUyMGNvbHNwYW4lM0QlMjI0JTIyJTNFMzgwViUyQjYlMkYxMCUyNSUyQzMlMkZOJTJDNTBIeiUzQyUyRnRkJTNFJTBBJTNDJTJGdHIlM0UlMEElM0MlMkZ0Ym9keSUzRSUwQSUzQyUyRnRhYmxlJTNFJTBBJTNDJTJGZGl2JTNFJTNDJTJGZGl2JTNF[\/vc_raw_html][\/vc_tab][vc_tab icon=\u00bbfa fa-play\u00bb icon_size=\u00bbmd\u00bb gutter_size=\u00bb2&#8243; column_padding=\u00bb2&#8243; title=\u00bbDescripci\u00f3n\u00bb tab_id=\u00bb596f1d3-cbcd1726652860984172709407050917272647044261730723439610173098354000017309844413521731494386154&#8243; product_from_builder=\u00bbyes\u00bb][vc_row_inner][vc_column_inner width=\u00bb1\/2&#8243;][uncode_list icon=\u00bbfa fa-play\u00bb icon_color=\u00bbcolor-azulct\u00bb uncode_shortcode_id=\u00bb902912&#8243; icon_color_type=\u00bbuncode-palette\u00bb]Las C\u00e1maras Walk-In de la serie \u201cC\u201d, con control preciso de la temperatura y humedad relativa permiten realizar ensayos farmac\u00e9uticos de larga duraci\u00f3n conforme a las normas ICH en los puntos exigidos por la norma seg\u00fan la gu\u00eda Q1A:<\/p>\n<ul>\n<li>Ensayo ICH de larga duraci\u00f3n +25\u00baC +\/- 2\u00baC \/ 60% h.r +\/- 5% h.r.<\/li>\n<li>Ensayo ICH intermedio +30\u00baC +\/- 2\u00baC \/ 65% h.r +\/- 5% h.r.<\/li>\n<li>Ensayo ICH acelerado +40\u00baC +\/- 2\u00baC \/ 75% h.r +\/- 5% h.r.<\/li>\n<\/ul>\n<p>En la Industria Farmac\u00e9utica el nivel m\u00e1ximo de seguridad viene avalado por las validaciones contra la FDA 483. Estos equipos han sido dise\u00f1ados exclusivamente para el sector farmac\u00e9utico presentando, en caso de solicitarse, la documentaci\u00f3n de validaci\u00f3n IQ, OQ, PQ y CQ m\u00e1s rigurosa.[\/uncode_list][\/vc_column_inner][vc_column_inner width=\u00bb1\/2&#8243;][uncode_list icon=\u00bbfa fa-play\u00bb icon_color=\u00bbcolor-azulct\u00bb uncode_shortcode_id=\u00bb210155&#8243; icon_color_type=\u00bbuncode-palette\u00bb]<strong><u>INCLU\u00cdDO EN LA VERSI\u00d3N STANDARD<\/u><\/strong><\/p>\n<ul>\n<li>Touch Panel en color 32 bit<\/li>\n<li>Sensor de medida capacitivo<\/li>\n<li>Puerta con cerradura y llave<\/li>\n<li>Pasamuros 50 mm<\/li>\n<li>Interface de comunicaci\u00f3n RS 232<\/li>\n<li>Nivel sonoro bajo<\/li>\n<li>Construcci\u00f3n robusta y s\u00f3lida<\/li>\n<li>Consumo el\u00e9ctrico bajo<\/li>\n<li>Alta precisi\u00f3n en la medida de la temperatura y humedad<\/li>\n<li>Control preciso y monitorizaci\u00f3n<\/li>\n<li>Interior en acero inoxidable de alta calidad<\/li>\n<li>Puerta con ventana y luz interior<\/li>\n<\/ul>\n<p>[\/uncode_list][uncode_list icon=\u00bbfa fa-play\u00bb icon_color=\u00bbcolor-azulct\u00bb uncode_shortcode_id=\u00bb200715&#8243; icon_color_type=\u00bbuncode-palette\u00bb]<strong><u>ACCESORIOS OPCIONALES<\/u> <\/strong><\/p>\n<ul>\n<li>Pasamuros adicionales 50 mm<\/li>\n<li>Estanter\u00edas con bandejas seg\u00fan necesidad<\/li>\n<li>Puertas industriales, correderas, batientes y basculantes<\/li>\n<li>Software de control CID-PRO<\/li>\n<li>Posibilidad de programaci\u00f3n de cualquier tipo de alarma remota<\/li>\n<li>Posibilidad de registro bajo FDA 21CFR Parte 11<\/li>\n<li>Calibraci\u00f3n con certifiicado ENAC<\/li>\n<li>Validaci\u00f3n IQ, OQ, PQ y CQ<\/li>\n<\/ul>\n<p>[\/uncode_list][\/vc_column_inner][\/vc_row_inner][\/vc_tab][vc_tab icon=\u00bbfa fa-play\u00bb icon_size=\u00bbmd\u00bb gutter_size=\u00bb2&#8243; column_padding=\u00bb2&#8243; title=\u00bbMarca\u00bb tab_id=\u00bb28596f1d3-cbcd1726652860984172709407050917272647044261730723439610173098354000017309844413521731494386154&#8243; product_from_builder=\u00bbyes\u00bb][vc_row_inner][vc_column_inner width=\u00bb1\/1&#8243;][uncode_block id=\u00bb141499&#8243; inside_column=\u00bbyes\u00bb][\/vc_column_inner][\/vc_row_inner][\/vc_tab][vc_tab icon=\u00bbfa fa-play\u00bb icon_size=\u00bbmd\u00bb gutter_size=\u00bb2&#8243; column_padding=\u00bb2&#8243; title=\u00bbAplicaciones\u00bb tab_id=\u00bb6728596f1d3-cbcd1726652860984172709407050917272647044261730723439610173098354000017309844413521731494386154&#8243; product_from_builder=\u00bbyes\u00bb][vc_row_inner][vc_column_inner width=\u00bb1\/1&#8243;][uncode_block id=\u00bb141502&#8243; inside_column=\u00bbyes\u00bb][\/vc_column_inner][\/vc_row_inner][\/vc_tab][\/vc_tabs][vc_empty_space empty_h=\u00bb2&#8243;][vc_custom_heading text_color=\u00bbcolor-azulct\u00bb text_size=\u00bbh4&#8243; uncode_shortcode_id=\u00bb624924&#8243; text_color_type=\u00bbuncode-palette\u00bb]Productos Relacionados[\/vc_custom_heading][uncode_index el_id=\u00bbindex-1014389&#8243; index_type=\u00bbcarousel\u00bb loop=\u00bbsize:All|order_by:rand|order:ASC|post_type:product|tax_query:507|taxonomy_count:10&#8243; carousel_lg=\u00bb4&#8243; carousel_md=\u00bb4&#8243; carousel_sm=\u00bb1&#8243; gutter_size=\u00bb4&#8243; product_items=\u00bbmedia|featured|onpost|original|show-sale|enhanced-atc|inherit-w-atc|atc-typo-column|hide-atc,title\u00bb carousel_interval=\u00bb3000&#8243; carousel_navspeed=\u00bb400&#8243; carousel_loop=\u00bbyes\u00bb stage_padding=\u00bb0&#8243; single_shape=\u00bbround\u00bb radius=\u00bbstd\u00bb single_overlay_color=\u00bbcolor-wvjs\u00bb single_overlay_opacity=\u00bb20&#8243; single_text_anim=\u00bbno\u00bb single_image_anim=\u00bbno\u00bb single_h_align=\u00bbcenter\u00bb single_padding=\u00bb2&#8243; single_title_semantic=\u00bbh2&#8243; single_title_dimension=\u00bbh5&#8243; single_title_weight=\u00bb700&#8243; single_border=\u00bbyes\u00bb uncode_shortcode_id=\u00bb154830&#8243;][\/vc_column][\/vc_row]<\/p>\n<\/div>","protected":false},"excerpt":{"rendered":"<p>Las <strong>c\u00e1maras visitables o modulares de estabilidad de la serie \u201cC\u201d<\/strong> se adaptan a cualquier necesidad de espacio de nuestros clientes. Controltecnica solo utiliza componentes de primera calidad. Debido a ello, las c\u00e1maras disponen de un control de temperatura y humedad relativa muy preciso que permite realizar estudios de estabilidad en condiciones constantes durante largos per\u00edodos de tiempo, seg\u00fan normativas ICH. Entregamos todas nuestras c\u00e1maras de estabilidad con una validaci\u00f3n completa (opcional) IQ, OQ, CQ y PQ realizada por nuestra empresa Caltecnica acreditada por ENAC para la realizaci\u00f3n de calibraciones y cualificaciones. Las c\u00e1maras se adaptan a cualquier necesidad de espacio, as\u00ed mismo, la maquinaria o condensadora se puede instalar en un falso techo, en el tejado del edificio o simplemente pegada a la estructura principal. Las puertas pueden ser de una hoja, de doble hoja o incluso corredera, adem\u00e1s se ofrecen cerraduras electr\u00f3nicas, rampas de acceso, suelos antideslizantes y ventanas en puertas y paredes. Los gases refrigerantes utilizados por Controltecnica para las c\u00e1maras Walk-In no compactas, son ecol\u00f3gicos y cumplen estrictamente con el Reglamento F-Gas 2024\/573.<\/p>\n<p><strong>RANGO DE TEMPERATURA:<\/strong> +10\/+50 \u00baC<\/p>\n<p><strong>RANGO DE HUMEDAD RELATIVA:<\/strong> 20% al 80% h.r.<\/p>\n<p><strong>VOLUMEN DESDE 3m3 HASTA 200 m3<\/strong><\/p>\n<p>&nbsp;<\/p>\n<p style=\"font-weight: 400;\">\n","protected":false},"featured_media":141856,"template":"","meta":{"iawp_total_views":175},"product_brand":[],"product_cat":[544],"product_tag":[507],"class_list":{"0":"post-5752","1":"product","2":"type-product","3":"status-publish","4":"has-post-thumbnail","6":"product_cat-camaras-walk-in-de-estabilidad","7":"product_tag-simulacion-ambiental","9":"first","10":"instock","11":"taxable","12":"shipping-taxable","13":"product-type-external"},"_links":{"self":[{"href":"https:\/\/www.controltecnica.com\/test\/wp-json\/wp\/v2\/product\/5752","targetHints":{"allow":["GET"]}}],"collection":[{"href":"https:\/\/www.controltecnica.com\/test\/wp-json\/wp\/v2\/product"}],"about":[{"href":"https:\/\/www.controltecnica.com\/test\/wp-json\/wp\/v2\/types\/product"}],"wp:featuredmedia":[{"embeddable":true,"href":"https:\/\/www.controltecnica.com\/test\/wp-json\/wp\/v2\/media\/141856"}],"wp:attachment":[{"href":"https:\/\/www.controltecnica.com\/test\/wp-json\/wp\/v2\/media?parent=5752"}],"wp:term":[{"taxonomy":"product_brand","embeddable":true,"href":"https:\/\/www.controltecnica.com\/test\/wp-json\/wp\/v2\/product_brand?post=5752"},{"taxonomy":"product_cat","embeddable":true,"href":"https:\/\/www.controltecnica.com\/test\/wp-json\/wp\/v2\/product_cat?post=5752"},{"taxonomy":"product_tag","embeddable":true,"href":"https:\/\/www.controltecnica.com\/test\/wp-json\/wp\/v2\/product_tag?post=5752"}],"curies":[{"name":"wp","href":"https:\/\/api.w.org\/{rel}","templated":true}]}}