{"id":5706,"date":"2020-03-06T12:36:50","date_gmt":"2020-03-06T12:36:50","guid":{"rendered":"https:\/\/www.controltecnica.com\/test\/?post_type=product&#038;p=5706"},"modified":"2025-08-06T12:54:22","modified_gmt":"2025-08-06T12:54:22","slug":"camaras-serie-mk-para-ensayos-en-baterias-li-ion","status":"publish","type":"product","link":"https:\/\/www.controltecnica.com\/test\/producto\/camaras-serie-mk-para-ensayos-en-baterias-li-ion\/","title":{"rendered":"C\u00e1maras clim\u00e1ticas Binder para ensayos de bater\u00edas Li-ion serie LIT MKT"},"content":{"rendered":"<div class=\"wpb-content-wrapper\"><p>[vc_row row_height_percent=\u00bb0&#8243; override_padding=\u00bbyes\u00bb h_padding=\u00bb2&#8243; top_padding=\u00bb2&#8243; bottom_padding=\u00bb4&#8243; back_color=\u00bbcolor-xsdn\u00bb overlay_alpha=\u00bb50&#8243; gutter_size=\u00bb4&#8243; column_width_percent=\u00bb100&#8243; shift_y=\u00bb0&#8243; z_index=\u00bb0&#8243; inverted_device_order=\u00bbyes\u00bb uncode_shortcode_id=\u00bb120445&#8243; back_color_type=\u00bbuncode-palette\u00bb el_class=\u00bbnormalise-top-padding-mobile\u00bb][vc_column column_width_percent=\u00bb100&#8243; gutter_size=\u00bb1&#8243; override_padding=\u00bbyes\u00bb column_padding=\u00bb0&#8243; overlay_alpha=\u00bb50&#8243; shift_x=\u00bb0&#8243; shift_y=\u00bb0&#8243; shift_y_down=\u00bb0&#8243; z_index=\u00bb0&#8243; medium_width=\u00bb0&#8243; mobile_width=\u00bb0&#8243; width=\u00bb1\/2&#8243; uncode_shortcode_id=\u00bb127372&#8243;][vc_single_image dynamic=\u00bbyes\u00bb media_width_percent=\u00bb100&#8243; uncode_shortcode_id=\u00bb357305&#8243;][vc_gallery el_id=\u00bbgallery-499119&#8243; type=\u00bbcarousel\u00bb dynamic=\u00bbyes\u00bb carousel_lg=\u00bb2&#8243; carousel_md=\u00bb2&#8243; carousel_sm=\u00bb1&#8243; gutter_size=\u00bb3&#8243; carousel_interval=\u00bb3000&#8243; carousel_navspeed=\u00bb200&#8243; carousel_loop=\u00bbyes\u00bb carousel_nav=\u00bbyes\u00bb carousel_nav_mobile=\u00bbyes\u00bb stage_padding=\u00bb0&#8243; single_overlay_opacity=\u00bb50&#8243; single_padding=\u00bb2&#8243; uncode_shortcode_id=\u00bb121560&#8243;][\/vc_column][vc_column column_width_percent=\u00bb100&#8243; gutter_size=\u00bb2&#8243; overlay_alpha=\u00bb50&#8243; shift_x=\u00bb0&#8243; shift_y=\u00bb0&#8243; shift_y_down=\u00bb0&#8243; z_index=\u00bb0&#8243; medium_width=\u00bb0&#8243; mobile_width=\u00bb0&#8243; sticky=\u00bbyes\u00bb width=\u00bb1\/2&#8243; uncode_shortcode_id=\u00bb577386&#8243;][uncode_breadcrumbs text_lead=\u00bbsmall\u00bb wc_breadcrumbs=\u00bbyes\u00bb][vc_row_inner limit_content=\u00bb\u00bb][vc_column_inner column_width_percent=\u00bb100&#8243; gutter_size=\u00bb2&#8243; overlay_alpha=\u00bb50&#8243; shift_x=\u00bb0&#8243; shift_y=\u00bb0&#8243; shift_y_down=\u00bb0&#8243; z_index=\u00bb0&#8243; medium_width=\u00bb5&#8243; mobile_width=\u00bb0&#8243; width=\u00bb1\/1&#8243; uncode_shortcode_id=\u00bb839507&#8243;][vc_custom_heading auto_text=\u00bbyes\u00bb heading_semantic=\u00bbh1&#8243; text_size=\u00bbh1&#8243; uncode_shortcode_id=\u00bb644777&#8243;]This is a custom heading element.[\/vc_custom_heading][vc_custom_heading auto_text=\u00bbprice\u00bb heading_semantic=\u00bbh6&#8243; uncode_shortcode_id=\u00bb212952&#8243;]This is a custom heading element.[\/vc_custom_heading][\/vc_column_inner][\/vc_row_inner][vc_column_text auto_text=\u00bbexcerpt\u00bb uncode_shortcode_id=\u00bb147315&#8243;]I am text block. Click edit button to change this text. Lorem ipsum dolor sit amet, consectetur adipiscing elit. Ut elit tellus, luctus nec ullamcorper mattis, pulvinar dapibus leo.[\/vc_column_text][vc_button dynamic=\u00bbadd-to-cart\u00bb quantity=\u00bbvariation\u00bb custom_typo=\u00bbyes\u00bb font_weight=\u00bb500&#8243; border_width=\u00bb0&#8243; scale_mobile=\u00bbno\u00bb uncode_shortcode_id=\u00bb212274&#8243;]Text on the button[\/vc_button][vc_separator sep_color=\u00bb,Default\u00bb][uncode_single_product_meta][vc_button button_color=\u00bbaccent\u00bb size=\u00bbbtn-sm\u00bb radius=\u00bbbtn-round\u00bb border_width=\u00bb0&#8243; scale_mobile=\u00bbno\u00bb link=\u00bburl:https%3A%2F%2Fwww.youtube.com%2Fwatch%3Fv%3D4zYLNEL4IsY|target:_blank\u00bb el_class=\u00bbpopmake-143230&#8243; uncode_shortcode_id=\u00bb173723&#8243; button_color_type=\u00bbuncode-palette\u00bb]Ver video[\/vc_button][\/vc_column][\/vc_row][vc_row row_height_percent=\u00bb0&#8243; override_padding=\u00bbyes\u00bb h_padding=\u00bb2&#8243; top_padding=\u00bb3&#8243; bottom_padding=\u00bb3&#8243; back_color=\u00bbcolor-lxmt\u00bb overlay_alpha=\u00bb50&#8243; gutter_size=\u00bb3&#8243; column_width_percent=\u00bb100&#8243; shift_y=\u00bb0&#8243; z_index=\u00bb0&#8243; uncode_shortcode_id=\u00bb731349&#8243; back_color_type=\u00bbuncode-palette\u00bb][vc_column column_width_use_pixel=\u00bbyes\u00bb gutter_size=\u00bb2&#8243; overlay_alpha=\u00bb50&#8243; shift_x=\u00bb0&#8243; shift_y=\u00bb0&#8243; shift_y_down=\u00bb0&#8243; z_index=\u00bb0&#8243; medium_width=\u00bb0&#8243; mobile_width=\u00bb0&#8243; width=\u00bb1\/1&#8243; uncode_shortcode_id=\u00bb348789&#8243;][vc_tabs tab_scrolling=\u00bbyes\u00bb typography=\u00bbyes\u00bb border_100=\u00bbyes\u00bb product_from_builder=\u00bbyes\u00bb][vc_tab icon=\u00bbfa fa-play\u00bb icon_size=\u00bbmd\u00bb gutter_size=\u00bb2&#8243; column_padding=\u00bb3&#8243; title=\u00bbModelos y Dimensiones\u00bb tab_id=\u00bb8596f1d3-cbcd1726652860984172709407050917272647044261730723439610173098354000017309844413521731575316028&#8243; product_from_builder=\u00bbyes\u00bb][vc_row_inner limit_content=\u00bb\u00bb][vc_column_inner column_width_use_pixel=\u00bbyes\u00bb gutter_size=\u00bb3&#8243; overlay_alpha=\u00bb50&#8243; shift_x=\u00bb0&#8243; shift_y=\u00bb0&#8243; shift_y_down=\u00bb0&#8243; z_index=\u00bb0&#8243; medium_width=\u00bb0&#8243; mobile_width=\u00bb0&#8243; width=\u00bb1\/1&#8243; uncode_shortcode_id=\u00bb106164&#8243; column_width_pixel=\u00bb800&#8243;][vc_raw_html]JTNDZGl2JTIwc3R5bGUlM0QlMjJvdmVyZmxvdy14JTNBJTIwYXV0byUzQiUyMiUzRSUwQSUzQ3RhYmxlJTIwY2xhc3MlM0QlMjJ0YWJsZSUyMHRhYmxlLWNvbmRlbnNlZCUyMiUyMHN0eWxlJTNEJTIyZm9udC1zaXplJTNBJTIwMTJweCUzQmxpbmUtaGVpZ2h0JTNBJTIwMS4xJTNCd2lkdGglM0ElMjA3MCUyNSUzQm1hcmdpbi1sZWZ0JTNBJTIwYXV0byUzQm1hcmdpbi1yaWdodCUzQSUyMGF1dG8lMjIlM0UlMEElM0N0Ym9keSUzRSUwQSUzQ3RyJTIwY2xhc3MlM0QlMjJpbmZvJTIyJTIwc3R5bGUlM0QlMjJiYWNrZ3JvdW5kLWNvbG9yJTNBd2hpdGUlM0IlMjIlM0UlMEElM0N0ZCUyMGNsYXNzJTNEJTIydGFibGVfcHJhbCUyMiUzRSUzQ3N0cm9uZyUzRU1vZGVsbyUzQyUyRnN0cm9uZyUzRSUzQyUyRnRkJTNFJTBBJTNDdGQlMjBjbGFzcyUzRCUyMnRkX3ByYWwlMjIlM0VEaW1lbnNpb25lcyUyMGRlJTIwY2FyY2FzYSUyMHNpbiUyMGNvbXBvbmVudGVzJTIwbmklMjBjb25leGlvbmVzJTNDYnIlM0VBbiUyMHglMjBBbCUyMHglMjBGJTIwJTVCbW0lNUQlM0MlMkZ0ZCUzRSUwQSUzQ3RkJTIwY2xhc3MlM0QlMjJ0ZF9wcmFsJTIyJTNFRGltZW5zaW9uZXMlMjBpbnRlcmlvcmVzJTNDYnIlM0VBbiUyMHglMjBBbCUyMHglMjBGJTIwJTVCbW0lNUQlM0MlMkZ0ZCUzRSUwQSUzQ3RkJTIwY2xhc3MlM0QlMjJ0ZF9wcmFsJTIyJTNFUGVzbyUyMG5ldG8lM0NiciUzRSU1QmtnJTVEJTNDJTJGdGQlM0UlMEElM0N0ZCUyMGNsYXNzJTNEJTIydGRfcHJhbCUyMiUzRVZvbHVtZW4lMjBpbnRlcmlvciUzQ2JyJTNFJTVCTCU1RCUzQyUyRnRkJTNFJTBBJTNDdGQlMjBjbGFzcyUzRCUyMnRkX3ByYWwlMjIlM0VEb2N1bWVudGFjaSVDMyVCM24lM0MlMkZ0ZCUzRSUwQSUzQyUyRnRyJTNFJTBBJTNDdHIlMjBjbGFzcyUzRCUyMnRhYmxlX2NvbDElMjIlM0UlMEElM0N0ZCUyMGNsYXNzJTNEJTIydGFibGVfcHJhbCUyMiUzRSUzQ3N0cm9uZyUzRU1LVCUyMDExNSUzQyUyRnN0cm9uZyUzRSUzQyUyRnRkJTNFJTBBJTNDdGQlMjBjbGFzcyUzRCUyMnRkX25vcm1hbCUyMiUzRTk4MCUyMHglMjAxNzI1JTIweCUyMDg2NSUzQyUyRnRkJTNFJTBBJTNDdGQlMjBjbGFzcyUzRCUyMnRkX25vcm1hbCUyMiUzRTYwMCUyMHglMjA0ODAlMjB4JTIwNDAwJTNDJTJGdGQlM0UlMEElM0N0ZCUyMGNsYXNzJTNEJTIydGRfbm9ybWFsJTIyJTNFMjgwJTNDJTJGdGQlM0UlMEElM0N0ZCUyMGNsYXNzJTNEJTIydGRfbm9ybWFsJTIyJTNFMTE1JTNDJTJGdGQlM0UlMEElM0N0ZCUyMGNsYXNzJTNEJTIydGRfbm9ybWFsJTIyJTNFJTNDYSUyMGhyZWYlM0QlMjJodHRwcyUzQSUyRiUyRnd3dy5jb250cm9sdGVjbmljYS5jb20lMkZ0ZXN0JTJGd3AtY29udGVudCUyRnVwbG9hZHMlMkZEYXRhU2hlZXRNb2RlbE1LVDExNS5wZGYlMjIlMjB0YXJnZXQlM0QlMjJfYmxhbmslMjIlMjByZWwlM0QlMjJub29wZW5lciUyMiUzRXBkZiUyMHQlQzMlQTljbmljbyUzQyUyRmElM0UlM0MlMkZ0ZCUzRSUwQSUzQyUyRnRyJTNFJTBBJTNDdHIlMjBjbGFzcyUzRCUyMnRhYmxlX2NvbDIlMjIlM0UlMEElM0N0ZCUyMGNsYXNzJTNEJTIydGFibGVfcHJhbCUyMiUzRSUzQ3N0cm9uZyUzRU1LVCUyMDI0MCUzQyUyRnN0cm9uZyUzRSUzQyUyRnRkJTNFJTBBJTNDdGQlMjBjbGFzcyUzRCUyMnRkX25vcm1hbCUyMiUzRTExMTUlMjB4JTIwMTcxNSUyMHglMjA5MjUlM0MlMkZ0ZCUzRSUwQSUzQ3RkJTIwY2xhc3MlM0QlMjJ0ZF9ub3JtYWwlMjIlM0U3MzUlMjB4JTIwNzAwJTIweCUyMDQ0MyUzQyUyRnRkJTNFJTBBJTNDdGQlMjBjbGFzcyUzRCUyMnRkX25vcm1hbCUyMiUzRTM2MCUzQyUyRnRkJTNFJTBBJTNDdGQlMjBjbGFzcyUzRCUyMnRkX25vcm1hbCUyMiUzRTIyOCUzQyUyRnRkJTNFJTBBJTNDdGQlMjBjbGFzcyUzRCUyMnRkX25vcm1hbCUyMiUzRSUzQ2ElMjBocmVmJTNEJTIyaHR0cHMlM0ElMkYlMkZ3d3cuY29udHJvbHRlY25pY2EuY29tJTJGdGVzdCUyRndwLWNvbnRlbnQlMkZ1cGxvYWRzJTJGRGF0YVNoZWV0TW9kZWxNS1QyNDAucGRmJTIyJTIwdGFyZ2V0JTNEJTIyX2JsYW5rJTIyJTIwcmVsJTNEJTIybm9vcGVuZXIlMjIlM0VwZGYlMjB0JUMzJUE5Y25pY28lM0MlMkZhJTNFJTNDJTJGdGQlM0UlMEElM0MlMkZ0ciUzRSUwQSUzQ3RyJTIwY2xhc3MlM0QlMjJ0YWJsZV9jb2wyJTIyJTNFJTBBJTNDdGQlMjBjbGFzcyUzRCUyMnRhYmxlX3ByYWwlMjIlM0UlM0NzdHJvbmclM0VNS1QlMjA3MjAlM0MlMkZzdHJvbmclM0UlM0MlMkZ0ZCUzRSUwQSUzQ3RkJTIwY2xhc3MlM0QlMjJ0ZF9ub3JtYWwlMjIlM0UxNTgwJTIweCUyMDIwMDUlMjB4JTIwMTE0MCUzQyUyRnRkJTNFJTBBJTNDdGQlMjBjbGFzcyUzRCUyMnRkX25vcm1hbCUyMiUzRTEyMDAlMjB4JTIwMTAyMCUyMHglMjA2MDAlM0MlMkZ0ZCUzRSUwQSUzQ3RkJTIwY2xhc3MlM0QlMjJ0ZF9ub3JtYWwlMjIlM0U1OTAlM0MlMkZ0ZCUzRSUwQSUzQ3RkJTIwY2xhc3MlM0QlMjJ0ZF9ub3JtYWwlMjIlM0U3MzQlM0MlMkZ0ZCUzRSUwQSUzQ3RkJTIwY2xhc3MlM0QlMjJ0ZF9ub3JtYWwlMjIlM0UlM0NhJTIwaHJlZiUzRCUyMmh0dHBzJTNBJTJGJTJGd3d3LmNvbnRyb2x0ZWNuaWNhLmNvbSUyRnRlc3QlMkZ3cC1jb250ZW50JTJGdXBsb2FkcyUyRkRhdGFTaGVldE1vZGVsTUtUNzIwLnBkZiUyMiUyMHRhcmdldCUzRCUyMl9ibGFuayUyMiUyMHJlbCUzRCUyMm5vb3BlbmVyJTIyJTNFcGRmJTIwdCVDMyVBOWNuaWNvJTNDJTJGYSUzRSUzQyUyRnRkJTNFJTBBJTNDJTJGdHIlM0UlMEElM0MlMkZ0Ym9keSUzRSUwQSUzQyUyRnRhYmxlJTNFJTBBJTNDJTJGZGl2JTNF[\/vc_raw_html][\/vc_column_inner][\/vc_row_inner][\/vc_tab][vc_tab icon=\u00bbfa fa-play\u00bb icon_size=\u00bbmd\u00bb gutter_size=\u00bb2&#8243; column_padding=\u00bb2&#8243; title=\u00bbDescripci\u00f3n\u00bb tab_id=\u00bb596f1d3-cbcd1726652860984172709407050917272647044261730723439610173098354000017309844413521731575316028&#8243; product_from_builder=\u00bbyes\u00bb][vc_row_inner][vc_column_inner width=\u00bb1\/2&#8243;][uncode_list icon=\u00bbfa fa-play\u00bb icon_color=\u00bbcolor-azulct\u00bb uncode_shortcode_id=\u00bb451245&#8243; icon_color_type=\u00bbuncode-palette\u00bb]Los requisitos de las bater\u00edas son elevados. Deben ser duraderas y potentes, adem\u00e1s de soportar cualquier temperatura. En el caso de bater\u00edas que pueden representar un peligro durante los ensayos de prueba, y es el caso de la mayor\u00eda, la c\u00e1mara de temperatura MK con paquete P (paquete Performance) son los equipos adecuados. Estos modelos, en particular, tienes actualmente una gran demanda entre los clientes, ya que representa la seguridad integral.<\/p>\n<p>Pero, la producci\u00f3n de c\u00e9lulas de iones de litio no basta por s\u00ed sola; tambi\u00e9n se requieren procesos de formaci\u00f3n y maduraci\u00f3n para que se puedan generar c\u00e9lulas de iones de litio o se puedan incorporar a otro producto.<\/p>\n<p>Para estos procesos subsiguientes, que a\u00fan siguen siendo muy laboriosos, resultan ideales las incubadoras KB con el paquete de equipamiento P. Su interior permite el \u00e9xito en una formaci\u00f3n eficiente.<\/p>\n<p>Pero, \u00bfqu\u00e9 se entiende exactamente por formaci\u00f3n? Muy sencillo: se trata de cargar las c\u00e9lulas con corriente primero a trav\u00e9s de los puertos de acceso y, despu\u00e9s, volver a descargarlas. En el proceso, se forman capas l\u00edmite entre los electrolitos y los materiales activos. Estas, a su vez, ejercen una gran influencia en el rendimiento y en el comportamiento de envejecimiento de las c\u00e9lulas. Tras la formaci\u00f3n, las c\u00e9lulas deben madurar varios d\u00edas en una c\u00e1mara de temperatura para mejorar sus propiedades.<\/p>\n<p>Especialmente con nuestras c\u00e1maras de temperatura, tanto Daimler, VW como BMW hasta ahora han obtenido muy buenos resultados en este campo, por lo que es de esperar que la demanda crezca en todo el mundo.<\/p>\n<p>Seg\u00fan aumenta el tama\u00f1o de los battery-packs y en consecuencia el almacenamiento de energ\u00eda, al realizar un ensayo de carga-descarga de la bater\u00eda a temperatura controlada, aumenta tambi\u00e9n el peligro de fuego, una reacci\u00f3n en cadena o incluso de una posible explosi\u00f3n. La seguridad en el laboratorio es por lo tanto fundamental y se han establecido para ello 7 niveles distintos \u201cHazard Levels\u201d por parte de la instituci\u00f3n EUCAR.<\/p>\n<p><strong><u>EUCAR Hazard Levels<\/u><\/strong><\/p>\n<div class=\"table-responsive\">\n<table class=\"table\">\n<tbody>\n<tr>\n<td><b>Hazard Level<\/b><\/td>\n<td><b>Descripci\u00f3n<\/b><\/td>\n<td><b>Clasificaci\u00f3n, efecto<\/b><\/td>\n<\/tr>\n<tr>\n<td>0<\/td>\n<td>No hay efecto<\/td>\n<td>Sin p\u00e9rdida de funcionalidad<\/td>\n<\/tr>\n<tr>\n<td>1<\/td>\n<td>Protecci\u00f3n pasiva activada<\/td>\n<td>No hay efecto, sin fuga de gases, ni fuego, ni llama, ni ruptura, ni explosi\u00f3n. Celda da\u00f1ada recuperable.<\/td>\n<\/tr>\n<tr>\n<td>2<\/td>\n<td>Defecto y\/o da\u00f1o<\/td>\n<td>No hay efecto, sin fuga de gases, ni fuego, ni llama, ni ruptura, ni explosi\u00f3n. Celda da\u00f1ana, necesaria reparaci\u00f3n.<\/td>\n<\/tr>\n<tr>\n<td>3<\/td>\n<td>Fuga de gas &lt;50%<\/td>\n<td>Sin fuga de gases, ni fuego, ni llama, ni ruptura, ni explosi\u00f3n. P\u00e9rdida de peso del electrolito &lt;50%<\/td>\n<\/tr>\n<tr>\n<td>4<\/td>\n<td>Fuga de gas &gt;50%<br \/>\nVenteo<\/td>\n<td>No hay fuego, ni llama, ni ruptura, ni explosi\u00f3n. P\u00e9rdida de peso del electrolito &gt;50%<\/td>\n<\/tr>\n<tr>\n<td>5<\/td>\n<td>Fuego o llama<\/td>\n<td>Ni rotura, ni explosi\u00f3n, ni material desprendido incandescente<\/td>\n<\/tr>\n<tr>\n<td>6<\/td>\n<td>Ruptura<\/td>\n<td>Sin explosi\u00f3n, material despendido de la bater\u00eda<\/td>\n<\/tr>\n<tr>\n<td>7<\/td>\n<td>Explosi\u00f3n<\/td>\n<td>Explosi\u00f3n, ruptura de la bater\u00eda en tiempo corto<\/td>\n<\/tr>\n<\/tbody>\n<\/table>\n<\/div>\n<p>[\/uncode_list][\/vc_column_inner][vc_column_inner width=\u00bb1\/2&#8243;][uncode_list icon=\u00bbfa fa-play\u00bb icon_color=\u00bbcolor-azulct\u00bb uncode_shortcode_id=\u00bb138072&#8243; icon_color_type=\u00bbuncode-palette\u00bb]En nuestras c\u00e1maras de temperatura MK e incubadores KB se incluyen todos los dispositivos de seguridad necesarios para protecci\u00f3n de los operadores en funci\u00f3n del nivel de seguridad \u201cHazard Level\u201d que se quiera cumplir a la hora de realizar un ensayo con carga y descarga sobre un conjunto de bater\u00edas.<br \/>\nAccesorios para c\u00e1maras Li-Ion seg\u00fan Nivel de Seguridad Hazard Level:<\/p>\n<p><strong><u>Para Hazard Level de 0 a 4 \u201cPackage P\u201d<\/u><\/strong><\/p>\n<ul>\n<li>Bloqueo y\/o cierre electr\u00f3nico de puerta<\/li>\n<li>Unidad de venteo y salida de gases<\/li>\n<li>Sensor adicional de temperatura<\/li>\n<li>Limitador de temperatura<\/li>\n<li>Sistema de rociado de N2<\/li>\n<li>Alarma ac\u00fastica e indicador visual de ensayo<\/li>\n<\/ul>\n<p><strong><u>Para Hazard Level 5 y 6 adem\u00e1s hay que a\u00f1adir:<\/u><\/strong><\/p>\n<ul>\n<li>Pasamuros con bloqueo e interior de c\u00e1mara completamente soldada<\/li>\n<li>Membrana de ruptura en techo con certificado ATEX<\/li>\n<li>Sensor de ruptura<\/li>\n<li>Pulsador exterior de emergencia<\/li>\n<li>Unidad de rociado y enfriamiento mediante CO2<\/li>\n<li>Sensor CO, HC y H2<\/li>\n<li>Inertizaci\u00f3n completa con N2<\/li>\n<\/ul>\n<p>[\/uncode_list][\/vc_column_inner][\/vc_row_inner][\/vc_tab][vc_tab icon=\u00bbfa fa-play\u00bb icon_size=\u00bbmd\u00bb gutter_size=\u00bb2&#8243; column_padding=\u00bb2&#8243; title=\u00bbMarca\u00bb tab_id=\u00bb28596f1d3-cbcd1726652860984172709407050917272647044261730723439610173098354000017309844413521731575316028&#8243; product_from_builder=\u00bbyes\u00bb][vc_row_inner][vc_column_inner width=\u00bb1\/1&#8243;][uncode_block id=\u00bb141669&#8243; inside_column=\u00bbyes\u00bb][\/vc_column_inner][\/vc_row_inner][\/vc_tab][vc_tab icon=\u00bbfa fa-play\u00bb icon_size=\u00bbmd\u00bb gutter_size=\u00bb2&#8243; column_padding=\u00bb2&#8243; title=\u00bbAplicaciones\u00bb tab_id=\u00bb6728596f1d3-cbcd1726652860984172709407050917272647044261730723439610173098354000017309844413521731575316028&#8243; product_from_builder=\u00bbyes\u00bb][vc_row_inner][vc_column_inner width=\u00bb1\/1&#8243;][uncode_block id=\u00bb141502&#8243; inside_column=\u00bbyes\u00bb][\/vc_column_inner][\/vc_row_inner][\/vc_tab][\/vc_tabs][vc_empty_space empty_h=\u00bb2&#8243;][vc_custom_heading text_color=\u00bbcolor-azulct\u00bb text_size=\u00bbh4&#8243; uncode_shortcode_id=\u00bb624924&#8243; text_color_type=\u00bbuncode-palette\u00bb]Productos Relacionados[\/vc_custom_heading][uncode_index el_id=\u00bbindex-1014389&#8243; index_type=\u00bbcarousel\u00bb loop=\u00bbsize:All|order_by:rand|order:ASC|post_type:product|tax_query:507|taxonomy_count:10&#8243; carousel_lg=\u00bb4&#8243; carousel_md=\u00bb4&#8243; carousel_sm=\u00bb1&#8243; gutter_size=\u00bb4&#8243; product_items=\u00bbmedia|featured|onpost|original|show-sale|enhanced-atc|inherit-w-atc|atc-typo-column|hide-atc,title\u00bb carousel_interval=\u00bb3000&#8243; carousel_navspeed=\u00bb400&#8243; carousel_loop=\u00bbyes\u00bb stage_padding=\u00bb0&#8243; single_shape=\u00bbround\u00bb radius=\u00bbstd\u00bb single_overlay_color=\u00bbcolor-wvjs\u00bb single_overlay_opacity=\u00bb20&#8243; single_text_anim=\u00bbno\u00bb single_image_anim=\u00bbno\u00bb single_h_align=\u00bbcenter\u00bb single_padding=\u00bb2&#8243; single_title_semantic=\u00bbh2&#8243; single_title_dimension=\u00bbh5&#8243; single_title_weight=\u00bb700&#8243; single_border=\u00bbyes\u00bb uncode_shortcode_id=\u00bb582841&#8243;][\/vc_column][\/vc_row]<\/p>\n<\/div>","protected":false},"excerpt":{"rendered":"<p>En la actualidad, los grandes fabricantes automovil\u00edsticos alemanes como Daimler, VW y BMW apuestan por autom\u00f3viles el\u00e9ctricos propulsados por bater\u00edas y est\u00e1n construyendo plantas para la producci\u00f3n exclusiva de bater\u00edas para autom\u00f3viles el\u00e9ctricos como VW en Salzgitter. Es la gran tendencia.<\/p>\n<p><strong>RANGO DE TEMPERATURA:<\/strong> -70\u00baC\/+180\u00baC<br \/>\n<strong>RANGO DE HUMEDAD:<\/strong> 10% al 98% h.r.<br \/>\n<strong>GRADIENTE T\u00c9RMICO:<\/strong> 5 K\/min<br \/>\n<strong>Paquetes de seguridad A, P, P+ y S para cumplimiento de Hazard Level del 1 al 6<\/strong><\/p>\n","protected":false},"featured_media":5707,"template":"","meta":{"iawp_total_views":57},"product_brand":[],"product_cat":[539],"product_tag":[507],"class_list":{"0":"post-5706","1":"product","2":"type-product","3":"status-publish","4":"has-post-thumbnail","6":"product_cat-camaras-de-baterias-li-ion","7":"product_tag-simulacion-ambiental","9":"first","10":"instock","11":"taxable","12":"shipping-taxable","13":"product-type-external"},"_links":{"self":[{"href":"https:\/\/www.controltecnica.com\/test\/wp-json\/wp\/v2\/product\/5706","targetHints":{"allow":["GET"]}}],"collection":[{"href":"https:\/\/www.controltecnica.com\/test\/wp-json\/wp\/v2\/product"}],"about":[{"href":"https:\/\/www.controltecnica.com\/test\/wp-json\/wp\/v2\/types\/product"}],"wp:featuredmedia":[{"embeddable":true,"href":"https:\/\/www.controltecnica.com\/test\/wp-json\/wp\/v2\/media\/5707"}],"wp:attachment":[{"href":"https:\/\/www.controltecnica.com\/test\/wp-json\/wp\/v2\/media?parent=5706"}],"wp:term":[{"taxonomy":"product_brand","embeddable":true,"href":"https:\/\/www.controltecnica.com\/test\/wp-json\/wp\/v2\/product_brand?post=5706"},{"taxonomy":"product_cat","embeddable":true,"href":"https:\/\/www.controltecnica.com\/test\/wp-json\/wp\/v2\/product_cat?post=5706"},{"taxonomy":"product_tag","embeddable":true,"href":"https:\/\/www.controltecnica.com\/test\/wp-json\/wp\/v2\/product_tag?post=5706"}],"curies":[{"name":"wp","href":"https:\/\/api.w.org\/{rel}","templated":true}]}}