{"id":141894,"date":"2024-12-17T17:23:13","date_gmt":"2024-12-17T17:23:13","guid":{"rendered":"https:\/\/www.controltecnica.com\/test\/?post_type=product&#038;p=141894"},"modified":"2025-05-07T11:58:12","modified_gmt":"2025-05-07T11:58:12","slug":"camaras-gases-corrosivos-serie-sk","status":"publish","type":"product","link":"https:\/\/www.controltecnica.com\/test\/producto\/camaras-gases-corrosivos-serie-sk\/","title":{"rendered":"C\u00e1maras gases corrosivos serie SK"},"content":{"rendered":"<div class=\"wpb-content-wrapper\"><p>[vc_row row_height_percent=\u00bb0&#8243; override_padding=\u00bbyes\u00bb h_padding=\u00bb2&#8243; top_padding=\u00bb2&#8243; bottom_padding=\u00bb4&#8243; back_color=\u00bbcolor-xsdn\u00bb overlay_alpha=\u00bb50&#8243; gutter_size=\u00bb4&#8243; column_width_percent=\u00bb100&#8243; shift_y=\u00bb0&#8243; z_index=\u00bb0&#8243; inverted_device_order=\u00bbyes\u00bb uncode_shortcode_id=\u00bb120445&#8243; back_color_type=\u00bbuncode-palette\u00bb el_class=\u00bbnormalise-top-padding-mobile\u00bb][vc_column column_width_percent=\u00bb100&#8243; gutter_size=\u00bb1&#8243; override_padding=\u00bbyes\u00bb column_padding=\u00bb0&#8243; overlay_alpha=\u00bb50&#8243; shift_x=\u00bb0&#8243; shift_y=\u00bb0&#8243; shift_y_down=\u00bb0&#8243; z_index=\u00bb0&#8243; medium_width=\u00bb0&#8243; mobile_width=\u00bb0&#8243; width=\u00bb1\/2&#8243; uncode_shortcode_id=\u00bb127372&#8243;][vc_single_image dynamic=\u00bbyes\u00bb media_width_percent=\u00bb100&#8243; uncode_shortcode_id=\u00bb357305&#8243;][vc_gallery el_id=\u00bbgallery-499119&#8243; type=\u00bbcarousel\u00bb dynamic=\u00bbyes\u00bb carousel_lg=\u00bb2&#8243; carousel_md=\u00bb2&#8243; carousel_sm=\u00bb1&#8243; thumb_size=\u00bbone-one\u00bb gutter_size=\u00bb3&#8243; carousel_interval=\u00bb3000&#8243; carousel_navspeed=\u00bb200&#8243; carousel_loop=\u00bbyes\u00bb carousel_nav=\u00bbyes\u00bb carousel_nav_mobile=\u00bbyes\u00bb stage_padding=\u00bb0&#8243; single_overlay_opacity=\u00bb50&#8243; single_padding=\u00bb2&#8243; uncode_shortcode_id=\u00bb222279&#8243;][\/vc_column][vc_column column_width_percent=\u00bb100&#8243; gutter_size=\u00bb2&#8243; overlay_alpha=\u00bb50&#8243; shift_x=\u00bb0&#8243; shift_y=\u00bb0&#8243; shift_y_down=\u00bb0&#8243; z_index=\u00bb0&#8243; medium_width=\u00bb0&#8243; mobile_width=\u00bb0&#8243; sticky=\u00bbyes\u00bb width=\u00bb1\/2&#8243; uncode_shortcode_id=\u00bb577386&#8243;][uncode_breadcrumbs text_lead=\u00bbsmall\u00bb wc_breadcrumbs=\u00bbyes\u00bb][vc_row_inner limit_content=\u00bb\u00bb][vc_column_inner column_width_percent=\u00bb100&#8243; gutter_size=\u00bb2&#8243; overlay_alpha=\u00bb50&#8243; shift_x=\u00bb0&#8243; shift_y=\u00bb0&#8243; shift_y_down=\u00bb0&#8243; z_index=\u00bb0&#8243; medium_width=\u00bb5&#8243; mobile_width=\u00bb0&#8243; width=\u00bb1\/1&#8243; uncode_shortcode_id=\u00bb839507&#8243;][vc_custom_heading auto_text=\u00bbyes\u00bb heading_semantic=\u00bbh1&#8243; text_size=\u00bbh1&#8243; uncode_shortcode_id=\u00bb644777&#8243;]This is a custom heading element.[\/vc_custom_heading][vc_custom_heading auto_text=\u00bbprice\u00bb heading_semantic=\u00bbh6&#8243; uncode_shortcode_id=\u00bb212952&#8243;]This is a custom heading element.[\/vc_custom_heading][\/vc_column_inner][\/vc_row_inner][vc_column_text auto_text=\u00bbexcerpt\u00bb uncode_shortcode_id=\u00bb147315&#8243;]I am text block. Click edit button to change this text. Lorem ipsum dolor sit amet, consectetur adipiscing elit. Ut elit tellus, luctus nec ullamcorper mattis, pulvinar dapibus leo.[\/vc_column_text][vc_button dynamic=\u00bbadd-to-cart\u00bb quantity=\u00bbvariation\u00bb custom_typo=\u00bbyes\u00bb font_weight=\u00bb500&#8243; border_width=\u00bb0&#8243; scale_mobile=\u00bbno\u00bb uncode_shortcode_id=\u00bb212274&#8243;]Text on the button[\/vc_button][vc_separator sep_color=\u00bb,Default\u00bb][uncode_single_product_meta][\/vc_column][\/vc_row][vc_row row_height_percent=\u00bb0&#8243; override_padding=\u00bbyes\u00bb h_padding=\u00bb2&#8243; top_padding=\u00bb3&#8243; bottom_padding=\u00bb3&#8243; back_color=\u00bbcolor-lxmt\u00bb overlay_alpha=\u00bb50&#8243; gutter_size=\u00bb3&#8243; column_width_percent=\u00bb100&#8243; shift_y=\u00bb0&#8243; z_index=\u00bb0&#8243; uncode_shortcode_id=\u00bb731349&#8243; back_color_type=\u00bbuncode-palette\u00bb][vc_column column_width_use_pixel=\u00bbyes\u00bb gutter_size=\u00bb2&#8243; overlay_alpha=\u00bb50&#8243; shift_x=\u00bb0&#8243; shift_y=\u00bb0&#8243; shift_y_down=\u00bb0&#8243; z_index=\u00bb0&#8243; medium_width=\u00bb0&#8243; mobile_width=\u00bb0&#8243; width=\u00bb1\/1&#8243; uncode_shortcode_id=\u00bb348789&#8243;][vc_tabs tab_scrolling=\u00bbyes\u00bb typography=\u00bbyes\u00bb border_100=\u00bbyes\u00bb product_from_builder=\u00bbyes\u00bb][vc_tab icon=\u00bbfa fa-play\u00bb icon_size=\u00bbmd\u00bb gutter_size=\u00bb2&#8243; column_padding=\u00bb3&#8243; title=\u00bbModelos y Dimensiones\u00bb tab_id=\u00bb8596f1d3-cbcd17266528609841727094070509172726470442617307234396101730980957447&#8243; product_from_builder=\u00bbyes\u00bb][vc_row_inner limit_content=\u00bb\u00bb][vc_column_inner column_width_use_pixel=\u00bbyes\u00bb gutter_size=\u00bb3&#8243; overlay_alpha=\u00bb50&#8243; shift_x=\u00bb0&#8243; shift_y=\u00bb0&#8243; shift_y_down=\u00bb0&#8243; z_index=\u00bb0&#8243; medium_width=\u00bb0&#8243; mobile_width=\u00bb0&#8243; width=\u00bb1\/1&#8243; uncode_shortcode_id=\u00bb106164&#8243; column_width_pixel=\u00bb800&#8243;][vc_raw_html]JTNDZGl2JTIwc3R5bGUlM0QlMjJvdmVyZmxvdy14JTNBJTIwYXV0byUzQiUyMiUzRSUwQSUzQ3RhYmxlJTIwY2xhc3MlM0QlMjJ0YWJsZSUyMHRhYmxlLWNvbmRlbnNlZCUyMiUyMHN0eWxlJTNEJTIyZm9udC1zaXplJTNBJTIwMTJweCUzQmxpbmUtaGVpZ2h0JTNBJTIwMS4xJTIyJTNFJTBBJTNDdGJvZHklM0UlMEElM0N0ciUyMGNsYXNzJTNEJTIyaW5mbyUyMiUyMHN0eWxlJTNEJTIyYmFja2dyb3VuZC1jb2xvciUzQSUyMHdoaXRlJTNCJTIyJTNFJTBBJTNDdGQlMjBjbGFzcyUzRCUyMnRhYmxlX3ByYWwlMjIlM0UlM0NiJTNFTW9kZWxvJTNDJTJGYiUzRSUzQyUyRnRkJTNFJTBBJTNDdGQlMjBjbGFzcyUzRCUyMnRkX3ByYWwlMjIlM0VTSyUyMDQwMCUzQyUyRnRkJTNFJTBBJTNDdGQlMjBjbGFzcyUzRCUyMnRkX3ByYWwlMjIlM0VTSyUyMDE1MDAlM0MlMkZ0ZCUzRSUwQSUzQyUyRnRyJTNFJTBBJTNDdHIlMjBjbGFzcyUzRCUyMnRhYmxlX2NvbDIlMjIlM0UlMEElM0N0ZCUyMGNsYXNzJTNEJTIydGFibGVfcHJhbCUyMiUzRVZvbHVtZW4lMjAlMjhsJTI5JTNDJTJGdGQlM0UlMEElM0N0ZCUyMGNsYXNzJTNEJTIydGRfbm9ybWFsJTIyJTNFNDAwJTNDJTJGdGQlM0UlMEElM0N0ZCUyMGNsYXNzJTNEJTIydGRfbm9ybWFsJTIyJTNFMTUwMCUzQyUyRnRkJTNFJTBBJTNDJTJGdHIlM0UlMEElM0N0ciUyMGNsYXNzJTNEJTIydGFibGVfY29sMSUyMiUzRSUwQSUzQ3RkJTIwY2xhc3MlM0QlMjJ0YWJsZV9wcmFsJTIyJTNFRGltZW5zaW9uZXMlMjBjJUMzJUExbWFyYSUyMGludGVybmElMjBQTU1BJTIwJTI4bW0lMjklM0MlMkZ0ZCUzRSUwQSUzQ3RkJTIwY2xhc3MlM0QlMjJ0ZF9ub3JtYWwlMjIlM0UlM0MlMkZ0ZCUzRSUwQSUzQ3RkJTIwY2xhc3MlM0QlMjJ0ZF9ub3JtYWwlMjIlM0UlM0MlMkZ0ZCUzRSUwQSUzQyUyRnRyJTNFJTBBJTNDdHIlMjBjbGFzcyUzRCUyMnRhYmxlX2NvbDElMjIlM0UlMEElM0N0ZCUyMGNsYXNzJTNEJTIydGRfbm9ybWFsJTIyJTNFQWx0byUzQyUyRnRkJTNFJTBBJTNDdGQlMjBjbGFzcyUzRCUyMnRkX25vcm1hbCUyMiUzRTEwNzAlM0MlMkZ0ZCUzRSUwQSUzQ3RkJTIwY2xhc3MlM0QlMjJ0ZF9ub3JtYWwlMjIlM0U5MDAlM0MlMkZ0ZCUzRSUwQSUzQyUyRnRyJTNFJTBBJTNDdHIlMjBjbGFzcyUzRCUyMnRhYmxlX2NvbDElMjIlM0UlMEElM0N0ZCUyMGNsYXNzJTNEJTIydGRfbm9ybWFsJTIyJTNFQW5jaG8lM0MlMkZ0ZCUzRSUwQSUzQ3RkJTIwY2xhc3MlM0QlMjJ0ZF9ub3JtYWwlMjIlM0U2MTglM0MlMkZ0ZCUzRSUwQSUzQ3RkJTIwY2xhc3MlM0QlMjJ0ZF9ub3JtYWwlMjIlM0UxODUwJTNDJTJGdGQlM0UlMEElM0MlMkZ0ciUzRSUwQSUzQ3RyJTIwY2xhc3MlM0QlMjJ0YWJsZV9jb2wxJTIyJTNFJTBBJTNDdGQlMjBjbGFzcyUzRCUyMnRkX25vcm1hbCUyMiUzRUZvbmRvJTNDJTJGdGQlM0UlMEElM0N0ZCUyMGNsYXNzJTNEJTIydGRfbm9ybWFsJTIyJTNFNjA2JTNDJTJGdGQlM0UlMEElM0N0ZCUyMGNsYXNzJTNEJTIydGRfbm9ybWFsJTIyJTNFOTAwJTNDJTJGdGQlM0UlMEElM0MlMkZ0ciUzRSUwQSUzQ3RyJTIwY2xhc3MlM0QlMjJ0YWJsZV9jb2wxJTIyJTNFJTBBJTNDdGQlMjBjbGFzcyUzRCUyMnRhYmxlX3ByYWwlMjIlM0VEaW1lbnNpb25lcyUyMGV4dGVybmFzJTIwJTI4bW0lMjklM0MlMkZ0ZCUzRSUwQSUzQ3RkJTIwY2xhc3MlM0QlMjJ0ZF9ub3JtYWwlMjIlM0VDJUMzJUExbWFyYSUyMEJpbmRlciUzQyUyRnRkJTNFJTBBJTNDdGQlMjBjbGFzcyUzRCUyMnRkX25vcm1hbCUyMiUzRUMlQzMlQTFtYXJhJTIwQ1RTJTNDJTJGdGQlM0UlMEElM0MlMkZ0ciUzRSUwQSUzQ3RyJTIwY2xhc3MlM0QlMjJ0YWJsZV9jb2wxJTIyJTNFJTBBJTNDdGQlMjBjbGFzcyUzRCUyMnRkX25vcm1hbCUyMiUzRUFsdG8lM0MlMkZ0ZCUzRSUwQSUzQ3RkJTIwY2xhc3MlM0QlMjJ0ZF9ub3JtYWwlMjIlM0UxOTI1JTNDJTJGdGQlM0UlMEElM0N0ZCUyMGNsYXNzJTNEJTIydGRfbm9ybWFsJTIyJTNFMjA1MCUzQyUyRnRkJTNFJTBBJTNDJTJGdHIlM0UlMEElM0N0ciUyMGNsYXNzJTNEJTIydGFibGVfY29sMSUyMiUzRSUwQSUzQ3RkJTIwY2xhc3MlM0QlMjJ0ZF9ub3JtYWwlMjIlM0VBbmNobyUzQyUyRnRkJTNFJTBBJTNDdGQlMjBjbGFzcyUzRCUyMnRkX25vcm1hbCUyMiUzRTEyNTAlM0MlMkZ0ZCUzRSUwQSUzQ3RkJTIwY2xhc3MlM0QlMjJ0ZF9ub3JtYWwlMjIlM0UyMjAwJTNDJTJGdGQlM0UlMEElM0MlMkZ0ciUzRSUwQSUzQ3RyJTIwY2xhc3MlM0QlMjJ0YWJsZV9jb2wxJTIyJTNFJTBBJTNDdGQlMjBjbGFzcyUzRCUyMnRkX25vcm1hbCUyMiUzRUZvbmRvJTNDJTJGdGQlM0UlMEElM0N0ZCUyMGNsYXNzJTNEJTIydGRfbm9ybWFsJTIyJTNFMTE1MCUzQyUyRnRkJTNFJTBBJTNDdGQlMjBjbGFzcyUzRCUyMnRkX25vcm1hbCUyMiUzRTE1MDAlM0MlMkZ0ZCUzRSUwQSUzQyUyRnRyJTNFJTBBJTNDdHIlMjBjbGFzcyUzRCUyMnRhYmxlX2NvbDElMjIlM0UlMEElM0N0ZCUyMGNsYXNzJTNEJTIydGFibGVfcHJhbCUyMiUzRVJhbmdvJTIwZGUlMjB0ZW1wZXJhdHVyYSUzQyUyRnRkJTNFJTBBJTNDdGQlMjBjbGFzcyUzRCUyMnRkX25vcm1hbCUyMiUyMGNvbHNwYW4lM0QlMjIyJTIyJTNFJTJCMTAlQzIlQkFDJTIwaGFzdGElMjAlMkI2MCVDMiVCQUMlM0MlMkZ0ZCUzRSUwQSUzQyUyRnRyJTNFJTBBJTNDdHIlM0UlMEElM0N0ZCUyMGNsYXNzJTNEJTIydGFibGVfcHJhbCUyMiUzRVJhbmdvJTIwZGUlMjBodW1lZGFkJTIwcmVsYXRpdmElM0MlMkZ0ZCUzRSUwQSUzQ3RkJTIwY2xhc3MlM0QlMjJ0ZF9ub3JtYWwlMjIlMjBjb2xzcGFuJTNEJTIyMiUyMiUzRTEwJTI1JTIwaC5yLiUyMGhhc3RhJTIwODAlMjUlMjBoLnIuJTNDJTJGdGQlM0UlMEElM0MlMkZ0ciUzRSUwQSUzQ3RyJTIwY2xhc3MlM0QlMjJ0YWJsZV9jb2wxJTIyJTNFJTBBJTNDdGQlMjBjbGFzcyUzRCUyMnRhYmxlX3ByYWwlMjIlM0VMJUMzJUFEbmVhcyUyMGRlJTIwZ2FzJTIwJTI4SDJTJTJDJTIwU08yJTJDJTIwTk8yJTJDJTIwQ2wyJTI5JTNDJTJGdGQlM0UlMEElM0N0ZCUyMGNsYXNzJTNEJTIydGRfbm9ybWFsJTIyJTIwY29sc3BhbiUzRCUyMjIlMjIlM0VoYXN0YSUyMDQlM0MlMkZ0ZCUzRSUwQSUzQyUyRnRyJTNFJTBBJTNDdHIlM0UlMEElM0N0ZCUyMGNsYXNzJTNEJTIydGFibGVfcHJhbCUyMiUzRUludGVyY2FtYmlvJTIwZGUlMjBhaXJlJTNDJTJGdGQlM0UlMEElM0N0ZCUyMGNsYXNzJTNEJTIydGRfbm9ybWFsJTIyJTIwY29sc3BhbiUzRCUyMjIlMjIlM0UyJTIwYSUyMDQlM0MlMkZ0ZCUzRSUwQSUzQyUyRnRyJTNFJTBBJTNDdHIlM0UlMEElM0N0ZCUyMGNsYXNzJTNEJTIydGFibGVfcHJhbCUyMiUzRUNvbmV4aSVDMyVCM24lMjBlbCVDMyVBOWN0cmljYSUzQyUyRnRkJTNFJTBBJTNDdGQlMjBjbGFzcyUzRCUyMnRkX25vcm1hbCUyMiUyMGNvbHNwYW4lM0QlMjIyJTIyJTNFNDAwJTIwViUyMCUyQjYlMkYtMTAlMjAlMjUlMkMlMjAzJTJGTiUyQyUyMDUwJTIwSHolM0MlMkZ0ZCUzRSUwQSUzQyUyRnRyJTNFJTBBJTNDJTJGdGJvZHklM0UlMEElM0MlMkZ0YWJsZSUzRSUwQSUzQyUyRmRpdiUzRQ==[\/vc_raw_html][\/vc_column_inner][\/vc_row_inner][\/vc_tab][vc_tab icon=\u00bbfa fa-play\u00bb icon_size=\u00bbmd\u00bb gutter_size=\u00bb2&#8243; column_padding=\u00bb2&#8243; title=\u00bbDescripci\u00f3n\u00bb tab_id=\u00bb596f1d3-cbcd17266528609841727094070509172726470442617307234396101730980957447&#8243; product_from_builder=\u00bbyes\u00bb][vc_row_inner][vc_column_inner width=\u00bb1\/1&#8243;][uncode_list icon=\u00bbfa fa-play\u00bb icon_color=\u00bbcolor-azulct\u00bb uncode_shortcode_id=\u00bb180681&#8243; icon_color_type=\u00bbuncode-palette\u00bb]<strong><u>Caracter\u00edsticas:<\/u><\/strong><\/p>\n<ul>\n<li>Gases de prueba: sulfuro de hidr\u00f3geno (H2S), di\u00f3xido de azufre (SO2), cloro gaseoso (Cl2) con gas portador N2, di\u00f3xido de nitr\u00f3geno (NO2) con gas portador de aire sint\u00e9tico.<\/li>\n<li>Dosificaci\u00f3n de hasta cuatro gases corrosivos en 4 l\u00edneas en el rango 1-100 ml\/min.<\/li>\n<li>Control de la presi\u00f3n como dispositivo de seguridad integrado para un funcionamiento seguro.<\/li>\n<li>Conexi\u00f3n para la toma de muestras de gases para su posterior an\u00e1lisis.<\/li>\n<li>Posibilidad de comprobar la concentraci\u00f3n de gases corrosivos con aire seco o nitr\u00f3geno.<\/li>\n<li>Inyecci\u00f3n \u00f3ptima de los gases en el flujo libre del gas portador y homogeneizaci\u00f3n por expansi\u00f3n del difusor antes de entrar en la c\u00e1mara de ensayos, incluso las concentraciones m\u00e1s bajas en el rango de 10 ppb se mezclan de manera homog\u00e9nea y se introducen en la c\u00e1mara en la concentraci\u00f3n indicada.<\/li>\n<li>Control continuo de las tasas de intercambio de aire y las concentraciones de gases.<\/li>\n<\/ul>\n<p>[\/uncode_list][\/vc_column_inner][\/vc_row_inner][\/vc_tab][vc_tab icon=\u00bbfa fa-play\u00bb icon_size=\u00bbmd\u00bb gutter_size=\u00bb2&#8243; column_padding=\u00bb2&#8243; title=\u00bbMarca\u00bb tab_id=\u00bb28596f1d3-cbcd17266528609841727094070509172726470442617307234396101730980957447&#8243; product_from_builder=\u00bbyes\u00bb][vc_row_inner][vc_column_inner width=\u00bb1\/1&#8243;][uncode_block id=\u00bb141499&#8243; inside_column=\u00bbyes\u00bb][uncode_block id=\u00bb141361&#8243; inside_column=\u00bbyes\u00bb][\/vc_column_inner][\/vc_row_inner][\/vc_tab][vc_tab icon=\u00bbfa fa-play\u00bb icon_size=\u00bbmd\u00bb gutter_size=\u00bb2&#8243; column_padding=\u00bb2&#8243; title=\u00bbAplicaciones\u00bb tab_id=\u00bb6728596f1d3-cbcd17266528609841727094070509172726470442617307234396101730980957447&#8243; product_from_builder=\u00bbyes\u00bb][vc_row_inner][vc_column_inner width=\u00bb1\/1&#8243;][uncode_block id=\u00bb141502&#8243; inside_column=\u00bbyes\u00bb][\/vc_column_inner][\/vc_row_inner][\/vc_tab][\/vc_tabs][vc_empty_space empty_h=\u00bb2&#8243;][vc_custom_heading text_color=\u00bbcolor-azulct\u00bb text_size=\u00bbh4&#8243; uncode_shortcode_id=\u00bb624924&#8243; text_color_type=\u00bbuncode-palette\u00bb]Productos Relacionados[\/vc_custom_heading][uncode_index el_id=\u00bbindex-1014389&#8243; index_type=\u00bbcarousel\u00bb loop=\u00bbsize:All|order_by:rand|order:ASC|post_type:product|tax_query:510|taxonomy_count:10&#8243; carousel_lg=\u00bb4&#8243; carousel_md=\u00bb4&#8243; carousel_sm=\u00bb1&#8243; gutter_size=\u00bb4&#8243; product_items=\u00bbmedia|featured|onpost|original|show-sale|enhanced-atc|inherit-w-atc|atc-typo-column|hide-atc,title\u00bb carousel_interval=\u00bb3000&#8243; carousel_navspeed=\u00bb400&#8243; carousel_loop=\u00bbyes\u00bb stage_padding=\u00bb0&#8243; single_shape=\u00bbround\u00bb radius=\u00bbstd\u00bb single_overlay_color=\u00bbcolor-wvjs\u00bb single_overlay_opacity=\u00bb20&#8243; single_text_anim=\u00bbno\u00bb single_image_anim=\u00bbno\u00bb single_h_align=\u00bbcenter\u00bb single_padding=\u00bb2&#8243; single_title_semantic=\u00bbh2&#8243; single_title_dimension=\u00bbh5&#8243; single_title_weight=\u00bb700&#8243; single_border=\u00bbyes\u00bb uncode_shortcode_id=\u00bb451802&#8243;][\/vc_column][\/vc_row]<\/p>\n<\/div>","protected":false},"excerpt":{"rendered":"<p>Los contaminantes presentes en la atm\u00f3sfera, como el di\u00f3xido de azufre, el sulfuro de hidr\u00f3geno, el di\u00f3xido de nitr\u00f3geno o el cloro gas, pueden causar da\u00f1os considerables por corrosi\u00f3n en materiales, componentes y dispositivos. Las <strong>c\u00e1maras de gases corrosivos de Olfasense<\/strong> permiten ajustar de forma muy preciso la concentraci\u00f3n de los gases nocivos que se van a utilizar incluso a concentraciones bajas, lo que facilita la realizaci\u00f3n de ensayos de acuerdo con las diferentes normas. La serie SK incorpora una c\u00e1mara interior de pl\u00e1stico transparente resistente a la corrosi\u00f3n (PMMA) y admite hasta 4 l\u00edneas de dosificaci\u00f3n de gases individuales para realizar pruebas de corrosi\u00f3n individual o con dosificaci\u00f3n simult\u00e1nea.<\/p>\n<p>El sistema de dosificaci\u00f3n de gases corrosivos de Olfasense se adapta e integra f\u00e1cilmente en c\u00e1maras clim\u00e1ticas de distintos tama\u00f1os.<\/p>\n<p><strong>RANGO DE TEMPERATURA:<\/strong> +10\u00baC hasta +60\u00baC<\/p>\n<p><strong>RANGO DE HUMEDAD RELATIVA:<\/strong> 10% h.r. hasta 80% h.r.<\/p>\n<p><strong>VOLUMEN 400 y 1500 l<\/strong><\/p>\n","protected":false},"featured_media":141895,"template":"","meta":{"iawp_total_views":25},"product_brand":[],"product_cat":[547],"product_tag":[510],"class_list":{"0":"post-141894","1":"product","2":"type-product","3":"status-publish","4":"has-post-thumbnail","6":"product_cat-gases-corrosivos","7":"product_tag-olfatometria","9":"first","10":"instock","11":"taxable","12":"shipping-taxable","13":"product-type-external"},"_links":{"self":[{"href":"https:\/\/www.controltecnica.com\/test\/wp-json\/wp\/v2\/product\/141894","targetHints":{"allow":["GET"]}}],"collection":[{"href":"https:\/\/www.controltecnica.com\/test\/wp-json\/wp\/v2\/product"}],"about":[{"href":"https:\/\/www.controltecnica.com\/test\/wp-json\/wp\/v2\/types\/product"}],"wp:featuredmedia":[{"embeddable":true,"href":"https:\/\/www.controltecnica.com\/test\/wp-json\/wp\/v2\/media\/141895"}],"wp:attachment":[{"href":"https:\/\/www.controltecnica.com\/test\/wp-json\/wp\/v2\/media?parent=141894"}],"wp:term":[{"taxonomy":"product_brand","embeddable":true,"href":"https:\/\/www.controltecnica.com\/test\/wp-json\/wp\/v2\/product_brand?post=141894"},{"taxonomy":"product_cat","embeddable":true,"href":"https:\/\/www.controltecnica.com\/test\/wp-json\/wp\/v2\/product_cat?post=141894"},{"taxonomy":"product_tag","embeddable":true,"href":"https:\/\/www.controltecnica.com\/test\/wp-json\/wp\/v2\/product_tag?post=141894"}],"curies":[{"name":"wp","href":"https:\/\/api.w.org\/{rel}","templated":true}]}}