{"id":141877,"date":"2024-12-17T16:38:46","date_gmt":"2024-12-17T16:38:46","guid":{"rendered":"https:\/\/www.controltecnica.com\/test\/?post_type=product&#038;p=141877"},"modified":"2025-05-08T15:12:59","modified_gmt":"2025-05-08T15:12:59","slug":"camaras-emisiones-voc-serie-ek-250-automocion","status":"publish","type":"product","link":"https:\/\/www.controltecnica.com\/test\/producto\/camaras-emisiones-voc-serie-ek-250-automocion\/","title":{"rendered":"C\u00e1maras emisiones VOC serie EK 250 (automoci\u00f3n)"},"content":{"rendered":"<div class=\"wpb-content-wrapper\"><p>[vc_row row_height_percent=\u00bb0&#8243; override_padding=\u00bbyes\u00bb h_padding=\u00bb2&#8243; top_padding=\u00bb2&#8243; bottom_padding=\u00bb4&#8243; back_color=\u00bbcolor-xsdn\u00bb overlay_alpha=\u00bb50&#8243; gutter_size=\u00bb4&#8243; column_width_percent=\u00bb100&#8243; shift_y=\u00bb0&#8243; z_index=\u00bb0&#8243; inverted_device_order=\u00bbyes\u00bb uncode_shortcode_id=\u00bb120445&#8243; back_color_type=\u00bbuncode-palette\u00bb el_class=\u00bbnormalise-top-padding-mobile\u00bb][vc_column column_width_percent=\u00bb100&#8243; gutter_size=\u00bb1&#8243; override_padding=\u00bbyes\u00bb column_padding=\u00bb0&#8243; overlay_alpha=\u00bb50&#8243; shift_x=\u00bb0&#8243; shift_y=\u00bb0&#8243; shift_y_down=\u00bb0&#8243; z_index=\u00bb0&#8243; medium_width=\u00bb0&#8243; mobile_width=\u00bb0&#8243; width=\u00bb1\/2&#8243; uncode_shortcode_id=\u00bb127372&#8243;][vc_single_image dynamic=\u00bbyes\u00bb media_width_percent=\u00bb100&#8243; uncode_shortcode_id=\u00bb357305&#8243;][vc_gallery el_id=\u00bbgallery-499119&#8243; type=\u00bbcarousel\u00bb dynamic=\u00bbyes\u00bb carousel_lg=\u00bb2&#8243; carousel_md=\u00bb2&#8243; carousel_sm=\u00bb1&#8243; thumb_size=\u00bbone-one\u00bb gutter_size=\u00bb3&#8243; carousel_interval=\u00bb3000&#8243; carousel_navspeed=\u00bb200&#8243; carousel_loop=\u00bbyes\u00bb carousel_nav=\u00bbyes\u00bb carousel_nav_mobile=\u00bbyes\u00bb stage_padding=\u00bb0&#8243; single_overlay_opacity=\u00bb50&#8243; single_padding=\u00bb2&#8243; uncode_shortcode_id=\u00bb109483&#8243;][\/vc_column][vc_column column_width_percent=\u00bb100&#8243; gutter_size=\u00bb2&#8243; overlay_alpha=\u00bb50&#8243; shift_x=\u00bb0&#8243; shift_y=\u00bb0&#8243; shift_y_down=\u00bb0&#8243; z_index=\u00bb0&#8243; medium_width=\u00bb0&#8243; mobile_width=\u00bb0&#8243; sticky=\u00bbyes\u00bb width=\u00bb1\/2&#8243; uncode_shortcode_id=\u00bb577386&#8243;][uncode_breadcrumbs text_lead=\u00bbsmall\u00bb wc_breadcrumbs=\u00bbyes\u00bb][vc_row_inner limit_content=\u00bb\u00bb][vc_column_inner column_width_percent=\u00bb100&#8243; gutter_size=\u00bb2&#8243; overlay_alpha=\u00bb50&#8243; shift_x=\u00bb0&#8243; shift_y=\u00bb0&#8243; shift_y_down=\u00bb0&#8243; z_index=\u00bb0&#8243; medium_width=\u00bb5&#8243; mobile_width=\u00bb0&#8243; width=\u00bb1\/1&#8243; uncode_shortcode_id=\u00bb839507&#8243;][vc_custom_heading auto_text=\u00bbyes\u00bb heading_semantic=\u00bbh1&#8243; text_size=\u00bbh1&#8243; uncode_shortcode_id=\u00bb644777&#8243;]This is a custom heading element.[\/vc_custom_heading][vc_custom_heading auto_text=\u00bbprice\u00bb heading_semantic=\u00bbh6&#8243; uncode_shortcode_id=\u00bb212952&#8243;]This is a custom heading element.[\/vc_custom_heading][\/vc_column_inner][\/vc_row_inner][vc_column_text auto_text=\u00bbexcerpt\u00bb uncode_shortcode_id=\u00bb147315&#8243;]I am text block. Click edit button to change this text. Lorem ipsum dolor sit amet, consectetur adipiscing elit. Ut elit tellus, luctus nec ullamcorper mattis, pulvinar dapibus leo.[\/vc_column_text][vc_button dynamic=\u00bbadd-to-cart\u00bb quantity=\u00bbvariation\u00bb custom_typo=\u00bbyes\u00bb font_weight=\u00bb500&#8243; border_width=\u00bb0&#8243; scale_mobile=\u00bbno\u00bb uncode_shortcode_id=\u00bb212274&#8243;]Text on the button[\/vc_button][vc_separator sep_color=\u00bb,Default\u00bb][uncode_single_product_meta][\/vc_column][\/vc_row][vc_row row_height_percent=\u00bb0&#8243; override_padding=\u00bbyes\u00bb h_padding=\u00bb2&#8243; top_padding=\u00bb3&#8243; bottom_padding=\u00bb3&#8243; back_color=\u00bbcolor-lxmt\u00bb overlay_alpha=\u00bb50&#8243; gutter_size=\u00bb3&#8243; column_width_percent=\u00bb100&#8243; shift_y=\u00bb0&#8243; z_index=\u00bb0&#8243; uncode_shortcode_id=\u00bb731349&#8243; back_color_type=\u00bbuncode-palette\u00bb][vc_column column_width_use_pixel=\u00bbyes\u00bb gutter_size=\u00bb2&#8243; overlay_alpha=\u00bb50&#8243; shift_x=\u00bb0&#8243; shift_y=\u00bb0&#8243; shift_y_down=\u00bb0&#8243; z_index=\u00bb0&#8243; medium_width=\u00bb0&#8243; mobile_width=\u00bb0&#8243; width=\u00bb1\/1&#8243; uncode_shortcode_id=\u00bb348789&#8243;][vc_tabs tab_scrolling=\u00bbyes\u00bb typography=\u00bbyes\u00bb border_100=\u00bbyes\u00bb product_from_builder=\u00bbyes\u00bb][vc_tab icon=\u00bbfa fa-play\u00bb icon_size=\u00bbmd\u00bb gutter_size=\u00bb2&#8243; column_padding=\u00bb3&#8243; title=\u00bbModelos y Dimensiones\u00bb tab_id=\u00bb8596f1d3-cbcd17266528609841727094070509172726470442617307234396101730980957447&#8243; product_from_builder=\u00bbyes\u00bb][vc_row_inner limit_content=\u00bb\u00bb][vc_column_inner column_width_use_pixel=\u00bbyes\u00bb gutter_size=\u00bb3&#8243; overlay_alpha=\u00bb50&#8243; shift_x=\u00bb0&#8243; shift_y=\u00bb0&#8243; shift_y_down=\u00bb0&#8243; z_index=\u00bb0&#8243; medium_width=\u00bb0&#8243; mobile_width=\u00bb0&#8243; width=\u00bb1\/1&#8243; uncode_shortcode_id=\u00bb106164&#8243; column_width_pixel=\u00bb800&#8243;][vc_raw_html]JTNDZGl2JTIwc3R5bGUlM0QlMjJvdmVyZmxvdy14JTNBJTIwYXV0byUzQiUyMiUzRSUwQSUzQ3RhYmxlJTIwY2xhc3MlM0QlMjJ0YWJsZSUyMHRhYmxlLWNvbmRlbnNlZCUyMiUyMHN0eWxlJTNEJTIyZm9udC1zaXplJTNBJTIwMTJweCUzQmxpbmUtaGVpZ2h0JTNBJTIwMS4xJTIyJTNFJTBBJTNDdGJvZHklM0UlMEElM0N0ciUyMGNsYXNzJTNEJTIyaW5mbyUyMiUyMHN0eWxlJTNEJTIyYmFja2dyb3VuZC1jb2xvciUzQSUyMHdoaXRlJTNCJTIyJTNFJTBBJTNDdGQlMjBjbGFzcyUzRCUyMnRhYmxlX3ByYWwlMjIlM0UlM0NiJTNFTW9kZWxvJTNDJTJGYiUzRSUzQyUyRnRkJTNFJTBBJTNDdGQlMjBjbGFzcyUzRCUyMnRkX3ByYWwlMjIlM0VFSyUyMDI1MCUyMEElM0MlMkZ0ZCUzRSUwQSUzQyUyRnRyJTNFJTBBJTNDdHIlMjBjbGFzcyUzRCUyMnRhYmxlX2NvbDIlMjIlM0UlMEElM0N0ZCUyMGNsYXNzJTNEJTIydGFibGVfcHJhbCUyMiUzRVZvbHVtZW4lMjAlMjhsJTI5JTNDJTJGdGQlM0UlMEElM0N0ZCUyMGNsYXNzJTNEJTIydGRfbm9ybWFsJTIyJTNFMjUwJTNDJTJGdGQlM0UlMEElM0MlMkZ0ciUzRSUwQSUzQ3RyJTIwY2xhc3MlM0QlMjJ0YWJsZV9jb2wxJTIyJTNFJTBBJTNDdGQlMjBjbGFzcyUzRCUyMnRhYmxlX3ByYWwlMjIlM0VEaW1lbnNpb25lcyUyMGludGVybmFzJTIwJTI4bW0lMjklM0MlMkZ0ZCUzRSUwQSUzQ3RkJTIwY2xhc3MlM0QlMjJ0ZF9ub3JtYWwlMjIlM0UlM0MlMkZ0ZCUzRSUwQSUzQyUyRnRyJTNFJTBBJTNDdHIlMjBjbGFzcyUzRCUyMnRhYmxlX2NvbDElMjIlM0UlMEElM0N0ZCUyMGNsYXNzJTNEJTIydGRfbm9ybWFsJTIyJTNFQWx0byUzQyUyRnRkJTNFJTBBJTNDdGQlMjBjbGFzcyUzRCUyMnRkX25vcm1hbCUyMiUzRTcyMCUzQyUyRnRkJTNFJTBBJTNDJTJGdHIlM0UlMEElM0N0ciUyMGNsYXNzJTNEJTIydGFibGVfY29sMSUyMiUzRSUwQSUzQ3RkJTIwY2xhc3MlM0QlMjJ0ZF9ub3JtYWwlMjIlM0VBbmNobyUzQyUyRnRkJTNFJTBBJTNDdGQlMjBjbGFzcyUzRCUyMnRkX25vcm1hbCUyMiUzRTQ4MCUzQyUyRnRkJTNFJTBBJTNDJTJGdHIlM0UlMEElM0N0ciUyMGNsYXNzJTNEJTIydGFibGVfY29sMSUyMiUzRSUwQSUzQ3RkJTIwY2xhc3MlM0QlMjJ0ZF9ub3JtYWwlMjIlM0VGb25kbyUzQyUyRnRkJTNFJTBBJTNDdGQlMjBjbGFzcyUzRCUyMnRkX25vcm1hbCUyMiUzRTcyMCUzQyUyRnRkJTNFJTBBJTNDJTJGdHIlM0UlMEElM0N0ciUyMGNsYXNzJTNEJTIydGFibGVfY29sMSUyMiUzRSUwQSUzQ3RkJTIwY2xhc3MlM0QlMjJ0YWJsZV9wcmFsJTIyJTNFRGltZW5zaW9uZXMlMjBleHRlcm5hcyUyMCUyOG1tJTI5JTNDJTJGdGQlM0UlMEElM0N0ZCUyMGNsYXNzJTNEJTIydGRfbm9ybWFsJTIyJTNFJTNDJTJGdGQlM0UlMEElM0MlMkZ0ciUzRSUwQSUzQ3RyJTIwY2xhc3MlM0QlMjJ0YWJsZV9jb2wxJTIyJTNFJTBBJTNDdGQlMjBjbGFzcyUzRCUyMnRkX25vcm1hbCUyMiUzRUFsdG8lM0MlMkZ0ZCUzRSUwQSUzQ3RkJTIwY2xhc3MlM0QlMjJ0ZF9ub3JtYWwlMjIlM0UxMDAwJTNDJTJGdGQlM0UlMEElM0MlMkZ0ciUzRSUwQSUzQ3RyJTIwY2xhc3MlM0QlMjJ0YWJsZV9jb2wxJTIyJTNFJTBBJTNDdGQlMjBjbGFzcyUzRCUyMnRkX25vcm1hbCUyMiUzRUFuY2hvJTNDJTJGdGQlM0UlMEElM0N0ZCUyMGNsYXNzJTNEJTIydGRfbm9ybWFsJTIyJTNFMTU1MCUzQyUyRnRkJTNFJTBBJTNDJTJGdHIlM0UlMEElM0N0ciUyMGNsYXNzJTNEJTIydGFibGVfY29sMSUyMiUzRSUwQSUzQ3RkJTIwY2xhc3MlM0QlMjJ0ZF9ub3JtYWwlMjIlM0VGb25kbyUzQyUyRnRkJTNFJTBBJTNDdGQlMjBjbGFzcyUzRCUyMnRkX25vcm1hbCUyMiUzRTE3MDAlM0MlMkZ0ZCUzRSUwQSUzQyUyRnRyJTNFJTBBJTNDdHIlMjBjbGFzcyUzRCUyMnRhYmxlX2NvbDElMjIlM0UlMEElM0N0ZCUyMGNsYXNzJTNEJTIydGFibGVfcHJhbCUyMiUzRVJhbmdvJTIwZGUlMjB0ZW1wZXJhdHVyYSUzQyUyRnRkJTNFJTBBJTNDdGQlMjBjbGFzcyUzRCUyMnRkX25vcm1hbCUyMiUzRVQlQzIlQUFhbWIlMjAlMkIlMjA1JUMyJUJBQyUyMGhhc3RhJTIwJTJCMjEwJUMyJUJBQyUzQyUyRnRkJTNFJTBBJTNDJTJGdHIlM0UlMEElM0N0ciUzRSUwQSUzQ3RkJTIwY2xhc3MlM0QlMjJ0YWJsZV9wcmFsJTIyJTNFUmFuZ28lMjBkZSUyMGh1bWVkYWQlMjByZWxhdGl2YSUzQyUyRnRkJTNFJTBBJTNDdGQlMjBjbGFzcyUzRCUyMnRkX25vcm1hbCUyMiUzRTE1JTI1JTIwaC5yLiUyMGhhc3RhJTIwNzAlMjUlMjBoLnIuJTIwJTI4JTJCMjMlQzIlQkFDJTI5JTNDJTJGdGQlM0UlMEElM0MlMkZ0ciUzRSUwQSUzQ3RyJTIwY2xhc3MlM0QlMjJ0YWJsZV9jb2wxJTIyJTNFJTBBJTNDdGQlMjBjbGFzcyUzRCUyMnRhYmxlX3ByYWwlMjIlM0VDYXVkYWwlMjBkZSUyMGFpcmUlM0MlMkZ0ZCUzRSUwQSUzQ3RkJTIwY2xhc3MlM0QlMjJ0ZF9ub3JtYWwlMjIlM0U4MCUyMGwlMkZtaW4lMjBhJTIwMiUyQzUlMjBiYXIlMjAlMjg2JTJDNjclMjBsJTJGbWluJTIwZGUlMjBjb25zdW1vJTIwZHVyYW50ZSUyMGVsJTIwZW5zYXlvJTI5JTNDJTJGdGQlM0UlMEElM0MlMkZ0ciUzRSUwQSUzQ3RyJTNFJTBBJTNDdGQlMjBjbGFzcyUzRCUyMnRhYmxlX3ByYWwlMjIlM0VDb25leGklQzMlQjNuJTIwZWwlQzMlQTljdHJpY2ElM0MlMkZ0ZCUzRSUwQSUzQ3RkJTIwY2xhc3MlM0QlMjJ0ZF9ub3JtYWwlMjIlM0U0MDAlMjBWJTIwJTJCNiUyRi0xMCUyMCUyNSUyQyUyMDMlMkZOJTJDJTIwNTAlMjBIeiUzQyUyRnRkJTNFJTBBJTNDJTJGdHIlM0UlMEElM0MlMkZ0Ym9keSUzRSUwQSUzQyUyRnRhYmxlJTNFJTBBJTNDJTJGZGl2JTNF[\/vc_raw_html][\/vc_column_inner][\/vc_row_inner][\/vc_tab][vc_tab icon=\u00bbfa fa-play\u00bb icon_size=\u00bbmd\u00bb gutter_size=\u00bb2&#8243; column_padding=\u00bb2&#8243; title=\u00bbDescripci\u00f3n\u00bb tab_id=\u00bb596f1d3-cbcd17266528609841727094070509172726470442617307234396101730980957447&#8243; product_from_builder=\u00bbyes\u00bb][vc_row_inner][vc_column_inner width=\u00bb1\/2&#8243;][uncode_list icon=\u00bbfa fa-play\u00bb icon_color=\u00bbcolor-azulct\u00bb uncode_shortcode_id=\u00bb131826&#8243; icon_color_type=\u00bbuncode-palette\u00bb]<strong><u>Caracter\u00edsticas:<\/u><\/strong><\/p>\n<ul>\n<li>Volumen 250 y 1000 litros<\/li>\n<li>Cumplimiento de las normativas m\u00e1s relevantes como PV 3942, DIN ISO 12219-4, GS 97014-3, VDA 276, ISO 16000-9, ISO 16516 y EN 717-1<\/li>\n<li>Compacta, robusta y muy competitiva<\/li>\n<li>Espacio de ensayo bajo en emisiones<\/li>\n<li>Cantidad de aire ajustable<\/li>\n<li>Revestimiento interior del recinto de ensayo electro-pulido para reducir efectos de adsorci\u00f3n<\/li>\n<li>Puerto toma de 4 muestras calefactado para extracci\u00f3n de muestras<\/li>\n<li>Sistema de desorci\u00f3n por temperatura hasta de +220\u00baC para procedimiento de limpieza<\/li>\n<li>Eliminaci\u00f3n de contaminaci\u00f3n del entorno<\/li>\n<li>Caudal\u00edmetro para l\u00ednea de gas<\/li>\n<li>Conector para FID<\/li>\n<li>Software de conexi\u00f3n para control de temperatura, humedad relativa y medida de gas, conexi\u00f3n a FID<\/li>\n<li>Fogging device<\/li>\n<li>Sistema de filtros para obtener aire comprimido limpio<\/li>\n<li>Instalaci\u00f3n y puesta en marcha por t\u00e9cnicos especializados en an\u00e1lisis VOC<\/li>\n<\/ul>\n<p>[\/uncode_list][\/vc_column_inner][vc_column_inner width=\u00bb1\/2&#8243;][uncode_list icon=\u00bbfa fa-play\u00bb icon_color=\u00bbcolor-azulct\u00bb uncode_shortcode_id=\u00bb658910&#8243; icon_color_type=\u00bbuncode-palette\u00bb]<strong><u>Cumple totalmente con:<\/u><\/strong><\/p>\n<ul>\n<li>GS97014-3 M\u00e9todo BMW (Determinaci\u00f3n de VOC de componentes, productos semielaborados y materiales)<u><\/u><u><\/u><\/li>\n<li>PN 780 M\u00e9todo Porsche (Interior \u2013 Comportamiento de emisiones)<u><\/u><u><\/u><\/li>\n<li>PV 3942 M\u00e9todo Volkswagen (Determinaci\u00f3n de las emisiones org\u00e1nicas de los componentes para el compartimento del pasajero en los veh\u00edculos de motor. Prueba de emisiones)<u><\/u><u><\/u><\/li>\n<li>ISO 12219-4 (Determinaci\u00f3n de VOC de las partes interiores y materiales del veh\u00edculo) \u2013 con la excepci\u00f3n del tama\u00f1o de la c\u00e1mara<\/li>\n<\/ul>\n<p>[\/uncode_list][\/vc_column_inner][\/vc_row_inner][\/vc_tab][vc_tab icon=\u00bbfa fa-play\u00bb icon_size=\u00bbmd\u00bb gutter_size=\u00bb2&#8243; column_padding=\u00bb2&#8243; title=\u00bbMarca\u00bb tab_id=\u00bb28596f1d3-cbcd17266528609841727094070509172726470442617307234396101730980957447&#8243; product_from_builder=\u00bbyes\u00bb][vc_row_inner][vc_column_inner width=\u00bb1\/1&#8243;][uncode_block id=\u00bb141499&#8243; inside_column=\u00bbyes\u00bb][uncode_block id=\u00bb141361&#8243; inside_column=\u00bbyes\u00bb][\/vc_column_inner][\/vc_row_inner][\/vc_tab][vc_tab icon=\u00bbfa fa-play\u00bb icon_size=\u00bbmd\u00bb gutter_size=\u00bb2&#8243; column_padding=\u00bb2&#8243; title=\u00bbAplicaciones\u00bb tab_id=\u00bb6728596f1d3-cbcd17266528609841727094070509172726470442617307234396101730980957447&#8243; product_from_builder=\u00bbyes\u00bb][vc_row_inner][vc_column_inner width=\u00bb1\/1&#8243;][uncode_block id=\u00bb141502&#8243; inside_column=\u00bbyes\u00bb][\/vc_column_inner][\/vc_row_inner][\/vc_tab][\/vc_tabs][vc_empty_space empty_h=\u00bb2&#8243;][vc_custom_heading text_color=\u00bbcolor-azulct\u00bb text_size=\u00bbh4&#8243; uncode_shortcode_id=\u00bb624924&#8243; text_color_type=\u00bbuncode-palette\u00bb]Productos Relacionados[\/vc_custom_heading][uncode_index el_id=\u00bbindex-1014389&#8243; index_type=\u00bbcarousel\u00bb loop=\u00bbsize:All|order_by:rand|order:ASC|post_type:product|tax_query:510|taxonomy_count:10&#8243; carousel_lg=\u00bb4&#8243; carousel_md=\u00bb4&#8243; carousel_sm=\u00bb1&#8243; gutter_size=\u00bb4&#8243; product_items=\u00bbmedia|featured|onpost|original|show-sale|enhanced-atc|inherit-w-atc|atc-typo-column|hide-atc,title\u00bb carousel_interval=\u00bb3000&#8243; carousel_navspeed=\u00bb400&#8243; carousel_loop=\u00bbyes\u00bb stage_padding=\u00bb0&#8243; single_shape=\u00bbround\u00bb radius=\u00bbstd\u00bb single_overlay_color=\u00bbcolor-wvjs\u00bb single_overlay_opacity=\u00bb20&#8243; single_text_anim=\u00bbno\u00bb single_image_anim=\u00bbno\u00bb single_h_align=\u00bbcenter\u00bb single_padding=\u00bb2&#8243; single_title_semantic=\u00bbh2&#8243; single_title_dimension=\u00bbh5&#8243; single_title_weight=\u00bb700&#8243; single_border=\u00bbyes\u00bb uncode_shortcode_id=\u00bb451802&#8243;][\/vc_column][\/vc_row]<\/p>\n<\/div>","protected":false},"excerpt":{"rendered":"<p>Las <strong>c\u00e1maras de emisiones modelo EK 250 A de Olfasense<\/strong> con control activo de la temperatura permite caracterizar las emisiones de compuestos org\u00e1nicos vol\u00e1tiles en condiciones muy precisas.<\/p>\n<p>Cumple con todas las normas europeas e internacionales de los fabricantes de autom\u00f3viles.<\/p>\n<p>Para el control de la temperatura y la funci\u00f3n de limpieza y desorci\u00f3n t\u00e9rmica hasta +210\u00baC, la c\u00e1mara se integra dentro de una estufa de laboratorio de temperatura controlada de Binder.<\/p>\n<p>Mediante ventilador ajustable y anem\u00f3metro se mide continuamente la velocidad del aire en su interior y a trav\u00e9s de 4 puertos de muestra calefactados se extraen las muestras para ser posteriormente analizadas de forma anal\u00edtica.<\/p>\n<p><strong>RANGO DE TEMPERATURA:<\/strong> T\u00aaamb + 5\u00baC hasta +210\u00baC<\/p>\n<p><strong>RANGO DE HUMEDAD RELATIVA:<\/strong> 15% h.r. hasta 70% h.r. (+23\u00baC)<\/p>\n<p><strong>VOLUMEN 250 l<\/strong><\/p>\n","protected":false},"featured_media":141878,"template":"","meta":{"iawp_total_views":9},"product_brand":[],"product_cat":[546],"product_tag":[510],"class_list":{"0":"post-141877","1":"product","2":"type-product","3":"status-publish","4":"has-post-thumbnail","6":"product_cat-emisiones-voc","7":"product_tag-olfatometria","9":"first","10":"instock","11":"taxable","12":"shipping-taxable","13":"product-type-external"},"_links":{"self":[{"href":"https:\/\/www.controltecnica.com\/test\/wp-json\/wp\/v2\/product\/141877","targetHints":{"allow":["GET"]}}],"collection":[{"href":"https:\/\/www.controltecnica.com\/test\/wp-json\/wp\/v2\/product"}],"about":[{"href":"https:\/\/www.controltecnica.com\/test\/wp-json\/wp\/v2\/types\/product"}],"wp:featuredmedia":[{"embeddable":true,"href":"https:\/\/www.controltecnica.com\/test\/wp-json\/wp\/v2\/media\/141878"}],"wp:attachment":[{"href":"https:\/\/www.controltecnica.com\/test\/wp-json\/wp\/v2\/media?parent=141877"}],"wp:term":[{"taxonomy":"product_brand","embeddable":true,"href":"https:\/\/www.controltecnica.com\/test\/wp-json\/wp\/v2\/product_brand?post=141877"},{"taxonomy":"product_cat","embeddable":true,"href":"https:\/\/www.controltecnica.com\/test\/wp-json\/wp\/v2\/product_cat?post=141877"},{"taxonomy":"product_tag","embeddable":true,"href":"https:\/\/www.controltecnica.com\/test\/wp-json\/wp\/v2\/product_tag?post=141877"}],"curies":[{"name":"wp","href":"https:\/\/api.w.org\/{rel}","templated":true}]}}