{"id":141871,"date":"2024-12-16T10:18:29","date_gmt":"2024-12-16T10:18:29","guid":{"rendered":"https:\/\/www.controltecnica.com\/test\/?post_type=product&#038;p=141871"},"modified":"2025-05-08T15:11:51","modified_gmt":"2025-05-08T15:11:51","slug":"camaras-emisiones-voc-serie-ek-1000","status":"publish","type":"product","link":"https:\/\/www.controltecnica.com\/test\/producto\/camaras-emisiones-voc-serie-ek-1000\/","title":{"rendered":"C\u00e1maras emisiones VOC serie EK 1000 (automoci\u00f3n)"},"content":{"rendered":"<div class=\"wpb-content-wrapper\"><p>[vc_row row_height_percent=\u00bb0&#8243; override_padding=\u00bbyes\u00bb h_padding=\u00bb2&#8243; top_padding=\u00bb2&#8243; bottom_padding=\u00bb4&#8243; back_color=\u00bbcolor-xsdn\u00bb overlay_alpha=\u00bb50&#8243; gutter_size=\u00bb4&#8243; column_width_percent=\u00bb100&#8243; shift_y=\u00bb0&#8243; z_index=\u00bb0&#8243; inverted_device_order=\u00bbyes\u00bb uncode_shortcode_id=\u00bb120445&#8243; back_color_type=\u00bbuncode-palette\u00bb el_class=\u00bbnormalise-top-padding-mobile\u00bb][vc_column column_width_percent=\u00bb100&#8243; gutter_size=\u00bb1&#8243; override_padding=\u00bbyes\u00bb column_padding=\u00bb0&#8243; overlay_alpha=\u00bb50&#8243; shift_x=\u00bb0&#8243; shift_y=\u00bb0&#8243; shift_y_down=\u00bb0&#8243; z_index=\u00bb0&#8243; medium_width=\u00bb0&#8243; mobile_width=\u00bb0&#8243; width=\u00bb1\/2&#8243; uncode_shortcode_id=\u00bb127372&#8243;][vc_single_image dynamic=\u00bbyes\u00bb media_width_percent=\u00bb100&#8243; uncode_shortcode_id=\u00bb357305&#8243;][vc_gallery el_id=\u00bbgallery-499119&#8243; type=\u00bbcarousel\u00bb dynamic=\u00bbyes\u00bb carousel_lg=\u00bb2&#8243; carousel_md=\u00bb2&#8243; carousel_sm=\u00bb1&#8243; thumb_size=\u00bbone-one\u00bb gutter_size=\u00bb3&#8243; carousel_interval=\u00bb3000&#8243; carousel_navspeed=\u00bb200&#8243; carousel_loop=\u00bbyes\u00bb carousel_nav=\u00bbyes\u00bb carousel_nav_mobile=\u00bbyes\u00bb stage_padding=\u00bb0&#8243; single_overlay_opacity=\u00bb50&#8243; single_padding=\u00bb2&#8243; uncode_shortcode_id=\u00bb302589&#8243;][\/vc_column][vc_column column_width_percent=\u00bb100&#8243; gutter_size=\u00bb2&#8243; overlay_alpha=\u00bb50&#8243; shift_x=\u00bb0&#8243; shift_y=\u00bb0&#8243; shift_y_down=\u00bb0&#8243; z_index=\u00bb0&#8243; medium_width=\u00bb0&#8243; mobile_width=\u00bb0&#8243; sticky=\u00bbyes\u00bb width=\u00bb1\/2&#8243; uncode_shortcode_id=\u00bb577386&#8243;][uncode_breadcrumbs text_lead=\u00bbsmall\u00bb wc_breadcrumbs=\u00bbyes\u00bb][vc_row_inner limit_content=\u00bb\u00bb][vc_column_inner column_width_percent=\u00bb100&#8243; gutter_size=\u00bb2&#8243; overlay_alpha=\u00bb50&#8243; shift_x=\u00bb0&#8243; shift_y=\u00bb0&#8243; shift_y_down=\u00bb0&#8243; z_index=\u00bb0&#8243; medium_width=\u00bb5&#8243; mobile_width=\u00bb0&#8243; width=\u00bb1\/1&#8243; uncode_shortcode_id=\u00bb839507&#8243;][vc_custom_heading auto_text=\u00bbyes\u00bb heading_semantic=\u00bbh1&#8243; text_size=\u00bbh1&#8243; uncode_shortcode_id=\u00bb644777&#8243;]This is a custom heading element.[\/vc_custom_heading][vc_custom_heading auto_text=\u00bbprice\u00bb heading_semantic=\u00bbh6&#8243; uncode_shortcode_id=\u00bb212952&#8243;]This is a custom heading element.[\/vc_custom_heading][\/vc_column_inner][\/vc_row_inner][vc_column_text auto_text=\u00bbexcerpt\u00bb uncode_shortcode_id=\u00bb147315&#8243;]I am text block. Click edit button to change this text. Lorem ipsum dolor sit amet, consectetur adipiscing elit. Ut elit tellus, luctus nec ullamcorper mattis, pulvinar dapibus leo.[\/vc_column_text][vc_button dynamic=\u00bbadd-to-cart\u00bb quantity=\u00bbvariation\u00bb custom_typo=\u00bbyes\u00bb font_weight=\u00bb500&#8243; border_width=\u00bb0&#8243; scale_mobile=\u00bbno\u00bb uncode_shortcode_id=\u00bb212274&#8243;]Text on the button[\/vc_button][vc_separator sep_color=\u00bb,Default\u00bb][uncode_single_product_meta][vc_button button_color=\u00bbaccent\u00bb size=\u00bbbtn-sm\u00bb radius=\u00bbbtn-round\u00bb border_width=\u00bb0&#8243; scale_mobile=\u00bbno\u00bb link=\u00bburl:%23&#8243; el_class=\u00bbpopmake-141875&#8243; uncode_shortcode_id=\u00bb541879&#8243; button_color_type=\u00bbuncode-palette\u00bb]Ver video[\/vc_button][\/vc_column][\/vc_row][vc_row row_height_percent=\u00bb0&#8243; override_padding=\u00bbyes\u00bb h_padding=\u00bb2&#8243; top_padding=\u00bb3&#8243; bottom_padding=\u00bb3&#8243; back_color=\u00bbcolor-lxmt\u00bb overlay_alpha=\u00bb50&#8243; gutter_size=\u00bb3&#8243; column_width_percent=\u00bb100&#8243; shift_y=\u00bb0&#8243; z_index=\u00bb0&#8243; uncode_shortcode_id=\u00bb731349&#8243; back_color_type=\u00bbuncode-palette\u00bb][vc_column column_width_use_pixel=\u00bbyes\u00bb gutter_size=\u00bb2&#8243; overlay_alpha=\u00bb50&#8243; shift_x=\u00bb0&#8243; shift_y=\u00bb0&#8243; shift_y_down=\u00bb0&#8243; z_index=\u00bb0&#8243; medium_width=\u00bb0&#8243; mobile_width=\u00bb0&#8243; width=\u00bb1\/1&#8243; uncode_shortcode_id=\u00bb348789&#8243;][vc_tabs tab_scrolling=\u00bbyes\u00bb typography=\u00bbyes\u00bb border_100=\u00bbyes\u00bb product_from_builder=\u00bbyes\u00bb][vc_tab icon=\u00bbfa fa-play\u00bb icon_size=\u00bbmd\u00bb gutter_size=\u00bb2&#8243; column_padding=\u00bb3&#8243; title=\u00bbModelos y Dimensiones\u00bb tab_id=\u00bb8596f1d3-cbcd17266528609841727094070509172726470442617307234396101730980957447&#8243; product_from_builder=\u00bbyes\u00bb][vc_row_inner limit_content=\u00bb\u00bb][vc_column_inner column_width_use_pixel=\u00bbyes\u00bb gutter_size=\u00bb3&#8243; overlay_alpha=\u00bb50&#8243; shift_x=\u00bb0&#8243; shift_y=\u00bb0&#8243; shift_y_down=\u00bb0&#8243; z_index=\u00bb0&#8243; medium_width=\u00bb0&#8243; mobile_width=\u00bb0&#8243; width=\u00bb1\/1&#8243; uncode_shortcode_id=\u00bb106164&#8243; column_width_pixel=\u00bb800&#8243;][vc_raw_html]JTNDZGl2JTIwc3R5bGUlM0QlMjJvdmVyZmxvdy14JTNBJTIwYXV0byUzQiUyMiUzRSUwQSUzQ3RhYmxlJTIwY2xhc3MlM0QlMjJ0YWJsZSUyMHRhYmxlLWNvbmRlbnNlZCUyMiUyMHN0eWxlJTNEJTIyZm9udC1zaXplJTNBJTIwMTJweCUzQmxpbmUtaGVpZ2h0JTNBJTIwMS4xJTIyJTNFJTBBJTNDdGJvZHklM0UlMEElM0N0ciUyMGNsYXNzJTNEJTIyaW5mbyUyMiUyMHN0eWxlJTNEJTIyYmFja2dyb3VuZC1jb2xvciUzQSUyMHdoaXRlJTNCJTIyJTNFJTBBJTNDdGQlMjBjbGFzcyUzRCUyMnRhYmxlX3ByYWwlMjIlM0UlM0NiJTNFTW9kZWxvJTNDJTJGYiUzRSUzQyUyRnRkJTNFJTBBJTNDdGQlMjBjbGFzcyUzRCUyMnRkX3ByYWwlMjIlM0VFSyUyMDEwMDAlM0MlMkZ0ZCUzRSUwQSUzQyUyRnRyJTNFJTBBJTNDdHIlMjBjbGFzcyUzRCUyMnRhYmxlX2NvbDIlMjIlM0UlMEElM0N0ZCUyMGNsYXNzJTNEJTIydGFibGVfcHJhbCUyMiUzRVZvbHVtZW4lMjAlMjhsJTI5JTNDJTJGdGQlM0UlMEElM0N0ZCUyMGNsYXNzJTNEJTIydGRfbm9ybWFsJTIyJTNFMTAwMCUzQyUyRnRkJTNFJTBBJTNDJTJGdHIlM0UlMEElM0N0ciUyMGNsYXNzJTNEJTIydGFibGVfY29sMSUyMiUzRSUwQSUzQ3RkJTIwY2xhc3MlM0QlMjJ0YWJsZV9wcmFsJTIyJTNFRGltZW5zaW9uZXMlMjBpbnRlcm5hcyUyMCUyOG1tJTI5JTNDJTJGdGQlM0UlMEElM0N0ZCUyMGNsYXNzJTNEJTIydGRfbm9ybWFsJTIyJTNFJTNDJTJGdGQlM0UlMEElM0MlMkZ0ciUzRSUwQSUzQ3RyJTIwY2xhc3MlM0QlMjJ0YWJsZV9jb2wxJTIyJTNFJTBBJTNDdGQlMjBjbGFzcyUzRCUyMnRkX25vcm1hbCUyMiUzRUFsdG8lM0MlMkZ0ZCUzRSUwQSUzQ3RkJTIwY2xhc3MlM0QlMjJ0ZF9ub3JtYWwlMjIlM0U3NDUlM0MlMkZ0ZCUzRSUwQSUzQyUyRnRyJTNFJTBBJTNDdHIlMjBjbGFzcyUzRCUyMnRhYmxlX2NvbDElMjIlM0UlMEElM0N0ZCUyMGNsYXNzJTNEJTIydGRfbm9ybWFsJTIyJTNFQW5jaG8lM0MlMkZ0ZCUzRSUwQSUzQ3RkJTIwY2xhc3MlM0QlMjJ0ZF9ub3JtYWwlMjIlM0U3NDUlM0MlMkZ0ZCUzRSUwQSUzQyUyRnRyJTNFJTBBJTNDdHIlMjBjbGFzcyUzRCUyMnRhYmxlX2NvbDElMjIlM0UlMEElM0N0ZCUyMGNsYXNzJTNEJTIydGRfbm9ybWFsJTIyJTNFRm9uZG8lM0MlMkZ0ZCUzRSUwQSUzQ3RkJTIwY2xhc3MlM0QlMjJ0ZF9ub3JtYWwlMjIlM0UxODAwJTNDJTJGdGQlM0UlMEElM0MlMkZ0ciUzRSUwQSUzQ3RyJTIwY2xhc3MlM0QlMjJ0YWJsZV9jb2wxJTIyJTNFJTBBJTNDdGQlMjBjbGFzcyUzRCUyMnRhYmxlX3ByYWwlMjIlM0VEaW1lbnNpb25lcyUyMGV4dGVybmFzJTIwJTI4bW0lMjklM0MlMkZ0ZCUzRSUwQSUzQ3RkJTIwY2xhc3MlM0QlMjJ0ZF9ub3JtYWwlMjIlM0UlM0MlMkZ0ZCUzRSUwQSUzQyUyRnRyJTNFJTBBJTNDdHIlMjBjbGFzcyUzRCUyMnRhYmxlX2NvbDElMjIlM0UlMEElM0N0ZCUyMGNsYXNzJTNEJTIydGRfbm9ybWFsJTIyJTNFQWx0byUzQyUyRnRkJTNFJTBBJTNDdGQlMjBjbGFzcyUzRCUyMnRkX25vcm1hbCUyMiUzRTE5ODAlM0MlMkZ0ZCUzRSUwQSUzQyUyRnRyJTNFJTBBJTNDdHIlMjBjbGFzcyUzRCUyMnRhYmxlX2NvbDElMjIlM0UlMEElM0N0ZCUyMGNsYXNzJTNEJTIydGRfbm9ybWFsJTIyJTNFQW5jaG8lM0MlMkZ0ZCUzRSUwQSUzQ3RkJTIwY2xhc3MlM0QlMjJ0ZF9ub3JtYWwlMjIlM0UxMjYwJTNDJTJGdGQlM0UlMEElM0MlMkZ0ciUzRSUwQSUzQ3RyJTIwY2xhc3MlM0QlMjJ0YWJsZV9jb2wxJTIyJTNFJTBBJTNDdGQlMjBjbGFzcyUzRCUyMnRkX25vcm1hbCUyMiUzRUZvbmRvJTNDJTJGdGQlM0UlMEElM0N0ZCUyMGNsYXNzJTNEJTIydGRfbm9ybWFsJTIyJTNFMjc5MCUzQyUyRnRkJTNFJTBBJTNDJTJGdHIlM0UlMEElM0N0ciUyMGNsYXNzJTNEJTIydGFibGVfY29sMSUyMiUzRSUwQSUzQ3RkJTIwY2xhc3MlM0QlMjJ0YWJsZV9wcmFsJTIyJTNFUmFuZ28lMjBkZSUyMHRlbXBlcmF0dXJhJTNDJTJGdGQlM0UlMEElM0N0ZCUyMGNsYXNzJTNEJTIydGRfbm9ybWFsJTIyJTNFJTJCMTAlQzIlQkFDJTIwaGFzdGElMjAlMkIxODAlQzIlQkFDJTNDJTJGdGQlM0UlMEElM0MlMkZ0ciUzRSUwQSUzQ3RyJTNFJTBBJTNDdGQlMjBjbGFzcyUzRCUyMnRhYmxlX3ByYWwlMjIlM0VSYW5nbyUyMGRlJTIwaHVtZWRhZCUyMHJlbGF0aXZhJTNDJTJGdGQlM0UlMEElM0N0ZCUyMGNsYXNzJTNEJTIydGRfbm9ybWFsJTIyJTNFMTAlMjUlMjBoLnIuJTIwaGFzdGElMjA3MCUyNSUyMGguci4lM0MlMkZ0ZCUzRSUwQSUzQyUyRnRyJTNFJTBBJTNDdHIlMjBjbGFzcyUzRCUyMnRhYmxlX2NvbDElMjIlM0UlMEElM0N0ZCUyMGNsYXNzJTNEJTIydGFibGVfcHJhbCUyMiUzRUNhdWRhbCUyMGRlJTIwYWlyZSUzQyUyRnRkJTNFJTBBJTNDdGQlMjBjbGFzcyUzRCUyMnRkX25vcm1hbCUyMiUzRTgwJTIwbCUyRm1pbiUyMGElMjAyJTJDNSUyMGJhciUyMCUyODYlMkM2NyUyMGwlMkZtaW4lMjBkZSUyMGNvbnN1bW8lMjBkdXJhbnRlJTIwZWwlMjBlbnNheW8lMjklM0MlMkZ0ZCUzRSUwQSUzQyUyRnRyJTNFJTBBJTNDdHIlM0UlMEElM0N0ZCUyMGNsYXNzJTNEJTIydGFibGVfcHJhbCUyMiUzRUNvbmV4aSVDMyVCM24lMjBlbCVDMyVBOWN0cmljYSUzQyUyRnRkJTNFJTBBJTNDdGQlMjBjbGFzcyUzRCUyMnRkX25vcm1hbCUyMiUzRTQwMCUyMFYlMjAlMkI2JTJGLTEwJTIwJTI1JTJDJTIwMyUyRk4lMkMlMjA1MCUyMEh6JTNDJTJGdGQlM0UlMEElM0MlMkZ0ciUzRSUwQSUzQyUyRnRib2R5JTNFJTBBJTNDJTJGdGFibGUlM0UlMEElM0MlMkZkaXYlM0U=[\/vc_raw_html][\/vc_column_inner][\/vc_row_inner][\/vc_tab][vc_tab icon=\u00bbfa fa-play\u00bb icon_size=\u00bbmd\u00bb gutter_size=\u00bb2&#8243; column_padding=\u00bb2&#8243; title=\u00bbDescripci\u00f3n\u00bb tab_id=\u00bb596f1d3-cbcd17266528609841727094070509172726470442617307234396101730980957447&#8243; product_from_builder=\u00bbyes\u00bb][vc_row_inner][vc_column_inner width=\u00bb1\/2&#8243;][uncode_list icon=\u00bbfa fa-play\u00bb icon_color=\u00bbcolor-azulct\u00bb uncode_shortcode_id=\u00bb131826&#8243; icon_color_type=\u00bbuncode-palette\u00bb]<strong><u>Caracter\u00edsticas:<\/u><\/strong><\/p>\n<ul>\n<li>Volumen 250 y 1000 litros<\/li>\n<li>Cumplimiento de las normativas m\u00e1s relevantes como PV 3942, DIN ISO 12219-4, GS 97014-3, VDA 276, ISO 16000-9, ISO 16516 y EN 717-1<\/li>\n<li>Compacta, robusta y muy competitiva<\/li>\n<li>Espacio de ensayo bajo en emisiones<\/li>\n<li>Cantidad de aire ajustable<\/li>\n<li>Revestimiento interior del recinto de ensayo electro-pulido para reducir efectos de adsorci\u00f3n<\/li>\n<li>Puerto toma de 4 muestras calefactado para extracci\u00f3n de muestras<\/li>\n<li>Sistema de desorci\u00f3n por temperatura hasta de +220\u00baC para procedimiento de limpieza<\/li>\n<li>Eliminaci\u00f3n de contaminaci\u00f3n del entorno<\/li>\n<li>Caudal\u00edmetro para l\u00ednea de gas<\/li>\n<li>Conector para FID<\/li>\n<li>Software de conexi\u00f3n para control de temperatura, humedad relativa y medida de gas, conexi\u00f3n a FID<\/li>\n<li>Fogging device<\/li>\n<li>Sistema de filtros para obtener aire comprimido limpio<\/li>\n<li>Instalaci\u00f3n y puesta en marcha por t\u00e9cnicos especializados en an\u00e1lisis VOC<\/li>\n<\/ul>\n<p>[\/uncode_list][\/vc_column_inner][vc_column_inner width=\u00bb1\/2&#8243;][uncode_list icon=\u00bbfa fa-play\u00bb icon_color=\u00bbcolor-azulct\u00bb uncode_shortcode_id=\u00bb494234&#8243; icon_color_type=\u00bbuncode-palette\u00bb]<strong><u>Cumple totalmente con:<\/u><\/strong><\/p>\n<ul>\n<li>ISO 12219-4 (Determinaci\u00f3n de VOC de las partes interiores del veh\u00edculo)<\/li>\n<li>VDA 276 (Determinaci\u00f3n de las sustancias org\u00e1nicas emitidas por los productos del interior de los autom\u00f3viles utilizando una c\u00e1mara de pruebas de 1m\u00b3)<\/li>\n<li>GS97014-3 M\u00e9todo BMW (Determinaci\u00f3n de VOC de componentes, productos semielaborados y materiales)<\/li>\n<li>PN 780 M\u00e9todo Porsche (Interior \u2013 Comportamiento de las emisiones)<\/li>\n<li>VCS 1027, 2769 M\u00e9todo Volvo (Determinaci\u00f3n de sustancias org\u00e1nicas vol\u00e1tiles de componentes\/sistemas interiores utilizando una c\u00e1mara de emisi\u00f3n de 1 m\u00b3)<\/li>\n<li>PV 3942 M\u00e9todo de Volkswagen (Determinaci\u00f3n de las emisiones org\u00e1nicas de los componentes para el compartimento del pasajero en los veh\u00edculos de motor. Prueba de emisiones)<\/li>\n<\/ul>\n<p><strong><u>Adem\u00e1s dispones de las opciones para cumplimiento de:<\/u><\/strong><\/p>\n<ul>\n<li>Funci\u00f3n SHED para las pruebas seg\u00fan el est\u00e1ndar GS-97014-2 del m\u00e9todo BMW (Medici\u00f3n de emisiones en c\u00e1maras SHED.<\/li>\n<li>Determinaci\u00f3n de emisiones vol\u00e1tiles y org\u00e1nicas de componentes, productos semielaborados y materiales sin combustible).<\/li>\n<li>M\u00e1quina de humo que cumple con los est\u00e1ndares VDA 276 y VCS 1027, 2769 m\u00e9todo Volvo.<\/li>\n<li>ISO 16000-9 (Emisiones de VOC de productos de construcci\u00f3n y mobiliario).<\/li>\n<li>EN 16516 (Emisiones de VOC de productos de construcci\u00f3n y mobiliario).<\/li>\n<li>EN 717-1 (Emisiones de formaldeh\u00eddo de los paneles de madera).<\/li>\n<li>GEV \u2013 m\u00e9todo de prueba (Emisiones de VOC de productos para la instalaci\u00f3n de suelos, adhesivos y materiales de construcci\u00f3n).<\/li>\n<\/ul>\n<p>[\/uncode_list][\/vc_column_inner][\/vc_row_inner][\/vc_tab][vc_tab icon=\u00bbfa fa-play\u00bb icon_size=\u00bbmd\u00bb gutter_size=\u00bb2&#8243; column_padding=\u00bb2&#8243; title=\u00bbMarca\u00bb tab_id=\u00bb28596f1d3-cbcd17266528609841727094070509172726470442617307234396101730980957447&#8243; product_from_builder=\u00bbyes\u00bb][vc_row_inner][vc_column_inner width=\u00bb1\/1&#8243;][uncode_block id=\u00bb141499&#8243; inside_column=\u00bbyes\u00bb][uncode_block id=\u00bb141361&#8243; inside_column=\u00bbyes\u00bb][\/vc_column_inner][\/vc_row_inner][\/vc_tab][vc_tab icon=\u00bbfa fa-play\u00bb icon_size=\u00bbmd\u00bb gutter_size=\u00bb2&#8243; column_padding=\u00bb2&#8243; title=\u00bbAplicaciones\u00bb tab_id=\u00bb6728596f1d3-cbcd17266528609841727094070509172726470442617307234396101730980957447&#8243; product_from_builder=\u00bbyes\u00bb][vc_row_inner][vc_column_inner width=\u00bb1\/1&#8243;][uncode_block id=\u00bb141502&#8243; inside_column=\u00bbyes\u00bb][\/vc_column_inner][\/vc_row_inner][\/vc_tab][\/vc_tabs][vc_empty_space empty_h=\u00bb2&#8243;][vc_custom_heading text_color=\u00bbcolor-azulct\u00bb text_size=\u00bbh4&#8243; uncode_shortcode_id=\u00bb624924&#8243; text_color_type=\u00bbuncode-palette\u00bb]Productos Relacionados[\/vc_custom_heading][uncode_index el_id=\u00bbindex-1014389&#8243; index_type=\u00bbcarousel\u00bb loop=\u00bbsize:All|order_by:rand|order:ASC|post_type:product|tax_query:510|taxonomy_count:10&#8243; carousel_lg=\u00bb4&#8243; carousel_md=\u00bb4&#8243; carousel_sm=\u00bb1&#8243; gutter_size=\u00bb4&#8243; product_items=\u00bbmedia|featured|onpost|original|show-sale|enhanced-atc|inherit-w-atc|atc-typo-column|hide-atc,title\u00bb carousel_interval=\u00bb3000&#8243; carousel_navspeed=\u00bb400&#8243; carousel_loop=\u00bbyes\u00bb stage_padding=\u00bb0&#8243; single_shape=\u00bbround\u00bb radius=\u00bbstd\u00bb single_overlay_color=\u00bbcolor-wvjs\u00bb single_overlay_opacity=\u00bb20&#8243; single_text_anim=\u00bbno\u00bb single_image_anim=\u00bbno\u00bb single_h_align=\u00bbcenter\u00bb single_padding=\u00bb2&#8243; single_title_semantic=\u00bbh2&#8243; single_title_dimension=\u00bbh5&#8243; single_title_weight=\u00bb700&#8243; single_border=\u00bbyes\u00bb uncode_shortcode_id=\u00bb451802&#8243;][\/vc_column][\/vc_row]<\/p>\n<\/div>","protected":false},"excerpt":{"rendered":"<p><strong>C\u00e1maras de emisiones VOC de 1m\u00b3 de Olfasense<\/strong> para realizar pruebas de alta precisi\u00f3n en la industria del autom\u00f3vil, que cumple estrictamente con la norma ISO 12219-4 y VDA 276, y se ajusta a los requisitos de las normas de diferentes fabricantes (VW, Toyota, BMW, Ford, Volvo, Porsche). Dispone de rotor patentado por Olfasense con accionamiento a trav\u00e9s de un acoplamiento magn\u00e9tico sin contacto y rodamientos de cer\u00e1mica sin emisiones (velocidad ajustable) y 4 puertos de muestreo calentados para an\u00e1lisis de VOC mediante cromat\u00f3grafo de gases.<\/p>\n<p><strong>RANGO DE TEMPERATURA:<\/strong> +10\u00baC hasta +180\u00baC<\/p>\n<p><strong>RANGO DE HUMEDAD RELATIVA:<\/strong> 10% h.r. hasta 70% h.r.<\/p>\n<p><strong>VOLUMEN 1000 l<\/strong><\/p>\n","protected":false},"featured_media":5751,"template":"","meta":{"iawp_total_views":17},"product_brand":[],"product_cat":[546],"product_tag":[510],"class_list":{"0":"post-141871","1":"product","2":"type-product","3":"status-publish","4":"has-post-thumbnail","6":"product_cat-emisiones-voc","7":"product_tag-olfatometria","9":"first","10":"instock","11":"taxable","12":"shipping-taxable","13":"product-type-external"},"_links":{"self":[{"href":"https:\/\/www.controltecnica.com\/test\/wp-json\/wp\/v2\/product\/141871","targetHints":{"allow":["GET"]}}],"collection":[{"href":"https:\/\/www.controltecnica.com\/test\/wp-json\/wp\/v2\/product"}],"about":[{"href":"https:\/\/www.controltecnica.com\/test\/wp-json\/wp\/v2\/types\/product"}],"wp:featuredmedia":[{"embeddable":true,"href":"https:\/\/www.controltecnica.com\/test\/wp-json\/wp\/v2\/media\/5751"}],"wp:attachment":[{"href":"https:\/\/www.controltecnica.com\/test\/wp-json\/wp\/v2\/media?parent=141871"}],"wp:term":[{"taxonomy":"product_brand","embeddable":true,"href":"https:\/\/www.controltecnica.com\/test\/wp-json\/wp\/v2\/product_brand?post=141871"},{"taxonomy":"product_cat","embeddable":true,"href":"https:\/\/www.controltecnica.com\/test\/wp-json\/wp\/v2\/product_cat?post=141871"},{"taxonomy":"product_tag","embeddable":true,"href":"https:\/\/www.controltecnica.com\/test\/wp-json\/wp\/v2\/product_tag?post=141871"}],"curies":[{"name":"wp","href":"https:\/\/api.w.org\/{rel}","templated":true}]}}