{"id":601,"date":"2017-06-26T08:27:16","date_gmt":"2017-06-26T08:27:16","guid":{"rendered":"http:\/\/dummy.xtemos.com\/woodmart\/demos\/?page_id=601"},"modified":"2025-04-24T12:13:38","modified_gmt":"2025-04-24T12:13:38","slug":"home-video","status":"publish","type":"page","link":"https:\/\/www.controltecnica.com\/test\/","title":{"rendered":"Home Controltecnica"},"content":{"rendered":"<div class=\"wpb-content-wrapper\"><p>[vc_row row_height_percent=\u00bb60&#8243; override_padding=\u00bbyes\u00bb h_padding=\u00bb2&#8243; top_padding=\u00bb5&#8243; bottom_padding=\u00bb5&#8243; back_color=\u00bbcolor-wayh\u00bb overlay_color=\u00bbcolor-wayh\u00bb overlay_alpha=\u00bb50&#8243; gutter_size=\u00bb3&#8243; column_width_percent=\u00bb100&#8243; shift_y=\u00bb0&#8243; z_index=\u00bb0&#8243; top_divider=\u00bbgradient\u00bb bottom_divider=\u00bbgradient\u00bb mobile_visibility=\u00bbyes\u00bb content_parallax=\u00bb0&#8243; uncode_shortcode_id=\u00bb929383&#8243; back_color_type=\u00bbuncode-palette\u00bb overlay_color_type=\u00bbuncode-palette\u00bb][vc_column column_width_percent=\u00bb100&#8243; gutter_size=\u00bb3&#8243; overlay_alpha=\u00bb50&#8243; shift_x=\u00bb0&#8243; shift_y=\u00bb0&#8243; shift_y_down=\u00bb0&#8243; z_index=\u00bb0&#8243; medium_width=\u00bb0&#8243; mobile_width=\u00bb0&#8243; zoom_width=\u00bb0&#8243; zoom_height=\u00bb0&#8243; width=\u00bb1\/1&#8243;][uncode_slider slider_type=\u00bbfade\u00bb slider_interval=\u00bb10000&#8243; slider_navspeed=\u00bb400&#8243; slider_loop=\u00bbyes\u00bb slider_hide_dots=\u00bbyes\u00bb el_id=\u00bbslider-139889&#8243;][vc_row_inner row_inner_height_percent=\u00bb0&#8243; back_image=\u00bb143115&#8243; overlay_color=\u00bbcolor-wayh\u00bb overlay_alpha=\u00bb20&#8243; gutter_size=\u00bb3&#8243; shift_y=\u00bb0&#8243; z_index=\u00bb0&#8243; uncode_shortcode_id=\u00bb145486&#8243; overlay_color_type=\u00bbuncode-palette\u00bb][vc_column_inner column_width_percent=\u00bb100&#8243; position_vertical=\u00bbbottom\u00bb gutter_size=\u00bb2&#8243; style=\u00bbdark\u00bb overlay_alpha=\u00bb50&#8243; shift_x=\u00bb0&#8243; shift_y=\u00bb0&#8243; shift_y_down=\u00bb0&#8243; z_index=\u00bb0&#8243; medium_width=\u00bb0&#8243; mobile_width=\u00bb0&#8243; css_animation=\u00bbbottom-t-top\u00bb animation_delay=\u00bb400&#8243; zoom_width=\u00bb0&#8243; zoom_height=\u00bb0&#8243; width=\u00bb1\/1&#8243; uncode_shortcode_id=\u00bb174108&#8243; link_to=\u00bburl:https%3A%2F%2Fwww.controltecnica.com%2Ftest%2Fcontroltecnica%2F\u00bb][vc_empty_space empty_h=\u00bb2&#8243;][vc_empty_space empty_h=\u00bb2&#8243;][vc_custom_heading heading_semantic=\u00bbh1&#8243; text_size=\u00bbh6&#8243; text_transform=\u00bbuppercase\u00bb uncode_shortcode_id=\u00bb207056&#8243;]CONTROLTECNICA TEST[\/vc_custom_heading][vc_custom_heading text_size=\u00bbh1&#8243; uncode_shortcode_id=\u00bb844403&#8243;]Dise\u00f1o, fabricaci\u00f3n, comercializaci\u00f3n,<br \/>\nmantenimiento y calibraci\u00f3n de equipos para<br \/>\nensayos de control de calidad y simulaci\u00f3n ambiental[\/vc_custom_heading][vc_custom_heading heading_semantic=\u00bbh3&#8243; text_size=\u00bbh4&#8243; text_weight=\u00bb700&#8243; uncode_shortcode_id=\u00bb169142&#8243;]<mark>\u25ba<\/mark>\u00a0 Con\u00f3cenos[\/vc_custom_heading][\/vc_column_inner][\/vc_row_inner][vc_row_inner row_inner_height_percent=\u00bb0&#8243; back_image=\u00bb141660&#8243; overlay_alpha=\u00bb50&#8243; gutter_size=\u00bb3&#8243; shift_y=\u00bb0&#8243; z_index=\u00bb0&#8243; uncode_shortcode_id=\u00bb199606&#8243;][vc_column_inner column_width_percent=\u00bb100&#8243; gutter_size=\u00bb3&#8243; style=\u00bbdark\u00bb overlay_alpha=\u00bb50&#8243; shift_x=\u00bb0&#8243; shift_y=\u00bb0&#8243; shift_y_down=\u00bb0&#8243; z_index=\u00bb0&#8243; medium_width=\u00bb0&#8243; mobile_width=\u00bb0&#8243; width=\u00bb1\/1&#8243; uncode_shortcode_id=\u00bb113375&#8243; link_to=\u00bburl:https%3A%2F%2Fwww.controltecnica.com%2Ftest%2Fsimulacion-ambiental%2F\u00bb][vc_empty_space empty_h=\u00bb2&#8243;][vc_empty_space empty_h=\u00bb2&#8243;][vc_custom_heading heading_semantic=\u00bbh1&#8243; text_size=\u00bbcustom\u00bb text_weight=\u00bb700&#8243; css_animation=\u00bbcurtain\u00bb animation_speed=\u00bb1000&#8243; interval_animation=\u00bb40&#8243; uncode_shortcode_id=\u00bb623134&#8243; heading_custom_size=\u00bbclamp(30px,4vw,55px)\u00bb]Simulaci\u00f3n<br \/>\nAmbiental[\/vc_custom_heading][vc_custom_heading heading_semantic=\u00bbh3&#8243; text_size=\u00bbh4&#8243; text_weight=\u00bb700&#8243; uncode_shortcode_id=\u00bb184289&#8243;]<mark>\u25ba<\/mark>\u00a0 \u00bfPodemos asesorarte?[\/vc_custom_heading][\/vc_column_inner][\/vc_row_inner][vc_row_inner row_inner_height_percent=\u00bb0&#8243; back_image=\u00bb142816&#8243; overlay_color=\u00bbcolor-prif\u00bb overlay_alpha=\u00bb15&#8243; gutter_size=\u00bb3&#8243; shift_y=\u00bb0&#8243; z_index=\u00bb0&#8243; uncode_shortcode_id=\u00bb717517&#8243; overlay_color_type=\u00bbuncode-palette\u00bb][vc_column_inner column_width_percent=\u00bb100&#8243; gutter_size=\u00bb3&#8243; style=\u00bbdark\u00bb overlay_alpha=\u00bb50&#8243; shift_x=\u00bb0&#8243; shift_y=\u00bb0&#8243; shift_y_down=\u00bb0&#8243; z_index=\u00bb0&#8243; medium_width=\u00bb0&#8243; mobile_width=\u00bb0&#8243; width=\u00bb1\/1&#8243; uncode_shortcode_id=\u00bb113375&#8243; link_to=\u00bburl:https%3A%2F%2Fwww.controltecnica.com%2Ftest%2Fsimulacion-ambiental%2F\u00bb][vc_empty_space empty_h=\u00bb2&#8243;][vc_empty_space empty_h=\u00bb2&#8243;][vc_custom_heading heading_semantic=\u00bbh1&#8243; text_size=\u00bbcustom\u00bb text_weight=\u00bb700&#8243; css_animation=\u00bbcurtain\u00bb animation_speed=\u00bb1000&#8243; interval_animation=\u00bb40&#8243; uncode_shortcode_id=\u00bb174258&#8243; heading_custom_size=\u00bbclamp(30px,4vw,55px)\u00bb]Controltecnica<br \/>\nTest[\/vc_custom_heading][vc_custom_heading heading_semantic=\u00bbh3&#8243; text_size=\u00bbh4&#8243; text_weight=\u00bb700&#8243; uncode_shortcode_id=\u00bb207670&#8243;]<mark>\u25ba<\/mark>\u00a0 Con\u00f3cenos[\/vc_custom_heading][\/vc_column_inner][\/vc_row_inner][\/uncode_slider][\/vc_column][\/vc_row][vc_row row_height_percent=\u00bb60&#8243; override_padding=\u00bbyes\u00bb h_padding=\u00bb2&#8243; top_padding=\u00bb5&#8243; bottom_padding=\u00bb5&#8243; back_color=\u00bbcolor-wayh\u00bb overlay_color=\u00bbcolor-wayh\u00bb overlay_alpha=\u00bb50&#8243; gutter_size=\u00bb3&#8243; column_width_percent=\u00bb100&#8243; shift_y=\u00bb0&#8243; z_index=\u00bb0&#8243; top_divider=\u00bbgradient\u00bb bottom_divider=\u00bbgradient\u00bb desktop_visibility=\u00bbyes\u00bb medium_visibility=\u00bbyes\u00bb content_parallax=\u00bb0&#8243; uncode_shortcode_id=\u00bb124440&#8243; back_color_type=\u00bbuncode-palette\u00bb overlay_color_type=\u00bbuncode-palette\u00bb][vc_column column_width_percent=\u00bb100&#8243; gutter_size=\u00bb3&#8243; overlay_alpha=\u00bb50&#8243; shift_x=\u00bb0&#8243; shift_y=\u00bb0&#8243; shift_y_down=\u00bb0&#8243; z_index=\u00bb0&#8243; medium_width=\u00bb0&#8243; mobile_width=\u00bb0&#8243; zoom_width=\u00bb0&#8243; zoom_height=\u00bb0&#8243; width=\u00bb1\/1&#8243;][uncode_slider slider_type=\u00bbfade\u00bb slider_interval=\u00bb10000&#8243; slider_navspeed=\u00bb400&#8243; slider_loop=\u00bbyes\u00bb slider_hide_dots=\u00bbyes\u00bb el_id=\u00bbslider-1398897&#8243;][vc_row_inner row_inner_height_percent=\u00bb0&#8243; back_image=\u00bb143116&#8243; overlay_color=\u00bbcolor-wayh\u00bb overlay_alpha=\u00bb20&#8243; gutter_size=\u00bb3&#8243; shift_y=\u00bb0&#8243; z_index=\u00bb0&#8243; uncode_shortcode_id=\u00bb491500&#8243; overlay_color_type=\u00bbuncode-palette\u00bb][vc_column_inner column_width_percent=\u00bb100&#8243; position_vertical=\u00bbbottom\u00bb gutter_size=\u00bb2&#8243; style=\u00bbdark\u00bb overlay_alpha=\u00bb50&#8243; shift_x=\u00bb0&#8243; shift_y=\u00bb0&#8243; shift_y_down=\u00bb0&#8243; z_index=\u00bb0&#8243; medium_width=\u00bb0&#8243; mobile_width=\u00bb0&#8243; css_animation=\u00bbbottom-t-top\u00bb animation_delay=\u00bb400&#8243; zoom_width=\u00bb0&#8243; zoom_height=\u00bb0&#8243; width=\u00bb1\/1&#8243; uncode_shortcode_id=\u00bb174108&#8243; link_to=\u00bburl:https%3A%2F%2Fwww.controltecnica.com%2Ftest%2Fcontroltecnica%2F\u00bb][vc_empty_space empty_h=\u00bb2&#8243;][vc_custom_heading heading_semantic=\u00bbh1&#8243; text_size=\u00bbh6&#8243; text_transform=\u00bbuppercase\u00bb uncode_shortcode_id=\u00bb207056&#8243;]CONTROLTECNICA TEST[\/vc_custom_heading][vc_custom_heading uncode_shortcode_id=\u00bb594149&#8243;]Dise\u00f1o, fabricaci\u00f3n, comercializaci\u00f3n, mantenimiento y calibraci\u00f3n de equipos para ensayos de control de calidad y simulaci\u00f3n ambiental[\/vc_custom_heading][vc_custom_heading heading_semantic=\u00bbh3&#8243; text_size=\u00bbh4&#8243; text_weight=\u00bb700&#8243; uncode_shortcode_id=\u00bb169142&#8243;]<mark>\u25ba<\/mark>\u00a0 Con\u00f3cenos[\/vc_custom_heading][\/vc_column_inner][\/vc_row_inner][vc_row_inner row_inner_height_percent=\u00bb0&#8243; back_image=\u00bb141660&#8243; overlay_alpha=\u00bb50&#8243; gutter_size=\u00bb3&#8243; shift_y=\u00bb0&#8243; z_index=\u00bb0&#8243; uncode_shortcode_id=\u00bb199606&#8243;][vc_column_inner column_width_percent=\u00bb100&#8243; gutter_size=\u00bb3&#8243; style=\u00bbdark\u00bb overlay_alpha=\u00bb50&#8243; shift_x=\u00bb0&#8243; shift_y=\u00bb0&#8243; shift_y_down=\u00bb0&#8243; z_index=\u00bb0&#8243; medium_width=\u00bb0&#8243; mobile_width=\u00bb0&#8243; width=\u00bb1\/1&#8243; uncode_shortcode_id=\u00bb113375&#8243; link_to=\u00bburl:https%3A%2F%2Fwww.controltecnica.com%2Ftest%2Fsimulacion-ambiental%2F\u00bb][vc_empty_space empty_h=\u00bb2&#8243;][vc_custom_heading heading_semantic=\u00bbh1&#8243; text_size=\u00bbcustom\u00bb text_weight=\u00bb700&#8243; css_animation=\u00bbcurtain\u00bb animation_speed=\u00bb1000&#8243; interval_animation=\u00bb40&#8243; uncode_shortcode_id=\u00bb623134&#8243; heading_custom_size=\u00bbclamp(30px,4vw,55px)\u00bb]Simulaci\u00f3n<br \/>\nAmbiental[\/vc_custom_heading][vc_custom_heading heading_semantic=\u00bbh3&#8243; text_size=\u00bbh4&#8243; text_weight=\u00bb700&#8243; uncode_shortcode_id=\u00bb184289&#8243;]<mark>\u25ba<\/mark>\u00a0 \u00bfPodemos asesorarte?[\/vc_custom_heading][\/vc_column_inner][\/vc_row_inner][vc_row_inner row_inner_height_percent=\u00bb0&#8243; back_image=\u00bb142816&#8243; overlay_color=\u00bbcolor-prif\u00bb overlay_alpha=\u00bb15&#8243; gutter_size=\u00bb3&#8243; shift_y=\u00bb0&#8243; z_index=\u00bb0&#8243; uncode_shortcode_id=\u00bb141842&#8243; overlay_color_type=\u00bbuncode-palette\u00bb][vc_column_inner column_width_percent=\u00bb100&#8243; gutter_size=\u00bb3&#8243; style=\u00bbdark\u00bb overlay_alpha=\u00bb50&#8243; shift_x=\u00bb0&#8243; shift_y=\u00bb0&#8243; shift_y_down=\u00bb0&#8243; z_index=\u00bb0&#8243; medium_width=\u00bb0&#8243; mobile_width=\u00bb0&#8243; width=\u00bb1\/1&#8243; uncode_shortcode_id=\u00bb113375&#8243; link_to=\u00bburl:https%3A%2F%2Fwww.controltecnica.com%2Ftest%2Fsimulacion-ambiental%2F\u00bb][vc_empty_space empty_h=\u00bb2&#8243;][vc_custom_heading heading_semantic=\u00bbh1&#8243; text_size=\u00bbcustom\u00bb text_weight=\u00bb700&#8243; css_animation=\u00bbcurtain\u00bb animation_speed=\u00bb1000&#8243; interval_animation=\u00bb40&#8243; uncode_shortcode_id=\u00bb174258&#8243; heading_custom_size=\u00bbclamp(30px,4vw,55px)\u00bb]Controltecnica<br \/>\nTest[\/vc_custom_heading][vc_custom_heading heading_semantic=\u00bbh3&#8243; text_size=\u00bbh4&#8243; text_weight=\u00bb700&#8243; uncode_shortcode_id=\u00bb207670&#8243;]<mark>\u25ba<\/mark>\u00a0 Con\u00f3cenos[\/vc_custom_heading][\/vc_column_inner][\/vc_row_inner][\/uncode_slider][\/vc_column][\/vc_row][vc_row row_height_percent=\u00bb0&#8243; back_color=\u00bbcolor-azulct\u00bb overlay_alpha=\u00bb50&#8243; gutter_size=\u00bb3&#8243; column_width_percent=\u00bb100&#8243; shift_y=\u00bb0&#8243; z_index=\u00bb0&#8243; mobile_visibility=\u00bbyes\u00bb content_parallax=\u00bb0&#8243; uncode_shortcode_id=\u00bb734674&#8243; back_color_type=\u00bbuncode-palette\u00bb][vc_column width=\u00bb7\/12&#8243;][vc_button button_color=\u00bbcolor-xsdn\u00bb size=\u00bblink\u00bb btn_link_size=\u00bbh2&#8243; btn_link_underline=\u00bbbtn-underline-in\u00bb custom_typo=\u00bbyes\u00bb font_family=\u00bbfont-555555&#8243; font_weight=\u00bb600&#8243; display=\u00bbinline\u00bb link=\u00bburl:mailto%3Acomercial%40controltecnica.com\u00bb uncode_shortcode_id=\u00bb176802&#8243; button_color_type=\u00bbuncode-palette\u00bb]\u2014 Te esperamos[\/vc_button][vc_button button_color=\u00bbcolor-xsdn\u00bb size=\u00bblink\u00bb btn_link_size=\u00bbh2&#8243; btn_link_underline=\u00bbbtn-underline-in\u00bb display=\u00bbinline\u00bb link=\u00bburl:tel%3A%2F%2F0034916613004&#8243; uncode_shortcode_id=\u00bb201558&#8243; button_color_type=\u00bbuncode-palette\u00bb]\u2014 Tel +34 916 613 004[\/vc_button][\/vc_column][vc_column column_width_percent=\u00bb100&#8243; align_horizontal=\u00bbalign_right\u00bb gutter_size=\u00bb3&#8243; style=\u00bbdark\u00bb overlay_alpha=\u00bb50&#8243; shift_x=\u00bb0&#8243; shift_y=\u00bb0&#8243; shift_y_down=\u00bb0&#8243; z_index=\u00bb0&#8243; medium_width=\u00bb0&#8243; mobile_width=\u00bb0&#8243; width=\u00bb5\/12&#8243; uncode_shortcode_id=\u00bb708699&#8243;][vc_icon display=\u00bbinline\u00bb icon=\u00bbfa fa-linkedin\u00bb icon_color=\u00bbcolor-xsdn\u00bb size=\u00bbfa-2x\u00bb link=\u00bburl:http%3A%2F%2Fwww.linkedin.com%2Fcompany%2F2989182|target:_blank\u00bb uncode_shortcode_id=\u00bb214563&#8243; icon_color_type=\u00bbuncode-palette\u00bb][\/vc_icon][vc_icon display=\u00bbinline\u00bb icon=\u00bbfa fa-social-facebook\u00bb icon_color=\u00bbcolor-xsdn\u00bb size=\u00bbfa-2x\u00bb link=\u00bburl:https%3A%2F%2Fwww.facebook.com%2FCONTROLTECNICA|target:_blank\u00bb uncode_shortcode_id=\u00bb240713&#8243; icon_color_type=\u00bbuncode-palette\u00bb][\/vc_icon][vc_icon display=\u00bbinline\u00bb icon=\u00bbfa fa-twitter-x-fa\u00bb icon_color=\u00bbcolor-xsdn\u00bb size=\u00bbfa-2x\u00bb link=\u00bburl:http%3A%2F%2Fwww.x.com%2Fcontroltecnica_|target:_blank\u00bb uncode_shortcode_id=\u00bb128889&#8243; icon_color_type=\u00bbuncode-palette\u00bb][\/vc_icon][\/vc_column][\/vc_row][vc_row row_height_percent=\u00bb0&#8243; back_color=\u00bbcolor-azulct\u00bb overlay_alpha=\u00bb50&#8243; gutter_size=\u00bb3&#8243; column_width_percent=\u00bb100&#8243; shift_y=\u00bb0&#8243; z_index=\u00bb0&#8243; desktop_visibility=\u00bbyes\u00bb medium_visibility=\u00bbyes\u00bb content_parallax=\u00bb0&#8243; uncode_shortcode_id=\u00bb615375&#8243; back_color_type=\u00bbuncode-palette\u00bb][vc_column width=\u00bb7\/12&#8243;][vc_button button_color=\u00bbcolor-xsdn\u00bb size=\u00bblink\u00bb btn_link_size=\u00bbh2&#8243; btn_link_underline=\u00bbbtn-underline-in\u00bb custom_typo=\u00bbyes\u00bb font_family=\u00bbfont-555555&#8243; font_weight=\u00bb600&#8243; display=\u00bbinline\u00bb link=\u00bburl:mailto%3Acomercial%40controltecnica.com\u00bb uncode_shortcode_id=\u00bb176802&#8243; button_color_type=\u00bbuncode-palette\u00bb]\u2014 Te esperamos[\/vc_button][vc_button button_color=\u00bbcolor-xsdn\u00bb size=\u00bblink\u00bb btn_link_size=\u00bbh3&#8243; btn_link_underline=\u00bbbtn-underline-in\u00bb display=\u00bbinline\u00bb link=\u00bburl:tel%3A%2F%2F0034916613004&#8243; uncode_shortcode_id=\u00bb916856&#8243; button_color_type=\u00bbuncode-palette\u00bb]\u2014 Tel +34 916 613 004[\/vc_button][\/vc_column][vc_column column_width_percent=\u00bb100&#8243; align_horizontal=\u00bbalign_right\u00bb gutter_size=\u00bb3&#8243; style=\u00bbdark\u00bb overlay_alpha=\u00bb50&#8243; shift_x=\u00bb0&#8243; shift_y=\u00bb0&#8243; shift_y_down=\u00bb0&#8243; z_index=\u00bb0&#8243; medium_width=\u00bb0&#8243; mobile_width=\u00bb0&#8243; width=\u00bb5\/12&#8243; uncode_shortcode_id=\u00bb708699&#8243;][vc_icon display=\u00bbinline\u00bb icon=\u00bbfa fa-linkedin\u00bb icon_color=\u00bbcolor-xsdn\u00bb size=\u00bbfa-2x\u00bb link=\u00bburl:http%3A%2F%2Fwww.linkedin.com%2Fcompany%2F2989182|target:_blank\u00bb uncode_shortcode_id=\u00bb214563&#8243; icon_color_type=\u00bbuncode-palette\u00bb][\/vc_icon][vc_icon display=\u00bbinline\u00bb icon=\u00bbfa fa-social-facebook\u00bb icon_color=\u00bbcolor-xsdn\u00bb size=\u00bbfa-2x\u00bb link=\u00bburl:https%3A%2F%2Fwww.facebook.com%2FCONTROLTECNICA|target:_blank\u00bb uncode_shortcode_id=\u00bb240713&#8243; icon_color_type=\u00bbuncode-palette\u00bb][\/vc_icon][vc_icon display=\u00bbinline\u00bb icon=\u00bbfa fa-twitter-x-fa\u00bb icon_color=\u00bbcolor-xsdn\u00bb size=\u00bbfa-2x\u00bb link=\u00bburl:http%3A%2F%2Fwww.x.com%2Fcontroltecnica_|target:_blank\u00bb uncode_shortcode_id=\u00bb128889&#8243; icon_color_type=\u00bbuncode-palette\u00bb][\/vc_icon][\/vc_column][\/vc_row]<\/p>\n<\/div>","protected":false},"excerpt":{"rendered":"<p>[vc_row row_height_percent=\u00bb60&#8243; override_padding=\u00bbyes\u00bb h_padding=\u00bb2&#8243; top_padding=\u00bb5&#8243; bottom_padding=\u00bb5&#8243; back_color=\u00bbcolor-wayh\u00bb overlay_color=\u00bbcolor-wayh\u00bb overlay_alpha=\u00bb50&#8243; gutter_size=\u00bb3&#8243; column_width_percent=\u00bb100&#8243; shift_y=\u00bb0&#8243; z_index=\u00bb0&#8243; top_divider=\u00bbgradient\u00bb bottom_divider=\u00bbgradient\u00bb mobile_visibility=\u00bbyes\u00bb content_parallax=\u00bb0&#8243; uncode_shortcode_id=\u00bb929383&#8243; back_color_type=\u00bbuncode-palette\u00bb overlay_color_type=\u00bbuncode-palette\u00bb][vc_column [&hellip;]<\/p>\n","protected":false},"author":2,"featured_media":0,"parent":0,"menu_order":0,"comment_status":"closed","ping_status":"closed","template":"","meta":{"iawp_total_views":5959,"footnotes":""},"class_list":["post-601","page","type-page","status-publish","hentry"],"_links":{"self":[{"href":"https:\/\/www.controltecnica.com\/test\/wp-json\/wp\/v2\/pages\/601","targetHints":{"allow":["GET"]}}],"collection":[{"href":"https:\/\/www.controltecnica.com\/test\/wp-json\/wp\/v2\/pages"}],"about":[{"href":"https:\/\/www.controltecnica.com\/test\/wp-json\/wp\/v2\/types\/page"}],"author":[{"embeddable":true,"href":"https:\/\/www.controltecnica.com\/test\/wp-json\/wp\/v2\/users\/2"}],"replies":[{"embeddable":true,"href":"https:\/\/www.controltecnica.com\/test\/wp-json\/wp\/v2\/comments?post=601"}],"version-history":[{"count":148,"href":"https:\/\/www.controltecnica.com\/test\/wp-json\/wp\/v2\/pages\/601\/revisions"}],"predecessor-version":[{"id":143117,"href":"https:\/\/www.controltecnica.com\/test\/wp-json\/wp\/v2\/pages\/601\/revisions\/143117"}],"wp:attachment":[{"href":"https:\/\/www.controltecnica.com\/test\/wp-json\/wp\/v2\/media?parent=601"}],"curies":[{"name":"wp","href":"https:\/\/api.w.org\/{rel}","templated":true}]}}