{"id":141717,"date":"2024-11-14T09:59:58","date_gmt":"2024-11-14T09:59:58","guid":{"rendered":"https:\/\/www.controltecnica.com\/test\/?page_id=141717"},"modified":"2025-04-14T09:52:39","modified_gmt":"2025-04-14T09:52:39","slug":"camaras-climaticas","status":"publish","type":"page","link":"https:\/\/www.controltecnica.com\/test\/camaras-climaticas\/","title":{"rendered":"Simulaci\u00f3n Ambiental. C\u00e1maras Clim\u00e1ticas"},"content":{"rendered":"<div class=\"wpb-content-wrapper\"><p>[vc_row unlock_row_content=\u00bbyes\u00bb row_height_percent=\u00bb40&#8243; override_padding=\u00bbyes\u00bb h_padding=\u00bb3&#8243; top_padding=\u00bb3&#8243; bottom_padding=\u00bb3&#8243; back_color=\u00bbcolor-rgdb\u00bb back_image=\u00bb141660&#8243; back_position=\u00bbcenter bottom\u00bb overlay_color=\u00bbcolor-jevc\u00bb overlay_alpha=\u00bb15&#8243; gutter_size=\u00bb3&#8243; column_width_percent=\u00bb100&#8243; shift_y=\u00bb0&#8243; z_index=\u00bb0&#8243; content_parallax=\u00bb0&#8243; uncode_shortcode_id=\u00bb145061&#8243; back_color_type=\u00bbuncode-palette\u00bb overlay_color_type=\u00bbuncode-palette\u00bb][vc_column column_width_percent=\u00bb100&#8243; position_vertical=\u00bbbottom\u00bb gutter_size=\u00bb4&#8243; style=\u00bbdark\u00bb overlay_alpha=\u00bb50&#8243; shift_x=\u00bb0&#8243; shift_y=\u00bb0&#8243; shift_y_down=\u00bb0&#8243; z_index=\u00bb0&#8243; medium_width=\u00bb0&#8243; mobile_width=\u00bb0&#8243; css_animation=\u00bbalpha-anim\u00bb animation_speed=\u00bb1000&#8243; width=\u00bb1\/1&#8243; uncode_shortcode_id=\u00bb880947&#8243; link_to=\u00bburl:https%3A%2F%2Fwww.controltecnica.com%2Ftest%2Fcontacto%2F|title:Contacto\u00bb][vc_row_inner row_inner_height_percent=\u00bb0&#8243; overlay_alpha=\u00bb50&#8243; equal_height=\u00bbyes\u00bb gutter_size=\u00bb4&#8243; shift_y=\u00bb0&#8243; z_index=\u00bb0&#8243; limit_content=\u00bb\u00bb uncode_shortcode_id=\u00bb111527&#8243;][vc_column_inner column_width_percent=\u00bb100&#8243; position_vertical=\u00bbbottom\u00bb gutter_size=\u00bb3&#8243; style=\u00bbdark\u00bb overlay_alpha=\u00bb50&#8243; shift_x=\u00bb0&#8243; shift_y=\u00bb0&#8243; shift_y_down=\u00bb0&#8243; z_index=\u00bb0&#8243; medium_width=\u00bb0&#8243; mobile_width=\u00bb0&#8243; width=\u00bb5\/12&#8243; uncode_shortcode_id=\u00bb194555&#8243;][vc_custom_heading heading_semantic=\u00bbh1&#8243; text_size=\u00bbcustom\u00bb text_weight=\u00bb700&#8243; css_animation=\u00bbcurtain\u00bb animation_speed=\u00bb1000&#8243; interval_animation=\u00bb40&#8243; uncode_shortcode_id=\u00bb469812&#8243; heading_custom_size=\u00bbclamp(30px,4vw,55px)\u00bb]C\u00e1maras<br \/>\nClim\u00e1ticas[\/vc_custom_heading][vc_custom_heading heading_semantic=\u00bbh3&#8243; text_size=\u00bbh4&#8243; text_weight=\u00bb700&#8243; uncode_shortcode_id=\u00bb184289&#8243;]<mark>\u25ba<\/mark>\u00a0 \u00bfPodemos asesorarte?[\/vc_custom_heading][\/vc_column_inner][vc_column_inner column_width_percent=\u00bb100&#8243; position_vertical=\u00bbbottom\u00bb align_horizontal=\u00bbalign_right\u00bb gutter_size=\u00bb3&#8243; style=\u00bbdark\u00bb overlay_alpha=\u00bb50&#8243; shift_x=\u00bb0&#8243; shift_y=\u00bb0&#8243; shift_y_down=\u00bb0&#8243; z_index=\u00bb0&#8243; medium_width=\u00bb0&#8243; mobile_width=\u00bb0&#8243; width=\u00bb7\/12&#8243; uncode_shortcode_id=\u00bb202827&#8243;][vc_column_text uncode_shortcode_id=\u00bb604920&#8243; el_class=\u00bbtext-justify\u00bb]Las c\u00e1maras clim\u00e1ticas simulan con mucha precisi\u00f3n y fiabilidad cualquier cambio ambiental pudiendo variar las condiciones de temperatura y humedad o reproducir procesos de envejecimiento con r\u00e1pido cambios de temperatura. El uso de una c\u00e1mara clim\u00e1tica es ideal para realizar pruebas funcionales sobre cualquier producto el\u00e9ctrico o mec\u00e1nico al poder asegurar, tras un ensayo, que las propiedades del producto se mantienen incluso en condiciones ambientales extremas.[\/vc_column_text][\/vc_column_inner][\/vc_row_inner][\/vc_column][\/vc_row][vc_row unlock_row_content=\u00bbyes\u00bb row_height_percent=\u00bb0&#8243; override_padding=\u00bbyes\u00bb h_padding=\u00bb3&#8243; top_padding=\u00bb2&#8243; bottom_padding=\u00bb2&#8243; back_color=\u00bbcolor-lxmt\u00bb overlay_alpha=\u00bb50&#8243; gutter_size=\u00bb4&#8243; column_width_percent=\u00bb100&#8243; shift_y=\u00bb0&#8243; z_index=\u00bb0&#8243; uncode_shortcode_id=\u00bb113293&#8243; back_color_type=\u00bbuncode-palette\u00bb][vc_column column_width_percent=\u00bb100&#8243; gutter_size=\u00bb2&#8243; overlay_alpha=\u00bb50&#8243; shift_x=\u00bb0&#8243; shift_y=\u00bb0&#8243; shift_y_down=\u00bb0&#8243; z_index=\u00bb0&#8243; medium_width=\u00bb0&#8243; mobile_width=\u00bb0&#8243; width=\u00bb1\/1&#8243;][uncode_index el_id=\u00bbindex-1014389&#8243; isotope_mode=\u00bbfitRows\u00bb loop=\u00bbsize:All|order_by:title|order:ASC|post_type:product|tax_query:535|taxonomy_count:10&#8243; screen_lg=\u00bb1000&#8243; screen_md=\u00bb600&#8243; screen_sm=\u00bb480&#8243; gutter_size=\u00bb4&#8243; product_items=\u00bbmedia|featured|onpost|original|show-sale|enhanced-atc|inherit-w-atc|atc-typo-column|hide-atc,title\u00bb single_width=\u00bb3&#8243; images_size=\u00bbone-one\u00bb single_shape=\u00bbround\u00bb radius=\u00bbstd\u00bb single_overlay_color=\u00bbcolor-wvjs\u00bb single_overlay_opacity=\u00bb20&#8243; single_text_anim=\u00bbno\u00bb single_image_anim=\u00bbno\u00bb single_h_align=\u00bbcenter\u00bb single_padding=\u00bb2&#8243; single_title_semantic=\u00bbh2&#8243; single_title_dimension=\u00bbh5&#8243; single_title_weight=\u00bb700&#8243; single_border=\u00bbyes\u00bb custom_order=\u00bbyes\u00bb uncode_shortcode_id=\u00bb130803&#8243; order_ids=\u00bb5659,5660,5654,4042&#8243;][vc_empty_space empty_h=\u00bb2&#8243;][\/vc_column][\/vc_row]<\/p>\n<\/div>","protected":false},"excerpt":{"rendered":"<p>[vc_row unlock_row_content=\u00bbyes\u00bb row_height_percent=\u00bb40&#8243; override_padding=\u00bbyes\u00bb h_padding=\u00bb3&#8243; top_padding=\u00bb3&#8243; bottom_padding=\u00bb3&#8243; back_color=\u00bbcolor-rgdb\u00bb back_image=\u00bb141660&#8243; back_position=\u00bbcenter bottom\u00bb overlay_color=\u00bbcolor-jevc\u00bb overlay_alpha=\u00bb15&#8243; gutter_size=\u00bb3&#8243; column_width_percent=\u00bb100&#8243; shift_y=\u00bb0&#8243; z_index=\u00bb0&#8243; content_parallax=\u00bb0&#8243; uncode_shortcode_id=\u00bb145061&#8243; back_color_type=\u00bbuncode-palette\u00bb [&hellip;]<\/p>\n","protected":false},"author":2,"featured_media":0,"parent":0,"menu_order":0,"comment_status":"closed","ping_status":"closed","template":"","meta":{"iawp_total_views":1083,"footnotes":""},"class_list":["post-141717","page","type-page","status-publish","hentry"],"_links":{"self":[{"href":"https:\/\/www.controltecnica.com\/test\/wp-json\/wp\/v2\/pages\/141717","targetHints":{"allow":["GET"]}}],"collection":[{"href":"https:\/\/www.controltecnica.com\/test\/wp-json\/wp\/v2\/pages"}],"about":[{"href":"https:\/\/www.controltecnica.com\/test\/wp-json\/wp\/v2\/types\/page"}],"author":[{"embeddable":true,"href":"https:\/\/www.controltecnica.com\/test\/wp-json\/wp\/v2\/users\/2"}],"replies":[{"embeddable":true,"href":"https:\/\/www.controltecnica.com\/test\/wp-json\/wp\/v2\/comments?post=141717"}],"version-history":[{"count":10,"href":"https:\/\/www.controltecnica.com\/test\/wp-json\/wp\/v2\/pages\/141717\/revisions"}],"predecessor-version":[{"id":142860,"href":"https:\/\/www.controltecnica.com\/test\/wp-json\/wp\/v2\/pages\/141717\/revisions\/142860"}],"wp:attachment":[{"href":"https:\/\/www.controltecnica.com\/test\/wp-json\/wp\/v2\/media?parent=141717"}],"curies":[{"name":"wp","href":"https:\/\/api.w.org\/{rel}","templated":true}]}}