{"id":83188,"date":"2021-02-18T11:46:11","date_gmt":"2021-02-18T11:46:11","guid":{"rendered":"https:\/\/www.controltecnica.com\/?page_id=83188"},"modified":"2025-07-01T09:23:56","modified_gmt":"2025-07-01T09:23:56","slug":"cookies","status":"publish","type":"page","link":"https:\/\/www.controltecnica.com\/pt\/cookies\/","title":{"rendered":"Cookies"},"content":{"rendered":"<div class=\"wpb-content-wrapper\"><div data-parent=\"true\" class=\"vc_row row-container\" id=\"row-unique-1\"><div class=\"row limit-width row-parent\"><div class=\"wpb_row row-inner\"><div class=\"wpb_column pos-top pos-center align_left column_parent col-lg-12 single-internal-gutter\"><div class=\"uncol style-light\"  ><div class=\"uncoltable\"><div class=\"uncell no-block-padding\" ><div class=\"uncont\" ><div class=\"uncode_text_column text-justify\" ><\/p>\n<div id=\"wd-5ed672049f8c8\" class=\"title-wrapper woodmart-title-color-primary woodmart-title-style-underlined woodmart-title-width-100 text-left woodmart-title-size-default\">\n<div class=\"liner-continer\">\n<h4>O que \u00e9 um cookie?<\/h4>\n<p>Na<b> Controltecnica S.L.<\/b> cumprimos o disposto na Lei dos Servi\u00e7os da Sociedade da Informa\u00e7\u00e3o e Com\u00e9rcio Eletr\u00f3nico, norma que transp\u00f4s a Diretiva 2009\/136\/CE, conhecida como \u00abLei dos Cookies\u00bb.<\/p>\n<p>Um cookie \u00e9 um pequeno ficheiro de texto que \u00e9 armazenado no computador, tablet, telem\u00f3vel ou, em suma, no dispositivo que utiliza para navegar na Internet, e que pode guardar informa\u00e7\u00f5es relativas \u00e0 frequ\u00eancia com que visita as p\u00e1ginas web, as suas prefer\u00eancias de navega\u00e7\u00e3o, as informa\u00e7\u00f5es que mais lhe interessam, nomes de utilizador, registar produtos, etc. Dependendo da informa\u00e7\u00e3o que cont\u00eam e da forma como utiliza o seu equipamento, podem ser utilizados para reconhecer o utilizador.<\/p>\n<h4>Tipos de cookies<\/h4>\n<p>Os cookies podem ser classificados de acordo com os seguintes crit\u00e9rios:<\/p>\n<p><b>a) De acordo com o tempo que permanecem ativados:<\/b><\/p>\n<ul>\n<li>\u00abCookies de sess\u00e3o\u00bb ou \u00abCookies persistentes\u00bb: os primeiros s\u00e3o eliminados ao fechar o navegador, enquanto os segundos permanecem no equipamento inform\u00e1tico.<\/li>\n<\/ul>\n<p><b>b) De acordo com a entidade que os gere:<\/b><\/p>\n<ul>\n<li>\u00abCookies pr\u00f3prios\u00bb: s\u00e3o aqueles que s\u00e3o enviados para o equipamento terminal do utilizador a partir de um equipamento ou dom\u00ednio gerido pelo pr\u00f3prio editor e a partir do qual \u00e9 prestado o servi\u00e7o solicitado pelo utilizador.<\/li>\n<li>\u00abCookies de terceiros\u00bb: s\u00e3o aqueles que s\u00e3o enviados para o equipamento terminal do utilizador a partir de um equipamento ou dom\u00ednio que n\u00e3o \u00e9 gerido pelo editor, mas por outra entidade que trata os dados obtidos atrav\u00e9s dos cookies.<\/li>\n<\/ul>\n<p><b>c) De acordo com a finalidade para a qual os dados obtidos atrav\u00e9s dos cookies s\u00e3o tratados, podemos distinguir entre:<\/b><\/p>\n<ul>\n<li>\u00abCookies t\u00e9cnicos\u00bb: S\u00e3o aqueles que permitem ao utilizador navegar atrav\u00e9s de uma p\u00e1gina web, plataforma ou aplica\u00e7\u00e3o e utilizar as diferentes op\u00e7\u00f5es ou servi\u00e7os que nela existem, como, por exemplo, controlar o tr\u00e1fego e a comunica\u00e7\u00e3o de dados, identificar a sess\u00e3o, aceder a partes de acesso restrito, lembrar os elementos que comp\u00f5em um pedido, realizar o processo de compra de um pedido, realizar o pedido de inscri\u00e7\u00e3o ou participa\u00e7\u00e3o num evento, utilizar elementos de seguran\u00e7a durante a navega\u00e7\u00e3o, armazenar conte\u00fados para a difus\u00e3o de v\u00eddeos ou som ou partilhar conte\u00fados atrav\u00e9s de redes sociais.<\/li>\n<li>\u00abCookies de personaliza\u00e7\u00e3o\u00bb: s\u00e3o aqueles que permitem ao utilizador aceder ao servi\u00e7o com algumas caracter\u00edsticas gerais predefinidas em fun\u00e7\u00e3o de uma s\u00e9rie de crit\u00e9rios no terminal do utilizador, como por exemplo o idioma, o tipo de navegador atrav\u00e9s do qual acede ao servi\u00e7o, a configura\u00e7\u00e3o regional a partir da qual acede ao servi\u00e7o, etc.<\/li>\n<li>\u00abCookies de an\u00e1lise\u00bb: S\u00e3o aqueles que permitem ao respons\u00e1vel pelos mesmos, o acompanhamento e an\u00e1lise do comportamento dos utilizadores dos sites aos quais est\u00e3o ligados. As informa\u00e7\u00f5es recolhidas atrav\u00e9s deste tipo de cookies s\u00e3o utilizadas para medir a atividade dos sites, aplica\u00e7\u00f5es ou plataformas e para elaborar perfis de navega\u00e7\u00e3o dos utilizadores desses sites, aplica\u00e7\u00f5es e plataformas, com o objetivo de introduzir melhorias com base na an\u00e1lise dos dados de utiliza\u00e7\u00e3o dos utilizadores do servi\u00e7o.<\/li>\n<li>\u00abCookies publicit\u00e1rios\u00bb: S\u00e3o aqueles que permitem a gest\u00e3o, da forma mais eficaz poss\u00edvel, dos espa\u00e7os publicit\u00e1rios que, no seu caso, o editor tenha inclu\u00eddo numa p\u00e1gina web, aplica\u00e7\u00e3o ou plataforma a partir da qual presta o servi\u00e7o solicitado com base em crit\u00e9rios como o conte\u00fado editado ou a frequ\u00eancia com que os an\u00fancios s\u00e3o exibidos.<\/li>\n<li>\u201cCookies de publicidade comportamental\u201d: S\u00e3o aqueles que permitem a gest\u00e3o, da forma mais eficaz poss\u00edvel, dos espa\u00e7os publicit\u00e1rios que, se for o caso, o editor tenha inclu\u00eddo numa p\u00e1gina web, aplica\u00e7\u00e3o ou plataforma a partir da qual presta o servi\u00e7o solicitado. Estes cookies armazenam informa\u00e7\u00f5es sobre o comportamento dos utilizadores obtidas atrav\u00e9s da observa\u00e7\u00e3o cont\u00ednua dos seus h\u00e1bitos de navega\u00e7\u00e3o, o que permite desenvolver um perfil espec\u00edfico para mostrar publicidade em fun\u00e7\u00e3o do mesmo.<\/li>\n<\/ul>\n<h4>Que cookies utilizamos na Controltecnica S.L.?<\/h4>\n<p><u>Cookies do Google Analytics:<\/u><\/p>\n<ul>\n<li><b>_utma<\/b><\/li>\n<li><u>Finalidade:<\/u> Este cookie \u00e9 normalmente armazenado no navegador na primeira visita ao nosso site.<\/li>\n<li>Se o cookie tiver sido apagado atrav\u00e9s do navegador e posteriormente voltar a visitar o nosso site, um novo cookie do tipo _utma \u00e9 gravado com um ID \u00fanico diferente.<\/li>\n<li>Este cookie \u00e9 utilizado para determinar os visitantes \u00fanicos do nosso site e \u00e9 atualizado a cada visualiza\u00e7\u00e3o da p\u00e1gina.<\/li>\n<li>Al\u00e9m disso, este cookie fornece um identificador \u00fanico que o Google Analytics utiliza para garantir a validade e acessibilidade do cookie, bem como uma medida de seguran\u00e7a extra.<\/li>\n<li><u>Dura\u00e7\u00e3o:<\/u> Dois anos a partir da sua instala\u00e7\u00e3o ou atualiza\u00e7\u00e3o.<\/li>\n<li><b>_utmb e _utmbc<\/b><\/li>\n<li><u>Finalidade:<\/u> Estes cookies trabalham em conjunto para armazenar informa\u00e7\u00f5es sobre a atividade da visita ao nosso site e, principalmente, a dura\u00e7\u00e3o da mesma.<\/li>\n<li><u>Dura\u00e7\u00e3o:<\/u> 30 minutos e sess\u00e3o.<\/li>\n<li><b>_utmz<\/b><\/li>\n<li><u>Finalidade:<\/u> Este cookie armazena como o visitante chegou ao nosso site, seja diretamente introduzindo o endere\u00e7o do dom\u00ednio, um link, uma pesquisa na web ou um an\u00fancio. O cookie \u00e9 atualizado sempre que visita o nosso site.<\/li>\n<li><u>Dura\u00e7\u00e3o:<\/u> Seis meses a partir da sua instala\u00e7\u00e3o ou atualiza\u00e7\u00e3o.<\/li>\n<li><b>_ga<\/b><\/li>\n<li><u>Finalidade:<\/u> Este cookie \u00e9 utilizado para distinguir utilizadores de forma an\u00f3nima.<\/li>\n<li><u>Dura\u00e7\u00e3o:<\/u> 2 anos.<\/li>\n<\/ul>\n<p>Estes cookies n\u00e3o o identificam pessoalmente, apenas nos fornecem informa\u00e7\u00f5es estat\u00edsticas an\u00f3nimas sobre a navega\u00e7\u00e3o no nosso site; no entanto, pode desativ\u00e1-los diretamente configurando o seu navegador da web.<\/p>\n<p>Al\u00e9m disso, a Google desenvolveu um complemento para desativar os cookies do Google Analytics para os navegadores mais comuns: Microsoft Internet Explorer, Google Chrome, Mozilla Firefox, Apple Safari e Opera, que facilita a exclus\u00e3o da instala\u00e7\u00e3o destes cookies. Pode obter mais informa\u00e7\u00f5es visitando este link externo:<\/p>\n<p><a href=\"https:\/\/tools.google.com\/dlpage\/gaoptout?hl=es\">https:\/\/tools.google.com\/dlpage\/gaoptout?hl=es<\/a><\/p>\n<p><u>Cookies do YouTube<\/u><\/p>\n<ul>\n<li><b>VISITOR_INFO1_LIVE<\/b><\/li>\n<li><u>Finalidade:<\/u> Cookie que facilita a funcionalidade de partilha de v\u00eddeos do YouTube inclu\u00eddos no nosso site.<\/li>\n<li><u>Dura\u00e7\u00e3o:<\/u> Expira: 9 meses.<\/li>\n<li><b>PREF<\/b><\/li>\n<li><u>Finalidade:<\/u> Cookie que gere as prefer\u00eancias do utilizador e facilita a apresenta\u00e7\u00e3o de conte\u00fado relacionado no YouTube.<\/li>\n<li><u>Dura\u00e7\u00e3o:<\/u> Expira: 9 meses.<\/li>\n<li><b>YSC<\/b><\/li>\n<li><u>Finalidade:<\/u> Cont\u00e9m um identificador \u00fanico para permitir o controlo das visitas a v\u00eddeos do YouTube.<\/li>\n<li><u>Dura\u00e7\u00e3o:<\/u> Expira: 9 meses.<\/li>\n<\/ul>\n<p><u>Cookies de terceiros armazenados pelo Google:<\/u><\/p>\n<ul>\n<li><b>khcookie, NID, PREF, testcookie<\/b><\/li>\n<li><u>Finalidade:<\/u> Estes cookies do Google s\u00e3o normalmente gravados no navegador ao carregar o Google Maps, o Street View e os v\u00eddeos do YouTube.<\/li>\n<li><u>Dura\u00e7\u00e3o:<\/u> Expira: Intervalo de 2 anos a partir do final da sess\u00e3o.<\/li>\n<\/ul>\n<p>Visite o seguinte link para saber como recusar ou eliminar os cookies do Google:<\/p>\n<p><a href=\"http:\/\/www.google.com\/intl\/en\/privacypolicy.html\">http:\/\/www.google.com\/intl\/en\/privacypolicy.html<\/a><\/p>\n<p>Visite o seguinte link para consultar a Pol\u00edtica de Privacidade do Google:<\/p>\n<p><a href=\"http:\/\/www.google.co.uk\/intl\/en\/policies\/privacy\/\">http:\/\/www.google.co.uk\/intl\/en\/policies\/privacy\/<\/a><\/p>\n<p><u>Cookies pr\u00f3prios:<\/u><\/p>\n<ul>\n<li><b>wordpress_a00234da4f706bead5b9315484cbb828 ou similar de 32 caracteres<\/b><\/li>\n<li><u>Finalidade:<\/u> \u00c9 um cookie de personaliza\u00e7\u00e3o, uma vez que associa o utilizador \u00e0s suas prefer\u00eancias.<\/li>\n<li><u>Dura\u00e7\u00e3o:<\/u> Expira com a sess\u00e3o.<\/li>\n<li><b>wordpress_logged_in_a00234da4f706bead5b9315484cbb828 ou similar de 32 caracteres<\/b><\/li>\n<li><u>Finalidade:<\/u> \u00c9 um cookie de personaliza\u00e7\u00e3o, uma vez que associa o utilizador \u00e0s suas prefer\u00eancias.<\/li>\n<li><u>Dura\u00e7\u00e3o:<\/u> Expira com a sess\u00e3o.<\/li>\n<li><b>wp_woocommerce_session_a00234da4f706bead5b9315484cbb828 ou similar de 32 caracteres<\/b><\/li>\n<li><u>Finalidade:<\/u> \u00c9 um cookie da loja, pois associa o utilizador \u00e0s p\u00e1ginas de produtos e facilita a funcionalidade do carrinho de compras.<\/li>\n<li><u>Dura\u00e7\u00e3o:<\/u> Expira em 2 dias.<\/li>\n<\/ul>\n<h4>Como recusar ou desativar os cookies e como revogar o consentimento prestado<\/h4>\n<p>Pode configurar o seu navegador para aceitar ou recusar a instala\u00e7\u00e3o de todos ou de algum tipo de cookie, ou para solicitar que seja notificado quando um cookie for colocado.<\/p>\n<p>Cada navegador tem instru\u00e7\u00f5es espec\u00edficas de configura\u00e7\u00e3o. A seguir, fornecemos os links com as informa\u00e7\u00f5es relativas aos navegadores mais comuns:<\/p>\n<p><a href=\"https:\/\/support.google.com\/chrome\/answer\/95647?hl=es&amp;hlrm=en\">Google Chrome<\/a><\/p>\n<p><a href=\"https:\/\/support.mozilla.org\/es\/kb\/cookies-informacion-que-los-sitios-web-guardan-en-?s=cookies&amp;r=1&amp;as=s\">Mozilla Firefox<\/a><\/p>\n<p><a href=\"http:\/\/windows.microsoft.com\/es-es\/windows-vista\/block-or-allow-cookies\">Internet Explorer<\/a><\/p>\n<p><a href=\"https:\/\/support.apple.com\/kb\/PH5049?locale=en_US\">Safari<\/a><\/p>\n<\/div>\n<\/div>\n<div class=\"wpb_text_column wpb_content_element\">\n<div class=\"wpb_wrapper\">\n<div class=\"wpb_column vc_column_container vc_col-sm-12\">\n<div class=\"vc_column-inner vc_custom_1527238251732\">\n<div class=\"wpb_wrapper\">\n<div class=\"wpb_text_column wpb_content_element vc_custom_1591112144869\">\n<div class=\"wpb_wrapper\"><\/div>\n<\/div>\n<\/div>\n<\/div>\n<\/div>\n<\/div>\n<\/div>\n<p>\n<\/div><\/div><\/div><\/div><\/div><\/div><script id=\"script-row-unique-1\" data-row=\"script-row-unique-1\" type=\"text\/javascript\" class=\"vc_controls\">UNCODE.initRow(document.getElementById(\"row-unique-1\"));<\/script><\/div><\/div><\/div>\n<\/div>","protected":false},"excerpt":{"rendered":"O que \u00e9 um cookie? Na Controltecnica S.L. cumprimos o disposto na Lei dos Servi\u00e7os da Sociedade da Informa\u00e7\u00e3o e [...]","protected":false},"author":2,"featured_media":0,"parent":0,"menu_order":0,"comment_status":"closed","ping_status":"closed","template":"","meta":{"iawp_total_views":44,"footnotes":""},"class_list":["post-83188","page","type-page","status-publish","hentry"],"_links":{"self":[{"href":"https:\/\/www.controltecnica.com\/pt\/wp-json\/wp\/v2\/pages\/83188","targetHints":{"allow":["GET"]}}],"collection":[{"href":"https:\/\/www.controltecnica.com\/pt\/wp-json\/wp\/v2\/pages"}],"about":[{"href":"https:\/\/www.controltecnica.com\/pt\/wp-json\/wp\/v2\/types\/page"}],"author":[{"embeddable":true,"href":"https:\/\/www.controltecnica.com\/pt\/wp-json\/wp\/v2\/users\/2"}],"replies":[{"embeddable":true,"href":"https:\/\/www.controltecnica.com\/pt\/wp-json\/wp\/v2\/comments?post=83188"}],"version-history":[{"count":2,"href":"https:\/\/www.controltecnica.com\/pt\/wp-json\/wp\/v2\/pages\/83188\/revisions"}],"predecessor-version":[{"id":156524,"href":"https:\/\/www.controltecnica.com\/pt\/wp-json\/wp\/v2\/pages\/83188\/revisions\/156524"}],"wp:attachment":[{"href":"https:\/\/www.controltecnica.com\/pt\/wp-json\/wp\/v2\/media?parent=83188"}],"curies":[{"name":"wp","href":"https:\/\/api.w.org\/{rel}","templated":true}]}}