{"id":3,"date":"2020-06-24T14:43:43","date_gmt":"2020-06-24T14:43:43","guid":{"rendered":"https:\/\/www.controltecnica.com\/?page_id=3"},"modified":"2025-07-01T09:21:40","modified_gmt":"2025-07-01T09:21:40","slug":"privacidad","status":"publish","type":"page","link":"https:\/\/www.controltecnica.com\/pt\/privacidad\/","title":{"rendered":"Privacidade"},"content":{"rendered":"<div class=\"wpb-content-wrapper\"><div data-parent=\"true\" class=\"vc_row row-container\" id=\"row-unique-1\"><div class=\"row limit-width row-parent\"><div class=\"wpb_row row-inner\"><div class=\"wpb_column pos-top pos-center align_left column_parent col-lg-12 single-internal-gutter\"><div class=\"uncol style-light\"  ><div class=\"uncoltable\"><div class=\"uncell no-block-padding\" ><div class=\"uncont\" ><div class=\"uncode_text_column text-justify\" ><p>Na Controltecnica, estamos comprometidos com o respeito e a privacidade dos seus dados pessoais, para o que adotamos uma s\u00e9rie de medidas t\u00e9cnicas e legais para garantir a prote\u00e7\u00e3o adequada da confidencialidade dos dados pessoais que recebemos, armazenamos e\/ou processamos dos utilizadores que visitam o nosso site. Pode visitar o nosso site a qualquer momento e navegar nele sem fornecer informa\u00e7\u00f5es pessoais, permanecendo an\u00f3nimo, sem preju\u00edzo de que, para aceder e\/ou utilizar algum dos servi\u00e7os da Controltecnica, \u00e9 necess\u00e1rio que os utilizadores do site forne\u00e7am \u00e0 Controltecnica determinados dados pessoais que ser\u00e3o objeto de tratamento automatizado pela Controltecnica.<\/p>\n<h4>Respons\u00e1vel pelos dados<\/h4>\n<h4>Quem \u00e9 o respons\u00e1vel pelo tratamento dos seus dados?<\/h4>\n<ul>\n<li>Identidade: Controltecnica, S.L.<\/li>\n<li>CIF: B82101775<\/li>\n<li>Endere\u00e7o: c\/ Artesanos 7, 28660 Boadilla del Monte<\/li>\n<li>Telefone: +34 34 91 661 30 04<\/li>\n<li>E-mail: <a href=\"mailto:comercial@controltecnica.com\">comercial@controltecnica.com<\/a><\/li>\n<li>Delegado de Prote\u00e7\u00e3o de Dados \/ DPD: <a href=\"mailto:comercial@controltecnica.com\">comercial@controltecnica.com<\/a><\/li>\n<\/ul>\n<h4>Finalidade<\/h4>\n<h4>Com que finalidade trataremos os seus dados pessoais?<\/h4>\n<p>Na Controltecnica, S.L. trataremos as suas informa\u00e7\u00f5es para:<\/p>\n<ul>\n<li>Gerir a rela\u00e7\u00e3o comercial que celebrou e contratou connosco. Para resolver consultas, observa\u00e7\u00f5es, sugest\u00f5es e reclama\u00e7\u00f5es feitas atrav\u00e9s dos formul\u00e1rios de contacto existentes no site, por e-mail, atrav\u00e9s do chat online dispon\u00edvel no nosso site e por telefone.<\/li>\n<li>Realiza\u00e7\u00e3o de um or\u00e7amento ajustado \u00e0s suas necessidades.<\/li>\n<li>Gerir comunica\u00e7\u00f5es por e-mail com as partes interessadas.<\/li>\n<li>Prestar assist\u00eancia t\u00e9cnica. Para a gest\u00e3o e resolu\u00e7\u00e3o de avarias, bem como para responder a pedidos de tramita\u00e7\u00e3o de garantias e\/ou or\u00e7amentos de pe\u00e7as sobressalentes para a repara\u00e7\u00e3o de equipamentos.<\/li>\n<li>Envio de comunica\u00e7\u00f5es comerciais por e-mail ou por qualquer outro meio de comunica\u00e7\u00e3o (a t\u00edtulo exemplificativo e n\u00e3o limitativo, telefone, SMS, redes sociais), newsletters e\/ou not\u00edcias do blog elaboradas pela Controltecnica, e informa\u00e7\u00f5es comerciais relacionadas com o setor de diagn\u00f3stico cl\u00ednico, investiga\u00e7\u00e3o e ind\u00fastria; marcas comerciais exclusivas, servi\u00e7os e produtos fornecidos aos clientes pr\u00f3prios e\/ou distribu\u00eddos pela Controltecnica.<\/li>\n<li>A Controltecnica atualmente <u>n\u00e3o possui uma sec\u00e7\u00e3o para que o utilizador se possa inscrever em ofertas de emprego<\/u>, portanto, o envio n\u00e3o solicitado de um curriculum vitae com os seus dados pessoais por e-mail ou atrav\u00e9s do formul\u00e1rio web ser\u00e1 feito sob <u>a sua \u00fanica e exclusiva responsabilidade<\/u>, podendo a Controltecnica proceder, se for o caso, \u00e0 elimina\u00e7\u00e3o do referido curriculum.<\/li>\n<\/ul>\n<h4>Durante quanto tempo manteremos os seus dados?<\/h4>\n<p>Os dados pessoais que nos fornecer ser\u00e3o conservados enquanto a rela\u00e7\u00e3o comercial estiver em vigor. Al\u00e9m disso, mesmo que a rela\u00e7\u00e3o entre as partes seja encerrada, a Controltecnica, S.L. continuar\u00e1 a conservar as suas informa\u00e7\u00f5es para o envio de <i>newsletters<\/i> relacionadas com os nossos produtos e servi\u00e7os. Poder\u00e1 sempre exercer os direitos que lhe s\u00e3o reconhecidos pela legisla\u00e7\u00e3o em vigor, entrando em contacto atrav\u00e9s do meio que lhe for mais conveniente. No entanto, informamos que revisaremos periodicamente os nossos sistemas para proceder \u00e0 elimina\u00e7\u00e3o dos dados que n\u00e3o sejam legalmente necess\u00e1rios.<\/p>\n<h4>Legitima\u00e7\u00e3o<\/h4>\n<h4>Qual \u00e9 a legitima\u00e7\u00e3o para o tratamento dos seus dados?<\/h4>\n<p>De acordo com as finalidades da recolha dos nossos dados, o tratamento dos seus dados \u00e9 necess\u00e1rio para:<\/p>\n<ol>\n<li><u>Gerir a rela\u00e7\u00e3o comercial que celebrou e contratou connosco.<\/u>\n<ul>\n<li>Execu\u00e7\u00e3o de um contrato (habilitado pelo artigo 6.1.b RGPD)<\/li>\n<li>Consentimento do interessado (habilitado pelo artigo 6.1.a RGPD)<\/li>\n<li>Cumprimento de uma obriga\u00e7\u00e3o legal (habilitado pelo artigo 6.1.c RGPD).<\/li>\n<\/ul>\n<\/li>\n<\/ol>\n<ol>\n<li><u>Envio de comunica\u00e7\u00f5es comerciais<\/u>\n<ul>\n<li>Consentimento do interessado (habilitado pelo artigo 6.1. RGPD)<\/li>\n<li>Consentimento do interessado (habilitado pelo artigo 20 LSSICE)<\/li>\n<li>Interesse leg\u00edtimo (habilitado pelo artigo 6.1.f RGPD)<\/li>\n<\/ul>\n<\/li>\n<\/ol>\n<ol>\n<li><u>Realiza\u00e7\u00e3o de um or\u00e7amento ajustado \u00e0s suas necessidades.<\/u>\n<ul>\n<li>Consentimento do interessado (habilitado pelo artigo 6.1.a RGPD)<\/li>\n<\/ul>\n<\/li>\n<\/ol>\n<ol>\n<li><u>Gerir comunica\u00e7\u00f5es por e-mail com os interessados.<\/u>\n<ul>\n<li>Consentimento do interessado (habilitado pelo artigo 6.1.a RGPD)<\/li>\n<\/ul>\n<\/li>\n<\/ol>\n<p>Al\u00e9m disso, todos os dados recolhidos s\u00e3o necess\u00e1rios para a presta\u00e7\u00e3o do servi\u00e7o. No entanto, os dados assinalados com um asterisco (*) s\u00e3o opcionais. Caso os dados obrigat\u00f3rios n\u00e3o sejam fornecidos, a Controltecnica, S.L. n\u00e3o poder\u00e1 prestar o servi\u00e7o contratado.<\/p>\n<h4>Direitos das pessoas interessadas<\/h4>\n<h4>Que direitos tenho em mat\u00e9ria de prote\u00e7\u00e3o de dados?<\/h4>\n<p>Pode exercer qualquer um dos seguintes direitos, comunicando-nos para o endere\u00e7o postal Calle Roma N\u00famero 4, Piso Tercero Izquierda 28028 \u2013 Madrid ou para o endere\u00e7o eletr\u00f3nico indicado no cabe\u00e7alho (<a href=\"mailto:comercial@controltecnica.com\">comercial@controltecnica.com<\/a>). Em qualquer caso, de acordo com a regulamenta\u00e7\u00e3o em vigor, tem reconhecido o:<\/p>\n<ul>\n<li>Direito de solicitar o acesso aos dados pessoais relativos ao interessado.<\/li>\n<li>Direito de solicitar a sua retifica\u00e7\u00e3o ou supress\u00e3o.<\/li>\n<li>Direito de solicitar a limita\u00e7\u00e3o do tratamento.<\/li>\n<li>Direito de se opor ao tratamento.<\/li>\n<li>Direito \u00e0 portabilidade.<\/li>\n<\/ul>\n<p>Pode utilizar os seguintes formul\u00e1rios para exercer os seus direitos de forma mais f\u00e1cil, enviando-nos o formul\u00e1rio assinado e acompanhado de um documento que comprove a sua identidade, para <a href=\"mailto:comercial@controltecnica.com\">comercial@controltecnica.com<\/a><\/p>\n<ul>\n<li>Exercer o seu direito de solicitar o acesso aos dados pessoais relativos ao interessado.<\/li>\n<\/ul>\n<ul>\n<li>Exercer o seu direito de solicitar a sua retifica\u00e7\u00e3o ou supress\u00e3o.<\/li>\n<\/ul>\n<ul>\n<li>Exercer o seu direito de solicitar a limita\u00e7\u00e3o do tratamento ou exercer o seu direito de solicitar a limita\u00e7\u00e3o individual do tratamento.<\/li>\n<\/ul>\n<ul>\n<li>Exercer o seu direito de se opor ao tratamento.<\/li>\n<\/ul>\n<ul>\n<li>Exercer o seu direito \u00e0 portabilidade.<\/li>\n<\/ul>\n<h4>Quais s\u00e3o os seus direitos quando nos fornece os seus dados?<\/h4>\n<p>Qualquer cidad\u00e3o tem o direito de obter confirma\u00e7\u00e3o sobre se a Controltecnica, S.L. est\u00e1 a tratar dados pessoais que lhe dizem respeito ou n\u00e3o. As pessoas interessadas podem aceder aos seus dados pessoais, retific\u00e1-los ou, se for o caso, solicitar a sua supress\u00e3o quando, entre outros motivos, os dados j\u00e1 n\u00e3o forem necess\u00e1rios para os fins para os quais foram recolhidos. Tamb\u00e9m pode comunicar-nos que deseja limitar o tratamento dos seus dados, caso em que estes s\u00f3 ser\u00e3o tratados para o exerc\u00edcio ou defesa de reclama\u00e7\u00f5es. Da mesma forma, pode revogar a qualquer momento o seu consentimento sobre os dados por si fornecidos. Al\u00e9m disso, pode apresentar uma reclama\u00e7\u00e3o \u00e0 Ag\u00eancia Espanhola de Prote\u00e7\u00e3o de Dados (AEPD). Mais informa\u00e7\u00f5es na Sec\u00e7\u00e3o VII do presente documento.<\/p>\n<h4>Destinat\u00e1rios<\/h4>\n<h4>A quem ser\u00e3o comunicados os seus dados?<\/h4>\n<p>Os seus dados n\u00e3o ser\u00e3o comunicados a terceiras empresas, salvo obriga\u00e7\u00e3o legal. No entanto, para ter a m\u00e1xima transpar\u00eancia consigo.<\/p>\n<h4>Autoridade de controlo<\/h4>\n<p>Na Controltecnica, S.L., envidamos todos os esfor\u00e7os para cumprir a regulamenta\u00e7\u00e3o em mat\u00e9ria de prote\u00e7\u00e3o de dados, uma vez que estes s\u00e3o o nosso bem mais valioso. No entanto, informamos que, caso considere que os seus direitos foram violados, pode apresentar uma reclama\u00e7\u00e3o \u00e0 Ag\u00eancia Espanhola de Prote\u00e7\u00e3o de Dados (AEPD), situada em C\/ Jorge Juan, 6. 28001 \u2013 Madrid. Mais informa\u00e7\u00f5es sobre a AEPD. <a href=\"http:\/\/www.agpd.es\/\">http:\/\/www.agpd.es\/<\/a><\/p>\n<\/div><\/div><\/div><\/div><\/div><\/div><script id=\"script-row-unique-1\" data-row=\"script-row-unique-1\" type=\"text\/javascript\" class=\"vc_controls\">UNCODE.initRow(document.getElementById(\"row-unique-1\"));<\/script><\/div><\/div><\/div>\n<\/div>","protected":false},"excerpt":{"rendered":"Na Controltecnica, estamos comprometidos com o respeito e a privacidade dos seus dados pessoais, para o que adotamos uma s\u00e9rie [...]","protected":false},"author":1,"featured_media":0,"parent":0,"menu_order":0,"comment_status":"closed","ping_status":"closed","template":"","meta":{"iawp_total_views":145,"footnotes":""},"class_list":["post-3","page","type-page","status-publish","hentry"],"_links":{"self":[{"href":"https:\/\/www.controltecnica.com\/pt\/wp-json\/wp\/v2\/pages\/3","targetHints":{"allow":["GET"]}}],"collection":[{"href":"https:\/\/www.controltecnica.com\/pt\/wp-json\/wp\/v2\/pages"}],"about":[{"href":"https:\/\/www.controltecnica.com\/pt\/wp-json\/wp\/v2\/types\/page"}],"author":[{"embeddable":true,"href":"https:\/\/www.controltecnica.com\/pt\/wp-json\/wp\/v2\/users\/1"}],"replies":[{"embeddable":true,"href":"https:\/\/www.controltecnica.com\/pt\/wp-json\/wp\/v2\/comments?post=3"}],"version-history":[{"count":8,"href":"https:\/\/www.controltecnica.com\/pt\/wp-json\/wp\/v2\/pages\/3\/revisions"}],"predecessor-version":[{"id":156523,"href":"https:\/\/www.controltecnica.com\/pt\/wp-json\/wp\/v2\/pages\/3\/revisions\/156523"}],"wp:attachment":[{"href":"https:\/\/www.controltecnica.com\/pt\/wp-json\/wp\/v2\/media?parent=3"}],"curies":[{"name":"wp","href":"https:\/\/api.w.org\/{rel}","templated":true}]}}