{"id":156528,"date":"2025-07-02T06:28:49","date_gmt":"2025-07-02T06:28:49","guid":{"rendered":"https:\/\/www.controltecnica.com\/?page_id=156528"},"modified":"2025-08-29T06:04:11","modified_gmt":"2025-08-29T06:04:11","slug":"politica-de-calidad","status":"publish","type":"page","link":"https:\/\/www.controltecnica.com\/pt\/politica-de-calidad\/","title":{"rendered":"Pol\u00edtica de Qualidade e Meio Ambiente"},"content":{"rendered":"<div class=\"wpb-content-wrapper\"><div data-parent=\"true\" class=\"vc_row row-container\" id=\"row-unique-2\"><div class=\"row limit-width row-parent\"><div class=\"wpb_row row-inner\"><div class=\"wpb_column pos-top pos-center align_left column_parent col-lg-12 single-internal-gutter\"><div class=\"uncol style-light\"  ><div class=\"uncoltable\"><div class=\"uncell no-block-padding\" ><div class=\"uncont\" ><div class=\"uncode_text_column text-justify\" ><\/p>\n<h3>Pol\u00edtica de Qualidade e Meio Ambiente<\/h3>\n<p><strong>Sistema de Gest\u00e3o da Qualidade e do Ambiente baseado nas normas UNE-EN ISO 9001:2015 e UNE-EN ISO 14001:2015<\/strong><\/p>\n<p>A Dire\u00e7\u00e3o da <b>CONTROLTECNICA<\/b>, consciente do compromisso que assume com os seus clientes no setor da venda e distribui\u00e7\u00e3o, estabeleceu na sua organiza\u00e7\u00e3o um Sistema de Gest\u00e3o da Qualidade e do Ambiente baseado nas normas UNE-EN ISO 9001:2015 e UNE-EN ISO 14001:2015.<\/p>\n<p>Esta Pol\u00edtica est\u00e1 \u00e0 disposi\u00e7\u00e3o do p\u00fablico e fornece o quadro para estabelecer e rever os seguintes compromissos:<\/p>\n<\/div><div class=\"uncode-wrapper uncode-list\" >\n<ul class=\"icons\">\n<li><i class=\"fa fa-play text-color-vyce-color\"><\/i>Garantir que as atividades dos servi\u00e7os prestados sejam seguras, fi\u00e1veis e cumpram a legisla\u00e7\u00e3o e regulamenta\u00e7\u00e3o aplic\u00e1vel, bem como outros requisitos subscritos.<\/li>\n<li><i class=\"fa fa-play text-color-vyce-color\"><\/i>Estabelecer um compromisso firme com a preven\u00e7\u00e3o da polui\u00e7\u00e3o.<\/li>\n<li><i class=\"fa fa-play text-color-vyce-color\"><\/i>Prestar um servi\u00e7o que se adapte aos requisitos e expectativas dos seus clientes e melhore continuamente.<\/li>\n<li><i class=\"fa fa-play text-color-vyce-color\"><\/i>Formar, envolver, motivar e comprometer o pessoal, a fim de facilitar a sua participa\u00e7\u00e3o no desenvolvimento e aplica\u00e7\u00e3o do Sistema de Gest\u00e3o da Qualidade e do Ambiente, o que permitir\u00e1 dispor de pessoal com um elevado n\u00edvel de qualifica\u00e7\u00e3o para desempenhar as atividades abrangidas pelo Sistema.<\/li>\n<li><i class=\"fa fa-play text-color-vyce-color\"><\/i>Manter contactos permanentes com clientes e fornecedores, com o objetivo de poder colaborar conjuntamente na melhoria do servi\u00e7o, tanto do ponto de vista da qualidade como ambiental.<\/li>\n<li><i class=\"fa fa-play text-color-vyce-color\"><\/i>Adotar a\u00e7\u00f5es de melhoria cont\u00ednua da efic\u00e1cia do sistema e dos desvios de qualidade, em fun\u00e7\u00e3o das possibilidades reais da empresa.<\/li>\n<\/ul>\n<\/div><div class=\"uncode_text_column text-justify\" ><p>A Dire\u00e7\u00e3o da <strong>CONTROLTECNICA<\/strong> fornece os recursos necess\u00e1rios para alcan\u00e7ar os objetivos propostos, dedicando especial aten\u00e7\u00e3o ao envolvimento e motiva\u00e7\u00e3o de todos e cada um dos membros da organiza\u00e7\u00e3o, com o objetivo de:<\/p>\n<\/div><div class=\"uncode-wrapper uncode-list\" >\n<ul class=\"icons\">\n<li><i class=\"fa fa-play text-color-vyce-color\"><\/i>Garantir a seguran\u00e7a em todos os processos de trabalho, bem como a sa\u00fade dos trabalhadores.<\/li>\n<li><i class=\"fa fa-play text-color-vyce-color\"><\/i>Sensibilizar os trabalhadores para as quest\u00f5es ambientais.<\/li>\n<\/ul>\n<\/div><\/div><\/div><\/div><\/div><\/div><script id=\"script-row-unique-2\" data-row=\"script-row-unique-2\" type=\"text\/javascript\" class=\"vc_controls\">UNCODE.initRow(document.getElementById(\"row-unique-2\"));<\/script><\/div><\/div><\/div>\n<\/div>","protected":false},"excerpt":{"rendered":"Pol\u00edtica de Qualidade e Meio Ambiente Sistema de Gest\u00e3o da Qualidade e do Ambiente baseado nas normas UNE-EN ISO 9001:2015 [...]","protected":false},"author":2,"featured_media":0,"parent":0,"menu_order":0,"comment_status":"closed","ping_status":"closed","template":"","meta":{"iawp_total_views":113,"footnotes":""},"class_list":["post-156528","page","type-page","status-publish","hentry"],"_links":{"self":[{"href":"https:\/\/www.controltecnica.com\/pt\/wp-json\/wp\/v2\/pages\/156528","targetHints":{"allow":["GET"]}}],"collection":[{"href":"https:\/\/www.controltecnica.com\/pt\/wp-json\/wp\/v2\/pages"}],"about":[{"href":"https:\/\/www.controltecnica.com\/pt\/wp-json\/wp\/v2\/types\/page"}],"author":[{"embeddable":true,"href":"https:\/\/www.controltecnica.com\/pt\/wp-json\/wp\/v2\/users\/2"}],"replies":[{"embeddable":true,"href":"https:\/\/www.controltecnica.com\/pt\/wp-json\/wp\/v2\/comments?post=156528"}],"version-history":[{"count":7,"href":"https:\/\/www.controltecnica.com\/pt\/wp-json\/wp\/v2\/pages\/156528\/revisions"}],"predecessor-version":[{"id":156645,"href":"https:\/\/www.controltecnica.com\/pt\/wp-json\/wp\/v2\/pages\/156528\/revisions\/156645"}],"wp:attachment":[{"href":"https:\/\/www.controltecnica.com\/pt\/wp-json\/wp\/v2\/media?parent=156528"}],"curies":[{"name":"wp","href":"https:\/\/api.w.org\/{rel}","templated":true}]}}