{"id":156390,"date":"2025-06-25T10:33:45","date_gmt":"2025-06-25T10:33:45","guid":{"rendered":"https:\/\/www.controltecnica.com\/?page_id=156390"},"modified":"2025-07-02T16:52:14","modified_gmt":"2025-07-02T16:52:14","slug":"hornos-industriales-para-secado-curado-y-post-curado-caldatrac","status":"publish","type":"page","link":"https:\/\/www.controltecnica.com\/pt\/hornos-industriales-para-secado-curado-y-post-curado-caldatrac\/","title":{"rendered":"Fornos industriais para secagem, cura e p\u00f3s-cura CALDATRAC"},"content":{"rendered":"<div class=\"wpb-content-wrapper\"><div data-parent=\"true\" class=\"vc_row row-container\" id=\"row-unique-0\"><div class=\"row col-half-gutter single-top-padding triple-bottom-padding exa-h-padding full-width row-parent\"><div class=\"wpb_row row-inner\"><div class=\"wpb_column pos-top pos-center align_left column_parent col-lg-12 single-internal-gutter\"><div class=\"uncol style-light\"  ><div class=\"uncoltable\"><div class=\"uncell no-block-padding\" ><div class=\"uncont\" ><div class=\"vc_row style-color-lxmt-bg row-internal row-container\"><div class=\"row row-child\"><div class=\"wpb_row row-inner\"><div class=\"wpb_column pos-top pos-center align_left column_child col-lg-4 half-internal-gutter\"><div class=\"uncol style-light\" ><div class=\"uncoltable\"><div class=\"uncell single-block-padding style-color-xsdn-bg  unradius-lg\" ><div class=\"uncont\" ><div class=\"uncode-single-media  text-left\"><div class=\"single-wrapper\" style=\"max-width: 100%;\"><div class=\"tmb tmb-light  tmb-media-first tmb-media-last tmb-content-overlay tmb-no-bg\"><div class=\"t-inside\"><div class=\"t-entry-visual\"><div class=\"t-entry-visual-tc\"><div class=\"uncode-single-media-wrapper\"><img decoding=\"async\" class=\"wp-image-156292\" src=\"https:\/\/www.controltecnica.com\/wp-content\/uploads\/2025\/06\/control-test1.png\" width=\"828\" height=\"156\" alt=\"\" srcset=\"https:\/\/www.controltecnica.com\/wp-content\/uploads\/2025\/06\/control-test1.png 828w, https:\/\/www.controltecnica.com\/wp-content\/uploads\/2025\/06\/control-test1-300x57.png 300w, https:\/\/www.controltecnica.com\/wp-content\/uploads\/2025\/06\/control-test1-768x145.png 768w, https:\/\/www.controltecnica.com\/wp-content\/uploads\/2025\/06\/control-test1-18x3.png 18w, https:\/\/www.controltecnica.com\/wp-content\/uploads\/2025\/06\/control-test1-350x66.png 350w\" sizes=\"(max-width: 828px) 100vw, 828px\" \/><\/div>\n\t\t\t\t\t<\/div>\n\t\t\t\t<\/div><\/div><\/div><\/div><\/div><div class=\"vc_custom_heading_wrap\"><div class=\"heading-text el-text\" ><h3 class=\"h4 font-weight-500\" ><span>Equipamentos de controlo<br \/><\/span><span>de qualidade<br \/><\/span><span>para a ind\u00fastria<\/span><\/h3><\/div><div class=\"clear\"><\/div><\/div><div class=\"vc_custom_heading_wrap\"><div class=\"heading-text el-text\" ><h6 class=\"h6 font-weight-500 text-color-xsdn-color badge-style unradius-std style-color-vyce-bg\" ><span>DIVIS\u00c3O TEST<\/span><\/h6><\/div><div class=\"clear\"><\/div><\/div><div class=\"empty-space empty-half mobile-hidden\" ><span class=\"empty-space-inner\"><\/span><\/div>\n<div class=\"uncode_text_column text-lead\" ><p>+34 916 613 004<br \/>\n<a href=\"mailto:comercial@caltecnica.com\">comercial@caltecnica.com<\/a><\/p>\n<\/div><span class=\"btn-container\" ><a role=\"button\"  href=\"https:\/\/www.controltecnica.com\/test\/tratamientos-termicos-hornos-industriales\/\" class=\"custom-link h5 btn-underline-out btn-custom-typo font-555555 font-weight-500 text-initial no-letterspace border-width-0 text-color-vyce-color btn-icon-left\" target=\"_blank\"><span>Mais informa\u00e7\u00f5es<\/span><\/a><\/span><div class=\"empty-space empty-half mobile-hidden\" ><span class=\"empty-space-inner\"><\/span><\/div>\n<div class=\"uncode-single-media  text-left\"><div class=\"single-wrapper\" style=\"max-width: 100%;\"><div class=\"tmb tmb-light  img-round img-round-lg tmb-img-ratio tmb-media-first tmb-media-last tmb-content-overlay tmb-no-bg\"><div class=\"t-inside\"><div class=\"t-entry-visual\"><div class=\"t-entry-visual-tc\"><div class=\"uncode-single-media-wrapper img-round img-round-lg\"><div class=\"dummy\" style=\"padding-top: 100%;\"><\/div><img decoding=\"async\" class=\"wp-image-83345\" src=\"https:\/\/www.controltecnica.com\/wp-content\/uploads\/2020\/11\/calda-1.jpg\" width=\"600\" height=\"600\" alt=\"\" srcset=\"https:\/\/www.controltecnica.com\/wp-content\/uploads\/2020\/11\/calda-1.jpg 600w, https:\/\/www.controltecnica.com\/wp-content\/uploads\/2020\/11\/calda-1-300x300.jpg 300w, https:\/\/www.controltecnica.com\/wp-content\/uploads\/2020\/11\/calda-1-150x150.jpg 150w\" sizes=\"(max-width: 600px) 100vw, 600px\" \/><\/div>\n\t\t\t\t\t<\/div>\n\t\t\t\t<\/div><\/div><\/div><\/div><\/div><\/div><\/div><\/div><\/div><\/div><div class=\"wpb_column pos-top pos-center align_left column_child col-lg-8 half-internal-gutter\"><div class=\"uncol style-light sticky-element sticky-sidebar\" ><div class=\"uncoltable\"><div class=\"uncell no-block-padding\" ><div class=\"uncont\" ><div class=\"uncode_text_column text-justify text-lead\" ><\/p>\n<div align=\"justify\">\n<p>Empresa alem\u00e3 tradicional para qualquer tipo de tratamento t\u00e9rmico de secagem de materiais. Fornos padr\u00e3o de 200 a 8000 litros e projetos especiais sob medida para cada aplica\u00e7\u00e3o e cliente.<\/p>\n<p>Fornos de secagem, fornos de secagem de materiais que liberam solventes, secagem para silicones, fornos ATEX, fornos cont\u00ednuos e projetos especiais.<\/p>\n<\/div>\n<p>\n<\/div><\/div><\/div><\/div><\/div><\/div><\/div><\/div><\/div><\/div><\/div><\/div><\/div><\/div><script id=\"script-row-unique-0\" data-row=\"script-row-unique-0\" type=\"text\/javascript\" class=\"vc_controls\">UNCODE.initRow(document.getElementById(\"row-unique-0\"));<\/script><\/div><\/div><\/div>\n<\/div>","protected":false},"excerpt":{"rendered":"Equipos de Controlde Calidad parala IndustriaDIVISI\u00d3N TEST +34 916 613 004 comercial@caltecnica.com M\u00e1s informaci\u00f3n Empresa alem\u00e3 tradicional para qualquer tipo [...]","protected":false},"author":2,"featured_media":0,"parent":0,"menu_order":0,"comment_status":"closed","ping_status":"closed","template":"","meta":{"iawp_total_views":140,"footnotes":""},"class_list":["post-156390","page","type-page","status-publish","hentry"],"_links":{"self":[{"href":"https:\/\/www.controltecnica.com\/pt\/wp-json\/wp\/v2\/pages\/156390","targetHints":{"allow":["GET"]}}],"collection":[{"href":"https:\/\/www.controltecnica.com\/pt\/wp-json\/wp\/v2\/pages"}],"about":[{"href":"https:\/\/www.controltecnica.com\/pt\/wp-json\/wp\/v2\/types\/page"}],"author":[{"embeddable":true,"href":"https:\/\/www.controltecnica.com\/pt\/wp-json\/wp\/v2\/users\/2"}],"replies":[{"embeddable":true,"href":"https:\/\/www.controltecnica.com\/pt\/wp-json\/wp\/v2\/comments?post=156390"}],"version-history":[{"count":4,"href":"https:\/\/www.controltecnica.com\/pt\/wp-json\/wp\/v2\/pages\/156390\/revisions"}],"predecessor-version":[{"id":156561,"href":"https:\/\/www.controltecnica.com\/pt\/wp-json\/wp\/v2\/pages\/156390\/revisions\/156561"}],"wp:attachment":[{"href":"https:\/\/www.controltecnica.com\/pt\/wp-json\/wp\/v2\/media?parent=156390"}],"curies":[{"name":"wp","href":"https:\/\/api.w.org\/{rel}","templated":true}]}}