{"id":156380,"date":"2025-06-25T10:23:32","date_gmt":"2025-06-25T10:23:32","guid":{"rendered":"https:\/\/www.controltecnica.com\/?page_id=156380"},"modified":"2025-07-02T06:45:53","modified_gmt":"2025-07-02T06:45:53","slug":"estufas-de-secado-e-incubadores-para-el-laboratorio-binder","status":"publish","type":"page","link":"https:\/\/www.controltecnica.com\/pt\/estufas-de-secado-e-incubadores-para-el-laboratorio-binder\/","title":{"rendered":"Estufas de secagem e incubadoras para laborat\u00f3rio BINDER"},"content":{"rendered":"<div class=\"wpb-content-wrapper\"><div data-parent=\"true\" class=\"vc_row row-container\" id=\"row-unique-0\"><div class=\"row col-half-gutter single-top-padding triple-bottom-padding exa-h-padding full-width row-parent\"><div class=\"wpb_row row-inner\"><div class=\"wpb_column pos-top pos-center align_left column_parent col-lg-12 single-internal-gutter\"><div class=\"uncol style-light\"  ><div class=\"uncoltable\"><div class=\"uncell no-block-padding\" ><div class=\"uncont\" ><div class=\"vc_row style-color-lxmt-bg row-internal row-container\"><div class=\"row row-child\"><div class=\"wpb_row row-inner\"><div class=\"wpb_column pos-top pos-center align_left column_child col-lg-4 half-internal-gutter\"><div class=\"uncol style-light\" ><div class=\"uncoltable\"><div class=\"uncell single-block-padding style-color-xsdn-bg  unradius-lg\" ><div class=\"uncont\" ><div class=\"uncode-single-media  text-left\"><div class=\"single-wrapper\" style=\"max-width: 100%;\"><div class=\"tmb tmb-light  tmb-media-first tmb-media-last tmb-content-overlay tmb-no-bg\"><div class=\"t-inside\"><div class=\"t-entry-visual\"><div class=\"t-entry-visual-tc\"><div class=\"uncode-single-media-wrapper\"><img decoding=\"async\" class=\"wp-image-156292\" src=\"https:\/\/www.controltecnica.com\/wp-content\/uploads\/2025\/06\/control-test1.png\" width=\"828\" height=\"156\" alt=\"\" srcset=\"https:\/\/www.controltecnica.com\/wp-content\/uploads\/2025\/06\/control-test1.png 828w, https:\/\/www.controltecnica.com\/wp-content\/uploads\/2025\/06\/control-test1-300x57.png 300w, https:\/\/www.controltecnica.com\/wp-content\/uploads\/2025\/06\/control-test1-768x145.png 768w, https:\/\/www.controltecnica.com\/wp-content\/uploads\/2025\/06\/control-test1-18x3.png 18w, https:\/\/www.controltecnica.com\/wp-content\/uploads\/2025\/06\/control-test1-350x66.png 350w\" sizes=\"(max-width: 828px) 100vw, 828px\" \/><\/div>\n\t\t\t\t\t<\/div>\n\t\t\t\t<\/div><\/div><\/div><\/div><\/div><div class=\"vc_custom_heading_wrap\"><div class=\"heading-text el-text\" ><h3 class=\"h4 font-weight-500\" ><span>Equipamentos de controlo<br \/><\/span><span>de qualidade<br \/><\/span><span>para a ind\u00fastria<\/span><\/h3><\/div><div class=\"clear\"><\/div><\/div><div class=\"vc_custom_heading_wrap\"><div class=\"heading-text el-text\" ><h6 class=\"h6 font-weight-500 text-color-xsdn-color badge-style unradius-std style-color-vyce-bg\" ><span>DIVIS\u00c3O TEST<\/span><\/h6><\/div><div class=\"clear\"><\/div><\/div><div class=\"empty-space empty-half mobile-hidden\" ><span class=\"empty-space-inner\"><\/span><\/div>\n<div class=\"uncode_text_column text-lead\" ><p>+34 916 613 004<br \/>\n<a href=\"mailto:comercial@caltecnica.com\">comercial@caltecnica.com<\/a><\/p>\n<\/div><span class=\"btn-container\" ><a role=\"button\"  href=\"https:\/\/www.controltecnica.com\/test\/tratamientos-termicos-estufas-de-laboratorio\/\" class=\"custom-link h5 btn-underline-out btn-custom-typo font-555555 font-weight-500 text-initial no-letterspace border-width-0 text-color-vyce-color btn-icon-left\" target=\"_blank\"><span>Mais informa\u00e7\u00f5es<\/span><\/a><\/span><div class=\"empty-space empty-half mobile-hidden\" ><span class=\"empty-space-inner\"><\/span><\/div>\n<div class=\"uncode-single-media  text-left\"><div class=\"single-wrapper\" style=\"max-width: 100%;\"><div class=\"tmb tmb-light  img-round img-round-lg tmb-img-ratio tmb-media-first tmb-media-last tmb-content-overlay tmb-no-bg\"><div class=\"t-inside\"><div class=\"t-entry-visual\"><div class=\"t-entry-visual-tc\"><div class=\"uncode-single-media-wrapper img-round img-round-lg\"><div class=\"dummy\" style=\"padding-top: 100%;\"><\/div><img decoding=\"async\" class=\"wp-image-156381\" src=\"https:\/\/www.controltecnica.com\/wp-content\/uploads\/2025\/06\/estufa-binder.jpg\" width=\"600\" height=\"600\" alt=\"\" srcset=\"https:\/\/www.controltecnica.com\/wp-content\/uploads\/2025\/06\/estufa-binder.jpg 600w, https:\/\/www.controltecnica.com\/wp-content\/uploads\/2025\/06\/estufa-binder-300x300.jpg 300w, https:\/\/www.controltecnica.com\/wp-content\/uploads\/2025\/06\/estufa-binder-150x150.jpg 150w, https:\/\/www.controltecnica.com\/wp-content\/uploads\/2025\/06\/estufa-binder-12x12.jpg 12w, https:\/\/www.controltecnica.com\/wp-content\/uploads\/2025\/06\/estufa-binder-350x350.jpg 350w, https:\/\/www.controltecnica.com\/wp-content\/uploads\/2025\/06\/estufa-binder-348x348.jpg 348w\" sizes=\"(max-width: 600px) 100vw, 600px\" \/><\/div>\n\t\t\t\t\t<\/div>\n\t\t\t\t<\/div><\/div><\/div><\/div><\/div><\/div><\/div><\/div><\/div><\/div><div class=\"wpb_column pos-top pos-center align_left column_child col-lg-8 half-internal-gutter\"><div class=\"uncol style-light sticky-element sticky-sidebar\" ><div class=\"uncoltable\"><div class=\"uncell no-block-padding\" ><div class=\"uncont\" ><div class=\"uncode_text_column text-justify text-lead\" ><\/p>\n<div align=\"justify\">\n<p>Com uma produ\u00e7\u00e3o de mais de 22.000 equipamentos\/ano, a Binder coloca toda a sua produ\u00e7\u00e3o padr\u00e3o de instrumenta\u00e7\u00e3o cient\u00edfica \u00e0 disposi\u00e7\u00e3o da ci\u00eancia.<\/p>\n<p>Estufas de secagem por convec\u00e7\u00e3o natural, de ar for\u00e7ado, estufas de secagem de seguran\u00e7a para solventes, estufas ATEX e de v\u00e1cuo, estufas refrigeradas com compressor ou c\u00e9lulas Peltier. A gama padr\u00e3o \u00e9 completada com incubadoras de CO2 e ultracongeladores verticais.<\/p>\n<\/div>\n<p>\n<\/div><\/div><\/div><\/div><\/div><\/div><\/div><\/div><\/div><\/div><\/div><\/div><\/div><\/div><script id=\"script-row-unique-0\" data-row=\"script-row-unique-0\" type=\"text\/javascript\" class=\"vc_controls\">UNCODE.initRow(document.getElementById(\"row-unique-0\"));<\/script><\/div><\/div><\/div>\n<\/div>","protected":false},"excerpt":{"rendered":"Equipos de Controlde Calidad parala IndustriaDIVISI\u00d3N TEST +34 916 613 004 comercial@caltecnica.com M\u00e1s informaci\u00f3n Com uma produ\u00e7\u00e3o de mais de [...]","protected":false},"author":2,"featured_media":0,"parent":0,"menu_order":0,"comment_status":"closed","ping_status":"closed","template":"","meta":{"iawp_total_views":62,"footnotes":""},"class_list":["post-156380","page","type-page","status-publish","hentry"],"_links":{"self":[{"href":"https:\/\/www.controltecnica.com\/pt\/wp-json\/wp\/v2\/pages\/156380","targetHints":{"allow":["GET"]}}],"collection":[{"href":"https:\/\/www.controltecnica.com\/pt\/wp-json\/wp\/v2\/pages"}],"about":[{"href":"https:\/\/www.controltecnica.com\/pt\/wp-json\/wp\/v2\/types\/page"}],"author":[{"embeddable":true,"href":"https:\/\/www.controltecnica.com\/pt\/wp-json\/wp\/v2\/users\/2"}],"replies":[{"embeddable":true,"href":"https:\/\/www.controltecnica.com\/pt\/wp-json\/wp\/v2\/comments?post=156380"}],"version-history":[{"count":3,"href":"https:\/\/www.controltecnica.com\/pt\/wp-json\/wp\/v2\/pages\/156380\/revisions"}],"predecessor-version":[{"id":156538,"href":"https:\/\/www.controltecnica.com\/pt\/wp-json\/wp\/v2\/pages\/156380\/revisions\/156538"}],"wp:attachment":[{"href":"https:\/\/www.controltecnica.com\/pt\/wp-json\/wp\/v2\/media?parent=156380"}],"curies":[{"name":"wp","href":"https:\/\/api.w.org\/{rel}","templated":true}]}}