{"id":156358,"date":"2025-06-25T09:51:43","date_gmt":"2025-06-25T09:51:43","guid":{"rendered":"https:\/\/www.controltecnica.com\/?page_id=156358"},"modified":"2025-07-02T17:18:58","modified_gmt":"2025-07-02T17:18:58","slug":"equipos-basicos-de-laboratorio","status":"publish","type":"page","link":"https:\/\/www.controltecnica.com\/pt\/equipos-basicos-de-laboratorio\/","title":{"rendered":"Equipamentos b\u00e1sicos de laborat\u00f3rio"},"content":{"rendered":"<div class=\"wpb-content-wrapper\"><div data-parent=\"true\" class=\"vc_row row-container\" id=\"row-unique-0\"><div class=\"row col-half-gutter single-top-padding triple-bottom-padding exa-h-padding full-width row-parent\"><div class=\"wpb_row row-inner\"><div class=\"wpb_column pos-top pos-center align_left column_parent col-lg-12 single-internal-gutter\"><div class=\"uncol style-light\"  ><div class=\"uncoltable\"><div class=\"uncell no-block-padding\" ><div class=\"uncont\" ><div class=\"vc_row style-color-lxmt-bg row-internal row-container\"><div class=\"row row-child\"><div class=\"wpb_row row-inner\"><div class=\"wpb_column pos-top pos-center align_left column_child col-lg-4 half-internal-gutter\"><div class=\"uncol style-light\" ><div class=\"uncoltable\"><div class=\"uncell single-block-padding style-color-xsdn-bg  unradius-lg\" ><div class=\"uncont\" ><div class=\"uncode-single-media  text-left\"><div class=\"single-wrapper\" style=\"max-width: 100%;\"><div class=\"tmb tmb-light  tmb-media-first tmb-media-last tmb-content-overlay tmb-no-bg\"><div class=\"t-inside\"><div class=\"t-entry-visual\"><div class=\"t-entry-visual-tc\"><div class=\"uncode-single-media-wrapper\"><img decoding=\"async\" class=\"wp-image-156290\" src=\"https:\/\/www.controltecnica.com\/wp-content\/uploads\/2025\/06\/control-bio1.png\" width=\"828\" height=\"156\" alt=\"\" srcset=\"https:\/\/www.controltecnica.com\/wp-content\/uploads\/2025\/06\/control-bio1.png 828w, https:\/\/www.controltecnica.com\/wp-content\/uploads\/2025\/06\/control-bio1-300x57.png 300w, https:\/\/www.controltecnica.com\/wp-content\/uploads\/2025\/06\/control-bio1-768x145.png 768w, https:\/\/www.controltecnica.com\/wp-content\/uploads\/2025\/06\/control-bio1-18x3.png 18w, https:\/\/www.controltecnica.com\/wp-content\/uploads\/2025\/06\/control-bio1-350x66.png 350w\" sizes=\"(max-width: 828px) 100vw, 828px\" \/><\/div>\n\t\t\t\t\t<\/div>\n\t\t\t\t<\/div><\/div><\/div><\/div><\/div><div class=\"vc_custom_heading_wrap\"><div class=\"heading-text el-text\" ><h3 class=\"h4 font-weight-500\" ><span>Instrumenta\u00e7\u00e3o<br \/><\/span><span>cient\u00edfica<\/span><\/h3><\/div><div class=\"clear\"><\/div><\/div><div class=\"vc_custom_heading_wrap\"><div class=\"heading-text el-text\" ><h6 class=\"h6 font-weight-500 text-color-xsdn-color badge-style unradius-std style-color-vyce-bg\" ><span>DIVIS\u00c3O BIO<\/span><\/h6><\/div><div class=\"clear\"><\/div><\/div><div class=\"empty-space empty-half mobile-hidden\" ><span class=\"empty-space-inner\"><\/span><\/div>\n<div class=\"uncode_text_column text-lead\" ><p>+34 917 280 810<br \/>\n<a href=\"mailto:lab@caltecnica.com\">lab@caltecnica.com<\/a><\/p>\n<\/div><span class=\"btn-container\" ><a role=\"button\"  href=\"https:\/\/www.controltecnica.com\/bio\/categoria-producto\/equipos-basicos-de-laboratorio\/\" class=\"custom-link h5 btn-underline-out btn-custom-typo font-555555 font-weight-500 text-initial no-letterspace border-width-0 text-color-vyce-color btn-icon-left\" target=\"_blank\"><span>Mais informa\u00e7\u00f5es<\/span><\/a><\/span><div class=\"empty-space empty-half mobile-hidden\" ><span class=\"empty-space-inner\"><\/span><\/div>\n<div class=\"uncode-single-media  text-left\"><div class=\"single-wrapper\" style=\"max-width: 100%;\"><div class=\"tmb tmb-light  img-round img-round-lg tmb-img-ratio tmb-media-first tmb-media-last tmb-content-overlay tmb-no-bg\"><div class=\"t-inside\"><div class=\"t-entry-visual\"><div class=\"t-entry-visual-tc\"><div class=\"uncode-single-media-wrapper img-round img-round-lg\"><div class=\"dummy\" style=\"padding-top: 100%;\"><\/div><img decoding=\"async\" class=\"wp-image-83561\" src=\"https:\/\/www.controltecnica.com\/wp-content\/uploads\/2020\/11\/LIOFILIZADORES-uai-720x720.jpg\" width=\"720\" height=\"720\" alt=\"\"><\/div>\n\t\t\t\t\t<\/div>\n\t\t\t\t<\/div><\/div><\/div><\/div><\/div><\/div><\/div><\/div><\/div><\/div><div class=\"wpb_column pos-top pos-center align_left column_child col-lg-8 half-internal-gutter\"><div class=\"uncol style-light sticky-element sticky-sidebar\" ><div class=\"uncoltable\"><div class=\"uncell no-block-padding\" ><div class=\"uncont\" ><div class=\"uncode_text_column text-justify text-lead\" ><p><a href=\"https:\/\/www.controltecnica.com\/bio\/equipos-basicos-de-laboratorio\/agitadores\/\" target=\"_blank\" rel=\"noopener\">Agitadores<\/a><br \/>\n<a href=\"https:\/\/www.controltecnica.com\/bio\/equipos-basicos-de-laboratorio\/balanzas\/\" target=\"_blank\" rel=\"noopener\">Balan\u00e7as<\/a><br \/>\n<a href=\"https:\/\/www.controltecnica.com\/bio\/equipos-basicos-de-laboratorio\/banos-y-recirculadores\/\" target=\"_blank\" rel=\"noopener\">Banhos e recirculadores<\/a><br \/>\n<a href=\"https:\/\/www.controltecnica.com\/bio\/equipos-basicos-de-laboratorio\/bombas-de-vacio\/\" target=\"_blank\" rel=\"noopener\">Bombas de v\u00e1cuo<\/a><br \/>\n<a href=\"https:\/\/www.controltecnica.com\/bio\/categoria-producto\/equipos-basicos-de-laboratorio\/cabinas-de-carbon-activo\/\" target=\"_blank\" rel=\"noopener\">Cabines de carv\u00e3o ativado<\/a><br \/>\n<a href=\"https:\/\/www.controltecnica.com\/bio\/categoria-producto\/equipos-basicos-de-laboratorio\/concentrador-de-vacio\/\" target=\"_blank\" rel=\"noopener\">Concentradores<\/a><br \/>\n<a href=\"https:\/\/www.controltecnica.com\/bio\/equipos-basicos-de-laboratorio\/dataloggers\/\" target=\"_blank\" rel=\"noopener\">Registradores de dados<\/a><br \/>\n<a href=\"https:\/\/www.controltecnica.com\/bio\/equipos-basicos-de-laboratorio\/equipos-de-agua\/\" target=\"_blank\" rel=\"noopener\">Equipamentos para \u00e1gua<\/a><br \/>\n<a href=\"https:\/\/www.controltecnica.com\/bio\/categoria-producto\/equipos-basicos-de-laboratorio\/espectofotometros-uv-vis\/\" target=\"_blank\" rel=\"noopener\">Espectrofot\u00f3metros UV Vis<\/a><br \/>\n<a href=\"https:\/\/www.controltecnica.com\/bio\/equipos-basicos-de-laboratorio\/incubadores-estufas-y-hornos\/\" target=\"_blank\" rel=\"noopener\">Incubadoras, estufas e fornos<\/a><br \/>\n<a href=\"https:\/\/www.controltecnica.com\/bio\/equipos-basicos-de-laboratorio\/incubadores-con-agitacion\/\" target=\"_blank\" rel=\"noopener\">Incubadoras com agita\u00e7\u00e3o<\/a><br \/>\n<a href=\"https:\/\/www.controltecnica.com\/bio\/equipos-basicos-de-laboratorio\/liofilizadores\/\" target=\"_blank\" rel=\"noopener\">Liofilizadores<\/a><\/p>\n<p>Agitadores, balan\u00e7as, concentradores, equipamentos para \u00e1gua, incubadoras, fornos, estufas, liofilizadores, mantas s\u00e3o alguns dos equipamentos que oferecemos para completar o seu laborat\u00f3rio.<\/p>\n<\/div><\/div><\/div><\/div><\/div><\/div><\/div><\/div><\/div><\/div><\/div><\/div><\/div><\/div><script id=\"script-row-unique-0\" data-row=\"script-row-unique-0\" type=\"text\/javascript\" class=\"vc_controls\">UNCODE.initRow(document.getElementById(\"row-unique-0\"));<\/script><\/div><\/div><\/div>\n<\/div>","protected":false},"excerpt":{"rendered":"Instrumentaci\u00f3nCient\u00edficaDIVISI\u00d3N BIO +34 917 280 810 lab@caltecnica.com M\u00e1s informaci\u00f3n Agitadores Balan\u00e7as Banhos e recirculadores Bombas de v\u00e1cuo Cabines de carv\u00e3o [...]","protected":false},"author":2,"featured_media":0,"parent":0,"menu_order":0,"comment_status":"closed","ping_status":"closed","template":"","meta":{"iawp_total_views":46,"footnotes":""},"class_list":["post-156358","page","type-page","status-publish","hentry"],"_links":{"self":[{"href":"https:\/\/www.controltecnica.com\/pt\/wp-json\/wp\/v2\/pages\/156358","targetHints":{"allow":["GET"]}}],"collection":[{"href":"https:\/\/www.controltecnica.com\/pt\/wp-json\/wp\/v2\/pages"}],"about":[{"href":"https:\/\/www.controltecnica.com\/pt\/wp-json\/wp\/v2\/types\/page"}],"author":[{"embeddable":true,"href":"https:\/\/www.controltecnica.com\/pt\/wp-json\/wp\/v2\/users\/2"}],"replies":[{"embeddable":true,"href":"https:\/\/www.controltecnica.com\/pt\/wp-json\/wp\/v2\/comments?post=156358"}],"version-history":[{"count":5,"href":"https:\/\/www.controltecnica.com\/pt\/wp-json\/wp\/v2\/pages\/156358\/revisions"}],"predecessor-version":[{"id":156574,"href":"https:\/\/www.controltecnica.com\/pt\/wp-json\/wp\/v2\/pages\/156358\/revisions\/156574"}],"wp:attachment":[{"href":"https:\/\/www.controltecnica.com\/pt\/wp-json\/wp\/v2\/media?parent=156358"}],"curies":[{"name":"wp","href":"https:\/\/api.w.org\/{rel}","templated":true}]}}