{"id":156350,"date":"2025-06-25T09:38:44","date_gmt":"2025-06-25T09:38:44","guid":{"rendered":"https:\/\/www.controltecnica.com\/?page_id=156350"},"modified":"2025-07-02T17:02:18","modified_gmt":"2025-07-02T17:02:18","slug":"biologia-celular","status":"publish","type":"page","link":"https:\/\/www.controltecnica.com\/pt\/biologia-celular\/","title":{"rendered":"Biologia Celular"},"content":{"rendered":"<div class=\"wpb-content-wrapper\"><div data-parent=\"true\" class=\"vc_row row-container\" id=\"row-unique-0\"><div class=\"row col-half-gutter single-top-padding triple-bottom-padding exa-h-padding full-width row-parent\"><div class=\"wpb_row row-inner\"><div class=\"wpb_column pos-top pos-center align_left column_parent col-lg-12 single-internal-gutter\"><div class=\"uncol style-light\"  ><div class=\"uncoltable\"><div class=\"uncell no-block-padding\" ><div class=\"uncont\" ><div class=\"vc_row style-color-lxmt-bg row-internal row-container\"><div class=\"row row-child\"><div class=\"wpb_row row-inner\"><div class=\"wpb_column pos-top pos-center align_left column_child col-lg-4 half-internal-gutter\"><div class=\"uncol style-light\" ><div class=\"uncoltable\"><div class=\"uncell single-block-padding style-color-xsdn-bg  unradius-lg\" ><div class=\"uncont\" ><div class=\"uncode-single-media  text-left\"><div class=\"single-wrapper\" style=\"max-width: 100%;\"><div class=\"tmb tmb-light  tmb-media-first tmb-media-last tmb-content-overlay tmb-no-bg\"><div class=\"t-inside\"><div class=\"t-entry-visual\"><div class=\"t-entry-visual-tc\"><div class=\"uncode-single-media-wrapper\"><img decoding=\"async\" class=\"wp-image-156290\" src=\"https:\/\/www.controltecnica.com\/wp-content\/uploads\/2025\/06\/control-bio1.png\" width=\"828\" height=\"156\" alt=\"\" srcset=\"https:\/\/www.controltecnica.com\/wp-content\/uploads\/2025\/06\/control-bio1.png 828w, https:\/\/www.controltecnica.com\/wp-content\/uploads\/2025\/06\/control-bio1-300x57.png 300w, https:\/\/www.controltecnica.com\/wp-content\/uploads\/2025\/06\/control-bio1-768x145.png 768w, https:\/\/www.controltecnica.com\/wp-content\/uploads\/2025\/06\/control-bio1-18x3.png 18w, https:\/\/www.controltecnica.com\/wp-content\/uploads\/2025\/06\/control-bio1-350x66.png 350w\" sizes=\"(max-width: 828px) 100vw, 828px\" \/><\/div>\n\t\t\t\t\t<\/div>\n\t\t\t\t<\/div><\/div><\/div><\/div><\/div><div class=\"vc_custom_heading_wrap\"><div class=\"heading-text el-text\" ><h3 class=\"h4 font-weight-500\" ><span>Instrumenta\u00e7\u00e3o<br \/><\/span><span>cient\u00edfica<\/span><\/h3><\/div><div class=\"clear\"><\/div><\/div><div class=\"vc_custom_heading_wrap\"><div class=\"heading-text el-text\" ><h6 class=\"h6 font-weight-500 text-color-xsdn-color badge-style unradius-std style-color-vyce-bg\" ><span>DIVIS\u00c3O BIO<\/span><\/h6><\/div><div class=\"clear\"><\/div><\/div><div class=\"empty-space empty-half mobile-hidden\" ><span class=\"empty-space-inner\"><\/span><\/div>\n<div class=\"uncode_text_column text-lead\" ><p>+34 917 280 810<br \/>\n<a href=\"mailto:lab@caltecnica.com\">lab@caltecnica.com<\/a><\/p>\n<\/div><span class=\"btn-container\" ><a role=\"button\"  href=\"https:\/\/www.controltecnica.com\/bio\/categoria-producto\/biologia-celular\/\" class=\"custom-link h5 btn-underline-out btn-custom-typo font-555555 font-weight-500 text-initial no-letterspace border-width-0 text-color-vyce-color btn-icon-left\" target=\"_blank\"><span>Mais informa\u00e7\u00f5es<\/span><\/a><\/span><div class=\"empty-space empty-half mobile-hidden\" ><span class=\"empty-space-inner\"><\/span><\/div>\n<div class=\"uncode-single-media  text-left\"><div class=\"single-wrapper\" style=\"max-width: 100%;\"><div class=\"tmb tmb-light  img-round img-round-lg tmb-img-ratio tmb-media-first tmb-media-last tmb-content-overlay tmb-no-bg\"><div class=\"t-inside\"><div class=\"t-entry-visual\"><div class=\"t-entry-visual-tc\"><div class=\"uncode-single-media-wrapper img-round img-round-lg\"><div class=\"dummy\" style=\"padding-top: 100%;\"><\/div><img decoding=\"async\" class=\"wp-image-83495\" src=\"https:\/\/www.controltecnica.com\/wp-content\/uploads\/2020\/07\/CABINAMARS2.jpg\" width=\"1300\" height=\"1300\" alt=\"\" srcset=\"https:\/\/www.controltecnica.com\/wp-content\/uploads\/2020\/07\/CABINAMARS2.jpg 1300w, https:\/\/www.controltecnica.com\/wp-content\/uploads\/2020\/07\/CABINAMARS2-300x300.jpg 300w, https:\/\/www.controltecnica.com\/wp-content\/uploads\/2020\/07\/CABINAMARS2-1024x1024.jpg 1024w, https:\/\/www.controltecnica.com\/wp-content\/uploads\/2020\/07\/CABINAMARS2-150x150.jpg 150w, https:\/\/www.controltecnica.com\/wp-content\/uploads\/2020\/07\/CABINAMARS2-768x768.jpg 768w\" sizes=\"(max-width: 1300px) 100vw, 1300px\" \/><\/div>\n\t\t\t\t\t<\/div>\n\t\t\t\t<\/div><\/div><\/div><\/div><\/div><\/div><\/div><\/div><\/div><\/div><div class=\"wpb_column pos-top pos-center align_left column_child col-lg-8 half-internal-gutter\"><div class=\"uncol style-light sticky-element sticky-sidebar\" ><div class=\"uncoltable\"><div class=\"uncell no-block-padding\" ><div class=\"uncont\" ><div class=\"uncode_text_column text-justify text-lead\" ><p><a href=\"https:\/\/www.controltecnica.com\/bio\/categoria-producto\/biologia-celular\/incubadores-de-co2-o2\/\" target=\"_blank\" rel=\"noopener\">Incubadoras de CO2 \/ O2<\/a><br \/>\n<a href=\"https:\/\/www.controltecnica.com\/bio\/categoria-producto\/biologia-celular\/hipoxia-controladores-camaras-y-aisladores\/\" target=\"_blank\" rel=\"noopener\">Hipoxia: Controladores, C\u00e2maras e Isoladores<\/a><br \/>\n<a href=\"https:\/\/www.controltecnica.com\/bio\/categoria-producto\/biologia-celular\/cabinas-bioseguridad-y-flujo-laminar\/\" target=\"_blank\" rel=\"noopener\">Cabines de Biosseguran\u00e7a e Fluxo Laminar<\/a><\/p>\n<p>Incubadoras de CO2, Cabines de biosseguran\u00e7a, fluxo laminar e PCR, equipamentos para hipoxia (In Vitro e In Vivo), com a tecnologia mais avan\u00e7ada do mercado que equipar\u00e1 o seu laborat\u00f3rio de Biologia Celular com equipamentos de marcas utilizadas nos melhores laborat\u00f3rios de Espanha e do mundo.<\/p>\n<\/div><\/div><\/div><\/div><\/div><\/div><\/div><\/div><\/div><\/div><\/div><\/div><\/div><\/div><script id=\"script-row-unique-0\" data-row=\"script-row-unique-0\" type=\"text\/javascript\" class=\"vc_controls\">UNCODE.initRow(document.getElementById(\"row-unique-0\"));<\/script><\/div><\/div><\/div>\n<\/div>","protected":false},"excerpt":{"rendered":"Instrumentaci\u00f3nCient\u00edficaDIVISI\u00d3N BIO +34 917 280 810 lab@caltecnica.com M\u00e1s informaci\u00f3n Incubadoras de CO2 \/ O2 Hipoxia: Controladores, C\u00e2maras e Isoladores Cabines [...]","protected":false},"author":2,"featured_media":0,"parent":0,"menu_order":0,"comment_status":"closed","ping_status":"closed","template":"","meta":{"iawp_total_views":24,"footnotes":""},"class_list":["post-156350","page","type-page","status-publish","hentry"],"_links":{"self":[{"href":"https:\/\/www.controltecnica.com\/pt\/wp-json\/wp\/v2\/pages\/156350","targetHints":{"allow":["GET"]}}],"collection":[{"href":"https:\/\/www.controltecnica.com\/pt\/wp-json\/wp\/v2\/pages"}],"about":[{"href":"https:\/\/www.controltecnica.com\/pt\/wp-json\/wp\/v2\/types\/page"}],"author":[{"embeddable":true,"href":"https:\/\/www.controltecnica.com\/pt\/wp-json\/wp\/v2\/users\/2"}],"replies":[{"embeddable":true,"href":"https:\/\/www.controltecnica.com\/pt\/wp-json\/wp\/v2\/comments?post=156350"}],"version-history":[{"count":4,"href":"https:\/\/www.controltecnica.com\/pt\/wp-json\/wp\/v2\/pages\/156350\/revisions"}],"predecessor-version":[{"id":156567,"href":"https:\/\/www.controltecnica.com\/pt\/wp-json\/wp\/v2\/pages\/156350\/revisions\/156567"}],"wp:attachment":[{"href":"https:\/\/www.controltecnica.com\/pt\/wp-json\/wp\/v2\/media?parent=156350"}],"curies":[{"name":"wp","href":"https:\/\/api.w.org\/{rel}","templated":true}]}}