{"id":156087,"date":"2025-06-13T09:09:11","date_gmt":"2025-06-13T09:09:11","guid":{"rendered":"https:\/\/www.controltecnica.com\/?page_id=156087"},"modified":"2025-07-02T17:44:01","modified_gmt":"2025-07-02T17:44:01","slug":"data-logger","status":"publish","type":"page","link":"https:\/\/www.controltecnica.com\/pt\/data-logger\/","title":{"rendered":"Data Logger"},"content":{"rendered":"<div class=\"wpb-content-wrapper\"><div data-parent=\"true\" class=\"vc_row row-container\" id=\"row-unique-0\"><div class=\"row col-half-gutter single-top-padding triple-bottom-padding exa-h-padding full-width row-parent\"><div class=\"wpb_row row-inner\"><div class=\"wpb_column pos-top pos-center align_left column_parent col-lg-12 single-internal-gutter\"><div class=\"uncol style-light\"  ><div class=\"uncoltable\"><div class=\"uncell no-block-padding\" ><div class=\"uncont\" ><div class=\"vc_row style-color-lxmt-bg row-internal row-container\"><div class=\"row row-child\"><div class=\"wpb_row row-inner\"><div class=\"wpb_column pos-top pos-center align_left column_child col-lg-4 half-internal-gutter\"><div class=\"uncol style-light\" ><div class=\"uncoltable\"><div class=\"uncell single-block-padding style-color-xsdn-bg  unradius-lg\" ><div class=\"uncont\" ><div class=\"uncode-single-media  text-left\"><div class=\"single-wrapper\" style=\"max-width: 100%;\"><div class=\"tmb tmb-light  tmb-media-first tmb-media-last tmb-content-overlay tmb-no-bg\"><div class=\"t-inside\"><div class=\"t-entry-visual\"><div class=\"t-entry-visual-tc\"><div class=\"uncode-single-media-wrapper\"><img decoding=\"async\" class=\"wp-image-156268\" src=\"https:\/\/www.controltecnica.com\/wp-content\/uploads\/2025\/06\/caltecnica.jpg\" width=\"371\" height=\"76\" alt=\"\" srcset=\"https:\/\/www.controltecnica.com\/wp-content\/uploads\/2025\/06\/caltecnica.jpg 371w, https:\/\/www.controltecnica.com\/wp-content\/uploads\/2025\/06\/caltecnica-300x61.jpg 300w, https:\/\/www.controltecnica.com\/wp-content\/uploads\/2025\/06\/caltecnica-18x4.jpg 18w, https:\/\/www.controltecnica.com\/wp-content\/uploads\/2025\/06\/caltecnica-350x72.jpg 350w\" sizes=\"(max-width: 371px) 100vw, 371px\" \/><\/div>\n\t\t\t\t\t<\/div>\n\t\t\t\t<\/div><\/div><\/div><\/div><\/div><div class=\"vc_custom_heading_wrap\"><div class=\"heading-text el-text\" ><h3 class=\"h4 font-weight-500\" ><span>Servi\u00e7o t\u00e9cnico e<br \/><\/span><span>laborat\u00f3rio de<br \/><\/span><span>calibra\u00e7\u00e3o ENAC<\/span><\/h3><\/div><div class=\"clear\"><\/div><\/div><div class=\"vc_custom_heading_wrap\"><div class=\"heading-text el-text\" ><h6 class=\"h6 font-weight-500 text-color-xsdn-color badge-style unradius-std style-color-vyce-bg\" ><span>DIVISI\u00d3N SAT<\/span><\/h6><\/div><div class=\"clear\"><\/div><\/div><div class=\"empty-space empty-half mobile-hidden\" ><span class=\"empty-space-inner\"><\/span><\/div>\n<div class=\"uncode_text_column text-lead\" ><p>+34 917 280 646<br \/>\n<a href=\"mailto:gestion@caltecnica.com\">gestion@caltecnica.com<\/a><\/p>\n<\/div><span class=\"btn-container\" ><a role=\"button\"  href=\"https:\/\/www.controltecnica.com\/sat\/data-logger.php\" class=\"custom-link h5 btn-underline-out btn-custom-typo font-555555 font-weight-500 text-initial no-letterspace border-width-0 text-color-vyce-color btn-icon-left\" target=\"_blank\"><span>Mais informa\u00e7\u00f5es<\/span><\/a><\/span><div class=\"empty-space empty-half mobile-hidden\" ><span class=\"empty-space-inner\"><\/span><\/div>\n<div class=\"uncode-single-media  text-left\"><div class=\"single-wrapper\" style=\"max-width: 100%;\"><div class=\"tmb tmb-light  img-round img-round-lg tmb-img-ratio tmb-media-first tmb-media-last tmb-content-overlay tmb-no-bg\"><div class=\"t-inside\"><div class=\"t-entry-visual\"><div class=\"t-entry-visual-tc\"><div class=\"uncode-single-media-wrapper img-round img-round-lg\"><div class=\"dummy\" style=\"padding-top: 100%;\"><\/div><img decoding=\"async\" class=\"wp-image-156088\" src=\"https:\/\/www.controltecnica.com\/wp-content\/uploads\/2025\/06\/cal-6.jpg\" width=\"450\" height=\"450\" alt=\"\" srcset=\"https:\/\/www.controltecnica.com\/wp-content\/uploads\/2025\/06\/cal-6.jpg 450w, https:\/\/www.controltecnica.com\/wp-content\/uploads\/2025\/06\/cal-6-300x300.jpg 300w, https:\/\/www.controltecnica.com\/wp-content\/uploads\/2025\/06\/cal-6-150x150.jpg 150w, https:\/\/www.controltecnica.com\/wp-content\/uploads\/2025\/06\/cal-6-12x12.jpg 12w, https:\/\/www.controltecnica.com\/wp-content\/uploads\/2025\/06\/cal-6-350x350.jpg 350w, https:\/\/www.controltecnica.com\/wp-content\/uploads\/2025\/06\/cal-6-348x348.jpg 348w\" sizes=\"(max-width: 450px) 100vw, 450px\" \/><\/div>\n\t\t\t\t\t<\/div>\n\t\t\t\t<\/div><\/div><\/div><\/div><\/div><\/div><\/div><\/div><\/div><\/div><div class=\"wpb_column pos-top pos-center align_left column_child col-lg-8 half-internal-gutter\"><div class=\"uncol style-light sticky-element sticky-sidebar\" ><div class=\"uncoltable\"><div class=\"uncell no-block-padding\" ><div class=\"uncont\" ><div class=\"uncode_text_column text-justify text-lead\" ><p>Controlo de processos e meios a partir da sua pr\u00f3pria conectividade Rede de sensores sem fios\/com fios de leitura e registo em tempo real, gest\u00e3o de alarmes por controlo remoto a partir do seu PC, tablet ou smartphone. Unifica o suporte dos equipamentos de processo e do sistema de controlo sem fios, evitando poss\u00edveis conflitos entre diferentes fornecedores.<\/p>\n<\/div><div class=\"uncode-wrapper uncode-list\" >\n<ul class=\"icons\">\n<li><i class=\"fa fa-caret-right text-accent-color\"><\/i>Aviso de alarmes por SMS, e-mail<\/li>\n<li><i class=\"fa fa-caret-right text-accent-color\"><\/i>Registo cont\u00ednuo das vari\u00e1veis do processo<\/li>\n<li><i class=\"fa fa-caret-right text-accent-color\"><\/i>Protocolo de comunica\u00e7\u00e3o padr\u00e3o MODBUS RTU<\/li>\n<li><i class=\"fa fa-caret-right text-accent-color\"><\/i>Software adapt\u00e1vel \u00e0s necessidades do cliente (fa\u00e7a voc\u00ea mesmo)<\/li>\n<li><i class=\"fa fa-caret-right text-accent-color\"><\/i>Sistema aberto a futuras necessidades e amplia\u00e7\u00f5es<\/li>\n<li><i class=\"fa fa-caret-right text-accent-color\"><\/i>Mobilidade total e livre dos dispositivos<\/li>\n<\/ul>\n<\/div><\/div><\/div><\/div><\/div><\/div><\/div><\/div><\/div><\/div><\/div><\/div><\/div><\/div><script id=\"script-row-unique-0\" data-row=\"script-row-unique-0\" type=\"text\/javascript\" class=\"vc_controls\">UNCODE.initRow(document.getElementById(\"row-unique-0\"));<\/script><\/div><\/div><\/div>\n<\/div>","protected":false},"excerpt":{"rendered":"Servicio T\u00e9cnico yLaboratorio decalibraci\u00f3n ENACDIVISI\u00d3N SAT +34 917 280 646 gestion@caltecnica.com M\u00e1s informaci\u00f3n Controlo de processos e meios a partir [...]","protected":false},"author":2,"featured_media":0,"parent":0,"menu_order":0,"comment_status":"closed","ping_status":"closed","template":"","meta":{"iawp_total_views":25,"footnotes":""},"class_list":["post-156087","page","type-page","status-publish","hentry"],"_links":{"self":[{"href":"https:\/\/www.controltecnica.com\/pt\/wp-json\/wp\/v2\/pages\/156087","targetHints":{"allow":["GET"]}}],"collection":[{"href":"https:\/\/www.controltecnica.com\/pt\/wp-json\/wp\/v2\/pages"}],"about":[{"href":"https:\/\/www.controltecnica.com\/pt\/wp-json\/wp\/v2\/types\/page"}],"author":[{"embeddable":true,"href":"https:\/\/www.controltecnica.com\/pt\/wp-json\/wp\/v2\/users\/2"}],"replies":[{"embeddable":true,"href":"https:\/\/www.controltecnica.com\/pt\/wp-json\/wp\/v2\/comments?post=156087"}],"version-history":[{"count":6,"href":"https:\/\/www.controltecnica.com\/pt\/wp-json\/wp\/v2\/pages\/156087\/revisions"}],"predecessor-version":[{"id":156590,"href":"https:\/\/www.controltecnica.com\/pt\/wp-json\/wp\/v2\/pages\/156087\/revisions\/156590"}],"wp:attachment":[{"href":"https:\/\/www.controltecnica.com\/pt\/wp-json\/wp\/v2\/media?parent=156087"}],"curies":[{"name":"wp","href":"https:\/\/api.w.org\/{rel}","templated":true}]}}