{"id":156353,"date":"2025-06-25T09:42:59","date_gmt":"2025-06-25T09:42:59","guid":{"rendered":"https:\/\/www.controltecnica.com\/?page_id=156353"},"modified":"2025-07-02T17:06:48","modified_gmt":"2025-07-02T17:06:48","slug":"biologia-molecular","status":"publish","type":"page","link":"https:\/\/www.controltecnica.com\/en\/biologia-molecular\/","title":{"rendered":"Molecular Biology"},"content":{"rendered":"<div class=\"wpb-content-wrapper\"><div data-parent=\"true\" class=\"vc_row row-container\" id=\"row-unique-0\"><div class=\"row col-half-gutter single-top-padding triple-bottom-padding exa-h-padding full-width row-parent\"><div class=\"wpb_row row-inner\"><div class=\"wpb_column pos-top pos-center align_left column_parent col-lg-12 single-internal-gutter\"><div class=\"uncol style-light\"  ><div class=\"uncoltable\"><div class=\"uncell no-block-padding\" ><div class=\"uncont\" ><div class=\"vc_row style-color-lxmt-bg row-internal row-container\"><div class=\"row row-child\"><div class=\"wpb_row row-inner\"><div class=\"wpb_column pos-top pos-center align_left column_child col-lg-4 half-internal-gutter\"><div class=\"uncol style-light\" ><div class=\"uncoltable\"><div class=\"uncell single-block-padding style-color-xsdn-bg  unradius-lg\" ><div class=\"uncont\" ><div class=\"uncode-single-media  text-left\"><div class=\"single-wrapper\" style=\"max-width: 100%;\"><div class=\"tmb tmb-light  tmb-media-first tmb-media-last tmb-content-overlay tmb-no-bg\"><div class=\"t-inside\"><div class=\"t-entry-visual\"><div class=\"t-entry-visual-tc\"><div class=\"uncode-single-media-wrapper\"><img decoding=\"async\" class=\"wp-image-156290\" src=\"https:\/\/www.controltecnica.com\/wp-content\/uploads\/2025\/06\/control-bio1.png\" width=\"828\" height=\"156\" alt=\"\" srcset=\"https:\/\/www.controltecnica.com\/wp-content\/uploads\/2025\/06\/control-bio1.png 828w, https:\/\/www.controltecnica.com\/wp-content\/uploads\/2025\/06\/control-bio1-300x57.png 300w, https:\/\/www.controltecnica.com\/wp-content\/uploads\/2025\/06\/control-bio1-768x145.png 768w, https:\/\/www.controltecnica.com\/wp-content\/uploads\/2025\/06\/control-bio1-18x3.png 18w, https:\/\/www.controltecnica.com\/wp-content\/uploads\/2025\/06\/control-bio1-350x66.png 350w\" sizes=\"(max-width: 828px) 100vw, 828px\" \/><\/div>\n\t\t\t\t\t<\/div>\n\t\t\t\t<\/div><\/div><\/div><\/div><\/div><div class=\"vc_custom_heading_wrap\"><div class=\"heading-text el-text\" ><h3 class=\"h4 font-weight-500\" ><span>Scientific<br \/><\/span><span>Instrumentation<\/span><\/h3><\/div><div class=\"clear\"><\/div><\/div><div class=\"vc_custom_heading_wrap\"><div class=\"heading-text el-text\" ><h6 class=\"h6 font-weight-500 text-color-xsdn-color badge-style unradius-std style-color-vyce-bg\" ><span>BIO DIVISION<\/span><\/h6><\/div><div class=\"clear\"><\/div><\/div><div class=\"empty-space empty-half mobile-hidden\" ><span class=\"empty-space-inner\"><\/span><\/div>\n<div class=\"uncode_text_column text-lead\" ><p>+34 917 280 810<br \/>\n<a href=\"mailto:lab@caltecnica.com\">lab@caltecnica.com<\/a><\/p>\n<\/div><span class=\"btn-container\" ><a role=\"button\"  href=\"https:\/\/www.controltecnica.com\/bio\/biologia-molecular\/\" class=\"custom-link h5 btn-underline-out btn-custom-typo font-555555 font-weight-500 text-initial no-letterspace border-width-0 text-color-vyce-color btn-icon-left\" target=\"_blank\"><span>Read more<\/span><\/a><\/span><div class=\"empty-space empty-half mobile-hidden\" ><span class=\"empty-space-inner\"><\/span><\/div>\n<div class=\"uncode-single-media  text-left\"><div class=\"single-wrapper\" style=\"max-width: 100%;\"><div class=\"tmb tmb-light  img-round img-round-lg tmb-img-ratio tmb-media-first tmb-media-last tmb-content-overlay tmb-no-bg\"><div class=\"t-inside\"><div class=\"t-entry-visual\"><div class=\"t-entry-visual-tc\"><div class=\"uncode-single-media-wrapper img-round img-round-lg\"><div class=\"dummy\" style=\"padding-top: 100%;\"><\/div><img decoding=\"async\" class=\"wp-image-84321\" src=\"https:\/\/www.controltecnica.com\/wp-content\/uploads\/2025\/02\/QSEP400.jpg\" width=\"600\" height=\"600\" alt=\"\" srcset=\"https:\/\/www.controltecnica.com\/wp-content\/uploads\/2025\/02\/QSEP400.jpg 600w, https:\/\/www.controltecnica.com\/wp-content\/uploads\/2025\/02\/QSEP400-300x300.jpg 300w, https:\/\/www.controltecnica.com\/wp-content\/uploads\/2025\/02\/QSEP400-150x150.jpg 150w, https:\/\/www.controltecnica.com\/wp-content\/uploads\/2025\/02\/QSEP400-12x12.jpg 12w, https:\/\/www.controltecnica.com\/wp-content\/uploads\/2025\/02\/QSEP400-350x350.jpg 350w, https:\/\/www.controltecnica.com\/wp-content\/uploads\/2025\/02\/QSEP400-348x348.jpg 348w\" sizes=\"(max-width: 600px) 100vw, 600px\" \/><\/div>\n\t\t\t\t\t<\/div>\n\t\t\t\t<\/div><\/div><\/div><\/div><\/div><\/div><\/div><\/div><\/div><\/div><div class=\"wpb_column pos-top pos-center align_left column_child col-lg-8 half-internal-gutter\"><div class=\"uncol style-light sticky-element sticky-sidebar\" ><div class=\"uncoltable\"><div class=\"uncell no-block-padding\" ><div class=\"uncont\" ><div class=\"uncode_text_column text-justify text-lead\" ><p><a href=\"https:\/\/www.controltecnica.com\/bio\/categoria-producto\/biologia-molecular\/nanodrop\/\" target=\"_blank\" rel=\"noopener\">NanoDrop<\/a><br \/>\n<a href=\"https:\/\/www.controltecnica.com\/bio\/categoria-producto\/biologia-molecular\/lectores-de-microplaca\/\" target=\"_blank\" rel=\"noopener\">Microplate Readers<\/a><br \/>\n<a href=\"https:\/\/www.controltecnica.com\/bio\/categoria-producto\/biologia-molecular\/concentrador-centrifugo-dna\/\" target=\"_blank\" rel=\"noopener\">DNA Centrifugal Concentrator<\/a><br \/>\n<a href=\"https:\/\/www.controltecnica.com\/bio\/categoria-producto\/biologia-molecular\/sistemas-de-geldocs-y-quimioluminiscencia\/\" target=\"_blank\" rel=\"noopener\">GelDocs and Chemiluminescence Systems<\/a><br \/>\n<a href=\"https:\/\/www.controltecnica.com\/bio\/categoria-producto\/biologia-molecular\/electroforesis\/\" target=\"_blank\" rel=\"noopener\">Electrophoresis<\/a><br \/>\n<a href=\"https:\/\/www.controltecnica.com\/bio\/categoria-producto\/biologia-molecular\/analizadores-de-fragmentos\/\" target=\"_blank\" rel=\"noopener\">Fragment Analyzers<\/a><\/p>\n<p>We are exclusive representatives of NanoDrop and have the best sales team specialised in determining which version best suits your procedures and needs. In addition, our fragment analysers, vacuum concentrators, and GelDocs and chemiluminescence systems will help you to have a laboratory specialised in molecular biology.<\/p>\n<\/div><\/div><\/div><\/div><\/div><\/div><\/div><\/div><\/div><\/div><\/div><\/div><\/div><\/div><script id=\"script-row-unique-0\" data-row=\"script-row-unique-0\" type=\"text\/javascript\" class=\"vc_controls\">UNCODE.initRow(document.getElementById(\"row-unique-0\"));<\/script><\/div><\/div><\/div>\n<\/div>","protected":false},"excerpt":{"rendered":"Instrumentaci\u00f3nCient\u00edficaDIVISI\u00d3N BIO +34 917 280 810 lab@caltecnica.com M\u00e1s informaci\u00f3n NanoDrop Microplate Readers DNA Centrifugal Concentrator GelDocs and Chemiluminescence Systems Electrophoresis [...]","protected":false},"author":2,"featured_media":0,"parent":0,"menu_order":0,"comment_status":"closed","ping_status":"closed","template":"","meta":{"iawp_total_views":36,"footnotes":""},"class_list":["post-156353","page","type-page","status-publish","hentry"],"_links":{"self":[{"href":"https:\/\/www.controltecnica.com\/en\/wp-json\/wp\/v2\/pages\/156353","targetHints":{"allow":["GET"]}}],"collection":[{"href":"https:\/\/www.controltecnica.com\/en\/wp-json\/wp\/v2\/pages"}],"about":[{"href":"https:\/\/www.controltecnica.com\/en\/wp-json\/wp\/v2\/types\/page"}],"author":[{"embeddable":true,"href":"https:\/\/www.controltecnica.com\/en\/wp-json\/wp\/v2\/users\/2"}],"replies":[{"embeddable":true,"href":"https:\/\/www.controltecnica.com\/en\/wp-json\/wp\/v2\/comments?post=156353"}],"version-history":[{"count":4,"href":"https:\/\/www.controltecnica.com\/en\/wp-json\/wp\/v2\/pages\/156353\/revisions"}],"predecessor-version":[{"id":156569,"href":"https:\/\/www.controltecnica.com\/en\/wp-json\/wp\/v2\/pages\/156353\/revisions\/156569"}],"wp:attachment":[{"href":"https:\/\/www.controltecnica.com\/en\/wp-json\/wp\/v2\/media?parent=156353"}],"curies":[{"name":"wp","href":"https:\/\/api.w.org\/{rel}","templated":true}]}}