{"id":156230,"date":"2025-06-16T11:09:59","date_gmt":"2025-06-16T11:09:59","guid":{"rendered":"https:\/\/www.controltecnica.com\/?page_id=156230"},"modified":"2025-07-01T07:46:03","modified_gmt":"2025-07-01T07:46:03","slug":"ferias-y-eventos","status":"publish","type":"page","link":"https:\/\/www.controltecnica.com\/en\/ferias-y-eventos\/","title":{"rendered":"Fairs and Events"},"content":{"rendered":"<div class=\"wpb-content-wrapper\"><div data-parent=\"true\" class=\"vc_row style-color-lxmt-bg row-container\" id=\"row-unique-0\"><div class=\"row single-top-padding exa-bottom-padding exa-h-padding full-width row-parent\"><div class=\"wpb_row row-inner\"><div class=\"wpb_column pos-top pos-center align_center column_parent col-lg-12 double-internal-gutter\"><div class=\"uncol style-light font-175345\"  ><div class=\"uncoltable\"><div class=\"uncell no-block-padding\" ><div class=\"uncont\" ><div id=\"index-985709\" class=\"cssgrid-system cssgrid-general-light grid-general-light cssgrid-565080 cssgrid-animate-sequential\" >\n\t\t\t\n\t\t\t\t\t\t\t\t\t\t\t\t\t\t<div class=\"cssgrid-wrapper grid-wrapper cssgrid-double-gutter\" >\t\t\t\t\t\t\t\t\t\t\t\t<div class=\"cssgrid-container grid-container cssgrid-layout cssgrid-pagination grid-pagination\" >\t\t\t<div class=\"tmb atc-typography-inherit tmb-grid tmb-iso-h4 img-round img-round-std tmb-light tmb-overlay-text-anim tmb-content-left tmb-text-space-reduced tmb-image-anim  grid-cat-6 grid-cat-101 grid-cat-178 grid-cat-241 tmb-id-156914 tmb-only-text tmb-content-under tmb-no-bg\" ><div class=\"t-inside animate_when_almost_visible bottom-t-top\" data-delay=\"200\" data-speed=\"1000\"><div class=\"t-entry-text\">\n\t\t\t\t\t\t\t\t\t<div class=\"t-entry-text-tc no-block-padding\"><div class=\"t-entry\"><h2 class=\"t-entry-title h4 font-weight-400 title-scale\"><a href=\"https:\/\/www.controltecnica.com\/en\/calendario-de-ferias-2026-donde-encontrarnos-y-como-podemos-ayudarte\/\" target=\"_self\">Calendario de ferias 2026: d\u00f3nde encontrarnos y c\u00f3mo podemos ayudarte<\/a><\/h2><\/div><\/div>\n\t\t\t\t\t\t\t<\/div><\/div><\/div><div class=\"tmb atc-typography-inherit tmb-grid tmb-iso-h4 img-round img-round-std tmb-light tmb-overlay-text-anim tmb-content-left tmb-text-space-reduced tmb-image-anim  grid-cat-178 tmb-id-156886 tmb-content-under tmb-media-first tmb-no-bg\" ><div class=\"t-inside animate_when_almost_visible bottom-t-top\" data-delay=\"200\" data-speed=\"1000\"><div class=\"t-entry-visual\"><div class=\"t-entry-visual-tc\"><div class=\"t-entry-visual-cont\"><div class=\"dummy\" style=\"padding-top: 31.3%;\"><\/div><a role=\"button\" tabindex=\"-1\" href=\"https:\/\/www.controltecnica.com\/en\/farmaforum-2026\/\" class=\"pushed\" target=\"_self\" data-lb-index=\"1\"><div class=\"t-entry-visual-overlay\"><div class=\"t-entry-visual-overlay-in style-dark-bg\" style=\"opacity: 0.5;\"><\/div><\/div><img decoding=\"async\" class=\"wp-image-156909\" src=\"https:\/\/www.controltecnica.com\/wp-content\/uploads\/2026\/03\/1024x320farmaforum.jpg\" width=\"1024\" height=\"320\" alt=\"\" srcset=\"https:\/\/www.controltecnica.com\/wp-content\/uploads\/2026\/03\/1024x320farmaforum.jpg 1024w, https:\/\/www.controltecnica.com\/wp-content\/uploads\/2026\/03\/1024x320farmaforum-300x94.jpg 300w, https:\/\/www.controltecnica.com\/wp-content\/uploads\/2026\/03\/1024x320farmaforum-768x240.jpg 768w, https:\/\/www.controltecnica.com\/wp-content\/uploads\/2026\/03\/1024x320farmaforum-18x6.jpg 18w, https:\/\/www.controltecnica.com\/wp-content\/uploads\/2026\/03\/1024x320farmaforum-350x109.jpg 350w\" sizes=\"(max-width: 1024px) 100vw, 1024px\" \/><\/a><\/div>\n\t\t\t\t\t<\/div>\n\t\t\t\t<\/div><div class=\"t-entry-text\">\n\t\t\t\t\t\t\t\t\t<div class=\"t-entry-text-tc half-block-padding\"><div class=\"t-entry\"><h2 class=\"t-entry-title h4 font-weight-400 title-scale\"><a href=\"https:\/\/www.controltecnica.com\/en\/farmaforum-2026\/\" target=\"_self\">Farmaforum 2026<\/a><\/h2><\/div><\/div>\n\t\t\t\t\t\t\t<\/div><\/div><\/div><div class=\"tmb atc-typography-inherit tmb-grid tmb-iso-h4 img-round img-round-std tmb-light tmb-overlay-text-anim tmb-content-left tmb-text-space-reduced tmb-image-anim  grid-cat-178 tmb-id-156880 tmb-content-under tmb-media-first tmb-no-bg\" ><div class=\"t-inside animate_when_almost_visible bottom-t-top\" data-delay=\"200\" data-speed=\"1000\"><div class=\"t-entry-visual\"><div class=\"t-entry-visual-tc\"><div class=\"t-entry-visual-cont\"><div class=\"dummy\" style=\"padding-top: 46.5%;\"><\/div><a role=\"button\" tabindex=\"-1\" href=\"https:\/\/www.controltecnica.com\/en\/congreso-sebbm\/\" class=\"pushed\" target=\"_self\" data-lb-index=\"2\"><div class=\"t-entry-visual-overlay\"><div class=\"t-entry-visual-overlay-in style-dark-bg\" style=\"opacity: 0.5;\"><\/div><\/div><img decoding=\"async\" class=\"wp-image-156910\" src=\"https:\/\/www.controltecnica.com\/wp-content\/uploads\/2026\/03\/sebbm2026-2.jpg\" width=\"833\" height=\"387\" alt=\"\" srcset=\"https:\/\/www.controltecnica.com\/wp-content\/uploads\/2026\/03\/sebbm2026-2.jpg 833w, https:\/\/www.controltecnica.com\/wp-content\/uploads\/2026\/03\/sebbm2026-2-300x139.jpg 300w, https:\/\/www.controltecnica.com\/wp-content\/uploads\/2026\/03\/sebbm2026-2-768x357.jpg 768w, https:\/\/www.controltecnica.com\/wp-content\/uploads\/2026\/03\/sebbm2026-2-18x8.jpg 18w, https:\/\/www.controltecnica.com\/wp-content\/uploads\/2026\/03\/sebbm2026-2-350x163.jpg 350w\" sizes=\"(max-width: 833px) 100vw, 833px\" \/><\/a><\/div>\n\t\t\t\t\t<\/div>\n\t\t\t\t<\/div><div class=\"t-entry-text\">\n\t\t\t\t\t\t\t\t\t<div class=\"t-entry-text-tc half-block-padding\"><div class=\"t-entry\"><h2 class=\"t-entry-title h4 font-weight-400 title-scale\"><a href=\"https:\/\/www.controltecnica.com\/en\/congreso-sebbm\/\" target=\"_self\">Congreso SEBBM<\/a><\/h2><\/div><\/div>\n\t\t\t\t\t\t\t<\/div><\/div><\/div><div class=\"tmb atc-typography-inherit tmb-grid tmb-iso-h4 img-round img-round-std tmb-light tmb-overlay-text-anim tmb-content-left tmb-text-space-reduced tmb-image-anim  grid-cat-178 tmb-id-156874 tmb-content-under tmb-media-first tmb-no-bg\" ><div class=\"t-inside animate_when_almost_visible bottom-t-top\" data-delay=\"200\" data-speed=\"1000\"><div class=\"t-entry-visual\"><div class=\"t-entry-visual-tc\"><div class=\"t-entry-visual-cont\"><div class=\"t-entry-visual-overlay\"><div class=\"t-entry-visual-overlay-in style-dark-bg\" style=\"opacity: 0.5;\"><\/div><\/div><div class=\"fluid-svg\"><span id=\"icon-295974\" style=\"width:500px\" class=\"icon-media\"><img decoding=\"async\" src=\"https:\/\/www.controltecnica.com\/wp-content\/uploads\/2026\/03\/expoquimia-2026-1.svg\" alt=\"\" \/><\/span><\/div><\/div>\n\t\t\t\t\t<\/div>\n\t\t\t\t<\/div><div class=\"t-entry-text\">\n\t\t\t\t\t\t\t\t\t<div class=\"t-entry-text-tc half-block-padding\"><div class=\"t-entry\"><h2 class=\"t-entry-title h4 font-weight-400 title-scale\"><a href=\"https:\/\/www.controltecnica.com\/en\/expoquimia-2026\/\" target=\"_self\">Expoquimia 2026<\/a><\/h2><\/div><\/div>\n\t\t\t\t\t\t\t<\/div><\/div><\/div><div class=\"tmb atc-typography-inherit tmb-grid tmb-iso-h4 img-round img-round-std tmb-light tmb-overlay-text-anim tmb-content-left tmb-text-space-reduced tmb-image-anim  grid-cat-178 tmb-id-156853 tmb-content-under tmb-media-first tmb-no-bg\" ><div class=\"t-inside animate_when_almost_visible bottom-t-top\" data-delay=\"200\" data-speed=\"1000\"><div class=\"t-entry-visual\"><div class=\"t-entry-visual-tc\"><div class=\"t-entry-visual-cont\"><div class=\"t-entry-visual-overlay\"><div class=\"t-entry-visual-overlay-in style-dark-bg\" style=\"opacity: 0.5;\"><\/div><\/div><div class=\"fluid-svg\"><span id=\"icon-118351\" style=\"width:800px\" class=\"icon-media\"><img decoding=\"async\" src=\"https:\/\/www.controltecnica.com\/wp-content\/uploads\/2026\/02\/eventos-2026.svg\" alt=\"\" \/><\/span><\/div><\/div>\n\t\t\t\t\t<\/div>\n\t\t\t\t<\/div><div class=\"t-entry-text\">\n\t\t\t\t\t\t\t\t\t<div class=\"t-entry-text-tc half-block-padding\"><div class=\"t-entry\"><h2 class=\"t-entry-title h4 font-weight-400 title-scale\"><a href=\"https:\/\/www.controltecnica.com\/en\/mubil-mobility-expo-2026\/\" target=\"_self\">MUBIL Mobility Expo 2026<\/a><\/h2><\/div><\/div>\n\t\t\t\t\t\t\t<\/div><\/div><\/div>\t\t<\/div>\t\n\t\n\n\t<\/div>\t\t\t\t<\/div>\n<\/div><\/div><\/div><\/div><\/div><script id=\"script-row-unique-0\" data-row=\"script-row-unique-0\" type=\"text\/javascript\" class=\"vc_controls\">UNCODE.initRow(document.getElementById(\"row-unique-0\"));<\/script><\/div><\/div><\/div><div data-parent=\"true\" class=\"vc_row row-container\" id=\"row-unique-1\"><div class=\"row limit-width row-parent\"><div class=\"wpb_row row-inner\"><div class=\"wpb_column pos-top pos-center align_left column_parent col-lg-12 single-internal-gutter\"><div class=\"uncol style-light\"  ><div class=\"uncoltable\"><div class=\"uncell no-block-padding\" ><div class=\"uncont\" ><div class=\"vc_custom_heading_wrap\"><div class=\"heading-text el-text\" ><h2 class=\"h2\" ><span>In previous years we also participated in:<\/span><\/h2><\/div><div class=\"clear\"><\/div><\/div><div id=\"index-9857092\" class=\"cssgrid-system cssgrid-general-light grid-general-light cssgrid-153811 cssgrid-animate-sequential\" >\n\t\t\t\n\t\t\t\t\t\t\t\t\t\t\t\t\t\t<div class=\"cssgrid-wrapper grid-wrapper cssgrid-double-gutter\" >\t\t\t\t\t\t\t\t\t\t\t\t<div class=\"cssgrid-container grid-container cssgrid-layout cssgrid-pagination grid-pagination\" >\t\t\t<div class=\"tmb atc-typography-inherit tmb-grid tmb-iso-h4 img-round img-round-std tmb-light tmb-overlay-text-anim tmb-content-left tmb-text-space-reduced tmb-image-anim  grid-cat-101 grid-cat-180 grid-cat-241 tmb-id-156640 tmb-img-ratio tmb-content-under tmb-media-first tmb-no-bg\" ><div class=\"t-inside animate_when_almost_visible bottom-t-top\" data-delay=\"200\" data-speed=\"1000\"><div class=\"t-entry-visual\"><div class=\"t-entry-visual-tc\"><div class=\"t-entry-visual-cont\"><div class=\"dummy\" style=\"padding-top: 50%;\"><\/div><a role=\"button\" tabindex=\"-1\" href=\"https:\/\/www.controltecnica.com\/en\/participacion-en-eventos-2025\/\" class=\"pushed\" target=\"_self\" data-lb-index=\"0\"><div class=\"t-entry-visual-overlay\"><div class=\"t-entry-visual-overlay-in style-dark-bg\" style=\"opacity: 0.5;\"><\/div><\/div><img decoding=\"async\" class=\"wp-image-156658\" src=\"https:\/\/www.controltecnica.com\/wp-content\/uploads\/2025\/09\/imagen-blog-CONTROLTECNICA.jpg\" width=\"900\" height=\"450\" alt=\"\" srcset=\"https:\/\/www.controltecnica.com\/wp-content\/uploads\/2025\/09\/imagen-blog-CONTROLTECNICA.jpg 900w, https:\/\/www.controltecnica.com\/wp-content\/uploads\/2025\/09\/imagen-blog-CONTROLTECNICA-300x150.jpg 300w, https:\/\/www.controltecnica.com\/wp-content\/uploads\/2025\/09\/imagen-blog-CONTROLTECNICA-768x384.jpg 768w, https:\/\/www.controltecnica.com\/wp-content\/uploads\/2025\/09\/imagen-blog-CONTROLTECNICA-18x9.jpg 18w, https:\/\/www.controltecnica.com\/wp-content\/uploads\/2025\/09\/imagen-blog-CONTROLTECNICA-350x175.jpg 350w\" sizes=\"(max-width: 900px) 100vw, 900px\" \/><\/a><\/div>\n\t\t\t\t\t<\/div>\n\t\t\t\t<\/div><div class=\"t-entry-text\">\n\t\t\t\t\t\t\t\t\t<div class=\"t-entry-text-tc half-block-padding\"><div class=\"t-entry\"><h2 class=\"t-entry-title h5 font-weight-400 title-scale\"><a href=\"https:\/\/www.controltecnica.com\/en\/participacion-en-eventos-2025\/\" target=\"_self\">Participaci\u00f3n en eventos 2025<\/a><\/h2><\/div><\/div>\n\t\t\t\t\t\t\t<\/div><\/div><\/div><div class=\"tmb atc-typography-inherit tmb-grid tmb-iso-h4 img-round img-round-std tmb-light tmb-overlay-text-anim tmb-content-left tmb-text-space-reduced tmb-image-anim  grid-cat-180 tmb-id-156426 tmb-img-ratio tmb-content-under tmb-media-first tmb-no-bg\" ><div class=\"t-inside animate_when_almost_visible bottom-t-top\" data-delay=\"200\" data-speed=\"1000\"><div class=\"t-entry-visual\"><div class=\"t-entry-visual-tc\"><div class=\"t-entry-visual-cont\"><div class=\"dummy\" style=\"padding-top: 50%;\"><\/div><a role=\"button\" tabindex=\"-1\" href=\"https:\/\/www.controltecnica.com\/en\/sociedad-espanola-de-bioquimica-y-biologia-molecular\/\" class=\"pushed\" target=\"_self\" data-lb-index=\"1\"><div class=\"t-entry-visual-overlay\"><div class=\"t-entry-visual-overlay-in style-dark-bg\" style=\"opacity: 0.5;\"><\/div><\/div><img decoding=\"async\" class=\"wp-image-156299\" src=\"https:\/\/www.controltecnica.com\/wp-content\/uploads\/2025\/06\/47-caceres.jpg\" width=\"900\" height=\"450\" alt=\"\" srcset=\"https:\/\/www.controltecnica.com\/wp-content\/uploads\/2025\/06\/47-caceres.jpg 900w, https:\/\/www.controltecnica.com\/wp-content\/uploads\/2025\/06\/47-caceres-300x150.jpg 300w, https:\/\/www.controltecnica.com\/wp-content\/uploads\/2025\/06\/47-caceres-768x384.jpg 768w, https:\/\/www.controltecnica.com\/wp-content\/uploads\/2025\/06\/47-caceres-18x9.jpg 18w, https:\/\/www.controltecnica.com\/wp-content\/uploads\/2025\/06\/47-caceres-350x175.jpg 350w\" sizes=\"(max-width: 900px) 100vw, 900px\" \/><\/a><\/div>\n\t\t\t\t\t<\/div>\n\t\t\t\t<\/div><div class=\"t-entry-text\">\n\t\t\t\t\t\t\t\t\t<div class=\"t-entry-text-tc half-block-padding\"><div class=\"t-entry\"><h2 class=\"t-entry-title h5 font-weight-400 title-scale\"><a href=\"https:\/\/www.controltecnica.com\/en\/sociedad-espanola-de-bioquimica-y-biologia-molecular\/\" target=\"_self\">Sociedad Espa\u00f1ola de Bioqu\u00edmica y Biolog\u00eda Molecular<\/a><\/h2><\/div><\/div>\n\t\t\t\t\t\t\t<\/div><\/div><\/div><div class=\"tmb atc-typography-inherit tmb-grid tmb-iso-h4 img-round img-round-std tmb-light tmb-overlay-text-anim tmb-content-left tmb-text-space-reduced tmb-image-anim  grid-cat-180 tmb-id-156304 tmb-img-ratio tmb-content-under tmb-media-first tmb-no-bg\" ><div class=\"t-inside animate_when_almost_visible bottom-t-top\" data-delay=\"200\" data-speed=\"1000\"><div class=\"t-entry-visual\"><div class=\"t-entry-visual-tc\"><div class=\"t-entry-visual-cont\"><div class=\"dummy\" style=\"padding-top: 50%;\"><\/div><a role=\"button\" tabindex=\"-1\" href=\"https:\/\/www.controltecnica.com\/en\/farma-forum-2025\/\" class=\"pushed\" target=\"_self\" data-lb-index=\"2\"><div class=\"t-entry-visual-overlay\"><div class=\"t-entry-visual-overlay-in style-dark-bg\" style=\"opacity: 0.5;\"><\/div><\/div><img decoding=\"async\" class=\"wp-image-156306\" src=\"https:\/\/www.controltecnica.com\/wp-content\/uploads\/2025\/06\/farma-forum.jpg\" width=\"900\" height=\"450\" alt=\"\" srcset=\"https:\/\/www.controltecnica.com\/wp-content\/uploads\/2025\/06\/farma-forum.jpg 900w, https:\/\/www.controltecnica.com\/wp-content\/uploads\/2025\/06\/farma-forum-300x150.jpg 300w, https:\/\/www.controltecnica.com\/wp-content\/uploads\/2025\/06\/farma-forum-768x384.jpg 768w, https:\/\/www.controltecnica.com\/wp-content\/uploads\/2025\/06\/farma-forum-18x9.jpg 18w, https:\/\/www.controltecnica.com\/wp-content\/uploads\/2025\/06\/farma-forum-350x175.jpg 350w\" sizes=\"(max-width: 900px) 100vw, 900px\" \/><\/a><\/div>\n\t\t\t\t\t<\/div>\n\t\t\t\t<\/div><div class=\"t-entry-text\">\n\t\t\t\t\t\t\t\t\t<div class=\"t-entry-text-tc half-block-padding\"><div class=\"t-entry\"><h2 class=\"t-entry-title h5 font-weight-400 title-scale\"><a href=\"https:\/\/www.controltecnica.com\/en\/farma-forum-2025\/\" target=\"_self\">Farma Forum 2025<\/a><\/h2><\/div><\/div>\n\t\t\t\t\t\t\t<\/div><\/div><\/div><div class=\"tmb atc-typography-inherit tmb-grid tmb-iso-h4 img-round img-round-std tmb-light tmb-overlay-text-anim tmb-content-left tmb-text-space-reduced tmb-image-anim  grid-cat-180 tmb-id-156320 tmb-img-ratio tmb-content-under tmb-media-first tmb-no-bg\" ><div class=\"t-inside animate_when_almost_visible bottom-t-top\" data-delay=\"200\" data-speed=\"1000\"><div class=\"t-entry-visual\"><div class=\"t-entry-visual-tc\"><div class=\"t-entry-visual-cont\"><div class=\"dummy\" style=\"padding-top: 50%;\"><\/div><a role=\"button\" tabindex=\"-1\" href=\"https:\/\/www.controltecnica.com\/en\/charplast-2025\/\" class=\"pushed\" target=\"_self\" data-lb-index=\"3\"><div class=\"t-entry-visual-overlay\"><div class=\"t-entry-visual-overlay-in style-dark-bg\" style=\"opacity: 0.5;\"><\/div><\/div><img decoding=\"async\" class=\"wp-image-156321\" src=\"https:\/\/www.controltecnica.com\/wp-content\/uploads\/2025\/06\/charplast.jpg\" width=\"900\" height=\"450\" alt=\"\" srcset=\"https:\/\/www.controltecnica.com\/wp-content\/uploads\/2025\/06\/charplast.jpg 900w, https:\/\/www.controltecnica.com\/wp-content\/uploads\/2025\/06\/charplast-300x150.jpg 300w, https:\/\/www.controltecnica.com\/wp-content\/uploads\/2025\/06\/charplast-768x384.jpg 768w, https:\/\/www.controltecnica.com\/wp-content\/uploads\/2025\/06\/charplast-18x9.jpg 18w, https:\/\/www.controltecnica.com\/wp-content\/uploads\/2025\/06\/charplast-350x175.jpg 350w\" sizes=\"(max-width: 900px) 100vw, 900px\" \/><\/a><\/div>\n\t\t\t\t\t<\/div>\n\t\t\t\t<\/div><div class=\"t-entry-text\">\n\t\t\t\t\t\t\t\t\t<div class=\"t-entry-text-tc half-block-padding\"><div class=\"t-entry\"><h2 class=\"t-entry-title h5 font-weight-400 title-scale\"><a href=\"https:\/\/www.controltecnica.com\/en\/charplast-2025\/\" target=\"_self\">Charplast 2025<\/a><\/h2><\/div><\/div>\n\t\t\t\t\t\t\t<\/div><\/div><\/div><div class=\"tmb atc-typography-inherit tmb-grid tmb-iso-h4 img-round img-round-std tmb-light tmb-overlay-text-anim tmb-content-left tmb-text-space-reduced tmb-image-anim  grid-cat-180 tmb-id-156326 tmb-img-ratio tmb-content-under tmb-media-first tmb-no-bg\" ><div class=\"t-inside animate_when_almost_visible bottom-t-top\" data-delay=\"200\" data-speed=\"1000\"><div class=\"t-entry-visual\"><div class=\"t-entry-visual-tc\"><div class=\"t-entry-visual-cont\"><div class=\"dummy\" style=\"padding-top: 50%;\"><\/div><a role=\"button\" tabindex=\"-1\" href=\"https:\/\/www.controltecnica.com\/en\/xiii-congreso-asebir-bcn-2025\/\" class=\"pushed\" target=\"_self\" data-lb-index=\"4\"><div class=\"t-entry-visual-overlay\"><div class=\"t-entry-visual-overlay-in style-dark-bg\" style=\"opacity: 0.5;\"><\/div><\/div><img decoding=\"async\" class=\"wp-image-156327\" src=\"https:\/\/www.controltecnica.com\/wp-content\/uploads\/2025\/06\/asebir.jpg\" width=\"900\" height=\"450\" alt=\"\" srcset=\"https:\/\/www.controltecnica.com\/wp-content\/uploads\/2025\/06\/asebir.jpg 900w, https:\/\/www.controltecnica.com\/wp-content\/uploads\/2025\/06\/asebir-300x150.jpg 300w, https:\/\/www.controltecnica.com\/wp-content\/uploads\/2025\/06\/asebir-768x384.jpg 768w, https:\/\/www.controltecnica.com\/wp-content\/uploads\/2025\/06\/asebir-18x9.jpg 18w, https:\/\/www.controltecnica.com\/wp-content\/uploads\/2025\/06\/asebir-350x175.jpg 350w\" sizes=\"(max-width: 900px) 100vw, 900px\" \/><\/a><\/div>\n\t\t\t\t\t<\/div>\n\t\t\t\t<\/div><div class=\"t-entry-text\">\n\t\t\t\t\t\t\t\t\t<div class=\"t-entry-text-tc half-block-padding\"><div class=\"t-entry\"><h2 class=\"t-entry-title h5 font-weight-400 title-scale\"><a href=\"https:\/\/www.controltecnica.com\/en\/xiii-congreso-asebir-bcn-2025\/\" target=\"_self\">XIII Congreso ASEBIR BCN 2025<\/a><\/h2><\/div><\/div>\n\t\t\t\t\t\t\t<\/div><\/div><\/div><div class=\"tmb atc-typography-inherit tmb-grid tmb-iso-h4 img-round img-round-std tmb-light tmb-overlay-text-anim tmb-content-left tmb-text-space-reduced tmb-image-anim  grid-cat-180 tmb-id-156232 tmb-img-ratio tmb-content-under tmb-media-first tmb-no-bg\" ><div class=\"t-inside animate_when_almost_visible bottom-t-top\" data-delay=\"200\" data-speed=\"1000\"><div class=\"t-entry-visual\"><div class=\"t-entry-visual-tc\"><div class=\"t-entry-visual-cont\"><div class=\"dummy\" style=\"padding-top: 50%;\"><\/div><a role=\"button\" tabindex=\"-1\" href=\"https:\/\/www.controltecnica.com\/en\/ponencia-en-el-nms-biosafety-workshop-en-lisboa\/\" class=\"pushed\" target=\"_self\" data-lb-index=\"5\"><div class=\"t-entry-visual-overlay\"><div class=\"t-entry-visual-overlay-in style-dark-bg\" style=\"opacity: 0.5;\"><\/div><\/div><img decoding=\"async\" class=\"wp-image-156414\" src=\"https:\/\/www.controltecnica.com\/wp-content\/uploads\/2025\/04\/nms-1-uai-1132x566.png\" width=\"1132\" height=\"566\" alt=\"\" \/><\/a><\/div>\n\t\t\t\t\t<\/div>\n\t\t\t\t<\/div><div class=\"t-entry-text\">\n\t\t\t\t\t\t\t\t\t<div class=\"t-entry-text-tc half-block-padding\"><div class=\"t-entry\"><h2 class=\"t-entry-title h5 font-weight-400 title-scale\"><a href=\"https:\/\/www.controltecnica.com\/en\/ponencia-en-el-nms-biosafety-workshop-en-lisboa\/\" target=\"_self\">Ponencia en el NMS Biosafety Workshop en Lisboa<\/a><\/h2><\/div><\/div>\n\t\t\t\t\t\t\t<\/div><\/div><\/div><div class=\"tmb atc-typography-inherit tmb-grid tmb-iso-h4 img-round img-round-std tmb-light tmb-overlay-text-anim tmb-content-left tmb-text-space-reduced tmb-image-anim  grid-cat-180 tmb-id-83993 tmb-img-ratio tmb-content-under tmb-media-first tmb-no-bg\" ><div class=\"t-inside animate_when_almost_visible bottom-t-top\" data-delay=\"200\" data-speed=\"1000\"><div class=\"t-entry-visual\"><div class=\"t-entry-visual-tc\"><div class=\"t-entry-visual-cont\"><div class=\"dummy\" style=\"padding-top: 50%;\"><\/div><a role=\"button\" tabindex=\"-1\" href=\"https:\/\/www.controltecnica.com\/en\/meling-en-medica-2022-dusseldorf\/\" class=\"pushed\" target=\"_self\" data-lb-index=\"6\"><div class=\"t-entry-visual-overlay\"><div class=\"t-entry-visual-overlay-in style-dark-bg\" style=\"opacity: 0.5;\"><\/div><\/div><img decoding=\"async\" class=\"wp-image-156482\" src=\"https:\/\/www.controltecnica.com\/wp-content\/uploads\/2022\/11\/meling.jpg\" width=\"600\" height=\"300\" alt=\"\" srcset=\"https:\/\/www.controltecnica.com\/wp-content\/uploads\/2022\/11\/meling.jpg 600w, https:\/\/www.controltecnica.com\/wp-content\/uploads\/2022\/11\/meling-300x150.jpg 300w, https:\/\/www.controltecnica.com\/wp-content\/uploads\/2022\/11\/meling-18x9.jpg 18w, https:\/\/www.controltecnica.com\/wp-content\/uploads\/2022\/11\/meling-350x175.jpg 350w\" sizes=\"(max-width: 600px) 100vw, 600px\" \/><\/a><\/div>\n\t\t\t\t\t<\/div>\n\t\t\t\t<\/div><div class=\"t-entry-text\">\n\t\t\t\t\t\t\t\t\t<div class=\"t-entry-text-tc half-block-padding\"><div class=\"t-entry\"><h2 class=\"t-entry-title h5 font-weight-400 title-scale\"><a href=\"https:\/\/www.controltecnica.com\/en\/meling-en-medica-2022-dusseldorf\/\" target=\"_self\">Meling en MEDICA 2022, D\u00fcsseldorf<\/a><\/h2><\/div><\/div>\n\t\t\t\t\t\t\t<\/div><\/div><\/div><div class=\"tmb atc-typography-inherit tmb-grid tmb-iso-h4 img-round img-round-std tmb-light tmb-overlay-text-anim tmb-content-left tmb-text-space-reduced tmb-image-anim  grid-cat-180 tmb-id-83934 tmb-img-ratio tmb-content-under tmb-media-first tmb-no-bg\" ><div class=\"t-inside animate_when_almost_visible bottom-t-top\" data-delay=\"200\" data-speed=\"1000\"><div class=\"t-entry-visual\"><div class=\"t-entry-visual-tc\"><div class=\"t-entry-visual-cont\"><div class=\"dummy\" style=\"padding-top: 50%;\"><\/div><a role=\"button\" tabindex=\"-1\" href=\"https:\/\/www.controltecnica.com\/en\/controltecnica-participa-en-go-mobility-by-mubil-2022\/\" class=\"pushed\" target=\"_self\" data-lb-index=\"7\"><div class=\"t-entry-visual-overlay\"><div class=\"t-entry-visual-overlay-in style-dark-bg\" style=\"opacity: 0.5;\"><\/div><\/div><img decoding=\"async\" class=\"wp-image-156479\" src=\"https:\/\/www.controltecnica.com\/wp-content\/uploads\/2022\/01\/mobility.jpg\" width=\"600\" height=\"300\" alt=\"\" srcset=\"https:\/\/www.controltecnica.com\/wp-content\/uploads\/2022\/01\/mobility.jpg 600w, https:\/\/www.controltecnica.com\/wp-content\/uploads\/2022\/01\/mobility-300x150.jpg 300w, https:\/\/www.controltecnica.com\/wp-content\/uploads\/2022\/01\/mobility-18x9.jpg 18w, https:\/\/www.controltecnica.com\/wp-content\/uploads\/2022\/01\/mobility-350x175.jpg 350w\" sizes=\"(max-width: 600px) 100vw, 600px\" \/><\/a><\/div>\n\t\t\t\t\t<\/div>\n\t\t\t\t<\/div><div class=\"t-entry-text\">\n\t\t\t\t\t\t\t\t\t<div class=\"t-entry-text-tc half-block-padding\"><div class=\"t-entry\"><h2 class=\"t-entry-title h5 font-weight-400 title-scale\"><a href=\"https:\/\/www.controltecnica.com\/en\/controltecnica-participa-en-go-mobility-by-mubil-2022\/\" target=\"_self\">CONTROLTECNICA en Go Mobility by Mubil 2022<\/a><\/h2><\/div><\/div>\n\t\t\t\t\t\t\t<\/div><\/div><\/div><div class=\"tmb atc-typography-inherit tmb-grid tmb-iso-h4 img-round img-round-std tmb-light tmb-overlay-text-anim tmb-content-left tmb-text-space-reduced tmb-image-anim  grid-cat-180 tmb-id-83922 tmb-img-ratio tmb-content-under tmb-media-first tmb-no-bg\" ><div class=\"t-inside animate_when_almost_visible bottom-t-top\" data-delay=\"200\" data-speed=\"1000\"><div class=\"t-entry-visual\"><div class=\"t-entry-visual-tc\"><div class=\"t-entry-visual-cont\"><div class=\"dummy\" style=\"padding-top: 50%;\"><\/div><a role=\"button\" tabindex=\"-1\" href=\"https:\/\/www.controltecnica.com\/en\/controltecnica-bio-participa-en-el-xi-congreso-asebir\/\" class=\"pushed\" target=\"_self\" data-lb-index=\"8\"><div class=\"t-entry-visual-overlay\"><div class=\"t-entry-visual-overlay-in style-dark-bg\" style=\"opacity: 0.5;\"><\/div><\/div><img decoding=\"async\" class=\"wp-image-83928\" src=\"https:\/\/www.controltecnica.com\/wp-content\/uploads\/2021\/11\/ASEBIR-2021-uai-940x470.png\" width=\"940\" height=\"470\" alt=\"\" \/><\/a><\/div>\n\t\t\t\t\t<\/div>\n\t\t\t\t<\/div><div class=\"t-entry-text\">\n\t\t\t\t\t\t\t\t\t<div class=\"t-entry-text-tc half-block-padding\"><div class=\"t-entry\"><h2 class=\"t-entry-title h5 font-weight-400 title-scale\"><a href=\"https:\/\/www.controltecnica.com\/en\/controltecnica-bio-participa-en-el-xi-congreso-asebir\/\" target=\"_self\">Controltecnica BIO participa en el XI Congreso ASEBIR<\/a><\/h2><\/div><\/div>\n\t\t\t\t\t\t\t<\/div><\/div><\/div>\t\t<\/div>\t\n\t\n\n\t<\/div>\t\t\t\t<\/div>\n<\/div><\/div><\/div><\/div><\/div><script id=\"script-row-unique-1\" data-row=\"script-row-unique-1\" type=\"text\/javascript\" class=\"vc_controls\">UNCODE.initRow(document.getElementById(\"row-unique-1\"));<\/script><\/div><\/div><\/div>\n<\/div>","protected":false},"excerpt":{"rendered":"CONTROLTECNICA participar\u00e1 en el pr\u00f3ximo congreso de ASEBIR, Asociaci\u00f3n para el Estudio de la Biolog\u00eda de la Reproducci\u00f3n. Tendr\u00e1 lugar [...]","protected":false},"author":2,"featured_media":0,"parent":0,"menu_order":0,"comment_status":"closed","ping_status":"closed","template":"","meta":{"iawp_total_views":556,"footnotes":""},"class_list":["post-156230","page","type-page","status-publish","hentry"],"_links":{"self":[{"href":"https:\/\/www.controltecnica.com\/en\/wp-json\/wp\/v2\/pages\/156230","targetHints":{"allow":["GET"]}}],"collection":[{"href":"https:\/\/www.controltecnica.com\/en\/wp-json\/wp\/v2\/pages"}],"about":[{"href":"https:\/\/www.controltecnica.com\/en\/wp-json\/wp\/v2\/types\/page"}],"author":[{"embeddable":true,"href":"https:\/\/www.controltecnica.com\/en\/wp-json\/wp\/v2\/users\/2"}],"replies":[{"embeddable":true,"href":"https:\/\/www.controltecnica.com\/en\/wp-json\/wp\/v2\/comments?post=156230"}],"version-history":[{"count":14,"href":"https:\/\/www.controltecnica.com\/en\/wp-json\/wp\/v2\/pages\/156230\/revisions"}],"predecessor-version":[{"id":156500,"href":"https:\/\/www.controltecnica.com\/en\/wp-json\/wp\/v2\/pages\/156230\/revisions\/156500"}],"wp:attachment":[{"href":"https:\/\/www.controltecnica.com\/en\/wp-json\/wp\/v2\/media?parent=156230"}],"curies":[{"name":"wp","href":"https:\/\/api.w.org\/{rel}","templated":true}]}}