{"id":156083,"date":"2025-06-13T09:05:51","date_gmt":"2025-06-13T09:05:51","guid":{"rendered":"https:\/\/www.controltecnica.com\/?page_id=156083"},"modified":"2025-07-02T17:41:44","modified_gmt":"2025-07-02T17:41:44","slug":"ingenieria","status":"publish","type":"page","link":"https:\/\/www.controltecnica.com\/en\/ingenieria\/","title":{"rendered":"Engineering"},"content":{"rendered":"<div class=\"wpb-content-wrapper\"><div data-parent=\"true\" class=\"vc_row row-container\" id=\"row-unique-0\"><div class=\"row col-half-gutter single-top-padding triple-bottom-padding exa-h-padding full-width row-parent\"><div class=\"wpb_row row-inner\"><div class=\"wpb_column pos-top pos-center align_left column_parent col-lg-12 single-internal-gutter\"><div class=\"uncol style-light\"  ><div class=\"uncoltable\"><div class=\"uncell no-block-padding\" ><div class=\"uncont\" ><div class=\"vc_row style-color-lxmt-bg row-internal row-container\"><div class=\"row row-child\"><div class=\"wpb_row row-inner\"><div class=\"wpb_column pos-top pos-center align_left column_child col-lg-4 half-internal-gutter\"><div class=\"uncol style-light\" ><div class=\"uncoltable\"><div class=\"uncell single-block-padding style-color-xsdn-bg  unradius-lg\" ><div class=\"uncont\" ><div class=\"uncode-single-media  text-left\"><div class=\"single-wrapper\" style=\"max-width: 100%;\"><div class=\"tmb tmb-light  tmb-media-first tmb-media-last tmb-content-overlay tmb-no-bg\"><div class=\"t-inside\"><div class=\"t-entry-visual\"><div class=\"t-entry-visual-tc\"><div class=\"uncode-single-media-wrapper\"><img decoding=\"async\" class=\"wp-image-156268\" src=\"https:\/\/www.controltecnica.com\/wp-content\/uploads\/2025\/06\/caltecnica.jpg\" width=\"371\" height=\"76\" alt=\"\" srcset=\"https:\/\/www.controltecnica.com\/wp-content\/uploads\/2025\/06\/caltecnica.jpg 371w, https:\/\/www.controltecnica.com\/wp-content\/uploads\/2025\/06\/caltecnica-300x61.jpg 300w, https:\/\/www.controltecnica.com\/wp-content\/uploads\/2025\/06\/caltecnica-18x4.jpg 18w, https:\/\/www.controltecnica.com\/wp-content\/uploads\/2025\/06\/caltecnica-350x72.jpg 350w\" sizes=\"(max-width: 371px) 100vw, 371px\" \/><\/div>\n\t\t\t\t\t<\/div>\n\t\t\t\t<\/div><\/div><\/div><\/div><\/div><div class=\"vc_custom_heading_wrap\"><div class=\"heading-text el-text\" ><h3 class=\"h4 font-weight-500\" ><span>Technical Service<br \/><\/span><span>and ENAC Calibration<br \/><\/span><span>Laboratory<\/span><\/h3><\/div><div class=\"clear\"><\/div><\/div><div class=\"vc_custom_heading_wrap\"><div class=\"heading-text el-text\" ><h6 class=\"h6 font-weight-500 text-color-xsdn-color badge-style unradius-std style-color-vyce-bg\" ><span>SAT DIVISION<\/span><\/h6><\/div><div class=\"clear\"><\/div><\/div><div class=\"empty-space empty-half mobile-hidden\" ><span class=\"empty-space-inner\"><\/span><\/div>\n<div class=\"uncode_text_column text-lead\" ><p>+34 917 280 646<br \/>\n<a href=\"mailto:gestion@caltecnica.com\">gestion@caltecnica.com<\/a><\/p>\n<\/div><span class=\"btn-container\" ><a role=\"button\"  href=\"https:\/\/www.controltecnica.com\/sat\/calservice-servicio-tecnico-y-laboratorio-de-calibracion.php\" class=\"custom-link h5 btn-underline-out btn-custom-typo font-555555 font-weight-500 text-initial no-letterspace border-width-0 text-color-vyce-color btn-icon-left\" target=\"_blank\"><span>Read more<\/span><\/a><\/span><div class=\"empty-space empty-half mobile-hidden\" ><span class=\"empty-space-inner\"><\/span><\/div>\n<div class=\"uncode-single-media  text-left\"><div class=\"single-wrapper\" style=\"max-width: 100%;\"><div class=\"tmb tmb-light  img-round img-round-lg tmb-img-ratio tmb-media-first tmb-media-last tmb-content-overlay tmb-no-bg\"><div class=\"t-inside\"><div class=\"t-entry-visual\"><div class=\"t-entry-visual-tc\"><div class=\"uncode-single-media-wrapper img-round img-round-lg\"><div class=\"dummy\" style=\"padding-top: 100%;\"><\/div><img decoding=\"async\" class=\"wp-image-156084\" src=\"https:\/\/www.controltecnica.com\/wp-content\/uploads\/2025\/06\/cal-5.jpg\" width=\"797\" height=\"797\" alt=\"\" srcset=\"https:\/\/www.controltecnica.com\/wp-content\/uploads\/2025\/06\/cal-5.jpg 797w, https:\/\/www.controltecnica.com\/wp-content\/uploads\/2025\/06\/cal-5-300x300.jpg 300w, https:\/\/www.controltecnica.com\/wp-content\/uploads\/2025\/06\/cal-5-150x150.jpg 150w, https:\/\/www.controltecnica.com\/wp-content\/uploads\/2025\/06\/cal-5-768x768.jpg 768w, https:\/\/www.controltecnica.com\/wp-content\/uploads\/2025\/06\/cal-5-12x12.jpg 12w, https:\/\/www.controltecnica.com\/wp-content\/uploads\/2025\/06\/cal-5-350x350.jpg 350w, https:\/\/www.controltecnica.com\/wp-content\/uploads\/2025\/06\/cal-5-348x348.jpg 348w\" sizes=\"(max-width: 797px) 100vw, 797px\" \/><\/div>\n\t\t\t\t\t<\/div>\n\t\t\t\t<\/div><\/div><\/div><\/div><\/div><\/div><\/div><\/div><\/div><\/div><div class=\"wpb_column pos-top pos-center align_left column_child col-lg-8 half-internal-gutter\"><div class=\"uncol style-light sticky-element sticky-sidebar\" ><div class=\"uncoltable\"><div class=\"uncell no-block-padding\" ><div class=\"uncont\" ><div class=\"uncode_text_column text-justify text-lead\" ><p>Based on our experience, we have developed a service designed to improve control of your equipment, optimise costs and reduce staff effort, available to any laboratory.<\/p>\n<p><strong>All your laboratory equipment included.<\/strong><\/p>\n<\/div><div class=\"uncode-wrapper uncode-list\" >\n<ul class=\"icons\">\n<li><i class=\"fa fa-caret-right text-accent-color\"><\/i>Climate\/Thermal Chambers<\/li>\n<li><i class=\"fa fa-caret-right text-accent-color\"><\/i>Ovens\/Vacuum Ovens<\/li>\n<li><i class=\"fa fa-caret-right text-accent-color\"><\/i>CO2 and O2 Incubators<\/li>\n<li><i class=\"fa fa-caret-right text-accent-color\"><\/i>-80\u00baC Freezers<\/li>\n<li><i class=\"fa fa-caret-right text-accent-color\"><\/i>Refrigerators\/Coolers<\/li>\n<li><i class=\"fa fa-caret-right text-accent-color\"><\/i>Autoclaves<\/li>\n<li><i class=\"fa fa-caret-right text-accent-color\"><\/i>Centrifuges\/Refrigerated Centrifuges<\/li>\n<li><i class=\"fa fa-caret-right text-accent-color\"><\/i>Biological Safety Cabinets<\/li>\n<li><i class=\"fa fa-caret-right text-accent-color\"><\/i>Flow Cabinets<\/li>\n<li><i class=\"fa fa-caret-right text-accent-color\"><\/i>Ovens<\/li>\n<li><i class=\"fa fa-caret-right text-accent-color\"><\/i>Scales<\/li>\n<li><i class=\"fa fa-caret-right text-accent-color\"><\/i>Solar Radiation\/Light Fastness Equipment<\/li>\n<li><i class=\"fa fa-caret-right text-accent-color\"><\/i>Maintenance Hospital Equipment<\/li>\n<li><i class=\"fa fa-caret-right text-accent-color\"><\/i>Operating Theatres \/ ICUs<\/li>\n<\/ul>\n<\/div><\/div><\/div><\/div><\/div><\/div><\/div><\/div><\/div><\/div><\/div><\/div><\/div><\/div><script id=\"script-row-unique-0\" data-row=\"script-row-unique-0\" type=\"text\/javascript\" class=\"vc_controls\">UNCODE.initRow(document.getElementById(\"row-unique-0\"));<\/script><\/div><\/div><\/div>\n<\/div>","protected":false},"excerpt":{"rendered":"Servicio T\u00e9cnico yLaboratorio decalibraci\u00f3n ENACDIVISI\u00d3N SAT +34 917 280 646 gestion@caltecnica.com M\u00e1s informaci\u00f3n Based on our experience, we have developed [...]","protected":false},"author":2,"featured_media":0,"parent":0,"menu_order":0,"comment_status":"closed","ping_status":"closed","template":"","meta":{"iawp_total_views":18,"footnotes":""},"class_list":["post-156083","page","type-page","status-publish","hentry"],"_links":{"self":[{"href":"https:\/\/www.controltecnica.com\/en\/wp-json\/wp\/v2\/pages\/156083","targetHints":{"allow":["GET"]}}],"collection":[{"href":"https:\/\/www.controltecnica.com\/en\/wp-json\/wp\/v2\/pages"}],"about":[{"href":"https:\/\/www.controltecnica.com\/en\/wp-json\/wp\/v2\/types\/page"}],"author":[{"embeddable":true,"href":"https:\/\/www.controltecnica.com\/en\/wp-json\/wp\/v2\/users\/2"}],"replies":[{"embeddable":true,"href":"https:\/\/www.controltecnica.com\/en\/wp-json\/wp\/v2\/comments?post=156083"}],"version-history":[{"count":7,"href":"https:\/\/www.controltecnica.com\/en\/wp-json\/wp\/v2\/pages\/156083\/revisions"}],"predecessor-version":[{"id":156588,"href":"https:\/\/www.controltecnica.com\/en\/wp-json\/wp\/v2\/pages\/156083\/revisions\/156588"}],"wp:attachment":[{"href":"https:\/\/www.controltecnica.com\/en\/wp-json\/wp\/v2\/media?parent=156083"}],"curies":[{"name":"wp","href":"https:\/\/api.w.org\/{rel}","templated":true}]}}