{"id":9337,"date":"2026-03-19T13:33:33","date_gmt":"2026-03-19T13:33:33","guid":{"rendered":"https:\/\/www.controltecnica.com\/bio\/?post_type=product&#038;p=9337"},"modified":"2026-03-26T10:44:23","modified_gmt":"2026-03-26T10:44:23","slug":"camara-de-fotoestabilidad-kks-ich-750","status":"publish","type":"product","link":"https:\/\/www.controltecnica.com\/bio\/producto\/camara-de-fotoestabilidad-kks-ich-750\/","title":{"rendered":"C\u00e1mara de fotoestabilidad KKS ICH 750"},"content":{"rendered":"<p>[vc_row][vc_column width=\u00bb1\/2&#8243;]\n<div class=\"wpcf7 no-js\" id=\"wpcf7-f7-o1\" lang=\"es-ES\" dir=\"ltr\" data-wpcf7-id=\"7\">\n<div class=\"screen-reader-response\"><p role=\"status\" aria-live=\"polite\" aria-atomic=\"true\"><\/p> <ul><\/ul><\/div>\n<form action=\"\/bio\/wp-json\/wp\/v2\/product\/9337#wpcf7-f7-o1\" method=\"post\" class=\"wpcf7-form init\" aria-label=\"Formulario de contacto\" novalidate=\"novalidate\" data-status=\"init\">\n<fieldset class=\"hidden-fields-container\"><input type=\"hidden\" name=\"_wpcf7\" value=\"7\" \/><input type=\"hidden\" name=\"_wpcf7_version\" value=\"6.1.5\" \/><input type=\"hidden\" name=\"_wpcf7_locale\" value=\"es_ES\" \/><input type=\"hidden\" name=\"_wpcf7_unit_tag\" value=\"wpcf7-f7-o1\" \/><input type=\"hidden\" name=\"_wpcf7_container_post\" value=\"0\" \/><input type=\"hidden\" name=\"_wpcf7_posted_data_hash\" value=\"\" \/><input type=\"hidden\" name=\"_wpcf7_recaptcha_response\" value=\"\" \/>\n<\/fieldset>\n<div style=\"color:#e30614;font-weight:600;font-size:30px;margin-bottom:10px;\">\n\t<p>\u00bfPodemos ayudarte?\n\t<\/p>\n<\/div>\n<div class=\"row\">\n\t<div class=\"col-md-6\" style='margin-bottom:20px;'>\n\t\t<p><label>Nombre y Apellidos*<\/label><span class=\"wpcf7-form-control-wrap\" data-name=\"your-name\"><input size=\"40\" maxlength=\"400\" class=\"wpcf7-form-control wpcf7-text wpcf7-validates-as-required\" aria-required=\"true\" aria-invalid=\"false\" value=\"\" type=\"text\" name=\"your-name\" \/><\/span>\n\t\t<\/p>\n\t<\/div>\n\t<div class=\"col-md-6\" style='margin-bottom:20px;'>\n\t\t<p><label>Empresa\/Univ\/Hosp*<\/label><span class=\"wpcf7-form-control-wrap\" data-name=\"your-job\"><input size=\"40\" maxlength=\"400\" class=\"wpcf7-form-control wpcf7-text wpcf7-validates-as-required\" aria-required=\"true\" aria-invalid=\"false\" value=\"\" type=\"text\" name=\"your-job\" \/><\/span>\n\t\t<\/p>\n\t<\/div>\n<\/div>\n<div class=\"row\">\n\t<div class=\"col-md-6\" style='margin-bottom:20px;'>\n\t\t<p><label>Email*<\/label><span class=\"wpcf7-form-control-wrap\" data-name=\"your-email\"><input size=\"40\" maxlength=\"400\" class=\"wpcf7-form-control wpcf7-email wpcf7-validates-as-required wpcf7-text wpcf7-validates-as-email\" aria-required=\"true\" aria-invalid=\"false\" value=\"\" type=\"email\" name=\"your-email\" \/><\/span>\n\t\t<\/p>\n\t<\/div>\n\t<div class=\"col-md-6\" style='margin-bottom:20px;'>\n\t\t<p><label>Tel\u00e9fono*<\/label><span class=\"wpcf7-form-control-wrap\" data-name=\"your-number\"><input size=\"40\" maxlength=\"400\" class=\"wpcf7-form-control wpcf7-text wpcf7-validates-as-required\" aria-required=\"true\" aria-invalid=\"false\" value=\"\" type=\"text\" name=\"your-number\" \/><\/span>\n\t\t<\/p>\n\t<\/div>\n<\/div>\n<p><label>\u00bfEn qu\u00e9 est\u00e1s interesado?<\/label><span class=\"wpcf7-form-control-wrap\" data-name=\"your-message\"><textarea cols=\"40\" rows=\"10\" maxlength=\"2000\" class=\"wpcf7-form-control wpcf7-textarea\" aria-invalid=\"false\" name=\"your-message\"><\/textarea><\/span>\n<\/p>\n<p><span class=\"wpcf7-form-control-wrap\" data-name=\"acceptance-412\"><span class=\"wpcf7-form-control wpcf7-acceptance\"><span class=\"wpcf7-list-item\"><label><input type=\"checkbox\" name=\"acceptance-412\" value=\"1\" aria-invalid=\"false\" \/><span class=\"wpcf7-list-item-label\">He le\u00eddo y acepto la <a href=\"https:\/\/www.controltecnica.com\/bio\/privacidad\" target=\"_blank\">pol\u00edtica de privacidad<\/a><\/span><\/label><\/span><\/span><\/span><br \/>\n<span class=\"wpcf7-form-control-wrap\" data-name=\"acceptance-581\"><span class=\"wpcf7-form-control wpcf7-acceptance optional\"><span class=\"wpcf7-list-item\"><label><input type=\"checkbox\" name=\"acceptance-581\" value=\"1\" aria-invalid=\"false\" \/><span class=\"wpcf7-list-item-label\">Acepto recibir informaci\u00f3n comercial de CONTROLTECNICA<\/span><\/label><\/span><\/span><\/span>\n<\/p>\n<p><input class=\"wpcf7-form-control wpcf7-submit has-spinner btn-size-large btn btn-color-primary\" type=\"submit\" value=\"ENVIAR MENSAJE\" \/>\n<\/p><div class=\"wpcf7-response-output\" aria-hidden=\"true\"><\/div>\n<\/form>\n<\/div>\n[vc_btn title=\u00bbSolicita una oferta\u00bb color=\u00bbdanger\u00bb link=\u00bburl:https%3A%2F%2Fwww.controltecnica.com%2Fbio%2Fcontacto|target:_blank\u00bb][\/vc_column][vc_column width=\u00bb1\/2&#8243;][vc_column_text text_larger=\u00bbno\u00bb]<strong>Ensayos ICH para grandes vol\u00famenes<\/strong><\/p>\n<p>La c\u00e1mara KKS 750 est\u00e1 dise\u00f1ada para laboratorios que requieren realizar ensayos de fotoestabilidad a gran escala sin perder precisi\u00f3n ni control.<\/p>\n<p>Cumple con ICH Q1B, asegurando condiciones reproducibles para validar productos sensibles a la luz.<\/p>\n<p><strong>M\u00e1xima uniformidad y control<\/strong><\/p>\n<p>Este modelo ofrece:<\/p>\n<ul>\n<li>Distribuci\u00f3n homog\u00e9nea de la luz en todo el volumen<\/li>\n<li>Control preciso de temperatura<\/li>\n<li>Estabilidad en ensayos prolongados<\/li>\n<\/ul>\n<p><strong>Ideal para entornos exigentes<\/strong><\/p>\n<ul>\n<li>Industria farmac\u00e9utica<\/li>\n<li>Producci\u00f3n y validaci\u00f3n<\/li>\n<li>Laboratorios con alta carga de muestras<\/li>\n<\/ul>\n<p><strong>Escala sin perder fiabilidad<\/strong><\/p>\n<p>M\u00e1s capacidad, mismo rigor cient\u00edfico<\/p>\n<hr \/>\n<p><span style=\"color: #333399;\"><em>Las c\u00e1maras clim\u00e1ticas POL-EKO han proporcionado a los usuarios excelente calidad, sistemas eficientes de calefacci\u00f3n-enfriamiento-humidificaci\u00f3n, y controladores SMART PRO innovadores y f\u00e1ciles de usar que permiten la gesti\u00f3n precisa de par\u00e1metros. Ahora, los investigadores pueden beneficiarse de soluciones de iluminaci\u00f3n avanzada, expandiendo la aplicaci\u00f3n de estas c\u00e1maras para incluir pruebas de fotostabilidad. Cada c\u00e1mara est\u00e1 dise\u00f1ada para cumplir completamente con los requisitos del procedimiento\u00a0<strong>ICH Q1B<\/strong>, permitiendo que las pruebas se realicen en el menor tiempo posible manteniendo los m\u00e1s altos est\u00e1ndares de calidad. Adem\u00e1s, los usuarios pueden aprovechar el\u00a0<strong>software\u00a0<a style=\"color: #333399;\" href=\"https:\/\/www.pol-eko.com.pl\/software-labdesk-cfr\/\" target=\"_blank\" rel=\"noopener\">LabDesk CFR<\/a><\/strong>\u00a0(conforme a CFR 21 Parte 11), asegurando la gesti\u00f3n segura de investigaciones y datos.<\/em><\/span><\/p>\n<p><span style=\"color: #333399;\"><em>Aplicaciones T\u00edpicas:<\/em><\/span><\/p>\n<ul>\n<li><span style=\"color: #333399;\"><em>Pruebas de estabilidad fotoqu\u00edmica de productos farmac\u00e9uticos, cosm\u00e9ticos y sustancias activas<\/em><\/span><\/li>\n<li><span style=\"color: #333399;\"><em>An\u00e1lisis de durabilidad del producto bajo exposici\u00f3n a la luz<\/em><\/span><\/li>\n<li><span style=\"color: #333399;\"><em>Validaci\u00f3n de instrucciones de almacenamiento y empaque bajo condiciones de luz<\/em><\/span><\/li>\n<\/ul>\n<h2><span style=\"color: #333399;\"><em>C\u00e1maras de la SERIE KKS ICH para pruebas de fotostabilidad &#8211; cumplimiento con ICH Q1B<\/em><\/span><\/h2>\n<ul>\n<li><span style=\"color: #333399;\"><em>Prueba completa de fotostabilidad conforme a <strong>ICH Q1B en m\u00e1ximo 29 horas<\/strong>* \u2013 ahorro de tiempo y energ\u00eda<\/em><\/span><\/li>\n<li><span style=\"color: #333399;\"><em><strong>\u00c1rea grande de estantes utilizables<\/strong>\u00a0con iluminaci\u00f3n uniforme para condiciones consistentes de muestras<\/em><\/span><\/li>\n<li><span style=\"color: #333399;\"><em>Control completo de pruebas con controlador SMART PRO y software\u00a0<strong>LabDesk CFR<\/strong><\/em><\/span><\/li>\n<li><span style=\"color: #333399;\"><em>El sistema de iluminaci\u00f3n m\u00e1s preciso y eficiente para ICH Q1B<\/em><\/span><\/li>\n<li><span style=\"color: #333399;\"><em>Dos sistemas de iluminaci\u00f3n especialmente dise\u00f1ados: con luz UVA y luz VIS<\/em><\/span><\/li>\n<li><span style=\"color: #333399;\"><em>Uso de componentes de iluminaci\u00f3n de clase premium (Osram, Philips)<\/em><\/span><\/li>\n<li><span style=\"color: #333399;\"><em>Excelente calidad de luz VIS, cercana a condiciones naturales (CRI &gt; 90, 6500K)<\/em><\/span><\/li>\n<li><span style=\"color: #333399;\"><em>M\u00e1xima eficiencia de sistemas de iluminaci\u00f3n, permitiendo las pruebas de fotostabilidad m\u00e1s r\u00e1pidas posibles conforme a ICH Q1B<\/em><\/span><\/li>\n<li><span style=\"color: #333399;\"><em>Interior de la c\u00e1mara en acero inoxidable, recubierto en polvo de color blanco<\/em><\/span><\/li>\n<\/ul>\n<p><span style=\"color: #333399;\"><em>* el tiempo indicado se aplica a muestras planas. Para objetos de otras formas, las pruebas tomar\u00e1n menos tiempo<\/em><\/span><\/p>\n<h2><span style=\"color: #333399;\"><em>Calidad Comprobada \u2013 Nuevas Posibilidades<\/em><\/span><\/h2>\n<p><span style=\"color: #333399;\"><em>Las c\u00e1maras de prueba de fotoestabilidad conformes a las directrices ICH Q1B son unidades clim\u00e1ticas especializadas que combinan el control de temperatura y humedad con iluminaci\u00f3n precisamente regulada (VIS+UV).<\/em><\/span><\/p>\n<p><span style=\"color: #333399;\"><em>Permiten la simulaci\u00f3n de la exposici\u00f3n del producto a la luz seg\u00fan est\u00e1ndares, con la intensidad y espectros requeridos.<\/em><\/span><\/p>\n<div class=\"row\"><\/div>\n<p>[\/vc_column_text][\/vc_column][\/vc_row]<\/p>\n","protected":false},"excerpt":{"rendered":"<p>La c\u00e1mara de fotoestabilidad KKS 750de POL-EKO es la soluci\u00f3n de gran capacidad para ensayos conforme a normativa ICH, ideal para laboratorios con alto volumen de muestras.<\/p>\n<h2>Equipo est\u00e1ndar KKS 750 ICH<\/h2>\n<ul>\n<li>rango de temperatura: +10&#8230;+50\u00b0C<\/li>\n<li>rango de humedad relativa: 10&#8230;90%<\/li>\n<li>c\u00e1mara de capacidad 923 litros<\/li>\n<li>capacidad utilizable 702 litros<\/li>\n<li>M\u00f3dulo de luz VIS: Luz LED, 6500K, CRI &gt; 90<\/li>\n<li>M\u00f3dulo de luz UVA: L\u00e1mparas fluorescentes UVA<\/li>\n<li>protocolo de control de calidad (en +25\u00b0C, 60%RH)<\/li>\n<li>manual de instrucciones en ingl\u00e9s y men\u00fa en espa\u00f1ol<\/li>\n<li>protecci\u00f3n de clase 3.3 seg\u00fan DIN 12880<\/li>\n<li>se\u00f1al de puerta abierta<\/li>\n<li>rodillos en el est\u00e1ndar<\/li>\n<li>puerto de LAN y puerto USB<\/li>\n<li>abrir para ingresar a un sensor externo (\u00d8 30 mm) en la pared izquierda del dispositivo<\/li>\n<li>dep\u00f3sito de agua desmineralizada<\/li>\n<li>cierre clave<\/li>\n<li>estantes de alambre de acero inoxidable (INOX)<\/li>\n<li>puertas dobles (vidrio externo e interno completo)<\/li>\n<li>wi-fi<\/li>\n<li>cable lan<\/li>\n<li>software LabDesk<\/li>\n<li>Modelos disponibles:\u00a0C (comfort), P (premium)<\/li>\n<li>Controladores disponibles:\u00a0Smart<\/li>\n<\/ul>\n","protected":false},"featured_media":9335,"template":"","meta":{"iawp_total_views":1},"product_brand":[],"product_cat":[292],"product_tag":[291,289,290,285],"class_list":{"0":"post-9337","1":"product","2":"type-product","3":"status-publish","4":"has-post-thumbnail","6":"product_cat-camaras-de-fotoestabilidad","7":"product_tag-cumplimiento-ich-q1b","8":"product_tag-fotoestabilidad","9":"product_tag-ich","10":"product_tag-pol-eko","12":"first","13":"instock","14":"shipping-taxable","15":"product-type-simple"},"_links":{"self":[{"href":"https:\/\/www.controltecnica.com\/bio\/wp-json\/wp\/v2\/product\/9337","targetHints":{"allow":["GET"]}}],"collection":[{"href":"https:\/\/www.controltecnica.com\/bio\/wp-json\/wp\/v2\/product"}],"about":[{"href":"https:\/\/www.controltecnica.com\/bio\/wp-json\/wp\/v2\/types\/product"}],"wp:featuredmedia":[{"embeddable":true,"href":"https:\/\/www.controltecnica.com\/bio\/wp-json\/wp\/v2\/media\/9335"}],"wp:attachment":[{"href":"https:\/\/www.controltecnica.com\/bio\/wp-json\/wp\/v2\/media?parent=9337"}],"wp:term":[{"taxonomy":"product_brand","embeddable":true,"href":"https:\/\/www.controltecnica.com\/bio\/wp-json\/wp\/v2\/product_brand?post=9337"},{"taxonomy":"product_cat","embeddable":true,"href":"https:\/\/www.controltecnica.com\/bio\/wp-json\/wp\/v2\/product_cat?post=9337"},{"taxonomy":"product_tag","embeddable":true,"href":"https:\/\/www.controltecnica.com\/bio\/wp-json\/wp\/v2\/product_tag?post=9337"}],"curies":[{"name":"wp","href":"https:\/\/api.w.org\/{rel}","templated":true}]}}