{"id":9329,"date":"2026-03-19T11:36:27","date_gmt":"2026-03-19T11:36:27","guid":{"rendered":"https:\/\/www.controltecnica.com\/bio\/?post_type=product&#038;p=9329"},"modified":"2026-03-26T10:44:52","modified_gmt":"2026-03-26T10:44:52","slug":"refrigerador-chl-6-atex","status":"publish","type":"product","link":"https:\/\/www.controltecnica.com\/bio\/producto\/refrigerador-chl-6-atex\/","title":{"rendered":"Refrigerador CHL 6 ATEX"},"content":{"rendered":"<p>[vc_row][vc_column width=\u00bb1\/2&#8243;]\n<div class=\"wpcf7 no-js\" id=\"wpcf7-f7-o1\" lang=\"es-ES\" dir=\"ltr\" data-wpcf7-id=\"7\">\n<div class=\"screen-reader-response\"><p role=\"status\" aria-live=\"polite\" aria-atomic=\"true\"><\/p> <ul><\/ul><\/div>\n<form action=\"\/bio\/wp-json\/wp\/v2\/product\/9329#wpcf7-f7-o1\" method=\"post\" class=\"wpcf7-form init\" aria-label=\"Formulario de contacto\" novalidate=\"novalidate\" data-status=\"init\">\n<fieldset class=\"hidden-fields-container\"><input type=\"hidden\" name=\"_wpcf7\" value=\"7\" \/><input type=\"hidden\" name=\"_wpcf7_version\" value=\"6.1.5\" \/><input type=\"hidden\" name=\"_wpcf7_locale\" value=\"es_ES\" \/><input type=\"hidden\" name=\"_wpcf7_unit_tag\" value=\"wpcf7-f7-o1\" \/><input type=\"hidden\" name=\"_wpcf7_container_post\" value=\"0\" \/><input type=\"hidden\" name=\"_wpcf7_posted_data_hash\" value=\"\" \/><input type=\"hidden\" name=\"_wpcf7_recaptcha_response\" value=\"\" \/>\n<\/fieldset>\n<div style=\"color:#e30614;font-weight:600;font-size:30px;margin-bottom:10px;\">\n\t<p>\u00bfPodemos ayudarte?\n\t<\/p>\n<\/div>\n<div class=\"row\">\n\t<div class=\"col-md-6\" style='margin-bottom:20px;'>\n\t\t<p><label>Nombre y Apellidos*<\/label><span class=\"wpcf7-form-control-wrap\" data-name=\"your-name\"><input size=\"40\" maxlength=\"400\" class=\"wpcf7-form-control wpcf7-text wpcf7-validates-as-required\" aria-required=\"true\" aria-invalid=\"false\" value=\"\" type=\"text\" name=\"your-name\" \/><\/span>\n\t\t<\/p>\n\t<\/div>\n\t<div class=\"col-md-6\" style='margin-bottom:20px;'>\n\t\t<p><label>Empresa\/Univ\/Hosp*<\/label><span class=\"wpcf7-form-control-wrap\" data-name=\"your-job\"><input size=\"40\" maxlength=\"400\" class=\"wpcf7-form-control wpcf7-text wpcf7-validates-as-required\" aria-required=\"true\" aria-invalid=\"false\" value=\"\" type=\"text\" name=\"your-job\" \/><\/span>\n\t\t<\/p>\n\t<\/div>\n<\/div>\n<div class=\"row\">\n\t<div class=\"col-md-6\" style='margin-bottom:20px;'>\n\t\t<p><label>Email*<\/label><span class=\"wpcf7-form-control-wrap\" data-name=\"your-email\"><input size=\"40\" maxlength=\"400\" class=\"wpcf7-form-control wpcf7-email wpcf7-validates-as-required wpcf7-text wpcf7-validates-as-email\" aria-required=\"true\" aria-invalid=\"false\" value=\"\" type=\"email\" name=\"your-email\" \/><\/span>\n\t\t<\/p>\n\t<\/div>\n\t<div class=\"col-md-6\" style='margin-bottom:20px;'>\n\t\t<p><label>Tel\u00e9fono*<\/label><span class=\"wpcf7-form-control-wrap\" data-name=\"your-number\"><input size=\"40\" maxlength=\"400\" class=\"wpcf7-form-control wpcf7-text wpcf7-validates-as-required\" aria-required=\"true\" aria-invalid=\"false\" value=\"\" type=\"text\" name=\"your-number\" \/><\/span>\n\t\t<\/p>\n\t<\/div>\n<\/div>\n<p><label>\u00bfEn qu\u00e9 est\u00e1s interesado?<\/label><span class=\"wpcf7-form-control-wrap\" data-name=\"your-message\"><textarea cols=\"40\" rows=\"10\" maxlength=\"2000\" class=\"wpcf7-form-control wpcf7-textarea\" aria-invalid=\"false\" name=\"your-message\"><\/textarea><\/span>\n<\/p>\n<p><span class=\"wpcf7-form-control-wrap\" data-name=\"acceptance-412\"><span class=\"wpcf7-form-control wpcf7-acceptance\"><span class=\"wpcf7-list-item\"><label><input type=\"checkbox\" name=\"acceptance-412\" value=\"1\" aria-invalid=\"false\" \/><span class=\"wpcf7-list-item-label\">He le\u00eddo y acepto la <a href=\"https:\/\/www.controltecnica.com\/bio\/privacidad\" target=\"_blank\">pol\u00edtica de privacidad<\/a><\/span><\/label><\/span><\/span><\/span><br \/>\n<span class=\"wpcf7-form-control-wrap\" data-name=\"acceptance-581\"><span class=\"wpcf7-form-control wpcf7-acceptance optional\"><span class=\"wpcf7-list-item\"><label><input type=\"checkbox\" name=\"acceptance-581\" value=\"1\" aria-invalid=\"false\" \/><span class=\"wpcf7-list-item-label\">Acepto recibir informaci\u00f3n comercial de CONTROLTECNICA<\/span><\/label><\/span><\/span><\/span>\n<\/p>\n<p><input class=\"wpcf7-form-control wpcf7-submit has-spinner btn-size-large btn btn-color-primary\" type=\"submit\" value=\"ENVIAR MENSAJE\" \/>\n<\/p><div class=\"wpcf7-response-output\" aria-hidden=\"true\"><\/div>\n<\/form>\n<\/div>\n[vc_btn title=\u00bbSolicita una oferta\u00bb color=\u00bbdanger\u00bb link=\u00bburl:https%3A%2F%2Fwww.controltecnica.com%2Fbio%2Fcontacto|target:_blank\u00bb][\/vc_column][vc_column width=\u00bb1\/2&#8243;][vc_column_text text_larger=\u00bbno\u00bb]<strong>M\u00e1xima capacidad, m\u00e1xima seguridad<\/strong><\/p>\n<p>El modelo CHL 6 est\u00e1 dise\u00f1ado para entornos donde el volumen de almacenamiento y la seguridad son absolutamente cr\u00edticos<\/p>\n<p>Cumple normativa ATEX y elimina cualquier riesgo de ignici\u00f3n<\/p>\n<p><strong>Rendimiento profesional continuo<\/strong><\/p>\n<p>Garantiza estabilidad t\u00e9rmica incluso en uso intensivo<\/p>\n<p><strong>Aplicaciones<\/strong><\/p>\n<ul>\n<li>Industria farmac\u00e9utica<\/li>\n<li>Producci\u00f3n a gran escala<\/li>\n<li>Centros tecnol\u00f3gicos<\/li>\n<\/ul>\n<hr \/>\n<p><strong><span style=\"color: #333399;\"><em>Refrigeradores de laboratorio ATEX<\/em><\/span><\/strong><\/p>\n<p><strong><span style=\"color: #333399;\"><em>Para el almacenamiento seguro de muestras qu\u00edmicas que puedan formar una atm\u00f3sfera explosiva.<\/em><\/span><\/strong><\/p>\n<p><span style=\"color: #333399;\"><em>La gama de equipos\u00a0<b>CHL ATEX<\/b>\u00a0son refrigeradores de laboratorio especializados, dise\u00f1ados para el almacenamiento seguro de muestras qu\u00edmicas que pueden generar una atm\u00f3sfera explosiva. Est\u00e1n dise\u00f1ados de acuerdo con los requisitos de la\u00a0<b>Directiva ATEX 2014\/34\/UE<\/b>, para entornos clasificados como\u00a0<b>Zona 2<\/b>.<\/em><\/span><\/p>\n<p><span style=\"color: #333399;\"><em>La c\u00e1mara del refrigerador est\u00e1 construida a prueba de explosiones y est\u00e1 marcada como\u00a0<b>II 3\/- G Ex h IIC T6 Gc\/-<\/b>. Se utilizan componentes que no generan chispas y una construcci\u00f3n a prueba de explosiones de tipo Ex h, conforme a la norma\u00a0<b>EN ISO 80079-36<\/b>, que elimina posibles fuentes de ignici\u00f3n en condiciones normales de funcionamiento.<\/em><\/span><\/p>\n<p><span style=\"color: #333399;\"><em>La construcci\u00f3n de la c\u00e1mara ha sido desarrollada para reducir el riesgo de ignici\u00f3n y explosi\u00f3n, de acuerdo con los requisitos de la\u00a0<b>Directiva ATEX 2014\/34\/UE<\/b>\u00a0y las normas armonizadas correspondientes. Este es un elemento clave para garantizar la seguridad en zonas con riesgo de explosi\u00f3n, las cuales \u2013 seg\u00fan la\u00a0<b>Directiva ATEX 1999\/92\/CE<\/b>\u00a0\u2013 deben ser determinadas por el empleador en la evaluaci\u00f3n de riesgos del entorno laboral.<\/em><\/span>[\/vc_column_text][\/vc_column][\/vc_row]<\/p>\n","protected":false},"excerpt":{"rendered":"<p><strong>El refrigerador ATEX CHL 6 de Pol-Eko<\/strong> es la soluci\u00f3n de m\u00e1xima capacidad para almacenamiento seguro en entornos cr\u00edticos de laboratorio<\/p>\n<ul>\n<li>Rango de temperatura 0&#8230;+15\u00b0C<\/li>\n<li>Capacidad de la c\u00e1mara 414 litros<\/li>\n<li>Capacidad utilizable 339 litros<\/li>\n<li>Protocolo de control de calidad (en +4\u00b0C)<\/li>\n<li>Manual de instrucciones en ingl\u00e9s y men\u00fa en espa\u00f1ol<\/li>\n<li>Se\u00f1al de puerta abierta<\/li>\n<li>Puerto de LAN y puerto USB<\/li>\n<li>Cierre clave<\/li>\n<li>Estantes de alambre de acero inoxidable (INOX)<\/li>\n<li>Puertas externas completas<\/li>\n<li>Funci\u00f3n de descongelaci\u00f3n autom\u00e1tica (PLUS)<\/li>\n<li><b>C\u00e1mara con protecci\u00f3n contra explosiones ATEX II 3\/- G Ex h IIC T6 Gc\/- (conforme a la Directiva ATEX 2014\/34\/UE)<\/b><\/li>\n<li>Software Labdesk, entre otros Para el control de datos para una computadora (opcional)<\/li>\n<li>Modelos disponibles:\u00a0C (comfort), P (premium)<\/li>\n<li>Controladores disponibles:\u00a0Smart<\/li>\n<\/ul>\n","protected":false},"featured_media":9321,"template":"","meta":{"iawp_total_views":2},"product_brand":[],"product_cat":[69],"product_tag":[284,285,283],"class_list":{"0":"post-9329","1":"product","2":"type-product","3":"status-publish","4":"has-post-thumbnail","6":"product_cat-neveras","7":"product_tag-atex","8":"product_tag-pol-eko","9":"product_tag-refrigerador","11":"first","12":"instock","13":"shipping-taxable","14":"product-type-simple"},"_links":{"self":[{"href":"https:\/\/www.controltecnica.com\/bio\/wp-json\/wp\/v2\/product\/9329","targetHints":{"allow":["GET"]}}],"collection":[{"href":"https:\/\/www.controltecnica.com\/bio\/wp-json\/wp\/v2\/product"}],"about":[{"href":"https:\/\/www.controltecnica.com\/bio\/wp-json\/wp\/v2\/types\/product"}],"wp:featuredmedia":[{"embeddable":true,"href":"https:\/\/www.controltecnica.com\/bio\/wp-json\/wp\/v2\/media\/9321"}],"wp:attachment":[{"href":"https:\/\/www.controltecnica.com\/bio\/wp-json\/wp\/v2\/media?parent=9329"}],"wp:term":[{"taxonomy":"product_brand","embeddable":true,"href":"https:\/\/www.controltecnica.com\/bio\/wp-json\/wp\/v2\/product_brand?post=9329"},{"taxonomy":"product_cat","embeddable":true,"href":"https:\/\/www.controltecnica.com\/bio\/wp-json\/wp\/v2\/product_cat?post=9329"},{"taxonomy":"product_tag","embeddable":true,"href":"https:\/\/www.controltecnica.com\/bio\/wp-json\/wp\/v2\/product_tag?post=9329"}],"curies":[{"name":"wp","href":"https:\/\/api.w.org\/{rel}","templated":true}]}}