{"id":9305,"date":"2026-02-16T11:01:28","date_gmt":"2026-02-16T11:01:28","guid":{"rendered":"https:\/\/www.controltecnica.com\/bio\/?post_type=product&#038;p=9305"},"modified":"2026-02-17T09:27:21","modified_gmt":"2026-02-17T09:27:21","slug":"nanodrop-ultra","status":"publish","type":"product","link":"https:\/\/www.controltecnica.com\/bio\/producto\/nanodrop-ultra\/","title":{"rendered":"NanoDrop Ultra"},"content":{"rendered":"<p>[vc_row][vc_column width=\u00bb1\/2&#8243;]\n<div class=\"wpcf7 no-js\" id=\"wpcf7-f7-o1\" lang=\"es-ES\" dir=\"ltr\" data-wpcf7-id=\"7\">\n<div class=\"screen-reader-response\"><p role=\"status\" aria-live=\"polite\" aria-atomic=\"true\"><\/p> <ul><\/ul><\/div>\n<form action=\"\/bio\/wp-json\/wp\/v2\/product\/9305#wpcf7-f7-o1\" method=\"post\" class=\"wpcf7-form init\" aria-label=\"Formulario de contacto\" novalidate=\"novalidate\" data-status=\"init\">\n<fieldset class=\"hidden-fields-container\"><input type=\"hidden\" name=\"_wpcf7\" value=\"7\" \/><input type=\"hidden\" name=\"_wpcf7_version\" value=\"6.1.5\" \/><input type=\"hidden\" name=\"_wpcf7_locale\" value=\"es_ES\" \/><input type=\"hidden\" name=\"_wpcf7_unit_tag\" value=\"wpcf7-f7-o1\" \/><input type=\"hidden\" name=\"_wpcf7_container_post\" value=\"0\" \/><input type=\"hidden\" name=\"_wpcf7_posted_data_hash\" value=\"\" \/><input type=\"hidden\" name=\"_wpcf7_recaptcha_response\" value=\"\" \/>\n<\/fieldset>\n<div style=\"color:#e30614;font-weight:600;font-size:30px;margin-bottom:10px;\">\n\t<p>\u00bfPodemos ayudarte?\n\t<\/p>\n<\/div>\n<div class=\"row\">\n\t<div class=\"col-md-6\" style='margin-bottom:20px;'>\n\t\t<p><label>Nombre y Apellidos*<\/label><span class=\"wpcf7-form-control-wrap\" data-name=\"your-name\"><input size=\"40\" maxlength=\"400\" class=\"wpcf7-form-control wpcf7-text wpcf7-validates-as-required\" aria-required=\"true\" aria-invalid=\"false\" value=\"\" type=\"text\" name=\"your-name\" \/><\/span>\n\t\t<\/p>\n\t<\/div>\n\t<div class=\"col-md-6\" style='margin-bottom:20px;'>\n\t\t<p><label>Empresa\/Univ\/Hosp*<\/label><span class=\"wpcf7-form-control-wrap\" data-name=\"your-job\"><input size=\"40\" maxlength=\"400\" class=\"wpcf7-form-control wpcf7-text wpcf7-validates-as-required\" aria-required=\"true\" aria-invalid=\"false\" value=\"\" type=\"text\" name=\"your-job\" \/><\/span>\n\t\t<\/p>\n\t<\/div>\n<\/div>\n<div class=\"row\">\n\t<div class=\"col-md-6\" style='margin-bottom:20px;'>\n\t\t<p><label>Email*<\/label><span class=\"wpcf7-form-control-wrap\" data-name=\"your-email\"><input size=\"40\" maxlength=\"400\" class=\"wpcf7-form-control wpcf7-email wpcf7-validates-as-required wpcf7-text wpcf7-validates-as-email\" aria-required=\"true\" aria-invalid=\"false\" value=\"\" type=\"email\" name=\"your-email\" \/><\/span>\n\t\t<\/p>\n\t<\/div>\n\t<div class=\"col-md-6\" style='margin-bottom:20px;'>\n\t\t<p><label>Tel\u00e9fono*<\/label><span class=\"wpcf7-form-control-wrap\" data-name=\"your-number\"><input size=\"40\" maxlength=\"400\" class=\"wpcf7-form-control wpcf7-text wpcf7-validates-as-required\" aria-required=\"true\" aria-invalid=\"false\" value=\"\" type=\"text\" name=\"your-number\" \/><\/span>\n\t\t<\/p>\n\t<\/div>\n<\/div>\n<p><label>\u00bfEn qu\u00e9 est\u00e1s interesado?<\/label><span class=\"wpcf7-form-control-wrap\" data-name=\"your-message\"><textarea cols=\"40\" rows=\"10\" maxlength=\"2000\" class=\"wpcf7-form-control wpcf7-textarea\" aria-invalid=\"false\" name=\"your-message\"><\/textarea><\/span>\n<\/p>\n<p><span class=\"wpcf7-form-control-wrap\" data-name=\"acceptance-412\"><span class=\"wpcf7-form-control wpcf7-acceptance\"><span class=\"wpcf7-list-item\"><label><input type=\"checkbox\" name=\"acceptance-412\" value=\"1\" aria-invalid=\"false\" \/><span class=\"wpcf7-list-item-label\">He le\u00eddo y acepto la <a href=\"https:\/\/www.controltecnica.com\/bio\/privacidad\" target=\"_blank\">pol\u00edtica de privacidad<\/a><\/span><\/label><\/span><\/span><\/span><br \/>\n<span class=\"wpcf7-form-control-wrap\" data-name=\"acceptance-581\"><span class=\"wpcf7-form-control wpcf7-acceptance optional\"><span class=\"wpcf7-list-item\"><label><input type=\"checkbox\" name=\"acceptance-581\" value=\"1\" aria-invalid=\"false\" \/><span class=\"wpcf7-list-item-label\">Acepto recibir informaci\u00f3n comercial de CONTROLTECNICA<\/span><\/label><\/span><\/span><\/span>\n<\/p>\n<p><input class=\"wpcf7-form-control wpcf7-submit has-spinner btn-size-large btn btn-color-primary\" type=\"submit\" value=\"ENVIAR MENSAJE\" \/>\n<\/p><div class=\"wpcf7-response-output\" aria-hidden=\"true\"><\/div>\n<\/form>\n<\/div>\n[\/vc_column][vc_column width=\u00bb1\/2&#8243;][vc_column_text text_larger=\u00bbno\u00bb]<\/p>\n<table>\n<tbody>\n<tr>\n<th>Par\u00e1metro<\/th>\n<th>Especificaci\u00f3n<\/th>\n<\/tr>\n<tr>\n<td><strong>Volumen m\u00ednimo de muestra<\/strong><\/td>\n<td>1 \u00b5L (absorbancia) \/ 2 \u00b5L (fluorescencia)<\/td>\n<\/tr>\n<tr>\n<td><strong>L\u00edmite de detecci\u00f3n ADN\/ARN<\/strong><\/td>\n<td>Hasta 0,8 ng\/\u00b5L (pedestal) \/ 0,16 ng\/\u00b5L (cubeta)<\/td>\n<\/tr>\n<tr>\n<td><strong>L\u00edmite de detecci\u00f3n prote\u00ednas (BSA)<\/strong><\/td>\n<td>0,02 mg\/mL (pedestal) \/ 0,003 mg\/mL (cubeta)<\/td>\n<\/tr>\n<tr>\n<td><strong>Concentraci\u00f3n m\u00e1xima ADN\/ARN<\/strong><\/td>\n<td>Hasta 27.500 ng\/\u00b5L<\/td>\n<\/tr>\n<tr>\n<td><strong>Rango fotom\u00e9trico<\/strong><\/td>\n<td>0,02 \u2013 550 Abs (equivalente 10 mm)<\/td>\n<\/tr>\n<tr>\n<td><strong>Longitudes de trayectoria<\/strong><\/td>\n<td>Autom\u00e1tica: 1,0 a 0,03 mm<\/td>\n<\/tr>\n<tr>\n<td><strong>Tiempo de medici\u00f3n<\/strong><\/td>\n<td>&lt; 7 segundos (absorbancia)<\/td>\n<\/tr>\n<tr>\n<td><strong>Repetibilidad<\/strong><\/td>\n<td>&lt; 3 % CV<\/td>\n<\/tr>\n<tr>\n<td><strong>Fluorescencia (modelos FL)<\/strong><\/td>\n<td>LED azul (~470 nm) y rojo (~635 nm)<\/td>\n<\/tr>\n<tr>\n<td><strong>Control de temperatura (cubeta)<\/strong><\/td>\n<td>37 \u00b0C \u00b1 0,5 \u00b0C<\/td>\n<\/tr>\n<\/tbody>\n<\/table>\n<p>[\/vc_column_text][\/vc_column][\/vc_row]<\/p>\n","protected":false},"excerpt":{"rendered":"<h2 data-start=\"198\" data-end=\"230\">Precisi\u00f3n real en solo 1\u20132 \u00b5L<\/h2>\n<p data-start=\"232\" data-end=\"301\">Cuando trabajas con ADN, ARN o prote\u00ednas, no puedes permitirte dudas.<\/p>\n<p data-start=\"303\" data-end=\"449\">El <strong data-start=\"306\" data-end=\"340\">NanoDrop Ultra (4\u00aa generaci\u00f3n)<\/strong> te ofrece mediciones fiables, r\u00e1pidas y sin interferencias. Sin diluciones. Sin cubetas. Sin complicaciones.<\/p>\n<hr data-start=\"451\" data-end=\"454\" \/>\n<h2 data-start=\"456\" data-end=\"490\">\u00bfPor qu\u00e9 elegir NanoDrop Ultra?<\/h2>\n<p data-start=\"492\" data-end=\"585\"><strong data-start=\"495\" data-end=\"522\">Resultados m\u00e1s precisos<\/strong><br data-start=\"522\" data-end=\"525\" \/>Obt\u00e9n concentraciones reales, incluso en muestras complejas.<\/p>\n<p data-start=\"587\" data-end=\"668\"><strong data-start=\"590\" data-end=\"612\">Mayor sensibilidad<\/strong><br data-start=\"612\" data-end=\"615\" \/>Ideal para muestras cr\u00edticas o de baja concentraci\u00f3n.<\/p>\n<p data-start=\"670\" data-end=\"733\"><strong data-start=\"672\" data-end=\"696\">Medici\u00f3n en segundos<\/strong><br data-start=\"696\" data-end=\"699\" \/>Solo 1\u20132 \u00b5L y resultado inmediato.<\/p>\n<p data-start=\"735\" data-end=\"804\"><strong data-start=\"738\" data-end=\"775\">Menos repeticiones, menos errores<\/strong><br data-start=\"775\" data-end=\"778\" \/>Ahorra tiempo y reactivos.<\/p>\n<hr data-start=\"806\" data-end=\"809\" \/>\n<h2 data-start=\"811\" data-end=\"841\">Si tu laboratorio necesita\u2026<\/h2>\n<ul data-start=\"843\" data-end=\"989\">\n<li data-start=\"843\" data-end=\"886\">\n<p data-start=\"845\" data-end=\"886\">Datos fiables desde la primera medici\u00f3n<\/p>\n<\/li>\n<li data-start=\"887\" data-end=\"924\">\n<p data-start=\"889\" data-end=\"924\">Reducir repeticiones innecesarias<\/p>\n<\/li>\n<li data-start=\"925\" data-end=\"956\">\n<p data-start=\"927\" data-end=\"956\">Optimizar tiempo y recursos<\/p>\n<\/li>\n<li data-start=\"957\" data-end=\"989\">\n<p data-start=\"959\" data-end=\"989\">Trabajar con mayor seguridad<\/p>\n<\/li>\n<\/ul>\n<p data-start=\"991\" data-end=\"1031\">Es momento de conocer el NanoDrop Ultra.<\/p>\n<p data-start=\"639\" data-end=\"690\">\n","protected":false},"featured_media":9076,"template":"","meta":{"iawp_total_views":48},"product_brand":[],"product_cat":[20,32],"product_tag":[280,279],"class_list":{"0":"post-9305","1":"product","2":"type-product","3":"status-publish","4":"has-post-thumbnail","6":"product_cat-biologia-molecular","7":"product_cat-nanodrop","8":"product_tag-nanodrop","9":"product_tag-nanodrop-ultra","11":"first","12":"instock","13":"shipping-taxable","14":"product-type-simple"},"_links":{"self":[{"href":"https:\/\/www.controltecnica.com\/bio\/wp-json\/wp\/v2\/product\/9305","targetHints":{"allow":["GET"]}}],"collection":[{"href":"https:\/\/www.controltecnica.com\/bio\/wp-json\/wp\/v2\/product"}],"about":[{"href":"https:\/\/www.controltecnica.com\/bio\/wp-json\/wp\/v2\/types\/product"}],"wp:featuredmedia":[{"embeddable":true,"href":"https:\/\/www.controltecnica.com\/bio\/wp-json\/wp\/v2\/media\/9076"}],"wp:attachment":[{"href":"https:\/\/www.controltecnica.com\/bio\/wp-json\/wp\/v2\/media?parent=9305"}],"wp:term":[{"taxonomy":"product_brand","embeddable":true,"href":"https:\/\/www.controltecnica.com\/bio\/wp-json\/wp\/v2\/product_brand?post=9305"},{"taxonomy":"product_cat","embeddable":true,"href":"https:\/\/www.controltecnica.com\/bio\/wp-json\/wp\/v2\/product_cat?post=9305"},{"taxonomy":"product_tag","embeddable":true,"href":"https:\/\/www.controltecnica.com\/bio\/wp-json\/wp\/v2\/product_tag?post=9305"}],"curies":[{"name":"wp","href":"https:\/\/api.w.org\/{rel}","templated":true}]}}