{"id":9174,"date":"2025-07-10T15:04:10","date_gmt":"2025-07-10T15:04:10","guid":{"rendered":"https:\/\/www.controltecnica.com\/bio\/?post_type=product&#038;p=9174"},"modified":"2025-07-10T15:11:59","modified_gmt":"2025-07-10T15:11:59","slug":"allsheng-flex-a200","status":"publish","type":"product","link":"https:\/\/www.controltecnica.com\/bio\/producto\/allsheng-flex-a200\/","title":{"rendered":"Allsheng Flex A200"},"content":{"rendered":"<p>[vc_row][vc_column width=\u00bb1\/2&#8243;][vc_column_text text_larger=\u00bbno\u00bb]<\/p>\n<table class=\"w-fit min-w-(--thread-content-width)\" data-start=\"1877\" data-end=\"4403\">\n<thead data-start=\"1877\" data-end=\"1978\">\n<tr data-start=\"1877\" data-end=\"1978\">\n<th data-start=\"1877\" data-end=\"1914\" data-col-size=\"sm\">Especificaci\u00f3n<\/th>\n<th data-start=\"1914\" data-end=\"1978\" data-col-size=\"md\">Valor seg\u00fan fabricante<\/th>\n<\/tr>\n<\/thead>\n<tbody data-start=\"2080\" data-end=\"4403\">\n<tr data-start=\"2080\" data-end=\"2181\">\n<td data-start=\"2080\" data-end=\"2117\" data-col-size=\"sm\"><strong data-start=\"2082\" data-end=\"2092\">Modelo<\/strong><\/td>\n<td data-start=\"2117\" data-end=\"2181\" data-col-size=\"md\">FlexA-200 \/ FlexA-200HT<\/td>\n<\/tr>\n<tr data-start=\"2182\" data-end=\"2282\">\n<td data-start=\"2182\" data-end=\"2219\" data-col-size=\"sm\"><strong data-start=\"2184\" data-end=\"2196\">Pantalla<\/strong><\/td>\n<td data-start=\"2219\" data-end=\"2282\" data-col-size=\"md\">T\u00e1ctil capacitiva de 10\u201d (Android)<\/td>\n<\/tr>\n<tr data-start=\"2283\" data-end=\"2383\">\n<td data-start=\"2283\" data-end=\"2320\" data-col-size=\"sm\"><strong data-start=\"2285\" data-end=\"2302\">Fuente de luz<\/strong><\/td>\n<td data-start=\"2320\" data-end=\"2383\" data-col-size=\"md\">L\u00e1mpara de xen\u00f3n<\/td>\n<\/tr>\n<tr data-start=\"2384\" data-end=\"2484\">\n<td data-start=\"2384\" data-end=\"2421\" data-col-size=\"sm\"><strong data-start=\"2386\" data-end=\"2412\">Rango longitud de onda<\/strong><\/td>\n<td data-start=\"2421\" data-end=\"2484\" data-col-size=\"md\">200 &#8211; 1000 nm (pasos de 1 nm)<\/td>\n<\/tr>\n<tr data-start=\"2485\" data-end=\"2585\">\n<td data-start=\"2485\" data-end=\"2522\" data-col-size=\"sm\"><strong data-start=\"2487\" data-end=\"2517\">Selecci\u00f3n longitud de onda<\/strong><\/td>\n<td data-start=\"2522\" data-end=\"2585\" data-col-size=\"md\">Monocromador<\/td>\n<\/tr>\n<tr data-start=\"2586\" data-end=\"2686\">\n<td data-start=\"2586\" data-end=\"2623\" data-col-size=\"sm\"><strong data-start=\"2588\" data-end=\"2618\">Precisi\u00f3n longitud de onda<\/strong><\/td>\n<td data-start=\"2623\" data-end=\"2686\" data-col-size=\"md\">\u00b12 nm<\/td>\n<\/tr>\n<tr data-start=\"2687\" data-end=\"2787\">\n<td data-start=\"2687\" data-end=\"2724\" data-col-size=\"sm\"><strong data-start=\"2689\" data-end=\"2720\">Repetibilidad longitud onda<\/strong><\/td>\n<td data-start=\"2724\" data-end=\"2787\" data-col-size=\"md\">\u00b10.2 nm<\/td>\n<\/tr>\n<tr data-start=\"2788\" data-end=\"2888\">\n<td data-start=\"2788\" data-end=\"2825\" data-col-size=\"sm\"><strong data-start=\"2790\" data-end=\"2823\">Ancho de banda a media altura<\/strong><\/td>\n<td data-start=\"2825\" data-end=\"2888\" data-col-size=\"md\">\uff1c2.5 nm<\/td>\n<\/tr>\n<tr data-start=\"2889\" data-end=\"2989\">\n<td data-start=\"2889\" data-end=\"2926\" data-col-size=\"sm\"><strong data-start=\"2891\" data-end=\"2914\">Rango de lectura OD<\/strong><\/td>\n<td data-start=\"2926\" data-end=\"2989\" data-col-size=\"md\">0 &#8211; 4.0 OD<\/td>\n<\/tr>\n<tr data-start=\"2990\" data-end=\"3090\">\n<td data-start=\"2990\" data-end=\"3027\" data-col-size=\"sm\"><strong data-start=\"2992\" data-end=\"3014\">Linealidad @450 nm<\/strong><\/td>\n<td data-start=\"3027\" data-end=\"3090\" data-col-size=\"md\">R\u00b2\u22650.999 (0.0-3.0 Abs)<\/td>\n<\/tr>\n<tr data-start=\"3091\" data-end=\"3191\">\n<td data-start=\"3091\" data-end=\"3128\" data-col-size=\"sm\"><strong data-start=\"3093\" data-end=\"3114\">Exactitud @450 nm<\/strong><\/td>\n<td data-start=\"3128\" data-end=\"3191\" data-col-size=\"md\">\u00b1(1.0 %+0.003Abs) (0<del data-start=\"3150\" data-end=\"3168\">2.0); \u00b12.0% (2.0<\/del>2.5)<\/td>\n<\/tr>\n<tr data-start=\"3192\" data-end=\"3292\">\n<td data-start=\"3192\" data-end=\"3229\" data-col-size=\"sm\"><strong data-start=\"3194\" data-end=\"3215\">Precisi\u00f3n @450 nm<\/strong><\/td>\n<td data-start=\"3229\" data-end=\"3292\" data-col-size=\"md\">CV &lt;0.5% o SD&lt;0.003 (modo exacto); CV &lt;1.0% (modo r\u00e1pido)<\/td>\n<\/tr>\n<tr data-start=\"3293\" data-end=\"3393\">\n<td data-start=\"3293\" data-end=\"3330\" data-col-size=\"sm\"><strong data-start=\"3295\" data-end=\"3317\">Velocidad medici\u00f3n<\/strong><\/td>\n<td data-start=\"3330\" data-end=\"3393\" data-col-size=\"md\">8 s (96-well, r\u00e1pido); 28 s (96-well, exacto)<\/td>\n<\/tr>\n<tr data-start=\"3394\" data-end=\"3494\">\n<td data-start=\"3394\" data-end=\"3431\" data-col-size=\"sm\"><strong data-start=\"3396\" data-end=\"3415\">Agitaci\u00f3n placa<\/strong><\/td>\n<td data-start=\"3431\" data-end=\"3494\" data-col-size=\"md\">Lineal, tres velocidades<\/td>\n<\/tr>\n<tr data-start=\"3495\" data-end=\"3595\">\n<td data-start=\"3495\" data-end=\"3532\" data-col-size=\"sm\"><strong data-start=\"3497\" data-end=\"3511\">Incubaci\u00f3n<\/strong><\/td>\n<td data-start=\"3532\" data-end=\"3595\" data-col-size=\"md\">RT +4 \u00b0C ~ 45 \u00b0C<\/td>\n<\/tr>\n<tr data-start=\"3596\" data-end=\"3696\">\n<td data-start=\"3596\" data-end=\"3633\" data-col-size=\"sm\"><strong data-start=\"3598\" data-end=\"3624\">Almacenamiento interno<\/strong><\/td>\n<td data-start=\"3633\" data-end=\"3696\" data-col-size=\"md\">16 GB (&gt;20.000 resultados)<\/td>\n<\/tr>\n<tr data-start=\"3697\" data-end=\"3797\">\n<td data-start=\"3697\" data-end=\"3734\" data-col-size=\"sm\"><strong data-start=\"3699\" data-end=\"3711\">Software<\/strong><\/td>\n<td data-start=\"3734\" data-end=\"3797\" data-col-size=\"md\">Integrado o ReaderIt-II para PC<\/td>\n<\/tr>\n<tr data-start=\"3798\" data-end=\"3898\">\n<td data-start=\"3798\" data-end=\"3835\" data-col-size=\"sm\"><strong data-start=\"3800\" data-end=\"3820\">Interfaz usuario<\/strong><\/td>\n<td data-start=\"3835\" data-end=\"3898\" data-col-size=\"md\">Pantalla t\u00e1ctil, teclado y rat\u00f3n externos<\/td>\n<\/tr>\n<tr data-start=\"3899\" data-end=\"3999\">\n<td data-start=\"3899\" data-end=\"3936\" data-col-size=\"sm\"><strong data-start=\"3901\" data-end=\"3912\">Puertos<\/strong><\/td>\n<td data-start=\"3936\" data-end=\"3999\" data-col-size=\"md\">2 USB tipo A, 1 USB tipo B, 1 Ethernet<\/td>\n<\/tr>\n<tr data-start=\"4000\" data-end=\"4100\">\n<td data-start=\"4000\" data-end=\"4037\" data-col-size=\"sm\"><strong data-start=\"4002\" data-end=\"4020\">Automatizaci\u00f3n<\/strong><\/td>\n<td data-start=\"4037\" data-end=\"4100\" data-col-size=\"md\">Actualmente no compatible con sistemas autom\u00e1ticos<\/td>\n<\/tr>\n<tr data-start=\"4101\" data-end=\"4201\">\n<td data-start=\"4101\" data-end=\"4138\" data-col-size=\"sm\"><strong data-start=\"4103\" data-end=\"4129\">Fuente de alimentaci\u00f3n<\/strong><\/td>\n<td data-start=\"4138\" data-end=\"4201\" data-col-size=\"md\">DC24 V, 6.67 A<\/td>\n<\/tr>\n<tr data-start=\"4202\" data-end=\"4302\">\n<td data-start=\"4202\" data-end=\"4239\" data-col-size=\"sm\"><strong data-start=\"4204\" data-end=\"4229\">Dimensiones (An\u00d7F\u00d7Al)<\/strong><\/td>\n<td data-start=\"4239\" data-end=\"4302\" data-col-size=\"md\">300 \u00d7 500 \u00d7 260 mm<\/td>\n<\/tr>\n<tr data-start=\"4303\" data-end=\"4403\">\n<td data-start=\"4303\" data-end=\"4340\" data-col-size=\"sm\"><strong data-start=\"4305\" data-end=\"4313\">Peso<\/strong><\/td>\n<td data-start=\"4340\" data-end=\"4403\" data-col-size=\"md\">15.5 kg<\/td>\n<\/tr>\n<\/tbody>\n<\/table>\n<p>[\/vc_column_text][\/vc_column][vc_column width=\u00bb1\/2&#8243;]\n<div class=\"wpcf7 no-js\" id=\"wpcf7-f7-o1\" lang=\"es-ES\" dir=\"ltr\" data-wpcf7-id=\"7\">\n<div class=\"screen-reader-response\"><p role=\"status\" aria-live=\"polite\" aria-atomic=\"true\"><\/p> <ul><\/ul><\/div>\n<form action=\"\/bio\/wp-json\/wp\/v2\/product\/9174#wpcf7-f7-o1\" method=\"post\" class=\"wpcf7-form init\" aria-label=\"Formulario de contacto\" novalidate=\"novalidate\" data-status=\"init\">\n<fieldset class=\"hidden-fields-container\"><input type=\"hidden\" name=\"_wpcf7\" value=\"7\" \/><input type=\"hidden\" name=\"_wpcf7_version\" value=\"6.1.5\" \/><input type=\"hidden\" name=\"_wpcf7_locale\" value=\"es_ES\" \/><input type=\"hidden\" name=\"_wpcf7_unit_tag\" value=\"wpcf7-f7-o1\" \/><input type=\"hidden\" name=\"_wpcf7_container_post\" value=\"0\" \/><input type=\"hidden\" name=\"_wpcf7_posted_data_hash\" value=\"\" \/><input type=\"hidden\" name=\"_wpcf7_recaptcha_response\" value=\"\" \/>\n<\/fieldset>\n<div style=\"color:#e30614;font-weight:600;font-size:30px;margin-bottom:10px;\">\n\t<p>\u00bfPodemos ayudarte?\n\t<\/p>\n<\/div>\n<div class=\"row\">\n\t<div class=\"col-md-6\" style='margin-bottom:20px;'>\n\t\t<p><label>Nombre y Apellidos*<\/label><span class=\"wpcf7-form-control-wrap\" data-name=\"your-name\"><input size=\"40\" maxlength=\"400\" class=\"wpcf7-form-control wpcf7-text wpcf7-validates-as-required\" aria-required=\"true\" aria-invalid=\"false\" value=\"\" type=\"text\" name=\"your-name\" \/><\/span>\n\t\t<\/p>\n\t<\/div>\n\t<div class=\"col-md-6\" style='margin-bottom:20px;'>\n\t\t<p><label>Empresa\/Univ\/Hosp*<\/label><span class=\"wpcf7-form-control-wrap\" data-name=\"your-job\"><input size=\"40\" maxlength=\"400\" class=\"wpcf7-form-control wpcf7-text wpcf7-validates-as-required\" aria-required=\"true\" aria-invalid=\"false\" value=\"\" type=\"text\" name=\"your-job\" \/><\/span>\n\t\t<\/p>\n\t<\/div>\n<\/div>\n<div class=\"row\">\n\t<div class=\"col-md-6\" style='margin-bottom:20px;'>\n\t\t<p><label>Email*<\/label><span class=\"wpcf7-form-control-wrap\" data-name=\"your-email\"><input size=\"40\" maxlength=\"400\" class=\"wpcf7-form-control wpcf7-email wpcf7-validates-as-required wpcf7-text wpcf7-validates-as-email\" aria-required=\"true\" aria-invalid=\"false\" value=\"\" type=\"email\" name=\"your-email\" \/><\/span>\n\t\t<\/p>\n\t<\/div>\n\t<div class=\"col-md-6\" style='margin-bottom:20px;'>\n\t\t<p><label>Tel\u00e9fono*<\/label><span class=\"wpcf7-form-control-wrap\" data-name=\"your-number\"><input size=\"40\" maxlength=\"400\" class=\"wpcf7-form-control wpcf7-text wpcf7-validates-as-required\" aria-required=\"true\" aria-invalid=\"false\" value=\"\" type=\"text\" name=\"your-number\" \/><\/span>\n\t\t<\/p>\n\t<\/div>\n<\/div>\n<p><label>\u00bfEn qu\u00e9 est\u00e1s interesado?<\/label><span class=\"wpcf7-form-control-wrap\" data-name=\"your-message\"><textarea cols=\"40\" rows=\"10\" maxlength=\"2000\" class=\"wpcf7-form-control wpcf7-textarea\" aria-invalid=\"false\" name=\"your-message\"><\/textarea><\/span>\n<\/p>\n<p><span class=\"wpcf7-form-control-wrap\" data-name=\"acceptance-412\"><span class=\"wpcf7-form-control wpcf7-acceptance\"><span class=\"wpcf7-list-item\"><label><input type=\"checkbox\" name=\"acceptance-412\" value=\"1\" aria-invalid=\"false\" \/><span class=\"wpcf7-list-item-label\">He le\u00eddo y acepto la <a href=\"https:\/\/www.controltecnica.com\/bio\/privacidad\" target=\"_blank\">pol\u00edtica de privacidad<\/a><\/span><\/label><\/span><\/span><\/span><br \/>\n<span class=\"wpcf7-form-control-wrap\" data-name=\"acceptance-581\"><span class=\"wpcf7-form-control wpcf7-acceptance optional\"><span class=\"wpcf7-list-item\"><label><input type=\"checkbox\" name=\"acceptance-581\" value=\"1\" aria-invalid=\"false\" \/><span class=\"wpcf7-list-item-label\">Acepto recibir informaci\u00f3n comercial de CONTROLTECNICA<\/span><\/label><\/span><\/span><\/span>\n<\/p>\n<p><input class=\"wpcf7-form-control wpcf7-submit has-spinner btn-size-large btn btn-color-primary\" type=\"submit\" value=\"ENVIAR MENSAJE\" \/>\n<\/p><div class=\"wpcf7-response-output\" aria-hidden=\"true\"><\/div>\n<\/form>\n<\/div>\n[\/vc_column][\/vc_row]<\/p>\n","protected":false},"excerpt":{"rendered":"<p data-start=\"523\" data-end=\"764\">El <strong data-start=\"526\" data-end=\"539\">FlexA-200<\/strong> de <strong data-start=\"543\" data-end=\"555\">Allsheng<\/strong> es un lector de microplacas de alta gama que utiliza tecnolog\u00eda de <strong data-start=\"623\" data-end=\"639\">monocromador<\/strong>, permitiendo trabajar en un rango espectral ultra amplio de <strong data-start=\"700\" data-end=\"717\">200 a 1000 nm<\/strong>, con pasos de 1 nm para un an\u00e1lisis detallado.<\/p>\n<p data-start=\"766\" data-end=\"1086\">Este equipo es ideal para ensayos por escaneo espectral, lecturas endpoint y detecci\u00f3n cin\u00e9tica, adapt\u00e1ndose tanto a placas de <strong data-start=\"893\" data-end=\"920\">96 como de 384 pocillos<\/strong>, con o sin tapa. Incorpora un sistema de incubaci\u00f3n hasta <strong data-start=\"979\" data-end=\"988\">45 \u00b0C<\/strong> y funci\u00f3n de agitaci\u00f3n lineal con tres velocidades, ideal para cultivos y reacciones enzim\u00e1ticas.<\/p>\n<p data-start=\"1088\" data-end=\"1359\">Gracias a su pantalla t\u00e1ctil capacitiva de <strong data-start=\"1131\" data-end=\"1146\">10 pulgadas<\/strong> y su sistema Android, puede operarse de forma completamente independiente o conectarse a un PC mediante el potente software <strong data-start=\"1271\" data-end=\"1286\">ReaderIt-II<\/strong>, permitiendo un an\u00e1lisis exhaustivo y generaci\u00f3n de informes detallados.<\/p>\n<p data-start=\"1361\" data-end=\"1696\">Cuenta con doble detector fotoel\u00e9ctrico de silicio (uno para medici\u00f3n y otro de referencia), que garantiza alta linealidad y precisi\u00f3n, incluso en absorbancias cercanas a 3.0. Adem\u00e1s, ofrece un almacenamiento interno de <strong data-start=\"1581\" data-end=\"1590\">16 GB<\/strong>, suficiente para m\u00e1s de <strong data-start=\"1615\" data-end=\"1636\">20.000 resultados<\/strong>, as\u00ed como puertos USB y Ethernet para exportaci\u00f3n de datos.<\/p>\n<p data-start=\"1698\" data-end=\"1826\">Un lector robusto, preciso y vers\u00e1til, dise\u00f1ado para laboratorios que requieren el m\u00e1ximo control y flexibilidad en sus ensayos.<\/p>\n<p data-start=\"1698\" data-end=\"1826\">\n","protected":false},"featured_media":9175,"template":"","meta":{"iawp_total_views":8},"product_brand":[],"product_cat":[33],"product_tag":[270,273,268],"class_list":{"0":"post-9174","1":"product","2":"type-product","3":"status-publish","4":"has-post-thumbnail","6":"product_cat-lectores-de-microplaca","7":"product_tag-allsheng","8":"product_tag-flex-a200","9":"product_tag-microplacas","11":"first","12":"instock","13":"shipping-taxable","14":"product-type-simple"},"_links":{"self":[{"href":"https:\/\/www.controltecnica.com\/bio\/wp-json\/wp\/v2\/product\/9174","targetHints":{"allow":["GET"]}}],"collection":[{"href":"https:\/\/www.controltecnica.com\/bio\/wp-json\/wp\/v2\/product"}],"about":[{"href":"https:\/\/www.controltecnica.com\/bio\/wp-json\/wp\/v2\/types\/product"}],"wp:featuredmedia":[{"embeddable":true,"href":"https:\/\/www.controltecnica.com\/bio\/wp-json\/wp\/v2\/media\/9175"}],"wp:attachment":[{"href":"https:\/\/www.controltecnica.com\/bio\/wp-json\/wp\/v2\/media?parent=9174"}],"wp:term":[{"taxonomy":"product_brand","embeddable":true,"href":"https:\/\/www.controltecnica.com\/bio\/wp-json\/wp\/v2\/product_brand?post=9174"},{"taxonomy":"product_cat","embeddable":true,"href":"https:\/\/www.controltecnica.com\/bio\/wp-json\/wp\/v2\/product_cat?post=9174"},{"taxonomy":"product_tag","embeddable":true,"href":"https:\/\/www.controltecnica.com\/bio\/wp-json\/wp\/v2\/product_tag?post=9174"}],"curies":[{"name":"wp","href":"https:\/\/api.w.org\/{rel}","templated":true}]}}