{"id":9168,"date":"2025-07-10T14:43:09","date_gmt":"2025-07-10T14:43:09","guid":{"rendered":"https:\/\/www.controltecnica.com\/bio\/?post_type=product&#038;p=9168"},"modified":"2025-07-10T15:03:58","modified_gmt":"2025-07-10T15:03:58","slug":"allsheng-amr-100t","status":"publish","type":"product","link":"https:\/\/www.controltecnica.com\/bio\/producto\/allsheng-amr-100t\/","title":{"rendered":"Allsheng AMR-100T"},"content":{"rendered":"<p>[vc_row][vc_column width=\u00bb1\/2&#8243;][vc_column_text text_larger=\u00bbno\u00bb]<\/p>\n<table class=\"w-fit min-w-(--thread-content-width)\" data-start=\"251\" data-end=\"2004\">\n<thead data-start=\"251\" data-end=\"310\">\n<tr data-start=\"251\" data-end=\"310\">\n<th data-start=\"251\" data-end=\"284\" data-col-size=\"sm\">Especificaci\u00f3n<\/th>\n<th data-start=\"284\" data-end=\"310\" data-col-size=\"md\">Valor seg\u00fan fabricante<\/th>\n<\/tr>\n<\/thead>\n<tbody data-start=\"372\" data-end=\"2004\">\n<tr data-start=\"372\" data-end=\"432\">\n<td data-start=\"372\" data-end=\"406\" data-col-size=\"sm\"><strong data-start=\"374\" data-end=\"384\">Modelo<\/strong><\/td>\n<td data-col-size=\"md\" data-start=\"406\" data-end=\"432\">AMR-100T<\/td>\n<\/tr>\n<tr data-start=\"433\" data-end=\"493\">\n<td data-start=\"433\" data-end=\"467\" data-col-size=\"sm\"><strong data-start=\"435\" data-end=\"447\">Pantalla<\/strong><\/td>\n<td data-col-size=\"md\" data-start=\"467\" data-end=\"493\">T\u00e1ctil de 7 pulgadas<\/td>\n<\/tr>\n<tr data-start=\"494\" data-end=\"567\">\n<td data-start=\"494\" data-end=\"528\" data-col-size=\"sm\"><strong data-start=\"496\" data-end=\"513\">Fuente de luz<\/strong><\/td>\n<td data-col-size=\"md\" data-start=\"528\" data-end=\"567\">L\u00e1mpara hal\u00f3gena de cuarzo 6 V 10 W<\/td>\n<\/tr>\n<tr data-start=\"568\" data-end=\"628\">\n<td data-start=\"568\" data-end=\"602\" data-col-size=\"sm\"><strong data-start=\"570\" data-end=\"599\">Rango de longitud de onda<\/strong><\/td>\n<td data-col-size=\"md\" data-start=\"602\" data-end=\"628\">340 nm ~ 750 nm<\/td>\n<\/tr>\n<tr data-start=\"629\" data-end=\"750\">\n<td data-start=\"629\" data-end=\"663\" data-col-size=\"sm\"><strong data-start=\"631\" data-end=\"641\">Filtro<\/strong><\/td>\n<td data-col-size=\"md\" data-start=\"663\" data-end=\"750\">Rueda de 8 posiciones; 4 filtros est\u00e1ndar: 405, 450, 492, 630 nm (otros opcionales)<\/td>\n<\/tr>\n<tr data-start=\"751\" data-end=\"811\">\n<td data-start=\"751\" data-end=\"785\" data-col-size=\"sm\"><strong data-start=\"753\" data-end=\"773\">Rango de lectura<\/strong><\/td>\n<td data-col-size=\"md\" data-start=\"785\" data-end=\"811\">0 ~ 4.000 Abs<\/td>\n<\/tr>\n<tr data-start=\"812\" data-end=\"876\">\n<td data-start=\"812\" data-end=\"846\" data-col-size=\"sm\"><strong data-start=\"814\" data-end=\"837\">Linealidad (450 nm)<\/strong><\/td>\n<td data-col-size=\"md\" data-start=\"846\" data-end=\"876\">[0.000~3.000 Abs] R\u00b2\u22650.995<\/td>\n<\/tr>\n<tr data-start=\"877\" data-end=\"937\">\n<td data-start=\"877\" data-end=\"911\" data-col-size=\"sm\"><strong data-start=\"879\" data-end=\"893\">Resoluci\u00f3n<\/strong><\/td>\n<td data-col-size=\"md\" data-start=\"911\" data-end=\"937\">0.001 Abs<\/td>\n<\/tr>\n<tr data-start=\"938\" data-end=\"998\">\n<td data-start=\"938\" data-end=\"972\" data-col-size=\"sm\"><strong data-start=\"940\" data-end=\"970\">Precisi\u00f3n longitud de onda<\/strong><\/td>\n<td data-col-size=\"md\" data-start=\"972\" data-end=\"998\">\u2264\u00b12 nm<\/td>\n<\/tr>\n<tr data-start=\"999\" data-end=\"1063\">\n<td data-start=\"999\" data-end=\"1033\" data-col-size=\"sm\"><strong data-start=\"1001\" data-end=\"1030\">Repetibilidad absorbancia<\/strong><\/td>\n<td data-col-size=\"md\" data-start=\"1033\" data-end=\"1063\">[0,3) CV\u22640.3%; [3,4) CV\u22641%<\/td>\n<\/tr>\n<tr data-start=\"1064\" data-end=\"1151\">\n<td data-start=\"1064\" data-end=\"1098\" data-col-size=\"sm\"><strong data-start=\"1066\" data-end=\"1093\">Estabilidad absorbancia<\/strong><\/td>\n<td data-col-size=\"md\" data-start=\"1098\" data-end=\"1151\">\u2264\u00b10.005A [0,2Abs); \u22640.3% [2,3Abs); \u22642.0% [3,4Abs)<\/td>\n<\/tr>\n<tr data-start=\"1152\" data-end=\"1239\">\n<td data-start=\"1152\" data-end=\"1186\" data-col-size=\"sm\"><strong data-start=\"1154\" data-end=\"1179\">Exactitud absorbancia<\/strong><\/td>\n<td data-col-size=\"md\" data-start=\"1186\" data-end=\"1239\">\u2264\u00b10.005A [0,2Abs); \u2264\u00b11% [2,3Abs); \u2264\u00b11.5% [3,4Abs)<\/td>\n<\/tr>\n<tr data-start=\"1240\" data-end=\"1300\">\n<td data-start=\"1240\" data-end=\"1274\" data-col-size=\"sm\"><strong data-start=\"1242\" data-end=\"1269\">Sensibilidad \/ Detector<\/strong><\/td>\n<td data-col-size=\"md\" data-start=\"1274\" data-end=\"1300\">\u22650.01 A \/ fotodiodo<\/td>\n<\/tr>\n<tr data-start=\"1301\" data-end=\"1408\">\n<td data-start=\"1301\" data-end=\"1335\" data-col-size=\"sm\"><strong data-start=\"1303\" data-end=\"1328\">Velocidad de medici\u00f3n<\/strong><\/td>\n<td data-col-size=\"md\" data-start=\"1335\" data-end=\"1408\">6 s\/96-well (r\u00e1pido); &lt;15 s\/96 pozo (1 \u03bb), &lt;28 s\/96 pozo (2 \u03bb normal)<\/td>\n<\/tr>\n<tr data-start=\"1409\" data-end=\"1469\">\n<td data-start=\"1409\" data-end=\"1443\" data-col-size=\"sm\"><strong data-start=\"1411\" data-end=\"1425\">Incubaci\u00f3n<\/strong><\/td>\n<td data-col-size=\"md\" data-start=\"1443\" data-end=\"1469\">RT+4 \u2103 ~ 50 \u2103<\/td>\n<\/tr>\n<tr data-start=\"1470\" data-end=\"1529\">\n<td data-start=\"1470\" data-end=\"1504\" data-col-size=\"sm\"><strong data-start=\"1472\" data-end=\"1497\">Precisi\u00f3n temperatura<\/strong><\/td>\n<td data-col-size=\"md\" data-start=\"1504\" data-end=\"1529\">@37 \u2103\uff1a\u00b10.5 \u2103<\/td>\n<\/tr>\n<tr data-start=\"1530\" data-end=\"1589\">\n<td data-start=\"1530\" data-end=\"1564\" data-col-size=\"sm\"><strong data-start=\"1532\" data-end=\"1559\">Uniformidad temperatura<\/strong><\/td>\n<td data-col-size=\"md\" data-start=\"1564\" data-end=\"1589\">@37 \u2103\uff1a\u00b10.5 \u2103<\/td>\n<\/tr>\n<tr data-start=\"1590\" data-end=\"1650\">\n<td data-start=\"1590\" data-end=\"1624\" data-col-size=\"sm\"><strong data-start=\"1592\" data-end=\"1617\">Dimensiones (An\u00d7F\u00d7Al)<\/strong><\/td>\n<td data-col-size=\"md\" data-start=\"1624\" data-end=\"1650\">295 \u00d7 440 \u00d7 225 mm<\/td>\n<\/tr>\n<tr data-start=\"1651\" data-end=\"1739\">\n<td data-start=\"1651\" data-end=\"1685\" data-col-size=\"sm\"><strong data-start=\"1653\" data-end=\"1676\">Interfaz de usuario<\/strong><\/td>\n<td data-col-size=\"md\" data-start=\"1685\" data-end=\"1739\">Software integrado, pantalla t\u00e1ctil, rat\u00f3n externo<\/td>\n<\/tr>\n<tr data-start=\"1740\" data-end=\"1800\">\n<td data-start=\"1740\" data-end=\"1774\" data-col-size=\"sm\"><strong data-start=\"1742\" data-end=\"1768\">Almacenamiento interno<\/strong><\/td>\n<td data-col-size=\"md\" data-start=\"1774\" data-end=\"1800\">1000 registros<\/td>\n<\/tr>\n<tr data-start=\"1801\" data-end=\"1878\">\n<td data-start=\"1801\" data-end=\"1835\" data-col-size=\"sm\"><strong data-start=\"1803\" data-end=\"1814\">Puertos<\/strong><\/td>\n<td data-col-size=\"md\" data-start=\"1835\" data-end=\"1878\">3 puertos USB (PC, impresora, USB-disk)<\/td>\n<\/tr>\n<tr data-start=\"1879\" data-end=\"1943\">\n<td data-start=\"1879\" data-end=\"1913\" data-col-size=\"sm\"><strong data-start=\"1881\" data-end=\"1897\">Alimentaci\u00f3n<\/strong><\/td>\n<td data-col-size=\"md\" data-start=\"1913\" data-end=\"1943\">AC100-240 V, 50-60 Hz, 2 A<\/td>\n<\/tr>\n<tr data-start=\"1944\" data-end=\"2004\">\n<td data-start=\"1944\" data-end=\"1978\" data-col-size=\"sm\"><strong data-start=\"1946\" data-end=\"1954\">Peso<\/strong><\/td>\n<td data-col-size=\"md\" data-start=\"1978\" data-end=\"2004\">11 kg<\/td>\n<\/tr>\n<\/tbody>\n<\/table>\n<p>[\/vc_column_text][\/vc_column][vc_column width=\u00bb1\/2&#8243;]\n<div class=\"wpcf7 no-js\" id=\"wpcf7-f7-o1\" lang=\"es-ES\" dir=\"ltr\" data-wpcf7-id=\"7\">\n<div class=\"screen-reader-response\"><p role=\"status\" aria-live=\"polite\" aria-atomic=\"true\"><\/p> <ul><\/ul><\/div>\n<form action=\"\/bio\/wp-json\/wp\/v2\/product\/9168#wpcf7-f7-o1\" method=\"post\" class=\"wpcf7-form init\" aria-label=\"Formulario de contacto\" novalidate=\"novalidate\" data-status=\"init\">\n<fieldset class=\"hidden-fields-container\"><input type=\"hidden\" name=\"_wpcf7\" value=\"7\" \/><input type=\"hidden\" name=\"_wpcf7_version\" value=\"6.1.5\" \/><input type=\"hidden\" name=\"_wpcf7_locale\" value=\"es_ES\" \/><input type=\"hidden\" name=\"_wpcf7_unit_tag\" value=\"wpcf7-f7-o1\" \/><input type=\"hidden\" name=\"_wpcf7_container_post\" value=\"0\" \/><input type=\"hidden\" name=\"_wpcf7_posted_data_hash\" value=\"\" \/><input type=\"hidden\" name=\"_wpcf7_recaptcha_response\" value=\"\" \/>\n<\/fieldset>\n<div style=\"color:#e30614;font-weight:600;font-size:30px;margin-bottom:10px;\">\n\t<p>\u00bfPodemos ayudarte?\n\t<\/p>\n<\/div>\n<div class=\"row\">\n\t<div class=\"col-md-6\" style='margin-bottom:20px;'>\n\t\t<p><label>Nombre y Apellidos*<\/label><span class=\"wpcf7-form-control-wrap\" data-name=\"your-name\"><input size=\"40\" maxlength=\"400\" class=\"wpcf7-form-control wpcf7-text wpcf7-validates-as-required\" aria-required=\"true\" aria-invalid=\"false\" value=\"\" type=\"text\" name=\"your-name\" \/><\/span>\n\t\t<\/p>\n\t<\/div>\n\t<div class=\"col-md-6\" style='margin-bottom:20px;'>\n\t\t<p><label>Empresa\/Univ\/Hosp*<\/label><span class=\"wpcf7-form-control-wrap\" data-name=\"your-job\"><input size=\"40\" maxlength=\"400\" class=\"wpcf7-form-control wpcf7-text wpcf7-validates-as-required\" aria-required=\"true\" aria-invalid=\"false\" value=\"\" type=\"text\" name=\"your-job\" \/><\/span>\n\t\t<\/p>\n\t<\/div>\n<\/div>\n<div class=\"row\">\n\t<div class=\"col-md-6\" style='margin-bottom:20px;'>\n\t\t<p><label>Email*<\/label><span class=\"wpcf7-form-control-wrap\" data-name=\"your-email\"><input size=\"40\" maxlength=\"400\" class=\"wpcf7-form-control wpcf7-email wpcf7-validates-as-required wpcf7-text wpcf7-validates-as-email\" aria-required=\"true\" aria-invalid=\"false\" value=\"\" type=\"email\" name=\"your-email\" \/><\/span>\n\t\t<\/p>\n\t<\/div>\n\t<div class=\"col-md-6\" style='margin-bottom:20px;'>\n\t\t<p><label>Tel\u00e9fono*<\/label><span class=\"wpcf7-form-control-wrap\" data-name=\"your-number\"><input size=\"40\" maxlength=\"400\" class=\"wpcf7-form-control wpcf7-text wpcf7-validates-as-required\" aria-required=\"true\" aria-invalid=\"false\" value=\"\" type=\"text\" name=\"your-number\" \/><\/span>\n\t\t<\/p>\n\t<\/div>\n<\/div>\n<p><label>\u00bfEn qu\u00e9 est\u00e1s interesado?<\/label><span class=\"wpcf7-form-control-wrap\" data-name=\"your-message\"><textarea cols=\"40\" rows=\"10\" maxlength=\"2000\" class=\"wpcf7-form-control wpcf7-textarea\" aria-invalid=\"false\" name=\"your-message\"><\/textarea><\/span>\n<\/p>\n<p><span class=\"wpcf7-form-control-wrap\" data-name=\"acceptance-412\"><span class=\"wpcf7-form-control wpcf7-acceptance\"><span class=\"wpcf7-list-item\"><label><input type=\"checkbox\" name=\"acceptance-412\" value=\"1\" aria-invalid=\"false\" \/><span class=\"wpcf7-list-item-label\">He le\u00eddo y acepto la <a href=\"https:\/\/www.controltecnica.com\/bio\/privacidad\" target=\"_blank\">pol\u00edtica de privacidad<\/a><\/span><\/label><\/span><\/span><\/span><br \/>\n<span class=\"wpcf7-form-control-wrap\" data-name=\"acceptance-581\"><span class=\"wpcf7-form-control wpcf7-acceptance optional\"><span class=\"wpcf7-list-item\"><label><input type=\"checkbox\" name=\"acceptance-581\" value=\"1\" aria-invalid=\"false\" \/><span class=\"wpcf7-list-item-label\">Acepto recibir informaci\u00f3n comercial de CONTROLTECNICA<\/span><\/label><\/span><\/span><\/span>\n<\/p>\n<p><input class=\"wpcf7-form-control wpcf7-submit has-spinner btn-size-large btn btn-color-primary\" type=\"submit\" value=\"ENVIAR MENSAJE\" \/>\n<\/p><div class=\"wpcf7-response-output\" aria-hidden=\"true\"><\/div>\n<\/form>\n<\/div>\n[\/vc_column][\/vc_row]<\/p>\n","protected":false},"excerpt":{"rendered":"<p data-start=\"529\" data-end=\"954\">El <strong data-start=\"532\" data-end=\"544\">AMR-100T<\/strong> de <strong data-start=\"548\" data-end=\"560\">Allsheng<\/strong> es un lector de microplacas por absorci\u00f3n de alta calidad, dise\u00f1ado para laboratorios de investigaci\u00f3n cient\u00edfica y aplicaciones cl\u00ednicas.<br data-start=\"699\" data-end=\"702\" \/>Utiliza l\u00e1mpara hal\u00f3gena de cuarzo y un sistema de filtros para cubrir un rango de <strong data-start=\"785\" data-end=\"801\">340 a 750 nm<\/strong>, con rueda de 8 posiciones y 4 filtros est\u00e1ndar incluidos (405, 450, 492 y 630 nm), permitiendo una lectura precisa y adaptable a distintas necesidades.<\/p>\n<p data-start=\"956\" data-end=\"1307\">Cuenta con una pantalla t\u00e1ctil capacitiva de <strong data-start=\"1001\" data-end=\"1015\">7 pulgadas<\/strong> de alta resoluci\u00f3n que facilita un manejo intuitivo, sin necesidad de teclado, y permite operar directamente desde el equipo o conectado a PC. Su software <strong data-start=\"1171\" data-end=\"1185\">ReaderIt-I<\/strong> ofrece potentes funciones de an\u00e1lisis, informes completos y la posibilidad de exportar datos a trav\u00e9s de sus puertos USB.<\/p>\n<p data-start=\"1309\" data-end=\"1671\">Destaca por su velocidad: puede completar la lectura de una placa de 96 pocillos en solo <strong data-start=\"1398\" data-end=\"1412\">6 segundos<\/strong> en modo r\u00e1pido, o trabajar en modo dual de longitud de onda en menos de <strong data-start=\"1485\" data-end=\"1500\">28 segundos<\/strong>. Adem\u00e1s, el modelo <strong data-start=\"1520\" data-end=\"1532\">AMR-100T<\/strong> integra una incubaci\u00f3n controlada desde <strong data-start=\"1573\" data-end=\"1596\">RT+4 \u00b0C hasta 50 \u00b0C<\/strong>, con una precisi\u00f3n y uniformidad de \u00b10.5 \u00b0C, ideal para ensayos cin\u00e9ticos.<\/p>\n<p data-start=\"1673\" data-end=\"1866\">El equipo ofrece almacenamiento interno para hasta <strong data-start=\"1724\" data-end=\"1742\">1000 registros<\/strong>, admite conexiones con impresora o USB y garantiza un rendimiento estable gracias a su excelente repetibilidad y exactitud.<\/p>\n<p data-start=\"1868\" data-end=\"2029\">Una herramienta fiable para ELISA, cuantificaci\u00f3n de prote\u00ednas y \u00e1cidos nucleicos, cin\u00e9ticas enzim\u00e1ticas y m\u00e1s, que aporta eficiencia y calidad a tu laboratorio.<\/p>\n","protected":false},"featured_media":9169,"template":"","meta":{"iawp_total_views":29},"product_brand":[],"product_cat":[33],"product_tag":[270,271,268],"class_list":{"0":"post-9168","1":"product","2":"type-product","3":"status-publish","4":"has-post-thumbnail","6":"product_cat-lectores-de-microplaca","7":"product_tag-allsheng","8":"product_tag-amr-100t","9":"product_tag-microplacas","11":"first","12":"instock","13":"shipping-taxable","14":"product-type-simple"},"_links":{"self":[{"href":"https:\/\/www.controltecnica.com\/bio\/wp-json\/wp\/v2\/product\/9168","targetHints":{"allow":["GET"]}}],"collection":[{"href":"https:\/\/www.controltecnica.com\/bio\/wp-json\/wp\/v2\/product"}],"about":[{"href":"https:\/\/www.controltecnica.com\/bio\/wp-json\/wp\/v2\/types\/product"}],"wp:featuredmedia":[{"embeddable":true,"href":"https:\/\/www.controltecnica.com\/bio\/wp-json\/wp\/v2\/media\/9169"}],"wp:attachment":[{"href":"https:\/\/www.controltecnica.com\/bio\/wp-json\/wp\/v2\/media?parent=9168"}],"wp:term":[{"taxonomy":"product_brand","embeddable":true,"href":"https:\/\/www.controltecnica.com\/bio\/wp-json\/wp\/v2\/product_brand?post=9168"},{"taxonomy":"product_cat","embeddable":true,"href":"https:\/\/www.controltecnica.com\/bio\/wp-json\/wp\/v2\/product_cat?post=9168"},{"taxonomy":"product_tag","embeddable":true,"href":"https:\/\/www.controltecnica.com\/bio\/wp-json\/wp\/v2\/product_tag?post=9168"}],"curies":[{"name":"wp","href":"https:\/\/api.w.org\/{rel}","templated":true}]}}