{"id":9162,"date":"2025-07-10T14:10:19","date_gmt":"2025-07-10T14:10:19","guid":{"rendered":"https:\/\/www.controltecnica.com\/bio\/?post_type=product&#038;p=9162"},"modified":"2025-07-10T14:34:04","modified_gmt":"2025-07-10T14:34:04","slug":"life-real-scanready-p800","status":"publish","type":"product","link":"https:\/\/www.controltecnica.com\/bio\/producto\/life-real-scanready-p800\/","title":{"rendered":"Life Real ScanReady P800"},"content":{"rendered":"<p>[vc_row][vc_column width=\u00bb1\/2&#8243;][vc_column_text text_larger=\u00bbno\u00bb]Lector de microplacas para ensayos ELISA y cuantificaci\u00f3n de prote\u00ednas y \u00e1cidos nucleicos, con tecnolog\u00eda de escaneo r\u00e1pido, pantalla t\u00e1ctil intuitiva y an\u00e1lisis de datos avanzado.<\/p>\n<p>&nbsp;<\/p>\n<table class=\"w-fit min-w-(--thread-content-width)\" data-start=\"297\" data-end=\"1958\">\n<thead data-start=\"297\" data-end=\"354\">\n<tr data-start=\"297\" data-end=\"354\">\n<th data-start=\"297\" data-end=\"328\" data-col-size=\"sm\">Especificaci\u00f3n<\/th>\n<th data-start=\"328\" data-end=\"354\" data-col-size=\"md\">Valor seg\u00fan fabricante<\/th>\n<\/tr>\n<\/thead>\n<tbody data-start=\"414\" data-end=\"1958\">\n<tr data-start=\"414\" data-end=\"472\">\n<td data-start=\"414\" data-end=\"446\" data-col-size=\"sm\"><strong data-start=\"416\" data-end=\"426\">Modelo<\/strong><\/td>\n<td data-col-size=\"md\" data-start=\"446\" data-end=\"472\">P800+<\/td>\n<\/tr>\n<tr data-start=\"473\" data-end=\"536\">\n<td data-start=\"473\" data-end=\"505\" data-col-size=\"sm\"><strong data-start=\"475\" data-end=\"492\">Tipo de placa<\/strong><\/td>\n<td data-col-size=\"md\" data-start=\"505\" data-end=\"536\">Placas de 96 y 384 pocillos<\/td>\n<\/tr>\n<tr data-start=\"537\" data-end=\"599\">\n<td data-start=\"537\" data-end=\"569\" data-col-size=\"sm\"><strong data-start=\"539\" data-end=\"556\">Fuente de luz<\/strong><\/td>\n<td data-col-size=\"md\" data-start=\"569\" data-end=\"599\">L\u00e1mpara hal\u00f3gena de cuarzo<\/td>\n<\/tr>\n<tr data-start=\"600\" data-end=\"658\">\n<td data-start=\"600\" data-end=\"632\" data-col-size=\"sm\"><strong data-start=\"602\" data-end=\"622\">Tipo de detector<\/strong><\/td>\n<td data-col-size=\"md\" data-start=\"632\" data-end=\"658\">Detector de fotos<\/td>\n<\/tr>\n<tr data-start=\"659\" data-end=\"717\">\n<td data-start=\"659\" data-end=\"691\" data-col-size=\"sm\"><strong data-start=\"661\" data-end=\"691\">Selecci\u00f3n de longitud onda<\/strong><\/td>\n<td data-col-size=\"md\" data-start=\"691\" data-end=\"717\">Filtros (330-900 nm)<\/td>\n<\/tr>\n<tr data-start=\"718\" data-end=\"801\">\n<td data-start=\"718\" data-end=\"750\" data-col-size=\"sm\"><strong data-start=\"720\" data-end=\"740\">Rueda de filtros<\/strong><\/td>\n<td data-col-size=\"md\" data-start=\"750\" data-end=\"801\">8 posiciones; instalados: 405, 450, 492, 630 nm<\/td>\n<\/tr>\n<tr data-start=\"802\" data-end=\"919\">\n<td data-start=\"802\" data-end=\"834\" data-col-size=\"sm\"><strong data-start=\"804\" data-end=\"826\">Filtros opcionales<\/strong><\/td>\n<td data-col-size=\"md\" data-start=\"834\" data-end=\"919\">340, 375, 414, 520, 530, 540, 550, 560, 570, 595, 620, 650, 690, 740, 750, 820 nm<\/td>\n<\/tr>\n<tr data-start=\"920\" data-end=\"977\">\n<td data-start=\"920\" data-end=\"952\" data-col-size=\"sm\"><strong data-start=\"922\" data-end=\"946\">Medio ancho de banda<\/strong><\/td>\n<td data-col-size=\"md\" data-start=\"952\" data-end=\"977\">3\uff5e9 nm<\/td>\n<\/tr>\n<tr data-start=\"978\" data-end=\"1062\">\n<td data-start=\"978\" data-end=\"1010\" data-col-size=\"sm\"><strong data-start=\"980\" data-end=\"994\">Linealidad<\/strong><\/td>\n<td data-col-size=\"md\" data-start=\"1010\" data-end=\"1062\">0\u20133 Abs \u00b12% (96 r\u00e1pido); 0\u20134 Abs \u00b12% (96 normal)<\/td>\n<\/tr>\n<tr data-start=\"1063\" data-end=\"1121\">\n<td data-start=\"1063\" data-end=\"1095\" data-col-size=\"sm\"><strong data-start=\"1065\" data-end=\"1085\">Rango de lectura<\/strong><\/td>\n<td data-col-size=\"md\" data-start=\"1095\" data-end=\"1121\">0\u20136 Abs<\/td>\n<\/tr>\n<tr data-start=\"1122\" data-end=\"1180\">\n<td data-start=\"1122\" data-end=\"1154\" data-col-size=\"sm\"><strong data-start=\"1124\" data-end=\"1138\">Resoluci\u00f3n<\/strong><\/td>\n<td data-col-size=\"md\" data-start=\"1154\" data-end=\"1180\">0,001 Abs<\/td>\n<\/tr>\n<tr data-start=\"1181\" data-end=\"1263\">\n<td data-start=\"1181\" data-end=\"1213\" data-col-size=\"sm\"><strong data-start=\"1183\" data-end=\"1196\">Exactitud<\/strong><\/td>\n<td data-col-size=\"md\" data-start=\"1213\" data-end=\"1263\">\u00b11% (0\u20133 Abs) a 405 nm; \u00b12% (3\u20134 Abs) a 405 nm<\/td>\n<\/tr>\n<tr data-start=\"1264\" data-end=\"1345\">\n<td data-start=\"1264\" data-end=\"1296\" data-col-size=\"sm\"><strong data-start=\"1266\" data-end=\"1279\">Precisi\u00f3n<\/strong><\/td>\n<td data-col-size=\"md\" data-start=\"1296\" data-end=\"1345\">CV \u22640,2% (0\u20133 Abs); CV \u22641% (3\u20134 Abs) a 405 nm<\/td>\n<\/tr>\n<tr data-start=\"1346\" data-end=\"1419\">\n<td data-start=\"1346\" data-end=\"1378\" data-col-size=\"sm\"><strong data-start=\"1348\" data-end=\"1360\">Sacudida<\/strong><\/td>\n<td data-col-size=\"md\" data-start=\"1378\" data-end=\"1419\">Agitaci\u00f3n lineal lento, medio, r\u00e1pido<\/td>\n<\/tr>\n<tr data-start=\"1420\" data-end=\"1493\">\n<td data-start=\"1420\" data-end=\"1452\" data-col-size=\"sm\"><strong data-start=\"1422\" data-end=\"1448\">Temperatura incubaci\u00f3n<\/strong><\/td>\n<td data-col-size=\"md\" data-start=\"1452\" data-end=\"1493\">RT +4\u2103 a 55\u2103 (configuraci\u00f3n est\u00e1ndar)<\/td>\n<\/tr>\n<tr data-start=\"1494\" data-end=\"1552\">\n<td data-start=\"1494\" data-end=\"1526\" data-col-size=\"sm\"><strong data-start=\"1496\" data-end=\"1508\">Pantalla<\/strong><\/td>\n<td data-col-size=\"md\" data-start=\"1526\" data-end=\"1552\">T\u00e1ctil color HD 10\u201d<\/td>\n<\/tr>\n<tr data-start=\"1553\" data-end=\"1660\">\n<td data-start=\"1553\" data-end=\"1585\" data-col-size=\"sm\"><strong data-start=\"1555\" data-end=\"1577\">Velocidad medici\u00f3n<\/strong><\/td>\n<td data-col-size=\"md\" data-start=\"1585\" data-end=\"1660\">8 s (96 r\u00e1pido), 12 s (96 normal), 16 s (384 r\u00e1pido), 24 s (384 normal)<\/td>\n<\/tr>\n<tr data-start=\"1661\" data-end=\"1719\">\n<td data-start=\"1661\" data-end=\"1693\" data-col-size=\"sm\"><strong data-start=\"1663\" data-end=\"1687\">Exportaci\u00f3n de datos<\/strong><\/td>\n<td data-col-size=\"md\" data-start=\"1693\" data-end=\"1719\">USB<\/td>\n<\/tr>\n<tr data-start=\"1720\" data-end=\"1778\">\n<td data-start=\"1720\" data-end=\"1752\" data-col-size=\"sm\"><strong data-start=\"1722\" data-end=\"1735\">Impresora<\/strong><\/td>\n<td data-col-size=\"md\" data-start=\"1752\" data-end=\"1778\">USB \/ WiFi<\/td>\n<\/tr>\n<tr data-start=\"1779\" data-end=\"1840\">\n<td data-start=\"1779\" data-end=\"1811\" data-col-size=\"sm\"><strong data-start=\"1781\" data-end=\"1799\">Software de PC<\/strong><\/td>\n<td data-col-size=\"md\" data-start=\"1811\" data-end=\"1840\">Configurado para est\u00e1ndar<\/td>\n<\/tr>\n<tr data-start=\"1841\" data-end=\"1899\">\n<td data-start=\"1841\" data-end=\"1873\" data-col-size=\"sm\"><strong data-start=\"1843\" data-end=\"1861\">Tama\u00f1o (L\u00d7A\u00d7H)<\/strong><\/td>\n<td data-col-size=\"md\" data-start=\"1873\" data-end=\"1899\">400 x 290 x 220 mm<\/td>\n<\/tr>\n<tr data-start=\"1900\" data-end=\"1958\">\n<td data-start=\"1900\" data-end=\"1932\" data-col-size=\"sm\"><strong data-start=\"1902\" data-end=\"1928\">Fuente de alimentaci\u00f3n<\/strong><\/td>\n<td data-col-size=\"md\" data-start=\"1932\" data-end=\"1958\">100-240 V, 50\/60 Hz<\/td>\n<\/tr>\n<\/tbody>\n<\/table>\n<p>[\/vc_column_text][\/vc_column][vc_column width=\u00bb1\/2&#8243;]\n<div class=\"wpcf7 no-js\" id=\"wpcf7-f7-o1\" lang=\"es-ES\" dir=\"ltr\" data-wpcf7-id=\"7\">\n<div class=\"screen-reader-response\"><p role=\"status\" aria-live=\"polite\" aria-atomic=\"true\"><\/p> <ul><\/ul><\/div>\n<form action=\"\/bio\/wp-json\/wp\/v2\/product\/9162#wpcf7-f7-o1\" method=\"post\" class=\"wpcf7-form init\" aria-label=\"Formulario de contacto\" novalidate=\"novalidate\" data-status=\"init\">\n<fieldset class=\"hidden-fields-container\"><input type=\"hidden\" name=\"_wpcf7\" value=\"7\" \/><input type=\"hidden\" name=\"_wpcf7_version\" value=\"6.1.5\" \/><input type=\"hidden\" name=\"_wpcf7_locale\" value=\"es_ES\" \/><input type=\"hidden\" name=\"_wpcf7_unit_tag\" value=\"wpcf7-f7-o1\" \/><input type=\"hidden\" name=\"_wpcf7_container_post\" value=\"0\" \/><input type=\"hidden\" name=\"_wpcf7_posted_data_hash\" value=\"\" \/><input type=\"hidden\" name=\"_wpcf7_recaptcha_response\" value=\"\" \/>\n<\/fieldset>\n<div style=\"color:#e30614;font-weight:600;font-size:30px;margin-bottom:10px;\">\n\t<p>\u00bfPodemos ayudarte?\n\t<\/p>\n<\/div>\n<div class=\"row\">\n\t<div class=\"col-md-6\" style='margin-bottom:20px;'>\n\t\t<p><label>Nombre y Apellidos*<\/label><span class=\"wpcf7-form-control-wrap\" data-name=\"your-name\"><input size=\"40\" maxlength=\"400\" class=\"wpcf7-form-control wpcf7-text wpcf7-validates-as-required\" aria-required=\"true\" aria-invalid=\"false\" value=\"\" type=\"text\" name=\"your-name\" \/><\/span>\n\t\t<\/p>\n\t<\/div>\n\t<div class=\"col-md-6\" style='margin-bottom:20px;'>\n\t\t<p><label>Empresa\/Univ\/Hosp*<\/label><span class=\"wpcf7-form-control-wrap\" data-name=\"your-job\"><input size=\"40\" maxlength=\"400\" class=\"wpcf7-form-control wpcf7-text wpcf7-validates-as-required\" aria-required=\"true\" aria-invalid=\"false\" value=\"\" type=\"text\" name=\"your-job\" \/><\/span>\n\t\t<\/p>\n\t<\/div>\n<\/div>\n<div class=\"row\">\n\t<div class=\"col-md-6\" style='margin-bottom:20px;'>\n\t\t<p><label>Email*<\/label><span class=\"wpcf7-form-control-wrap\" data-name=\"your-email\"><input size=\"40\" maxlength=\"400\" class=\"wpcf7-form-control wpcf7-email wpcf7-validates-as-required wpcf7-text wpcf7-validates-as-email\" aria-required=\"true\" aria-invalid=\"false\" value=\"\" type=\"email\" name=\"your-email\" \/><\/span>\n\t\t<\/p>\n\t<\/div>\n\t<div class=\"col-md-6\" style='margin-bottom:20px;'>\n\t\t<p><label>Tel\u00e9fono*<\/label><span class=\"wpcf7-form-control-wrap\" data-name=\"your-number\"><input size=\"40\" maxlength=\"400\" class=\"wpcf7-form-control wpcf7-text wpcf7-validates-as-required\" aria-required=\"true\" aria-invalid=\"false\" value=\"\" type=\"text\" name=\"your-number\" \/><\/span>\n\t\t<\/p>\n\t<\/div>\n<\/div>\n<p><label>\u00bfEn qu\u00e9 est\u00e1s interesado?<\/label><span class=\"wpcf7-form-control-wrap\" data-name=\"your-message\"><textarea cols=\"40\" rows=\"10\" maxlength=\"2000\" class=\"wpcf7-form-control wpcf7-textarea\" aria-invalid=\"false\" name=\"your-message\"><\/textarea><\/span>\n<\/p>\n<p><span class=\"wpcf7-form-control-wrap\" data-name=\"acceptance-412\"><span class=\"wpcf7-form-control wpcf7-acceptance\"><span class=\"wpcf7-list-item\"><label><input type=\"checkbox\" name=\"acceptance-412\" value=\"1\" aria-invalid=\"false\" \/><span class=\"wpcf7-list-item-label\">He le\u00eddo y acepto la <a href=\"https:\/\/www.controltecnica.com\/bio\/privacidad\" target=\"_blank\">pol\u00edtica de privacidad<\/a><\/span><\/label><\/span><\/span><\/span><br \/>\n<span class=\"wpcf7-form-control-wrap\" data-name=\"acceptance-581\"><span class=\"wpcf7-form-control wpcf7-acceptance optional\"><span class=\"wpcf7-list-item\"><label><input type=\"checkbox\" name=\"acceptance-581\" value=\"1\" aria-invalid=\"false\" \/><span class=\"wpcf7-list-item-label\">Acepto recibir informaci\u00f3n comercial de CONTROLTECNICA<\/span><\/label><\/span><\/span><\/span>\n<\/p>\n<p><input class=\"wpcf7-form-control wpcf7-submit has-spinner btn-size-large btn btn-color-primary\" type=\"submit\" value=\"ENVIAR MENSAJE\" \/>\n<\/p><div class=\"wpcf7-response-output\" aria-hidden=\"true\"><\/div>\n<\/form>\n<\/div>\n[\/vc_column][\/vc_row]<\/p>\n","protected":false},"excerpt":{"rendered":"<p>El ScanReady P800 de LifeReal es un lector de microplacas vers\u00e1til y preciso, ideal para aplicaciones de ELISA, cin\u00e9ticas enzim\u00e1ticas, cuantificaci\u00f3n de prote\u00ednas o \u00e1cidos nucleicos y muchas otras necesidades de laboratorio.<\/p>\n<p>Dise\u00f1ado con un sistema \u00f3ptico avanzado que utiliza l\u00e1mpara de xen\u00f3n y monocromador para selecci\u00f3n precisa de longitudes de onda entre 200 y 1000 nm, permite an\u00e1lisis espectrales completos con una resoluci\u00f3n de 1 nm.<br \/>\nSu pantalla t\u00e1ctil a color de 10 pulgadas y su software intuitivo facilitan la programaci\u00f3n de protocolos, ejecuci\u00f3n de an\u00e1lisis y generaci\u00f3n de informes detallados directamente desde el equipo.<\/p>\n<p>Incluye funciones de incubaci\u00f3n (RT+4 \u00b0C a 45 \u00b0C) con agitaci\u00f3n lineal ajustable, ideal para cin\u00e9ticas y estabilidad de reacci\u00f3n. Sus puertos USB y red permiten exportar datos en m\u00faltiples formatos (Excel, TXT, CSV, PDF) y mantener un control avanzado de los resultados.<\/p>\n<p>Un aliado robusto para tu laboratorio, capaz de realizar detecci\u00f3n endpoint, cin\u00e9tica y escaneo espectral en placas de 96 y 384 pocillos sin necesidad de diluir muestras, optimizando tiempos y resultados.<\/p>\n","protected":false},"featured_media":9163,"template":"","meta":{"iawp_total_views":25},"product_brand":[],"product_cat":[33],"product_tag":[264,268,269],"class_list":{"0":"post-9162","1":"product","2":"type-product","3":"status-publish","4":"has-post-thumbnail","6":"product_cat-lectores-de-microplaca","7":"product_tag-lifereal","8":"product_tag-microplacas","9":"product_tag-p800","11":"first","12":"instock","13":"shipping-taxable","14":"product-type-simple"},"_links":{"self":[{"href":"https:\/\/www.controltecnica.com\/bio\/wp-json\/wp\/v2\/product\/9162","targetHints":{"allow":["GET"]}}],"collection":[{"href":"https:\/\/www.controltecnica.com\/bio\/wp-json\/wp\/v2\/product"}],"about":[{"href":"https:\/\/www.controltecnica.com\/bio\/wp-json\/wp\/v2\/types\/product"}],"wp:featuredmedia":[{"embeddable":true,"href":"https:\/\/www.controltecnica.com\/bio\/wp-json\/wp\/v2\/media\/9163"}],"wp:attachment":[{"href":"https:\/\/www.controltecnica.com\/bio\/wp-json\/wp\/v2\/media?parent=9162"}],"wp:term":[{"taxonomy":"product_brand","embeddable":true,"href":"https:\/\/www.controltecnica.com\/bio\/wp-json\/wp\/v2\/product_brand?post=9162"},{"taxonomy":"product_cat","embeddable":true,"href":"https:\/\/www.controltecnica.com\/bio\/wp-json\/wp\/v2\/product_cat?post=9162"},{"taxonomy":"product_tag","embeddable":true,"href":"https:\/\/www.controltecnica.com\/bio\/wp-json\/wp\/v2\/product_tag?post=9162"}],"curies":[{"name":"wp","href":"https:\/\/api.w.org\/{rel}","templated":true}]}}