{"id":9130,"date":"2025-06-25T15:54:30","date_gmt":"2025-06-25T15:54:30","guid":{"rendered":"https:\/\/www.controltecnica.com\/bio\/?post_type=product&#038;p=9130"},"modified":"2025-06-26T07:35:02","modified_gmt":"2025-06-26T07:35:02","slug":"alliance-q9-atom","status":"publish","type":"product","link":"https:\/\/www.controltecnica.com\/bio\/producto\/alliance-q9-atom\/","title":{"rendered":"Alliance Q9 ATOM"},"content":{"rendered":"<p>[vc_row][vc_column width=\u00bb1\/2&#8243;][vc_column_text text_larger=\u00bbno\u00bb]<\/p>\n<h4 data-pm-slice=\"1 3 []\">Principales especificaciones t\u00e9cnicas<\/h4>\n<ul data-spread=\"false\">\n<li>Resoluci\u00f3n: 9,2 megap\u00edxeles reales<\/li>\n<li>Sensor de 16 bits con 65.535 niveles de grises<\/li>\n<li>\u00d3ptica de gran apertura: f\/0.8<\/li>\n<li>Enfriamiento de c\u00e1mara a -60 \u00baC<\/li>\n<li>Rango din\u00e1mico: 4,8 DO<\/li>\n<li>Autoexposici\u00f3n inteligente<\/li>\n<li>Plataforma integrada de adquisici\u00f3n, edici\u00f3n y an\u00e1lisis<\/li>\n<li>Quimioluminiscencia de alta sensibilidad<\/li>\n<li>Ampliable a detecci\u00f3n UV (365 nm)<\/li>\n<li>Dimensiones: 84,5 x 47 x 51,5 cm<\/li>\n<li>Peso: 25 kg<\/li>\n<li>Recubrimiento resistente a productos qu\u00edmicos<\/li>\n<\/ul>\n<p>[\/vc_column_text][\/vc_column][vc_column width=\u00bb1\/2&#8243;]\n<div class=\"wpcf7 no-js\" id=\"wpcf7-f7-o1\" lang=\"es-ES\" dir=\"ltr\" data-wpcf7-id=\"7\">\n<div class=\"screen-reader-response\"><p role=\"status\" aria-live=\"polite\" aria-atomic=\"true\"><\/p> <ul><\/ul><\/div>\n<form action=\"\/bio\/wp-json\/wp\/v2\/product\/9130#wpcf7-f7-o1\" method=\"post\" class=\"wpcf7-form init\" aria-label=\"Formulario de contacto\" novalidate=\"novalidate\" data-status=\"init\">\n<fieldset class=\"hidden-fields-container\"><input type=\"hidden\" name=\"_wpcf7\" value=\"7\" \/><input type=\"hidden\" name=\"_wpcf7_version\" value=\"6.1.5\" \/><input type=\"hidden\" name=\"_wpcf7_locale\" value=\"es_ES\" \/><input type=\"hidden\" name=\"_wpcf7_unit_tag\" value=\"wpcf7-f7-o1\" \/><input type=\"hidden\" name=\"_wpcf7_container_post\" value=\"0\" \/><input type=\"hidden\" name=\"_wpcf7_posted_data_hash\" value=\"\" \/><input type=\"hidden\" name=\"_wpcf7_recaptcha_response\" value=\"\" \/>\n<\/fieldset>\n<div style=\"color:#e30614;font-weight:600;font-size:30px;margin-bottom:10px;\">\n\t<p>\u00bfPodemos ayudarte?\n\t<\/p>\n<\/div>\n<div class=\"row\">\n\t<div class=\"col-md-6\" style='margin-bottom:20px;'>\n\t\t<p><label>Nombre y Apellidos*<\/label><span class=\"wpcf7-form-control-wrap\" data-name=\"your-name\"><input size=\"40\" maxlength=\"400\" class=\"wpcf7-form-control wpcf7-text wpcf7-validates-as-required\" aria-required=\"true\" aria-invalid=\"false\" value=\"\" type=\"text\" name=\"your-name\" \/><\/span>\n\t\t<\/p>\n\t<\/div>\n\t<div class=\"col-md-6\" style='margin-bottom:20px;'>\n\t\t<p><label>Empresa\/Univ\/Hosp*<\/label><span class=\"wpcf7-form-control-wrap\" data-name=\"your-job\"><input size=\"40\" maxlength=\"400\" class=\"wpcf7-form-control wpcf7-text wpcf7-validates-as-required\" aria-required=\"true\" aria-invalid=\"false\" value=\"\" type=\"text\" name=\"your-job\" \/><\/span>\n\t\t<\/p>\n\t<\/div>\n<\/div>\n<div class=\"row\">\n\t<div class=\"col-md-6\" style='margin-bottom:20px;'>\n\t\t<p><label>Email*<\/label><span class=\"wpcf7-form-control-wrap\" data-name=\"your-email\"><input size=\"40\" maxlength=\"400\" class=\"wpcf7-form-control wpcf7-email wpcf7-validates-as-required wpcf7-text wpcf7-validates-as-email\" aria-required=\"true\" aria-invalid=\"false\" value=\"\" type=\"email\" name=\"your-email\" \/><\/span>\n\t\t<\/p>\n\t<\/div>\n\t<div class=\"col-md-6\" style='margin-bottom:20px;'>\n\t\t<p><label>Tel\u00e9fono*<\/label><span class=\"wpcf7-form-control-wrap\" data-name=\"your-number\"><input size=\"40\" maxlength=\"400\" class=\"wpcf7-form-control wpcf7-text wpcf7-validates-as-required\" aria-required=\"true\" aria-invalid=\"false\" value=\"\" type=\"text\" name=\"your-number\" \/><\/span>\n\t\t<\/p>\n\t<\/div>\n<\/div>\n<p><label>\u00bfEn qu\u00e9 est\u00e1s interesado?<\/label><span class=\"wpcf7-form-control-wrap\" data-name=\"your-message\"><textarea cols=\"40\" rows=\"10\" maxlength=\"2000\" class=\"wpcf7-form-control wpcf7-textarea\" aria-invalid=\"false\" name=\"your-message\"><\/textarea><\/span>\n<\/p>\n<p><span class=\"wpcf7-form-control-wrap\" data-name=\"acceptance-412\"><span class=\"wpcf7-form-control wpcf7-acceptance\"><span class=\"wpcf7-list-item\"><label><input type=\"checkbox\" name=\"acceptance-412\" value=\"1\" aria-invalid=\"false\" \/><span class=\"wpcf7-list-item-label\">He le\u00eddo y acepto la <a href=\"https:\/\/www.controltecnica.com\/bio\/privacidad\" target=\"_blank\">pol\u00edtica de privacidad<\/a><\/span><\/label><\/span><\/span><\/span><br \/>\n<span class=\"wpcf7-form-control-wrap\" data-name=\"acceptance-581\"><span class=\"wpcf7-form-control wpcf7-acceptance optional\"><span class=\"wpcf7-list-item\"><label><input type=\"checkbox\" name=\"acceptance-581\" value=\"1\" aria-invalid=\"false\" \/><span class=\"wpcf7-list-item-label\">Acepto recibir informaci\u00f3n comercial de CONTROLTECNICA<\/span><\/label><\/span><\/span><\/span>\n<\/p>\n<p><input class=\"wpcf7-form-control wpcf7-submit has-spinner btn-size-large btn btn-color-primary\" type=\"submit\" value=\"ENVIAR MENSAJE\" \/>\n<\/p><div class=\"wpcf7-response-output\" aria-hidden=\"true\"><\/div>\n<\/form>\n<\/div>\n[\/vc_column][\/vc_row]<\/p>\n","protected":false},"excerpt":{"rendered":"<p data-pm-slice=\"1 1 []\"><strong>QUIMIOLUMINISCENCIA + GELES UV<\/strong><\/p>\n<p data-pm-slice=\"1 1 []\">Sistema compacto de fotodocumentaci\u00f3n y an\u00e1lisis para quimioluminiscencia, con la sensibilidad y el rendimiento de la serie Q9 en un formato m\u00e1s ligero y vers\u00e1til. Ampliable a detecci\u00f3n UV.<\/p>\n<p data-pm-slice=\"1 1 []\">El Alliance Q9 Atom de UVITEC est\u00e1 dise\u00f1ado para ofrecer un rendimiento de alta gama en un equipo compacto. Equipado con la c\u00e1mara Q9-Series\u2122 de 9,2 megap\u00edxeles, proporciona detecci\u00f3n de se\u00f1ales extremadamente d\u00e9biles (nivel de femtogramos), ideal para aplicaciones exigentes como western blot por quimioluminiscencia.<\/p>\n<p>Gracias a su dise\u00f1o compacto y ligero, el Q9 Atom ocupa un espacio reducido en el laboratorio sin comprometer la calidad de imagen. Dispone de sistema de enfriamiento a -60 \u00baC, que minimiza el ruido de fondo, y una \u00f3ptica de gran apertura (f\/0.8), lo que maximiza la captura de fotones incluso de las muestras m\u00e1s tenues.<\/p>\n<p>Su software integrado permite la adquisici\u00f3n, edici\u00f3n y an\u00e1lisis de im\u00e1genes de forma sencilla e intuitiva, facilitando un flujo de trabajo completo desde la captura hasta el an\u00e1lisis cuantitativo. La plataforma es ampliable mediante m\u00f3dulos adicionales de excitaci\u00f3n, permitiendo incorporar detecci\u00f3n UV (365 nm) y varios canales de fluorescencia.<\/p>\n<p>Con su innovador dise\u00f1o Q-smart darkroom y materiales resistentes a productos qu\u00edmicos, el Q9 Atom es una soluci\u00f3n duradera, fiable y adaptada a los laboratorios modernos.<\/p>\n<p data-pm-slice=\"1 1 []\">\n","protected":false},"featured_media":9132,"template":"","meta":{"iawp_total_views":17},"product_brand":[],"product_cat":[35],"product_tag":[261,260,262],"class_list":{"0":"post-9130","1":"product","2":"type-product","3":"status-publish","4":"has-post-thumbnail","6":"product_cat-sistemas-de-geldocs-y-quimioluminiscencia","7":"product_tag-allianceatom","8":"product_tag-allianceq9","9":"product_tag-uvitec","11":"first","12":"instock","13":"shipping-taxable","14":"product-type-simple"},"_links":{"self":[{"href":"https:\/\/www.controltecnica.com\/bio\/wp-json\/wp\/v2\/product\/9130","targetHints":{"allow":["GET"]}}],"collection":[{"href":"https:\/\/www.controltecnica.com\/bio\/wp-json\/wp\/v2\/product"}],"about":[{"href":"https:\/\/www.controltecnica.com\/bio\/wp-json\/wp\/v2\/types\/product"}],"wp:featuredmedia":[{"embeddable":true,"href":"https:\/\/www.controltecnica.com\/bio\/wp-json\/wp\/v2\/media\/9132"}],"wp:attachment":[{"href":"https:\/\/www.controltecnica.com\/bio\/wp-json\/wp\/v2\/media?parent=9130"}],"wp:term":[{"taxonomy":"product_brand","embeddable":true,"href":"https:\/\/www.controltecnica.com\/bio\/wp-json\/wp\/v2\/product_brand?post=9130"},{"taxonomy":"product_cat","embeddable":true,"href":"https:\/\/www.controltecnica.com\/bio\/wp-json\/wp\/v2\/product_cat?post=9130"},{"taxonomy":"product_tag","embeddable":true,"href":"https:\/\/www.controltecnica.com\/bio\/wp-json\/wp\/v2\/product_tag?post=9130"}],"curies":[{"name":"wp","href":"https:\/\/api.w.org\/{rel}","templated":true}]}}