{"id":9118,"date":"2025-06-23T07:57:52","date_gmt":"2025-06-23T07:57:52","guid":{"rendered":"https:\/\/www.controltecnica.com\/bio\/?post_type=product&#038;p=9118"},"modified":"2025-06-23T09:23:37","modified_gmt":"2025-06-23T09:23:37","slug":"multi-incubador-embrionario-ec-10","status":"publish","type":"product","link":"https:\/\/www.controltecnica.com\/bio\/producto\/multi-incubador-embrionario-ec-10\/","title":{"rendered":"Multi-Incubador Embrionario EC 10"},"content":{"rendered":"<p>[vc_row][vc_column][vc_column_text text_larger=\u00bbno\u00bb]<\/p>\n<p data-start=\"399\" data-end=\"799\">El <strong data-start=\"402\" data-end=\"416\">ASTEC EC10<\/strong> es un incubador embrionario de \u00faltima generaci\u00f3n, especialmente dise\u00f1ado para optimizar el cultivo de embriones en procedimientos de fecundaci\u00f3n in vitro (FIV). Su principal innovaci\u00f3n es el sistema de compartimentos individuales, donde cada paciente dispone de una c\u00e1mara independiente, reduciendo el riesgo de contaminaci\u00f3n cruzada y minimizando la exposici\u00f3n al ambiente externo.<\/p>\n<p data-start=\"801\" data-end=\"1205\">Gracias a su r\u00e1pida recuperaci\u00f3n de temperatura, CO\u2082 y humedad tras cada apertura, el EC10 asegura unas condiciones constantes para el desarrollo embrionario, con un control preciso de temperatura (\u00b10,1\u202f\u00b0C) y de CO\u2082 (\u00b10,2%). Adem\u00e1s, la circulaci\u00f3n de aire interna y la humidificaci\u00f3n de alta eficiencia permiten mantener un ambiente estable y seguro para los embriones durante todo el proceso de cultivo.<\/p>\n<p data-start=\"1207\" data-end=\"1379\">El dise\u00f1o compacto y modular del EC10 permite configurarlo seg\u00fan las necesidades del laboratorio, optimizando el espacio de trabajo sin renunciar a la capacidad de cultivo.<\/p>\n<p>[\/vc_column_text][\/vc_column][\/vc_row][vc_row][vc_column width=\u00bb1\/2&#8243;][vc_column_text text_larger=\u00bbno\u00bb]<\/p>\n<p>[\/vc_column_text][\/vc_column][vc_column width=\u00bb1\/2&#8243;]\n<div class=\"wpcf7 no-js\" id=\"wpcf7-f7-o1\" lang=\"es-ES\" dir=\"ltr\" data-wpcf7-id=\"7\">\n<div class=\"screen-reader-response\"><p role=\"status\" aria-live=\"polite\" aria-atomic=\"true\"><\/p> <ul><\/ul><\/div>\n<form action=\"\/bio\/wp-json\/wp\/v2\/product\/9118#wpcf7-f7-o1\" method=\"post\" class=\"wpcf7-form init\" aria-label=\"Formulario de contacto\" novalidate=\"novalidate\" data-status=\"init\">\n<fieldset class=\"hidden-fields-container\"><input type=\"hidden\" name=\"_wpcf7\" value=\"7\" \/><input type=\"hidden\" name=\"_wpcf7_version\" value=\"6.1.5\" \/><input type=\"hidden\" name=\"_wpcf7_locale\" value=\"es_ES\" \/><input type=\"hidden\" name=\"_wpcf7_unit_tag\" value=\"wpcf7-f7-o1\" \/><input type=\"hidden\" name=\"_wpcf7_container_post\" value=\"0\" \/><input type=\"hidden\" name=\"_wpcf7_posted_data_hash\" value=\"\" \/><input type=\"hidden\" name=\"_wpcf7_recaptcha_response\" value=\"\" \/>\n<\/fieldset>\n<div style=\"color:#e30614;font-weight:600;font-size:30px;margin-bottom:10px;\">\n\t<p>\u00bfPodemos ayudarte?\n\t<\/p>\n<\/div>\n<div class=\"row\">\n\t<div class=\"col-md-6\" style='margin-bottom:20px;'>\n\t\t<p><label>Nombre y Apellidos*<\/label><span class=\"wpcf7-form-control-wrap\" data-name=\"your-name\"><input size=\"40\" maxlength=\"400\" class=\"wpcf7-form-control wpcf7-text wpcf7-validates-as-required\" aria-required=\"true\" aria-invalid=\"false\" value=\"\" type=\"text\" name=\"your-name\" \/><\/span>\n\t\t<\/p>\n\t<\/div>\n\t<div class=\"col-md-6\" style='margin-bottom:20px;'>\n\t\t<p><label>Empresa\/Univ\/Hosp*<\/label><span class=\"wpcf7-form-control-wrap\" data-name=\"your-job\"><input size=\"40\" maxlength=\"400\" class=\"wpcf7-form-control wpcf7-text wpcf7-validates-as-required\" aria-required=\"true\" aria-invalid=\"false\" value=\"\" type=\"text\" name=\"your-job\" \/><\/span>\n\t\t<\/p>\n\t<\/div>\n<\/div>\n<div class=\"row\">\n\t<div class=\"col-md-6\" style='margin-bottom:20px;'>\n\t\t<p><label>Email*<\/label><span class=\"wpcf7-form-control-wrap\" data-name=\"your-email\"><input size=\"40\" maxlength=\"400\" class=\"wpcf7-form-control wpcf7-email wpcf7-validates-as-required wpcf7-text wpcf7-validates-as-email\" aria-required=\"true\" aria-invalid=\"false\" value=\"\" type=\"email\" name=\"your-email\" \/><\/span>\n\t\t<\/p>\n\t<\/div>\n\t<div class=\"col-md-6\" style='margin-bottom:20px;'>\n\t\t<p><label>Tel\u00e9fono*<\/label><span class=\"wpcf7-form-control-wrap\" data-name=\"your-number\"><input size=\"40\" maxlength=\"400\" class=\"wpcf7-form-control wpcf7-text wpcf7-validates-as-required\" aria-required=\"true\" aria-invalid=\"false\" value=\"\" type=\"text\" name=\"your-number\" \/><\/span>\n\t\t<\/p>\n\t<\/div>\n<\/div>\n<p><label>\u00bfEn qu\u00e9 est\u00e1s interesado?<\/label><span class=\"wpcf7-form-control-wrap\" data-name=\"your-message\"><textarea cols=\"40\" rows=\"10\" maxlength=\"2000\" class=\"wpcf7-form-control wpcf7-textarea\" aria-invalid=\"false\" name=\"your-message\"><\/textarea><\/span>\n<\/p>\n<p><span class=\"wpcf7-form-control-wrap\" data-name=\"acceptance-412\"><span class=\"wpcf7-form-control wpcf7-acceptance\"><span class=\"wpcf7-list-item\"><label><input type=\"checkbox\" name=\"acceptance-412\" value=\"1\" aria-invalid=\"false\" \/><span class=\"wpcf7-list-item-label\">He le\u00eddo y acepto la <a href=\"https:\/\/www.controltecnica.com\/bio\/privacidad\" target=\"_blank\">pol\u00edtica de privacidad<\/a><\/span><\/label><\/span><\/span><\/span><br \/>\n<span class=\"wpcf7-form-control-wrap\" data-name=\"acceptance-581\"><span class=\"wpcf7-form-control wpcf7-acceptance optional\"><span class=\"wpcf7-list-item\"><label><input type=\"checkbox\" name=\"acceptance-581\" value=\"1\" aria-invalid=\"false\" \/><span class=\"wpcf7-list-item-label\">Acepto recibir informaci\u00f3n comercial de CONTROLTECNICA<\/span><\/label><\/span><\/span><\/span>\n<\/p>\n<p><input class=\"wpcf7-form-control wpcf7-submit has-spinner btn-size-large btn btn-color-primary\" type=\"submit\" value=\"ENVIAR MENSAJE\" \/>\n<\/p><div class=\"wpcf7-response-output\" aria-hidden=\"true\"><\/div>\n<\/form>\n<\/div>\n[\/vc_column][\/vc_row]<\/p>\n<table class=\"table-condensed table-striped\">\n<thead>\n<tr class=\"row-1 odd\">\n<th class=\"column-1\">Modelo<\/th>\n<th class=\"column-2\"><center>EC-10<\/center><\/th>\n<\/tr>\n<\/thead>\n<tbody class=\"row-hover\">\n<tr class=\"row-2 even\">\n<td class=\"column-1\">C\u00e1maras<\/td>\n<td class=\"column-2\"><center>10<\/center><\/td>\n<\/tr>\n<tr class=\"row-3 odd\">\n<td class=\"column-1\">Dimensiones internas<\/td>\n<td class=\"column-2\"><center>W108 x D180 x H18,5 mm cada c\u00e1mara<\/center><\/td>\n<\/tr>\n<tr class=\"row-4 even\">\n<td class=\"column-1\">Dimensiones externas<\/td>\n<td class=\"column-2\"><center>W660 x D610 x H110<\/center><\/td>\n<\/tr>\n<tr class=\"row-5 odd\">\n<td class=\"column-1\">Capacidad<\/td>\n<td class=\"column-2\"><center>350 ml<\/center><\/td>\n<\/tr>\n<tr class=\"row-6 even\">\n<td class=\"column-1\">Placas calefactadas<\/td>\n<td class=\"column-2\"><center>10 placas<\/center><\/td>\n<\/tr>\n<tr class=\"row-7 odd\">\n<td class=\"column-1\">Rango de Temperatura<\/td>\n<td class=\"column-2\" style=\"text-align: center;\">Amb. +5\u00baC hasta 40\u00baC<\/td>\n<\/tr>\n<tr class=\"row-8 even\">\n<td class=\"column-1\">Precisi\u00f3n Temperatura<\/td>\n<td class=\"column-2\" style=\"text-align: center;\">\u00b1 0.1\u00baC<\/td>\n<\/tr>\n<tr class=\"row-9 odd\">\n<td class=\"column-1\">Rango CO<sub>2<\/sub><\/td>\n<td class=\"column-2\" style=\"text-align: center;\">0 &#8211; 20.0%<\/td>\n<\/tr>\n<tr class=\"row-10 even\">\n<td class=\"column-1\">Precisi\u00f3n CO<sub>2<\/sub><\/td>\n<td class=\"column-2\"><center>\u00b1 0.3 %<\/center><\/td>\n<\/tr>\n<tr class=\"row-11 odd\">\n<td class=\"column-1\">Rango O<sub>2<\/sub><\/td>\n<td class=\"column-2\" style=\"text-align: center;\">0.1 &#8211; 18.0%<\/td>\n<\/tr>\n<tr class=\"row-12 even\">\n<td class=\"column-1\">Precisi\u00f3n O<sub>2<\/sub><\/td>\n<td class=\"column-2\"><center>\u00b1 0.5 %<\/center><\/td>\n<\/tr>\n<tr class=\"row-13 odd\">\n<td class=\"column-1\">Peso<\/td>\n<td class=\"column-2\"><center>30 Kg<\/center><\/td>\n<\/tr>\n<tr class=\"row-14 even\">\n<td class=\"column-1\"><\/td>\n<\/tr>\n<\/tbody>\n<\/table>\n","protected":false},"excerpt":{"rendered":"<p>Incubador embrionario EC10 de ASTEC: m\u00e1xima estabilidad de cultivo individual gracias a su control preciso de temperatura, CO\u2082 y humedad, dise\u00f1ado para FIV.<\/p>\n<h2 data-start=\"1386\" data-end=\"1416\">Principales caracter\u00edsticas<\/h2>\n<div class=\"_tableContainer_16hzy_1\">\n<div class=\"_tableWrapper_16hzy_14 group flex w-fit flex-col-reverse\" tabindex=\"-1\">\n<table class=\"w-fit min-w-(--thread-content-width)\" data-start=\"1418\" data-end=\"2327\">\n<thead data-start=\"1418\" data-end=\"1466\">\n<tr data-start=\"1418\" data-end=\"1466\">\n<th data-start=\"1418\" data-end=\"1455\" data-col-size=\"sm\">Caracter\u00edstica<\/th>\n<th data-start=\"1455\" data-end=\"1466\" data-col-size=\"md\">Detalle<\/th>\n<\/tr>\n<\/thead>\n<tbody data-start=\"1516\" data-end=\"2327\">\n<tr data-start=\"1516\" data-end=\"1609\">\n<td data-start=\"1516\" data-end=\"1556\" data-col-size=\"sm\"><strong data-start=\"1518\" data-end=\"1555\">Sistema de c\u00e1maras independientes<\/strong><\/td>\n<td data-col-size=\"md\" data-start=\"1556\" data-end=\"1609\">10 compartimentos individuales con control propio<\/td>\n<\/tr>\n<tr data-start=\"1610\" data-end=\"1672\">\n<td data-start=\"1610\" data-end=\"1648\" data-col-size=\"sm\"><strong data-start=\"1612\" data-end=\"1638\">Control de temperatura<\/strong><\/td>\n<td data-col-size=\"md\" data-start=\"1648\" data-end=\"1672\">Precisi\u00f3n de \u00b10,1\u202f\u00b0C<\/td>\n<\/tr>\n<tr data-start=\"1673\" data-end=\"1733\">\n<td data-start=\"1673\" data-end=\"1711\" data-col-size=\"sm\"><strong data-start=\"1675\" data-end=\"1693\">Control de CO\u2082<\/strong><\/td>\n<td data-col-size=\"md\" data-start=\"1711\" data-end=\"1733\">Precisi\u00f3n de \u00b10,2%<\/td>\n<\/tr>\n<tr data-start=\"1734\" data-end=\"1828\">\n<td data-start=\"1734\" data-end=\"1772\" data-col-size=\"sm\"><strong data-start=\"1736\" data-end=\"1759\">Recuperaci\u00f3n r\u00e1pida<\/strong><\/td>\n<td data-col-size=\"md\" data-start=\"1772\" data-end=\"1828\">Temperatura y gas estables r\u00e1pidamente tras apertura<\/td>\n<\/tr>\n<tr data-start=\"1829\" data-end=\"1916\">\n<td data-start=\"1829\" data-end=\"1867\" data-col-size=\"sm\"><strong data-start=\"1831\" data-end=\"1862\">Circulaci\u00f3n de aire interna<\/strong><\/td>\n<td data-col-size=\"md\" data-start=\"1867\" data-end=\"1916\">Distribuci\u00f3n homog\u00e9nea de temperatura y gases<\/td>\n<\/tr>\n<tr data-start=\"1917\" data-end=\"1988\">\n<td data-start=\"1917\" data-end=\"1955\" data-col-size=\"sm\"><strong data-start=\"1919\" data-end=\"1947\">Humidificaci\u00f3n eficiente<\/strong><\/td>\n<td data-col-size=\"md\" data-start=\"1955\" data-end=\"1988\">Alta humedad sin condensaci\u00f3n<\/td>\n<\/tr>\n<tr data-start=\"1989\" data-end=\"2075\">\n<td data-start=\"1989\" data-end=\"2027\" data-col-size=\"sm\"><strong data-start=\"1991\" data-end=\"2020\">Pantalla t\u00e1ctil intuitiva<\/strong><\/td>\n<td data-col-size=\"md\" data-start=\"2027\" data-end=\"2075\">Control de par\u00e1metros y alarmas de seguridad<\/td>\n<\/tr>\n<tr data-start=\"2076\" data-end=\"2165\">\n<td data-start=\"2076\" data-end=\"2114\" data-col-size=\"sm\"><strong data-start=\"2078\" data-end=\"2099\">Sistema de alarma<\/strong><\/td>\n<td data-col-size=\"md\" data-start=\"2114\" data-end=\"2165\">Monitorizaci\u00f3n continua y alarmas configurables<\/td>\n<\/tr>\n<tr data-start=\"2166\" data-end=\"2250\">\n<td data-start=\"2166\" data-end=\"2204\" data-col-size=\"sm\"><strong data-start=\"2168\" data-end=\"2187\">Dise\u00f1o compacto<\/strong><\/td>\n<td data-col-size=\"md\" data-start=\"2204\" data-end=\"2250\">Optimizaci\u00f3n del espacio en el laboratorio<\/td>\n<\/tr>\n<tr data-start=\"2251\" data-end=\"2327\">\n<td data-start=\"2251\" data-end=\"2289\" data-col-size=\"sm\"><strong data-start=\"2253\" data-end=\"2276\">F\u00e1cil mantenimiento<\/strong><\/td>\n<td data-col-size=\"md\" data-start=\"2289\" data-end=\"2327\">Acceso r\u00e1pido a bandejas y filtros<\/td>\n<\/tr>\n<\/tbody>\n<\/table>\n<\/div>\n<\/div>\n","protected":false},"featured_media":9120,"template":"","meta":{"iawp_total_views":24},"product_brand":[],"product_cat":[24,65],"product_tag":[258,259,257],"class_list":{"0":"post-9118","1":"product","2":"type-product","3":"status-publish","4":"has-post-thumbnail","6":"product_cat-fecundacion-in-vitro","7":"product_cat-incubadores-embrionarios","8":"product_tag-astec","9":"product_tag-astecec10","10":"product_tag-incubador-embrionario","12":"first","13":"instock","14":"shipping-taxable","15":"product-type-simple"},"_links":{"self":[{"href":"https:\/\/www.controltecnica.com\/bio\/wp-json\/wp\/v2\/product\/9118","targetHints":{"allow":["GET"]}}],"collection":[{"href":"https:\/\/www.controltecnica.com\/bio\/wp-json\/wp\/v2\/product"}],"about":[{"href":"https:\/\/www.controltecnica.com\/bio\/wp-json\/wp\/v2\/types\/product"}],"wp:featuredmedia":[{"embeddable":true,"href":"https:\/\/www.controltecnica.com\/bio\/wp-json\/wp\/v2\/media\/9120"}],"wp:attachment":[{"href":"https:\/\/www.controltecnica.com\/bio\/wp-json\/wp\/v2\/media?parent=9118"}],"wp:term":[{"taxonomy":"product_brand","embeddable":true,"href":"https:\/\/www.controltecnica.com\/bio\/wp-json\/wp\/v2\/product_brand?post=9118"},{"taxonomy":"product_cat","embeddable":true,"href":"https:\/\/www.controltecnica.com\/bio\/wp-json\/wp\/v2\/product_cat?post=9118"},{"taxonomy":"product_tag","embeddable":true,"href":"https:\/\/www.controltecnica.com\/bio\/wp-json\/wp\/v2\/product_tag?post=9118"}],"curies":[{"name":"wp","href":"https:\/\/api.w.org\/{rel}","templated":true}]}}