{"id":9111,"date":"2025-06-16T12:32:05","date_gmt":"2025-06-16T12:32:05","guid":{"rendered":"https:\/\/www.controltecnica.com\/bio\/?post_type=product&#038;p=9111"},"modified":"2025-06-16T13:34:58","modified_gmt":"2025-06-16T13:34:58","slug":"alliance-iris","status":"publish","type":"product","link":"https:\/\/www.controltecnica.com\/bio\/producto\/alliance-iris\/","title":{"rendered":"Alliance IRIS"},"content":{"rendered":"<p>[vc_row][vc_column width=\u00bb1\/2&#8243;][vc_column_text text_larger=\u00bbno\u00bb]<\/p>\n<table class=\"table-condensed table-striped\">\n<tbody class=\"row-hover\">\n<tr class=\"row-1 odd\">\n<td class=\"column-1\">Resoluci\u00f3n<\/td>\n<td class=\"column-2\">9,2 Mp de c\u00e1mara HP<\/td>\n<\/tr>\n<tr class=\"row-2 even\">\n<td class=\"column-1\">Resoluci\u00f3n extendida<\/td>\n<td class=\"column-2\">N\/D<\/td>\n<\/tr>\n<tr class=\"row-3 odd\">\n<td class=\"column-1\">Sensor<\/td>\n<td class=\"column-2\">16 bits<\/td>\n<\/tr>\n<tr class=\"row-4 even\">\n<td class=\"column-1\">Rango din\u00e1mico<\/td>\n<td class=\"column-2\">&gt;4.0 OD<\/td>\n<\/tr>\n<tr class=\"row-5 odd\">\n<td class=\"column-1\">Pantalla<\/td>\n<td class=\"column-2\">T\u00e1ctil ajustable de 15,6&#8243;<\/td>\n<\/tr>\n<tr class=\"row-6 even\">\n<td class=\"column-1\">Dimensiones<\/td>\n<td class=\"column-2\">40,6 x 68,6 x 49,9 cm (W x H x L)<\/td>\n<\/tr>\n<tr class=\"row-7 odd\">\n<td class=\"column-1\">Peso con transiluminador<\/td>\n<td class=\"column-2\">63 Kg<\/td>\n<\/tr>\n<tr class=\"row-8 even\">\n<td class=\"column-1\">Software<\/td>\n<td class=\"column-2\">DeepEye<\/td>\n<\/tr>\n<tr class=\"row-9 odd\">\n<td class=\"column-1\"><\/td>\n<td class=\"column-2\"><\/td>\n<\/tr>\n<\/tbody>\n<\/table>\n<p>[\/vc_column_text][\/vc_column][vc_column width=\u00bb1\/2&#8243;]\n<div class=\"wpcf7 no-js\" id=\"wpcf7-f7-o1\" lang=\"es-ES\" dir=\"ltr\" data-wpcf7-id=\"7\">\n<div class=\"screen-reader-response\"><p role=\"status\" aria-live=\"polite\" aria-atomic=\"true\"><\/p> <ul><\/ul><\/div>\n<form action=\"\/bio\/wp-json\/wp\/v2\/product\/9111#wpcf7-f7-o1\" method=\"post\" class=\"wpcf7-form init\" aria-label=\"Formulario de contacto\" novalidate=\"novalidate\" data-status=\"init\">\n<fieldset class=\"hidden-fields-container\"><input type=\"hidden\" name=\"_wpcf7\" value=\"7\" \/><input type=\"hidden\" name=\"_wpcf7_version\" value=\"6.1.5\" \/><input type=\"hidden\" name=\"_wpcf7_locale\" value=\"es_ES\" \/><input type=\"hidden\" name=\"_wpcf7_unit_tag\" value=\"wpcf7-f7-o1\" \/><input type=\"hidden\" name=\"_wpcf7_container_post\" value=\"0\" \/><input type=\"hidden\" name=\"_wpcf7_posted_data_hash\" value=\"\" \/><input type=\"hidden\" name=\"_wpcf7_recaptcha_response\" value=\"\" \/>\n<\/fieldset>\n<div style=\"color:#e30614;font-weight:600;font-size:30px;margin-bottom:10px;\">\n\t<p>\u00bfPodemos ayudarte?\n\t<\/p>\n<\/div>\n<div class=\"row\">\n\t<div class=\"col-md-6\" style='margin-bottom:20px;'>\n\t\t<p><label>Nombre y Apellidos*<\/label><span class=\"wpcf7-form-control-wrap\" data-name=\"your-name\"><input size=\"40\" maxlength=\"400\" class=\"wpcf7-form-control wpcf7-text wpcf7-validates-as-required\" aria-required=\"true\" aria-invalid=\"false\" value=\"\" type=\"text\" name=\"your-name\" \/><\/span>\n\t\t<\/p>\n\t<\/div>\n\t<div class=\"col-md-6\" style='margin-bottom:20px;'>\n\t\t<p><label>Empresa\/Univ\/Hosp*<\/label><span class=\"wpcf7-form-control-wrap\" data-name=\"your-job\"><input size=\"40\" maxlength=\"400\" class=\"wpcf7-form-control wpcf7-text wpcf7-validates-as-required\" aria-required=\"true\" aria-invalid=\"false\" value=\"\" type=\"text\" name=\"your-job\" \/><\/span>\n\t\t<\/p>\n\t<\/div>\n<\/div>\n<div class=\"row\">\n\t<div class=\"col-md-6\" style='margin-bottom:20px;'>\n\t\t<p><label>Email*<\/label><span class=\"wpcf7-form-control-wrap\" data-name=\"your-email\"><input size=\"40\" maxlength=\"400\" class=\"wpcf7-form-control wpcf7-email wpcf7-validates-as-required wpcf7-text wpcf7-validates-as-email\" aria-required=\"true\" aria-invalid=\"false\" value=\"\" type=\"email\" name=\"your-email\" \/><\/span>\n\t\t<\/p>\n\t<\/div>\n\t<div class=\"col-md-6\" style='margin-bottom:20px;'>\n\t\t<p><label>Tel\u00e9fono*<\/label><span class=\"wpcf7-form-control-wrap\" data-name=\"your-number\"><input size=\"40\" maxlength=\"400\" class=\"wpcf7-form-control wpcf7-text wpcf7-validates-as-required\" aria-required=\"true\" aria-invalid=\"false\" value=\"\" type=\"text\" name=\"your-number\" \/><\/span>\n\t\t<\/p>\n\t<\/div>\n<\/div>\n<p><label>\u00bfEn qu\u00e9 est\u00e1s interesado?<\/label><span class=\"wpcf7-form-control-wrap\" data-name=\"your-message\"><textarea cols=\"40\" rows=\"10\" maxlength=\"2000\" class=\"wpcf7-form-control wpcf7-textarea\" aria-invalid=\"false\" name=\"your-message\"><\/textarea><\/span>\n<\/p>\n<p><span class=\"wpcf7-form-control-wrap\" data-name=\"acceptance-412\"><span class=\"wpcf7-form-control wpcf7-acceptance\"><span class=\"wpcf7-list-item\"><label><input type=\"checkbox\" name=\"acceptance-412\" value=\"1\" aria-invalid=\"false\" \/><span class=\"wpcf7-list-item-label\">He le\u00eddo y acepto la <a href=\"https:\/\/www.controltecnica.com\/bio\/privacidad\" target=\"_blank\">pol\u00edtica de privacidad<\/a><\/span><\/label><\/span><\/span><\/span><br \/>\n<span class=\"wpcf7-form-control-wrap\" data-name=\"acceptance-581\"><span class=\"wpcf7-form-control wpcf7-acceptance optional\"><span class=\"wpcf7-list-item\"><label><input type=\"checkbox\" name=\"acceptance-581\" value=\"1\" aria-invalid=\"false\" \/><span class=\"wpcf7-list-item-label\">Acepto recibir informaci\u00f3n comercial de CONTROLTECNICA<\/span><\/label><\/span><\/span><\/span>\n<\/p>\n<p><input class=\"wpcf7-form-control wpcf7-submit has-spinner btn-size-large btn btn-color-primary\" type=\"submit\" value=\"ENVIAR MENSAJE\" \/>\n<\/p><div class=\"wpcf7-response-output\" aria-hidden=\"true\"><\/div>\n<\/form>\n<\/div>\n[\/vc_column][\/vc_row]<\/p>\n","protected":false},"excerpt":{"rendered":"<p data-start=\"214\" data-end=\"289\"><span class=\"relative -mx-px my-[-0.2rem] rounded px-px py-[0.2rem] transition-colors duration-100 ease-in-out\">El <strong data-start=\"3\" data-end=\"27\">UVITEC Alliance\u202fIRIS<\/strong> es la soluci\u00f3n puntera de Uvitec Cambridge para analizar Western blots con precisi\u00f3n y eficiencia. Equipado con una lente de gran apertura f\/0.75, c\u00e1mara de alta resoluci\u00f3n (9,2\u202fMpx y hasta 65\u202f535 niveles de gris), rango din\u00e1mico OD 4,8 y refrigeraci\u00f3n Peltier a \u201330\u202f\u00b0C, asegura una detecci\u00f3n ultrad\u00e9bil sin ruido de fondo.<\/span><\/p>\n<p data-start=\"291\" data-end=\"366\"><span class=\"relative -mx-px my-[-0.2rem] rounded px-px py-[0.2rem] transition-colors duration-100 ease-in-out\">Su exclusivo sistema de iluminaci\u00f3n <strong data-start=\"36\" data-end=\"50\">Chromascan<\/strong> permite una excitaci\u00f3n homog\u00e9nea y multiplexada, con hasta 12 packs de luces LED intercambiables (UV\u2011365\u202fnm a far\u2011IR). La mesa UV\u2011LED es duradera y cuida tus muestras con una irradiaci\u00f3n constante.<\/span><\/p>\n<p data-start=\"368\" data-end=\"443\"><span class=\"relative -mx-px my-[-0.2rem] rounded px-px py-[0.2rem] transition-colors duration-100 ease-in-out\">El sistema es altamente operativo: pantalla t\u00e1ctil ajustable de 15.6\u2033, bandeja m\u00f3vil y puerta completa para facilitar el acceso y reducir fatiga. El software <strong data-start=\"158\" data-end=\"169\">DeepEye<\/strong> automatiza enfoque, exposici\u00f3n, detecci\u00f3n de bandas, marcadores y cuantificaci\u00f3n con un solo clic, manteniendo la integridad de los datos originales.<\/span><\/p>\n<p data-start=\"445\" data-end=\"625\">Construido en acero inoxidable con componentes reciclados, es robusto, sostenible y escalable mediante m\u00f3dulos de iluminaci\u00f3n plug\u2011and\u2011play.<\/p>\n<hr data-start=\"627\" data-end=\"630\" \/>\n<h2 data-start=\"632\" data-end=\"662\">Principales caracter\u00edsticas<\/h2>\n<div class=\"_tableContainer_16hzy_1\">\n<div class=\"_tableWrapper_16hzy_14 group flex w-fit flex-col-reverse\" tabindex=\"-1\">\n<table class=\"w-fit min-w-(--thread-content-width)\" data-start=\"664\" data-end=\"2216\">\n<thead data-start=\"664\" data-end=\"793\">\n<tr data-start=\"664\" data-end=\"793\">\n<th data-start=\"664\" data-end=\"706\" data-col-size=\"md\">Caracter\u00edstica<\/th>\n<th data-start=\"706\" data-end=\"793\" data-col-size=\"md\">Beneficio \/ Detalle<\/th>\n<\/tr>\n<\/thead>\n<tbody data-start=\"924\" data-end=\"2216\">\n<tr data-start=\"924\" data-end=\"1053\">\n<td data-start=\"924\" data-end=\"965\" data-col-size=\"md\"><strong data-start=\"926\" data-end=\"952\">Apertura \u00f3ptica f\/0.75<\/strong><\/td>\n<td data-start=\"965\" data-end=\"1053\" data-col-size=\"md\">M\u00e1xima sensibilidad. Captura m\u00e1s luz para detectar se\u00f1ales d\u00e9biles r\u00e1pidamente.<\/td>\n<\/tr>\n<tr data-start=\"1054\" data-end=\"1182\">\n<td data-start=\"1054\" data-end=\"1095\" data-col-size=\"md\"><strong data-start=\"1056\" data-end=\"1091\">C\u00e1mara 9,2 Mpx + 65\u202f535 niveles<\/strong><\/td>\n<td data-start=\"1095\" data-end=\"1182\" data-col-size=\"md\">Im\u00e1genes HD cuantificables con gran profundidad de grises.<\/td>\n<\/tr>\n<tr data-start=\"1183\" data-end=\"1310\">\n<td data-start=\"1183\" data-end=\"1224\" data-col-size=\"md\"><strong data-start=\"1185\" data-end=\"1210\">Rango din\u00e1mico OD 4,8<\/strong><\/td>\n<td data-start=\"1224\" data-end=\"1310\" data-col-size=\"md\">Amplio rango para analizar desde se\u00f1ales muy d\u00e9biles hasta muy intensas.<\/td>\n<\/tr>\n<tr data-start=\"1311\" data-end=\"1438\">\n<td data-start=\"1311\" data-end=\"1352\" data-col-size=\"md\"><strong data-start=\"1313\" data-end=\"1347\">Refrigeraci\u00f3n \u201330\u202f\u00b0C (Peltier)<\/strong><\/td>\n<td data-start=\"1352\" data-end=\"1438\" data-col-size=\"md\">Reducci\u00f3n del ruido en la se\u00f1al, mejora la relaci\u00f3n se\u00f1al\/ruido.<\/td>\n<\/tr>\n<tr data-start=\"1439\" data-end=\"1566\">\n<td data-start=\"1439\" data-end=\"1479\" data-col-size=\"md\"><strong data-start=\"1441\" data-end=\"1474\">Iluminaci\u00f3n UV-LED sostenible<\/strong><\/td>\n<td data-start=\"1479\" data-end=\"1566\" data-col-size=\"md\">Mayor vida \u00fatil, menor da\u00f1o a las muestras; ecol\u00f3gico y eficiente.<\/td>\n<\/tr>\n<tr data-start=\"1567\" data-end=\"1703\">\n<td data-start=\"1567\" data-end=\"1616\" data-col-size=\"md\"><strong data-start=\"1569\" data-end=\"1615\">Sistema Chromascan modular (365\u202fnm\u2013far\u2011IR)<\/strong><\/td>\n<td data-start=\"1616\" data-end=\"1703\" data-col-size=\"md\">Multiplexado fiable con iluminaci\u00f3n uniforme y m\u00ednima interferencia.<\/td>\n<\/tr>\n<tr data-start=\"1704\" data-end=\"1831\">\n<td data-start=\"1704\" data-end=\"1745\" data-col-size=\"md\"><strong data-start=\"1706\" data-end=\"1741\">Pantalla t\u00e1ctil 15.6\u2033 ajustable<\/strong><\/td>\n<td data-start=\"1745\" data-end=\"1831\" data-col-size=\"md\">Visualizaci\u00f3n inmersiva y c\u00f3moda.<\/td>\n<\/tr>\n<tr data-start=\"1832\" data-end=\"1959\">\n<td data-start=\"1832\" data-end=\"1872\" data-col-size=\"md\"><strong data-start=\"1834\" data-end=\"1854\">Software DeepEye<\/strong><\/td>\n<td data-start=\"1872\" data-end=\"1959\" data-col-size=\"md\">Automatiza adquisici\u00f3n, an\u00e1lisis, enfoque y cuantificaci\u00f3n.<\/td>\n<\/tr>\n<tr data-start=\"1960\" data-end=\"2088\">\n<td data-start=\"1960\" data-end=\"2001\" data-col-size=\"md\"><strong data-start=\"1962\" data-end=\"1992\">Dise\u00f1o robusto y accesible<\/strong><\/td>\n<td data-start=\"2001\" data-end=\"2088\" data-col-size=\"md\">Acero inoxidable, bandeja m\u00f3vil, puerta completa, componentes reciclados.<\/td>\n<\/tr>\n<tr data-start=\"2089\" data-end=\"2216\">\n<td data-start=\"2089\" data-end=\"2129\" data-col-size=\"md\"><strong data-start=\"2091\" data-end=\"2110\">Plugin\u2011and\u2011play<\/strong><\/td>\n<td data-start=\"2129\" data-end=\"2216\" data-col-size=\"md\">F\u00e1cil ampliaci\u00f3n con m\u00f3dulos LED sin intervenci\u00f3n t\u00e9cnica.<\/td>\n<\/tr>\n<\/tbody>\n<\/table>\n<div class=\"sticky end-(--thread-content-margin) h-0 self-end select-none\">\n<div class=\"absolute end-0 flex items-end\"><\/div>\n<\/div>\n<\/div>\n<\/div>\n","protected":false},"featured_media":9114,"template":"","meta":{"iawp_total_views":30},"product_brand":[],"product_cat":[35],"product_tag":[256],"class_list":{"0":"post-9111","1":"product","2":"type-product","3":"status-publish","4":"has-post-thumbnail","6":"product_cat-sistemas-de-geldocs-y-quimioluminiscencia","7":"product_tag-iris","9":"first","10":"instock","11":"shipping-taxable","12":"product-type-simple"},"_links":{"self":[{"href":"https:\/\/www.controltecnica.com\/bio\/wp-json\/wp\/v2\/product\/9111","targetHints":{"allow":["GET"]}}],"collection":[{"href":"https:\/\/www.controltecnica.com\/bio\/wp-json\/wp\/v2\/product"}],"about":[{"href":"https:\/\/www.controltecnica.com\/bio\/wp-json\/wp\/v2\/types\/product"}],"wp:featuredmedia":[{"embeddable":true,"href":"https:\/\/www.controltecnica.com\/bio\/wp-json\/wp\/v2\/media\/9114"}],"wp:attachment":[{"href":"https:\/\/www.controltecnica.com\/bio\/wp-json\/wp\/v2\/media?parent=9111"}],"wp:term":[{"taxonomy":"product_brand","embeddable":true,"href":"https:\/\/www.controltecnica.com\/bio\/wp-json\/wp\/v2\/product_brand?post=9111"},{"taxonomy":"product_cat","embeddable":true,"href":"https:\/\/www.controltecnica.com\/bio\/wp-json\/wp\/v2\/product_cat?post=9111"},{"taxonomy":"product_tag","embeddable":true,"href":"https:\/\/www.controltecnica.com\/bio\/wp-json\/wp\/v2\/product_tag?post=9111"}],"curies":[{"name":"wp","href":"https:\/\/api.w.org\/{rel}","templated":true}]}}