{"id":8690,"date":"2022-05-13T11:34:59","date_gmt":"2022-05-13T11:34:59","guid":{"rendered":"https:\/\/www.controltecnica.com\/bio\/?post_type=product&#038;p=8690"},"modified":"2022-05-16T11:02:24","modified_gmt":"2022-05-16T11:02:24","slug":"nanodrop-lite-plus","status":"publish","type":"product","link":"https:\/\/www.controltecnica.com\/bio\/producto\/nanodrop-lite-plus\/","title":{"rendered":"NanoDrop Lite Plus"},"content":{"rendered":"<p>[vc_row][vc_column width=\u00bb1\/2&#8243;][vc_column_text text_larger=\u00bbno\u00bb]<\/p>\n<table class=\"table-condensed table-striped\">\n<tbody class=\"row-hover\">\n<tr class=\"row-1 odd\">\n<td class=\"column-1\">Intervalo de Absorbancia<\/td>\n<td class=\"column-2\">0,04 &#8211; 30 ABS<\/td>\n<\/tr>\n<tr class=\"row-2 even\">\n<td class=\"column-1\">Exactitud Absorbancia<\/td>\n<td class=\"column-2\">3%<\/td>\n<\/tr>\n<tr class=\"row-3 odd\">\n<td class=\"column-1\">Tiempo de medida<\/td>\n<td class=\"column-2\">&lt; 5 seg<\/td>\n<\/tr>\n<tr class=\"row-4 even\">\n<td class=\"column-1\">L\u00edmites de detecci\u00f3n<\/td>\n<td class=\"column-2\">2,0\u00a0ng\/\u03bcl (1,6\u00a0ng\/\u03bcl) ADNbc (ARN) 0,06\u00a0mg\/ml (0,03\u00a0mg\/ml) BSA (lgG)<\/td>\n<\/tr>\n<tr class=\"row-5 odd\">\n<td class=\"column-1\">Trayectoria \u00f3ptica<\/td>\n<td class=\"column-2\">1,0\u00a0mm y 0,2\u00a0mm (ajuste autom\u00e1tico)<\/td>\n<\/tr>\n<tr class=\"row-6 even\">\n<td class=\"column-1\">Resoluci\u00f3n espectral<\/td>\n<td class=\"column-2\">\u22641,8\u00a0nm (FWHM a Hg 254\u00a0nm)<\/td>\n<\/tr>\n<tr class=\"row-7 odd\">\n<td class=\"column-1\">Volumen de muestra<\/td>\n<td class=\"column-2\">1-2 \u00b5L<\/td>\n<\/tr>\n<tr class=\"row-8 even\">\n<td class=\"column-1\">Exactitud Longitud de Onda<\/td>\n<td class=\"column-2\">\u00b1\u00a01\u00a0nm<\/td>\n<\/tr>\n<tr class=\"row-9 odd\">\n<td class=\"column-1\">Repetibilidad de la Longitud de onda<\/td>\n<td class=\"column-2\">T\u00edpico:0.002 A (trayectoria de 1,0\u00a0mm) o CV 1\u00a0%, lo que sea mayor. (SD de 20\u00a0mediciones individuales a 0,74\u00a0Abs)<\/td>\n<\/tr>\n<tr class=\"row-10 even\">\n<td class=\"column-1\">Procesador<\/td>\n<td class=\"column-2\">Standalone control with data export via USB Flash Drive<\/td>\n<\/tr>\n<tr class=\"row-11 odd\">\n<td class=\"column-1\">Display<\/td>\n<td class=\"column-2\">Pantalla t\u00e1ctil LCD<\/td>\n<\/tr>\n<tr class=\"row-12 even\">\n<td class=\"column-1\">Fuente de luz<\/td>\n<td class=\"column-2\">Xenon flashlamp<\/td>\n<\/tr>\n<tr class=\"row-13 odd\">\n<td class=\"column-1\">Material<\/td>\n<td class=\"column-2\">Pedestal de muestra: acero inoxidable 303 y fibra de cuarzo<\/td>\n<\/tr>\n<tr class=\"row-14 even\">\n<td class=\"column-1\">Dimensiones (Ancho x prof. x alto)<\/td>\n<td class=\"column-2\">\u00a027 x 22 x 22cm<\/td>\n<\/tr>\n<tr class=\"row-15 odd\">\n<td class=\"column-1\">Peso<\/td>\n<td class=\"column-2\">2,7 Kg<\/td>\n<\/tr>\n<\/tbody>\n<\/table>\n<p>[\/vc_column_text][\/vc_column][vc_column width=\u00bb1\/2&#8243;]\n<div class=\"wpcf7 no-js\" id=\"wpcf7-f7-o1\" lang=\"es-ES\" dir=\"ltr\" data-wpcf7-id=\"7\">\n<div class=\"screen-reader-response\"><p role=\"status\" aria-live=\"polite\" aria-atomic=\"true\"><\/p> <ul><\/ul><\/div>\n<form action=\"\/bio\/wp-json\/wp\/v2\/product\/8690#wpcf7-f7-o1\" method=\"post\" class=\"wpcf7-form init\" aria-label=\"Formulario de contacto\" novalidate=\"novalidate\" data-status=\"init\">\n<fieldset class=\"hidden-fields-container\"><input type=\"hidden\" name=\"_wpcf7\" value=\"7\" \/><input type=\"hidden\" name=\"_wpcf7_version\" value=\"6.1.5\" \/><input type=\"hidden\" name=\"_wpcf7_locale\" value=\"es_ES\" \/><input type=\"hidden\" name=\"_wpcf7_unit_tag\" value=\"wpcf7-f7-o1\" \/><input type=\"hidden\" name=\"_wpcf7_container_post\" value=\"0\" \/><input type=\"hidden\" name=\"_wpcf7_posted_data_hash\" value=\"\" \/><input type=\"hidden\" name=\"_wpcf7_recaptcha_response\" value=\"\" \/>\n<\/fieldset>\n<div style=\"color:#e30614;font-weight:600;font-size:30px;margin-bottom:10px;\">\n\t<p>\u00bfPodemos ayudarte?\n\t<\/p>\n<\/div>\n<div class=\"row\">\n\t<div class=\"col-md-6\" style='margin-bottom:20px;'>\n\t\t<p><label>Nombre y Apellidos*<\/label><span class=\"wpcf7-form-control-wrap\" data-name=\"your-name\"><input size=\"40\" maxlength=\"400\" class=\"wpcf7-form-control wpcf7-text wpcf7-validates-as-required\" aria-required=\"true\" aria-invalid=\"false\" value=\"\" type=\"text\" name=\"your-name\" \/><\/span>\n\t\t<\/p>\n\t<\/div>\n\t<div class=\"col-md-6\" style='margin-bottom:20px;'>\n\t\t<p><label>Empresa\/Univ\/Hosp*<\/label><span class=\"wpcf7-form-control-wrap\" data-name=\"your-job\"><input size=\"40\" maxlength=\"400\" class=\"wpcf7-form-control wpcf7-text wpcf7-validates-as-required\" aria-required=\"true\" aria-invalid=\"false\" value=\"\" type=\"text\" name=\"your-job\" \/><\/span>\n\t\t<\/p>\n\t<\/div>\n<\/div>\n<div class=\"row\">\n\t<div class=\"col-md-6\" style='margin-bottom:20px;'>\n\t\t<p><label>Email*<\/label><span class=\"wpcf7-form-control-wrap\" data-name=\"your-email\"><input size=\"40\" maxlength=\"400\" class=\"wpcf7-form-control wpcf7-email wpcf7-validates-as-required wpcf7-text wpcf7-validates-as-email\" aria-required=\"true\" aria-invalid=\"false\" value=\"\" type=\"email\" name=\"your-email\" \/><\/span>\n\t\t<\/p>\n\t<\/div>\n\t<div class=\"col-md-6\" style='margin-bottom:20px;'>\n\t\t<p><label>Tel\u00e9fono*<\/label><span class=\"wpcf7-form-control-wrap\" data-name=\"your-number\"><input size=\"40\" maxlength=\"400\" class=\"wpcf7-form-control wpcf7-text wpcf7-validates-as-required\" aria-required=\"true\" aria-invalid=\"false\" value=\"\" type=\"text\" name=\"your-number\" \/><\/span>\n\t\t<\/p>\n\t<\/div>\n<\/div>\n<p><label>\u00bfEn qu\u00e9 est\u00e1s interesado?<\/label><span class=\"wpcf7-form-control-wrap\" data-name=\"your-message\"><textarea cols=\"40\" rows=\"10\" maxlength=\"2000\" class=\"wpcf7-form-control wpcf7-textarea\" aria-invalid=\"false\" name=\"your-message\"><\/textarea><\/span>\n<\/p>\n<p><span class=\"wpcf7-form-control-wrap\" data-name=\"acceptance-412\"><span class=\"wpcf7-form-control wpcf7-acceptance\"><span class=\"wpcf7-list-item\"><label><input type=\"checkbox\" name=\"acceptance-412\" value=\"1\" aria-invalid=\"false\" \/><span class=\"wpcf7-list-item-label\">He le\u00eddo y acepto la <a href=\"https:\/\/www.controltecnica.com\/bio\/privacidad\" target=\"_blank\">pol\u00edtica de privacidad<\/a><\/span><\/label><\/span><\/span><\/span><br \/>\n<span class=\"wpcf7-form-control-wrap\" data-name=\"acceptance-581\"><span class=\"wpcf7-form-control wpcf7-acceptance optional\"><span class=\"wpcf7-list-item\"><label><input type=\"checkbox\" name=\"acceptance-581\" value=\"1\" aria-invalid=\"false\" \/><span class=\"wpcf7-list-item-label\">Acepto recibir informaci\u00f3n comercial de CONTROLTECNICA<\/span><\/label><\/span><\/span><\/span>\n<\/p>\n<p><input class=\"wpcf7-form-control wpcf7-submit has-spinner btn-size-large btn btn-color-primary\" type=\"submit\" value=\"ENVIAR MENSAJE\" \/>\n<\/p><div class=\"wpcf7-response-output\" aria-hidden=\"true\"><\/div>\n<\/form>\n<\/div>\n[\/vc_column][\/vc_row]<\/p>\n","protected":false},"excerpt":{"rendered":"<p><strong>Espectrofotometro de micromuestra Nanodrop\u2122 Lite Plus<br \/>\n<\/strong>Ref. NDLPLUSGL<br \/>\n<strong><br \/>\n<\/strong><\/p>\n<p>El espectrofot\u00f3metro NanoDrop Lite Plus es una valiosa herramienta did\u00e1ctica y es ideal para mediciones de control de calidad en laboratorios de investigaci\u00f3n con grandes vol\u00famenes.<\/p>\n<p>Mida la concentraci\u00f3n purificada de ADN, ARN y prote\u00ednas de hasta 30 Abs y calcule las relaciones de pureza cr\u00edticas A260\/A280 y A260\/A230 mediante la tecnolog\u00eda NanoDrop de confianza.<\/p>\n<p>Dise\u00f1ado para mediciones rutinarias de muestras de \u00e1cidos nucleicos y prote\u00ednas con s\u00f3lo 1-2 \u03bcl, utiliza su innovadora tecnolog\u00eda de retenci\u00f3n de muestras que elimina la necesidad de diluir muestras muy concentradas, facilitando las mediciones. Basta con pipetear la muestras directamente sobre el pedestal de medici\u00f3n \u00f3ptica, medir y limpiar con un pa\u00f1o sin pelusa. Su dise\u00f1o compacto, con controles y software integrado, hace que el espectrofot\u00f3metro NanoDrop Lite Plus ocupe poco espacio en la mesa de trabajo.<\/p>\n<p>Gracias a la interfaz de usuario intuitiva y al dise\u00f1o industrial moderno, es el instrumento elegido para mediciones b\u00e1sicas de microvol\u00famenes.<\/p>\n<h4>Confianza en sus resultados<\/h4>\n<ul>\n<li>Mediciones est\u00e1ndar\n<ul>\n<li>Mide la concentraci\u00f3n de ADN, ARN y prote\u00ednas purificadas de hasta 30 Abs.\n<ul>\n<li>Hasta 1500 ng\/\u00b5l de ADNbc<\/li>\n<li>Hasta 1200 ng\/\u00b5l de ARN<\/li>\n<li>Hasta 45 mg\/ml de BS<\/li>\n<\/ul>\n<\/li>\n<li>Calcula las relaciones de pureza cr\u00edticas A260\/A280 y A260\/A230<\/li>\n<\/ul>\n<\/li>\n<li>Las mediciones r\u00e1pidas y precisas de s\u00f3lo 1-2 \u00b5l permiten guardar muestras valiosas, sin residuos.<\/li>\n<li>La tecnolog\u00eda de retenci\u00f3n de muestras utiliza la tensi\u00f3n de la superficie para mantener la muestra en su lugar; no se necesitan cubetas ni consumibles caros.<\/li>\n<li>Interfaz intuitiva:\n<ul>\n<li>Funcionamiento de la pantalla t\u00e1ctil integrada<\/li>\n<li>No es necesario un equipo<\/li>\n<\/ul>\n<\/li>\n<li>Almacenamiento y transferencia de datos:\n<ul>\n<li>\u00daltimas 1000 mediciones guardadas localmente; exporte datos a un dispositivo USB.<\/li>\n<\/ul>\n<\/li>\n<li>Impresora opcional disponible para etiquetas compatibles con congelador (no incluida)<\/li>\n<li>Compacto y port\u00e1til. Se adapta a cualquier mesa de laboratorio<\/li>\n<li>Precios asequibles para presupuestos ajustados<\/li>\n<\/ul>\n<h4>Alcance sus objetivos<\/h4>\n<ul>\n<li>Ense\u00f1anza acad\u00e9mica: ense\u00f1e a los estudiantes los principios de biolog\u00eda molecular y las t\u00e9cnicas experimentales en un instrumento l\u00edder en el sector<\/li>\n<li>Laboratorios de investigaci\u00f3n acad\u00e9mica: facilite su investigaci\u00f3n y la publicaci\u00f3n de nuevos resultados<\/li>\n<li>Iniciativas biotecnol\u00f3gicas: acelere el desarrollo de nuevos productos<\/li>\n<\/ul>\n<p>&nbsp;<\/p>\n","protected":false},"featured_media":8677,"template":"","meta":{"iawp_total_views":138},"product_brand":[],"product_cat":[20,32],"product_tag":[],"class_list":{"0":"post-8690","1":"product","2":"type-product","3":"status-publish","4":"has-post-thumbnail","6":"product_cat-biologia-molecular","7":"product_cat-nanodrop","9":"first","10":"instock","11":"shipping-taxable","12":"product-type-simple"},"_links":{"self":[{"href":"https:\/\/www.controltecnica.com\/bio\/wp-json\/wp\/v2\/product\/8690","targetHints":{"allow":["GET"]}}],"collection":[{"href":"https:\/\/www.controltecnica.com\/bio\/wp-json\/wp\/v2\/product"}],"about":[{"href":"https:\/\/www.controltecnica.com\/bio\/wp-json\/wp\/v2\/types\/product"}],"wp:featuredmedia":[{"embeddable":true,"href":"https:\/\/www.controltecnica.com\/bio\/wp-json\/wp\/v2\/media\/8677"}],"wp:attachment":[{"href":"https:\/\/www.controltecnica.com\/bio\/wp-json\/wp\/v2\/media?parent=8690"}],"wp:term":[{"taxonomy":"product_brand","embeddable":true,"href":"https:\/\/www.controltecnica.com\/bio\/wp-json\/wp\/v2\/product_brand?post=8690"},{"taxonomy":"product_cat","embeddable":true,"href":"https:\/\/www.controltecnica.com\/bio\/wp-json\/wp\/v2\/product_cat?post=8690"},{"taxonomy":"product_tag","embeddable":true,"href":"https:\/\/www.controltecnica.com\/bio\/wp-json\/wp\/v2\/product_tag?post=8690"}],"curies":[{"name":"wp","href":"https:\/\/api.w.org\/{rel}","templated":true}]}}