{"id":8671,"date":"2022-05-13T08:50:51","date_gmt":"2022-05-13T08:50:51","guid":{"rendered":"https:\/\/www.controltecnica.com\/bio\/?post_type=product&#038;p=8671"},"modified":"2024-07-02T09:54:16","modified_gmt":"2024-07-02T09:54:16","slug":"nanodrop-eight","status":"publish","type":"product","link":"https:\/\/www.controltecnica.com\/bio\/producto\/nanodrop-eight\/","title":{"rendered":"NanoDrop Eight"},"content":{"rendered":"<p>[vc_row][vc_column width=\u00bb1\/2&#8243;][vc_column_text text_larger=\u00bbno\u00bb]<\/p>\n<table class=\"table-condensed table-striped\">\n<tbody class=\"row-hover\">\n<tr class=\"row-1 odd\">\n<td class=\"column-1\">Rango fotom\u00e9trico<\/td>\n<td class=\"column-2\">0.04 &#8211; 200 Abs (10 mm equiv)<\/td>\n<\/tr>\n<tr class=\"row-2 even\">\n<td class=\"column-1\">Exactitud absorbancia<\/td>\n<td class=\"column-2\">3% a 0.97 A, 302 nm, 23 \u00b1 2C\u00b0<\/td>\n<\/tr>\n<tr class=\"row-3 odd\">\n<td class=\"column-1\">Exactitud Longitud de onda<\/td>\n<td class=\"column-2\">\u00b1\u00a01 nm<\/td>\n<\/tr>\n<tr class=\"row-4 even\">\n<td class=\"column-1\">Rango de Longitud de onda<\/td>\n<td class=\"column-2\">190-850 nm<\/td>\n<\/tr>\n<tr class=\"row-5 odd\">\n<td class=\"column-1\">Resoluci\u00f3n Espectral<\/td>\n<td class=\"column-2\">\u2264 1.8 nm (FWHM at Hg 254 nm)<\/td>\n<\/tr>\n<tr class=\"row-6 even\">\n<td class=\"column-1\">L\u00edmite de detecci\u00f3n<\/td>\n<td class=\"column-2\">2.0 ng\/\u00b5L (dsDNA) 1.6 ng\/\u00b5L (RNA)<\/p>\n<p>0.06 mg\/mL (BSA) 0.03 mg\/mL (lgG)<\/td>\n<\/tr>\n<tr class=\"row-7 odd\">\n<td class=\"column-1\">Tipo de detector<\/td>\n<td class=\"column-2\">2048-element CMOS linear image sensor<\/td>\n<\/tr>\n<tr class=\"row-8 even\">\n<td class=\"column-1\">Tiempo medici\u00f3n y procesamiento de datos<\/td>\n<td class=\"column-2\">8 muestras en \u2264 20 seg<\/td>\n<\/tr>\n<tr class=\"row-9 odd\">\n<td class=\"column-1\">Volumen muestra m\u00ednimo<\/td>\n<td class=\"column-2\">1 \u00b5L<\/td>\n<\/tr>\n<tr class=\"row-10 even\">\n<td class=\"column-1\">Dimensiones (ancho x prof x alto)<\/td>\n<td class=\"column-2\">24 x 33 x 17 cm<\/td>\n<\/tr>\n<tr class=\"row-11 odd\">\n<td class=\"column-1\">Peso<\/td>\n<td class=\"column-2\">3.7 kg<\/td>\n<\/tr>\n<\/tbody>\n<\/table>\n<p>[\/vc_column_text][\/vc_column][vc_column width=\u00bb1\/2&#8243;]\n<div class=\"wpcf7 no-js\" id=\"wpcf7-f7-o1\" lang=\"es-ES\" dir=\"ltr\" data-wpcf7-id=\"7\">\n<div class=\"screen-reader-response\"><p role=\"status\" aria-live=\"polite\" aria-atomic=\"true\"><\/p> <ul><\/ul><\/div>\n<form action=\"\/bio\/wp-json\/wp\/v2\/product\/8671#wpcf7-f7-o1\" method=\"post\" class=\"wpcf7-form init\" aria-label=\"Formulario de contacto\" novalidate=\"novalidate\" data-status=\"init\">\n<fieldset class=\"hidden-fields-container\"><input type=\"hidden\" name=\"_wpcf7\" value=\"7\" \/><input type=\"hidden\" name=\"_wpcf7_version\" value=\"6.1.5\" \/><input type=\"hidden\" name=\"_wpcf7_locale\" value=\"es_ES\" \/><input type=\"hidden\" name=\"_wpcf7_unit_tag\" value=\"wpcf7-f7-o1\" \/><input type=\"hidden\" name=\"_wpcf7_container_post\" value=\"0\" \/><input type=\"hidden\" name=\"_wpcf7_posted_data_hash\" value=\"\" \/><input type=\"hidden\" name=\"_wpcf7_recaptcha_response\" value=\"\" \/>\n<\/fieldset>\n<div style=\"color:#e30614;font-weight:600;font-size:30px;margin-bottom:10px;\">\n\t<p>\u00bfPodemos ayudarte?\n\t<\/p>\n<\/div>\n<div class=\"row\">\n\t<div class=\"col-md-6\" style='margin-bottom:20px;'>\n\t\t<p><label>Nombre y Apellidos*<\/label><span class=\"wpcf7-form-control-wrap\" data-name=\"your-name\"><input size=\"40\" maxlength=\"400\" class=\"wpcf7-form-control wpcf7-text wpcf7-validates-as-required\" aria-required=\"true\" aria-invalid=\"false\" value=\"\" type=\"text\" name=\"your-name\" \/><\/span>\n\t\t<\/p>\n\t<\/div>\n\t<div class=\"col-md-6\" style='margin-bottom:20px;'>\n\t\t<p><label>Empresa\/Univ\/Hosp*<\/label><span class=\"wpcf7-form-control-wrap\" data-name=\"your-job\"><input size=\"40\" maxlength=\"400\" class=\"wpcf7-form-control wpcf7-text wpcf7-validates-as-required\" aria-required=\"true\" aria-invalid=\"false\" value=\"\" type=\"text\" name=\"your-job\" \/><\/span>\n\t\t<\/p>\n\t<\/div>\n<\/div>\n<div class=\"row\">\n\t<div class=\"col-md-6\" style='margin-bottom:20px;'>\n\t\t<p><label>Email*<\/label><span class=\"wpcf7-form-control-wrap\" data-name=\"your-email\"><input size=\"40\" maxlength=\"400\" class=\"wpcf7-form-control wpcf7-email wpcf7-validates-as-required wpcf7-text wpcf7-validates-as-email\" aria-required=\"true\" aria-invalid=\"false\" value=\"\" type=\"email\" name=\"your-email\" \/><\/span>\n\t\t<\/p>\n\t<\/div>\n\t<div class=\"col-md-6\" style='margin-bottom:20px;'>\n\t\t<p><label>Tel\u00e9fono*<\/label><span class=\"wpcf7-form-control-wrap\" data-name=\"your-number\"><input size=\"40\" maxlength=\"400\" class=\"wpcf7-form-control wpcf7-text wpcf7-validates-as-required\" aria-required=\"true\" aria-invalid=\"false\" value=\"\" type=\"text\" name=\"your-number\" \/><\/span>\n\t\t<\/p>\n\t<\/div>\n<\/div>\n<p><label>\u00bfEn qu\u00e9 est\u00e1s interesado?<\/label><span class=\"wpcf7-form-control-wrap\" data-name=\"your-message\"><textarea cols=\"40\" rows=\"10\" maxlength=\"2000\" class=\"wpcf7-form-control wpcf7-textarea\" aria-invalid=\"false\" name=\"your-message\"><\/textarea><\/span>\n<\/p>\n<p><span class=\"wpcf7-form-control-wrap\" data-name=\"acceptance-412\"><span class=\"wpcf7-form-control wpcf7-acceptance\"><span class=\"wpcf7-list-item\"><label><input type=\"checkbox\" name=\"acceptance-412\" value=\"1\" aria-invalid=\"false\" \/><span class=\"wpcf7-list-item-label\">He le\u00eddo y acepto la <a href=\"https:\/\/www.controltecnica.com\/bio\/privacidad\" target=\"_blank\">pol\u00edtica de privacidad<\/a><\/span><\/label><\/span><\/span><\/span><br \/>\n<span class=\"wpcf7-form-control-wrap\" data-name=\"acceptance-581\"><span class=\"wpcf7-form-control wpcf7-acceptance optional\"><span class=\"wpcf7-list-item\"><label><input type=\"checkbox\" name=\"acceptance-581\" value=\"1\" aria-invalid=\"false\" \/><span class=\"wpcf7-list-item-label\">Acepto recibir informaci\u00f3n comercial de CONTROLTECNICA<\/span><\/label><\/span><\/span><\/span>\n<\/p>\n<p><input class=\"wpcf7-form-control wpcf7-submit has-spinner btn-size-large btn btn-color-primary\" type=\"submit\" value=\"ENVIAR MENSAJE\" \/>\n<\/p><div class=\"wpcf7-response-output\" aria-hidden=\"true\"><\/div>\n<\/form>\n<\/div>\n[\/vc_column][\/vc_row]<\/p>\n","protected":false},"excerpt":{"rendered":"<p><strong>Espectrofot\u00f3metro UV-VIS multicanal de barrido espectral empleando s\u00f3lo una microgota.<br \/>\n<\/strong>Ref. ND8 ThermoScientific<\/p>\n<ul>\n<li><strong>FUNCI\u00d3N ACCLARO*<\/strong>, sistema de detecci\u00f3n, identificaci\u00f3n y cuantificaci\u00f3n de contaminantes en muestras de \u00e1cidos nucleicos y prote\u00ednas. Corrige los valores de concentraci\u00f3n, dando resultados m\u00e1s fiables.<\/li>\n<li><strong>SISTEMA DE ILUMINACI\u00d3N GU\u00cdA<\/strong> que permite gestionar el an\u00e1lisis de las muestras de una placa de 96 pocillos.<\/li>\n<li><strong>SOPORTE PARA AYUDA AL PIPETEO<\/strong> con la pipeta multicanal, con posici\u00f3n adaptada para zurdos y diestros.<\/li>\n<li><strong>AMPLIACI\u00d3N DEL RANGO DE MEDIDA<\/strong> de dsDNA de 2 ng\/\u00b5L a 10.000 ng\/\u00b5L. Volumen de medida de muestra de 1 a 2 \u00b5L.<\/li>\n<li>Equipo<strong> compatible con Software externo<\/strong> con cumplimiento <strong>CFR21 parte 11<\/strong>, para la integridad de los datos en el sector Farmac\u00e9utico.<\/li>\n<\/ul>\n","protected":false},"featured_media":8673,"template":"","meta":{"iawp_total_views":52},"product_brand":[],"product_cat":[20,32],"product_tag":[],"class_list":{"0":"post-8671","1":"product","2":"type-product","3":"status-publish","4":"has-post-thumbnail","6":"product_cat-biologia-molecular","7":"product_cat-nanodrop","9":"first","10":"instock","11":"shipping-taxable","12":"product-type-simple"},"_links":{"self":[{"href":"https:\/\/www.controltecnica.com\/bio\/wp-json\/wp\/v2\/product\/8671","targetHints":{"allow":["GET"]}}],"collection":[{"href":"https:\/\/www.controltecnica.com\/bio\/wp-json\/wp\/v2\/product"}],"about":[{"href":"https:\/\/www.controltecnica.com\/bio\/wp-json\/wp\/v2\/types\/product"}],"wp:featuredmedia":[{"embeddable":true,"href":"https:\/\/www.controltecnica.com\/bio\/wp-json\/wp\/v2\/media\/8673"}],"wp:attachment":[{"href":"https:\/\/www.controltecnica.com\/bio\/wp-json\/wp\/v2\/media?parent=8671"}],"wp:term":[{"taxonomy":"product_brand","embeddable":true,"href":"https:\/\/www.controltecnica.com\/bio\/wp-json\/wp\/v2\/product_brand?post=8671"},{"taxonomy":"product_cat","embeddable":true,"href":"https:\/\/www.controltecnica.com\/bio\/wp-json\/wp\/v2\/product_cat?post=8671"},{"taxonomy":"product_tag","embeddable":true,"href":"https:\/\/www.controltecnica.com\/bio\/wp-json\/wp\/v2\/product_tag?post=8671"}],"curies":[{"name":"wp","href":"https:\/\/api.w.org\/{rel}","templated":true}]}}