{"id":8429,"date":"2022-01-13T09:57:12","date_gmt":"2022-01-13T09:57:12","guid":{"rendered":"https:\/\/www.controltecnica.com\/bio\/?post_type=product&#038;p=8429"},"modified":"2022-01-27T08:01:09","modified_gmt":"2022-01-27T08:01:09","slug":"autoclaves-witeg-wac-y-wac-r","status":"publish","type":"product","link":"https:\/\/www.controltecnica.com\/bio\/producto\/autoclaves-witeg-wac-y-wac-r\/","title":{"rendered":"Autoclaves Witeg WAC Y WAC R"},"content":{"rendered":"<p>[vc_row][vc_column width=\u00bb1\/2&#8243;][vc_column_text text_larger=\u00bbno\u00bb]<\/p>\n<table id=\"tablepress-80\" class=\"tablepress tablepress-id-80\">\n<thead>\n<tr class=\"row-1 odd\">\n<th class=\"column-1\"><center>MODELO<\/center><\/th>\n<th class=\"column-2\"><center>WAC 47 \/ WAC R47<\/center><\/th>\n<th class=\"column-3\"><center>WAC 60 \/ WAC R60<\/center><\/th>\n<th class=\"column-4\"><center>WAC 80 \/ WAC R80<\/center><\/th>\n<\/tr>\n<\/thead>\n<tbody class=\"row-hover\">\n<tr class=\"row-2 even\">\n<td class=\"column-1\">Dimensiones internas<\/td>\n<td class=\"column-2\"><center>\u00d8300 x h670<\/center><\/td>\n<td class=\"column-3\"><center>\u00d8350 x h650<\/center><\/td>\n<td class=\"column-4\"><center>\u00d8400 x h650<\/center><\/td>\n<\/tr>\n<tr class=\"row-3 odd\">\n<td class=\"column-1\">Dimensiones externas<\/td>\n<td class=\"column-2\"><center>680x470x880<\/center><\/td>\n<td class=\"column-3\"><center>680x470x900<\/center><\/td>\n<td class=\"column-4\"><center>810x580x1140<\/center><\/td>\n<\/tr>\n<tr class=\"row-4 even\">\n<td class=\"column-1\">Dimensiones cestillos (mm)<\/td>\n<td class=\"column-2\"><center>\u00d8270 x h240<\/center><\/td>\n<td class=\"column-3\"><center>\u00d8320 x h240<\/center><\/td>\n<td class=\"column-4\"><center>\u00d8370 x h240<\/center><\/td>\n<\/tr>\n<tr class=\"row-5 odd\">\n<td class=\"column-1\">Potencia calefactora<\/td>\n<td class=\"column-2\"><center>2 kW<\/center><\/td>\n<td class=\"column-3\"><center>3 kW<\/center><\/td>\n<td class=\"column-4\"><center>2 kW x 2<\/center><\/td>\n<\/tr>\n<tr class=\"row-6 even\">\n<td class=\"column-1\">Peso<\/td>\n<td class=\"column-2\"><center>117Kg<\/center><\/td>\n<td class=\"column-3\"><center>120 Kg<\/center><\/td>\n<td class=\"column-4\"><center>173 Kg<\/center><\/td>\n<\/tr>\n<tr class=\"row-7 odd\">\n<td class=\"column-1\">Alimentaci\u00f3n<\/td>\n<td class=\"column-2\" colspan=\"2\"><center>AC 230 V, 1N \u0334 , 50\/60 Hz<\/center><\/td>\n<td class=\"column-4\"><center>AC 400 V, 3N \u0334 , 50\/60 Hz<\/center><\/td>\n<\/tr>\n<tr class=\"row-8 even\">\n<td class=\"column-1\">Rango de T\u00aa y Precisi\u00f3n<\/td>\n<td class=\"column-2\" colspan=\"3\"><center>Amb. +0.5\u00baC &#8211; 132 \u00baC; \u00b1 0.5\u00baC a 121\u00baC<\/center><\/td>\n<\/tr>\n<tr class=\"row-9 odd\">\n<td class=\"column-1\">Presi\u00f3n<\/td>\n<td class=\"column-2\" colspan=\"3\"><center>1,2 Kgf\/cm<sup>3<\/sup> a 121\u00baC; 2.0 Kgf\/cm<sup>3<\/sup> a 132\u00baC<\/center><\/td>\n<\/tr>\n<tr class=\"row-10 even\">\n<td class=\"column-1\">Modo de esterilizaci\u00f3n<\/td>\n<td class=\"column-2\" colspan=\"3\"><center>Modo de s\u00f3lidos y modo de l\u00edquidos<\/center><\/td>\n<\/tr>\n<tr class=\"row-11 odd\">\n<td class=\"column-1\">Temporizador<\/td>\n<td class=\"column-2\" colspan=\"3\"><center>99 Hr, 59 min y 59 seg.<\/center><\/td>\n<\/tr>\n<tr class=\"row-12 even\">\n<td class=\"column-1\">Display<\/td>\n<td class=\"column-2\" colspan=\"3\"><center>Digital LCD retroiluminado<\/center><\/td>\n<\/tr>\n<tr class=\"row-13 odd\">\n<td class=\"column-1\">Controlador<\/td>\n<td class=\"column-2\" colspan=\"3\"><center>Controlador Digital autom\u00e1tico \u00abFuzzy-Control\u00bb<\/center><\/td>\n<\/tr>\n<tr class=\"row-14 even\">\n<td class=\"column-1\">Puerta y sistema de cierre<\/td>\n<td class=\"column-2\" colspan=\"3\"><center>Apertura de la tapa hacia el lateral \/ Sistema de cierre electr\u00f3nico de la tapa<\/center><\/td>\n<\/tr>\n<tr class=\"row-15 odd\">\n<td class=\"column-1\">Seguridad y alarmas<\/td>\n<td class=\"column-2\" colspan=\"3\"><center>Sobre-temperatura \/ Presi\u00f3n \/ Detecci\u00f3n de error en el sensor de T\u00aa y presi\u00f3n<\/center><\/td>\n<\/tr>\n<tr class=\"row-16 even\">\n<td class=\"column-1\">Cestillos<\/td>\n<td class=\"column-2\" colspan=\"3\"><center>Se incluyen 2 cestillos de rejilla de acero inoxidable<\/center><\/td>\n<\/tr>\n<\/tbody>\n<\/table>\n<p>[\/vc_column_text][\/vc_column][vc_column width=\u00bb1\/2&#8243;]\n<div class=\"wpcf7 no-js\" id=\"wpcf7-f7-o1\" lang=\"es-ES\" dir=\"ltr\" data-wpcf7-id=\"7\">\n<div class=\"screen-reader-response\"><p role=\"status\" aria-live=\"polite\" aria-atomic=\"true\"><\/p> <ul><\/ul><\/div>\n<form action=\"\/bio\/wp-json\/wp\/v2\/product\/8429#wpcf7-f7-o1\" method=\"post\" class=\"wpcf7-form init\" aria-label=\"Formulario de contacto\" novalidate=\"novalidate\" data-status=\"init\">\n<fieldset class=\"hidden-fields-container\"><input type=\"hidden\" name=\"_wpcf7\" value=\"7\" \/><input type=\"hidden\" name=\"_wpcf7_version\" value=\"6.1.5\" \/><input type=\"hidden\" name=\"_wpcf7_locale\" value=\"es_ES\" \/><input type=\"hidden\" name=\"_wpcf7_unit_tag\" value=\"wpcf7-f7-o1\" \/><input type=\"hidden\" name=\"_wpcf7_container_post\" value=\"0\" \/><input type=\"hidden\" name=\"_wpcf7_posted_data_hash\" value=\"\" \/><input type=\"hidden\" name=\"_wpcf7_recaptcha_response\" value=\"\" \/>\n<\/fieldset>\n<div style=\"color:#e30614;font-weight:600;font-size:30px;margin-bottom:10px;\">\n\t<p>\u00bfPodemos ayudarte?\n\t<\/p>\n<\/div>\n<div class=\"row\">\n\t<div class=\"col-md-6\" style='margin-bottom:20px;'>\n\t\t<p><label>Nombre y Apellidos*<\/label><span class=\"wpcf7-form-control-wrap\" data-name=\"your-name\"><input size=\"40\" maxlength=\"400\" class=\"wpcf7-form-control wpcf7-text wpcf7-validates-as-required\" aria-required=\"true\" aria-invalid=\"false\" value=\"\" type=\"text\" name=\"your-name\" \/><\/span>\n\t\t<\/p>\n\t<\/div>\n\t<div class=\"col-md-6\" style='margin-bottom:20px;'>\n\t\t<p><label>Empresa\/Univ\/Hosp*<\/label><span class=\"wpcf7-form-control-wrap\" data-name=\"your-job\"><input size=\"40\" maxlength=\"400\" class=\"wpcf7-form-control wpcf7-text wpcf7-validates-as-required\" aria-required=\"true\" aria-invalid=\"false\" value=\"\" type=\"text\" name=\"your-job\" \/><\/span>\n\t\t<\/p>\n\t<\/div>\n<\/div>\n<div class=\"row\">\n\t<div class=\"col-md-6\" style='margin-bottom:20px;'>\n\t\t<p><label>Email*<\/label><span class=\"wpcf7-form-control-wrap\" data-name=\"your-email\"><input size=\"40\" maxlength=\"400\" class=\"wpcf7-form-control wpcf7-email wpcf7-validates-as-required wpcf7-text wpcf7-validates-as-email\" aria-required=\"true\" aria-invalid=\"false\" value=\"\" type=\"email\" name=\"your-email\" \/><\/span>\n\t\t<\/p>\n\t<\/div>\n\t<div class=\"col-md-6\" style='margin-bottom:20px;'>\n\t\t<p><label>Tel\u00e9fono*<\/label><span class=\"wpcf7-form-control-wrap\" data-name=\"your-number\"><input size=\"40\" maxlength=\"400\" class=\"wpcf7-form-control wpcf7-text wpcf7-validates-as-required\" aria-required=\"true\" aria-invalid=\"false\" value=\"\" type=\"text\" name=\"your-number\" \/><\/span>\n\t\t<\/p>\n\t<\/div>\n<\/div>\n<p><label>\u00bfEn qu\u00e9 est\u00e1s interesado?<\/label><span class=\"wpcf7-form-control-wrap\" data-name=\"your-message\"><textarea cols=\"40\" rows=\"10\" maxlength=\"2000\" class=\"wpcf7-form-control wpcf7-textarea\" aria-invalid=\"false\" name=\"your-message\"><\/textarea><\/span>\n<\/p>\n<p><span class=\"wpcf7-form-control-wrap\" data-name=\"acceptance-412\"><span class=\"wpcf7-form-control wpcf7-acceptance\"><span class=\"wpcf7-list-item\"><label><input type=\"checkbox\" name=\"acceptance-412\" value=\"1\" aria-invalid=\"false\" \/><span class=\"wpcf7-list-item-label\">He le\u00eddo y acepto la <a href=\"https:\/\/www.controltecnica.com\/bio\/privacidad\" target=\"_blank\">pol\u00edtica de privacidad<\/a><\/span><\/label><\/span><\/span><\/span><br \/>\n<span class=\"wpcf7-form-control-wrap\" data-name=\"acceptance-581\"><span class=\"wpcf7-form-control wpcf7-acceptance optional\"><span class=\"wpcf7-list-item\"><label><input type=\"checkbox\" name=\"acceptance-581\" value=\"1\" aria-invalid=\"false\" \/><span class=\"wpcf7-list-item-label\">Acepto recibir informaci\u00f3n comercial de CONTROLTECNICA<\/span><\/label><\/span><\/span><\/span>\n<\/p>\n<p><input class=\"wpcf7-form-control wpcf7-submit has-spinner btn-size-large btn btn-color-primary\" type=\"submit\" value=\"ENVIAR MENSAJE\" \/>\n<\/p><div class=\"wpcf7-response-output\" aria-hidden=\"true\"><\/div>\n<\/form>\n<\/div>\n[\/vc_column][\/vc_row]<\/p>\n","protected":false},"excerpt":{"rendered":"<p><strong>AUTOCLAVES MODELOS\u00a0WAC Y WAC R \u2013 WITEG<\/strong><\/p>\n<p>Autoclaves verticales de 47, 60 u 80 litros de capacidad con elementos calefactores integrados en la base de la c\u00e1mara que permiten la esterilizaci\u00f3n de s\u00f3lidos y l\u00edquidos. Su mecanismo especial de condensaci\u00f3n del vapor y su tapa con protecci\u00f3n de temperatura han sido dise\u00f1ados pensando en la seguridad del usuario.<\/p>\n<p>Al desarrollar el equipo, se ha hecho especial \u00e9nfasis en un <strong><em>dise\u00f1o robusto y facilidad de uso.<\/em><\/strong><\/p>\n<ul>\n<li>La alimentaci\u00f3n del agua desmineralizada para la generaci\u00f3n del vapor se realiza de forma manual.<\/li>\n<li>Controlado por un innovador microprocesador digital muy f\u00e1cil de programar.<\/li>\n<li>F\u00e1cil de cargar, incluso grandes vol\u00famenes, gracias a su dise\u00f1o de plataforma y descanso\u00a0 lateral junto a la puerta de cierre.<\/li>\n<li>Dotado de robustas ruedas con topes que facilitan su reubicaci\u00f3n en el laboratorio.<\/li>\n<li>Posee un display digital LCD retroiluminado.<\/li>\n<li>Con temporizador que permite controlar la operaci\u00f3n con inicio retardado.<\/li>\n<li>Sistema de apertura de puerta giratorio s\u00f3lido y seguro, gracias a su sensor de cierre electr\u00f3nico.<\/li>\n<li>Posee: Termostato de protecci\u00f3n de sobre-temperatura,\u00a0 presi\u00f3n y corte de suministro el\u00e9ctrico; sensores de detecci\u00f3n de errores y v\u00e1lvula autom\u00e1tica de expulsi\u00f3n por sobrepresi\u00f3n que garantiza la seguridad del usuario.<\/li>\n<li>Sistema innovador de condensaci\u00f3n del vapor. V\u00e1lvula manual delantera para vaciado del vapor.<\/li>\n<li>CE-MDD (CE 0470 -Medical Device Directive).<\/li>\n<\/ul>\n","protected":false},"featured_media":8434,"template":"","meta":{"iawp_total_views":68},"product_brand":[],"product_cat":[26],"product_tag":[],"class_list":{"0":"post-8429","1":"product","2":"type-product","3":"status-publish","4":"has-post-thumbnail","6":"product_cat-autoclaves-witeg-wac-y-wac-r","8":"first","9":"instock","10":"shipping-taxable","11":"product-type-simple"},"_links":{"self":[{"href":"https:\/\/www.controltecnica.com\/bio\/wp-json\/wp\/v2\/product\/8429","targetHints":{"allow":["GET"]}}],"collection":[{"href":"https:\/\/www.controltecnica.com\/bio\/wp-json\/wp\/v2\/product"}],"about":[{"href":"https:\/\/www.controltecnica.com\/bio\/wp-json\/wp\/v2\/types\/product"}],"wp:featuredmedia":[{"embeddable":true,"href":"https:\/\/www.controltecnica.com\/bio\/wp-json\/wp\/v2\/media\/8434"}],"wp:attachment":[{"href":"https:\/\/www.controltecnica.com\/bio\/wp-json\/wp\/v2\/media?parent=8429"}],"wp:term":[{"taxonomy":"product_brand","embeddable":true,"href":"https:\/\/www.controltecnica.com\/bio\/wp-json\/wp\/v2\/product_brand?post=8429"},{"taxonomy":"product_cat","embeddable":true,"href":"https:\/\/www.controltecnica.com\/bio\/wp-json\/wp\/v2\/product_cat?post=8429"},{"taxonomy":"product_tag","embeddable":true,"href":"https:\/\/www.controltecnica.com\/bio\/wp-json\/wp\/v2\/product_tag?post=8429"}],"curies":[{"name":"wp","href":"https:\/\/api.w.org\/{rel}","templated":true}]}}