{"id":8351,"date":"2021-12-16T09:07:46","date_gmt":"2021-12-16T09:07:46","guid":{"rendered":"https:\/\/www.controltecnica.com\/bio\/?post_type=product&#038;p=8351"},"modified":"2022-05-16T15:36:47","modified_gmt":"2022-05-16T15:36:47","slug":"incubadores-de-co2-astec-sca-80-165-drs","status":"publish","type":"product","link":"https:\/\/www.controltecnica.com\/bio\/producto\/incubadores-de-co2-astec-sca-80-165-drs\/","title":{"rendered":"Incubadores de CO2 Astec SCA 80 \/ 165 DRS"},"content":{"rendered":"<p>[vc_row][vc_column width=\u00bb1\/2&#8243;][vc_column_text text_larger=\u00bbno\u00bb]<\/p>\n<table id=\"tablepress-63\" class=\"tablepress tablepress-id-63\">\n<thead>\n<tr class=\"row-1 odd\">\n<th class=\"column-1\">Modelo<\/th>\n<th class=\"column-2\"><center>ASTEC SCA 80DRS<\/center><\/th>\n<th class=\"column-3\"><center>ASTEC SCA 165DRS<\/center><\/th>\n<\/tr>\n<\/thead>\n<tbody class=\"row-hover\">\n<tr class=\"row-2 even\">\n<td class=\"column-1\">CO<sub>2<\/sub>\/0<sub>2<\/sub><\/td>\n<td class=\"column-2\" colspan=\"2\"><center>CO<sub>2<\/sub><\/center><\/td>\n<\/tr>\n<tr class=\"row-3 odd\">\n<td class=\"column-1\">Volumen<\/td>\n<td class=\"column-2\"><center>80 L<\/center><\/td>\n<td class=\"column-3\"><center>163 L<\/center><\/td>\n<\/tr>\n<tr class=\"row-4 even\">\n<td class=\"column-1\">Dimensiones externas (an x fon x alt)<\/td>\n<td class=\"column-2\"><center>533 x 506 x 760 mm<\/center><\/td>\n<td class=\"column-3\"><center>625 x 635 x 915 mm<\/center><\/td>\n<\/tr>\n<tr class=\"row-5 odd\">\n<td class=\"column-1\">Dimensiones internas (an x fon x alt)<\/td>\n<td class=\"column-2\"><center>418 x 377 x 510 mm<\/center><\/td>\n<td class=\"column-3\"><center>510 x 500 x 640 mm<\/center><\/td>\n<\/tr>\n<tr class=\"row-6 even\">\n<td class=\"column-1\">Dimensiones de las bandejas<\/td>\n<td class=\"column-2\"><center>350 x 350 x 11 mm<\/center><\/td>\n<td class=\"column-3\"><center>430 x 430 x 15 mm<\/center><\/td>\n<\/tr>\n<tr class=\"row-7 odd\">\n<td class=\"column-1\">Bandejas por c\u00e1mara<\/td>\n<td class=\"column-2\"><center>Est\u00e1ndar: 4 \/ M\u00e1ximo: 13<\/center><\/td>\n<td class=\"column-3\"><center>Est\u00e1ndar: 4 \/ M\u00e1ximo: 19<\/center><\/td>\n<\/tr>\n<tr class=\"row-8 even\">\n<td class=\"column-1\">Rango de temperatura<\/td>\n<td class=\"column-2\" colspan=\"2\"><center>Amb. +5\u00baC hasta +50\u00baC<\/center><\/td>\n<\/tr>\n<tr class=\"row-9 odd\">\n<td class=\"column-1\">Precisi\u00f3n de la temperatura<\/td>\n<td class=\"column-2\" colspan=\"2\"><center>37\u00baC\u00b1 0.1\u00baC<\/center><\/td>\n<\/tr>\n<tr class=\"row-10 even\">\n<td class=\"column-1\">Sensor CO<sub>2<\/sub><\/td>\n<td class=\"column-2\" colspan=\"2\"><center>IR<\/center><\/td>\n<\/tr>\n<tr class=\"row-11 odd\">\n<td class=\"column-1\">Rango de CO<sub>2<\/sub><\/td>\n<td class=\"column-2\" colspan=\"2\"><center>0 &#8211; 20 %<\/center><\/td>\n<\/tr>\n<tr class=\"row-12 even\">\n<td class=\"column-1\">Estabilidad del CO<sub>2<\/sub><\/td>\n<td class=\"column-2\" colspan=\"2\"><center>\u00b1 0.1%<\/center><\/td>\n<\/tr>\n<tr class=\"row-13 odd\">\n<td class=\"column-1\">Peso (Kg)<\/td>\n<td class=\"column-2\"><center>63 Kg<\/center><\/td>\n<td class=\"column-3\"><center>85 Kg<\/center><\/td>\n<\/tr>\n<\/tbody>\n<\/table>\n<p>[\/vc_column_text][\/vc_column][vc_column width=\u00bb1\/2&#8243;]\n<div class=\"wpcf7 no-js\" id=\"wpcf7-f7-o1\" lang=\"es-ES\" dir=\"ltr\" data-wpcf7-id=\"7\">\n<div class=\"screen-reader-response\"><p role=\"status\" aria-live=\"polite\" aria-atomic=\"true\"><\/p> <ul><\/ul><\/div>\n<form action=\"\/bio\/wp-json\/wp\/v2\/product\/8351#wpcf7-f7-o1\" method=\"post\" class=\"wpcf7-form init\" aria-label=\"Formulario de contacto\" novalidate=\"novalidate\" data-status=\"init\">\n<fieldset class=\"hidden-fields-container\"><input type=\"hidden\" name=\"_wpcf7\" value=\"7\" \/><input type=\"hidden\" name=\"_wpcf7_version\" value=\"6.1.5\" \/><input type=\"hidden\" name=\"_wpcf7_locale\" value=\"es_ES\" \/><input type=\"hidden\" name=\"_wpcf7_unit_tag\" value=\"wpcf7-f7-o1\" \/><input type=\"hidden\" name=\"_wpcf7_container_post\" value=\"0\" \/><input type=\"hidden\" name=\"_wpcf7_posted_data_hash\" value=\"\" \/><input type=\"hidden\" name=\"_wpcf7_recaptcha_response\" value=\"\" \/>\n<\/fieldset>\n<div style=\"color:#e30614;font-weight:600;font-size:30px;margin-bottom:10px;\">\n\t<p>\u00bfPodemos ayudarte?\n\t<\/p>\n<\/div>\n<div class=\"row\">\n\t<div class=\"col-md-6\" style='margin-bottom:20px;'>\n\t\t<p><label>Nombre y Apellidos*<\/label><span class=\"wpcf7-form-control-wrap\" data-name=\"your-name\"><input size=\"40\" maxlength=\"400\" class=\"wpcf7-form-control wpcf7-text wpcf7-validates-as-required\" aria-required=\"true\" aria-invalid=\"false\" value=\"\" type=\"text\" name=\"your-name\" \/><\/span>\n\t\t<\/p>\n\t<\/div>\n\t<div class=\"col-md-6\" style='margin-bottom:20px;'>\n\t\t<p><label>Empresa\/Univ\/Hosp*<\/label><span class=\"wpcf7-form-control-wrap\" data-name=\"your-job\"><input size=\"40\" maxlength=\"400\" class=\"wpcf7-form-control wpcf7-text wpcf7-validates-as-required\" aria-required=\"true\" aria-invalid=\"false\" value=\"\" type=\"text\" name=\"your-job\" \/><\/span>\n\t\t<\/p>\n\t<\/div>\n<\/div>\n<div class=\"row\">\n\t<div class=\"col-md-6\" style='margin-bottom:20px;'>\n\t\t<p><label>Email*<\/label><span class=\"wpcf7-form-control-wrap\" data-name=\"your-email\"><input size=\"40\" maxlength=\"400\" class=\"wpcf7-form-control wpcf7-email wpcf7-validates-as-required wpcf7-text wpcf7-validates-as-email\" aria-required=\"true\" aria-invalid=\"false\" value=\"\" type=\"email\" name=\"your-email\" \/><\/span>\n\t\t<\/p>\n\t<\/div>\n\t<div class=\"col-md-6\" style='margin-bottom:20px;'>\n\t\t<p><label>Tel\u00e9fono*<\/label><span class=\"wpcf7-form-control-wrap\" data-name=\"your-number\"><input size=\"40\" maxlength=\"400\" class=\"wpcf7-form-control wpcf7-text wpcf7-validates-as-required\" aria-required=\"true\" aria-invalid=\"false\" value=\"\" type=\"text\" name=\"your-number\" \/><\/span>\n\t\t<\/p>\n\t<\/div>\n<\/div>\n<p><label>\u00bfEn qu\u00e9 est\u00e1s interesado?<\/label><span class=\"wpcf7-form-control-wrap\" data-name=\"your-message\"><textarea cols=\"40\" rows=\"10\" maxlength=\"2000\" class=\"wpcf7-form-control wpcf7-textarea\" aria-invalid=\"false\" name=\"your-message\"><\/textarea><\/span>\n<\/p>\n<p><span class=\"wpcf7-form-control-wrap\" data-name=\"acceptance-412\"><span class=\"wpcf7-form-control wpcf7-acceptance\"><span class=\"wpcf7-list-item\"><label><input type=\"checkbox\" name=\"acceptance-412\" value=\"1\" aria-invalid=\"false\" \/><span class=\"wpcf7-list-item-label\">He le\u00eddo y acepto la <a href=\"https:\/\/www.controltecnica.com\/bio\/privacidad\" target=\"_blank\">pol\u00edtica de privacidad<\/a><\/span><\/label><\/span><\/span><\/span><br \/>\n<span class=\"wpcf7-form-control-wrap\" data-name=\"acceptance-581\"><span class=\"wpcf7-form-control wpcf7-acceptance optional\"><span class=\"wpcf7-list-item\"><label><input type=\"checkbox\" name=\"acceptance-581\" value=\"1\" aria-invalid=\"false\" \/><span class=\"wpcf7-list-item-label\">Acepto recibir informaci\u00f3n comercial de CONTROLTECNICA<\/span><\/label><\/span><\/span><\/span>\n<\/p>\n<p><input class=\"wpcf7-form-control wpcf7-submit has-spinner btn-size-large btn btn-color-primary\" type=\"submit\" value=\"ENVIAR MENSAJE\" \/>\n<\/p><div class=\"wpcf7-response-output\" aria-hidden=\"true\"><\/div>\n<\/form>\n<\/div>\n[\/vc_column][\/vc_row]<\/p>\n","protected":false},"excerpt":{"rendered":"<p><strong>INCUBADOR CO<sub>2<\/sub>\u00a0\u00a0ASTEC SCA 80 \/ 165 DRS<\/strong><\/p>\n<p>La familia de Incubadores de CO<sub>2<\/sub>\u00a0avanzados\u00a0<strong>SCA\u00a0<\/strong>de Astec Bio han sido dise\u00f1ados para proporcionar las mejores condiciones ambientales y obtener los resultados m\u00e1s fiables en estudios de cultivos celulares y de tejidos.<\/p>\n<p>Crea un ambiente no solo para mantener sus muestras seguras, sanas y a salvo sino tambi\u00e9n para contribuir a crear unas condiciones \u00f3ptimas de cultivo. \u00a0Este incubador incluye una serie de caracter\u00edsticas que lo hacen intuitivo y muy confortable de uso para el usuario.<\/p>\n<p><b><u>Tecnolog\u00eda<\/u><\/b><strong><u>\u00a0Avanzada. Ambiente de cultivo seguro<\/u><\/strong><\/p>\n<p>Los componentes internos han sido cuidadosamente elegidos y dise\u00f1ados para mantener una alta humedad relativa y un preciso control de la temperatura y del CO<sub>2<\/sub>.<\/p>\n<p>Con\u00a0 sistema de\u00a0<strong>calefacci\u00f3n por camisa\u00a0 de aire<\/strong>, con elementos calefactores individuales, proporciona estabilidad y uniformidad de temperatura y asegura una distribuci\u00f3n homog\u00e9nea en todas las paredes del recinto \u00fatil, evitando posibles condensaciones.<\/p>\n<p>Al ser la calefacci\u00f3n por camisa de aire, no hay la necesidad de frecuentes mantenimientos peri\u00f3dicos.<\/p>\n<p>Tiempos de recuperaci\u00f3n muy r\u00e1pidos de nuevo al valor de set point despu\u00e9s de una apertura.<\/p>\n<p>Sensor de IR para el valor de CO<sub>2<\/sub>\u00a0de doble haz, permite una medici\u00f3n muy precisa de este par\u00e1metro y unos tiempos de recuperaci\u00f3n muy r\u00e1pidos independientemente de la Temperatura de la c\u00e1mara o de la humedad.<\/p>\n<p>La tecnolog\u00eda de su\u00a0<strong>sensor dual de infrarrojo (IR)<\/strong>\u00a0proporciona una precisi\u00f3n de CO<sub>2\u00a0<\/sub>inigualable y una recuperaci\u00f3n de los valores de CO<sub>2<\/sub>\u00a0en menos de 5 minutos despu\u00e9s de haber mantenido la puerta del incubador abierta.<\/p>\n<p>Humidificaci\u00f3n natural mediante bandeja de agua, con base calefactada. La circulaci\u00f3n suave interna interior favorece la distribuci\u00f3n de la humedad proveniente de esta bandeja por todo el incubador.<\/p>\n<p>Libre de condensaciones, incluso aunque la temperatura exterior sea baja, gracias al sistema de calentamiento de puerta y marco frontal. El valor de la temperatura de la sala o laboratorio y su fluctuaci\u00f3n puede afectar a la temperatura interna del incubador, se evita gracias a la calibraci\u00f3n y ajuste de la temperatura en la puerta.<\/p>\n<p>Control inteligente por microprocesador PID para la temperatura, CO<sub>2<\/sub><\/p>\n<p>Filtraci\u00f3n HEPA en la entrada de gases.<\/p>\n<p>Estantes o bandejas interiores de acero inoxidable perforadas, favorecen , junto con el ventilador superior, la circulaci\u00f3n del aire y la homogeneidad de la humedad , la temperatura y el CO<sub>2<\/sub>.<\/p>\n","protected":false},"featured_media":8700,"template":"","meta":{"iawp_total_views":210},"product_brand":[],"product_cat":[29],"product_tag":[],"class_list":{"0":"post-8351","1":"product","2":"type-product","3":"status-publish","4":"has-post-thumbnail","6":"product_cat-incubadores-de-co2-o2","8":"first","9":"instock","10":"shipping-taxable","11":"product-type-simple"},"_links":{"self":[{"href":"https:\/\/www.controltecnica.com\/bio\/wp-json\/wp\/v2\/product\/8351","targetHints":{"allow":["GET"]}}],"collection":[{"href":"https:\/\/www.controltecnica.com\/bio\/wp-json\/wp\/v2\/product"}],"about":[{"href":"https:\/\/www.controltecnica.com\/bio\/wp-json\/wp\/v2\/types\/product"}],"wp:featuredmedia":[{"embeddable":true,"href":"https:\/\/www.controltecnica.com\/bio\/wp-json\/wp\/v2\/media\/8700"}],"wp:attachment":[{"href":"https:\/\/www.controltecnica.com\/bio\/wp-json\/wp\/v2\/media?parent=8351"}],"wp:term":[{"taxonomy":"product_brand","embeddable":true,"href":"https:\/\/www.controltecnica.com\/bio\/wp-json\/wp\/v2\/product_brand?post=8351"},{"taxonomy":"product_cat","embeddable":true,"href":"https:\/\/www.controltecnica.com\/bio\/wp-json\/wp\/v2\/product_cat?post=8351"},{"taxonomy":"product_tag","embeddable":true,"href":"https:\/\/www.controltecnica.com\/bio\/wp-json\/wp\/v2\/product_tag?post=8351"}],"curies":[{"name":"wp","href":"https:\/\/api.w.org\/{rel}","templated":true}]}}