{"id":8219,"date":"2021-12-09T09:49:45","date_gmt":"2021-12-09T09:49:45","guid":{"rendered":"https:\/\/www.controltecnica.com\/bio\/?post_type=product&#038;p=8219"},"modified":"2022-01-13T10:45:10","modified_gmt":"2022-01-13T10:45:10","slug":"scanlaf-jupiter","status":"publish","type":"product","link":"https:\/\/www.controltecnica.com\/bio\/producto\/scanlaf-jupiter\/","title":{"rendered":"Scanlaf Jupiter"},"content":{"rendered":"<p>[vc_row][vc_column width=\u00bb1\/2&#8243;][vc_column_text text_larger=\u00bbno\u00bb]<\/p>\n<table id=\"tablepress-72\" class=\"tablepress tablepress-id-72\">\n<thead>\n<tr class=\"row-1 odd\">\n<th class=\"column-1\">MODELO<\/th>\n<th class=\"column-2\"><center>J900<\/center><\/th>\n<th class=\"column-3\"><center>J1200<\/center><\/th>\n<th class=\"column-4\"><center>J1500<\/center><\/th>\n<th class=\"column-5\"><center>J1800<\/center><\/th>\n<\/tr>\n<\/thead>\n<tbody class=\"row-hover\">\n<tr class=\"row-2 even\">\n<td class=\"column-1\">Dimensiones Ext.<\/td>\n<td class=\"column-2\"><center>798 x 10003 x 1248 mm<\/center><\/td>\n<td class=\"column-3\"><center>798 x 1303 x 1248 mm<\/center><\/td>\n<td class=\"column-4\"><center>798 x 1603 x 1248 mm<\/center><\/td>\n<td class=\"column-5\"><center>798 x 1903 x 1248 mm<\/center><\/td>\n<\/tr>\n<tr class=\"row-3 odd\">\n<td class=\"column-1\">Dimensiones Int.<\/td>\n<td class=\"column-2\"><center>650 x 900 x 720 mm<\/center><\/td>\n<td class=\"column-3\"><center>650 x 1200 x 720 mm<\/center><\/td>\n<td class=\"column-4\"><center>650 x 1500 x 720 mm<\/center><\/td>\n<td class=\"column-5\"><center>650 x 1800 x 720 mm<\/center><\/td>\n<\/tr>\n<tr class=\"row-4 even\">\n<td class=\"column-1\">Flujo de aire a 0,7 m\/s<\/td>\n<td class=\"column-2\"><center>260 m3\/H<\/center><\/td>\n<td class=\"column-3\"><center>350 m3\/H<\/center><\/td>\n<td class=\"column-4\"><center>440 m3\/H<\/center><\/td>\n<td class=\"column-5\"><center>520 m3\/H<\/center><\/td>\n<\/tr>\n<tr class=\"row-5 odd\">\n<td class=\"column-1\">Nivel de ruido, ISO 6081<\/td>\n<td class=\"column-2\"><center>&lt;53 Db<\/center><\/td>\n<td class=\"column-3\"><center>&lt;53 Db<\/center><\/td>\n<td class=\"column-4\"><center>&lt; 54 dB<\/center><\/td>\n<td class=\"column-5\"><center>&lt; 54 dB<\/center><\/td>\n<\/tr>\n<tr class=\"row-6 even\">\n<td class=\"column-1\">Peso neto<\/td>\n<td class=\"column-2\"><center>225 Kg<\/center><\/td>\n<td class=\"column-3\"><center>250 Kg<\/center><\/td>\n<td class=\"column-4\"><center>275 Kg<\/center><\/td>\n<td class=\"column-5\"><center>300 Kg<\/center><\/td>\n<\/tr>\n<tr class=\"row-7 odd\">\n<td class=\"column-1\">Consumo<\/td>\n<td class=\"column-2\"><center>200 W<\/center><\/td>\n<td class=\"column-3\"><center>225 W<\/center><\/td>\n<td class=\"column-4\"><center>250 W<\/center><\/td>\n<td class=\"column-5\"><center>275 W<\/center><\/td>\n<\/tr>\n<tr class=\"row-8 even\">\n<td class=\"column-1\">Apertura frontal<\/td>\n<td class=\"column-2\" colspan=\"4\"><center>20 cm (opcional hasta 40 cm)<\/center><\/td>\n<\/tr>\n<tr class=\"row-9 odd\">\n<td class=\"column-1\">Ventana<\/td>\n<td class=\"column-2\" colspan=\"4\"><center>Laminada, de seguridad<\/center><\/td>\n<\/tr>\n<tr class=\"row-10 even\">\n<td class=\"column-1\">Filtro<\/td>\n<td class=\"column-2\" colspan=\"4\"><center>HEPA H -14, Eficacia 99,99999% contra part\u00edculas 0.3 \u00b5m<\/center><\/td>\n<\/tr>\n<tr class=\"row-11 odd\">\n<td class=\"column-1\">Voltaje<\/td>\n<td class=\"column-2\" colspan=\"4\"><center>220 &#8211; 240 \/ 50-60 V Hz<\/center><\/td>\n<\/tr>\n<\/tbody>\n<\/table>\n<p>[\/vc_column_text][\/vc_column][vc_column width=\u00bb1\/2&#8243;]\n<div class=\"wpcf7 no-js\" id=\"wpcf7-f7-o1\" lang=\"es-ES\" dir=\"ltr\" data-wpcf7-id=\"7\">\n<div class=\"screen-reader-response\"><p role=\"status\" aria-live=\"polite\" aria-atomic=\"true\"><\/p> <ul><\/ul><\/div>\n<form action=\"\/bio\/wp-json\/wp\/v2\/product\/8219#wpcf7-f7-o1\" method=\"post\" class=\"wpcf7-form init\" aria-label=\"Formulario de contacto\" novalidate=\"novalidate\" data-status=\"init\">\n<fieldset class=\"hidden-fields-container\"><input type=\"hidden\" name=\"_wpcf7\" value=\"7\" \/><input type=\"hidden\" name=\"_wpcf7_version\" value=\"6.1.5\" \/><input type=\"hidden\" name=\"_wpcf7_locale\" value=\"es_ES\" \/><input type=\"hidden\" name=\"_wpcf7_unit_tag\" value=\"wpcf7-f7-o1\" \/><input type=\"hidden\" name=\"_wpcf7_container_post\" value=\"0\" \/><input type=\"hidden\" name=\"_wpcf7_posted_data_hash\" value=\"\" \/><input type=\"hidden\" name=\"_wpcf7_recaptcha_response\" value=\"\" \/>\n<\/fieldset>\n<div style=\"color:#e30614;font-weight:600;font-size:30px;margin-bottom:10px;\">\n\t<p>\u00bfPodemos ayudarte?\n\t<\/p>\n<\/div>\n<div class=\"row\">\n\t<div class=\"col-md-6\" style='margin-bottom:20px;'>\n\t\t<p><label>Nombre y Apellidos*<\/label><span class=\"wpcf7-form-control-wrap\" data-name=\"your-name\"><input size=\"40\" maxlength=\"400\" class=\"wpcf7-form-control wpcf7-text wpcf7-validates-as-required\" aria-required=\"true\" aria-invalid=\"false\" value=\"\" type=\"text\" name=\"your-name\" \/><\/span>\n\t\t<\/p>\n\t<\/div>\n\t<div class=\"col-md-6\" style='margin-bottom:20px;'>\n\t\t<p><label>Empresa\/Univ\/Hosp*<\/label><span class=\"wpcf7-form-control-wrap\" data-name=\"your-job\"><input size=\"40\" maxlength=\"400\" class=\"wpcf7-form-control wpcf7-text wpcf7-validates-as-required\" aria-required=\"true\" aria-invalid=\"false\" value=\"\" type=\"text\" name=\"your-job\" \/><\/span>\n\t\t<\/p>\n\t<\/div>\n<\/div>\n<div class=\"row\">\n\t<div class=\"col-md-6\" style='margin-bottom:20px;'>\n\t\t<p><label>Email*<\/label><span class=\"wpcf7-form-control-wrap\" data-name=\"your-email\"><input size=\"40\" maxlength=\"400\" class=\"wpcf7-form-control wpcf7-email wpcf7-validates-as-required wpcf7-text wpcf7-validates-as-email\" aria-required=\"true\" aria-invalid=\"false\" value=\"\" type=\"email\" name=\"your-email\" \/><\/span>\n\t\t<\/p>\n\t<\/div>\n\t<div class=\"col-md-6\" style='margin-bottom:20px;'>\n\t\t<p><label>Tel\u00e9fono*<\/label><span class=\"wpcf7-form-control-wrap\" data-name=\"your-number\"><input size=\"40\" maxlength=\"400\" class=\"wpcf7-form-control wpcf7-text wpcf7-validates-as-required\" aria-required=\"true\" aria-invalid=\"false\" value=\"\" type=\"text\" name=\"your-number\" \/><\/span>\n\t\t<\/p>\n\t<\/div>\n<\/div>\n<p><label>\u00bfEn qu\u00e9 est\u00e1s interesado?<\/label><span class=\"wpcf7-form-control-wrap\" data-name=\"your-message\"><textarea cols=\"40\" rows=\"10\" maxlength=\"2000\" class=\"wpcf7-form-control wpcf7-textarea\" aria-invalid=\"false\" name=\"your-message\"><\/textarea><\/span>\n<\/p>\n<p><span class=\"wpcf7-form-control-wrap\" data-name=\"acceptance-412\"><span class=\"wpcf7-form-control wpcf7-acceptance\"><span class=\"wpcf7-list-item\"><label><input type=\"checkbox\" name=\"acceptance-412\" value=\"1\" aria-invalid=\"false\" \/><span class=\"wpcf7-list-item-label\">He le\u00eddo y acepto la <a href=\"https:\/\/www.controltecnica.com\/bio\/privacidad\" target=\"_blank\">pol\u00edtica de privacidad<\/a><\/span><\/label><\/span><\/span><\/span><br \/>\n<span class=\"wpcf7-form-control-wrap\" data-name=\"acceptance-581\"><span class=\"wpcf7-form-control wpcf7-acceptance optional\"><span class=\"wpcf7-list-item\"><label><input type=\"checkbox\" name=\"acceptance-581\" value=\"1\" aria-invalid=\"false\" \/><span class=\"wpcf7-list-item-label\">Acepto recibir informaci\u00f3n comercial de CONTROLTECNICA<\/span><\/label><\/span><\/span><\/span>\n<\/p>\n<p><input class=\"wpcf7-form-control wpcf7-submit has-spinner btn-size-large btn btn-color-primary\" type=\"submit\" value=\"ENVIAR MENSAJE\" \/>\n<\/p><div class=\"wpcf7-response-output\" aria-hidden=\"true\"><\/div>\n<\/form>\n<\/div>\n[\/vc_column][\/vc_row]<\/p>\n","protected":false},"excerpt":{"rendered":"<p><strong>SCANLAF JUPITER \u00a0\u2013 CABINA DE BIOSEGURIDAD CLASE 1\u00a0<\/strong><\/p>\n<p>La cabina Jupiter de seguridad microbiol\u00f3gica de clase 1 garantiza la protecci\u00f3n completa del usuario, a trav\u00e9s de su filtro HEPA u opcionalmente, de la colocaci\u00f3n de un filtro de carb\u00f3n activado. Ofrece, a su vez, un dise\u00f1o compacto y delgado y tecnolog\u00eda de sensor PIR para la automatizaci\u00f3n completa de la misma.<\/p>\n<ul>\n<li>Control mediante microprocesador con medici\u00f3n del flujo de aire.<\/li>\n<li>Alarmas ac\u00fasticas y visuales ante niveles inseguros.<\/li>\n<li>Auto-start \/ auto-stop programables.<\/li>\n<li>La cabina\u00a0Jupiter ofrece lo \u00faltimo en tecnolog\u00eda de baja energ\u00eda con ventiladores EC.<\/li>\n<\/ul>\n","protected":false},"featured_media":8221,"template":"","meta":{"iawp_total_views":7},"product_brand":[],"product_cat":[31],"product_tag":[],"class_list":{"0":"post-8219","1":"product","2":"type-product","3":"status-publish","4":"has-post-thumbnail","6":"product_cat-cabinas-bioseguridad-y-flujo-laminar","8":"first","9":"instock","10":"shipping-taxable","11":"product-type-simple"},"_links":{"self":[{"href":"https:\/\/www.controltecnica.com\/bio\/wp-json\/wp\/v2\/product\/8219","targetHints":{"allow":["GET"]}}],"collection":[{"href":"https:\/\/www.controltecnica.com\/bio\/wp-json\/wp\/v2\/product"}],"about":[{"href":"https:\/\/www.controltecnica.com\/bio\/wp-json\/wp\/v2\/types\/product"}],"wp:featuredmedia":[{"embeddable":true,"href":"https:\/\/www.controltecnica.com\/bio\/wp-json\/wp\/v2\/media\/8221"}],"wp:attachment":[{"href":"https:\/\/www.controltecnica.com\/bio\/wp-json\/wp\/v2\/media?parent=8219"}],"wp:term":[{"taxonomy":"product_brand","embeddable":true,"href":"https:\/\/www.controltecnica.com\/bio\/wp-json\/wp\/v2\/product_brand?post=8219"},{"taxonomy":"product_cat","embeddable":true,"href":"https:\/\/www.controltecnica.com\/bio\/wp-json\/wp\/v2\/product_cat?post=8219"},{"taxonomy":"product_tag","embeddable":true,"href":"https:\/\/www.controltecnica.com\/bio\/wp-json\/wp\/v2\/product_tag?post=8219"}],"curies":[{"name":"wp","href":"https:\/\/api.w.org\/{rel}","templated":true}]}}