{"id":8213,"date":"2021-12-09T09:45:44","date_gmt":"2021-12-09T09:45:44","guid":{"rendered":"https:\/\/www.controltecnica.com\/bio\/?post_type=product&#038;p=8213"},"modified":"2022-01-13T10:39:26","modified_gmt":"2022-01-13T10:39:26","slug":"scanlaf-mars-pro","status":"publish","type":"product","link":"https:\/\/www.controltecnica.com\/bio\/producto\/scanlaf-mars-pro\/","title":{"rendered":"Scanlaf Mars Pro"},"content":{"rendered":"<p>[vc_row][vc_column width=\u00bb1\/2&#8243;][vc_column_text text_larger=\u00bbno\u00bb]<\/p>\n<table id=\"tablepress-70\" class=\"tablepress tablepress-id-70\">\n<thead>\n<tr class=\"row-1 odd\">\n<th class=\"column-1\">MODELO<\/th>\n<th class=\"column-2\"><center>MARS 900 PRO<\/center><\/th>\n<th class=\"column-3\"><center>MARS 1200 PRO<\/center><\/th>\n<th class=\"column-4\"><center>MARS 1500 PRO<\/center><\/th>\n<th class=\"column-5\"><center>MARS 1800 PRO<\/center><\/th>\n<\/tr>\n<\/thead>\n<tbody class=\"row-hover\">\n<tr class=\"row-2 even\">\n<td class=\"column-1\">Dimensiones Ext.<\/td>\n<td class=\"column-2\"><center>798 x 1003 x 1998 mm<\/center><\/td>\n<td class=\"column-3\"><center>798 x 1303 x 1998 mm<\/center><\/td>\n<td class=\"column-4\"><center>798 x 1603 x 1998 mm<\/center><\/td>\n<td class=\"column-5\"><center>798 x 1903 x 1998 mm<\/center><\/td>\n<\/tr>\n<tr class=\"row-3 odd\">\n<td class=\"column-1\">Dimensiones Int.<\/td>\n<td class=\"column-2\"><center>650 x 900 x 7520 mm<\/center><\/td>\n<td class=\"column-3\"><center>650 x 1200 x 720 mm<\/center><\/td>\n<td class=\"column-4\"><center>650 x 1500 x 720 mm<\/center><\/td>\n<td class=\"column-5\"><center>650 x 1800 x 720 mm<\/center><\/td>\n<\/tr>\n<tr class=\"row-4 even\">\n<td class=\"column-1\">Apertura frontal<\/td>\n<td class=\"column-2\" colspan=\"4\"><center>20 cm (opcional 30 cm)<\/center><\/td>\n<\/tr>\n<tr class=\"row-5 odd\">\n<td class=\"column-1\">Velocidad del flujo vertical<\/td>\n<td class=\"column-2\" colspan=\"4\"><center>0,28 (ajustable 0,25 &#8211; 0,55) m\/s<\/center><\/td>\n<\/tr>\n<tr class=\"row-6 even\">\n<td class=\"column-1\">Nivel de ruido, ISO 6081<\/td>\n<td class=\"column-2\" colspan=\"2\"><center>&lt; 56 dB<\/center><\/td>\n<td class=\"column-4\" colspan=\"2\"><center>&lt; 57 dB<\/center><\/td>\n<\/tr>\n<tr class=\"row-7 odd\">\n<td class=\"column-1\">Voltaje<\/td>\n<td class=\"column-2\" colspan=\"4\"><center>220 &#8211; 240 \/ 50-60 V Hz<\/center><\/td>\n<\/tr>\n<tr class=\"row-8 even\">\n<td class=\"column-1\">Consumo<\/td>\n<td class=\"column-2\"><center>200 W<\/center><\/td>\n<td class=\"column-3\"><center>225 W<\/center><\/td>\n<td class=\"column-4\"><center>250 W<\/center><\/td>\n<td class=\"column-5\"><center>275 W<\/center><\/td>\n<\/tr>\n<tr class=\"row-9 odd\">\n<td class=\"column-1\">Peso neto<\/td>\n<td class=\"column-2\"><center>225 Kg<\/center><\/td>\n<td class=\"column-3\"><center>250 Kg<\/center><\/td>\n<td class=\"column-4\"><center>275 Kg<\/center><\/td>\n<td class=\"column-5\"><center>300 Kg<\/center><\/td>\n<\/tr>\n<tr class=\"row-10 even\">\n<td class=\"column-1\">Filtro<\/td>\n<td class=\"column-2\" colspan=\"4\"><center>HEPA H -14, Eficacia 99,999% contra part\u00edculas 0.3 \u00b5m<\/center><\/td>\n<\/tr>\n<tr class=\"row-11 odd\">\n<td class=\"column-1\">Ventana<\/td>\n<td class=\"column-2\" colspan=\"4\"><center>Ventana de seguridad de elevaci\u00f3n el\u00e9ctrica<\/center><\/td>\n<\/tr>\n<\/tbody>\n<\/table>\n<p>[\/vc_column_text][\/vc_column][vc_column width=\u00bb1\/2&#8243;]\n<div class=\"wpcf7 no-js\" id=\"wpcf7-f7-o1\" lang=\"es-ES\" dir=\"ltr\" data-wpcf7-id=\"7\">\n<div class=\"screen-reader-response\"><p role=\"status\" aria-live=\"polite\" aria-atomic=\"true\"><\/p> <ul><\/ul><\/div>\n<form action=\"\/bio\/wp-json\/wp\/v2\/product\/8213#wpcf7-f7-o1\" method=\"post\" class=\"wpcf7-form init\" aria-label=\"Formulario de contacto\" novalidate=\"novalidate\" data-status=\"init\">\n<fieldset class=\"hidden-fields-container\"><input type=\"hidden\" name=\"_wpcf7\" value=\"7\" \/><input type=\"hidden\" name=\"_wpcf7_version\" value=\"6.1.5\" \/><input type=\"hidden\" name=\"_wpcf7_locale\" value=\"es_ES\" \/><input type=\"hidden\" name=\"_wpcf7_unit_tag\" value=\"wpcf7-f7-o1\" \/><input type=\"hidden\" name=\"_wpcf7_container_post\" value=\"0\" \/><input type=\"hidden\" name=\"_wpcf7_posted_data_hash\" value=\"\" \/><input type=\"hidden\" name=\"_wpcf7_recaptcha_response\" value=\"\" \/>\n<\/fieldset>\n<div style=\"color:#e30614;font-weight:600;font-size:30px;margin-bottom:10px;\">\n\t<p>\u00bfPodemos ayudarte?\n\t<\/p>\n<\/div>\n<div class=\"row\">\n\t<div class=\"col-md-6\" style='margin-bottom:20px;'>\n\t\t<p><label>Nombre y Apellidos*<\/label><span class=\"wpcf7-form-control-wrap\" data-name=\"your-name\"><input size=\"40\" maxlength=\"400\" class=\"wpcf7-form-control wpcf7-text wpcf7-validates-as-required\" aria-required=\"true\" aria-invalid=\"false\" value=\"\" type=\"text\" name=\"your-name\" \/><\/span>\n\t\t<\/p>\n\t<\/div>\n\t<div class=\"col-md-6\" style='margin-bottom:20px;'>\n\t\t<p><label>Empresa\/Univ\/Hosp*<\/label><span class=\"wpcf7-form-control-wrap\" data-name=\"your-job\"><input size=\"40\" maxlength=\"400\" class=\"wpcf7-form-control wpcf7-text wpcf7-validates-as-required\" aria-required=\"true\" aria-invalid=\"false\" value=\"\" type=\"text\" name=\"your-job\" \/><\/span>\n\t\t<\/p>\n\t<\/div>\n<\/div>\n<div class=\"row\">\n\t<div class=\"col-md-6\" style='margin-bottom:20px;'>\n\t\t<p><label>Email*<\/label><span class=\"wpcf7-form-control-wrap\" data-name=\"your-email\"><input size=\"40\" maxlength=\"400\" class=\"wpcf7-form-control wpcf7-email wpcf7-validates-as-required wpcf7-text wpcf7-validates-as-email\" aria-required=\"true\" aria-invalid=\"false\" value=\"\" type=\"email\" name=\"your-email\" \/><\/span>\n\t\t<\/p>\n\t<\/div>\n\t<div class=\"col-md-6\" style='margin-bottom:20px;'>\n\t\t<p><label>Tel\u00e9fono*<\/label><span class=\"wpcf7-form-control-wrap\" data-name=\"your-number\"><input size=\"40\" maxlength=\"400\" class=\"wpcf7-form-control wpcf7-text wpcf7-validates-as-required\" aria-required=\"true\" aria-invalid=\"false\" value=\"\" type=\"text\" name=\"your-number\" \/><\/span>\n\t\t<\/p>\n\t<\/div>\n<\/div>\n<p><label>\u00bfEn qu\u00e9 est\u00e1s interesado?<\/label><span class=\"wpcf7-form-control-wrap\" data-name=\"your-message\"><textarea cols=\"40\" rows=\"10\" maxlength=\"2000\" class=\"wpcf7-form-control wpcf7-textarea\" aria-invalid=\"false\" name=\"your-message\"><\/textarea><\/span>\n<\/p>\n<p><span class=\"wpcf7-form-control-wrap\" data-name=\"acceptance-412\"><span class=\"wpcf7-form-control wpcf7-acceptance\"><span class=\"wpcf7-list-item\"><label><input type=\"checkbox\" name=\"acceptance-412\" value=\"1\" aria-invalid=\"false\" \/><span class=\"wpcf7-list-item-label\">He le\u00eddo y acepto la <a href=\"https:\/\/www.controltecnica.com\/bio\/privacidad\" target=\"_blank\">pol\u00edtica de privacidad<\/a><\/span><\/label><\/span><\/span><\/span><br \/>\n<span class=\"wpcf7-form-control-wrap\" data-name=\"acceptance-581\"><span class=\"wpcf7-form-control wpcf7-acceptance optional\"><span class=\"wpcf7-list-item\"><label><input type=\"checkbox\" name=\"acceptance-581\" value=\"1\" aria-invalid=\"false\" \/><span class=\"wpcf7-list-item-label\">Acepto recibir informaci\u00f3n comercial de CONTROLTECNICA<\/span><\/label><\/span><\/span><\/span>\n<\/p>\n<p><input class=\"wpcf7-form-control wpcf7-submit has-spinner btn-size-large btn btn-color-primary\" type=\"submit\" value=\"ENVIAR MENSAJE\" \/>\n<\/p><div class=\"wpcf7-response-output\" aria-hidden=\"true\"><\/div>\n<\/form>\n<\/div>\n[\/vc_column][\/vc_row]<\/p>\n","protected":false},"excerpt":{"rendered":"<p><strong>CABINAS DE BIOSEGURIDAD CLASE 2 MARS PRO<\/strong><\/p>\n<p>La serie Mars Pro de cabinas de flujo vertical de seguridad biol\u00f3gica con triple filtro, est\u00e1 dise\u00f1ada para trabajar en condiciones de m\u00e1xima seguridad con citost\u00e1ticos, priones o materiales altamente peligrosos, ya que ofrece protecci\u00f3n en todo momento. Su dise\u00f1o permite el cambio de filtros dentro de la propia c\u00e1mara, con toda seguridad para el laboratorio y protegiendo al operario que realiza el cambio.<\/p>\n<p><strong>CARACTER\u00cdSTICAS:<\/strong><\/p>\n<ul>\n<li>Cabina de flujo laminar vertical clase II tipo B, fabricada seg\u00fan la normativa EN 12469 y DIN EN 12980 para seguridad biol\u00f3gica y manejo\u00a0de citost\u00e1ticos.<\/li>\n<li>Seguridad clase 100, con recirculaci\u00f3n del 70% del aire<\/li>\n<li>Sistema de triple filtro HEPA H14 con capacidad de retener 99,999% de part\u00edculas &gt;0,3 micras: 1 filtro HEPA inferior y 2 filtros HEPA superiores, uno por d\u00f3nde pasa el 70% aire recircularizado y otro por d\u00f3nde pasa el 30% del aire expulsado al exterior<\/li>\n<li>Frontal de cristal de seguridad antideslumbrante y deslizante el\u00e9ctricamente<\/li>\n<li>Microprocesador para el control de la cabina y colmataci\u00f3n de filtros<\/li>\n<li>Sondas termoanemom\u00e9tricas para controlar velocidad del aire<\/li>\n<li>Display DIGITAL que indica las siguientes funciones:<br \/>\n* Velocidad de flujo<br \/>\n* Horas de trabajo de la cabina<br \/>\n* Horas de trabajo de la luz UV<br \/>\n* Fecha del \u00faltimo cambio de filtros<br \/>\n* Intensidad de luz de trabajo<br \/>\n* Programaci\u00f3n de funcionamiento<br \/>\n* Contrase\u00f1a de usuario<\/li>\n<li>Luz UV germicida con temporizador programable<\/li>\n<li>Equipada con soporte inferior ergon\u00f3mico y un enchufe<\/li>\n<li>Iluminaci\u00f3n interior programable en intensidad de 0 a 2000 lux<\/li>\n<li>Nivel de ruido &lt; 56 dB<\/li>\n<li>Certificado CE<\/li>\n<\/ul>\n<p>OTRAS MEJORAS:<\/p>\n<ul>\n<li>Frontal inclinado y laterales en cristal de seguridad antideslumbrante<\/li>\n<li>Superficie de trabajo en acero inoxidable, fragmentada y autoclavable, con zona delantera en V.<\/li>\n<\/ul>\n<p><strong>DISE\u00d1O ERGON\u00d3MICO<\/strong><\/p>\n<p>El dise\u00f1o de la cabina Mars permite una\u00a0<strong>gran visibilidad del interior<\/strong>\u00a0de la amplia zona de trabajo.<\/p>\n<p>La<strong>\u00a0amplia apertura de trabajo de 200 mm<\/strong>, facilita la c\u00f3moda manipulaci\u00f3n de los productos y gracias a la inclinaci\u00f3n de la ventana frontal es posible mantener una posici\u00f3n de trabajo relajada y ergon\u00f3mica. Un frontal ergon\u00f3micamente inclinado elimina reflejos y permite trabajar al usuario c\u00f3modamente durante un largo periodo de tiempo.<\/p>\n<p><strong>Frontal deslizante el\u00e9ctricamente<\/strong>, fabricado en cristal laminado de seguridad que evita la entrada y salida de sustancias contaminantes en el \u00e1rea de trabajo, incluso en estado de reposo, asegurando que sus muestras queden libres de contaminaci\u00f3n.<br \/>\n<strong>PROTECCI\u00d3N BIOL\u00d3GICA<\/strong><\/p>\n<p>La cabina asegura una\u00a0<strong>alto nivel de protecci\u00f3n microbiol\u00f3gica:<\/strong><\/p>\n<ul>\n<li>del operador de la exposici\u00f3n a part\u00edculas\/aerosoles biol\u00f3gicamente peligrosos que sean generados en la zona de trabajo (zona de trabajo en depresi\u00f3n),<\/li>\n<li>del ambiente del Laboratorio (filtro HEPA en la expulsi\u00f3n del aire)<\/li>\n<li>del producto (flujo laminar vertical filtrado HEPA en la zona de trabajo).<\/li>\n<\/ul>\n<p><strong>Sistema de filtros HEPA H-14<\/strong>. Garantizan la absorci\u00f3n m\u00e1xima del 99,999% de las part\u00edculas de 0,3 \u03bcm. El filtro de suministro cubre toda el \u00e1rea de trabajo, garantizando la pureza del aire y la esterilidad.<\/p>\n<p><strong>Sistema de seguridad de presi\u00f3n negativa<\/strong>. En caso de aver\u00edas este sistema de seguridad garantiza que las part\u00edculas contaminantes queden atrapadas en los filtros.<\/p>\n<p><strong>Cortina y barrera de aire<\/strong>. Los flujos de circulaci\u00f3n de entrada y salida laminar proporcionan protecci\u00f3n a los usuarios y a los productos. Factor de protecci\u00f3n Apf seg\u00fan lo lo establecido en la norma EN 12469.<\/p>\n","protected":false},"featured_media":8217,"template":"","meta":{"iawp_total_views":44},"product_brand":[],"product_cat":[31],"product_tag":[],"class_list":{"0":"post-8213","1":"product","2":"type-product","3":"status-publish","4":"has-post-thumbnail","6":"product_cat-cabinas-bioseguridad-y-flujo-laminar","8":"first","9":"instock","10":"shipping-taxable","11":"product-type-simple"},"_links":{"self":[{"href":"https:\/\/www.controltecnica.com\/bio\/wp-json\/wp\/v2\/product\/8213","targetHints":{"allow":["GET"]}}],"collection":[{"href":"https:\/\/www.controltecnica.com\/bio\/wp-json\/wp\/v2\/product"}],"about":[{"href":"https:\/\/www.controltecnica.com\/bio\/wp-json\/wp\/v2\/types\/product"}],"wp:featuredmedia":[{"embeddable":true,"href":"https:\/\/www.controltecnica.com\/bio\/wp-json\/wp\/v2\/media\/8217"}],"wp:attachment":[{"href":"https:\/\/www.controltecnica.com\/bio\/wp-json\/wp\/v2\/media?parent=8213"}],"wp:term":[{"taxonomy":"product_brand","embeddable":true,"href":"https:\/\/www.controltecnica.com\/bio\/wp-json\/wp\/v2\/product_brand?post=8213"},{"taxonomy":"product_cat","embeddable":true,"href":"https:\/\/www.controltecnica.com\/bio\/wp-json\/wp\/v2\/product_cat?post=8213"},{"taxonomy":"product_tag","embeddable":true,"href":"https:\/\/www.controltecnica.com\/bio\/wp-json\/wp\/v2\/product_tag?post=8213"}],"curies":[{"name":"wp","href":"https:\/\/api.w.org\/{rel}","templated":true}]}}