{"id":8201,"date":"2021-12-09T09:32:55","date_gmt":"2021-12-09T09:32:55","guid":{"rendered":"https:\/\/www.controltecnica.com\/bio\/?post_type=product&#038;p=8201"},"modified":"2025-05-14T11:51:33","modified_gmt":"2025-05-14T11:51:33","slug":"nanodrop-2000-nanodrop-2000c","status":"publish","type":"product","link":"https:\/\/www.controltecnica.com\/bio\/producto\/nanodrop-2000-nanodrop-2000c\/","title":{"rendered":"NanoDrop 2000 \/ NanoDrop 2000C"},"content":{"rendered":"<p>[vc_row][vc_column][vc_column_text text_larger=\u00bbno\u00bb]<\/p>\n<table class=\"table-condensed table-striped\">\n<tbody class=\"row-hover\">\n<tr class=\"row-1 odd\">\n<td class=\"column-1\"><\/td>\n<td class=\"column-2\"><center>NanoDrop 2000<\/center><\/td>\n<td class=\"column-3\"><center>NanoDrop 2000C<\/center><\/td>\n<\/tr>\n<tr class=\"row-2 even\">\n<td class=\"column-1\">Rango fotom\u00e9trico<\/td>\n<td class=\"column-2\"><center>0.3000 ABS<\/center><\/td>\n<td class=\"column-3\"><center>Pedestal 03000 ABS<br \/>\nCubeta: 0.15 ABS<\/center><\/td>\n<\/tr>\n<tr class=\"row-3 odd\">\n<td class=\"column-1\">Exactitud<\/td>\n<td class=\"column-2\" colspan=\"2\"><center>0.002<\/center><\/td>\n<\/tr>\n<tr class=\"row-4 even\">\n<td class=\"column-1\">Exactitud en Absorbancia<\/td>\n<td class=\"column-2\" colspan=\"2\"><center>3% (a 0.74 Abs a 350nm)<\/center><\/td>\n<\/tr>\n<tr class=\"row-5 odd\">\n<td class=\"column-1\">Concentraci\u00f3n<\/td>\n<td class=\"column-2\" colspan=\"2\"><center>2ng\/\u00b5L 15.000ng\/\u00b5L (dsDNA)<\/center><\/td>\n<\/tr>\n<tr class=\"row-6 even\">\n<td class=\"column-1\">L\u00edmites de detecci\u00f3n<\/td>\n<td class=\"column-2\"><center>2ng\/\u00b5L (dsDNA), 0.10mg\/ml (BSA)<\/center><\/td>\n<td class=\"column-3\"><center>Pedestal: 2ng\/\u00b5L (dsDNA), 0.10mg\/ml (BSA)<br \/>\n<center>Cubeta: 0.4 ng\/\u00b5L (dsDNA), 0.01 mg\/mL (BSA)<\/center><\/center><\/td>\n<\/tr>\n<tr class=\"row-7 odd\">\n<td class=\"column-1\">Fuente de iluminaci\u00f3n<\/td>\n<td class=\"column-2\" colspan=\"2\"><center>Xenon Flash<\/center><\/td>\n<\/tr>\n<tr class=\"row-8 even\">\n<td class=\"column-1\">Rango de temperatura<\/td>\n<td class=\"column-2\" colspan=\"2\"><center>37\u00baC; \u00b10.5\u00baC<\/center><\/td>\n<\/tr>\n<tr class=\"row-9 odd\">\n<td class=\"column-1\">Volumen de muestra<\/td>\n<td class=\"column-2\" colspan=\"2\"><center>0.5 a 2\u00b5L<\/center><\/td>\n<\/tr>\n<tr class=\"row-10 even\">\n<td class=\"column-1\">Paso \u00f3ptico<\/td>\n<td class=\"column-2\" colspan=\"2\"><center>10; 5; 2; 1mm<\/center><\/td>\n<\/tr>\n<tr class=\"row-11 odd\">\n<td class=\"column-1\">Rango Longitud de onda<\/td>\n<td class=\"column-2\" colspan=\"2\"><center>190 &#8211; 840nm<\/center><\/td>\n<\/tr>\n<tr class=\"row-12 even\">\n<td class=\"column-1\">Tiempo de medida<\/td>\n<td class=\"column-2\" colspan=\"2\"><center>&lt;3 segundos<\/center><\/td>\n<\/tr>\n<tr class=\"row-13 odd\">\n<td class=\"column-1\">Dimensiones (ancho x prof. x alto)<\/td>\n<td class=\"column-2\" colspan=\"2\"><center>20 cm x 14cm x 20 cm<\/center><\/td>\n<\/tr>\n<tr class=\"row-14 even\">\n<td class=\"column-1\">Peso<\/td>\n<td class=\"column-2\" colspan=\"2\"><center>2.1kg<\/center><\/td>\n<\/tr>\n<\/tbody>\n<\/table>\n<p>[\/vc_column_text][vc_empty_space]\n<div class=\"wpcf7 no-js\" id=\"wpcf7-f7-o1\" lang=\"es-ES\" dir=\"ltr\" data-wpcf7-id=\"7\">\n<div class=\"screen-reader-response\"><p role=\"status\" aria-live=\"polite\" aria-atomic=\"true\"><\/p> <ul><\/ul><\/div>\n<form action=\"\/bio\/wp-json\/wp\/v2\/product\/8201#wpcf7-f7-o1\" method=\"post\" class=\"wpcf7-form init\" aria-label=\"Formulario de contacto\" novalidate=\"novalidate\" data-status=\"init\">\n<fieldset class=\"hidden-fields-container\"><input type=\"hidden\" name=\"_wpcf7\" value=\"7\" \/><input type=\"hidden\" name=\"_wpcf7_version\" value=\"6.1.5\" \/><input type=\"hidden\" name=\"_wpcf7_locale\" value=\"es_ES\" \/><input type=\"hidden\" name=\"_wpcf7_unit_tag\" value=\"wpcf7-f7-o1\" \/><input type=\"hidden\" name=\"_wpcf7_container_post\" value=\"0\" \/><input type=\"hidden\" name=\"_wpcf7_posted_data_hash\" value=\"\" \/><input type=\"hidden\" name=\"_wpcf7_recaptcha_response\" value=\"\" \/>\n<\/fieldset>\n<div style=\"color:#e30614;font-weight:600;font-size:30px;margin-bottom:10px;\">\n\t<p>\u00bfPodemos ayudarte?\n\t<\/p>\n<\/div>\n<div class=\"row\">\n\t<div class=\"col-md-6\" style='margin-bottom:20px;'>\n\t\t<p><label>Nombre y Apellidos*<\/label><span class=\"wpcf7-form-control-wrap\" data-name=\"your-name\"><input size=\"40\" maxlength=\"400\" class=\"wpcf7-form-control wpcf7-text wpcf7-validates-as-required\" aria-required=\"true\" aria-invalid=\"false\" value=\"\" type=\"text\" name=\"your-name\" \/><\/span>\n\t\t<\/p>\n\t<\/div>\n\t<div class=\"col-md-6\" style='margin-bottom:20px;'>\n\t\t<p><label>Empresa\/Univ\/Hosp*<\/label><span class=\"wpcf7-form-control-wrap\" data-name=\"your-job\"><input size=\"40\" maxlength=\"400\" class=\"wpcf7-form-control wpcf7-text wpcf7-validates-as-required\" aria-required=\"true\" aria-invalid=\"false\" value=\"\" type=\"text\" name=\"your-job\" \/><\/span>\n\t\t<\/p>\n\t<\/div>\n<\/div>\n<div class=\"row\">\n\t<div class=\"col-md-6\" style='margin-bottom:20px;'>\n\t\t<p><label>Email*<\/label><span class=\"wpcf7-form-control-wrap\" data-name=\"your-email\"><input size=\"40\" maxlength=\"400\" class=\"wpcf7-form-control wpcf7-email wpcf7-validates-as-required wpcf7-text wpcf7-validates-as-email\" aria-required=\"true\" aria-invalid=\"false\" value=\"\" type=\"email\" name=\"your-email\" \/><\/span>\n\t\t<\/p>\n\t<\/div>\n\t<div class=\"col-md-6\" style='margin-bottom:20px;'>\n\t\t<p><label>Tel\u00e9fono*<\/label><span class=\"wpcf7-form-control-wrap\" data-name=\"your-number\"><input size=\"40\" maxlength=\"400\" class=\"wpcf7-form-control wpcf7-text wpcf7-validates-as-required\" aria-required=\"true\" aria-invalid=\"false\" value=\"\" type=\"text\" name=\"your-number\" \/><\/span>\n\t\t<\/p>\n\t<\/div>\n<\/div>\n<p><label>\u00bfEn qu\u00e9 est\u00e1s interesado?<\/label><span class=\"wpcf7-form-control-wrap\" data-name=\"your-message\"><textarea cols=\"40\" rows=\"10\" maxlength=\"2000\" class=\"wpcf7-form-control wpcf7-textarea\" aria-invalid=\"false\" name=\"your-message\"><\/textarea><\/span>\n<\/p>\n<p><span class=\"wpcf7-form-control-wrap\" data-name=\"acceptance-412\"><span class=\"wpcf7-form-control wpcf7-acceptance\"><span class=\"wpcf7-list-item\"><label><input type=\"checkbox\" name=\"acceptance-412\" value=\"1\" aria-invalid=\"false\" \/><span class=\"wpcf7-list-item-label\">He le\u00eddo y acepto la <a href=\"https:\/\/www.controltecnica.com\/bio\/privacidad\" target=\"_blank\">pol\u00edtica de privacidad<\/a><\/span><\/label><\/span><\/span><\/span><br \/>\n<span class=\"wpcf7-form-control-wrap\" data-name=\"acceptance-581\"><span class=\"wpcf7-form-control wpcf7-acceptance optional\"><span class=\"wpcf7-list-item\"><label><input type=\"checkbox\" name=\"acceptance-581\" value=\"1\" aria-invalid=\"false\" \/><span class=\"wpcf7-list-item-label\">Acepto recibir informaci\u00f3n comercial de CONTROLTECNICA<\/span><\/label><\/span><\/span><\/span>\n<\/p>\n<p><input class=\"wpcf7-form-control wpcf7-submit has-spinner btn-size-large btn btn-color-primary\" type=\"submit\" value=\"ENVIAR MENSAJE\" \/>\n<\/p><div class=\"wpcf7-response-output\" aria-hidden=\"true\"><\/div>\n<\/form>\n<\/div>\n[\/vc_column][\/vc_row]<\/p>\n","protected":false},"excerpt":{"rendered":"<p><strong>ATENCI\u00d3N<\/strong>: ESTE PRODUCTO HA SIDO REEMPLAZADO POR EL NUEVO MODELO NANODROP\u2122 one<\/p>\n<p>Para ver el nuevo producto, haga\u00a0<a href=\"https:\/\/www.controltecnica.com\/bio\/producto\/nanodrop-one\/\" target=\"_blank\" rel=\"noopener\"><u>click aqu\u00ed<\/u><\/a><\/p>\n<p>&nbsp;<\/p>\n<p><strong>Espectrofotometro de micromuestra Nanodrop\u2122 2000<br \/>\n<\/strong>Ref. ND2000 ThermoScientific<\/p>\n<p>Espectrofotometro Ultravioleta Visible compacto, para medida r\u00e1pida de pureza de DNA, RNA y prote\u00ednas con micromuestra. Nanodrop emplea su sistema patentado de retenci\u00f3n de muestra sobre pedestal, para facilitar un pipeteo estable y\u00a0 reproducible de su muestra hasta con s\u00f3lo 0.5ul, con la facilidad de la recuperaci\u00f3n de su muestra, cero contaminaci\u00f3n cruzada y una obtenci\u00f3n\u00a0 ultrar\u00e1pida de sus resultados (15 segundos).<\/p>\n<p>Su muestra siempre queda dentro de rango de concentraci\u00f3n porque Nanodrop mide su muestra siempre a dos pasos \u00f3pticos, y se queda con el resultado de la medida m\u00e1s fiable.<br \/>\n<strong><br \/>\nCaracter\u00edsticas B\u00e1sicas<\/strong><\/p>\n<ul>\n<li>Amplio rango espectral (190-840nm) para medir gran variedad de tipos de muestra:<\/li>\n<li>P\u00e9ptidos (205nm)<\/li>\n<li>DNA y RNA (260nm)<\/li>\n<li>Prote\u00edna (280nm)<\/li>\n<li>Ensayos toxicol\u00f3gicos y colorantes industriales(490nm)<\/li>\n<li>Nanopart\u00edculas de Oro \u00a0(520nm)<\/li>\n<li>Ensayos colorimetricos\u00a0 de proteinas (BCA 562nm, Bradford 595nm, Modified Lowry 650nm, Pierce 660 660nm)<\/li>\n<li>Crecimiento Bacteriano (600 nm)<\/li>\n<li>No require diluciones, incluso para altas concentraciones<\/li>\n<li>Sistema patentado de retenci\u00f3n de muestra, que optimiza el paso \u00f3ptico para acomodarse a altas y bajas concentraciones (2 to 15,000 ng\/\u00b5L dsDNA)<\/li>\n<li>S\u00f3lo requiere\u00a0 0.5 \u2013 2 \u00b5L de su muestra<\/li>\n<li>Calculo de ratios de pureza (260\/280 nm and 260\/230 nm)<\/li>\n<li>M\u00e9todos pre-configurados para DNA, Protein A280, Microarray, Proteinas y marcadores,\u00a0 Pierce 660, Bradford, BCA, y \u00a0Lowry<\/li>\n<li>Tiempo de medida menor a\u00a0 5 segundos, 10 -15 segundos desde el pipeteo hasta la limpieza del pedestal<\/li>\n<li>Software amigable, incluyendo m\u00e9todos pre-programados o configurables, y capacidades para exportaci\u00f3n de datos<\/li>\n<\/ul>\n","protected":false},"featured_media":8202,"template":"","meta":{"iawp_total_views":528},"product_brand":[],"product_cat":[20,32],"product_tag":[],"class_list":{"0":"post-8201","1":"product","2":"type-product","3":"status-publish","4":"has-post-thumbnail","6":"product_cat-biologia-molecular","7":"product_cat-nanodrop","9":"first","10":"instock","11":"shipping-taxable","12":"product-type-simple"},"_links":{"self":[{"href":"https:\/\/www.controltecnica.com\/bio\/wp-json\/wp\/v2\/product\/8201","targetHints":{"allow":["GET"]}}],"collection":[{"href":"https:\/\/www.controltecnica.com\/bio\/wp-json\/wp\/v2\/product"}],"about":[{"href":"https:\/\/www.controltecnica.com\/bio\/wp-json\/wp\/v2\/types\/product"}],"wp:featuredmedia":[{"embeddable":true,"href":"https:\/\/www.controltecnica.com\/bio\/wp-json\/wp\/v2\/media\/8202"}],"wp:attachment":[{"href":"https:\/\/www.controltecnica.com\/bio\/wp-json\/wp\/v2\/media?parent=8201"}],"wp:term":[{"taxonomy":"product_brand","embeddable":true,"href":"https:\/\/www.controltecnica.com\/bio\/wp-json\/wp\/v2\/product_brand?post=8201"},{"taxonomy":"product_cat","embeddable":true,"href":"https:\/\/www.controltecnica.com\/bio\/wp-json\/wp\/v2\/product_cat?post=8201"},{"taxonomy":"product_tag","embeddable":true,"href":"https:\/\/www.controltecnica.com\/bio\/wp-json\/wp\/v2\/product_tag?post=8201"}],"curies":[{"name":"wp","href":"https:\/\/api.w.org\/{rel}","templated":true}]}}