{"id":8179,"date":"2021-12-09T09:08:22","date_gmt":"2021-12-09T09:08:22","guid":{"rendered":"https:\/\/www.controltecnica.com\/bio\/?post_type=product&#038;p=8179"},"modified":"2025-05-12T14:00:17","modified_gmt":"2025-05-12T14:00:17","slug":"nanodrop-one-c","status":"publish","type":"product","link":"https:\/\/www.controltecnica.com\/bio\/producto\/nanodrop-one-c\/","title":{"rendered":"NanoDrop One C"},"content":{"rendered":"<p>[vc_row][vc_column][vc_column_text text_larger=\u00bbno\u00bb]<\/p>\n<table class=\"table-condensed table-striped\">\n<tbody class=\"row-hover\">\n<tr class=\"row-1 odd\">\n<td class=\"column-1\">Control local<\/td>\n<td class=\"column-2\">Sistema operativo Android<br \/>\nQuad Core ARM Cortex -A9 Processor<br \/>\nPantalla de 7&#8243; alta difinici\u00f3n multipunto<br \/>\nCompatible con guantes de laboratorio<br \/>\nMemoria flash 32 GB<br \/>\nAltavoces integrados<br \/>\nIdiomas: Espa\u00f1ol, Ingl\u00e9s, Franc\u00e9s, Alem\u00e1n, Polaco, Chino, Japon\u00e9s, Koreano.<\/td>\n<\/tr>\n<tr class=\"row-2 even\">\n<td class=\"column-1\">Volumen m\u00edn. muestra<\/td>\n<td class=\"column-2\">1 \u00b5L<\/td>\n<\/tr>\n<tr class=\"row-3 odd\">\n<td class=\"column-1\">L\u00edmite de detecci\u00f3n<\/td>\n<td class=\"column-2\">dsDNA<\/p>\n<ul>\n<li>Pedestal: 2.0 ng\/\u00b5L<\/li>\n<li>Cubeta: 0.2ng\/\u00b5L<\/li>\n<\/ul>\n<p>BSA (Ig G)<\/p>\n<ul>\n<li>Pedestal: 0.06 (0.03) mg\/mL<\/li>\n<li>Cubeta: 0.006 (0.003) mg\/mL<\/li>\n<\/ul>\n<\/td>\n<\/tr>\n<tr class=\"row-4 even\">\n<td class=\"column-1\">Concentraci\u00f3n M\u00e1xima<\/td>\n<td class=\"column-2\">dsDNA &#8211; Pedestal: 27.500 ng\/\u00b5L<br \/>\nBSA (Ig G) &#8211; Pedestal: 820 (400) mg\/mL<\/td>\n<\/tr>\n<tr class=\"row-5 odd\">\n<td class=\"column-1\">Tiempo de medici\u00f3n y procesamiento de datos<\/td>\n<td class=\"column-2\">8 segundos (5 de medida + 3 de an\u00e1lisis)<\/td>\n<\/tr>\n<tr class=\"row-6 even\">\n<td class=\"column-1\">Repetibilidad de la medida<\/td>\n<td class=\"column-2\">T\u00edpica: 0.002 A (Paso \u00f3ptico 1.0 nm)<\/td>\n<\/tr>\n<tr class=\"row-7 odd\">\n<td class=\"column-1\">Longitud de onda<\/td>\n<td class=\"column-2\">Rango 190 &#8211; 850 nm<br \/>\nPrecisi\u00f3n \u00b11 nm<\/td>\n<\/tr>\n<tr class=\"row-8 even\">\n<td class=\"column-1\">Fotometr\u00eda<\/td>\n<td class=\"column-2\">Rango (10 mm Equivalente)<\/p>\n<ul>\n<li>Pedestal: 0 &#8211; 550 A<\/li>\n<li>Cubeta: 0 &#8211; 1.5 A<br \/>\nPrecisi\u00f3n: 3% a 0.97 A, 302 nm<\/li>\n<\/ul>\n<\/td>\n<\/tr>\n<tr class=\"row-9 odd\">\n<td class=\"column-1\">Resoluci\u00f3n (Ancho de banda espectral)<\/td>\n<td class=\"column-2\">\u2264 1.8 nm (FWHM a Hg 254 nm)<\/td>\n<\/tr>\n<tr class=\"row-10 even\">\n<td class=\"column-1\">Pasos \u00f3pticos<\/td>\n<td class=\"column-2\">0.030 a 1.0 mm con auto-rango<\/td>\n<\/tr>\n<tr class=\"row-11 odd\">\n<td class=\"column-1\">Fuente de Luz<\/td>\n<td class=\"column-2\">L\u00e1mpara de Xenon Flash<\/td>\n<\/tr>\n<tr class=\"row-12 even\">\n<td class=\"column-1\">Detector<\/td>\n<td class=\"column-2\">2048-element CMOS Sensor de Imagen Lineal<\/td>\n<\/tr>\n<tr class=\"row-13 odd\">\n<td class=\"column-1\">Dimensiones (L c P x A)<\/td>\n<td class=\"column-2\">20 x 25.4 x 32.3 cm<\/td>\n<\/tr>\n<tr class=\"row-14 even\">\n<td class=\"column-1\">Voltaje<\/td>\n<td class=\"column-2\">12 V (DC)<\/td>\n<\/tr>\n<tr class=\"row-15 odd\">\n<td class=\"column-1\">Agitador<\/td>\n<td class=\"column-2\">9 velocidades (solo cubeta)<\/td>\n<\/tr>\n<tr class=\"row-16 even\">\n<td class=\"column-1\">Control de temperatura<\/td>\n<td class=\"column-2\">37\u00baC (solo cubeta)<\/td>\n<\/tr>\n<tr class=\"row-17 odd\">\n<td class=\"column-1\">Conectividad<\/td>\n<td class=\"column-2\">3 puertos USB, Ethernet y Wi-Fi 64 bit<\/td>\n<\/tr>\n<tr class=\"row-18 even\">\n<td class=\"column-1\">Requerimientos PC<\/td>\n<td class=\"column-2\">Windows 7 \u00f3 Windows 10<\/td>\n<\/tr>\n<tr class=\"row-19 odd\">\n<td class=\"column-1\">Accesorios disponibles<\/td>\n<td class=\"column-2\">Impresora DYMO LabelWriter 450<br \/>\nTeclado Bluetooth<br \/>\nRat\u00f3n<br \/>\nLector de c\u00f3digos de barras<\/td>\n<\/tr>\n<tr class=\"row-20 even\">\n<td class=\"column-1\">Aplicaciones<\/td>\n<td class=\"column-2\">\u00c1cidos nucleicos A260, A260\/A280, A260\/A230<br \/>\n\u00c1cidos nucleicos marcados<br \/>\nProte\u00edna A280 y A205<br \/>\nEnsayos Colorim\u00e9tricos de prote\u00ednas: Pierce, 660, BCA, Lowry<br \/>\nProte\u00ednas marcadas<br \/>\nOD600<br \/>\nCin\u00e9ticas<br \/>\nUV-VIS<br \/>\nM\u00e9todos personalizables<\/td>\n<\/tr>\n<\/tbody>\n<\/table>\n<p>[\/vc_column_text][vc_empty_space woodmart_hide_large=\u00bb0&#8243; woodmart_hide_medium=\u00bb0&#8243; woodmart_hide_small=\u00bb0&#8243; woodmart_hide_extra_small=\u00bb0&#8243;][vc_tta_accordion active_section=\u00bb0&#8243; collapsible_all=\u00bbtrue\u00bb][vc_tta_section title=\u00bbActualizaciones de software NanoDrop \u2013 Julio 2021&#8243; tab_id=\u00bbactualizaciones-nanodrop\u00bb][vc_column_text text_larger=\u00bbno\u00bb]IMPORTANTE: Las versiones de software para el instrumento y PC Control deben coincidir para asegurar la transferencia y poder ver los datos. Por ejemplo: Actualice el instrumento con el software NanoDrop One Operating y HELP versi\u00f3n 2.4 y actualice el ordenador con el software PC Control versi\u00f3n 2.4. Ambos deben tener la misma versi\u00f3n.<\/p>\n<p>Instrucciones de descarga:<\/p>\n<p><strong>NanoDrop One\/OneC Local Control Software Download v2.4 \u2013 Julio 2021<\/strong><\/p>\n<p>Descarga el software en el siguiente enlace:<\/p>\n<ul>\n<li>\n<h5><strong><a href=\"https:\/\/213.98.62.94:5001\/d\/f\/634438830428044382\" target=\"_blank\" rel=\"noopener noreferrer\">NanoDrop One Local Control v2.4<\/a><\/strong><\/h5>\n<\/li>\n<\/ul>\n<p>C\u00f3mo actualizar el software de control local del espectrofot\u00f3metro Thermo Scientific NanoDrop One \/ Onec UV-Vis y los archivos del sistema HELP<\/p>\n<p>Descargue el archivo actual del software de control local NanoDrop One \/ Onec a un dispositivo USB y siga las instrucciones a continuaci\u00f3n. No intente descomprimir la carpeta. Est\u00e1 comprimido y protegido con contrase\u00f1a cuando se descarga, porque no est\u00e1 dise\u00f1ado para descomprimirse.<\/p>\n<p>NOTA: El sistema HELP en ingl\u00e9s est\u00e1 incluido en este archivo operativo.<\/p>\n<p>1. Opcional: despu\u00e9s de cargar el archivo en su espectrofot\u00f3metro NanoDrop One, puede descargar un archivo del sistema HELP en un dispositivo USB y seguir las instrucciones a continuaci\u00f3n.<br \/>\n<strong><a href=\"https:\/\/213.98.62.94:5001\/d\/f\/634440383922748849\" target=\"_blank\" rel=\"noopener\">NanoDrop One\/Onec HELP system file (Mayo 2017)<\/a><\/strong><\/p>\n<p><strong>Instrucciones para actualizar el software de control local NanoDrop One \/ OneC y los archivos del sistema de ayuda desde un dispositivo USB:<\/strong><\/p>\n<ol>\n<li>Inserte el dispositivo USB en cualquier puerto USB del instrumento NanoDrop One \/ OneC.<\/li>\n<li>En la pantalla de inicio del instrumento, toque Configuraci\u00f3n&gt; Sistema&gt; Actualizar software,<\/li>\n<\/ol>\n<p>o Seleccione la versi\u00f3n para instalar y toque Listo.<\/p>\n<p>o Cuando se completa la instalaci\u00f3n, aparece el mensaje \u201cActualizaci\u00f3n completa\u201d. Toque Aceptar.<\/p>\n<p>o La pantalla le pedir\u00e1 que reinicie el instrumento. Toque Aceptar (OK).<\/p>\n<p><strong><br \/>\nC\u00f3mo agregar un archivo de m\u00e9todo personalizado NanoDrop One \/ Onec \u2013 Opcional<\/strong><\/p>\n<p>Descargue y descomprima el archivo de m\u00e9todo personalizado que desee de esta lista y copie el archivo .method a un dispositivo USB y luego siga las instrucciones a continuaci\u00f3n:<\/p>\n<ul>\n<li><a href=\"https:\/\/drive.google.com\/file\/d\/1OzCMdEs5Vs_OEALh_RxwZ6grfH5N1W0w\/view?usp=sharing\" target=\"_blank\" rel=\"noopener noreferrer\">Chlorophyll Content Method<\/a><\/li>\n<li><a href=\"https:\/\/drive.google.com\/file\/d\/1fNr43cVgO-07z8B3qUGE2KcL2Ga02sIg\/view?usp=sharing\" target=\"_blank\" rel=\"noopener noreferrer\">Glucose HK Kit (NADH) Method<\/a><\/li>\n<li><a href=\"https:\/\/drive.google.com\/file\/d\/1V4FhoF5-uEyvxKvhCURDBbvY3glui9hc\/view?usp=sharing\" target=\"_blank\" rel=\"noopener noreferrer\">Oxy-hemoglobin Method<\/a><\/li>\n<li><a href=\"https:\/\/drive.google.com\/file\/d\/1tA0JBcNGGQgPfInbnuPMa4y0P-ewWyvM\/view?usp=sharing\" target=\"_blank\" rel=\"noopener noreferrer\">Spherical Gold Nanoparticles Method<\/a><\/li>\n<li><a href=\"https:\/\/drive.google.com\/file\/d\/1PBaLuT_N-di0khTSf274pviccojaM6tb\/view?usp=sharing\" target=\"_blank\" rel=\"noopener noreferrer\">Pierce Rapid Gold BCA Method<\/a><\/li>\n<\/ul>\n<p><strong>Instrucciones para cargar un m\u00e9todo personalizado al instrumento desde un dispositivo USB:<\/strong><\/p>\n<ol>\n<li><em>Inserte el dispositivo USB en cualquier puerto USB del instrumento NanoDrop One.<\/em><\/li>\n<li><em>Desde la pantalla de inicio, toque la pesta\u00f1a Personalizado, seleccione la aplicaci\u00f3n Personalizada y seleccione el puerto USB.<\/em><\/li>\n<li><em>Toque Cargar m\u00e9todo. Los m\u00e9todos personalizados en el USB ahora aparecer\u00e1n en el cuadro de di\u00e1logo \u201cM\u00e9todo de carga\u201d.<\/em><\/li>\n<li><em>Toque para seleccionar los archivos de m\u00e9todos personalizados y luego toque Cargar. Los m\u00e9todos seleccionados aparecer\u00e1n ahora en la pantalla de selecci\u00f3n de m\u00e9todos personalizados.<\/em><\/li>\n<li><em>Toque el m\u00e9todo personalizado que le interese para revisar los detalles del m\u00e9todo.<\/em><\/li>\n<li><em>Toque Ejecutar m\u00e9todo para iniciar una medici\u00f3n.<\/em><\/li>\n<\/ol>\n<p><strong>NanoDrop One\/One<sup>C<\/sup>\u00a0 Descarga PC Control Software<\/strong><\/p>\n<p>Descarga el software en el siguiente enlace:<\/p>\n<ul>\n<li>\n<h5><strong><a href=\"https:\/\/213.98.62.94:5001\/d\/f\/634438934690052587\" target=\"_blank\" rel=\"noopener noreferrer\">NanoDrop One pc Control v2.4<\/a><\/strong><\/h5>\n<\/li>\n<\/ul>\n<p>C\u00f3mo actualizar el software de control de PC Thermo Scientific NanoDrop One \/ OneC<\/p>\n<p>El software de control de PC NanoDrop One le brinda la flexibilidad de controlar el funcionamiento de su instrumento mediante un PC conectado a Ethernet. Este software es compatible con Windows 10 Pro (64 bits).<\/p>\n<p>Descargue e instale el software de control de PC NanoDrop One \/ OneC, versi\u00f3n 2.4 directamente en su ordenador.[\/vc_column_text][\/vc_tta_section][\/vc_tta_accordion][vc_empty_space woodmart_hide_large=\u00bb0&#8243; woodmart_hide_medium=\u00bb0&#8243; woodmart_hide_small=\u00bb0&#8243; woodmart_hide_extra_small=\u00bb0&#8243;]\n<div class=\"wpcf7 no-js\" id=\"wpcf7-f7-o1\" lang=\"es-ES\" dir=\"ltr\" data-wpcf7-id=\"7\">\n<div class=\"screen-reader-response\"><p role=\"status\" aria-live=\"polite\" aria-atomic=\"true\"><\/p> <ul><\/ul><\/div>\n<form action=\"\/bio\/wp-json\/wp\/v2\/product\/8179#wpcf7-f7-o1\" method=\"post\" class=\"wpcf7-form init\" aria-label=\"Formulario de contacto\" novalidate=\"novalidate\" data-status=\"init\">\n<fieldset class=\"hidden-fields-container\"><input type=\"hidden\" name=\"_wpcf7\" value=\"7\" \/><input type=\"hidden\" name=\"_wpcf7_version\" value=\"6.1.5\" \/><input type=\"hidden\" name=\"_wpcf7_locale\" value=\"es_ES\" \/><input type=\"hidden\" name=\"_wpcf7_unit_tag\" value=\"wpcf7-f7-o1\" \/><input type=\"hidden\" name=\"_wpcf7_container_post\" value=\"0\" \/><input type=\"hidden\" name=\"_wpcf7_posted_data_hash\" value=\"\" \/><input type=\"hidden\" name=\"_wpcf7_recaptcha_response\" value=\"\" \/>\n<\/fieldset>\n<div style=\"color:#e30614;font-weight:600;font-size:30px;margin-bottom:10px;\">\n\t<p>\u00bfPodemos ayudarte?\n\t<\/p>\n<\/div>\n<div class=\"row\">\n\t<div class=\"col-md-6\" style='margin-bottom:20px;'>\n\t\t<p><label>Nombre y Apellidos*<\/label><span class=\"wpcf7-form-control-wrap\" data-name=\"your-name\"><input size=\"40\" maxlength=\"400\" class=\"wpcf7-form-control wpcf7-text wpcf7-validates-as-required\" aria-required=\"true\" aria-invalid=\"false\" value=\"\" type=\"text\" name=\"your-name\" \/><\/span>\n\t\t<\/p>\n\t<\/div>\n\t<div class=\"col-md-6\" style='margin-bottom:20px;'>\n\t\t<p><label>Empresa\/Univ\/Hosp*<\/label><span class=\"wpcf7-form-control-wrap\" data-name=\"your-job\"><input size=\"40\" maxlength=\"400\" class=\"wpcf7-form-control wpcf7-text wpcf7-validates-as-required\" aria-required=\"true\" aria-invalid=\"false\" value=\"\" type=\"text\" name=\"your-job\" \/><\/span>\n\t\t<\/p>\n\t<\/div>\n<\/div>\n<div class=\"row\">\n\t<div class=\"col-md-6\" style='margin-bottom:20px;'>\n\t\t<p><label>Email*<\/label><span class=\"wpcf7-form-control-wrap\" data-name=\"your-email\"><input size=\"40\" maxlength=\"400\" class=\"wpcf7-form-control wpcf7-email wpcf7-validates-as-required wpcf7-text wpcf7-validates-as-email\" aria-required=\"true\" aria-invalid=\"false\" value=\"\" type=\"email\" name=\"your-email\" \/><\/span>\n\t\t<\/p>\n\t<\/div>\n\t<div class=\"col-md-6\" style='margin-bottom:20px;'>\n\t\t<p><label>Tel\u00e9fono*<\/label><span class=\"wpcf7-form-control-wrap\" data-name=\"your-number\"><input size=\"40\" maxlength=\"400\" class=\"wpcf7-form-control wpcf7-text wpcf7-validates-as-required\" aria-required=\"true\" aria-invalid=\"false\" value=\"\" type=\"text\" name=\"your-number\" \/><\/span>\n\t\t<\/p>\n\t<\/div>\n<\/div>\n<p><label>\u00bfEn qu\u00e9 est\u00e1s interesado?<\/label><span class=\"wpcf7-form-control-wrap\" data-name=\"your-message\"><textarea cols=\"40\" rows=\"10\" maxlength=\"2000\" class=\"wpcf7-form-control wpcf7-textarea\" aria-invalid=\"false\" name=\"your-message\"><\/textarea><\/span>\n<\/p>\n<p><span class=\"wpcf7-form-control-wrap\" data-name=\"acceptance-412\"><span class=\"wpcf7-form-control wpcf7-acceptance\"><span class=\"wpcf7-list-item\"><label><input type=\"checkbox\" name=\"acceptance-412\" value=\"1\" aria-invalid=\"false\" \/><span class=\"wpcf7-list-item-label\">He le\u00eddo y acepto la <a href=\"https:\/\/www.controltecnica.com\/bio\/privacidad\" target=\"_blank\">pol\u00edtica de privacidad<\/a><\/span><\/label><\/span><\/span><\/span><br \/>\n<span class=\"wpcf7-form-control-wrap\" data-name=\"acceptance-581\"><span class=\"wpcf7-form-control wpcf7-acceptance optional\"><span class=\"wpcf7-list-item\"><label><input type=\"checkbox\" name=\"acceptance-581\" value=\"1\" aria-invalid=\"false\" \/><span class=\"wpcf7-list-item-label\">Acepto recibir informaci\u00f3n comercial de CONTROLTECNICA<\/span><\/label><\/span><\/span><\/span>\n<\/p>\n<p><input class=\"wpcf7-form-control wpcf7-submit has-spinner btn-size-large btn btn-color-primary\" type=\"submit\" value=\"ENVIAR MENSAJE\" \/>\n<\/p><div class=\"wpcf7-response-output\" aria-hidden=\"true\"><\/div>\n<\/form>\n<\/div>\n[\/vc_column][\/vc_row]<\/p>\n","protected":false},"excerpt":{"rendered":"<p>&nbsp;<\/p>\n<p>ESPECTROFOT\u00d3METRO DE MICROGOTA CON PEDESTAL Y\/O CUBETA<\/p>\n<p><strong>El NanoDrop<\/strong><strong>\u00a0One<\/strong>\u00a0es un espectrofot\u00f3metro UV-VIS de barrido espectral que mida la variaci\u00f3n de la absorbancia con la longitud de onda empleando solo una micro-gota y opcionalmente en cubeta (NanoDrop One-<sup>C<\/sup>). Pemite la medici\u00f3n r\u00e1pida, fiable y reproducible de pureza de DNA, RNA y prote\u00ednas en vol\u00famenes de microlitro, mostrando todo el espectro para detectar impurezas.<\/p>\n<p>El NanoDrop<sup>TM<\/sup>\u00a0One e ofrece\u00a0<strong>caracter\u00edsticas \u00fanicas que incluyen<\/strong>:<\/p>\n<ul>\n<li><strong>Control local con sistema operativo Android\u00a0<\/strong>y pantalla t\u00e1ctil. No requiere de conexi\u00f3n a ordenador para su total funcionamiento. Opcionalmente se puede controlar mediante software de ordenador. Posee pantalla t\u00e1ctil a color de alta resoluci\u00f3n (1280\u00d7800) compatible con guantes de laboratorio.<\/li>\n<li><strong>M\u00faltiples opciones de conectividad\u00a0<\/strong>incluyendo 3 puertos USB, Wi-Fi, Bluetooth\u00a0 y Ethernet, para la exportaci\u00f3n y an\u00e1lisis de datos en otros formatos y en ordenadores sat\u00e9lite.<\/li>\n<li>Introduce el sistema\u00a0<strong>Acclaro<sup>TM<\/sup><\/strong>que permite el\u00a0<strong>an\u00e1lisis autom\u00e1tico de impurezas<\/strong>\u00a0y un algoritmo para correcci\u00f3n y reporte de los valores de concentraci\u00f3n de las muestras. Adem\u00e1s posee una opci\u00f3n que mide la integridad de las muestras mediante un procesamiento digital de imagen.<\/li>\n<li>Rangos din\u00e1micas para ampliados.<\/li>\n<\/ul>\n<p>El sistema patentado de retenci\u00f3n de muestra de NanoDrop One\/One<sup>c<\/sup>\u00a0 realiza la medida mediante la acci\u00f3n de fuerzas f\u00edsicas de tensi\u00f3n superficial.\u00a0 El equipo asegura un contacto adecuado entre la muestra y las superficies de medida con una alta repetitividad y exactitud en las medidas de absorbancia.<\/p>\n<p>El NanoDrop One\/One<sup>C<\/sup>\u00a0<strong>no necesita diluciones de las muestras\u00a0<\/strong>para su correcta medici\u00f3n. Se ajusta de forma autom\u00e1tica para a muestras de\u00a0 bajas y alta concentraciones en la misma medici\u00f3n, de modo que cualquier muestra desconocida caiga siempre dentro del rango de medida.<\/p>\n<p>El pedestal es altamente hidrof\u00f3bico para prevenir la contaminaci\u00f3n cruzada y facilitar la limpieza inter-lectura. Es adem\u00e1s resistente a rayaduras, elaborado con acero inoxidable 303 y compatible con la mayor\u00eda de los solventes utilizados en los laboratorios de Biolog\u00eda Molecular, Celular y Bioqu\u00edmica.<\/p>\n","protected":false},"featured_media":8180,"template":"","meta":{"iawp_total_views":168},"product_brand":[],"product_cat":[20,32],"product_tag":[],"class_list":{"0":"post-8179","1":"product","2":"type-product","3":"status-publish","4":"has-post-thumbnail","6":"product_cat-biologia-molecular","7":"product_cat-nanodrop","9":"first","10":"instock","11":"shipping-taxable","12":"product-type-simple"},"_links":{"self":[{"href":"https:\/\/www.controltecnica.com\/bio\/wp-json\/wp\/v2\/product\/8179","targetHints":{"allow":["GET"]}}],"collection":[{"href":"https:\/\/www.controltecnica.com\/bio\/wp-json\/wp\/v2\/product"}],"about":[{"href":"https:\/\/www.controltecnica.com\/bio\/wp-json\/wp\/v2\/types\/product"}],"wp:featuredmedia":[{"embeddable":true,"href":"https:\/\/www.controltecnica.com\/bio\/wp-json\/wp\/v2\/media\/8180"}],"wp:attachment":[{"href":"https:\/\/www.controltecnica.com\/bio\/wp-json\/wp\/v2\/media?parent=8179"}],"wp:term":[{"taxonomy":"product_brand","embeddable":true,"href":"https:\/\/www.controltecnica.com\/bio\/wp-json\/wp\/v2\/product_brand?post=8179"},{"taxonomy":"product_cat","embeddable":true,"href":"https:\/\/www.controltecnica.com\/bio\/wp-json\/wp\/v2\/product_cat?post=8179"},{"taxonomy":"product_tag","embeddable":true,"href":"https:\/\/www.controltecnica.com\/bio\/wp-json\/wp\/v2\/product_tag?post=8179"}],"curies":[{"name":"wp","href":"https:\/\/api.w.org\/{rel}","templated":true}]}}