{"id":8169,"date":"2021-12-09T08:54:11","date_gmt":"2021-12-09T08:54:11","guid":{"rendered":"https:\/\/www.controltecnica.com\/bio\/?post_type=product&#038;p=8169"},"modified":"2021-12-10T09:10:38","modified_gmt":"2021-12-10T09:10:38","slug":"varioskan-lux","status":"publish","type":"product","link":"https:\/\/www.controltecnica.com\/bio\/producto\/varioskan-lux\/","title":{"rendered":"Varioskan Lux"},"content":{"rendered":"<p>[vc_row][vc_column][vc_column_text text_larger=\u00bbno\u00bb]<\/p>\n<table class=\"table-condensed table-striped\">\n<tbody>\n<tr class=\"row-1 odd\">\n<td class=\"column-1\">ABSORBANCIA<\/td>\n<td class=\"column-2\"><\/td>\n<td class=\"column-3\"><\/td>\n<\/tr>\n<tr class=\"row-2 even\">\n<td class=\"column-1\"><\/td>\n<td class=\"column-2\">Tipos de placa<\/td>\n<td class=\"column-3\">Placas de 6 &#8211; 384 pocillos<\/td>\n<\/tr>\n<tr class=\"row-3 odd\">\n<td class=\"column-1\"><\/td>\n<td class=\"column-2\">Rango Longitud de onda<\/td>\n<td class=\"column-3\">200 &#8211; 1000nm<\/td>\n<\/tr>\n<tr class=\"row-4 even\">\n<td class=\"column-1\"><\/td>\n<td class=\"column-2\">Fuente de luz<\/td>\n<td class=\"column-3\">Xenon Flash<\/td>\n<\/tr>\n<tr class=\"row-5 odd\">\n<td class=\"column-1\">FLUORESCENCIA (Intensidad)<\/td>\n<td class=\"column-2\"><\/td>\n<td class=\"column-3\"><\/td>\n<\/tr>\n<tr class=\"row-6 even\">\n<td class=\"column-1\"><\/td>\n<td class=\"column-2\">Tipos de placa<\/td>\n<td class=\"column-3\">Placas de 6 &#8211; 1536 pocillos<\/td>\n<\/tr>\n<tr class=\"row-7 odd\">\n<td class=\"column-1\"><\/td>\n<td class=\"column-2\">Selecci\u00f3n Longitud de onda<\/td>\n<td class=\"column-3\">Monocromadores de doble excitaci\u00f3n y emisi\u00f3n<\/td>\n<\/tr>\n<tr class=\"row-8 even\">\n<td class=\"column-1\"><\/td>\n<td class=\"column-2\">Rango excitaci\u00f3n<\/td>\n<td class=\"column-3\">200 &#8211; 1000 nm<\/td>\n<\/tr>\n<tr class=\"row-9 odd\">\n<td class=\"column-1\"><\/td>\n<td class=\"column-2\">Rango Emisi\u00f3n<\/td>\n<td class=\"column-3\">270 -840 nm<\/td>\n<\/tr>\n<tr class=\"row-10 even\">\n<td class=\"column-1\"><\/td>\n<td class=\"column-2\">Fuente de luz<\/td>\n<td class=\"column-3\">Xenon Flash<\/td>\n<\/tr>\n<tr class=\"row-11 odd\">\n<td class=\"column-1\">FLUORESCENCIA (Tiempo de resoluci\u00f3n)<\/td>\n<td class=\"column-2\"><\/td>\n<td class=\"column-3\"><\/td>\n<\/tr>\n<tr class=\"row-12 even\">\n<td class=\"column-1\"><\/td>\n<td class=\"column-2\">Tipos de placa<\/td>\n<td class=\"column-3\">Placas de 6 &#8211; 1536 pocillos<\/td>\n<\/tr>\n<tr class=\"row-13 odd\">\n<td class=\"column-1\"><\/td>\n<td class=\"column-2\">Selecci\u00f3n Longitud de onda<\/td>\n<td class=\"column-3\">Filtros<\/td>\n<\/tr>\n<tr class=\"row-14 even\">\n<td class=\"column-1\"><\/td>\n<td class=\"column-2\">Rango excitaci\u00f3n<\/td>\n<td class=\"column-3\">Fijo a 334nm<\/td>\n<\/tr>\n<tr class=\"row-15 odd\">\n<td class=\"column-1\"><\/td>\n<td class=\"column-2\">Rango Emisi\u00f3n<\/td>\n<td class=\"column-3\">400 &#8211; 700 nm<\/td>\n<\/tr>\n<tr class=\"row-16 even\">\n<td class=\"column-1\"><\/td>\n<td class=\"column-2\">Fuente de luz<\/td>\n<td class=\"column-3\">Xenon Flash<\/td>\n<\/tr>\n<tr class=\"row-17 odd\">\n<td class=\"column-1\">LUMINISCENCIA<\/td>\n<td class=\"column-2\"><\/td>\n<td class=\"column-3\"><\/td>\n<\/tr>\n<tr class=\"row-18 even\">\n<td class=\"column-1\"><\/td>\n<td class=\"column-2\">Tipos de placa<\/td>\n<td class=\"column-3\">Placas de 6 &#8211; 1536 pocillos<\/td>\n<\/tr>\n<tr class=\"row-19 odd\">\n<td class=\"column-1\"><\/td>\n<td class=\"column-2\">Selecci\u00f3n Longitud de onda<\/td>\n<td class=\"column-3\">Directo o filtros<\/td>\n<\/tr>\n<tr class=\"row-20 even\">\n<td class=\"column-1\"><\/td>\n<td class=\"column-2\">Rango Longitud de onda<\/td>\n<td class=\"column-3\">360 &#8211; 670 nm<\/td>\n<\/tr>\n<tr class=\"row-21 odd\">\n<td class=\"column-1\">ALPHASCREEN<\/td>\n<td class=\"column-2\"><\/td>\n<td class=\"column-3\"><\/td>\n<\/tr>\n<tr class=\"row-22 even\">\n<td class=\"column-1\"><\/td>\n<td class=\"column-2\">Tipos de placa<\/td>\n<td class=\"column-3\">Placas de 6 &#8211; 1536 pocillos<\/td>\n<\/tr>\n<tr class=\"row-23 odd\">\n<td class=\"column-1\"><\/td>\n<td class=\"column-2\">Selecci\u00f3n Longitud de onda<\/td>\n<td class=\"column-3\">Filtros<\/td>\n<\/tr>\n<tr class=\"row-24 even\">\n<td class=\"column-1\"><\/td>\n<td class=\"column-2\">Rango excitaci\u00f3n<\/td>\n<td class=\"column-3\">Fijo a 680 nm<\/td>\n<\/tr>\n<tr class=\"row-25 odd\">\n<td class=\"column-1\"><\/td>\n<td class=\"column-2\">Rango emisi\u00f3n<\/td>\n<td class=\"column-3\">400 &#8211; 660 nm<\/td>\n<\/tr>\n<tr class=\"row-26 even\">\n<td class=\"column-1\"><\/td>\n<td class=\"column-2\">Fuente de luz<\/td>\n<td class=\"column-3\">LED<\/td>\n<\/tr>\n<tr class=\"row-27 odd\">\n<td class=\"column-1\">DISPENSADOR<\/td>\n<td class=\"column-2\"><\/td>\n<td class=\"column-3\"><\/td>\n<\/tr>\n<tr class=\"row-28 even\">\n<td class=\"column-1\"><\/td>\n<td class=\"column-2\">Tipos de placa<\/td>\n<td class=\"column-3\">6 &#8211; 384 pocillos<\/td>\n<\/tr>\n<tr class=\"row-29 odd\">\n<td class=\"column-1\"><\/td>\n<td class=\"column-2\">N\u00ba de dispensadores<\/td>\n<td class=\"column-3\">Ninguno, uno o dos.<\/td>\n<\/tr>\n<tr class=\"row-30 even\">\n<td class=\"column-1\"><\/td>\n<td class=\"column-2\">Tama\u00f1o jeringa<\/td>\n<td class=\"column-3\">1 ml (standard), 5 ml (opcional)<\/td>\n<\/tr>\n<tr class=\"row-31 odd\">\n<td class=\"column-1\"><\/td>\n<td class=\"column-2\">Volumen dispensaci\u00f3n<\/td>\n<td class=\"column-3\">2 &#8211; 5000 \u00b5L, en incrementos de 1\u00b5L (jeringa de 1 ml)<br \/>\n5 &#8211; 25000 \u00b5L, en incrementos de 5\u00b5L (jeringa de 5ml)<\/td>\n<\/tr>\n<tr class=\"row-32 even\">\n<td class=\"column-1\">INCUBACI\u00d3N<\/td>\n<td class=\"column-2\" colspan=\"2\">Temperatura desde ambiente +4\u00baC hasta 45\u00baC<\/td>\n<\/tr>\n<tr class=\"row-33 odd\">\n<td class=\"column-1\">AGITACI\u00d3N<\/td>\n<td class=\"column-2\" colspan=\"2\">Orbital<\/td>\n<\/tr>\n<tr class=\"row-34 even\">\n<td class=\"column-1\">GAS<\/td>\n<td class=\"column-2\" colspan=\"2\">CO<sub>2<\/sub>\u00a0\/O<sub>2<\/sub><\/td>\n<\/tr>\n<\/tbody>\n<\/table>\n<p>[\/vc_column_text][vc_empty_space woodmart_hide_large=\u00bb0&#8243; woodmart_hide_medium=\u00bb0&#8243; woodmart_hide_small=\u00bb0&#8243; woodmart_hide_extra_small=\u00bb0&#8243;]\n<div class=\"wpcf7 no-js\" id=\"wpcf7-f7-o1\" lang=\"es-ES\" dir=\"ltr\" data-wpcf7-id=\"7\">\n<div class=\"screen-reader-response\"><p role=\"status\" aria-live=\"polite\" aria-atomic=\"true\"><\/p> <ul><\/ul><\/div>\n<form action=\"\/bio\/wp-json\/wp\/v2\/product\/8169#wpcf7-f7-o1\" method=\"post\" class=\"wpcf7-form init\" aria-label=\"Formulario de contacto\" novalidate=\"novalidate\" data-status=\"init\">\n<fieldset class=\"hidden-fields-container\"><input type=\"hidden\" name=\"_wpcf7\" value=\"7\" \/><input type=\"hidden\" name=\"_wpcf7_version\" value=\"6.1.5\" \/><input type=\"hidden\" name=\"_wpcf7_locale\" value=\"es_ES\" \/><input type=\"hidden\" name=\"_wpcf7_unit_tag\" value=\"wpcf7-f7-o1\" \/><input type=\"hidden\" name=\"_wpcf7_container_post\" value=\"0\" \/><input type=\"hidden\" name=\"_wpcf7_posted_data_hash\" value=\"\" \/><input type=\"hidden\" name=\"_wpcf7_recaptcha_response\" value=\"\" \/>\n<\/fieldset>\n<div style=\"color:#e30614;font-weight:600;font-size:30px;margin-bottom:10px;\">\n\t<p>\u00bfPodemos ayudarte?\n\t<\/p>\n<\/div>\n<div class=\"row\">\n\t<div class=\"col-md-6\" style='margin-bottom:20px;'>\n\t\t<p><label>Nombre y Apellidos*<\/label><span class=\"wpcf7-form-control-wrap\" data-name=\"your-name\"><input size=\"40\" maxlength=\"400\" class=\"wpcf7-form-control wpcf7-text wpcf7-validates-as-required\" aria-required=\"true\" aria-invalid=\"false\" value=\"\" type=\"text\" name=\"your-name\" \/><\/span>\n\t\t<\/p>\n\t<\/div>\n\t<div class=\"col-md-6\" style='margin-bottom:20px;'>\n\t\t<p><label>Empresa\/Univ\/Hosp*<\/label><span class=\"wpcf7-form-control-wrap\" data-name=\"your-job\"><input size=\"40\" maxlength=\"400\" class=\"wpcf7-form-control wpcf7-text wpcf7-validates-as-required\" aria-required=\"true\" aria-invalid=\"false\" value=\"\" type=\"text\" name=\"your-job\" \/><\/span>\n\t\t<\/p>\n\t<\/div>\n<\/div>\n<div class=\"row\">\n\t<div class=\"col-md-6\" style='margin-bottom:20px;'>\n\t\t<p><label>Email*<\/label><span class=\"wpcf7-form-control-wrap\" data-name=\"your-email\"><input size=\"40\" maxlength=\"400\" class=\"wpcf7-form-control wpcf7-email wpcf7-validates-as-required wpcf7-text wpcf7-validates-as-email\" aria-required=\"true\" aria-invalid=\"false\" value=\"\" type=\"email\" name=\"your-email\" \/><\/span>\n\t\t<\/p>\n\t<\/div>\n\t<div class=\"col-md-6\" style='margin-bottom:20px;'>\n\t\t<p><label>Tel\u00e9fono*<\/label><span class=\"wpcf7-form-control-wrap\" data-name=\"your-number\"><input size=\"40\" maxlength=\"400\" class=\"wpcf7-form-control wpcf7-text wpcf7-validates-as-required\" aria-required=\"true\" aria-invalid=\"false\" value=\"\" type=\"text\" name=\"your-number\" \/><\/span>\n\t\t<\/p>\n\t<\/div>\n<\/div>\n<p><label>\u00bfEn qu\u00e9 est\u00e1s interesado?<\/label><span class=\"wpcf7-form-control-wrap\" data-name=\"your-message\"><textarea cols=\"40\" rows=\"10\" maxlength=\"2000\" class=\"wpcf7-form-control wpcf7-textarea\" aria-invalid=\"false\" name=\"your-message\"><\/textarea><\/span>\n<\/p>\n<p><span class=\"wpcf7-form-control-wrap\" data-name=\"acceptance-412\"><span class=\"wpcf7-form-control wpcf7-acceptance\"><span class=\"wpcf7-list-item\"><label><input type=\"checkbox\" name=\"acceptance-412\" value=\"1\" aria-invalid=\"false\" \/><span class=\"wpcf7-list-item-label\">He le\u00eddo y acepto la <a href=\"https:\/\/www.controltecnica.com\/bio\/privacidad\" target=\"_blank\">pol\u00edtica de privacidad<\/a><\/span><\/label><\/span><\/span><\/span><br \/>\n<span class=\"wpcf7-form-control-wrap\" data-name=\"acceptance-581\"><span class=\"wpcf7-form-control wpcf7-acceptance optional\"><span class=\"wpcf7-list-item\"><label><input type=\"checkbox\" name=\"acceptance-581\" value=\"1\" aria-invalid=\"false\" \/><span class=\"wpcf7-list-item-label\">Acepto recibir informaci\u00f3n comercial de CONTROLTECNICA<\/span><\/label><\/span><\/span><\/span>\n<\/p>\n<p><input class=\"wpcf7-form-control wpcf7-submit has-spinner btn-size-large btn btn-color-primary\" type=\"submit\" value=\"ENVIAR MENSAJE\" \/>\n<\/p><div class=\"wpcf7-response-output\" aria-hidden=\"true\"><\/div>\n<\/form>\n<\/div>\n[\/vc_column][\/vc_row]<\/p>\n","protected":false},"excerpt":{"rendered":"<p><strong>Varioskan Lux<\/strong>\u00a0\u2013 Thermo Scientific<\/p>\n<p>Nuevo\u00a0<strong>lector de microplacas multimodo<\/strong>\u00a0con software muy intuitivo que ofrece funciones automatizadas y vers\u00e1tiles para los investigadores del \u00e1mbito de la biociencia en una amplia variedad de ensayos de microplacas. El lector de microplacas multimodo Thermo Scientific Varioskan LUX con el nuevo software Thermo Scientific SkanIt est\u00e1 dise\u00f1ado para simplificar la adquisici\u00f3n y el an\u00e1lisis de datos, as\u00ed como para acelerar la uniformidad y la fiabilidad de los resultados del ensayo.<\/p>\n<p>Entre otras caracter\u00edsticas del producto se encuentran:<\/p>\n<ul>\n<li>Dise\u00f1o modular con hasta cinco tecnolog\u00edas de medici\u00f3n: absorbancia, intensidad de fluorescencia, luminiscencia, fluorescencia resuelta en el tiempo y AlphaScreen\u00ae;<\/li>\n<\/ul>\n<ul>\n<li>M\u00f3dulo de gases integrado: condiciones \u00f3ptimas para ensayos basados en c\u00e9lulas, las concentraciones de gas se recogen en un registro de ciclo de la sesi\u00f3n para facilitar la trazabilidad;<\/li>\n<\/ul>\n<ul>\n<li>Autodiagn\u00f3stico y calibraci\u00f3n autom\u00e1tica completos del instrumento: funciones comprobadas en cada puesta en marcha para garantizar un rendimiento homog\u00e9neo, calibraci\u00f3n autom\u00e1tica dise\u00f1ada para garantizar resultados coherentes y comparables de un d\u00eda a otro.<\/li>\n<\/ul>\n","protected":false},"featured_media":8170,"template":"","meta":{"iawp_total_views":54},"product_brand":[],"product_cat":[20,33],"product_tag":[],"class_list":{"0":"post-8169","1":"product","2":"type-product","3":"status-publish","4":"has-post-thumbnail","6":"product_cat-biologia-molecular","7":"product_cat-lectores-de-microplaca","9":"first","10":"instock","11":"shipping-taxable","12":"product-type-simple"},"_links":{"self":[{"href":"https:\/\/www.controltecnica.com\/bio\/wp-json\/wp\/v2\/product\/8169","targetHints":{"allow":["GET"]}}],"collection":[{"href":"https:\/\/www.controltecnica.com\/bio\/wp-json\/wp\/v2\/product"}],"about":[{"href":"https:\/\/www.controltecnica.com\/bio\/wp-json\/wp\/v2\/types\/product"}],"wp:featuredmedia":[{"embeddable":true,"href":"https:\/\/www.controltecnica.com\/bio\/wp-json\/wp\/v2\/media\/8170"}],"wp:attachment":[{"href":"https:\/\/www.controltecnica.com\/bio\/wp-json\/wp\/v2\/media?parent=8169"}],"wp:term":[{"taxonomy":"product_brand","embeddable":true,"href":"https:\/\/www.controltecnica.com\/bio\/wp-json\/wp\/v2\/product_brand?post=8169"},{"taxonomy":"product_cat","embeddable":true,"href":"https:\/\/www.controltecnica.com\/bio\/wp-json\/wp\/v2\/product_cat?post=8169"},{"taxonomy":"product_tag","embeddable":true,"href":"https:\/\/www.controltecnica.com\/bio\/wp-json\/wp\/v2\/product_tag?post=8169"}],"curies":[{"name":"wp","href":"https:\/\/api.w.org\/{rel}","templated":true}]}}