{"id":8157,"date":"2021-12-09T08:34:21","date_gmt":"2021-12-09T08:34:21","guid":{"rendered":"https:\/\/www.controltecnica.com\/bio\/?post_type=product&#038;p=8157"},"modified":"2021-12-09T14:09:35","modified_gmt":"2021-12-09T14:09:35","slug":"concentrador-centrifugo-dna-hypervac-lite","status":"publish","type":"product","link":"https:\/\/www.controltecnica.com\/bio\/producto\/concentrador-centrifugo-dna-hypervac-lite\/","title":{"rendered":"Concentrador Centr\u00edfugo DNA HyperVAC LITE"},"content":{"rendered":"<p>[vc_row][vc_column width=\u00bb1\/2&#8243;][vc_column_text text_larger=\u00bbno\u00bb]<\/p>\n<table class=\"table-condensed table-striped\">\n<tbody class=\"row-hover\">\n<tr class=\"row-1 odd\">\n<td class=\"column-1\">Funci\u00f3n Auto START\/STOP<\/td>\n<td class=\"column-2\">S\u00ed<\/td>\n<\/tr>\n<tr class=\"row-2 even\">\n<td class=\"column-1\">Temporizador<\/td>\n<td class=\"column-2\">S\u00ed<\/td>\n<\/tr>\n<tr class=\"row-3 odd\">\n<td class=\"column-1\">Lectura presi\u00f3n<\/td>\n<td class=\"column-2\">1 \u0334 1,013 mBar<\/td>\n<\/tr>\n<tr class=\"row-4 even\">\n<td class=\"column-1\">Ajuste velocidad<\/td>\n<td class=\"column-2\">0 \u0334 2000 rpm<\/td>\n<\/tr>\n<tr class=\"row-5 odd\">\n<td class=\"column-1\">Dimensiones externas (W x D x H)<\/td>\n<td class=\"column-2\">375 x 445 x 252 mm<\/td>\n<\/tr>\n<tr class=\"row-6 even\">\n<td class=\"column-1\">Rango calefacci\u00f3n<\/td>\n<td class=\"column-2\">amb. +5\u00baC hasta +80\u00baC<\/td>\n<\/tr>\n<tr class=\"row-7 odd\">\n<td class=\"column-1\">Potencia de Vac\u00edo<\/td>\n<td class=\"column-2\">15 L\/min<\/td>\n<\/tr>\n<tr class=\"row-8 even\">\n<td class=\"column-1\">Voltaje<\/td>\n<td class=\"column-2\">230V , 50 \u0334 60 Hz<\/td>\n<\/tr>\n<\/tbody>\n<\/table>\n<p>[\/vc_column_text][\/vc_column][vc_column width=\u00bb1\/2&#8243;]\n<div class=\"wpcf7 no-js\" id=\"wpcf7-f7-o1\" lang=\"es-ES\" dir=\"ltr\" data-wpcf7-id=\"7\">\n<div class=\"screen-reader-response\"><p role=\"status\" aria-live=\"polite\" aria-atomic=\"true\"><\/p> <ul><\/ul><\/div>\n<form action=\"\/bio\/wp-json\/wp\/v2\/product\/8157#wpcf7-f7-o1\" method=\"post\" class=\"wpcf7-form init\" aria-label=\"Formulario de contacto\" novalidate=\"novalidate\" data-status=\"init\">\n<fieldset class=\"hidden-fields-container\"><input type=\"hidden\" name=\"_wpcf7\" value=\"7\" \/><input type=\"hidden\" name=\"_wpcf7_version\" value=\"6.1.5\" \/><input type=\"hidden\" name=\"_wpcf7_locale\" value=\"es_ES\" \/><input type=\"hidden\" name=\"_wpcf7_unit_tag\" value=\"wpcf7-f7-o1\" \/><input type=\"hidden\" name=\"_wpcf7_container_post\" value=\"0\" \/><input type=\"hidden\" name=\"_wpcf7_posted_data_hash\" value=\"\" \/><input type=\"hidden\" name=\"_wpcf7_recaptcha_response\" value=\"\" \/>\n<\/fieldset>\n<div style=\"color:#e30614;font-weight:600;font-size:30px;margin-bottom:10px;\">\n\t<p>\u00bfPodemos ayudarte?\n\t<\/p>\n<\/div>\n<div class=\"row\">\n\t<div class=\"col-md-6\" style='margin-bottom:20px;'>\n\t\t<p><label>Nombre y Apellidos*<\/label><span class=\"wpcf7-form-control-wrap\" data-name=\"your-name\"><input size=\"40\" maxlength=\"400\" class=\"wpcf7-form-control wpcf7-text wpcf7-validates-as-required\" aria-required=\"true\" aria-invalid=\"false\" value=\"\" type=\"text\" name=\"your-name\" \/><\/span>\n\t\t<\/p>\n\t<\/div>\n\t<div class=\"col-md-6\" style='margin-bottom:20px;'>\n\t\t<p><label>Empresa\/Univ\/Hosp*<\/label><span class=\"wpcf7-form-control-wrap\" data-name=\"your-job\"><input size=\"40\" maxlength=\"400\" class=\"wpcf7-form-control wpcf7-text wpcf7-validates-as-required\" aria-required=\"true\" aria-invalid=\"false\" value=\"\" type=\"text\" name=\"your-job\" \/><\/span>\n\t\t<\/p>\n\t<\/div>\n<\/div>\n<div class=\"row\">\n\t<div class=\"col-md-6\" style='margin-bottom:20px;'>\n\t\t<p><label>Email*<\/label><span class=\"wpcf7-form-control-wrap\" data-name=\"your-email\"><input size=\"40\" maxlength=\"400\" class=\"wpcf7-form-control wpcf7-email wpcf7-validates-as-required wpcf7-text wpcf7-validates-as-email\" aria-required=\"true\" aria-invalid=\"false\" value=\"\" type=\"email\" name=\"your-email\" \/><\/span>\n\t\t<\/p>\n\t<\/div>\n\t<div class=\"col-md-6\" style='margin-bottom:20px;'>\n\t\t<p><label>Tel\u00e9fono*<\/label><span class=\"wpcf7-form-control-wrap\" data-name=\"your-number\"><input size=\"40\" maxlength=\"400\" class=\"wpcf7-form-control wpcf7-text wpcf7-validates-as-required\" aria-required=\"true\" aria-invalid=\"false\" value=\"\" type=\"text\" name=\"your-number\" \/><\/span>\n\t\t<\/p>\n\t<\/div>\n<\/div>\n<p><label>\u00bfEn qu\u00e9 est\u00e1s interesado?<\/label><span class=\"wpcf7-form-control-wrap\" data-name=\"your-message\"><textarea cols=\"40\" rows=\"10\" maxlength=\"2000\" class=\"wpcf7-form-control wpcf7-textarea\" aria-invalid=\"false\" name=\"your-message\"><\/textarea><\/span>\n<\/p>\n<p><span class=\"wpcf7-form-control-wrap\" data-name=\"acceptance-412\"><span class=\"wpcf7-form-control wpcf7-acceptance\"><span class=\"wpcf7-list-item\"><label><input type=\"checkbox\" name=\"acceptance-412\" value=\"1\" aria-invalid=\"false\" \/><span class=\"wpcf7-list-item-label\">He le\u00eddo y acepto la <a href=\"https:\/\/www.controltecnica.com\/bio\/privacidad\" target=\"_blank\">pol\u00edtica de privacidad<\/a><\/span><\/label><\/span><\/span><\/span><br \/>\n<span class=\"wpcf7-form-control-wrap\" data-name=\"acceptance-581\"><span class=\"wpcf7-form-control wpcf7-acceptance optional\"><span class=\"wpcf7-list-item\"><label><input type=\"checkbox\" name=\"acceptance-581\" value=\"1\" aria-invalid=\"false\" \/><span class=\"wpcf7-list-item-label\">Acepto recibir informaci\u00f3n comercial de CONTROLTECNICA<\/span><\/label><\/span><\/span><\/span>\n<\/p>\n<p><input class=\"wpcf7-form-control wpcf7-submit has-spinner btn-size-large btn btn-color-primary\" type=\"submit\" value=\"ENVIAR MENSAJE\" \/>\n<\/p><div class=\"wpcf7-response-output\" aria-hidden=\"true\"><\/div>\n<\/form>\n<\/div>\n[\/vc_column][\/vc_row]<\/p>\n","protected":false},"excerpt":{"rendered":"<p><strong>Concentrador centr\u00edfugo a vac\u00edo<\/strong>\u00a0dise\u00f1ados para concentrar simult\u00e1neamente varias muestras biol\u00f3gicas sensibles al calor, como ADN, ARN y prote\u00ednas. Se combinan la fuerza centrifuga, el vac\u00edo y una temperatura controlada para conseguir resultados r\u00e1pidos<\/p>\n<ul>\n<li>Equipo compacto de sobremesa controlado por microprocesador. Display digital de todos los par\u00e1metros, teclas de membrana y memoria para 100 programas.<\/li>\n<li>Temporizador 1 seg a 23 h 59 min.<\/li>\n<li>Velocidad regulable de 0 a 2000 rpm<\/li>\n<li>Temperatura amb+5\u00baC a 80 \u00baC<\/li>\n<li>Vacio 1-1000 mbar<\/li>\n<li>Funcion auto start\/stop, hasta que el rotor no alcanza la velocidad y temperatura seleccionadas no se hace el vacio en la camara. Transcurrido el tiempo programado, el equipo detiene el proceso y ventila la camara para poder abrir la tapa y extraer las muestras concentradas.<\/li>\n<li>No se contamina el laboratorio gracias a que los disolventes evaporados condensan en la trampa de frio de vidrio inmersa en ba\u00f1o de hielo.<\/li>\n<li>Rotor para 48 microtubos eppendorf 1.5-2 ml o 75 microtubos 0,5 ml incluido<\/li>\n<li>Bomba de vac\u00edo es accesorio opcional. A elegir entre bomba de agua por efecto venturi para condensaciones sencillas de agua o etanol, o bomba de diafragma.<\/li>\n<\/ul>\n<p><strong><u>Centr\u00edfuga calor y vacio:<\/u><\/strong><\/p>\n<p>Centrifuga de media-alta capacidad construida con c\u00e1mara interior en acero inoxidable AISI 316 L, resistente a la corrosi\u00f3n y f\u00e1cil de limpiar, para una gran durabilidad.<\/p>\n<ul>\n<li>Tapa acr\u00edlica transparente de 30 mm de espesor con junta de silicona y cierre de seguridad para prevenir su apertura durante el funcionamiento. Permite observar el interior de la c\u00e1mara de centrifugaci\u00f3n durante el proceso, asi como el aporte de energ\u00eda radiante.<\/li>\n<li>Unidad de control digital autom\u00e1tico, que maneja todas las funciones de puesta en marcha \/ parada , alarmas, etc.. y lectura digital de la presi\u00f3n\/vac\u00edo mediante sensor tipo pirani.<\/li>\n<li>Velocidad de rotaci\u00f3n regulable de 200 rpm a 2000 rpm, que permite evitar cualquier tipo de contaminaci\u00f3n cruzada entre las muestras.<\/li>\n<li>Motor DC sin escobillas, sin mantenimiento.<\/li>\n<li>Temperatura regulable entre +5 y +80 \u00baC , que permite optimizar la velocidad de evaporaci\u00f3n m\u00e1s adecuada para cada tipo de muestra. Lectura real de la temperatura durante el proceso.<\/li>\n<li>Lectura digital del vac\u00edo desde vacio 0.001 mbar hasta presi\u00f3n atmosf\u00e9rica 1000 mbar, para un completo control del proceso de evaporaci\u00f3n.<\/li>\n<li>Temporizador programable desde 1 segundo hasta\u00a0 23 horas 59 minutos o continuo,<\/li>\n<li>Memoria hasta para 100 programas<\/li>\n<li>Dimensiones: 38 cm ancho x 45 cm fondo x 31 cm alto. Peso: 40 Kg<\/li>\n<\/ul>\n<p><strong>\u00a0<\/strong><strong>Amplia gama de rotores\u00a0<\/strong>construidos en material recubierto de poli\u00e9ster oscuro absorbente de energ\u00eda<\/p>\n","protected":false},"featured_media":8159,"template":"","meta":{"iawp_total_views":30},"product_brand":[],"product_cat":[34],"product_tag":[],"class_list":{"0":"post-8157","1":"product","2":"type-product","3":"status-publish","4":"has-post-thumbnail","6":"product_cat-concentrador-centrifugo-dna","8":"first","9":"instock","10":"shipping-taxable","11":"product-type-simple"},"_links":{"self":[{"href":"https:\/\/www.controltecnica.com\/bio\/wp-json\/wp\/v2\/product\/8157","targetHints":{"allow":["GET"]}}],"collection":[{"href":"https:\/\/www.controltecnica.com\/bio\/wp-json\/wp\/v2\/product"}],"about":[{"href":"https:\/\/www.controltecnica.com\/bio\/wp-json\/wp\/v2\/types\/product"}],"wp:featuredmedia":[{"embeddable":true,"href":"https:\/\/www.controltecnica.com\/bio\/wp-json\/wp\/v2\/media\/8159"}],"wp:attachment":[{"href":"https:\/\/www.controltecnica.com\/bio\/wp-json\/wp\/v2\/media?parent=8157"}],"wp:term":[{"taxonomy":"product_brand","embeddable":true,"href":"https:\/\/www.controltecnica.com\/bio\/wp-json\/wp\/v2\/product_brand?post=8157"},{"taxonomy":"product_cat","embeddable":true,"href":"https:\/\/www.controltecnica.com\/bio\/wp-json\/wp\/v2\/product_cat?post=8157"},{"taxonomy":"product_tag","embeddable":true,"href":"https:\/\/www.controltecnica.com\/bio\/wp-json\/wp\/v2\/product_tag?post=8157"}],"curies":[{"name":"wp","href":"https:\/\/api.w.org\/{rel}","templated":true}]}}