{"id":8147,"date":"2021-12-09T08:18:04","date_gmt":"2021-12-09T08:18:04","guid":{"rendered":"https:\/\/www.controltecnica.com\/bio\/?post_type=product&#038;p=8147"},"modified":"2025-01-16T10:10:06","modified_gmt":"2025-01-16T10:10:06","slug":"essential-v6","status":"publish","type":"product","link":"https:\/\/www.controltecnica.com\/bio\/producto\/essential-v6\/","title":{"rendered":"Essential V6"},"content":{"rendered":"<p>[vc_row][vc_column width=\u00bb1\/2&#8243;][vc_column_text text_larger=\u00bbno\u00bb]<\/p>\n<table class=\"table-condensed table-striped\">\n<tbody class=\"row-hover\">\n<tr class=\"row-1 odd\">\n<td class=\"column-1\">Resoluci\u00f3n<\/td>\n<td class=\"column-2\">3MP<\/td>\n<\/tr>\n<tr class=\"row-2 even\">\n<td class=\"column-1\">Resoluci\u00f3n extendida<\/td>\n<td class=\"column-2\">6MP<\/td>\n<\/tr>\n<tr class=\"row-3 odd\">\n<td class=\"column-1\">Sensor<\/td>\n<td class=\"column-2\">16 bits<\/td>\n<\/tr>\n<tr class=\"row-4 even\">\n<td class=\"column-1\">Rango din\u00e1mico<\/td>\n<td class=\"column-2\">&gt;4.0 OD<\/td>\n<\/tr>\n<tr class=\"row-5 odd\">\n<td class=\"column-1\">Pantalla<\/td>\n<td class=\"column-2\">Paneles LED Epi-blancos<\/td>\n<\/tr>\n<tr class=\"row-6 even\">\n<td class=\"column-1\">Dimensiones<\/td>\n<td class=\"column-2\">38,0 x 58,5 x 47,5 cm (W x H x L)<\/td>\n<\/tr>\n<tr class=\"row-7 odd\">\n<td class=\"column-1\">Peso con transiluminador<\/td>\n<td class=\"column-2\">36 Kg<\/td>\n<\/tr>\n<tr class=\"row-8 even\">\n<td class=\"column-1\">Peso sin transiluminador<\/td>\n<td class=\"column-2\">30 Kg<\/td>\n<\/tr>\n<tr class=\"row-9 odd\">\n<td class=\"column-1\">Software<\/td>\n<td class=\"column-2\">Uvitec-1D \u00a9<\/td>\n<\/tr>\n<\/tbody>\n<\/table>\n<p>[\/vc_column_text][\/vc_column][vc_column width=\u00bb1\/2&#8243;]\n<div class=\"wpcf7 no-js\" id=\"wpcf7-f7-o1\" lang=\"es-ES\" dir=\"ltr\" data-wpcf7-id=\"7\">\n<div class=\"screen-reader-response\"><p role=\"status\" aria-live=\"polite\" aria-atomic=\"true\"><\/p> <ul><\/ul><\/div>\n<form action=\"\/bio\/wp-json\/wp\/v2\/product\/8147#wpcf7-f7-o1\" method=\"post\" class=\"wpcf7-form init\" aria-label=\"Formulario de contacto\" novalidate=\"novalidate\" data-status=\"init\">\n<fieldset class=\"hidden-fields-container\"><input type=\"hidden\" name=\"_wpcf7\" value=\"7\" \/><input type=\"hidden\" name=\"_wpcf7_version\" value=\"6.1.5\" \/><input type=\"hidden\" name=\"_wpcf7_locale\" value=\"es_ES\" \/><input type=\"hidden\" name=\"_wpcf7_unit_tag\" value=\"wpcf7-f7-o1\" \/><input type=\"hidden\" name=\"_wpcf7_container_post\" value=\"0\" \/><input type=\"hidden\" name=\"_wpcf7_posted_data_hash\" value=\"\" \/><input type=\"hidden\" name=\"_wpcf7_recaptcha_response\" value=\"\" \/>\n<\/fieldset>\n<div style=\"color:#e30614;font-weight:600;font-size:30px;margin-bottom:10px;\">\n\t<p>\u00bfPodemos ayudarte?\n\t<\/p>\n<\/div>\n<div class=\"row\">\n\t<div class=\"col-md-6\" style='margin-bottom:20px;'>\n\t\t<p><label>Nombre y Apellidos*<\/label><span class=\"wpcf7-form-control-wrap\" data-name=\"your-name\"><input size=\"40\" maxlength=\"400\" class=\"wpcf7-form-control wpcf7-text wpcf7-validates-as-required\" aria-required=\"true\" aria-invalid=\"false\" value=\"\" type=\"text\" name=\"your-name\" \/><\/span>\n\t\t<\/p>\n\t<\/div>\n\t<div class=\"col-md-6\" style='margin-bottom:20px;'>\n\t\t<p><label>Empresa\/Univ\/Hosp*<\/label><span class=\"wpcf7-form-control-wrap\" data-name=\"your-job\"><input size=\"40\" maxlength=\"400\" class=\"wpcf7-form-control wpcf7-text wpcf7-validates-as-required\" aria-required=\"true\" aria-invalid=\"false\" value=\"\" type=\"text\" name=\"your-job\" \/><\/span>\n\t\t<\/p>\n\t<\/div>\n<\/div>\n<div class=\"row\">\n\t<div class=\"col-md-6\" style='margin-bottom:20px;'>\n\t\t<p><label>Email*<\/label><span class=\"wpcf7-form-control-wrap\" data-name=\"your-email\"><input size=\"40\" maxlength=\"400\" class=\"wpcf7-form-control wpcf7-email wpcf7-validates-as-required wpcf7-text wpcf7-validates-as-email\" aria-required=\"true\" aria-invalid=\"false\" value=\"\" type=\"email\" name=\"your-email\" \/><\/span>\n\t\t<\/p>\n\t<\/div>\n\t<div class=\"col-md-6\" style='margin-bottom:20px;'>\n\t\t<p><label>Tel\u00e9fono*<\/label><span class=\"wpcf7-form-control-wrap\" data-name=\"your-number\"><input size=\"40\" maxlength=\"400\" class=\"wpcf7-form-control wpcf7-text wpcf7-validates-as-required\" aria-required=\"true\" aria-invalid=\"false\" value=\"\" type=\"text\" name=\"your-number\" \/><\/span>\n\t\t<\/p>\n\t<\/div>\n<\/div>\n<p><label>\u00bfEn qu\u00e9 est\u00e1s interesado?<\/label><span class=\"wpcf7-form-control-wrap\" data-name=\"your-message\"><textarea cols=\"40\" rows=\"10\" maxlength=\"2000\" class=\"wpcf7-form-control wpcf7-textarea\" aria-invalid=\"false\" name=\"your-message\"><\/textarea><\/span>\n<\/p>\n<p><span class=\"wpcf7-form-control-wrap\" data-name=\"acceptance-412\"><span class=\"wpcf7-form-control wpcf7-acceptance\"><span class=\"wpcf7-list-item\"><label><input type=\"checkbox\" name=\"acceptance-412\" value=\"1\" aria-invalid=\"false\" \/><span class=\"wpcf7-list-item-label\">He le\u00eddo y acepto la <a href=\"https:\/\/www.controltecnica.com\/bio\/privacidad\" target=\"_blank\">pol\u00edtica de privacidad<\/a><\/span><\/label><\/span><\/span><\/span><br \/>\n<span class=\"wpcf7-form-control-wrap\" data-name=\"acceptance-581\"><span class=\"wpcf7-form-control wpcf7-acceptance optional\"><span class=\"wpcf7-list-item\"><label><input type=\"checkbox\" name=\"acceptance-581\" value=\"1\" aria-invalid=\"false\" \/><span class=\"wpcf7-list-item-label\">Acepto recibir informaci\u00f3n comercial de CONTROLTECNICA<\/span><\/label><\/span><\/span><\/span>\n<\/p>\n<p><input class=\"wpcf7-form-control wpcf7-submit has-spinner btn-size-large btn btn-color-primary\" type=\"submit\" value=\"ENVIAR MENSAJE\" \/>\n<\/p><div class=\"wpcf7-response-output\" aria-hidden=\"true\"><\/div>\n<\/form>\n<\/div>\n[\/vc_column][\/vc_row]<\/p>\n","protected":false},"excerpt":{"rendered":"<p><strong>GELDOC<\/strong><br \/>\n<strong>ESSENTIAL V6<\/strong><\/p>\n<p>El sistema de documentaci\u00f3n de gel de gama alta y compacto con im\u00e1genes de 16 bits. Ideal para la adquisici\u00f3n de im\u00e1genes, edici\u00f3n y an\u00e1lisis preciso.<\/p>\n<p><em>C\u00e1mara y \u00f3ptica<\/em><\/p>\n<p>Resoluci\u00f3n nativa de 3 megap\u00edxeles.<br \/>\nResoluci\u00f3n extendida de 6 megap\u00edxeles.<\/p>\n<p>C\u00e1mara de 16 bits de grado cient\u00edfico con 65.535 tonos de gris.<br \/>\n&gt; 4.0 OD rango din\u00e1mico<br \/>\n26x21cm campo de visi\u00f3n<\/p>\n<p>Sistema de enfriamiento pasivo para disminuir el background<br \/>\nTecnolog\u00eda USB de alta velocidad para una captura m\u00e1s r\u00e1pida<\/p>\n<p><em>Iluminaci\u00f3n<\/em><\/p>\n<p>Paneles LED Epi-blancos<br \/>\nGran variedad de transiluminadores:<br \/>\n\u2022 20M \u2013 312nm, 20x20cm<br \/>\n\u2022 26MX \u2013 312nm, Uvipure, 21x26cm<br \/>\n\u2022 26LM \u2013 312 + 365nm, 21x26cm<\/p>\n<p><em>Opcional<\/em><br \/>\nLuz blanca o azul trans (pantallas de conversi\u00f3n) Gran variedad: hasta 17 filtros de emisi\u00f3n<\/p>\n<p><em>Software<\/em><\/p>\n<p>El software Uvitec-1D \u00a9 de licencia libre incluye:<br \/>\n\u2022 Usuarios ilimitados e instalaciones inform\u00e1ticas.<br \/>\n\u2022 Protocolos predeterminados y totalmente personalizables.<br \/>\n\u2022 Modos de adquisici\u00f3n: Auto, Manual, Previsualizaci\u00f3n.<br \/>\n\u2022 Visualizaci\u00f3n 3D y modos de adquisici\u00f3n live-3D \u00a9.<br \/>\n\u2022Numerosas herramientas de mejora de im\u00e1genes: texto, recortar, rotar, restar fondo, correcci\u00f3n de artefactos An\u00e1lisis ilimitado: cuantificaci\u00f3n \/ normalizaci\u00f3n, MW, c\u00e1lculo de distancia \/ R &amp; F, conteo de colonias.<br \/>\n\u2022Listo y comptable con 21-CFR-parte-11<\/p>\n<p><em>Darkroom<\/em><\/p>\n<p>Fabricado en acero inoxidable para una robustez extrema.<br \/>\nPintura epoxi de larga duraci\u00f3n resistente a qu\u00edmicos.<br \/>\nTotalmente plug-and-play: solo cables de alimentaci\u00f3n y USB<br \/>\nCubre todas las aplicaciones con un solo filtro \u2013 F-590 (incluido).<\/p>\n<p>Apertura total de la puerta para un f\u00e1cil acceso al cuarto oscuro Trans iluminador incorporado Uvipure\u00a9 totalmente deslizable<\/p>\n<p>EL cuarto oscuro y la exposici\u00f3n son 100 % por Software<br \/>\nProceso de adquisici\u00f3n de im\u00e1genes con un solo clic<\/p>\n<p><em>Innovaciones<\/em><\/p>\n<p>Sistema totalmente automatizado On-click\u00ae para<br \/>\nproceso de adquisici\u00f3n de imagen \u00a9 clic<\/p>\n<p>Concepto de Cuarto Oscuro D\u2019tech \u00a9 :<br \/>\n\u2022 Fabricado 100% en acero inoxidable.<br \/>\n\u2022 Apertura completa de la puerta y acceso al cuarto oscuro.<br \/>\n\u2022 Transiluminador completamente deslizable<\/p>\n<p>Modo de adquisici\u00f3n 3D-visualization \u00a9 y live-3D \u00a9<br \/>\nUvipure \u00a9 tecnolog\u00eda patentada<\/p>\n<p><em>Aplicaciones<\/em><\/p>\n<p>Geles de ADN \/ ARN<br \/>\nBromuro de etidio y fluor\u00f3foros seguros: GelRed, GelGreen, Midori, Emerald, SYBR Green I \/ II, SYBR Safe \/ Gold, Bodiply, DAPI, Sypro Ruby )<\/p>\n<p>Prote\u00ednas te\u00f1idas por colorim\u00e9tria, geles Coomassie, Cooper, Silver, Rojo Ponceau<br \/>\nAdquisici\u00f3n en vivo de im\u00e1genes visibles, placas de colonias, films de rayos X.<\/p>\n","protected":false},"featured_media":8148,"template":"","meta":{"iawp_total_views":11},"product_brand":[],"product_cat":[35],"product_tag":[],"class_list":{"0":"post-8147","1":"product","2":"type-product","3":"status-publish","4":"has-post-thumbnail","6":"product_cat-sistemas-de-geldocs-y-quimioluminiscencia","8":"first","9":"instock","10":"shipping-taxable","11":"product-type-simple"},"_links":{"self":[{"href":"https:\/\/www.controltecnica.com\/bio\/wp-json\/wp\/v2\/product\/8147","targetHints":{"allow":["GET"]}}],"collection":[{"href":"https:\/\/www.controltecnica.com\/bio\/wp-json\/wp\/v2\/product"}],"about":[{"href":"https:\/\/www.controltecnica.com\/bio\/wp-json\/wp\/v2\/types\/product"}],"wp:featuredmedia":[{"embeddable":true,"href":"https:\/\/www.controltecnica.com\/bio\/wp-json\/wp\/v2\/media\/8148"}],"wp:attachment":[{"href":"https:\/\/www.controltecnica.com\/bio\/wp-json\/wp\/v2\/media?parent=8147"}],"wp:term":[{"taxonomy":"product_brand","embeddable":true,"href":"https:\/\/www.controltecnica.com\/bio\/wp-json\/wp\/v2\/product_brand?post=8147"},{"taxonomy":"product_cat","embeddable":true,"href":"https:\/\/www.controltecnica.com\/bio\/wp-json\/wp\/v2\/product_cat?post=8147"},{"taxonomy":"product_tag","embeddable":true,"href":"https:\/\/www.controltecnica.com\/bio\/wp-json\/wp\/v2\/product_tag?post=8147"}],"curies":[{"name":"wp","href":"https:\/\/api.w.org\/{rel}","templated":true}]}}