{"id":8145,"date":"2021-12-09T08:15:46","date_gmt":"2021-12-09T08:15:46","guid":{"rendered":"https:\/\/www.controltecnica.com\/bio\/?post_type=product&#038;p=8145"},"modified":"2025-01-16T10:05:09","modified_gmt":"2025-01-16T10:05:09","slug":"uvisave-q9","status":"publish","type":"product","link":"https:\/\/www.controltecnica.com\/bio\/producto\/uvisave-q9\/","title":{"rendered":"UVisave Q9"},"content":{"rendered":"<p>[vc_row][vc_column width=\u00bb1\/2&#8243;][vc_column_text text_larger=\u00bbno\u00bb]<\/p>\n<table class=\"table-condensed table-striped\">\n<tbody class=\"row-hover\">\n<tr class=\"row-1 odd\">\n<td class=\"column-1\">Resoluci\u00f3n<\/td>\n<td class=\"column-2\">3MP<\/td>\n<\/tr>\n<tr class=\"row-2 even\">\n<td class=\"column-1\">Sensor<\/td>\n<td class=\"column-2\">16 bits<\/td>\n<\/tr>\n<tr class=\"row-3 odd\">\n<td class=\"column-1\">Filtro<\/td>\n<td class=\"column-2\">F-590<\/td>\n<\/tr>\n<tr class=\"row-4 even\">\n<td class=\"column-1\">Pantalla<\/td>\n<td class=\"column-2\">12.2&#8242; HD<\/td>\n<\/tr>\n<tr class=\"row-5 odd\">\n<td class=\"column-1\">Dimensiones<\/td>\n<td class=\"column-2\">40 x 14 x 29 cm (W x H x L)<\/td>\n<\/tr>\n<tr class=\"row-6 even\">\n<td class=\"column-1\">Peso<\/td>\n<td class=\"column-2\">3 Kg<\/td>\n<\/tr>\n<\/tbody>\n<\/table>\n<p>[\/vc_column_text][\/vc_column][vc_column width=\u00bb1\/2&#8243;]\n<div class=\"wpcf7 no-js\" id=\"wpcf7-f7-o1\" lang=\"es-ES\" dir=\"ltr\" data-wpcf7-id=\"7\">\n<div class=\"screen-reader-response\"><p role=\"status\" aria-live=\"polite\" aria-atomic=\"true\"><\/p> <ul><\/ul><\/div>\n<form action=\"\/bio\/wp-json\/wp\/v2\/product\/8145#wpcf7-f7-o1\" method=\"post\" class=\"wpcf7-form init\" aria-label=\"Formulario de contacto\" novalidate=\"novalidate\" data-status=\"init\">\n<fieldset class=\"hidden-fields-container\"><input type=\"hidden\" name=\"_wpcf7\" value=\"7\" \/><input type=\"hidden\" name=\"_wpcf7_version\" value=\"6.1.5\" \/><input type=\"hidden\" name=\"_wpcf7_locale\" value=\"es_ES\" \/><input type=\"hidden\" name=\"_wpcf7_unit_tag\" value=\"wpcf7-f7-o1\" \/><input type=\"hidden\" name=\"_wpcf7_container_post\" value=\"0\" \/><input type=\"hidden\" name=\"_wpcf7_posted_data_hash\" value=\"\" \/><input type=\"hidden\" name=\"_wpcf7_recaptcha_response\" value=\"\" \/>\n<\/fieldset>\n<div style=\"color:#e30614;font-weight:600;font-size:30px;margin-bottom:10px;\">\n\t<p>\u00bfPodemos ayudarte?\n\t<\/p>\n<\/div>\n<div class=\"row\">\n\t<div class=\"col-md-6\" style='margin-bottom:20px;'>\n\t\t<p><label>Nombre y Apellidos*<\/label><span class=\"wpcf7-form-control-wrap\" data-name=\"your-name\"><input size=\"40\" maxlength=\"400\" class=\"wpcf7-form-control wpcf7-text wpcf7-validates-as-required\" aria-required=\"true\" aria-invalid=\"false\" value=\"\" type=\"text\" name=\"your-name\" \/><\/span>\n\t\t<\/p>\n\t<\/div>\n\t<div class=\"col-md-6\" style='margin-bottom:20px;'>\n\t\t<p><label>Empresa\/Univ\/Hosp*<\/label><span class=\"wpcf7-form-control-wrap\" data-name=\"your-job\"><input size=\"40\" maxlength=\"400\" class=\"wpcf7-form-control wpcf7-text wpcf7-validates-as-required\" aria-required=\"true\" aria-invalid=\"false\" value=\"\" type=\"text\" name=\"your-job\" \/><\/span>\n\t\t<\/p>\n\t<\/div>\n<\/div>\n<div class=\"row\">\n\t<div class=\"col-md-6\" style='margin-bottom:20px;'>\n\t\t<p><label>Email*<\/label><span class=\"wpcf7-form-control-wrap\" data-name=\"your-email\"><input size=\"40\" maxlength=\"400\" class=\"wpcf7-form-control wpcf7-email wpcf7-validates-as-required wpcf7-text wpcf7-validates-as-email\" aria-required=\"true\" aria-invalid=\"false\" value=\"\" type=\"email\" name=\"your-email\" \/><\/span>\n\t\t<\/p>\n\t<\/div>\n\t<div class=\"col-md-6\" style='margin-bottom:20px;'>\n\t\t<p><label>Tel\u00e9fono*<\/label><span class=\"wpcf7-form-control-wrap\" data-name=\"your-number\"><input size=\"40\" maxlength=\"400\" class=\"wpcf7-form-control wpcf7-text wpcf7-validates-as-required\" aria-required=\"true\" aria-invalid=\"false\" value=\"\" type=\"text\" name=\"your-number\" \/><\/span>\n\t\t<\/p>\n\t<\/div>\n<\/div>\n<p><label>\u00bfEn qu\u00e9 est\u00e1s interesado?<\/label><span class=\"wpcf7-form-control-wrap\" data-name=\"your-message\"><textarea cols=\"40\" rows=\"10\" maxlength=\"2000\" class=\"wpcf7-form-control wpcf7-textarea\" aria-invalid=\"false\" name=\"your-message\"><\/textarea><\/span>\n<\/p>\n<p><span class=\"wpcf7-form-control-wrap\" data-name=\"acceptance-412\"><span class=\"wpcf7-form-control wpcf7-acceptance\"><span class=\"wpcf7-list-item\"><label><input type=\"checkbox\" name=\"acceptance-412\" value=\"1\" aria-invalid=\"false\" \/><span class=\"wpcf7-list-item-label\">He le\u00eddo y acepto la <a href=\"https:\/\/www.controltecnica.com\/bio\/privacidad\" target=\"_blank\">pol\u00edtica de privacidad<\/a><\/span><\/label><\/span><\/span><\/span><br \/>\n<span class=\"wpcf7-form-control-wrap\" data-name=\"acceptance-581\"><span class=\"wpcf7-form-control wpcf7-acceptance optional\"><span class=\"wpcf7-list-item\"><label><input type=\"checkbox\" name=\"acceptance-581\" value=\"1\" aria-invalid=\"false\" \/><span class=\"wpcf7-list-item-label\">Acepto recibir informaci\u00f3n comercial de CONTROLTECNICA<\/span><\/label><\/span><\/span><\/span>\n<\/p>\n<p><input class=\"wpcf7-form-control wpcf7-submit has-spinner btn-size-large btn btn-color-primary\" type=\"submit\" value=\"ENVIAR MENSAJE\" \/>\n<\/p><div class=\"wpcf7-response-output\" aria-hidden=\"true\"><\/div>\n<\/form>\n<\/div>\n[\/vc_column][\/vc_row]<\/p>\n","protected":false},"excerpt":{"rendered":"<p><strong>UVisave Q9<\/strong><\/p>\n<p>Equipado con una c\u00e1mara oscura de f\u00e1cil extracci\u00f3n, el Uvisave Q9 es un sistema de documentaci\u00f3n en gel con una c\u00e1mara grado cient\u00edfico de 16 bits que ofrece un ingenioso procesador de 3MP Resoluci\u00f3n y 65.535 niveles de gris. Las im\u00e1genes se visualizan en un Pantalla t\u00e1ctil gigante de 12.2 \u201cHD y se puede transferir f\u00e1cilmente a una computadora para su posterior edici\u00f3n y an\u00e1lisis.<\/p>\n<p><em>\u00d3ptica<\/em><\/p>\n<p>3.000.000 p\u00edxeles&gt; eexcelentes im\u00e1genes a grado de publicaci\u00f3n<br \/>\nSensor\u00a0 de 16 bits&gt; Profundidad de p\u00edxeles masiva para im\u00e1genes cient\u00edficas<br \/>\n65,535 niveles de grises&gt; cuantificaci\u00f3n a nivel de investigaci\u00f3n disponible<br \/>\nEnfriamiento pasivo&gt; ruido reducido para im\u00e1genes m\u00e1s claras<\/p>\n<p><em>Aplicaciones<\/em><\/p>\n<p>Sin fin de opciones&gt; coloque c\u00e1mara oscura sobre cualquier transiluminador<br \/>\nMultifunci\u00f3n&gt; pantallas opcionales para aplicaciones extendidas.<br \/>\nFiltro F-590&gt; filtro de gama alta para geles de \u00e1cidos nucleicos<br \/>\nTotalmente personalizable&gt; 100% de par\u00e1metros y protocolos ajustables<\/p>\n<p><em>Sistema<\/em><\/p>\n<p>12.2 \u2019HD, pantalla 16\/9&gt; excelente visualizaci\u00f3n de la imagen<br \/>\nSoftware de adquisici\u00f3n a bordo&gt; interfaz f\u00e1cil de usar<br \/>\nSoftware de Uvitec-1D&gt; usuarios ilimitados, an\u00e1lisis incluido<br \/>\nDise\u00f1o moderno&gt; tama\u00f1o reducido, instalado en cualquier lugar del laboratorio<\/p>\n","protected":false},"featured_media":8146,"template":"","meta":{"iawp_total_views":15},"product_brand":[],"product_cat":[35],"product_tag":[],"class_list":{"0":"post-8145","1":"product","2":"type-product","3":"status-publish","4":"has-post-thumbnail","6":"product_cat-sistemas-de-geldocs-y-quimioluminiscencia","8":"first","9":"instock","10":"shipping-taxable","11":"product-type-simple"},"_links":{"self":[{"href":"https:\/\/www.controltecnica.com\/bio\/wp-json\/wp\/v2\/product\/8145","targetHints":{"allow":["GET"]}}],"collection":[{"href":"https:\/\/www.controltecnica.com\/bio\/wp-json\/wp\/v2\/product"}],"about":[{"href":"https:\/\/www.controltecnica.com\/bio\/wp-json\/wp\/v2\/types\/product"}],"wp:featuredmedia":[{"embeddable":true,"href":"https:\/\/www.controltecnica.com\/bio\/wp-json\/wp\/v2\/media\/8146"}],"wp:attachment":[{"href":"https:\/\/www.controltecnica.com\/bio\/wp-json\/wp\/v2\/media?parent=8145"}],"wp:term":[{"taxonomy":"product_brand","embeddable":true,"href":"https:\/\/www.controltecnica.com\/bio\/wp-json\/wp\/v2\/product_brand?post=8145"},{"taxonomy":"product_cat","embeddable":true,"href":"https:\/\/www.controltecnica.com\/bio\/wp-json\/wp\/v2\/product_cat?post=8145"},{"taxonomy":"product_tag","embeddable":true,"href":"https:\/\/www.controltecnica.com\/bio\/wp-json\/wp\/v2\/product_tag?post=8145"}],"curies":[{"name":"wp","href":"https:\/\/api.w.org\/{rel}","templated":true}]}}