{"id":8062,"date":"2021-12-03T10:37:11","date_gmt":"2021-12-03T10:37:11","guid":{"rendered":"https:\/\/www.controltecnica.com\/bio\/?post_type=product&#038;p=8062"},"modified":"2022-09-15T11:42:20","modified_gmt":"2022-09-15T11:42:20","slug":"centrifuga-afi-sirena-refrigerada","status":"publish","type":"product","link":"https:\/\/www.controltecnica.com\/bio\/producto\/centrifuga-afi-sirena-refrigerada\/","title":{"rendered":"Centr\u00edfuga AFI Sirena Refrigerada"},"content":{"rendered":"<p>[vc_row][vc_column width=\u00bb1\/2&#8243;][vc_column_text text_larger=\u00bbno\u00bb]<\/p>\n<table class=\"table-condensed table-striped\">\n<tbody class=\"row-hover\">\n<tr class=\"row-1 odd\">\n<td class=\"column-1\">Capacidad m\u00e1x.<\/td>\n<td class=\"column-2\">0,6L<\/td>\n<\/tr>\n<tr class=\"row-2 even\">\n<td class=\"column-1\">Modelo<\/td>\n<td class=\"column-2\">Refrigerada<\/td>\n<\/tr>\n<tr class=\"row-3 odd\">\n<td class=\"column-1\">Velocidad m\u00e1x.<\/td>\n<td class=\"column-2\">18 000 rpm<\/td>\n<\/tr>\n<tr class=\"row-4 even\">\n<td class=\"column-1\">Fuerza centr\u00edfuga m\u00e1x.<\/td>\n<td class=\"column-2\">31 594 xg<\/td>\n<\/tr>\n<tr class=\"row-5 odd\">\n<td class=\"column-1\">Aceleraci\u00f3n \/ Deceleraci\u00f3n<\/td>\n<td class=\"column-2\">10 Y 10<\/td>\n<\/tr>\n<tr class=\"row-6 even\">\n<td class=\"column-1\">N\u00ba de programas<\/td>\n<td class=\"column-2\">99+2<\/td>\n<\/tr>\n<tr class=\"row-7 odd\">\n<td class=\"column-1\">Dimensiones (alto x ancho x fondo)<\/td>\n<td class=\"column-2\">29 x 44 x 72 cm<\/td>\n<\/tr>\n<tr class=\"row-8 even\">\n<td class=\"column-1\">Peso neto (sin rotor)<\/td>\n<td class=\"column-2\">70 kg<\/td>\n<\/tr>\n<tr class=\"row-9 odd\">\n<td class=\"column-1\">Nivel ruido<\/td>\n<td class=\"column-2\">\u2264 54 dB<\/td>\n<\/tr>\n<tr class=\"row-10 even\">\n<td class=\"column-1\">Voltaje<\/td>\n<td class=\"column-2\">230V \u00b110% | 50 Hz<\/td>\n<\/tr>\n<\/tbody>\n<\/table>\n<p>[\/vc_column_text][\/vc_column][vc_column width=\u00bb1\/2&#8243;]\n<div class=\"wpcf7 no-js\" id=\"wpcf7-f7-o1\" lang=\"es-ES\" dir=\"ltr\" data-wpcf7-id=\"7\">\n<div class=\"screen-reader-response\"><p role=\"status\" aria-live=\"polite\" aria-atomic=\"true\"><\/p> <ul><\/ul><\/div>\n<form action=\"\/bio\/wp-json\/wp\/v2\/product\/8062#wpcf7-f7-o1\" method=\"post\" class=\"wpcf7-form init\" aria-label=\"Formulario de contacto\" novalidate=\"novalidate\" data-status=\"init\">\n<fieldset class=\"hidden-fields-container\"><input type=\"hidden\" name=\"_wpcf7\" value=\"7\" \/><input type=\"hidden\" name=\"_wpcf7_version\" value=\"6.1.5\" \/><input type=\"hidden\" name=\"_wpcf7_locale\" value=\"es_ES\" \/><input type=\"hidden\" name=\"_wpcf7_unit_tag\" value=\"wpcf7-f7-o1\" \/><input type=\"hidden\" name=\"_wpcf7_container_post\" value=\"0\" \/><input type=\"hidden\" name=\"_wpcf7_posted_data_hash\" value=\"\" \/><input type=\"hidden\" name=\"_wpcf7_recaptcha_response\" value=\"\" \/>\n<\/fieldset>\n<div style=\"color:#e30614;font-weight:600;font-size:30px;margin-bottom:10px;\">\n\t<p>\u00bfPodemos ayudarte?\n\t<\/p>\n<\/div>\n<div class=\"row\">\n\t<div class=\"col-md-6\" style='margin-bottom:20px;'>\n\t\t<p><label>Nombre y Apellidos*<\/label><span class=\"wpcf7-form-control-wrap\" data-name=\"your-name\"><input size=\"40\" maxlength=\"400\" class=\"wpcf7-form-control wpcf7-text wpcf7-validates-as-required\" aria-required=\"true\" aria-invalid=\"false\" value=\"\" type=\"text\" name=\"your-name\" \/><\/span>\n\t\t<\/p>\n\t<\/div>\n\t<div class=\"col-md-6\" style='margin-bottom:20px;'>\n\t\t<p><label>Empresa\/Univ\/Hosp*<\/label><span class=\"wpcf7-form-control-wrap\" data-name=\"your-job\"><input size=\"40\" maxlength=\"400\" class=\"wpcf7-form-control wpcf7-text wpcf7-validates-as-required\" aria-required=\"true\" aria-invalid=\"false\" value=\"\" type=\"text\" name=\"your-job\" \/><\/span>\n\t\t<\/p>\n\t<\/div>\n<\/div>\n<div class=\"row\">\n\t<div class=\"col-md-6\" style='margin-bottom:20px;'>\n\t\t<p><label>Email*<\/label><span class=\"wpcf7-form-control-wrap\" data-name=\"your-email\"><input size=\"40\" maxlength=\"400\" class=\"wpcf7-form-control wpcf7-email wpcf7-validates-as-required wpcf7-text wpcf7-validates-as-email\" aria-required=\"true\" aria-invalid=\"false\" value=\"\" type=\"email\" name=\"your-email\" \/><\/span>\n\t\t<\/p>\n\t<\/div>\n\t<div class=\"col-md-6\" style='margin-bottom:20px;'>\n\t\t<p><label>Tel\u00e9fono*<\/label><span class=\"wpcf7-form-control-wrap\" data-name=\"your-number\"><input size=\"40\" maxlength=\"400\" class=\"wpcf7-form-control wpcf7-text wpcf7-validates-as-required\" aria-required=\"true\" aria-invalid=\"false\" value=\"\" type=\"text\" name=\"your-number\" \/><\/span>\n\t\t<\/p>\n\t<\/div>\n<\/div>\n<p><label>\u00bfEn qu\u00e9 est\u00e1s interesado?<\/label><span class=\"wpcf7-form-control-wrap\" data-name=\"your-message\"><textarea cols=\"40\" rows=\"10\" maxlength=\"2000\" class=\"wpcf7-form-control wpcf7-textarea\" aria-invalid=\"false\" name=\"your-message\"><\/textarea><\/span>\n<\/p>\n<p><span class=\"wpcf7-form-control-wrap\" data-name=\"acceptance-412\"><span class=\"wpcf7-form-control wpcf7-acceptance\"><span class=\"wpcf7-list-item\"><label><input type=\"checkbox\" name=\"acceptance-412\" value=\"1\" aria-invalid=\"false\" \/><span class=\"wpcf7-list-item-label\">He le\u00eddo y acepto la <a href=\"https:\/\/www.controltecnica.com\/bio\/privacidad\" target=\"_blank\">pol\u00edtica de privacidad<\/a><\/span><\/label><\/span><\/span><\/span><br \/>\n<span class=\"wpcf7-form-control-wrap\" data-name=\"acceptance-581\"><span class=\"wpcf7-form-control wpcf7-acceptance optional\"><span class=\"wpcf7-list-item\"><label><input type=\"checkbox\" name=\"acceptance-581\" value=\"1\" aria-invalid=\"false\" \/><span class=\"wpcf7-list-item-label\">Acepto recibir informaci\u00f3n comercial de CONTROLTECNICA<\/span><\/label><\/span><\/span><\/span>\n<\/p>\n<p><input class=\"wpcf7-form-control wpcf7-submit has-spinner btn-size-large btn btn-color-primary\" type=\"submit\" value=\"ENVIAR MENSAJE\" \/>\n<\/p><div class=\"wpcf7-response-output\" aria-hidden=\"true\"><\/div>\n<\/form>\n<\/div>\n[\/vc_column][\/vc_row]<\/p>\n","protected":false},"excerpt":{"rendered":"<p><strong>AFI SIRENA<\/strong><\/p>\n<p>Dise\u00f1o de innovaci\u00f3n para ti!<br \/>\nEl nuevo dise\u00f1o electr\u00f3nico de AFI ha sido dise\u00f1ado para mantener la simplicidad y facilidad de uso como toda la gama de centr\u00edfugas AFI. Incre\u00edble pantalla de contraste,\u00a0gestos de apertura\/parada y toque t\u00e1ctil para simplificar los controles de configuraci\u00f3n de la centr\u00edfuga.<\/p>\n<p>El sistema \u00abAuto Cleaning\u00bb ofrece un dise\u00f1o compacto y \u00fanico que le proporciona excelentes resultados de limpieza y asegura una desinfecci\u00f3n completa de su c\u00e1mara de centrifugado. Totalmente autom\u00e1tico, innovador y \u00fanico, este concepto \u00abautolimpieza\u00bb desarrollado por AFI Groups FRANCE se ha adaptado a todas las gamas refrigeradas.<\/p>\n<p><strong>\u00a0Caracter\u00edsticas:<\/strong><\/p>\n<ul>\n<li>Centr\u00edfuga de sobremesa.<\/li>\n<li>ClickSpin patentado para un f\u00e1cil cambio del rotor (no se necesita herramienta).<\/li>\n<li>Tubos de extracci\u00f3n de sangre de 36 x 5\/7 ml.<\/li>\n<li>Disponible para aplicaciones de microtubos de 50 ml \/ 15 ml \/ 10 ml \/ 5 ml -2 ml<\/li>\n<li>Amplia gama de rotores angulares (m\u00e1x. 31.514g @ 18.000 rpm)<\/li>\n<li>Pantalla grande 4.7 \u2019con bajo consumo de energ\u00eda<\/li>\n<li>Hasta 99 programas.<\/li>\n<li>Dimensiones del modelo refrigerado.<br \/>\nAltura: 29 cm<br \/>\nAncho: 44 cm<br \/>\nProfundidad: 72 cm.<\/li>\n<\/ul>\n","protected":false},"featured_media":8087,"template":"","meta":{"iawp_total_views":28},"product_brand":[],"product_cat":[40],"product_tag":[],"class_list":{"0":"post-8062","1":"product","2":"type-product","3":"status-publish","4":"has-post-thumbnail","6":"product_cat-centrifugas-multiproposito","8":"first","9":"instock","10":"shipping-taxable","11":"product-type-simple"},"_links":{"self":[{"href":"https:\/\/www.controltecnica.com\/bio\/wp-json\/wp\/v2\/product\/8062","targetHints":{"allow":["GET"]}}],"collection":[{"href":"https:\/\/www.controltecnica.com\/bio\/wp-json\/wp\/v2\/product"}],"about":[{"href":"https:\/\/www.controltecnica.com\/bio\/wp-json\/wp\/v2\/types\/product"}],"wp:featuredmedia":[{"embeddable":true,"href":"https:\/\/www.controltecnica.com\/bio\/wp-json\/wp\/v2\/media\/8087"}],"wp:attachment":[{"href":"https:\/\/www.controltecnica.com\/bio\/wp-json\/wp\/v2\/media?parent=8062"}],"wp:term":[{"taxonomy":"product_brand","embeddable":true,"href":"https:\/\/www.controltecnica.com\/bio\/wp-json\/wp\/v2\/product_brand?post=8062"},{"taxonomy":"product_cat","embeddable":true,"href":"https:\/\/www.controltecnica.com\/bio\/wp-json\/wp\/v2\/product_cat?post=8062"},{"taxonomy":"product_tag","embeddable":true,"href":"https:\/\/www.controltecnica.com\/bio\/wp-json\/wp\/v2\/product_tag?post=8062"}],"curies":[{"name":"wp","href":"https:\/\/api.w.org\/{rel}","templated":true}]}}