{"id":8057,"date":"2021-12-03T10:24:31","date_gmt":"2021-12-03T10:24:31","guid":{"rendered":"https:\/\/www.controltecnica.com\/bio\/?post_type=product&#038;p=8057"},"modified":"2021-12-09T08:02:12","modified_gmt":"2021-12-09T08:02:12","slug":"centrifugas-afi-lisa-ventilada","status":"publish","type":"product","link":"https:\/\/www.controltecnica.com\/bio\/producto\/centrifugas-afi-lisa-ventilada\/","title":{"rendered":"Centr\u00edfugas AFI LISA Ventilada"},"content":{"rendered":"<p>[vc_row][vc_column width=\u00bb1\/2&#8243;][vc_column_text text_larger=\u00bbno\u00bb]<\/p>\n<table class=\"table-condensed table-striped\">\n<tbody class=\"row-hover\">\n<tr class=\"row-1 odd\">\n<td class=\"column-1\">Capacidad m\u00e1x.<\/td>\n<td class=\"column-2\">2.5 L \u2013 4 buckets de 625 ml<\/td>\n<\/tr>\n<tr class=\"row-2 even\">\n<td class=\"column-1\">Modelo<\/td>\n<td class=\"column-2\">Ventilado<\/td>\n<\/tr>\n<tr class=\"row-3 odd\">\n<td class=\"column-1\">Velocidad m\u00e1x.<\/td>\n<td class=\"column-2\">15 300 rpm<\/td>\n<\/tr>\n<tr class=\"row-4 even\">\n<td class=\"column-1\">Fuerza centr\u00edfuga m\u00e1x.<\/td>\n<td class=\"column-2\">22 380 xg<\/td>\n<\/tr>\n<tr class=\"row-5 odd\">\n<td class=\"column-1\">Aceleraci\u00f3n \/ Deceleraci\u00f3n<\/td>\n<td class=\"column-2\">9 \/ 10 pasos<\/td>\n<\/tr>\n<tr class=\"row-6 even\">\n<td class=\"column-1\">N\u00ba de programas<\/td>\n<td class=\"column-2\">99<\/td>\n<\/tr>\n<tr class=\"row-7 odd\">\n<td class=\"column-1\">Dimensiones externas (alto x ancho x fondo)<\/td>\n<td class=\"column-2\">347 x 457 x 604 mm<\/td>\n<\/tr>\n<tr class=\"row-8 even\">\n<td class=\"column-1\">Peso neto (sin rotor)<\/td>\n<td class=\"column-2\">71 kg<\/td>\n<\/tr>\n<tr class=\"row-9 odd\">\n<td class=\"column-1\">Nivel ruido<\/td>\n<td class=\"column-2\">\u2264 60dB<\/td>\n<\/tr>\n<tr class=\"row-10 even\">\n<td class=\"column-1\">Consumo<\/td>\n<td class=\"column-2\">900 W<\/td>\n<\/tr>\n<tr class=\"row-11 odd\">\n<td class=\"column-1\">Voltaje<\/td>\n<td class=\"column-2\">230V \u00b110% | 50 Hz<\/td>\n<\/tr>\n<\/tbody>\n<\/table>\n<p>[\/vc_column_text][\/vc_column][vc_column width=\u00bb1\/2&#8243;]\n<div class=\"wpcf7 no-js\" id=\"wpcf7-f7-o1\" lang=\"es-ES\" dir=\"ltr\" data-wpcf7-id=\"7\">\n<div class=\"screen-reader-response\"><p role=\"status\" aria-live=\"polite\" aria-atomic=\"true\"><\/p> <ul><\/ul><\/div>\n<form action=\"\/bio\/wp-json\/wp\/v2\/product\/8057#wpcf7-f7-o1\" method=\"post\" class=\"wpcf7-form init\" aria-label=\"Formulario de contacto\" novalidate=\"novalidate\" data-status=\"init\">\n<fieldset class=\"hidden-fields-container\"><input type=\"hidden\" name=\"_wpcf7\" value=\"7\" \/><input type=\"hidden\" name=\"_wpcf7_version\" value=\"6.1.5\" \/><input type=\"hidden\" name=\"_wpcf7_locale\" value=\"es_ES\" \/><input type=\"hidden\" name=\"_wpcf7_unit_tag\" value=\"wpcf7-f7-o1\" \/><input type=\"hidden\" name=\"_wpcf7_container_post\" value=\"0\" \/><input type=\"hidden\" name=\"_wpcf7_posted_data_hash\" value=\"\" \/><input type=\"hidden\" name=\"_wpcf7_recaptcha_response\" value=\"\" \/>\n<\/fieldset>\n<div style=\"color:#e30614;font-weight:600;font-size:30px;margin-bottom:10px;\">\n\t<p>\u00bfPodemos ayudarte?\n\t<\/p>\n<\/div>\n<div class=\"row\">\n\t<div class=\"col-md-6\" style='margin-bottom:20px;'>\n\t\t<p><label>Nombre y Apellidos*<\/label><span class=\"wpcf7-form-control-wrap\" data-name=\"your-name\"><input size=\"40\" maxlength=\"400\" class=\"wpcf7-form-control wpcf7-text wpcf7-validates-as-required\" aria-required=\"true\" aria-invalid=\"false\" value=\"\" type=\"text\" name=\"your-name\" \/><\/span>\n\t\t<\/p>\n\t<\/div>\n\t<div class=\"col-md-6\" style='margin-bottom:20px;'>\n\t\t<p><label>Empresa\/Univ\/Hosp*<\/label><span class=\"wpcf7-form-control-wrap\" data-name=\"your-job\"><input size=\"40\" maxlength=\"400\" class=\"wpcf7-form-control wpcf7-text wpcf7-validates-as-required\" aria-required=\"true\" aria-invalid=\"false\" value=\"\" type=\"text\" name=\"your-job\" \/><\/span>\n\t\t<\/p>\n\t<\/div>\n<\/div>\n<div class=\"row\">\n\t<div class=\"col-md-6\" style='margin-bottom:20px;'>\n\t\t<p><label>Email*<\/label><span class=\"wpcf7-form-control-wrap\" data-name=\"your-email\"><input size=\"40\" maxlength=\"400\" class=\"wpcf7-form-control wpcf7-email wpcf7-validates-as-required wpcf7-text wpcf7-validates-as-email\" aria-required=\"true\" aria-invalid=\"false\" value=\"\" type=\"email\" name=\"your-email\" \/><\/span>\n\t\t<\/p>\n\t<\/div>\n\t<div class=\"col-md-6\" style='margin-bottom:20px;'>\n\t\t<p><label>Tel\u00e9fono*<\/label><span class=\"wpcf7-form-control-wrap\" data-name=\"your-number\"><input size=\"40\" maxlength=\"400\" class=\"wpcf7-form-control wpcf7-text wpcf7-validates-as-required\" aria-required=\"true\" aria-invalid=\"false\" value=\"\" type=\"text\" name=\"your-number\" \/><\/span>\n\t\t<\/p>\n\t<\/div>\n<\/div>\n<p><label>\u00bfEn qu\u00e9 est\u00e1s interesado?<\/label><span class=\"wpcf7-form-control-wrap\" data-name=\"your-message\"><textarea cols=\"40\" rows=\"10\" maxlength=\"2000\" class=\"wpcf7-form-control wpcf7-textarea\" aria-invalid=\"false\" name=\"your-message\"><\/textarea><\/span>\n<\/p>\n<p><span class=\"wpcf7-form-control-wrap\" data-name=\"acceptance-412\"><span class=\"wpcf7-form-control wpcf7-acceptance\"><span class=\"wpcf7-list-item\"><label><input type=\"checkbox\" name=\"acceptance-412\" value=\"1\" aria-invalid=\"false\" \/><span class=\"wpcf7-list-item-label\">He le\u00eddo y acepto la <a href=\"https:\/\/www.controltecnica.com\/bio\/privacidad\" target=\"_blank\">pol\u00edtica de privacidad<\/a><\/span><\/label><\/span><\/span><\/span><br \/>\n<span class=\"wpcf7-form-control-wrap\" data-name=\"acceptance-581\"><span class=\"wpcf7-form-control wpcf7-acceptance optional\"><span class=\"wpcf7-list-item\"><label><input type=\"checkbox\" name=\"acceptance-581\" value=\"1\" aria-invalid=\"false\" \/><span class=\"wpcf7-list-item-label\">Acepto recibir informaci\u00f3n comercial de CONTROLTECNICA<\/span><\/label><\/span><\/span><\/span>\n<\/p>\n<p><input class=\"wpcf7-form-control wpcf7-submit has-spinner btn-size-large btn btn-color-primary\" type=\"submit\" value=\"ENVIAR MENSAJE\" \/>\n<\/p><div class=\"wpcf7-response-output\" aria-hidden=\"true\"><\/div>\n<\/form>\n<\/div>\n[\/vc_column][\/vc_row]<\/p>\n","protected":false},"excerpt":{"rendered":"<p><strong>Centr\u00edfugas AFI LISA ventilada<\/strong><\/p>\n<p>Como resultado de m\u00e1s de 20 a\u00f1os de experiencia en el dise\u00f1o y fabricaci\u00f3n de centr\u00edfugas, las centr\u00edfugas AFI LISA, con una capacidad nominal de 2.5L, permiten optimizar su rendimiento. Con caracter\u00edsticas \u00fanicas: estabilizador anti-vibraci\u00f3n, pantalla intuitiva, biblioteca de rotores, etc\u2026 y su dise\u00f1o \u00fanico, pueden alcanzar una productividad hasta ahora impensable. (traspasar los limites de productividad de su laboratorio)<\/p>\n<p>Las centr\u00edfugas AFI LISA garantizan la seguridad de sus muestras y de los diferentes usuarios en todo momento.<\/p>\n<p>La centr\u00edfuga AFI LISA est\u00e1 disponible en su versi\u00f3n ventilada y en su versi\u00f3n refrigerada. Los modelos refrigerados ofrecen un alto rendimiento en el manejo de muestras que requieran de centrifugaci\u00f3n a bajas temperaturas.<\/p>\n<p><strong>\u00a0Caracter\u00edsticas que facilitan su trabajo diario:<\/strong><\/p>\n<ul>\n<li>Entrada de aire fresco para una mejor ventilaci\u00f3n y limitaci\u00f3n del sobrecalentamiento de las muestras<\/li>\n<li>Espacio entre la tapa y la cubeta para garantizar la seguridad de sus dedos<\/li>\n<li>Baja altura de la centr\u00edfuga para un f\u00e1cil acceso a las muestras<\/li>\n<li>Interruptor general situado en el frontal de la centr\u00edfuga para un acceso m\u00e1s c\u00f3modo<\/li>\n<li>Optimizaci\u00f3n del espacio con mayor capacidad de muestras (92 tubos de 5\/7 ml, 169 microplacas\u2026 en 0,40 m2)<\/li>\n<li>Indicador visual de fin de ciclo<\/li>\n<li>Cierre motorizado y seguro de la tapa con el sistema Lidblockade\u2122<\/li>\n<\/ul>\n","protected":false},"featured_media":8113,"template":"","meta":{"iawp_total_views":31},"product_brand":[],"product_cat":[40],"product_tag":[],"class_list":{"0":"post-8057","1":"product","2":"type-product","3":"status-publish","4":"has-post-thumbnail","6":"product_cat-centrifugas-multiproposito","8":"first","9":"instock","10":"shipping-taxable","11":"product-type-simple"},"_links":{"self":[{"href":"https:\/\/www.controltecnica.com\/bio\/wp-json\/wp\/v2\/product\/8057","targetHints":{"allow":["GET"]}}],"collection":[{"href":"https:\/\/www.controltecnica.com\/bio\/wp-json\/wp\/v2\/product"}],"about":[{"href":"https:\/\/www.controltecnica.com\/bio\/wp-json\/wp\/v2\/types\/product"}],"wp:featuredmedia":[{"embeddable":true,"href":"https:\/\/www.controltecnica.com\/bio\/wp-json\/wp\/v2\/media\/8113"}],"wp:attachment":[{"href":"https:\/\/www.controltecnica.com\/bio\/wp-json\/wp\/v2\/media?parent=8057"}],"wp:term":[{"taxonomy":"product_brand","embeddable":true,"href":"https:\/\/www.controltecnica.com\/bio\/wp-json\/wp\/v2\/product_brand?post=8057"},{"taxonomy":"product_cat","embeddable":true,"href":"https:\/\/www.controltecnica.com\/bio\/wp-json\/wp\/v2\/product_cat?post=8057"},{"taxonomy":"product_tag","embeddable":true,"href":"https:\/\/www.controltecnica.com\/bio\/wp-json\/wp\/v2\/product_tag?post=8057"}],"curies":[{"name":"wp","href":"https:\/\/api.w.org\/{rel}","templated":true}]}}