{"id":7850,"date":"2021-12-02T09:50:41","date_gmt":"2021-12-02T09:50:41","guid":{"rendered":"https:\/\/www.controltecnica.com\/bio\/?post_type=product&#038;p=7850"},"modified":"2021-12-03T10:07:25","modified_gmt":"2021-12-03T10:07:25","slug":"gyrozen-1236r","status":"publish","type":"product","link":"https:\/\/www.controltecnica.com\/bio\/producto\/gyrozen-1236r\/","title":{"rendered":"Gyrozen 1236R"},"content":{"rendered":"<p>[vc_row][vc_column width=\u00bb1\/2&#8243;][vc_column_text text_larger=\u00bbno\u00bb]<\/p>\n<table class=\"table-condensed table-striped\">\n<tbody class=\"row-hover\">\n<tr class=\"row-1 odd\">\n<td class=\"column-1\">M\u00e1x. RPM \/ RCF<\/td>\n<td class=\"column-2\">\u00c1ngulo fijo: 12.000 rpm \/16.582 xg<br \/>\nOscilante: 5.000 rpm \/ 5.394 xg<\/td>\n<\/tr>\n<tr class=\"row-2 even\">\n<td class=\"column-1\">M\u00e1x. Capacidad<\/td>\n<td class=\"column-2\">\u00c1ngulo fijo: 6 x 85 ml<br \/>\nOscilante: 4 x 250 ml<\/td>\n<\/tr>\n<tr class=\"row-3 odd\">\n<td class=\"column-1\">Temporizador<\/td>\n<td class=\"column-2\">Pulso, hasta 10h o continuo<\/td>\n<\/tr>\n<tr class=\"row-4 even\">\n<td class=\"column-1\">Rango de temperatura<\/td>\n<td class=\"column-2\">-20\u00baC a +40\u00baC<\/td>\n<\/tr>\n<tr class=\"row-5 odd\">\n<td class=\"column-1\">Funci\u00f3n \u00abFast Cool\u00bb<\/td>\n<td class=\"column-2\">S\u00ed<\/td>\n<\/tr>\n<tr class=\"row-6 even\">\n<td class=\"column-1\">Conversor RPM \/ RCF<\/td>\n<td class=\"column-2\">S\u00ed<\/td>\n<\/tr>\n<tr class=\"row-7 odd\">\n<td class=\"column-1\">Nivel de ruido<\/td>\n<td class=\"column-2\">\u2264 60dB<\/td>\n<\/tr>\n<tr class=\"row-8 even\">\n<td class=\"column-1\">Aceleraci\u00f3n \/ Deceleraci\u00f3n<\/td>\n<td class=\"column-2\">9 \/ 10 perfiles<\/td>\n<\/tr>\n<tr class=\"row-9 odd\">\n<td class=\"column-1\">N\u00ba programas en memoria<\/td>\n<td class=\"column-2\">100<\/td>\n<\/tr>\n<tr class=\"row-10 even\">\n<td class=\"column-1\">Detecci\u00f3n autom\u00e1tica del rotor<\/td>\n<td class=\"column-2\">S\u00ed<\/td>\n<\/tr>\n<tr class=\"row-11 odd\">\n<td class=\"column-1\">Deteccion de desequilibrio<\/td>\n<td class=\"column-2\">S\u00ed<\/td>\n<\/tr>\n<tr class=\"row-12 even\">\n<td class=\"column-1\">Display<\/td>\n<td class=\"column-2\">LCD fondo azul<\/td>\n<\/tr>\n<tr class=\"row-13 odd\">\n<td class=\"column-1\">Cierre de seguridad<\/td>\n<td class=\"column-2\">S\u00ed<\/td>\n<\/tr>\n<tr class=\"row-14 even\">\n<td class=\"column-1\">Seguridad ante caida de la puerta<\/td>\n<td class=\"column-2\">S\u00ed<\/td>\n<\/tr>\n<tr class=\"row-15 odd\">\n<td class=\"column-1\">Apertura autom\u00e1tica de la puerta<\/td>\n<td class=\"column-2\">S\u00ed<\/td>\n<\/tr>\n<tr class=\"row-16 even\">\n<td class=\"column-1\">Correcci\u00f3n del radio<\/td>\n<td class=\"column-2\">S\u00ed<\/td>\n<\/tr>\n<tr class=\"row-17 odd\">\n<td class=\"column-1\">Alimentaci\u00f3n<\/td>\n<td class=\"column-2\">220V \/ 50-60Hz<\/td>\n<\/tr>\n<tr class=\"row-18 even\">\n<td class=\"column-1\">Dimensiones (an x fon x al)<\/td>\n<td class=\"column-2\">475 x 600 x 840 mm<\/td>\n<\/tr>\n<tr class=\"row-19 odd\">\n<td class=\"column-1\">Peso (sin rotor)<\/td>\n<td class=\"column-2\">110 Kg<\/td>\n<\/tr>\n<tr class=\"row-20 even\">\n<td class=\"column-1\">Marcado CE<\/td>\n<td class=\"column-2\">S\u00ed<\/td>\n<\/tr>\n<\/tbody>\n<\/table>\n<p>[\/vc_column_text][\/vc_column][vc_column width=\u00bb1\/2&#8243;]\n<div class=\"wpcf7 no-js\" id=\"wpcf7-f7-o1\" lang=\"es-ES\" dir=\"ltr\" data-wpcf7-id=\"7\">\n<div class=\"screen-reader-response\"><p role=\"status\" aria-live=\"polite\" aria-atomic=\"true\"><\/p> <ul><\/ul><\/div>\n<form action=\"\/bio\/wp-json\/wp\/v2\/product\/7850#wpcf7-f7-o1\" method=\"post\" class=\"wpcf7-form init\" aria-label=\"Formulario de contacto\" novalidate=\"novalidate\" data-status=\"init\">\n<fieldset class=\"hidden-fields-container\"><input type=\"hidden\" name=\"_wpcf7\" value=\"7\" \/><input type=\"hidden\" name=\"_wpcf7_version\" value=\"6.1.5\" \/><input type=\"hidden\" name=\"_wpcf7_locale\" value=\"es_ES\" \/><input type=\"hidden\" name=\"_wpcf7_unit_tag\" value=\"wpcf7-f7-o1\" \/><input type=\"hidden\" name=\"_wpcf7_container_post\" value=\"0\" \/><input type=\"hidden\" name=\"_wpcf7_posted_data_hash\" value=\"\" \/><input type=\"hidden\" name=\"_wpcf7_recaptcha_response\" value=\"\" \/>\n<\/fieldset>\n<div style=\"color:#e30614;font-weight:600;font-size:30px;margin-bottom:10px;\">\n\t<p>\u00bfPodemos ayudarte?\n\t<\/p>\n<\/div>\n<div class=\"row\">\n\t<div class=\"col-md-6\" style='margin-bottom:20px;'>\n\t\t<p><label>Nombre y Apellidos*<\/label><span class=\"wpcf7-form-control-wrap\" data-name=\"your-name\"><input size=\"40\" maxlength=\"400\" class=\"wpcf7-form-control wpcf7-text wpcf7-validates-as-required\" aria-required=\"true\" aria-invalid=\"false\" value=\"\" type=\"text\" name=\"your-name\" \/><\/span>\n\t\t<\/p>\n\t<\/div>\n\t<div class=\"col-md-6\" style='margin-bottom:20px;'>\n\t\t<p><label>Empresa\/Univ\/Hosp*<\/label><span class=\"wpcf7-form-control-wrap\" data-name=\"your-job\"><input size=\"40\" maxlength=\"400\" class=\"wpcf7-form-control wpcf7-text wpcf7-validates-as-required\" aria-required=\"true\" aria-invalid=\"false\" value=\"\" type=\"text\" name=\"your-job\" \/><\/span>\n\t\t<\/p>\n\t<\/div>\n<\/div>\n<div class=\"row\">\n\t<div class=\"col-md-6\" style='margin-bottom:20px;'>\n\t\t<p><label>Email*<\/label><span class=\"wpcf7-form-control-wrap\" data-name=\"your-email\"><input size=\"40\" maxlength=\"400\" class=\"wpcf7-form-control wpcf7-email wpcf7-validates-as-required wpcf7-text wpcf7-validates-as-email\" aria-required=\"true\" aria-invalid=\"false\" value=\"\" type=\"email\" name=\"your-email\" \/><\/span>\n\t\t<\/p>\n\t<\/div>\n\t<div class=\"col-md-6\" style='margin-bottom:20px;'>\n\t\t<p><label>Tel\u00e9fono*<\/label><span class=\"wpcf7-form-control-wrap\" data-name=\"your-number\"><input size=\"40\" maxlength=\"400\" class=\"wpcf7-form-control wpcf7-text wpcf7-validates-as-required\" aria-required=\"true\" aria-invalid=\"false\" value=\"\" type=\"text\" name=\"your-number\" \/><\/span>\n\t\t<\/p>\n\t<\/div>\n<\/div>\n<p><label>\u00bfEn qu\u00e9 est\u00e1s interesado?<\/label><span class=\"wpcf7-form-control-wrap\" data-name=\"your-message\"><textarea cols=\"40\" rows=\"10\" maxlength=\"2000\" class=\"wpcf7-form-control wpcf7-textarea\" aria-invalid=\"false\" name=\"your-message\"><\/textarea><\/span>\n<\/p>\n<p><span class=\"wpcf7-form-control-wrap\" data-name=\"acceptance-412\"><span class=\"wpcf7-form-control wpcf7-acceptance\"><span class=\"wpcf7-list-item\"><label><input type=\"checkbox\" name=\"acceptance-412\" value=\"1\" aria-invalid=\"false\" \/><span class=\"wpcf7-list-item-label\">He le\u00eddo y acepto la <a href=\"https:\/\/www.controltecnica.com\/bio\/privacidad\" target=\"_blank\">pol\u00edtica de privacidad<\/a><\/span><\/label><\/span><\/span><\/span><br \/>\n<span class=\"wpcf7-form-control-wrap\" data-name=\"acceptance-581\"><span class=\"wpcf7-form-control wpcf7-acceptance optional\"><span class=\"wpcf7-list-item\"><label><input type=\"checkbox\" name=\"acceptance-581\" value=\"1\" aria-invalid=\"false\" \/><span class=\"wpcf7-list-item-label\">Acepto recibir informaci\u00f3n comercial de CONTROLTECNICA<\/span><\/label><\/span><\/span><\/span>\n<\/p>\n<p><input class=\"wpcf7-form-control wpcf7-submit has-spinner btn-size-large btn btn-color-primary\" type=\"submit\" value=\"ENVIAR MENSAJE\" \/>\n<\/p><div class=\"wpcf7-response-output\" aria-hidden=\"true\"><\/div>\n<\/form>\n<\/div>\n[\/vc_column][\/vc_row]<\/p>\n","protected":false},"excerpt":{"rendered":"<p><strong>Gyrozen 1236R \u2013 Centrifuga refrigerada de suelo<\/strong><\/p>\n<p>La serie Gyrozen\u00a0comprende un amplio rango de modelos de centrifugas para todo tipo de aplicaciones, desde las separaciones m\u00e1s simples hasta la secuenciaci\u00f3n, con esta gama usted podr\u00e1 encontrar la centrifuga ideal y los accesorios para sus necesidades diarias y sus programas de investigaci\u00f3n a una relaci\u00f3n calidad-precio inmejorable.<\/p>\n<p>La centr\u00edfuga Gyrozen 1236R es una centr\u00edfuga refrigerada multiproposito\u00a0<strong>de alta flexibilidad y muy compacta<\/strong>.\u00a0Esta nueva centrifuga refrigerada es adecuada para la realizaci\u00f3n de protocolos que requieran la centrifugaci\u00f3n de muestras a bajas temperaturas, esta disponible en version de suelo ( para laboratorios con poco espacio ) y se trata de una centrifuga multiuso o de aplicacion universal ya que:<\/p>\n<ul>\n<li>Es de\u00a0<strong>capacidad media-alta en rotor oscilante<\/strong>\u00a0de baja velocidad , por su elevado numero de tubos que es capaz de procesar en su rotor oscilante hasta las 4000 rpm los 4 x contenedores o buckets rectangulares de 250 ml con una amplia gama de portatubos autoclavables , tambien buckets para microplacas con capacidad hasta 16 microplacas ( o 4 deepwell ) tambien a 4000 rpm \u00a0completan y cubren un mayor de aplicaciones de centrifugacion.<\/li>\n<li>Es de\u00a0<strong>alta velocidad en rotores fijos<\/strong>\u00a0para las separaciones exigentes, ya que alcanza con rotores de angulo fijo de 6 x 100 ml 10.000 rpm , \u00a08 x 50 ml a 12000 rpm,etc..<\/li>\n<\/ul>\n<p>Estas prestaciones convierten a esta centrifuga en una\u00a0<strong>herramienta de aplicaci\u00f3n universal<\/strong>\u00a0en el trabajo diario del laboratorio.<\/p>\n<p><strong>Una centr\u00edfuga\u00a0de suelo con ruedas para situar \u201cbajo mesa\u201c , para laboratorios con poco espacio:<\/strong><\/p>\n<ul>\n<li>El equipo de suelo incorpora el sistema de refrigeraci\u00f3n integrado en su parte inferior, alojado en un mueble dotado de robustas ruedas con freno.<\/li>\n<li>Un elegante dise\u00f1o curvado del acabado exterior de la centrifuga y su estudiada altura aseguran una comoda carga y descarga de las muestras asi como una facil limpieza del equipo. Unas dimensiones exteriores compactas conducen a una centrifuga que permite optimizar el espacio disponible en el laboratorio.<\/li>\n<\/ul>\n<p><strong>Cierre de la tapa motorizado<\/strong><\/p>\n<ul>\n<li>Puerta motorizada para apertura y cierre de forma completamente suave y sin esfuerzo.<\/li>\n<\/ul>\n<p><strong>Silenciosa:<\/strong><\/p>\n<ul>\n<li>El dise\u00f1o innovador del enfriamiento por aire , con un cuidadoso estudio del flujo del aire, reduce las fricciones de giro, con que el calentamiento del motor y los ruidos se minimizan, resultando en una centrifuga muy silenciosa &lt; 60 dBA<\/li>\n<li>Ademas, la estructura de tapa superior esta compuesta por 3 capas o laminas, dos de ABS y una intermedia de acero, que reduce el ruido, el calor y aumenta la seguridad.<\/li>\n<\/ul>\n<p><strong>Versatilidad incomparable:<\/strong><\/p>\n<ul>\n<li>Amplia gama de rotores y buckets intercambiables<\/li>\n<li>Rotores autoclavables libres de corrosi\u00f3n<\/li>\n<\/ul>\n<p><strong>Motor de inducci\u00f3n:<\/strong><\/p>\n<ul>\n<li>Posee un accionamiento de inducci\u00f3n, controlado por frecuencias, esto significa unos centrifugados silenciosos y suaves, mientras los tiempos de aceleraci\u00f3n y frenado son cortos. El accionamiento no necesita mantenimiento. Queda suprimida la engorrosa sustituci\u00f3n de las escobillas de carb\u00f3n y la formaci\u00f3n de polvo.<\/li>\n<li>Centrifugaciones suaves y reproducibles d\u00eda tras d\u00eda durante toda la vida del equipo.<\/li>\n<\/ul>\n<p><strong>Deteccion autom\u00e1tica del rotor:<\/strong><\/p>\n<ul>\n<li>Identifica el rotor utilizado y le asigna los par\u00e1metros individuales correspondientes. Sistema de detecci\u00f3n autom\u00e1tica del cabezal; asegura que la velocidad programada sea siempre correcta para el cabezal utilizado.<\/li>\n<li>El reconocimiento autom\u00e1tico del rotor ofrece protecci\u00f3n contra par\u00e1metros incorrectos y asegura condiciones reproducibles.<\/li>\n<\/ul>\n<p><strong>Triple sistema de alarma desequilibrio o imbalance, sobre-calentamiento y sobre-velocidad:<\/strong><\/p>\n<ul>\n<li>Provista de sistemas de seguridad para el usuario, la muestra y el entorno, esta centrifuga permiten preparar la muestra para m\u00faltiples aplicaciones posteriores de una manera fiable y eficaz.<\/li>\n<li>No s\u00f3lo detecta una carga inicial inapropiada, sino que detecta tambi\u00e9n durante la centrifugaci\u00f3n cualquier desequilibrio o imbalance, que pueda haberse producido. (por ejemplo la rotura de un tubo), sobre-calentamiento y sobre-velocidad.<\/li>\n<li>Camara interior de acero inoxidable. Carcasa exterior de alta calidad pintada con un recubrimiento resistente a ara\u00f1azos.<\/li>\n<li>Posee un\u00a0<strong>cierre y bloqueo autom\u00e1tico de la tapa<\/strong>, cumpliendo todas las exigencias internacionales de seguridad. El sistema de cierre de seguridad de la tapa de la centrifuga se ensaya con el test de destrucci\u00f3n. Sistema de apertura de emergencia de la tapa, \u00fatil en caso de cortes el\u00e9ctricos para extraer las muestras. Apertura autom\u00e1tica de la puerta al finalizar la centrifugaci\u00f3n. La tapa se abre de forma autom\u00e1tica al finalizar el proceso de centrifugaci\u00f3n, permitiendo por ejemplo una r\u00e1pida extracci\u00f3n de las muestras.<\/li>\n<\/ul>\n<p><strong>Version refrigerada:<br \/>\n<\/strong><\/p>\n<ul>\n<li>Este modelo viene refrigerado para su utilizaci\u00f3n en muestras que necesiten de este proceso o la aplicaci\u00f3n seleccionada.<\/li>\n<li>Refrigeraci\u00f3n libre de CFC con intervalo operativo \u201320 \u00baC hasta 40 \u00baC. Gracias a que posee un potente sistema de refrigeraci\u00f3n, el tiempo necesario para alcanzar la temperatura deseada es mucho menor que con otras centrifugas del mercado, con lo que la centrifuga esta antes lista para su uso<\/li>\n<li>Funci\u00f3n de pre-atemperamiento de la c\u00e1mara \u201cFast\u2013Cool\u201d: funci\u00f3n de pre-enfriamiento r\u00e1pido para preparaci\u00f3n del rotor y de la c\u00e1mara de modo que alcancen r\u00e1pidamente la temperatura seleccionada (atemperaci\u00f3n previa a la centrifugaci\u00f3n con las muestras). Alcanza 4\u00baC en menos de 10 minutos desde una\u00a0temperatura ambiente de 23\u00baC.<\/li>\n<li>Respetuosa con el medio ambiente El gas refrigerante empleado es respetuoso con el medio ambiente al estar libre de CFC.<\/li>\n<\/ul>\n","protected":false},"featured_media":7851,"template":"","meta":{"iawp_total_views":16},"product_brand":[],"product_cat":[40],"product_tag":[],"class_list":{"0":"post-7850","1":"product","2":"type-product","3":"status-publish","4":"has-post-thumbnail","6":"product_cat-centrifugas-multiproposito","8":"first","9":"instock","10":"shipping-taxable","11":"product-type-simple"},"_links":{"self":[{"href":"https:\/\/www.controltecnica.com\/bio\/wp-json\/wp\/v2\/product\/7850","targetHints":{"allow":["GET"]}}],"collection":[{"href":"https:\/\/www.controltecnica.com\/bio\/wp-json\/wp\/v2\/product"}],"about":[{"href":"https:\/\/www.controltecnica.com\/bio\/wp-json\/wp\/v2\/types\/product"}],"wp:featuredmedia":[{"embeddable":true,"href":"https:\/\/www.controltecnica.com\/bio\/wp-json\/wp\/v2\/media\/7851"}],"wp:attachment":[{"href":"https:\/\/www.controltecnica.com\/bio\/wp-json\/wp\/v2\/media?parent=7850"}],"wp:term":[{"taxonomy":"product_brand","embeddable":true,"href":"https:\/\/www.controltecnica.com\/bio\/wp-json\/wp\/v2\/product_brand?post=7850"},{"taxonomy":"product_cat","embeddable":true,"href":"https:\/\/www.controltecnica.com\/bio\/wp-json\/wp\/v2\/product_cat?post=7850"},{"taxonomy":"product_tag","embeddable":true,"href":"https:\/\/www.controltecnica.com\/bio\/wp-json\/wp\/v2\/product_tag?post=7850"}],"curies":[{"name":"wp","href":"https:\/\/api.w.org\/{rel}","templated":true}]}}