{"id":7847,"date":"2021-12-02T09:46:57","date_gmt":"2021-12-02T09:46:57","guid":{"rendered":"https:\/\/www.controltecnica.com\/bio\/?post_type=product&#038;p=7847"},"modified":"2021-12-03T10:04:16","modified_gmt":"2021-12-03T10:04:16","slug":"gyrozen-1248-r","status":"publish","type":"product","link":"https:\/\/www.controltecnica.com\/bio\/producto\/gyrozen-1248-r\/","title":{"rendered":"Gyrozen 1248 R"},"content":{"rendered":"<p>[vc_row][vc_column width=\u00bb1\/2&#8243;][vc_column_text text_larger=\u00bbno\u00bb]<\/p>\n<table class=\"table-condensed table-striped\">\n<tbody class=\"row-hover\">\n<tr class=\"row-1 odd\">\n<td class=\"column-1\">M\u00e1x. RPM \/ RCF<\/td>\n<td class=\"column-2\">\u00c1ngulo fijo: 12.000 rpm \/16.582 xg<br \/>\nOscilante: 5.000 rpm \/ 5.394 xg<\/td>\n<\/tr>\n<tr class=\"row-2 even\">\n<td class=\"column-1\">M\u00e1x. Capacidad<\/td>\n<td class=\"column-2\">\u00c1ngulo fijo: 6 x 85 ml<br \/>\nOscilante: 4 x 250 ml<\/td>\n<\/tr>\n<tr class=\"row-3 odd\">\n<td class=\"column-1\">Temporizador<\/td>\n<td class=\"column-2\">Pulso, hasta 10h o continuo<\/td>\n<\/tr>\n<tr class=\"row-4 even\">\n<td class=\"column-1\">Rango de temperatura<\/td>\n<td class=\"column-2\">-20\u00baC a +40\u00baC<\/td>\n<\/tr>\n<tr class=\"row-5 odd\">\n<td class=\"column-1\">Conversor RPM \/ RCF<\/td>\n<td class=\"column-2\">S\u00ed<\/td>\n<\/tr>\n<tr class=\"row-6 even\">\n<td class=\"column-1\">Nivel de ruido<\/td>\n<td class=\"column-2\">\u2264 60dB<\/td>\n<\/tr>\n<tr class=\"row-7 odd\">\n<td class=\"column-1\">Aceleraci\u00f3n \/ Deceleraci\u00f3n<\/td>\n<td class=\"column-2\">9 \/ 10 perfiles<\/td>\n<\/tr>\n<tr class=\"row-8 even\">\n<td class=\"column-1\">N\u00ba programas en memoria<\/td>\n<td class=\"column-2\">100<\/td>\n<\/tr>\n<tr class=\"row-9 odd\">\n<td class=\"column-1\">Detecci\u00f3n autom\u00e1tica del rotor<\/td>\n<td class=\"column-2\">S\u00ed<\/td>\n<\/tr>\n<tr class=\"row-10 even\">\n<td class=\"column-1\">Deteccion de desequilibrio<\/td>\n<td class=\"column-2\">S\u00ed<\/td>\n<\/tr>\n<tr class=\"row-11 odd\">\n<td class=\"column-1\">Display<\/td>\n<td class=\"column-2\">LCD fondo azul<\/td>\n<\/tr>\n<tr class=\"row-12 even\">\n<td class=\"column-1\">Cierre de seguridad<\/td>\n<td class=\"column-2\">S\u00ed<\/td>\n<\/tr>\n<tr class=\"row-13 odd\">\n<td class=\"column-1\">Seguridad ante caida de la puerta<\/td>\n<td class=\"column-2\">S\u00ed<\/td>\n<\/tr>\n<tr class=\"row-14 even\">\n<td class=\"column-1\">Apertura autom\u00e1tica de la puerta<\/td>\n<td class=\"column-2\">S\u00ed<\/td>\n<\/tr>\n<tr class=\"row-15 odd\">\n<td class=\"column-1\">Correcci\u00f3n del radio<\/td>\n<td class=\"column-2\">S\u00ed<\/td>\n<\/tr>\n<tr class=\"row-16 even\">\n<td class=\"column-1\">Alimentaci\u00f3n<\/td>\n<td class=\"column-2\">220V \/ 50-60Hz<\/td>\n<\/tr>\n<tr class=\"row-17 odd\">\n<td class=\"column-1\">Dimensiones (an x fon x al)<\/td>\n<td class=\"column-2\">665 x 620 x 357 mm<\/td>\n<\/tr>\n<tr class=\"row-18 even\">\n<td class=\"column-1\">Peso (sin rotor)<\/td>\n<td class=\"column-2\">78 Kg<\/td>\n<\/tr>\n<tr class=\"row-19 odd\">\n<td class=\"column-1\">Marcado CE<\/td>\n<td class=\"column-2\">S\u00ed<\/td>\n<\/tr>\n<\/tbody>\n<\/table>\n<p>[\/vc_column_text][\/vc_column][vc_column width=\u00bb1\/2&#8243;]\n<div class=\"wpcf7 no-js\" id=\"wpcf7-f7-o1\" lang=\"es-ES\" dir=\"ltr\" data-wpcf7-id=\"7\">\n<div class=\"screen-reader-response\"><p role=\"status\" aria-live=\"polite\" aria-atomic=\"true\"><\/p> <ul><\/ul><\/div>\n<form action=\"\/bio\/wp-json\/wp\/v2\/product\/7847#wpcf7-f7-o1\" method=\"post\" class=\"wpcf7-form init\" aria-label=\"Formulario de contacto\" novalidate=\"novalidate\" data-status=\"init\">\n<fieldset class=\"hidden-fields-container\"><input type=\"hidden\" name=\"_wpcf7\" value=\"7\" \/><input type=\"hidden\" name=\"_wpcf7_version\" value=\"6.1.5\" \/><input type=\"hidden\" name=\"_wpcf7_locale\" value=\"es_ES\" \/><input type=\"hidden\" name=\"_wpcf7_unit_tag\" value=\"wpcf7-f7-o1\" \/><input type=\"hidden\" name=\"_wpcf7_container_post\" value=\"0\" \/><input type=\"hidden\" name=\"_wpcf7_posted_data_hash\" value=\"\" \/><input type=\"hidden\" name=\"_wpcf7_recaptcha_response\" value=\"\" \/>\n<\/fieldset>\n<div style=\"color:#e30614;font-weight:600;font-size:30px;margin-bottom:10px;\">\n\t<p>\u00bfPodemos ayudarte?\n\t<\/p>\n<\/div>\n<div class=\"row\">\n\t<div class=\"col-md-6\" style='margin-bottom:20px;'>\n\t\t<p><label>Nombre y Apellidos*<\/label><span class=\"wpcf7-form-control-wrap\" data-name=\"your-name\"><input size=\"40\" maxlength=\"400\" class=\"wpcf7-form-control wpcf7-text wpcf7-validates-as-required\" aria-required=\"true\" aria-invalid=\"false\" value=\"\" type=\"text\" name=\"your-name\" \/><\/span>\n\t\t<\/p>\n\t<\/div>\n\t<div class=\"col-md-6\" style='margin-bottom:20px;'>\n\t\t<p><label>Empresa\/Univ\/Hosp*<\/label><span class=\"wpcf7-form-control-wrap\" data-name=\"your-job\"><input size=\"40\" maxlength=\"400\" class=\"wpcf7-form-control wpcf7-text wpcf7-validates-as-required\" aria-required=\"true\" aria-invalid=\"false\" value=\"\" type=\"text\" name=\"your-job\" \/><\/span>\n\t\t<\/p>\n\t<\/div>\n<\/div>\n<div class=\"row\">\n\t<div class=\"col-md-6\" style='margin-bottom:20px;'>\n\t\t<p><label>Email*<\/label><span class=\"wpcf7-form-control-wrap\" data-name=\"your-email\"><input size=\"40\" maxlength=\"400\" class=\"wpcf7-form-control wpcf7-email wpcf7-validates-as-required wpcf7-text wpcf7-validates-as-email\" aria-required=\"true\" aria-invalid=\"false\" value=\"\" type=\"email\" name=\"your-email\" \/><\/span>\n\t\t<\/p>\n\t<\/div>\n\t<div class=\"col-md-6\" style='margin-bottom:20px;'>\n\t\t<p><label>Tel\u00e9fono*<\/label><span class=\"wpcf7-form-control-wrap\" data-name=\"your-number\"><input size=\"40\" maxlength=\"400\" class=\"wpcf7-form-control wpcf7-text wpcf7-validates-as-required\" aria-required=\"true\" aria-invalid=\"false\" value=\"\" type=\"text\" name=\"your-number\" \/><\/span>\n\t\t<\/p>\n\t<\/div>\n<\/div>\n<p><label>\u00bfEn qu\u00e9 est\u00e1s interesado?<\/label><span class=\"wpcf7-form-control-wrap\" data-name=\"your-message\"><textarea cols=\"40\" rows=\"10\" maxlength=\"2000\" class=\"wpcf7-form-control wpcf7-textarea\" aria-invalid=\"false\" name=\"your-message\"><\/textarea><\/span>\n<\/p>\n<p><span class=\"wpcf7-form-control-wrap\" data-name=\"acceptance-412\"><span class=\"wpcf7-form-control wpcf7-acceptance\"><span class=\"wpcf7-list-item\"><label><input type=\"checkbox\" name=\"acceptance-412\" value=\"1\" aria-invalid=\"false\" \/><span class=\"wpcf7-list-item-label\">He le\u00eddo y acepto la <a href=\"https:\/\/www.controltecnica.com\/bio\/privacidad\" target=\"_blank\">pol\u00edtica de privacidad<\/a><\/span><\/label><\/span><\/span><\/span><br \/>\n<span class=\"wpcf7-form-control-wrap\" data-name=\"acceptance-581\"><span class=\"wpcf7-form-control wpcf7-acceptance optional\"><span class=\"wpcf7-list-item\"><label><input type=\"checkbox\" name=\"acceptance-581\" value=\"1\" aria-invalid=\"false\" \/><span class=\"wpcf7-list-item-label\">Acepto recibir informaci\u00f3n comercial de CONTROLTECNICA<\/span><\/label><\/span><\/span><\/span>\n<\/p>\n<p><input class=\"wpcf7-form-control wpcf7-submit has-spinner btn-size-large btn btn-color-primary\" type=\"submit\" value=\"ENVIAR MENSAJE\" \/>\n<\/p><div class=\"wpcf7-response-output\" aria-hidden=\"true\"><\/div>\n<\/form>\n<\/div>\n[\/vc_column][\/vc_row]<\/p>\n","protected":false},"excerpt":{"rendered":"<p><strong>Gyrozen 1248R \u2013 CENTR\u00cdFUGA DE SOBREMESA REFRIGERADA<\/strong><\/p>\n<p>Centrifuga de sobremesa refrigerada controlada por microprocesador con capacidad de 1L (4 x 250) y que alcanza velocidades de hasta 12.000 r.p.m.<\/p>\n<p>Identifica autom\u00e1ticamente el rotor para una operaci\u00f3n m\u00e1s sencilla y segura y muestra los datos en su display LCD. Puede memorizar hasta 100 programas (velocidad, tiempo, temperatura, aceleraci\u00f3n y frenado) para facilitar su uso.<\/p>\n<p>Las juntas de los buckets de esta centr\u00edfuga vienen selladas para prevenir los aerosoles biol\u00f3gicos y aumentar la seguridad.<\/p>\n<p><strong>Resumen Caracter\u00edsticas:<\/strong><\/p>\n<ul>\n<li>Capacidad maxima: 4 x 250 ml<\/li>\n<li>Velocidad m\u00e1x.rotor fijo 12.000 rpm \/ 16582 x g<\/li>\n<li>Velocidad max. rotor oscilante 4.000 rpm \/ 3134 x g<\/li>\n<li>Temporizador hasta 99 min 59 s o continuo o modo pulso.<\/li>\n<li>Accionamiento por motor de inducci\u00f3n sin necesidad de mantenimiento.<\/li>\n<li>Puerta motorizada para apertura y cierre de forma completamente suave y sin esfuerzo.<\/li>\n<li>Detecci\u00f3n autom\u00e1tica del rotor, que protege el equipo contra un uso inapropiado.<\/li>\n<li>Funci\u00f3n\u00a0<strong>FAST COOL<\/strong>, que hace posible alcanzar 4\u00baC en tan s\u00f3lo 5 minutos.<\/li>\n<li>Funci\u00f3n \u201cCompressor-OFF\u201d: que minimiza el enfriamiento durante la apertura de la tapa para evitar escarcha y \u00f3xidos.<\/li>\n<li>Reconoce autom\u00e1ticamente el rotor colocado.<\/li>\n<li>Control por microprocesador, panel con pantalla digital y teclas de membrana<\/li>\n<li>Memoria para 100 protocolos distintos de centrifugaci\u00f3n<\/li>\n<li>Programaci\u00f3n de las rampas de aceleraci\u00f3n (9 niveles) y frenado (10 niveles)<\/li>\n<li>Incorpora sistemas avanzados de seguridad y autodiagn\u00f3stico.<\/li>\n<\/ul>\n","protected":false},"featured_media":7848,"template":"","meta":{"iawp_total_views":113},"product_brand":[],"product_cat":[40],"product_tag":[],"class_list":{"0":"post-7847","1":"product","2":"type-product","3":"status-publish","4":"has-post-thumbnail","6":"product_cat-centrifugas-multiproposito","8":"first","9":"instock","10":"shipping-taxable","11":"product-type-simple"},"_links":{"self":[{"href":"https:\/\/www.controltecnica.com\/bio\/wp-json\/wp\/v2\/product\/7847","targetHints":{"allow":["GET"]}}],"collection":[{"href":"https:\/\/www.controltecnica.com\/bio\/wp-json\/wp\/v2\/product"}],"about":[{"href":"https:\/\/www.controltecnica.com\/bio\/wp-json\/wp\/v2\/types\/product"}],"wp:featuredmedia":[{"embeddable":true,"href":"https:\/\/www.controltecnica.com\/bio\/wp-json\/wp\/v2\/media\/7848"}],"wp:attachment":[{"href":"https:\/\/www.controltecnica.com\/bio\/wp-json\/wp\/v2\/media?parent=7847"}],"wp:term":[{"taxonomy":"product_brand","embeddable":true,"href":"https:\/\/www.controltecnica.com\/bio\/wp-json\/wp\/v2\/product_brand?post=7847"},{"taxonomy":"product_cat","embeddable":true,"href":"https:\/\/www.controltecnica.com\/bio\/wp-json\/wp\/v2\/product_cat?post=7847"},{"taxonomy":"product_tag","embeddable":true,"href":"https:\/\/www.controltecnica.com\/bio\/wp-json\/wp\/v2\/product_tag?post=7847"}],"curies":[{"name":"wp","href":"https:\/\/api.w.org\/{rel}","templated":true}]}}